{"id":8336,"date":"2023-10-05T17:09:07","date_gmt":"2023-10-05T15:09:07","guid":{"rendered":"https:\/\/ranqer.com\/?page_id=8336"},"modified":"2024-04-18T15:06:12","modified_gmt":"2024-04-18T13:06:12","slug":"jaka-jest-prawidlowa-pozycja-siedzenia-w-fotelu","status":"publish","type":"page","link":"https:\/\/www.ranqer.com\/pl\/jaka-jest-prawidlowa-pozycja-siedzenia-w-fotelu\/","title":{"rendered":"Blog &#8211; What is the correct sitting position for a gaming chair?"},"content":{"rendered":"\n<div class=\"wp-block-columns is-layout-flex wp-container-core-columns-is-layout-9d6595d7 wp-block-columns-is-layout-flex\">\n<div class=\"wp-block-column is-layout-flow wp-block-column-is-layout-flow\" style=\"flex-basis:100%\"><\/div>\n<\/div>\n\n\n<div class=\"section--full-width-image wf-section\">\n    \n    <div class=\"full-width-image__image-wrapper\">\n        <img decoding=\"async\" src=\"https:\/\/www.ranqer.com\/wp-content\/uploads\/2022\/06\/Juiste-houding-voor-een-gamestoel-2.jpg\" loading=\"lazy\" sizes=\"100vw\" alt=\"\" class=\"full-width-image__img\">\n    <\/div>\n\n            <img decoding=\"async\" src=\"https:\/\/www.ranqer.com\/wp-content\/themes\/vallonic-ranqer\/dist\/images\/vallonic__ranqer-com__decoration__divider-02_2f72479f.png\" loading=\"lazy\" alt=\"\" class=\"full-width-image__bottom-divider\">\n    <\/div>\n\n\n<div class=\"section--double-p wf-section\">\n    <div class=\"container w-container\">\n        <div class=\"double-p__title-wrapper\">\n                            <h2 class=\"double-p__main-title is--large\">\n                                        Jaka jest prawid\u0142owa pozycja siedzenia w fotelu gamingowym?\n                <\/h2>\n\n                <h3 class=\"double-p__main-title is--sub\">\n                                        <strong class=\"double-p__main-title__orange\">Na co powinienem zwr\u00f3ci\u0107 uwag\u0119?<\/strong>\n                <\/h3>\n                    <\/div>\n                    <div class=\"double-p__grid\">\n                                    <div class=\"double-p__block\">\n                        <h3 class=\"generic-typography__sub-title bottom--15 top--0\"><\/h3>\n                                                    <p class=\"generic-typography__paragraph\">\n                                <p style=\"text-align: left;\">Fotel gamingowy to obecnie niezb\u0119dny element twojego zestawu do gier. Fotel gamingowy doskonale wp\u0142ywa na popraw\u0119 jako\u015bci rozgrywki. S\u0105 one projektowane tak, aby\u015b m\u00f3g\u0142 siedzie\u0107 przed konsol\u0105 przez d\u0142ugi czas, nie odczuwaj\u0105c b\u00f3lu w plecach ani karku.<\/p>\n<p style=\"text-align: left;\">Dobry fotel gamingowy zapewnia, \u017ce zawsze siedzisz we w\u0142a\u015bciwej pozycji, poniewa\u017c nieprawid\u0142owa postawa mo\u017ce prowadzi\u0107 do uraz\u00f3w. Ponadto fotele gamingowe doskonale sprawdzaj\u0105 si\u0119 r\u00f3wnie\u017c jako krzes\u0142a biurowe, zw\u0142aszcza w obecnych czasach, gdy cz\u0119sto pracujemy zdalnie. Nawet pracuj\u0105c w domu, wa\u017cne jest, aby siedzie\u0107 prawid\u0142owo na krze\u015ble.<\/p>\n<p style=\"text-align: left;\">Jaka jest prawid\u0142owa postawa w fotelu gamingowym i jak sprawi\u0107, aby wybra\u0107 odpowiedni? Dowiesz si\u0119 tego z tego bloga!<\/p>\n\n                            <\/p>\n                                            <\/div>\n                            <\/div>\n            <\/div>\n<\/div>\n\n\n<div class=\"section--double-p wf-section\">\n    <div class=\"container w-container\">\n        <div class=\"double-p__title-wrapper\">\n                            <h2 class=\"double-p__main-title\">\n                                        Dlaczego fotel gamingowy?\n                <\/h2>\n                    <\/div>\n                    <div class=\"double-p__grid\">\n                                    <div class=\"double-p__block\">\n                        <h3 class=\"generic-typography__sub-title bottom--15 top--0\"><\/h3>\n                                                    <p class=\"generic-typography__paragraph\"><!-- wp:paragraph --><\/p>\n<div class=\"group w-full text-token-text-primary border-b border-black\/10 gizmo:border-0 dark:border-gray-900\/50 gizmo:dark:border-0 bg-gray-50 gizmo:bg-transparent dark:bg-[#444654] gizmo:dark:bg-transparent\" data-testid=\"conversation-turn-551\">\n<div class=\"p-4 justify-center text-base md:gap-6 md:py-6 m-auto\">\n<div class=\"flex flex-1 gap-4 text-base mx-auto md:gap-6 gizmo:gap-3 gizmo:md:px-5 gizmo:lg:px-1 gizmo:xl:px-5 md:max-w-2xl lg:max-w-[38rem] gizmo:md:max-w-3xl gizmo:lg:max-w-[40rem] gizmo:xl:max-w-[48rem] xl:max-w-3xl }\">\n<div class=\"relative flex w-[calc(100%-50px)] flex-col gap-1 gizmo:w-full md:gap-3 lg:w-[calc(100%-115px)] agent-turn\">\n<div class=\"flex flex-grow flex-col gap-3 max-w-full\">\n<div class=\"min-h-[20px] flex flex-col items-start gap-3 whitespace-pre-wrap break-words overflow-x-auto\">\n<div class=\"markdown prose w-full break-words dark:prose-invert light\">\n<p class=\"generic-typography__paragraph\">Fotel gamingowy ma kilka zalet w por\u00f3wnaniu do zwyk\u0142ych krzese\u0142 biurowych. Po pierwsze, s\u0105 ergonomiczne. Oznacza to, \u017ce fotele mo\u017cna dostosowa\u0107 do okoliczno\u015bci i cezur ka\u017cdej osoby, co pozwala im dzia\u0142a\u0107 optymalnie. Dlaczego to jest wa\u017cne?<\/p>\n<p class=\"generic-typography__paragraph\">Ka\u017cdy ma inn\u0105 budow\u0119 cia\u0142a. Krzes\u0142o nierozwa\u017cne ergonomicznie mo\u017ce by\u0107 dobre dla jednej osoby, ale nie dla drugiej. Fotel gamingowy mo\u017cna dostosowa\u0107 w taki spos\u00f3b, \u017ce pasuje niemal idealnie do ka\u017cdego!<\/p>\n<p class=\"generic-typography__paragraph\">&nbsp;<\/p>\n<p class=\"generic-typography__paragraph\">Fotele gamingowe s\u0105 pokryte poduszkami, kt\u00f3re doskonale dopasowuj\u0105 si\u0119 do twojego cia\u0142a. Cz\u0119sto krzes\u0142a s\u0105 wyposa\u017cone w dodatkow\u0105 regulowan\u0105 poduszk\u0119 na kark i plecy. Mo\u017cna je dostosowa\u0107, aby zawsze siedzia\u0142o si\u0119 wygodnie, nawet je\u015bli przez d\u0142ugi czas zachowujesz t\u0119 sam\u0105 pozycj\u0119. Wygodne siedzenie przez ca\u0142y czas redukuje r\u00f3wnie\u017c stres. Je\u015bli jeste\u015b w trakcie emocjonuj\u0105cej gry lub masz d\u0142ugi dzie\u0144 pracy w domu, problemy z plecami lub karkiem mog\u0105 prowadzi\u0107 do stresu.<\/p>\n<p class=\"generic-typography__paragraph\">Chcesz dowiedzie\u0107 si\u0119 wi\u0119cej na temat fotela gamingowego jako krzes\u0142a biurowego? W\u00f3wczas zajrzyj do fotela Ranqer Felix Office. To idealne po\u0142\u0105czenie krzes\u0142a gamingowego i biurowego ze wzgl\u0119du na wszystkie jego funkcje.<\/p>\n<\/div>\n<\/div>\n<\/div>\n<div class=\"flex justify-between empty:hidden lg:block\">\n<div class=\"text-gray-400 flex self-end lg:self-center justify-center gizmo:lg:justify-start mt-2 gizmo:mt-0 visible lg:gap-1 lg:absolute lg:top-0 lg:translate-x-full lg:right-0 lg:mt-0 lg:pl-2 gap-2 md:gap-3\"><button class=\"flex ml-auto gizmo:ml-0 gap-2 items-center rounded-md p-1 text-xs gizmo:gap-1.5 gizmo:pl-0 dark:text-gray-400 dark:hover:bg-gray-700 dark:hover:text-gray-200 disabled:dark:hover:text-gray-400 hover:bg-gray-100 hover:text-gray-700\"><\/button><\/p>\n<div class=\"flex gap-1 gizmo:gap-3\"><\/div>\n<\/div>\n<\/div>\n<\/div>\n<\/div>\n<\/div>\n<\/div>\n<p class=\"generic-typography__paragraph\"><!-- \/wp:paragraph --><\/p>\n\n                                            <\/div>\n                            <\/div>\n            <\/div>\n<\/div>\n\n\n<div class=\"section--double-p wf-section\">\n    <div class=\"container w-container\">\n        <div class=\"double-p__title-wrapper\">\n                            <h2 class=\"double-p__main-title\">\n                                        Wa\u017cne aspekty krzes\u0142a gamingowego\n                <\/h2>\n                    <\/div>\n                    <div class=\"double-p__grid\">\n                                    <div class=\"double-p__block\">\n                        <h3 class=\"generic-typography__sub-title bottom--15 top--0\"><\/h3>\n                                                    <p class=\"generic-typography__paragraph\">Opr\u00f3cz ergonomii krzes\u0142a gamingowego istniej\u0105 inne aspekty, kt\u00f3re s\u0105 wa\u017cne dla dobrego krzes\u0142a gamingowego: wysoko\u015b\u0107 siedzenia, g\u0142\u0119boko\u015b\u0107 siedzenia i szeroko\u015b\u0107 siedzenia.<\/p>\n<p class=\"generic-typography__paragraph\">&nbsp;<\/p>\n<ul>\n<li>Wysoko\u015b\u0107 siedzenia: prawid\u0142owa wysoko\u015b\u0107 siedzenia naturalnie zale\u017cy od wzrostu osoby siedz\u0105cej na krze\u015ble. Istnieje tak\u017ce wiele innych czynnik\u00f3w, kt\u00f3re sprawiaj\u0105, \u017ce utrzymujesz prawid\u0142ow\u0105 wysoko\u015b\u0107 siedzenia. Powiniene\u015b by\u0107 w stanie usi\u0105\u015b\u0107 z plecami mocno przylegaj\u0105cymi do oparcia i jednocze\u015bnie umie\u015bci\u0107 obie stopy p\u0142asko na pod\u0142odze. Je\u015bli tak nie jest, dostosuj wysoko\u015b\u0107 krzes\u0142a.<\/li>\n<li>Upewnij si\u0119 r\u00f3wnie\u017c, \u017ce nadal jest miejsce mi\u0119dzy siedziskiem a g\u00f3rnymi nogami. Powiniene\u015b by\u0107 w stanie umie\u015bci\u0107 d\u0142onie pod g\u00f3rnymi nogami i dotkn\u0105\u0107 pod\u0142ogi, zachowuj\u0105c p\u0142askie stopy. Je\u015bli to niemo\u017cliwe, mo\u017ce to prowadzi\u0107 do uraz\u00f3w.<\/li>\n<li>Jeste\u015b bardzo wysoki i szukasz krzes\u0142a gamingowego, to zobacz Ranqer Felix, Felix Office, Performance lub Halo RGB.<\/li>\n<li>G\u0142\u0119boko\u015b\u0107 siedzenia: g\u0142\u0119boko\u015b\u0107 siedzenia ma wszystko wsp\u00f3lnego z tym, jak umieszczone s\u0105 g\u00f3rne nogi na krze\u015ble. Dobra g\u0142\u0119boko\u015b\u0107 siedzenia osi\u0105ga si\u0119 poprzez oparcie plec\u00f3w o oparcie i siadanie na ca\u0142ej g\u0142\u0119boko\u015bci. Ty\u0142 kolan nie powinien dotyka\u0107 przedniej cz\u0119\u015bci krzes\u0142a, powinna by\u0107 te\u017c niewielka przestrze\u0144 otwarta. Jeste\u015b niski i nie ma miejsca mi\u0119dzy tyln\u0105 stron\u0105 kolana a przedni\u0105 cz\u0119\u015bci\u0105 krzes\u0142a? W takim razie zobacz krzes\u0142a dla mniejszych os\u00f3b.<\/li>\n<li>Szeroko\u015b\u0107 siedzenia: Szeroko\u015b\u0107 bioder jest wa\u017cna dla szeroko\u015bci siedzenia. Je\u015bli mo\u017cesz wygodnie usi\u0105\u015b\u0107 na siedzeniu krzes\u0142a gamingowego, bez dotykania bok\u00f3w n\u00f3g pod\u0142okietnik\u00f3w, masz idealn\u0105 szeroko\u015b\u0107 siedzenia. Je\u015bli tak nie jest, zawsze mo\u017cesz zwr\u00f3ci\u0107 uwag\u0119 na Ranqer Performance, ten model jest jeszcze szerszy i ma maksymalne obci\u0105\u017cenie 200 kg.<\/li>\n<\/ul>\n<p class=\"generic-typography__paragraph\">Je\u015bli te trzy elementy nie s\u0105 odpowiednie, mo\u017ce to prowadzi\u0107 do uraz\u00f3w. Dlatego dok\u0142adnie przyjrzyj si\u0119 specyfikacjom krzes\u0142a, gdy zamierzasz si\u0119 go pozby\u0107. Upewnij si\u0119 tak\u017ce, \u017ce dostosowujesz krzes\u0142o, aby idealnie pasowa\u0142o do twojej sylwetki.<\/p>\n\n                                            <\/div>\n                            <\/div>\n            <\/div>\n<\/div>\n\n\n\n<div class=\"wp-block-group is-layout-flow wp-block-group-is-layout-flow\"><div class=\"section--double-p wf-section\">\n    <div class=\"container w-container\">\n        <div class=\"double-p__title-wrapper\">\n                            <h2 class=\"double-p__main-title\">\n                                        Wa\u017cne cz\u0119sci krzes\u0142a gamingowego\n                <\/h2>\n                    <\/div>\n                    <div class=\"double-p__grid\">\n                                    <div class=\"double-p__block\">\n                        <h3 class=\"generic-typography__sub-title bottom--15 top--0\"><\/h3>\n                                                    <p class=\"generic-typography__paragraph\">Krzes\u0142o gamingowe sk\u0142ada si\u0119 z wielu element\u00f3w. Istniej\u0105 jednak trzy cz\u0119\u015bci, kt\u00f3re decyduj\u0105 o tym, czy utrzymujesz w\u0142a\u015bciw\u0105 postaw\u0119: siedzisko, oparcie i pod\u0142okietniki.<\/p>\n<ol>\n<li><strong>Siedzisko<\/strong>: Jak wspomniano wcze\u015bniej, wa\u017cne jest, aby ty\u0142y kolan nie dotyka\u0142y przodu krzes\u0142a. Powinna istnie\u0107 niewielka wolna przestrze\u0144. Ponadto zawsze utrzymuj kolana w k\u0105cie 90\u00b0, co jest lepsze dla plec\u00f3w i n\u00f3g. Je\u015bli siedzisko jest zbyt d\u0142ugie, nie mo\u017cesz te\u017c postawi\u0107 st\u00f3p na pod\u0142odze. To z kolei jest istotne dla wysoko\u015bci siedziska.<\/li>\n<li><strong>Oparcie<\/strong>: Oparcie powinno idealnie dopasowa\u0107 si\u0119 do kr\u0119gos\u0142upa. W wi\u0119kszo\u015bci przypadk\u00f3w lekko wygi\u0119te oparcie zapewnia optymaln\u0105 pozycj\u0119 siedzenia. Wa\u017cne jest, aby ca\u0142y plecy dotyka\u0142y oparcia. W przypadku ergonomicznego krzes\u0142a gamingowego mo\u017cna to dostosowa\u0107 samodzielnie. W tym przypadku wybierz krzes\u0142o gamingowe z regulowanym oparciem lub z do\u0142\u0105czonymi poduszkami pod plecy i kark.<\/li>\n<li><strong>Pod\u0142okietniki<\/strong>: Ostatni\u0105 wa\u017cn\u0105 cz\u0119\u015bci\u0105 krzes\u0142a gamingowego s\u0105 pod\u0142okietniki. Powinny by\u0107 w stanie porusza\u0107 si\u0119 razem z Tob\u0105 przez ca\u0142\u0105 prac\u0119 lub gr\u0119. Powinny by\u0107 regulowane w g\u00f3r\u0119 i w d\u00f3\u0142 oraz chowane. Zwr\u00f3\u0107 uwag\u0119 r\u00f3wnie\u017c na d\u0142ugo\u015b\u0107 pod\u0142okietnik\u00f3w, powinny by\u0107 wystarczaj\u0105co d\u0142ugie i szerokie, aby \u0142okcie i przedramiona mog\u0142y na nich spoczywa\u0107 wygodnie, najlepiej pod k\u0105tem 90\u00b0. Idealna wysoko\u015b\u0107 pod\u0142okietnik\u00f3w to taka sama wysoko\u015b\u0107 jak biurko, przy kt\u00f3rym siedzisz. Je\u015bli wszystko jest w porz\u0105dku, unikniesz ryzyka dolegliwo\u015bci szyi, ramion i plec\u00f3w.<\/li>\n<\/ol>\n<p class=\"generic-typography__paragraph\">R\u00f3\u017cnic\u0119 stanowi\u0105 r\u00f3\u017cne rodzaje pod\u0142okietnik\u00f3w. Oto ich lista:<\/p>\n<ul>\n<li><strong>Pod\u0142okietnik 1D<\/strong>: Pod\u0142okietnik 1D jest regulowany tylko pod k\u0105tem wysoko\u015bci. Dzi\u0119ki niemu mo\u017cesz podtrzyma\u0107 r\u0119ce na w\u0142a\u015bciwej wysoko\u015bci, w k\u0105cie 90\u00b0.<\/li>\n<li><strong>Pod\u0142okietnik 2D<\/strong>: Pod\u0142okietnik 2D jest regulowany pod k\u0105tem wysoko\u015bci i szeroko\u015bci. Czy masz szerokie czy w\u0105skie korpus? Regulacja szeroko\u015bci pozwala na dostosowanie odleg\u0142o\u015bci pod\u0142okietnik\u00f3w od cia\u0142a.<\/li>\n<li><strong>Pod\u0142okietnik 3D<\/strong>: Pod\u0142okietnik 3D jest regulowany pod k\u0105tem wysoko\u015bci, szeroko\u015bci i g\u0142\u0119boko\u015bci. G\u00f3rna cz\u0119\u015b\u0107 pod\u0142okietnika mo\u017ce by\u0107 przesuwana do przodu lub do ty\u0142u. Pozwala to okre\u015bli\u0107 odleg\u0142o\u015b\u0107 pod\u0142okietnika od biurka, aby osi\u0105gn\u0105\u0107 ergonomiczn\u0105 pozycj\u0119 siedzenia.<\/li>\n<li><strong>Pod\u0142okietnik 4D<\/strong>: Pod\u0142okietnik 4D jest regulowany pod k\u0105tem wysoko\u015bci, szeroko\u015bci, g\u0142\u0119boko\u015bci i posiada obrotowy pod\u0142okietnik. Mo\u017cesz go obraca\u0107 wewn\u0119trznie podczas pisania lub na zewn\u0105trz podczas korzystania z myszy. W ten spos\u00f3b Tw\u00f3j rami\u0119 zawsze otrzymuje pe\u0142ne wsparcie.<\/li>\n<\/ul>\n\n                                            <\/div>\n                            <\/div>\n            <\/div>\n<\/div>\n<\/div>\n\n\n<div class=\"section--double-p wf-section\">\n    <div class=\"container w-container\">\n        <div class=\"double-p__title-wrapper\">\n                            <h2 class=\"double-p__main-title\">\n                                        Jaki jest najlepszy spos\u00f3b na siedzenie na krze\u015ble gamingowym?\n                <\/h2>\n                    <\/div>\n                    <div class=\"double-p__grid\">\n                                    <div class=\"double-p__block\">\n                        <h3 class=\"generic-typography__sub-title bottom--15 top--0\"><\/h3>\n                                                    <p class=\"generic-typography__paragraph\">W skr\u00f3cie: Upewnij si\u0119, \u017ce twoje stopy s\u0105 p\u0142asko oparte na pod\u0142odze. Ty\u0142kowe powinny nie dotyka\u0107 przodu krzes\u0142a. Upewnij si\u0119, \u017ce masz wystarczaj\u0105co du\u017co miejsca, aby swobodnie porusza\u0107 si\u0119 mi\u0119dzy oparciami.<\/p>\n<p class=\"generic-typography__paragraph\">Ca\u0142y tw\u00f3j kr\u0119gos\u0142up powinien przylega\u0107 do oparcia, a pod\u0142okietniki powinny by\u0107 dostosowane do odpowiedniej wysoko\u015bci. Je\u015bli wszystko jest w porz\u0105dku, minimalizujesz ryzyko b\u00f3l\u00f3w w szyi, ramionach i plecach.<\/p>\n<p class=\"generic-typography__paragraph\">Szukasz krzes\u0142a gamingowego, kt\u00f3re b\u0119dzie dla ciebie odpowiednie? Sprawd\u017a ca\u0142\u0105 gam\u0119 krzese\u0142 gamingowych od Ranqer!<\/p>\n\n                                            <\/div>\n                            <\/div>\n            <\/div>\n<\/div>\n\n\n<div class=\"section--dealers wf-section\" id=\"dealers\">\n    <div class=\"container w-container\">\n        <div class=\"dealers__description-grid\">\n            <div class=\"dealers__desc-column\">\n                <h2 class=\"generic-typography__section-title\">\n                                                                                ZAKUP <span class=\"collection__title__orange\"> TERAZ<\/span>\n                <\/h2>\n                <h3 class=\"generic-typography__sub-title bottom--15\">\n                    \n                <\/h3>\n                <p class=\"generic-typography__paragraph\">\n                    Wszystkie krzes\u0142a Ranqer s\u0105 wykonane z trwa\u0142ej, wysokiej jako\u015bci sk\u00f3ry PU, aby zagwarantowa\u0107 d\u0142ugotrwa\u0142o\u015b\u0107. Wszystkie posiadaj\u0105 mechanizm przechy\u0142u umo\u017cliwiaj\u0105cy regulacj\u0119 pozycji od pionowej do poziomej oraz regulacj\u0119 wysoko\u015bci. Krzes\u0142a do gier Ranqer posiadaj\u0105 r\u00f3wnie\u017c podstaw\u0119 z nylonu, co oznacza, \u017ce nie b\u0119dziesz rozpraszany d\u017awi\u0119kami skrzypi\u0105cymi, kt\u00f3re zazwyczaj wyst\u0119puj\u0105 przy metalowej podstawie. Ponadto, podstawa jest wyposa\u017cona w akcenty (w kolorze), kt\u00f3re r\u00f3wnie\u017c posiadaj\u0105 materia\u0142 antypo\u015blizgowy, na kt\u00f3rym mo\u017cna oprze\u0107 stopy.\n                <\/p>\n            <\/div>\n        <\/div>\n                    <div class=\"dealers__grid\">\n                                    <div class=\"dealers__single-dealer\">\n                        <a href=\"https:\/\/www.sbsupply.eu\/ranqer\" class=\"dealers__single__a w-inline-block\" target=\"_blank\" rel=\"noopener\">\n                            <img decoding=\"async\" src=\"https:\/\/www.ranqer.com\/wp-content\/uploads\/2021\/09\/sbsupply-logo-500x1000-1.png\" loading=\"lazy\" alt=\"\" class=\"dealers__single__logo-img\">\n                            <div class=\"dealers__single__details\">\n                                                            <div class=\"dealers__single__countries\">\n                                                                                                          <div class=\"dealers__single__countries__single\">NL<\/div>\n                                                                        <div class=\"dealers__single__countries__single\">BE<\/div>\n                                                                        <div class=\"dealers__single__countries__single\">DE<\/div>\n                                                                        <div class=\"dealers__single__countries__single\">FR<\/div>\n                                                                <\/div>\n                              <img decoding=\"async\" src=\"https:\/\/www.ranqer.com\/wp-content\/themes\/vallonic-ranqer\/dist\/images\/vallonic__ranqer-com__icons__arrow-right__orange_143c2b49.svg\" loading=\"lazy\" alt=\"\" class=\"dealers__single__arrow-right\">\n                            <\/div>\n                        <\/a>\n                    <\/div>\n                                    <div class=\"dealers__single-dealer\">\n                        <a href=\"https:\/\/www.bol.com\/nl\/nl\/b\/ranqer\/603579028\/\" class=\"dealers__single__a w-inline-block\" target=\"_blank\" rel=\"noopener\">\n                            <img decoding=\"async\" src=\"https:\/\/www.ranqer.com\/wp-content\/uploads\/2021\/10\/bolcom_logo_blauw_rgb.png\" loading=\"lazy\" alt=\"\" class=\"dealers__single__logo-img\">\n                            <div class=\"dealers__single__details\">\n                                                            <div class=\"dealers__single__countries\">\n                                                                                                          <div class=\"dealers__single__countries__single\">NL<\/div>\n                                                                        <div class=\"dealers__single__countries__single\">BE<\/div>\n                                                                <\/div>\n                              <img decoding=\"async\" src=\"https:\/\/www.ranqer.com\/wp-content\/themes\/vallonic-ranqer\/dist\/images\/vallonic__ranqer-com__icons__arrow-right__orange_143c2b49.svg\" loading=\"lazy\" alt=\"\" class=\"dealers__single__arrow-right\">\n                            <\/div>\n                        <\/a>\n                    <\/div>\n                                    <div class=\"dealers__single-dealer\">\n                        <a href=\"https:\/\/amazon.com\" class=\"dealers__single__a w-inline-block\" target=\"_blank\" rel=\"noopener\">\n                            <img decoding=\"async\" src=\"https:\/\/www.ranqer.com\/wp-content\/uploads\/2021\/09\/vallonic__ranqer-com__dealers__amazon2x.png\" loading=\"lazy\" alt=\"\" class=\"dealers__single__logo-img\">\n                            <div class=\"dealers__single__details\">\n                                                            <div class=\"dealers__single__countries\">\n                                                                                                          <div class=\"dealers__single__countries__single\">NL<\/div>\n                                                                        <div class=\"dealers__single__countries__single\">FR<\/div>\n                                                                        <div class=\"dealers__single__countries__single\">DE<\/div>\n                                                                <\/div>\n                              <img decoding=\"async\" src=\"https:\/\/www.ranqer.com\/wp-content\/themes\/vallonic-ranqer\/dist\/images\/vallonic__ranqer-com__icons__arrow-right__orange_143c2b49.svg\" loading=\"lazy\" alt=\"\" class=\"dealers__single__arrow-right\">\n                            <\/div>\n                        <\/a>\n                    <\/div>\n                            <\/div>\n                            <\/div>\n<\/div>\n","protected":false},"excerpt":{"rendered":"","protected":false},"author":26,"featured_media":0,"parent":0,"menu_order":0,"comment_status":"closed","ping_status":"closed","template":"","meta":{"footnotes":""},"categories":[],"tags":[],"class_list":["post-8336","page","type-page","status-publish","hentry"],"_links":{"self":[{"href":"https:\/\/www.ranqer.com\/pl\/wp-json\/wp\/v2\/pages\/8336","targetHints":{"allow":["GET"]}}],"collection":[{"href":"https:\/\/www.ranqer.com\/pl\/wp-json\/wp\/v2\/pages"}],"about":[{"href":"https:\/\/www.ranqer.com\/pl\/wp-json\/wp\/v2\/types\/page"}],"author":[{"embeddable":true,"href":"https:\/\/www.ranqer.com\/pl\/wp-json\/wp\/v2\/users\/26"}],"replies":[{"embeddable":true,"href":"https:\/\/www.ranqer.com\/pl\/wp-json\/wp\/v2\/comments?post=8336"}],"version-history":[{"count":8,"href":"https:\/\/www.ranqer.com\/pl\/wp-json\/wp\/v2\/pages\/8336\/revisions"}],"predecessor-version":[{"id":14456,"href":"https:\/\/www.ranqer.com\/pl\/wp-json\/wp\/v2\/pages\/8336\/revisions\/14456"}],"wp:attachment":[{"href":"https:\/\/www.ranqer.com\/pl\/wp-json\/wp\/v2\/media?parent=8336"}],"wp:term":[{"taxonomy":"category","embeddable":true,"href":"https:\/\/www.ranqer.com\/pl\/wp-json\/wp\/v2\/categories?post=8336"},{"taxonomy":"post_tag","embeddable":true,"href":"https:\/\/www.ranqer.com\/pl\/wp-json\/wp\/v2\/tags?post=8336"}],"curies":[{"name":"wp","href":"https:\/\/api.w.org\/{rel}","templated":true}]}}