{"id":8331,"date":"2023-10-05T15:56:31","date_gmt":"2023-10-05T13:56:31","guid":{"rendered":"https:\/\/ranqer.com\/?page_id=8331"},"modified":"2024-04-18T15:40:36","modified_gmt":"2024-04-18T13:40:36","slug":"gwarancja","status":"publish","type":"page","link":"https:\/\/www.ranqer.com\/pl\/gwarancja\/","title":{"rendered":"Warranty"},"content":{"rendered":"\n<div class=\"wp-block-columns is-layout-flex wp-container-core-columns-is-layout-9d6595d7 wp-block-columns-is-layout-flex\">\n<div class=\"wp-block-column is-layout-flow wp-block-column-is-layout-flow\" style=\"flex-basis:100%\"><\/div>\n<\/div>\n\n\n<div class=\"section--full-width-image wf-section\">\n    \n    <div class=\"full-width-image__image-wrapper\">\n        <img decoding=\"async\" src=\"https:\/\/www.ranqer.com\/wp-content\/uploads\/2021\/10\/Ranqer-header-2.png\" loading=\"lazy\" sizes=\"100vw\" alt=\"\" class=\"full-width-image__img\">\n    <\/div>\n\n            <img decoding=\"async\" src=\"https:\/\/www.ranqer.com\/wp-content\/themes\/vallonic-ranqer\/dist\/images\/vallonic__ranqer-com__decoration__divider-02_2f72479f.png\" loading=\"lazy\" alt=\"\" class=\"full-width-image__bottom-divider\">\n    <\/div>\n\n\n<div class=\"section--double-p wf-section\">\n    <div class=\"container w-container\">\n        <div class=\"double-p__title-wrapper\">\n                            <h2 class=\"double-p__main-title is--large\">\n                                        GWARANCJA\n                <\/h2>\n\n                <h3 class=\"double-p__main-title is--sub\">\n                                        \n                <\/h3>\n                    <\/div>\n                    <div class=\"double-p__grid\">\n                                    <div class=\"double-p__block\">\n                        <h3 class=\"generic-typography__sub-title bottom--15 top--0\"><\/h3>\n                                                    <p class=\"generic-typography__paragraph\">Mimo jako\u015bci krzese\u0142 gamingowych Ranqer, mo\u017ce si\u0119 zdarzy\u0107, \u017ce otrzymasz wadliwy przedmiot lub przedmiot z wadliw\u0105 cz\u0119\u015bci\u0105. Ranqer oferuje 2-letni\u0105 gwarancj\u0119 wszystkim kupuj\u0105cym klientom.<\/p>\n<p class=\"generic-typography__paragraph\"><strong>Warunki gwarancji<\/strong><\/p>\n<ul>\n<li>Gwarancja obejmuje tylko nowe produkty zakupione u autoryzowanego dealera.<\/li>\n<li>Gwarancja obejmuje tylko produkty, kt\u00f3re zosta\u0142y poprawnie zmontowane zgodnie z instrukcjami.<\/li>\n<li>Okres gwarancji rozpoczyna si\u0119 w dniu dostawy przedmiotu.<\/li>\n<li>Rozpatrzenie reklamacji mo\u017ce by\u0107 dokonane poprzez autoryzowanego dealera, u kt\u00f3rego zakupiono przedmiot.<\/li>\n<li>Po otrzymaniu reklamacji Ranqer poinformuje klienta, czy reklamacja podlega gwarancji.<\/li>\n<li>Naprawy s\u0105 bezp\u0142atne.<\/li>\n<li>Je\u015bli naprawy nie s\u0105 mo\u017cliwe, wymieniana jest pojedyncza wadliwa cz\u0119\u015b\u0107.<\/li>\n<li>W zale\u017cno\u015bci od sytuacji, klient mo\u017ce by\u0107 obci\u0105\u017cony kosztami dostawy.<\/li>\n<\/ul>\n<p class=\"generic-typography__paragraph\"><strong>Co obejmuje nasza gwarancja<\/strong><\/p>\n<ul>\n<li>Wady fabryczne w nowo zakupionym krze\u015ble gamingowym.<\/li>\n<\/ul>\n<p class=\"generic-typography__paragraph\"><strong>Czego nie obejmuje nasza gwarancja<\/strong><\/p>\n<ul>\n<li>Normalne zu\u017cycie materia\u0142\u00f3w w wyniku starzenia si\u0119.<\/li>\n<li>Zu\u017cycie cz\u0119\u015bci, takich jak ko\u0142a i mechanizmy.<\/li>\n<li>Uszkodzenia spowodowane niew\u0142a\u015bciwym monta\u017cem krzes\u0142a.<\/li>\n<li>Uszkodzenia spowodowane przez zwierz\u0119ta.<\/li>\n<li>Uszkodzenia spowodowane wysok\u0105 temperatur\u0105 i wilgotno\u015bci\u0105.<\/li>\n<li>Uszkodzenia spowodowane po\u017carem, zalaniem lub innymi sytuacjami poza nasz\u0105 kontrol\u0105.<\/li>\n<li>Krzes\u0142a, kt\u00f3re nie mieszcz\u0105 si\u0119 w okresie 2-letniej gwarancji.<\/li>\n<\/ul>\n\n                                            <\/div>\n                                    <div class=\"double-p__block\">\n                        <h3 class=\"generic-typography__sub-title bottom--15 top--0\"><\/h3>\n                                                    <p class=\"generic-typography__paragraph\">\n                                \n                            <\/p>\n                                            <\/div>\n                            <\/div>\n            <\/div>\n<\/div>\n\n\n<div class=\"section--dealers wf-section\" id=\"dealers\">\n    <div class=\"container w-container\">\n        <div class=\"dealers__description-grid\">\n            <div class=\"dealers__desc-column\">\n                <h2 class=\"generic-typography__section-title\">\n                                                                                ZAKUP <span class=\"collection__title__orange\">TERAZ<\/span>\n                <\/h2>\n                <h3 class=\"generic-typography__sub-title bottom--15\">\n                    \n                <\/h3>\n                <p class=\"generic-typography__paragraph\">\n                    Wspania\u0142y komfort i design. Krzes\u0142a gamingowe Ranqer dost\u0119pne teraz. Podnie\u015b swoje wyposa\u017cenie do gier, wybieraj\u0105c jedno z czterech luksusowych krzese\u0142 gamingowych.\n                <\/p>\n            <\/div>\n        <\/div>\n                    <div class=\"dealers__grid\">\n                                    <div class=\"dealers__single-dealer\">\n                        <a href=\"https:\/\/www.sbsupply.eu\/ranqer\" class=\"dealers__single__a w-inline-block\" target=\"_blank\" rel=\"noopener\">\n                            <img decoding=\"async\" src=\"https:\/\/www.ranqer.com\/wp-content\/uploads\/2021\/09\/sbsupply-logo-500x1000-1.png\" loading=\"lazy\" alt=\"\" class=\"dealers__single__logo-img\">\n                            <div class=\"dealers__single__details\">\n                                                            <div class=\"dealers__single__countries\">\n                                                                                                          <div class=\"dealers__single__countries__single\">NL<\/div>\n                                                                        <div class=\"dealers__single__countries__single\">BE<\/div>\n                                                                        <div class=\"dealers__single__countries__single\">DE<\/div>\n                                                                        <div class=\"dealers__single__countries__single\">FR<\/div>\n                                                                        <div class=\"dealers__single__countries__single\">IT<\/div>\n                                                                <\/div>\n                              <img decoding=\"async\" src=\"https:\/\/www.ranqer.com\/wp-content\/themes\/vallonic-ranqer\/dist\/images\/vallonic__ranqer-com__icons__arrow-right__orange_143c2b49.svg\" loading=\"lazy\" alt=\"\" class=\"dealers__single__arrow-right\">\n                            <\/div>\n                        <\/a>\n                    <\/div>\n                                    <div class=\"dealers__single-dealer\">\n                        <a href=\"https:\/\/www.bol.com\/nl\/nl\/b\/ranqer\/603579028\/\" class=\"dealers__single__a w-inline-block\" target=\"_blank\" rel=\"noopener\">\n                            <img decoding=\"async\" src=\"https:\/\/www.ranqer.com\/wp-content\/uploads\/2021\/10\/bolcom_logo_blauw_rgb.png\" loading=\"lazy\" alt=\"\" class=\"dealers__single__logo-img\">\n                            <div class=\"dealers__single__details\">\n                                                            <div class=\"dealers__single__countries\">\n                                                                                                          <div class=\"dealers__single__countries__single\">NL<\/div>\n                                                                        <div class=\"dealers__single__countries__single\">BE<\/div>\n                                                                <\/div>\n                              <img decoding=\"async\" src=\"https:\/\/www.ranqer.com\/wp-content\/themes\/vallonic-ranqer\/dist\/images\/vallonic__ranqer-com__icons__arrow-right__orange_143c2b49.svg\" loading=\"lazy\" alt=\"\" class=\"dealers__single__arrow-right\">\n                            <\/div>\n                        <\/a>\n                    <\/div>\n                                    <div class=\"dealers__single-dealer\">\n                        <a href=\"https:\/\/amazon.com\" class=\"dealers__single__a w-inline-block\" target=\"_blank\" rel=\"noopener\">\n                            <img decoding=\"async\" src=\"https:\/\/www.ranqer.com\/wp-content\/uploads\/2021\/09\/vallonic__ranqer-com__dealers__amazon2x.png\" loading=\"lazy\" alt=\"\" class=\"dealers__single__logo-img\">\n                            <div class=\"dealers__single__details\">\n                                                            <div class=\"dealers__single__countries\">\n                                                                                                          <div class=\"dealers__single__countries__single\">NL<\/div>\n                                                                        <div class=\"dealers__single__countries__single\">FR<\/div>\n                                                                        <div class=\"dealers__single__countries__single\">DE<\/div>\n                                                                <\/div>\n                              <img decoding=\"async\" src=\"https:\/\/www.ranqer.com\/wp-content\/themes\/vallonic-ranqer\/dist\/images\/vallonic__ranqer-com__icons__arrow-right__orange_143c2b49.svg\" loading=\"lazy\" alt=\"\" class=\"dealers__single__arrow-right\">\n                            <\/div>\n                        <\/a>\n                    <\/div>\n                            <\/div>\n                            <\/div>\n<\/div>\n","protected":false},"excerpt":{"rendered":"","protected":false},"author":26,"featured_media":0,"parent":0,"menu_order":0,"comment_status":"closed","ping_status":"closed","template":"","meta":{"footnotes":""},"categories":[],"tags":[],"class_list":["post-8331","page","type-page","status-publish","hentry"],"_links":{"self":[{"href":"https:\/\/www.ranqer.com\/pl\/wp-json\/wp\/v2\/pages\/8331","targetHints":{"allow":["GET"]}}],"collection":[{"href":"https:\/\/www.ranqer.com\/pl\/wp-json\/wp\/v2\/pages"}],"about":[{"href":"https:\/\/www.ranqer.com\/pl\/wp-json\/wp\/v2\/types\/page"}],"author":[{"embeddable":true,"href":"https:\/\/www.ranqer.com\/pl\/wp-json\/wp\/v2\/users\/26"}],"replies":[{"embeddable":true,"href":"https:\/\/www.ranqer.com\/pl\/wp-json\/wp\/v2\/comments?post=8331"}],"version-history":[{"count":6,"href":"https:\/\/www.ranqer.com\/pl\/wp-json\/wp\/v2\/pages\/8331\/revisions"}],"predecessor-version":[{"id":14499,"href":"https:\/\/www.ranqer.com\/pl\/wp-json\/wp\/v2\/pages\/8331\/revisions\/14499"}],"wp:attachment":[{"href":"https:\/\/www.ranqer.com\/pl\/wp-json\/wp\/v2\/media?parent=8331"}],"wp:term":[{"taxonomy":"category","embeddable":true,"href":"https:\/\/www.ranqer.com\/pl\/wp-json\/wp\/v2\/categories?post=8331"},{"taxonomy":"post_tag","embeddable":true,"href":"https:\/\/www.ranqer.com\/pl\/wp-json\/wp\/v2\/tags?post=8331"}],"curies":[{"name":"wp","href":"https:\/\/api.w.org\/{rel}","templated":true}]}}