{"id":8327,"date":"2023-10-05T15:42:31","date_gmt":"2023-10-05T13:42:31","guid":{"rendered":"https:\/\/ranqer.com\/?page_id=8327"},"modified":"2024-04-10T12:34:10","modified_gmt":"2024-04-10T10:34:10","slug":"wez-udzial-w-sieci-dealerskiej-ranqer","status":"publish","type":"page","link":"https:\/\/www.ranqer.com\/pl\/wez-udzial-w-sieci-dealerskiej-ranqer\/","title":{"rendered":"Take part in our dealer network"},"content":{"rendered":"<div class=\"section--full-width-image wf-section\">\n    \n    <div class=\"full-width-image__image-wrapper\">\n        <img decoding=\"async\" src=\"https:\/\/www.ranqer.com\/wp-content\/uploads\/2021\/10\/Ranqer-header-2.png\" loading=\"lazy\" sizes=\"100vw\" alt=\"\" class=\"full-width-image__img\">\n    <\/div>\n\n            <img decoding=\"async\" src=\"https:\/\/www.ranqer.com\/wp-content\/themes\/vallonic-ranqer\/dist\/images\/vallonic__ranqer-com__decoration__divider-02_2f72479f.png\" loading=\"lazy\" alt=\"\" class=\"full-width-image__bottom-divider\">\n    <\/div>\n\n\n<div class=\"section--double-p wf-section\">\n    <div class=\"container w-container\">\n        <div class=\"double-p__title-wrapper\">\n                            <h2 class=\"double-p__main-title is--large\">\n                                        ZOSTA\u0143 JEDNYM Z <strong class=\"double-p__main-title__orange\">NASZYCH DYSTRYBUTOR\u00d3W<\/strong>\n                <\/h2>\n\n                <h3 class=\"double-p__main-title is--sub\">\n                                        DO\u0141\u0104CZ DO <strong class=\"double-p__main-title__orange\">NASZEJ SIECI DEALER\u00d3W<\/strong>\n                <\/h3>\n                    <\/div>\n                    <div class=\"double-p__grid\">\n                                    <div class=\"double-p__block\">\n                        <h3 class=\"generic-typography__sub-title bottom--15 top--0\"><\/h3>\n                                                    <p class=\"generic-typography__paragraph\">\n                                <p class=\"p1\">Wsp\u00f3\u0142praca z Ranqer ma dwie g\u0142\u00f3wne zalety: nasza szybka dostawa i atrakcyjne ceny. Zapewniamy najlepsz\u0105 jako\u015b\u0107 foteli gamingowych lub biurowych w najlepszej i rozs\u0105dnej cenie. Do\u0142\u0105czaj\u0105c do naszej sieci, stajesz si\u0119 cz\u0119\u015bci\u0105 naszej spo\u0142eczno\u015bci, gdzie d\u0105\u017cymy do osi\u0105gni\u0119cia wi\u0119cej razem. Je\u015bli chcesz zosta\u0107 resellerem Ranqer, \u015bmia\u0142o skontaktuj si\u0119 z nami przez poni\u017cszy formularz.<\/p>\n\n                            <\/p>\n                                            <\/div>\n                            <\/div>\n            <\/div>\n<\/div>\n\n\n<div class=\"section--contact wf-section\">\n    <div class=\"contact__top-divider\"><\/div>\n    <div class=\"contact__columns\">\n        <div class=\"contact__left-column\">\n            <div class=\"contact__left-inner\">\n                <h2 class=\"generic-typography__section-title\">\n                                                                                GET\u00a0IN <span class=\"collection__title__orange\">TOUCH<\/span>\n                <\/h2>\n                <h3 class=\"generic-typography__sub-title bottom--15\">\n                    Contact us\n                <\/h3>\n                <div class=\"contact__form-shortcode\">\n                    <div class=\"forminator-ui forminator-custom-form forminator-custom-form-1136 forminator-design--flat  forminator_ajax\" data-forminator-render=\"0\" data-form=\"forminator-module-1136\" data-uid=\"6a072b5b80261\"><br\/><\/div><form\n\t\t\t\tid=\"forminator-module-1136\"\n\t\t\t\tclass=\"forminator-ui forminator-custom-form forminator-custom-form-1136 forminator-design--flat  forminator_ajax\"\n\t\t\t\tmethod=\"post\"\n\t\t\t\tdata-forminator-render=\"0\"\n\t\t\t\tdata-form-id=\"1136\"\n\t\t\t\t data-color-option=\"default\" data-design=\"flat\" data-grid=\"open\" style=\"display: none;\"\n\t\t\t\tdata-uid=\"6a072b5b80261\"\n\t\t\t><div role=\"alert\" aria-live=\"polite\" class=\"forminator-response-message forminator-error\" aria-hidden=\"true\"><\/div><div class=\"forminator-row\"><div id=\"name-1\" class=\"forminator-field-name forminator-col forminator-col-12 \"><div class=\"forminator-field\"><label for=\"forminator-field-name-1_6a072b5b80261\" id=\"forminator-field-name-1_6a072b5b80261-label\" class=\"forminator-label\">Name <span class=\"forminator-required\">*<\/span><\/label><input type=\"text\" name=\"name-1\" value=\"\" placeholder=\"Name\" id=\"forminator-field-name-1_6a072b5b80261\" class=\"forminator-input forminator-name--field\" aria-required=\"true\" autocomplete=\"name\" \/><\/div><\/div><\/div><div class=\"forminator-row\"><div id=\"name-2\" class=\"forminator-field-name forminator-col forminator-col-12 \"><div class=\"forminator-field\"><label for=\"forminator-field-name-2_6a072b5b80261\" id=\"forminator-field-name-2_6a072b5b80261-label\" class=\"forminator-label\">Company name <span class=\"forminator-required\">*<\/span><\/label><input type=\"text\" name=\"name-2\" value=\"\" placeholder=\"Company name\" id=\"forminator-field-name-2_6a072b5b80261\" class=\"forminator-input forminator-name--field\" aria-required=\"true\" autocomplete=\"name\" \/><\/div><\/div><\/div><div class=\"forminator-row\"><div id=\"name-3\" class=\"forminator-field-name forminator-col forminator-col-12 \"><div class=\"forminator-field\"><label for=\"forminator-field-name-3_6a072b5b80261\" id=\"forminator-field-name-3_6a072b5b80261-label\" class=\"forminator-label\">Chamber of Commerce <span class=\"forminator-required\">*<\/span><\/label><input type=\"text\" name=\"name-3\" value=\"\" placeholder=\"Chamber of Commerce\" id=\"forminator-field-name-3_6a072b5b80261\" class=\"forminator-input forminator-name--field\" aria-required=\"true\" autocomplete=\"name\" \/><\/div><\/div><\/div><div class=\"forminator-row\"><div id=\"url-1\" class=\"forminator-field-url forminator-col forminator-col-12 \"><div class=\"forminator-field\"><label for=\"forminator-field-url-1_6a072b5b80261\" id=\"forminator-field-url-1_6a072b5b80261-label\" class=\"forminator-label\">Website<\/label><input type=\"url\" name=\"url-1\" value=\"\" placeholder=\"http:\/\/www.example.com\" id=\"forminator-field-url-1_6a072b5b80261\" class=\"forminator-input forminator-website--field\" data-required=\"\" aria-required=\"false\" \/><\/div><\/div><\/div><div class=\"forminator-row\"><div id=\"select-1\" class=\"forminator-field-select forminator-col forminator-col-12 \"><div class=\"forminator-field\"><label for=\"forminator-form-1136__field--select-1_6a072b5b80261\" id=\"forminator-form-1136__field--select-1_6a072b5b80261-label\" class=\"forminator-label\">Type of Business<\/label><select  id=\"forminator-form-1136__field--select-1_6a072b5b80261\" class=\"forminator-select--field forminator-select2 forminator-select2-multiple\" data-required=\"\" name=\"select-1\" data-default-value=\"\" data-placeholder=\"Type of Business\" data-search=\"false\" data-search-placeholder=\"Type of Business\" data-checkbox=\"false\" data-allow-clear=\"false\" aria-labelledby=\"forminator-form-1136__field--select-1_6a072b5b80261-label\"><option value=\"\"  >Type of Business<\/option><option value=\"offline-distributor\"  data-calculation=\"0\">Offline Distributor<\/option><option value=\"retail-store\"  data-calculation=\"0\">Retail Store<\/option><option value=\"online-store\"  data-calculation=\"0\">Online Store<\/option><option value=\"online-marketplace\"  data-calculation=\"0\">Online Marketplace<\/option><\/select><\/div><\/div><\/div><div class=\"forminator-row\"><div id=\"email-1\" class=\"forminator-field-email forminator-col forminator-col-12 \"><div class=\"forminator-field\"><label for=\"forminator-field-email-1_6a072b5b80261\" id=\"forminator-field-email-1_6a072b5b80261-label\" class=\"forminator-label\">Email Address <span class=\"forminator-required\">*<\/span><\/label><input type=\"email\" name=\"email-1\" value=\"\" placeholder=\"Email Address\" id=\"forminator-field-email-1_6a072b5b80261\" class=\"forminator-input forminator-email--field\" data-required=\"1\" aria-required=\"true\" autocomplete=\"email\" \/><\/div><\/div><\/div><div class=\"forminator-row\"><div id=\"phone-1\" class=\"forminator-field-phone forminator-col forminator-col-12 \"><div class=\"forminator-field\"><label for=\"forminator-field-phone-1_6a072b5b80261\" id=\"forminator-field-phone-1_6a072b5b80261-label\" class=\"forminator-label\">Phone<\/label><input type=\"text\" name=\"phone-1\" value=\"\" placeholder=\"Mobile Number\" id=\"forminator-field-phone-1_6a072b5b80261\" class=\"forminator-input forminator-field--phone\" data-required=\"\" aria-required=\"false\" autocomplete=\"off\" \/><\/div><\/div><\/div><div class=\"forminator-row\"><div id=\"textarea-1\" class=\"forminator-field-textarea forminator-col forminator-col-12 \"><div class=\"forminator-field\"><label for=\"forminator-field-textarea-1_6a072b5b80261\" id=\"forminator-field-textarea-1_6a072b5b80261-label\" class=\"forminator-label\">Text<\/label><textarea name=\"textarea-1\" placeholder=\"Company Description &amp; Remark\" id=\"forminator-field-textarea-1_6a072b5b80261\" class=\"forminator-textarea\" rows=\"6\" style=\"--forminator-textarea-min-height:140px;\" ><\/textarea><\/div><\/div><\/div><div class=\"forminator-row\"><div id=\"captcha-1\" class=\"forminator-field-captcha forminator-col forminator-col-12 \"><div class=\"forminator-captcha-left forminator-g-recaptcha recaptcha-invisible\" data-theme=\"light\" data-badge=\"inline\" data-sitekey=\"6LcsZBMdAAAAAOfghpSV3rmh19QsIUnsXyx-ZjoF\" data-size=\"invisible\"><\/div> <\/div><\/div><input type=\"hidden\" name=\"referer_url\" value=\"\" \/><div class=\"forminator-row forminator-row-last\"><div class=\"forminator-col\"><div class=\"forminator-field\"><button class=\"forminator-button forminator-button-submit\">Send Message<\/button><\/div><\/div><\/div><input type=\"hidden\" id=\"forminator_nonce\" name=\"forminator_nonce\" value=\"a960fadafd\" \/><input type=\"hidden\" name=\"_wp_http_referer\" value=\"\/pl\/wp-json\/wp\/v2\/pages\/8327\" \/><input type=\"hidden\" name=\"form_id\" value=\"1136\"><input type=\"hidden\" name=\"page_id\" value=\"8327\"><input type=\"hidden\" name=\"form_type\" value=\"default\"><input type=\"hidden\" name=\"current_url\" value=\"https:\/\/www.ranqer.com\/pl\/wez-udzial-w-sieci-dealerskiej-ranqer\/\"><input type=\"hidden\" name=\"render_id\" value=\"0\"><input type=\"hidden\" name=\"action\" value=\"forminator_submit_form_custom-forms\"><label for=\"input_9\" class=\"forminator-hidden\" aria-hidden=\"true\">Prosz\u0119 nie wype\u0142nia\u0107 tego pola. <input id=\"input_9\" type=\"text\" name=\"input_9\" value=\"\" autocomplete=\"off\"><\/label><\/form>\n                <\/div>\n            <\/div>\n        <\/div>\n        <div class=\"contact__right-column\">\n            <div class=\"contact__right-inner\">\n                <h2 class=\"generic-typography__section-title\">\n                    COMPANY\n                <\/h2>\n                <h3 class=\"generic-typography__sub-title bottom--15\">\n                    Company details\n                <\/h3>\n                <p class=\"generic-typography__paragraph\">Ranqer International B.V.<\/p>\n                <p class=\"generic-typography__paragraph top--8\">\n                    Monumentstraat 1 B\n                    <br \/>\n                    5038 AR TILBURG\n                <\/p>\n                <p class=\"generic-typography__paragraph top--8\">\n                    The Netherlands\n                <\/p>\n                <h3 class=\"generic-typography__sub-title bottom--0 top--30\">\n                    Dutch Chamber of Commerce (KVK)\n                <\/h3>\n                <p class=\"generic-typography__paragraph top--0\">\n                    82319154\n                <\/p>\n                <h3 class=\"generic-typography__sub-title bottom--0 top--30\">\n                    E-mail\n                <\/h3>\n                <p class=\"generic-typography__paragraph top--0\">\n                    <a href=\"mailto:info@ranqer.com\">\n                        info@ranqer.com\n                    <\/a>\n                <\/p>\n                <h3 class=\"generic-typography__sub-title bottom--0 top--30\">\n                    Phone\n                <\/h3>\n                <p class=\"generic-typography__paragraph top--0\">\n                    <a href=\"tel:+31 (0)13 7009794\">+31 (0)13 7009794<\/a>\n                <\/p>\n            <\/div>\n        <\/div>\n    <\/div>\n<\/div>\n","protected":false},"excerpt":{"rendered":"","protected":false},"author":26,"featured_media":0,"parent":0,"menu_order":0,"comment_status":"closed","ping_status":"closed","template":"","meta":{"footnotes":""},"categories":[],"tags":[],"class_list":["post-8327","page","type-page","status-publish","hentry"],"_links":{"self":[{"href":"https:\/\/www.ranqer.com\/pl\/wp-json\/wp\/v2\/pages\/8327","targetHints":{"allow":["GET"]}}],"collection":[{"href":"https:\/\/www.ranqer.com\/pl\/wp-json\/wp\/v2\/pages"}],"about":[{"href":"https:\/\/www.ranqer.com\/pl\/wp-json\/wp\/v2\/types\/page"}],"author":[{"embeddable":true,"href":"https:\/\/www.ranqer.com\/pl\/wp-json\/wp\/v2\/users\/26"}],"replies":[{"embeddable":true,"href":"https:\/\/www.ranqer.com\/pl\/wp-json\/wp\/v2\/comments?post=8327"}],"version-history":[{"count":4,"href":"https:\/\/www.ranqer.com\/pl\/wp-json\/wp\/v2\/pages\/8327\/revisions"}],"predecessor-version":[{"id":12916,"href":"https:\/\/www.ranqer.com\/pl\/wp-json\/wp\/v2\/pages\/8327\/revisions\/12916"}],"wp:attachment":[{"href":"https:\/\/www.ranqer.com\/pl\/wp-json\/wp\/v2\/media?parent=8327"}],"wp:term":[{"taxonomy":"category","embeddable":true,"href":"https:\/\/www.ranqer.com\/pl\/wp-json\/wp\/v2\/categories?post=8327"},{"taxonomy":"post_tag","embeddable":true,"href":"https:\/\/www.ranqer.com\/pl\/wp-json\/wp\/v2\/tags?post=8327"}],"curies":[{"name":"wp","href":"https:\/\/api.w.org\/{rel}","templated":true}]}}