{"id":8127,"date":"2023-10-04T16:42:36","date_gmt":"2023-10-04T14:42:36","guid":{"rendered":"https:\/\/ranqer.com\/?page_id=8127"},"modified":"2024-04-18T15:30:00","modified_gmt":"2024-04-18T13:30:00","slug":"fotele-gamingowe-z-oswietleniem-rgb-led","status":"publish","type":"page","link":"https:\/\/www.ranqer.com\/pl\/fotele-gamingowe-z-oswietleniem-rgb-led\/","title":{"rendered":"Blog &#8211; Gaming Chairs with lights \/ LED"},"content":{"rendered":"\n<div class=\"wp-block-columns is-layout-flex wp-container-core-columns-is-layout-9d6595d7 wp-block-columns-is-layout-flex\">\n<div class=\"wp-block-column is-layout-flow wp-block-column-is-layout-flow\" style=\"flex-basis:100%\"><\/div>\n<\/div>\n\n\n<div class=\"section--full-width-image wf-section\">\n    \n    <div class=\"full-width-image__image-wrapper\">\n        <img decoding=\"async\" src=\"https:\/\/www.ranqer.com\/wp-content\/uploads\/2021\/10\/Ranqer-header-2.png\" loading=\"lazy\" sizes=\"100vw\" alt=\"\" class=\"full-width-image__img\">\n    <\/div>\n\n            <img decoding=\"async\" src=\"https:\/\/www.ranqer.com\/wp-content\/themes\/vallonic-ranqer\/dist\/images\/vallonic__ranqer-com__decoration__divider-02_2f72479f.png\" loading=\"lazy\" alt=\"\" class=\"full-width-image__bottom-divider\">\n    <\/div>\n\n\n<div class=\"section--double-p wf-section\">\n    <div class=\"container w-container\">\n        <div class=\"double-p__title-wrapper\">\n                            <h2 class=\"double-p__main-title is--large\">\n                                        KRZES\u0141ADO GIER RANQER <strong class=\"double-p__main-title__orange\">ZE \u015aWIAT\u0141AMI RGB \/ LED <\/strong>\n                <\/h2>\n\n                <h3 class=\"double-p__main-title is--sub\">\n                                        STW\u00d3RZ UNIKALNE <strong class=\"double-p__main-title__orange\">MIEJSCE DO GIER<\/strong>\n                <\/h3>\n                    <\/div>\n                    <div class=\"double-p__grid\">\n                                    <div class=\"double-p__block\">\n                        <h3 class=\"generic-typography__sub-title bottom--15 top--0\"><\/h3>\n                                                    <p class=\"generic-typography__paragraph\">Dzi\u0119ki fotelom do gier Ranqer z o\u015bwietleniem RGB masz pewno\u015b\u0107, \u017ce tw\u00f3j zestaw do gier lub biura b\u0119dzie wyj\u0105tkowy i zabawny. Wybierz fotel Halo lub Aura, aby stworzy\u0107 estetycznie przyjemne otoczenie.<\/p>\n\n                                            <\/div>\n                                    <div class=\"double-p__block\">\n                        <h3 class=\"generic-typography__sub-title bottom--15 top--0\"><\/h3>\n                                                    <p class=\"generic-typography__paragraph\">\n                                \n                            <\/p>\n                                            <\/div>\n                            <\/div>\n            <\/div>\n<\/div>\n\n\n<div class=\"section--detail-shots wf-section\">\n    <div class=\"container w-container\">\n        <h2 class=\"generic-typography__section-title\">\n                                                GWARANTOWANA JAKO\u015a\u0106 <span class=\"collection__title__orange\">OD RANQER<\/span>\n        <\/h2>\n    <\/div>\n                                    \n\n              <div class=\"detail-shots__section is--first\">\n                  <div class=\"detail-shots__image-column\">\n                      <img decoding=\"async\" src=\"https:\/\/www.ranqer.com\/wp-content\/uploads\/2021\/09\/Ranqer-Halo-RGB-gaming-chair-detail-RGB.png\" loading=\"lazy\" alt=\"\" class=\"detail-shots__single-image\">\n                  <\/div>\n                  <div class=\"detail-shots__desc-column is--right\">\n                      <div class=\"detail-shots__desc-column__inner is--right\">\n                          <h3 class=\"detail-shots__desc-title\">\n                              O\u015aWIETLENIE RGB \/ LED\n                          <\/h3>\n                          <h4 class=\"generic-typography__sub-title bottom--15 top--0\">\n                              R\u00f3\u017cnorodne kombinacje kolor\u00f3w\n                          <\/h4>\n                          <p class=\"generic-typography__paragraph\">\n                              Dzi\u0119ki wbudowanemu o\u015bwietleniu RGB masz gwarancj\u0119 unikalnego do\u015bwiadczenia. \u015awiat\u0142a RGB to czerwone, zielone i niebieskie \u015bwiat\u0142a, kt\u00f3re razem tworz\u0105 ponad 30 kombinacji kolor\u00f3w. Mo\u017cesz tak\u017ce wybra\u0107 ponad 30 kombinacji pulsacyjnych i 6 sta\u0142ych kolor\u00f3w. O\u015bwietlenie RGB dzia\u0142a poprzez pod\u0142\u0105czenie fotela do gier za pomoc\u0105 kabla USB, co mo\u017cna zrobi\u0107 bezpo\u015brednio za pomoc\u0105 kabla USB. Mo\u017cesz tak\u017ce pod\u0142\u0105czy\u0107 je do zewn\u0119trznego power banku, co mo\u017ce by\u0107 bardziej wygodne. Ta\u015bma LED jest zamontowana wok\u00f3\u0142 siedziska fotela oraz oparcia.\n                          <\/p>\n                      <\/div>\n                  <\/div>\n              <\/div>\n                                                            <div class=\"detail-shots__section \">\n                    <div class=\"detail-shots__desc-column is--left\">\n                        <div class=\"detail-shots__desc-column__inner is--left\">\n                            <h3 class=\"detail-shots__desc-title\">\n                                PERFEKCYJNA ATMOSFERA\n                            <\/h3>\n                            <h4 class=\"generic-typography__sub-title bottom--15 top--0\">\n                                Dostosuj o\u015bwietlenie wed\u0142ug swoich preferencji\n                            <\/h4>\n                            <p class=\"generic-typography__paragraph\">\n                                Fotel jest wyposa\u017cony w pilot zdalnego sterowania. Mo\u017cesz u\u017cywa\u0107 tego pilota do regulacji koloru, jasno\u015bci, kombinacji pulsacyjnych oraz pr\u0119dko\u015bci \u015bwiate\u0142.\r\nWykorzystaj pilot w pe\u0142ni. Dostosuj \u015bwiat\u0142a RGB do ka\u017cdej gry, kt\u00f3r\u0105 grasz, w ten spos\u00f3b stworzysz doskona\u0142\u0105 atmosfer\u0119 do grania. Niezale\u017cnie od tego, czy chcesz, aby kolor by\u0142 czerwony czy wielokolorowy i \u017cywy, wbudowane \u015bwiat\u0142a LED potrafi\u0105 to wszystko.\r\n\n                            <\/p>\n                        <\/div>\n                    <\/div>\n                    <div class=\"detail-shots__image-column\">\n                        <img decoding=\"async\" src=\"https:\/\/www.ranqer.com\/wp-content\/uploads\/2021\/09\/Ranqer-Aura-RGB-gaming-chair.png\" loading=\"lazy\" alt=\"\" class=\"detail-shots__single-image\">\n                    <\/div>\n                <\/div>\n                                            \n\n              <div class=\"detail-shots__section \">\n                  <div class=\"detail-shots__image-column\">\n                      <img decoding=\"async\" src=\"https:\/\/www.ranqer.com\/wp-content\/uploads\/2021\/09\/Ranqer-Aura-detail-RGB.png\" loading=\"lazy\" alt=\"\" class=\"detail-shots__single-image\">\n                  <\/div>\n                  <div class=\"detail-shots__desc-column is--right\">\n                      <div class=\"detail-shots__desc-column__inner is--right\">\n                          <h3 class=\"detail-shots__desc-title\">\n                              TRWA\u0141Y I OSZCZ\u0118DZAJ\u0104CY ENERGI\u0118\n                          <\/h3>\n                          <h4 class=\"generic-typography__sub-title bottom--15 top--0\">\n                              Tak dobry jak nowy\n                          <\/h4>\n                          <p class=\"generic-typography__paragraph\">\n                              Wbudowane \u015bwiat\u0142a RGB s\u0105 trwa\u0142e i oszcz\u0119dzaj\u0105 energi\u0119. \u015awiat\u0142a pozostan\u0105 bardzo intensywne przez d\u0142ugi czas, tak jak na pocz\u0105tku. Poniewa\u017c diody LED zu\u017cywaj\u0105 mniej energii, oznacza to, \u017ce wydzielaj\u0105 mniej ciep\u0142a. Nie musisz si\u0119 martwi\u0107, \u017ce tw\u00f3j fotel si\u0119 przegrzeje. Mniej martw si\u0119 o koszty energii i wi\u0119cej skup si\u0119 na wygrywaniu gry!\n                          <\/p>\n                      <\/div>\n                  <\/div>\n              <\/div>\n                        <\/div>\n\n\n<div class=\"section--selling-points  wf-section\">\n    <div class=\"container w-container\">\n                                <div class=\"selling-points__title\">\n                            <h2 class=\"generic-typography__section-title\">\n                    Nasze <span class=\"collection__title__orange\">mocne strony<\/span>\n                <\/h2>\n                    <\/div>\n        <div class=\"selling-points__grid\">\n                                                <div class=\"selling-points__single\">\n                        <div class=\"selling-points__single__inner\">\n                            <div class=\"selling-points__single__text\">\n                                Wysoko ergonomiczne \n                            <\/div>\n                            <div class=\"selling-points__single__icon-wrapper\">\n                                <img decoding=\"async\" src=\"https:\/\/www.ranqer.com\/wp-content\/themes\/vallonic-ranqer\/dist\/images\/vallonic__ranqer-com__icons__ergonomic__orange_46a0c9d8.svg\" loading=\"lazy\" width=\"21\" alt=\"\" class=\"selling-points__single__icon\">\n                            <\/div>\n                        <\/div>\n                    <\/div>\n                                    <div class=\"selling-points__single\">\n                        <div class=\"selling-points__single__inner\">\n                            <div class=\"selling-points__single__text\">\n                                Zinspirowane wy\u015bcigami\n                            <\/div>\n                            <div class=\"selling-points__single__icon-wrapper\">\n                                <img decoding=\"async\" src=\"https:\/\/www.ranqer.com\/wp-content\/themes\/vallonic-ranqer\/dist\/images\/vallonic__ranqer-com__icons__racing__orange_7c54f02f.svg\" loading=\"lazy\" width=\"21\" alt=\"\" class=\"selling-points__single__icon\">\n                            <\/div>\n                        <\/div>\n                    <\/div>\n                                    <div class=\"selling-points__single\">\n                        <div class=\"selling-points__single__inner\">\n                            <div class=\"selling-points__single__text\">\n                                Holenderski design\n                            <\/div>\n                            <div class=\"selling-points__single__icon-wrapper\">\n                                <img decoding=\"async\" src=\"https:\/\/www.ranqer.com\/wp-content\/themes\/vallonic-ranqer\/dist\/images\/vallonic__ranqer-com__icons__design__orange_5cb9e4bc.svg\" loading=\"lazy\" width=\"21\" alt=\"\" class=\"selling-points__single__icon\">\n                            <\/div>\n                        <\/div>\n                    <\/div>\n                                    <\/div>\n                            <div class=\"selling-points__cta-wrapper\">\n                <a\n                    href=\"#\"\n                    data-scroll=\"section--dealers\"\n                    class=\"selling-points__cta\"\n                >\n                    Zakup teraz\n                <\/a>\n            <\/div>\n            <\/div>\n<\/div>\n\n\n<div class=\"section--dealers wf-section\" id=\"dealers\">\n    <div class=\"container w-container\">\n        <div class=\"dealers__description-grid\">\n            <div class=\"dealers__desc-column\">\n                <h2 class=\"generic-typography__section-title\">\n                                                                                ZAKUP <span class=\"collection__title__orange\">TERAZ<\/span>\n                <\/h2>\n                <h3 class=\"generic-typography__sub-title bottom--15\">\n                    \n                <\/h3>\n                <p class=\"generic-typography__paragraph\">\n                    Wielki komfort i design. Fotele do gier Ranqer dost\u0119pne teraz. Podnie\u015b swoje wyposa\u017cenie do gier, wybieraj\u0105c jeden z czterech luksusowych foteli do gier.\n                <\/p>\n            <\/div>\n        <\/div>\n                    <div class=\"dealers__grid\">\n                                    <div class=\"dealers__single-dealer\">\n                        <a href=\"https:\/\/www.sbsupply.eu\/ranqer\" class=\"dealers__single__a w-inline-block\" target=\"_blank\" rel=\"noopener\">\n                            <img decoding=\"async\" src=\"https:\/\/www.ranqer.com\/wp-content\/uploads\/2021\/09\/sbsupply-logo-500x1000-1.png\" loading=\"lazy\" alt=\"\" class=\"dealers__single__logo-img\">\n                            <div class=\"dealers__single__details\">\n                                                            <div class=\"dealers__single__countries\">\n                                                                                                          <div class=\"dealers__single__countries__single\">NL<\/div>\n                                                                        <div class=\"dealers__single__countries__single\">BE<\/div>\n                                                                        <div class=\"dealers__single__countries__single\">DE<\/div>\n                                                                        <div class=\"dealers__single__countries__single\">FR<\/div>\n                                                                        <div class=\"dealers__single__countries__single\">IT<\/div>\n                                                                <\/div>\n                              <img decoding=\"async\" src=\"https:\/\/www.ranqer.com\/wp-content\/themes\/vallonic-ranqer\/dist\/images\/vallonic__ranqer-com__icons__arrow-right__orange_143c2b49.svg\" loading=\"lazy\" alt=\"\" class=\"dealers__single__arrow-right\">\n                            <\/div>\n                        <\/a>\n                    <\/div>\n                                    <div class=\"dealers__single-dealer\">\n                        <a href=\"https:\/\/www.bol.com\/nl\/nl\/b\/ranqer\/603579028\/\" class=\"dealers__single__a w-inline-block\" target=\"_blank\" rel=\"noopener\">\n                            <img decoding=\"async\" src=\"https:\/\/www.ranqer.com\/wp-content\/uploads\/2021\/10\/bolcom_logo_blauw_rgb.png\" loading=\"lazy\" alt=\"\" class=\"dealers__single__logo-img\">\n                            <div class=\"dealers__single__details\">\n                                                            <div class=\"dealers__single__countries\">\n                                                                                                          <div class=\"dealers__single__countries__single\">NL<\/div>\n                                                                        <div class=\"dealers__single__countries__single\">BE<\/div>\n                                                                <\/div>\n                              <img decoding=\"async\" src=\"https:\/\/www.ranqer.com\/wp-content\/themes\/vallonic-ranqer\/dist\/images\/vallonic__ranqer-com__icons__arrow-right__orange_143c2b49.svg\" loading=\"lazy\" alt=\"\" class=\"dealers__single__arrow-right\">\n                            <\/div>\n                        <\/a>\n                    <\/div>\n                                    <div class=\"dealers__single-dealer\">\n                        <a href=\"https:\/\/amazon.com\" class=\"dealers__single__a w-inline-block\" target=\"_blank\" rel=\"noopener\">\n                            <img decoding=\"async\" src=\"https:\/\/www.ranqer.com\/wp-content\/uploads\/2021\/09\/vallonic__ranqer-com__dealers__amazon2x.png\" loading=\"lazy\" alt=\"\" class=\"dealers__single__logo-img\">\n                            <div class=\"dealers__single__details\">\n                                                            <div class=\"dealers__single__countries\">\n                                                                                                          <div class=\"dealers__single__countries__single\">NL<\/div>\n                                                                        <div class=\"dealers__single__countries__single\">FR<\/div>\n                                                                        <div class=\"dealers__single__countries__single\">DE<\/div>\n                                                                <\/div>\n                              <img decoding=\"async\" src=\"https:\/\/www.ranqer.com\/wp-content\/themes\/vallonic-ranqer\/dist\/images\/vallonic__ranqer-com__icons__arrow-right__orange_143c2b49.svg\" loading=\"lazy\" alt=\"\" class=\"dealers__single__arrow-right\">\n                            <\/div>\n                        <\/a>\n                    <\/div>\n                            <\/div>\n                            <\/div>\n<\/div>\n","protected":false},"excerpt":{"rendered":"","protected":false},"author":26,"featured_media":0,"parent":0,"menu_order":0,"comment_status":"closed","ping_status":"closed","template":"","meta":{"footnotes":""},"categories":[],"tags":[],"class_list":["post-8127","page","type-page","status-publish","hentry"],"_links":{"self":[{"href":"https:\/\/www.ranqer.com\/pl\/wp-json\/wp\/v2\/pages\/8127","targetHints":{"allow":["GET"]}}],"collection":[{"href":"https:\/\/www.ranqer.com\/pl\/wp-json\/wp\/v2\/pages"}],"about":[{"href":"https:\/\/www.ranqer.com\/pl\/wp-json\/wp\/v2\/types\/page"}],"author":[{"embeddable":true,"href":"https:\/\/www.ranqer.com\/pl\/wp-json\/wp\/v2\/users\/26"}],"replies":[{"embeddable":true,"href":"https:\/\/www.ranqer.com\/pl\/wp-json\/wp\/v2\/comments?post=8127"}],"version-history":[{"count":4,"href":"https:\/\/www.ranqer.com\/pl\/wp-json\/wp\/v2\/pages\/8127\/revisions"}],"predecessor-version":[{"id":14486,"href":"https:\/\/www.ranqer.com\/pl\/wp-json\/wp\/v2\/pages\/8127\/revisions\/14486"}],"wp:attachment":[{"href":"https:\/\/www.ranqer.com\/pl\/wp-json\/wp\/v2\/media?parent=8127"}],"wp:term":[{"taxonomy":"category","embeddable":true,"href":"https:\/\/www.ranqer.com\/pl\/wp-json\/wp\/v2\/categories?post=8127"},{"taxonomy":"post_tag","embeddable":true,"href":"https:\/\/www.ranqer.com\/pl\/wp-json\/wp\/v2\/tags?post=8127"}],"curies":[{"name":"wp","href":"https:\/\/api.w.org\/{rel}","templated":true}]}}