{"id":8074,"date":"2023-10-04T16:03:10","date_gmt":"2023-10-04T14:03:10","guid":{"rendered":"https:\/\/ranqer.com\/?page_id=8074"},"modified":"2024-04-18T15:09:55","modified_gmt":"2024-04-18T13:09:55","slug":"jak-moge-naprawic-skrzypiacy-fotel-gamingowy","status":"publish","type":"page","link":"https:\/\/www.ranqer.com\/pl\/jak-moge-naprawic-skrzypiacy-fotel-gamingowy\/","title":{"rendered":"Blog &#8211; How can I fix my squeaky gaming chair?"},"content":{"rendered":"\n<div class=\"wp-block-columns is-layout-flex wp-container-core-columns-is-layout-9d6595d7 wp-block-columns-is-layout-flex\">\n<div class=\"wp-block-column is-layout-flow wp-block-column-is-layout-flow\" style=\"flex-basis:100%\"><\/div>\n<\/div>\n\n\n<div class=\"section--full-width-image wf-section\">\n    \n    <div class=\"full-width-image__image-wrapper\">\n        <img decoding=\"async\" src=\"https:\/\/www.ranqer.com\/wp-content\/uploads\/2022\/06\/mijn-gamestoel-piept.jpg\" loading=\"lazy\" sizes=\"100vw\" alt=\"\" class=\"full-width-image__img\">\n    <\/div>\n\n            <img decoding=\"async\" src=\"https:\/\/www.ranqer.com\/wp-content\/themes\/vallonic-ranqer\/dist\/images\/vallonic__ranqer-com__decoration__divider-02_2f72479f.png\" loading=\"lazy\" alt=\"\" class=\"full-width-image__bottom-divider\">\n    <\/div>\n\n\n<div class=\"section--double-p wf-section\">\n    <div class=\"container w-container\">\n        <div class=\"double-p__title-wrapper\">\n                            <h2 class=\"double-p__main-title is--large\">\n                                        M\u00f3j fotel do gier skrzypi\n                <\/h2>\n\n                <h3 class=\"double-p__main-title is--sub\">\n                                        <strong class=\"double-p__main-title__orange\">Co powinienem zrobi\u0107?<\/strong> \n                <\/h3>\n                    <\/div>\n                    <div class=\"double-p__grid\">\n                                    <div class=\"double-p__block\">\n                        <h3 class=\"generic-typography__sub-title bottom--15 top--0\"><\/h3>\n                                                    <p class=\"generic-typography__paragraph\">Nikt nie lubi s\u0142ysze\u0107 skrzypienia i\/lub trzaskania, zw\u0142aszcza w pokoju do gier, gdzie ci\u0105gle si\u0119 przemieszczasz, aby czu\u0107 si\u0119 komfortowo. Ale smutn\u0105 rzeczywisto\u015bci\u0105 wielu foteli do gier jest to, \u017ce mog\u0105 zacz\u0105\u0107 skrzypie\u0107 lub trzeszcze\u0107 po pewnym czasie. Naturalne jest, \u017ce w pewnym momencie mo\u017ce to sta\u0107 si\u0119 irytuj\u0105ce, ale istnieje wiele rzeczy, kt\u00f3re mo\u017cna zrobi\u0107, aby temu zapobiec. W tym wpisie na blogu poka\u017cemy ci, jak zapobiec skrzypieniu twojego fotela do gier Ranqer, dzi\u0119ki czemu b\u0119dziesz m\u00f3g\u0142 sta\u0107 si\u0119 skupionym profesjonalnym graczem, o jakim zawsze marzy\u0142e\u015b.<\/p>\n\n                                            <\/div>\n                                    <div class=\"double-p__block\">\n                        <h3 class=\"generic-typography__sub-title bottom--15 top--0\"><\/h3>\n                                                    <p class=\"generic-typography__paragraph\">Skrzypienie lub trzaskanie mo\u017ce by\u0107 spowodowane konstrukcj\u0105 fotela lub \u015brubami, kt\u00f3re mog\u0105 wymaga\u0107 dokr\u0119cenia. Og\u00f3lnie rzecz bior\u0105c, istnieje wiele rzeczy, kt\u00f3re mo\u017cna zrobi\u0107, aby to naprawi\u0107, i warto spr\u00f3bowa\u0107.<\/p>\n\n                                            <\/div>\n                            <\/div>\n            <\/div>\n<\/div>\n\n\n<div class=\"section--detail-shots wf-section\">\n    <div class=\"container w-container\">\n        <h2 class=\"generic-typography__section-title\">\n                                                OSTATECZNY <span class=\"collection__title__orange\"> PLAN DZIA\u0141ANIA <\/span>\n        <\/h2>\n    <\/div>\n                                    \n\n              <div class=\"detail-shots__section is--first\">\n                  <div class=\"detail-shots__image-column\">\n                      <img decoding=\"async\" src=\"\" loading=\"lazy\" alt=\"\" class=\"detail-shots__single-image\">\n                  <\/div>\n                  <div class=\"detail-shots__desc-column is--right\">\n                      <div class=\"detail-shots__desc-column__inner is--right\">\n                          <h3 class=\"detail-shots__desc-title\">\n                              KROK 1\n                          <\/h3>\n                          <h4 class=\"generic-typography__sub-title bottom--15 top--0\">\n                              Zidentyfikuj, sk\u0105d pochodzi skrzypienie.\n                          <\/h4>\n                          <p class=\"generic-typography__paragraph\">\n                              Zanim zajmiesz si\u0119 problemem, musisz dok\u0142adnie ustali\u0107, sk\u0105d on pochodzi. Dobrym sposobem na to jest kilkakrotne siadanie i wstawanie z fotela, przesuwanie go, kilkukrotne regulowanie oparcia i jednoczesne s\u0142uchanie, sk\u0105d dochodzi d\u017awi\u0119k. Mo\u017cesz tak\u017ce spr\u00f3bowa\u0107 porusza\u0107 fotelem w prz\u00f3d i w ty\u0142 oraz przesuwa\u0107 go po pokoju, aby dowiedzie\u0107 si\u0119, czy d\u017awi\u0119k pochodzi od k\u00f3\u0142ek. Mo\u017cesz r\u00f3wnie\u017c dostosowa\u0107 wysoko\u015b\u0107 fotela, aby sprawdzi\u0107, czy problem pochodzi od podno\u015bnika gazowego.\r\nSkrzypienie cz\u0119sto pochodzi od jednej lub wi\u0119cej z wymienionych wy\u017cej cz\u0119\u015bci.\n                          <\/p>\n                      <\/div>\n                  <\/div>\n              <\/div>\n                                                            <div class=\"detail-shots__section \">\n                    <div class=\"detail-shots__desc-column is--left\">\n                        <div class=\"detail-shots__desc-column__inner is--left\">\n                            <h3 class=\"detail-shots__desc-title\">\n                                KROK 2\n                            <\/h3>\n                            <h4 class=\"generic-typography__sub-title bottom--15 top--0\">\n                                Sprawd\u017a instrukcj\u0119 obs\u0142ugi dostarczon\u0105 wraz z fotelami.\n                            <\/h4>\n                            <p class=\"generic-typography__paragraph\">\n                                Przejrzyj przewodnik ponownie, gdy ju\u017c zidentyfikujesz \u017ar\u00f3d\u0142o d\u017awi\u0119ku. W ten spos\u00f3b dowiesz si\u0119, czy co\u015b zosta\u0142o pomini\u0119te podczas monta\u017cu. Wa\u017cne jest, aby\u015b post\u0119powa\u0142 zgodnie z przewodnikiem krok po kroku. Po potwierdzeniu, \u017ce wszystko jest na w\u0142a\u015bciwym miejscu, przejd\u017a do kroku 3.\n                            <\/p>\n                        <\/div>\n                    <\/div>\n                    <div class=\"detail-shots__image-column\">\n                        <img decoding=\"async\" src=\"\" loading=\"lazy\" alt=\"\" class=\"detail-shots__single-image\">\n                    <\/div>\n                <\/div>\n                                            \n\n              <div class=\"detail-shots__section \">\n                  <div class=\"detail-shots__image-column\">\n                      <img decoding=\"async\" src=\"\" loading=\"lazy\" alt=\"\" class=\"detail-shots__single-image\">\n                  <\/div>\n                  <div class=\"detail-shots__desc-column is--right\">\n                      <div class=\"detail-shots__desc-column__inner is--right\">\n                          <h3 class=\"detail-shots__desc-title\">\n                              KROK 3\n                          <\/h3>\n                          <h4 class=\"generic-typography__sub-title bottom--15 top--0\">\n                              Naoliw\n                          <\/h4>\n                          <p class=\"generic-typography__paragraph\">\n                              Na\u0142\u00f3\u017c troch\u0119 smaru lub sprayu na obszar, z kt\u00f3rego dochodzi skrzypienie lub trzaskanie. Pomaga to zrobi\u0107 stawy bardziej g\u0142adkimi i lu\u017aniejszymi. Jak wiesz, tarcie jest g\u0142\u00f3wn\u0105 przyczyn\u0105 skrzypienia. Je\u015bli cz\u0119\u015bci twojego fotela do gier tr\u0105 si\u0119 mocno o siebie nawzajem, tarcie mo\u017ce nie tylko wydawa\u0107 nieprzyjemny d\u017awi\u0119k, ale tak\u017ce powodowa\u0107 p\u0119kni\u0119cia i szybsze zu\u017cycie fotela.\n                          <\/p>\n                      <\/div>\n                  <\/div>\n              <\/div>\n                                                            <div class=\"detail-shots__section \">\n                    <div class=\"detail-shots__desc-column is--left\">\n                        <div class=\"detail-shots__desc-column__inner is--left\">\n                            <h3 class=\"detail-shots__desc-title\">\n                                KROK 4\n                            <\/h3>\n                            <h4 class=\"generic-typography__sub-title bottom--15 top--0\">\n                                Odkr\u0119\u0107 \u015bruby\n                            <\/h4>\n                            <p class=\"generic-typography__paragraph\">\n                                Je\u015bli ha\u0142as nadal wyst\u0119puje, istnieje mo\u017cliwo\u015b\u0107, \u017ce smarowanie musi by\u0107 dok\u0142adniej na\u0142o\u017cone g\u0142\u0119biej w siedzisku. Dlatego zalecamy, aby\u015b usun\u0105\u0142 \u015bruby i nakr\u0119tki przed na\u0142o\u017ceniem smaru g\u0142\u0119biej.\n                            <\/p>\n                        <\/div>\n                    <\/div>\n                    <div class=\"detail-shots__image-column\">\n                        <img decoding=\"async\" src=\"\" loading=\"lazy\" alt=\"\" class=\"detail-shots__single-image\">\n                    <\/div>\n                <\/div>\n                                            \n\n              <div class=\"detail-shots__section \">\n                  <div class=\"detail-shots__image-column\">\n                      <img decoding=\"async\" src=\"https:\/\/www.ranqer.com\/wp-content\/uploads\/2021\/10\/Ranqer-Halo-Details.png\" loading=\"lazy\" alt=\"\" class=\"detail-shots__single-image\">\n                  <\/div>\n                  <div class=\"detail-shots__desc-column is--right\">\n                      <div class=\"detail-shots__desc-column__inner is--right\">\n                          <h3 class=\"detail-shots__desc-title\">\n                              KROK 5\n                          <\/h3>\n                          <h4 class=\"generic-typography__sub-title bottom--15 top--0\">\n                              Naoliwiaj oparcie swojego fotela.\n                          <\/h4>\n                          <p class=\"generic-typography__paragraph\">\n                              Wi\u0119kszo\u015b\u0107 posiadaczy foteli do gier twierdzi, \u017ce skrzypienie\/trzaskanie wyst\u0119puje, gdy przechylaj\u0105 si\u0119 do ty\u0142u na fotelu. Czy to r\u00f3wnie\u017c ma miejsce w twoim przypadku? W takim razie we\u017a sw\u00f3j \u015brodek smaruj\u0105cy i na\u0142\u00f3\u017c go tam, gdzie koniec spr\u0119\u017cyny dotyka obudowy.\n                          <\/p>\n                      <\/div>\n                  <\/div>\n              <\/div>\n                                                            <div class=\"detail-shots__section \">\n                    <div class=\"detail-shots__desc-column is--left\">\n                        <div class=\"detail-shots__desc-column__inner is--left\">\n                            <h3 class=\"detail-shots__desc-title\">\n                                KROK 6\n                            <\/h3>\n                            <h4 class=\"generic-typography__sub-title bottom--15 top--0\">\n                                Czy k\u00f3\u0142ka s\u0105 problemem?\n                            <\/h4>\n                            <p class=\"generic-typography__paragraph\">\n                                Nanie\u015b spray smaruj\u0105cy na ka\u017cde ko\u0142o. Je\u015bli ha\u0142as nadal wyst\u0119puje, mo\u017ce by\u0107 konieczne zakupienie nowego zestawu k\u00f3\u0142 Ranqer.\n                            <\/p>\n                        <\/div>\n                    <\/div>\n                    <div class=\"detail-shots__image-column\">\n                        <img decoding=\"async\" src=\"\" loading=\"lazy\" alt=\"\" class=\"detail-shots__single-image\">\n                    <\/div>\n                <\/div>\n                                            \n\n              <div class=\"detail-shots__section \">\n                  <div class=\"detail-shots__image-column\">\n                      <img decoding=\"async\" src=\"\" loading=\"lazy\" alt=\"\" class=\"detail-shots__single-image\">\n                  <\/div>\n                  <div class=\"detail-shots__desc-column is--right\">\n                      <div class=\"detail-shots__desc-column__inner is--right\">\n                          <h3 class=\"detail-shots__desc-title\">\n                              KROK 7\n                          <\/h3>\n                          <h4 class=\"generic-typography__sub-title bottom--15 top--0\">\n                              Nie pr\u00f3buj wykonywa\u0107 intensywnego konserwowania, je\u015bli nie masz odpowiednich kwalifikacji.\n                          <\/h4>\n                          <p class=\"generic-typography__paragraph\">\n                              Naprawa fotela do gier mo\u017ce by\u0107 \u0142atwym zadaniem, je\u015bli problem dotyczy tylko powierzchni. Te problemy zazwyczaj \u0142atwo jest zidentyfikowa\u0107, a szybka naprawa, taka jak smarowanie, mo\u017ce pom\u00f3c w rozwi\u0105zaniu takiego problemu. Jednak je\u015bli nie jeste\u015b pewien, sk\u0105d pochodzi d\u017awi\u0119k, lub powy\u017csze kroki nie pomagaj\u0105, wa\u017cne jest, aby przerwa\u0107 dalsze naprawy, poniewa\u017c mo\u017cesz spowodowa\u0107 wi\u0119ksze uszkodzenia. W takim przypadku skontaktuj si\u0119 z obs\u0142ug\u0105 klienta Ranqer, aby sprawdzili, czy problem mie\u015bci si\u0119 w ramach gwarancji.\n                          <\/p>\n                      <\/div>\n                  <\/div>\n              <\/div>\n                                                            <div class=\"detail-shots__section \">\n                    <div class=\"detail-shots__desc-column is--left\">\n                        <div class=\"detail-shots__desc-column__inner is--left\">\n                            <h3 class=\"detail-shots__desc-title\">\n                                KROK 8\n                            <\/h3>\n                            <h4 class=\"generic-typography__sub-title bottom--15 top--0\">\n                                Podj\u0119cie \u015brodk\u00f3w ostro\u017cno\u015bci\n                            <\/h4>\n                            <p class=\"generic-typography__paragraph\">\n                                Warto r\u00f3wnie\u017c wiedzie\u0107, \u017ce nawet najmocniejsze i najbardziej trwa\u0142e modele foteli do gier ulegaj\u0105 zu\u017cyciu. Dlatego zawsze traktuj sw\u00f3j fotel do gier ostro\u017cnie, aby m\u00f3c go u\u017cywa\u0107 przez d\u0142u\u017cszy okres czasu.\n                            <\/p>\n                        <\/div>\n                    <\/div>\n                    <div class=\"detail-shots__image-column\">\n                        <img decoding=\"async\" src=\"https:\/\/www.ranqer.com\/wp-content\/uploads\/2021\/09\/Ranqer-halo-RGB-gaming-chair.png\" loading=\"lazy\" alt=\"\" class=\"detail-shots__single-image\">\n                    <\/div>\n                <\/div>\n                        <\/div>\n\n\n\n<div class=\"wp-block-group is-layout-flow wp-block-group-is-layout-flow\"><\/div>\n\n\n<div class=\"section--dealers wf-section\" id=\"dealers\">\n    <div class=\"container w-container\">\n        <div class=\"dealers__description-grid\">\n            <div class=\"dealers__desc-column\">\n                <h2 class=\"generic-typography__section-title\">\n                                                                                ZAKUP <span class=\"collection__title__orange\">TERAZ<\/span>\n                <\/h2>\n                <h3 class=\"generic-typography__sub-title bottom--15\">\n                    \n                <\/h3>\n                <p class=\"generic-typography__paragraph\">\n                    Wspania\u0142y komfort i design. Fotele do gier Ranqer dost\u0119pne teraz. Podnie\u015b swoje wyposa\u017cenie do gier, wybieraj\u0105c jeden z czterech luksusowych foteli do gier.\n                <\/p>\n            <\/div>\n        <\/div>\n                    <div class=\"dealers__grid\">\n                                    <div class=\"dealers__single-dealer\">\n                        <a href=\"https:\/\/www.sbsupply.eu\/ranqer\" class=\"dealers__single__a w-inline-block\" target=\"_blank\" rel=\"noopener\">\n                            <img decoding=\"async\" src=\"https:\/\/www.ranqer.com\/wp-content\/uploads\/2021\/09\/sbsupply-logo-500x1000-1.png\" loading=\"lazy\" alt=\"\" class=\"dealers__single__logo-img\">\n                            <div class=\"dealers__single__details\">\n                                                            <div class=\"dealers__single__countries\">\n                                                                                                          <div class=\"dealers__single__countries__single\">NL<\/div>\n                                                                        <div class=\"dealers__single__countries__single\">BE<\/div>\n                                                                        <div class=\"dealers__single__countries__single\">DE<\/div>\n                                                                        <div class=\"dealers__single__countries__single\">FR<\/div>\n                                                                <\/div>\n                              <img decoding=\"async\" src=\"https:\/\/www.ranqer.com\/wp-content\/themes\/vallonic-ranqer\/dist\/images\/vallonic__ranqer-com__icons__arrow-right__orange_143c2b49.svg\" loading=\"lazy\" alt=\"\" class=\"dealers__single__arrow-right\">\n                            <\/div>\n                        <\/a>\n                    <\/div>\n                                    <div class=\"dealers__single-dealer\">\n                        <a href=\"https:\/\/www.bol.com\/nl\/nl\/b\/ranqer\/603579028\/\" class=\"dealers__single__a w-inline-block\" target=\"_blank\" rel=\"noopener\">\n                            <img decoding=\"async\" src=\"https:\/\/www.ranqer.com\/wp-content\/uploads\/2021\/10\/bolcom_logo_blauw_rgb.png\" loading=\"lazy\" alt=\"\" class=\"dealers__single__logo-img\">\n                            <div class=\"dealers__single__details\">\n                                                            <div class=\"dealers__single__countries\">\n                                                                                                          <div class=\"dealers__single__countries__single\">NL<\/div>\n                                                                        <div class=\"dealers__single__countries__single\">BE<\/div>\n                                                                <\/div>\n                              <img decoding=\"async\" src=\"https:\/\/www.ranqer.com\/wp-content\/themes\/vallonic-ranqer\/dist\/images\/vallonic__ranqer-com__icons__arrow-right__orange_143c2b49.svg\" loading=\"lazy\" alt=\"\" class=\"dealers__single__arrow-right\">\n                            <\/div>\n                        <\/a>\n                    <\/div>\n                                    <div class=\"dealers__single-dealer\">\n                        <a href=\"https:\/\/amazon.com\" class=\"dealers__single__a w-inline-block\" target=\"_blank\" rel=\"noopener\">\n                            <img decoding=\"async\" src=\"https:\/\/www.ranqer.com\/wp-content\/uploads\/2021\/09\/vallonic__ranqer-com__dealers__amazon2x.png\" loading=\"lazy\" alt=\"\" class=\"dealers__single__logo-img\">\n                            <div class=\"dealers__single__details\">\n                                                            <div class=\"dealers__single__countries\">\n                                                                                                          <div class=\"dealers__single__countries__single\">NL<\/div>\n                                                                        <div class=\"dealers__single__countries__single\">FR<\/div>\n                                                                        <div class=\"dealers__single__countries__single\">DE<\/div>\n                                                                <\/div>\n                              <img decoding=\"async\" src=\"https:\/\/www.ranqer.com\/wp-content\/themes\/vallonic-ranqer\/dist\/images\/vallonic__ranqer-com__icons__arrow-right__orange_143c2b49.svg\" loading=\"lazy\" alt=\"\" class=\"dealers__single__arrow-right\">\n                            <\/div>\n                        <\/a>\n                    <\/div>\n                            <\/div>\n                            <\/div>\n<\/div>\n","protected":false},"excerpt":{"rendered":"","protected":false},"author":26,"featured_media":0,"parent":0,"menu_order":0,"comment_status":"closed","ping_status":"closed","template":"","meta":{"footnotes":""},"categories":[],"tags":[],"class_list":["post-8074","page","type-page","status-publish","hentry"],"_links":{"self":[{"href":"https:\/\/www.ranqer.com\/pl\/wp-json\/wp\/v2\/pages\/8074","targetHints":{"allow":["GET"]}}],"collection":[{"href":"https:\/\/www.ranqer.com\/pl\/wp-json\/wp\/v2\/pages"}],"about":[{"href":"https:\/\/www.ranqer.com\/pl\/wp-json\/wp\/v2\/types\/page"}],"author":[{"embeddable":true,"href":"https:\/\/www.ranqer.com\/pl\/wp-json\/wp\/v2\/users\/26"}],"replies":[{"embeddable":true,"href":"https:\/\/www.ranqer.com\/pl\/wp-json\/wp\/v2\/comments?post=8074"}],"version-history":[{"count":5,"href":"https:\/\/www.ranqer.com\/pl\/wp-json\/wp\/v2\/pages\/8074\/revisions"}],"predecessor-version":[{"id":14472,"href":"https:\/\/www.ranqer.com\/pl\/wp-json\/wp\/v2\/pages\/8074\/revisions\/14472"}],"wp:attachment":[{"href":"https:\/\/www.ranqer.com\/pl\/wp-json\/wp\/v2\/media?parent=8074"}],"wp:term":[{"taxonomy":"category","embeddable":true,"href":"https:\/\/www.ranqer.com\/pl\/wp-json\/wp\/v2\/categories?post=8074"},{"taxonomy":"post_tag","embeddable":true,"href":"https:\/\/www.ranqer.com\/pl\/wp-json\/wp\/v2\/tags?post=8074"}],"curies":[{"name":"wp","href":"https:\/\/api.w.org\/{rel}","templated":true}]}}