{"id":8006,"date":"2023-10-04T14:21:48","date_gmt":"2023-10-04T12:21:48","guid":{"rendered":"https:\/\/ranqer.com\/?page_id=8006"},"modified":"2024-07-03T16:21:51","modified_gmt":"2024-07-03T14:21:51","slug":"fotel-gamingowy-dla-wysokich-i-ciezszych-osob","status":"publish","type":"page","link":"https:\/\/www.ranqer.com\/pl\/fotel-gamingowy-dla-wysokich-i-ciezszych-osob\/","title":{"rendered":"Blog &#8211; Gaming chair for tall and heavier people"},"content":{"rendered":"<div class=\"section--full-width-image wf-section\">\n    \n    <div class=\"full-width-image__image-wrapper\">\n        <img decoding=\"async\" src=\"https:\/\/www.ranqer.com\/wp-content\/uploads\/2022\/06\/gamestoel-voor-zware-mensen-header-4.jpg\" loading=\"lazy\" sizes=\"100vw\" alt=\"\" class=\"full-width-image__img\">\n    <\/div>\n\n            <img decoding=\"async\" src=\"https:\/\/www.ranqer.com\/wp-content\/themes\/vallonic-ranqer\/dist\/images\/vallonic__ranqer-com__decoration__divider-02_2f72479f.png\" loading=\"lazy\" alt=\"\" class=\"full-width-image__bottom-divider\">\n    <\/div>\n\n\n<div class=\"section--double-p wf-section\">\n    <div class=\"container w-container\">\n        <div class=\"double-p__title-wrapper\">\n                            <h2 class=\"double-p__main-title is--large\">\n                                        Fotel gamingowy dla wysokich i ci\u0119\u017cszych os\u00f3b\n                <\/h2>\n\n                <h3 class=\"double-p__main-title is--sub\">\n                                        <strong class=\"double-p__main-title__orange\">Co powinienem wybra\u0107?<\/strong>\n                <\/h3>\n                    <\/div>\n                    <div class=\"double-p__grid\">\n                                    <div class=\"double-p__block\">\n                        <h3 class=\"generic-typography__sub-title bottom--15 top--0\"><\/h3>\n                                                    <p class=\"generic-typography__paragraph\">Fotele do gier dla wy\u017cszych lub ci\u0119\u017cszych os\u00f3b stanowi\u0105 sam\u0105 w sobie problem, niemal wszystkie fotele do gier, kt\u00f3re widzisz u swoich ulubionych graczy, streamer\u00f3w czy YouTuber\u00f3w, maj\u0105 ograniczenie wzrostu i wagi, kt\u00f3re nie ka\u017cdy mo\u017ce spe\u0142ni\u0107. Ale nie martw si\u0119, istniej\u0105 doskona\u0142e fotele do gier dla wy\u017cszych i ci\u0119\u017cszych os\u00f3b<\/p>\n\n                                            <\/div>\n                                    <div class=\"double-p__block\">\n                        <h3 class=\"generic-typography__sub-title bottom--15 top--0\"><\/h3>\n                                                    <p class=\"generic-typography__paragraph\">Kt\u00f3re s\u0105 faktycznie bardziej wygodne od swoich odpowiednik\u00f3w. W tym blogu powiemy ci, na co zwraca\u0107 uwag\u0119 podczas podejmowania decyzji zakupowej i jaki fotel do gier jest odpowiedni dla ciebie!<\/p>\n\n                                            <\/div>\n                            <\/div>\n            <\/div>\n<\/div>\n\n\n\n<div class=\"wp-block-group is-layout-flow wp-block-group-is-layout-flow\"><div class=\"section--detail-shots wf-section\">\n    <div class=\"container w-container\">\n        <h2 class=\"generic-typography__section-title\">\n                                                \n        <\/h2>\n    <\/div>\n                                    \n\n              <div class=\"detail-shots__section is--first\">\n                  <div class=\"detail-shots__image-column\">\n                      <img decoding=\"async\" src=\"https:\/\/www.ranqer.com\/wp-content\/uploads\/2022\/06\/gamestoel-zware-mensen.jpg\" loading=\"lazy\" alt=\"\" class=\"detail-shots__single-image\">\n                  <\/div>\n                  <div class=\"detail-shots__desc-column is--right\">\n                      <div class=\"detail-shots__desc-column__inner is--right\">\n                          <h3 class=\"detail-shots__desc-title\">\n                              Ranqer Performance\n                          <\/h3>\n                          <h4 class=\"generic-typography__sub-title bottom--15 top--0\">\n                              \n                          <\/h4>\n                          <p class=\"generic-typography__paragraph\">\n                              Ranqer Performance to doskona\u0142y fotel do gier dla wysokich i ci\u0119\u017cszych os\u00f3b. Jego wysoka jako\u015b\u0107 wykonania, du\u017ca no\u015bno\u015b\u0107, dodatkowe wy\u015bcie\u0142anie oraz no\u015bno\u015b\u0107 do 200 kg czyni\u0105 go niezast\u0105pionym dla najbardziej przyjemnych do\u015bwiadcze\u0144 w grach, pracy i nauce w twoim \u017cyciu. \u017baden inny fotel do gier nie posiada tych cech w eleganckim designie. Performance to najwi\u0119kszy i najbardziej solidny fotel do gier na rynku. Pomimo \u017ce jest zaprojektowany dla ci\u0119\u017ckich os\u00f3b, oferuje doskona\u0142y komfort dla graczy o r\u00f3\u017cnych rozmiarach! Dzi\u0119ki klasie 4 podno\u015bnika gazowego i 5 ko\u0142om u podstawy, ten fotel do gier cieszy si\u0119 du\u017c\u0105 popularno\u015bci\u0105 w\u015br\u00f3d du\u017cych graczy!\n                          <\/p>\n                      <\/div>\n                  <\/div>\n              <\/div>\n                        <\/div>\n<\/div>\n\n\n<div class=\"section--double-p wf-section\">\n    <div class=\"container w-container\">\n        <div class=\"double-p__title-wrapper\">\n                            <h2 class=\"double-p__main-title\">\n                                        \n                <\/h2>\n                    <\/div>\n                    <div class=\"double-p__grid\">\n                                    <div class=\"double-p__block\">\n                        <h3 class=\"generic-typography__sub-title bottom--15 top--0\"><\/h3>\n                                                    <p class=\"generic-typography__paragraph\">\n                                <h2>SPECYFIKACJE<\/h2>\n\n                            <\/p>\n                                            <\/div>\n                                    <div class=\"double-p__block\">\n                        <h3 class=\"generic-typography__sub-title bottom--15 top--0\"><\/h3>\n                                                    <p class=\"generic-typography__paragraph\">&#8211; Wysoko\u015b\u0107: 134-142 cm<\/p>\n<p class=\"generic-typography__paragraph\">&#8211; Regulowane pod\u0142okietniki<\/p>\n<p class=\"generic-typography__paragraph\">&#8211; Podstawa typu gwiazda<\/p>\n<p class=\"generic-typography__paragraph\">&#8211; Podno\u015bnik gazowy klasy 4<\/p>\n<p class=\"generic-typography__paragraph\">&#8211; Regulowana wysoko\u015b\u0107<\/p>\n<p class=\"generic-typography__paragraph\">&#8211; Regulowana g\u0142\u0119boko\u015b\u0107 siedzenia<\/p>\n<p class=\"generic-typography__paragraph\">&#8211; No\u015bno\u015b\u0107: do 200 kg<\/p>\n<p class=\"generic-typography__paragraph\">&#8211; Siedzisko: szeroko\u015b\u0107 56 cm, regulowana wysoko\u015b\u0107 do 10 cm, g\u0142\u0119boko\u015b\u0107 58 cm<\/p>\n<p class=\"generic-typography__paragraph\">&#8211; Oparcie: szeroko\u015b\u0107 59 cm, wysoko\u015b\u0107 88 cm<\/p>\n<p class=\"generic-typography__paragraph\">&nbsp;<\/p>\n<p class=\"generic-typography__paragraph\">Kliknij tutaj, aby zobaczy\u0107 <a href=\"https:\/\/www.sbsupply.eu\/ranqer-comfort-office-chair-gaming-chair-white-black\" target=\"_blank\" rel=\"noopener\">Ranqer Comfort<\/a><\/p>\n\n                                            <\/div>\n                            <\/div>\n            <\/div>\n<\/div>\n\n\n<div class=\"section--detail-shots wf-section\">\n    <div class=\"container w-container\">\n        <h2 class=\"generic-typography__section-title\">\n                                                \n        <\/h2>\n    <\/div>\n                                    \n\n              <div class=\"detail-shots__section is--first\">\n                  <div class=\"detail-shots__image-column\">\n                      <img decoding=\"async\" src=\"https:\/\/www.ranqer.com\/wp-content\/uploads\/2022\/06\/gamestoel-voor-zware-mensen-ranqer-felix-2.jpg\" loading=\"lazy\" alt=\"\" class=\"detail-shots__single-image\">\n                  <\/div>\n                  <div class=\"detail-shots__desc-column is--right\">\n                      <div class=\"detail-shots__desc-column__inner is--right\">\n                          <h3 class=\"detail-shots__desc-title\">\n                              Ranqer Felix \n                          <\/h3>\n                          <h4 class=\"generic-typography__sub-title bottom--15 top--0\">\n                              \n                          <\/h4>\n                          <p class=\"generic-typography__paragraph\">\n                              Ten fotel do gier oferuje pierwszorz\u0119dne do\u015bwiadczenie siedzenia w cenie dost\u0119pnej dla pocz\u0105tkuj\u0105cych. Wszystkie komponenty i materia\u0142y u\u017cyte w tej serii s\u0105 starannie wybrane, aby zapewni\u0107 wsparcie, kt\u00f3rego zas\u0142ugujesz podczas d\u0142ugich sesji przed komputerem. Nawet je\u015bli jeste\u015b nieco wy\u017cszy!\n                          <\/p>\n                      <\/div>\n                  <\/div>\n              <\/div>\n                        <\/div>\n\n\n<div class=\"section--double-p wf-section\">\n    <div class=\"container w-container\">\n        <div class=\"double-p__title-wrapper\">\n                            <h2 class=\"double-p__main-title\">\n                                        \n                <\/h2>\n                    <\/div>\n                    <div class=\"double-p__grid\">\n                                    <div class=\"double-p__block\">\n                        <h3 class=\"generic-typography__sub-title bottom--15 top--0\"><\/h3>\n                                                    <p class=\"generic-typography__paragraph\">\n                                <h2>SPECYFIKACJE<\/h2>\n\n                            <\/p>\n                                            <\/div>\n                                    <div class=\"double-p__block\">\n                        <h3 class=\"generic-typography__sub-title bottom--15 top--0\"><\/h3>\n                                                    <p class=\"generic-typography__paragraph\">&#8211; Regulowana wysoko\u015b\u0107 siedziska, pod\u0142okietnik\u00f3w i oparcia<\/p>\n<p class=\"generic-typography__paragraph\">&#8211; Maksymalna waga 150 kg<\/p>\n<p class=\"generic-typography__paragraph\">&#8211; Poduszki pod l\u0119d\u017awie i kark<\/p>\n<p class=\"generic-typography__paragraph\"><a href=\"https:\/\/www.ranqer.com\/ranqer-felix-gaming-chair\/\"><strong>Fotel Ranqer Felix Gaming Chair<\/strong><\/a>\u00a0jest dost\u0119pny w r\u00f3\u017cnych kolorach.<\/p>\n\n                                            <\/div>\n                            <\/div>\n            <\/div>\n<\/div>\n\n\n<div class=\"section--dealers wf-section\" id=\"dealers\">\n    <div class=\"container w-container\">\n        <div class=\"dealers__description-grid\">\n            <div class=\"dealers__desc-column\">\n                <h2 class=\"generic-typography__section-title\">\n                                                                                ZAKUP <span class=\"collection__title__orange\"> TERAZ<\/span>\n                <\/h2>\n                <h3 class=\"generic-typography__sub-title bottom--15\">\n                    \n                <\/h3>\n                <p class=\"generic-typography__paragraph\">\n                    Wszystkie fotele Ranqer s\u0105 wykonane z trwa\u0142ej, wysokiej jako\u015bci sk\u00f3ry PU, aby zagwarantowa\u0107 d\u0142ugotrwa\u0142o\u015b\u0107. Wszystkie posiadaj\u0105 mechanizm pochylenia umo\u017cliwiaj\u0105cy regulacj\u0119 od pionowej do poziomej pozycji oraz regulacj\u0119 wysoko\u015bci. Fotele do gier Ranqer posiadaj\u0105 tak\u017ce podstaw\u0119 z nylonu, co oznacza, \u017ce nie b\u0119dziesz rozpraszany d\u017awi\u0119kami skrzypienia, kt\u00f3re zazwyczaj wydaje metalowa podstawa. Ponadto, podstawa posiada (kolorowe) akcenty z materia\u0142u antypo\u015blizgowego, na kt\u00f3rych mo\u017cna opiera\u0107 stopy.\n                <\/p>\n            <\/div>\n        <\/div>\n                    <div class=\"dealers__grid\">\n                                    <div class=\"dealers__single-dealer\">\n                        <a href=\"https:\/\/www.sbsupply.eu\/ranqer\" class=\"dealers__single__a w-inline-block\" target=\"_blank\" rel=\"noopener\">\n                            <img decoding=\"async\" src=\"https:\/\/www.ranqer.com\/wp-content\/uploads\/2021\/09\/sbsupply-logo-500x1000-1.png\" loading=\"lazy\" alt=\"\" class=\"dealers__single__logo-img\">\n                            <div class=\"dealers__single__details\">\n                                                            <div class=\"dealers__single__countries\">\n                                                                                                          <div class=\"dealers__single__countries__single\">NL<\/div>\n                                                                        <div class=\"dealers__single__countries__single\">BE<\/div>\n                                                                        <div class=\"dealers__single__countries__single\">DE<\/div>\n                                                                        <div class=\"dealers__single__countries__single\">FR<\/div>\n                                                                <\/div>\n                              <img decoding=\"async\" src=\"https:\/\/www.ranqer.com\/wp-content\/themes\/vallonic-ranqer\/dist\/images\/vallonic__ranqer-com__icons__arrow-right__orange_143c2b49.svg\" loading=\"lazy\" alt=\"\" class=\"dealers__single__arrow-right\">\n                            <\/div>\n                        <\/a>\n                    <\/div>\n                                    <div class=\"dealers__single-dealer\">\n                        <a href=\"https:\/\/www.bol.com\/nl\/nl\/b\/ranqer\/603579028\/\" class=\"dealers__single__a w-inline-block\" target=\"_blank\" rel=\"noopener\">\n                            <img decoding=\"async\" src=\"https:\/\/www.ranqer.com\/wp-content\/uploads\/2021\/10\/bolcom_logo_blauw_rgb.png\" loading=\"lazy\" alt=\"\" class=\"dealers__single__logo-img\">\n                            <div class=\"dealers__single__details\">\n                                                            <div class=\"dealers__single__countries\">\n                                                                                                          <div class=\"dealers__single__countries__single\">NL<\/div>\n                                                                        <div class=\"dealers__single__countries__single\">BE<\/div>\n                                                                <\/div>\n                              <img decoding=\"async\" src=\"https:\/\/www.ranqer.com\/wp-content\/themes\/vallonic-ranqer\/dist\/images\/vallonic__ranqer-com__icons__arrow-right__orange_143c2b49.svg\" loading=\"lazy\" alt=\"\" class=\"dealers__single__arrow-right\">\n                            <\/div>\n                        <\/a>\n                    <\/div>\n                                    <div class=\"dealers__single-dealer\">\n                        <a href=\"https:\/\/amazon.com\" class=\"dealers__single__a w-inline-block\" target=\"_blank\" rel=\"noopener\">\n                            <img decoding=\"async\" src=\"https:\/\/www.ranqer.com\/wp-content\/uploads\/2021\/09\/vallonic__ranqer-com__dealers__amazon2x.png\" loading=\"lazy\" alt=\"\" class=\"dealers__single__logo-img\">\n                            <div class=\"dealers__single__details\">\n                                                            <div class=\"dealers__single__countries\">\n                                                                                                          <div class=\"dealers__single__countries__single\">NL<\/div>\n                                                                        <div class=\"dealers__single__countries__single\">FR<\/div>\n                                                                        <div class=\"dealers__single__countries__single\">DE<\/div>\n                                                                <\/div>\n                              <img decoding=\"async\" src=\"https:\/\/www.ranqer.com\/wp-content\/themes\/vallonic-ranqer\/dist\/images\/vallonic__ranqer-com__icons__arrow-right__orange_143c2b49.svg\" loading=\"lazy\" alt=\"\" class=\"dealers__single__arrow-right\">\n                            <\/div>\n                        <\/a>\n                    <\/div>\n                            <\/div>\n                            <\/div>\n<\/div>\n","protected":false},"excerpt":{"rendered":"","protected":false},"author":5,"featured_media":0,"parent":0,"menu_order":0,"comment_status":"closed","ping_status":"closed","template":"","meta":{"footnotes":""},"categories":[],"tags":[],"class_list":["post-8006","page","type-page","status-publish","hentry"],"_links":{"self":[{"href":"https:\/\/www.ranqer.com\/pl\/wp-json\/wp\/v2\/pages\/8006","targetHints":{"allow":["GET"]}}],"collection":[{"href":"https:\/\/www.ranqer.com\/pl\/wp-json\/wp\/v2\/pages"}],"about":[{"href":"https:\/\/www.ranqer.com\/pl\/wp-json\/wp\/v2\/types\/page"}],"author":[{"embeddable":true,"href":"https:\/\/www.ranqer.com\/pl\/wp-json\/wp\/v2\/users\/5"}],"replies":[{"embeddable":true,"href":"https:\/\/www.ranqer.com\/pl\/wp-json\/wp\/v2\/comments?post=8006"}],"version-history":[{"count":38,"href":"https:\/\/www.ranqer.com\/pl\/wp-json\/wp\/v2\/pages\/8006\/revisions"}],"predecessor-version":[{"id":18575,"href":"https:\/\/www.ranqer.com\/pl\/wp-json\/wp\/v2\/pages\/8006\/revisions\/18575"}],"wp:attachment":[{"href":"https:\/\/www.ranqer.com\/pl\/wp-json\/wp\/v2\/media?parent=8006"}],"wp:term":[{"taxonomy":"category","embeddable":true,"href":"https:\/\/www.ranqer.com\/pl\/wp-json\/wp\/v2\/categories?post=8006"},{"taxonomy":"post_tag","embeddable":true,"href":"https:\/\/www.ranqer.com\/pl\/wp-json\/wp\/v2\/tags?post=8006"}],"curies":[{"name":"wp","href":"https:\/\/api.w.org\/{rel}","templated":true}]}}