{"id":7996,"date":"2023-10-04T14:36:38","date_gmt":"2023-10-04T12:36:38","guid":{"rendered":"https:\/\/ranqer.com\/?page_id=7996"},"modified":"2024-04-18T14:59:46","modified_gmt":"2024-04-18T12:59:46","slug":"about-ranqer-pl","status":"publish","type":"page","link":"https:\/\/www.ranqer.com\/pl\/about-ranqer-pl\/","title":{"rendered":"All About Ranqer"},"content":{"rendered":"<div class=\"section--full-width-image wf-section\">\n    \n    <div class=\"full-width-image__image-wrapper\">\n        <img decoding=\"async\" src=\"https:\/\/www.ranqer.com\/wp-content\/uploads\/2021\/09\/banner-felix-scaled.jpg\" loading=\"lazy\" sizes=\"100vw\" alt=\"\" class=\"full-width-image__img\">\n    <\/div>\n\n            <img decoding=\"async\" src=\"https:\/\/www.ranqer.com\/wp-content\/themes\/vallonic-ranqer\/dist\/images\/vallonic__ranqer-com__decoration__divider-02_2f72479f.png\" loading=\"lazy\" alt=\"\" class=\"full-width-image__bottom-divider\">\n    <\/div>\n\n\n<div class=\"section--double-p wf-section\">\n    <div class=\"container w-container\">\n        <div class=\"double-p__title-wrapper\">\n                            <h2 class=\"double-p__main-title is--large\">\n                                        NASZ TRON, <strong class=\"double-p__main-title__orange\">TWOJE ZWYCI\u0118STWO<\/strong>\n                <\/h2>\n\n                <h3 class=\"double-p__main-title is--sub\">\n                                        KRZES\u0141A GAMINGOWE RANQER <strong class=\"double-p__main-title__orange\">Z O\u015aWIETLENIEM RGB <\/strong>\n                <\/h3>\n                    <\/div>\n                    <div class=\"double-p__grid\">\n                                    <div class=\"double-p__block\">\n                        <h3 class=\"generic-typography__sub-title bottom--15 top--0\">Dla zaanga\u017cowanego gracza.<\/h3>\n                                                    <p class=\"generic-typography__paragraph\">Bierzemy to, co ju\u017c istnieje, ulepszamy i zachowujemy przyst\u0119pno\u015b\u0107 cenow\u0105. Gry to wi\u0119cej ni\u017c tylko hobby, to styl \u017cycia, kt\u00f3ry wielu ludzi przyj\u0119\u0142o w ci\u0105gu ostatnich lat. Gry \u0142\u0105cz\u0105 ludzi, tworz\u0105 spo\u0142eczno\u015bci i poprawiaj\u0105 interakcje spo\u0142eczne poprzez swoje platformy. Bycie cz\u0119\u015bci\u0105 tak wa\u017cnej spo\u0142eczno\u015bci to nie tylko nasz cel, ale tak\u017ce nasza motywacja.<\/p>\n\n                                            <\/div>\n                                    <div class=\"double-p__block\">\n                        <h3 class=\"generic-typography__sub-title bottom--15 top--0\"><\/h3>\n                                                    <p class=\"generic-typography__paragraph\">Pracujemy ci\u0119\u017cko, aby uczyni\u0107 gr\u0119 bardziej fascynuj\u0105c\u0105 i zabawn\u0105, poprawiaj\u0105c twoje przestrzenie. Dzi\u0119ki Ranqer ka\u017cdy gracz ma szans\u0119 spersonalizowa\u0107 swoje do\u015bwiadczenie. \u00a0Z Ranqer, nie tworzysz tylko kr\u00f3lestwa gier, ale rz\u0105dzisz nim tak, jak chcesz.<\/p>\n\n                                            <\/div>\n                            <\/div>\n            <\/div>\n<\/div>\n\n\n<div class=\"section--detail-shots wf-section\">\n    <div class=\"container w-container\">\n        <h2 class=\"generic-typography__section-title\">\n                                                THE QUALITY <span class=\"collection__title__orange\">PROMISED BY RANQER<\/span>\n        <\/h2>\n    <\/div>\n                                    \n\n              <div class=\"detail-shots__section is--first\">\n                  <div class=\"detail-shots__image-column\">\n                      <img decoding=\"async\" src=\"https:\/\/www.ranqer.com\/wp-content\/uploads\/2021\/09\/vallonic__ranqer-com__detail-shot__dummy-12x.png\" loading=\"lazy\" alt=\"\" class=\"detail-shots__single-image\">\n                  <\/div>\n                  <div class=\"detail-shots__desc-column is--right\">\n                      <div class=\"detail-shots__desc-column__inner is--right\">\n                          <h3 class=\"detail-shots__desc-title\">\n                              NASZA MISJA\n                          <\/h3>\n                          <h4 class=\"generic-typography__sub-title bottom--15 top--0\">\n                              Rewolucja w twoim zestawie do gry\n                          <\/h4>\n                          <p class=\"generic-typography__paragraph\">\n                              Jeste\u015bmy tymi, kim chcesz, \u017ceby\u015bmy byli. Jeste\u015bmy twoimi ekspertami od (gamingowych) krzese\u0142, jeste\u015bmy twoimi przyjaci\u00f3\u0142mi do rozmowy, gdy masz w\u0105tpliwo\u015bci. W Ranqer wszyscy pracujemy nad rewolucj\u0105 w przemy\u015ble krzese\u0142 do gier. Chcemy zapewni\u0107 ci najlepsze do\u015bwiadczenie podczas korzystania z ekranu. Oznacza to siedzenie na w\u0142a\u015bciwym krze\u015ble przez godziny, bez poczucia winy!\n                          <\/p>\n                      <\/div>\n                  <\/div>\n              <\/div>\n                                                            <div class=\"detail-shots__section \">\n                    <div class=\"detail-shots__desc-column is--left\">\n                        <div class=\"detail-shots__desc-column__inner is--left\">\n                            <h3 class=\"detail-shots__desc-title\">\n                                D\u0104\u017bY\u0106 DO DOSKONA\u0141O\u015aCI\n                            <\/h3>\n                            <h4 class=\"generic-typography__sub-title bottom--15 top--0\">\n                                Komfort, jako\u015b\u0107 i orginalno\u015b\u0107\n                            <\/h4>\n                            <p class=\"generic-typography__paragraph\">\n                                D\u0105\u017cymy do osi\u0105gni\u0119cia najlepszych rezultat\u00f3w, koncentruj\u0105c si\u0119 na komforcie, jako\u015bci i oryginalno\u015bci. Fotele gamingowe Ranqer s\u0105 wykonane z wysokiej jako\u015bci i trwa\u0142ych materia\u0142\u00f3w, z dba\u0142o\u015bci\u0105 o tw\u00f3j bud\u017cet. Fotele gamingowe Ranqer s\u0105 r\u00f3wnie\u017c zaprojektowane, aby by\u0107 wszechstronne. Dost\u0119pne w r\u00f3\u017cnych kombinacjach kolor\u00f3w, masz pewno\u015b\u0107, \u017ce znajdziesz sw\u00f3j idealny fotel gamingowy. Fotele Ranqer pierwotnie zosta\u0142y zaprojektowane jako fotele gamingowe, ale mog\u0105 by\u0107 r\u00f3wnie\u017c u\u017cywane jako fotele biurowe.\n                            <\/p>\n                        <\/div>\n                    <\/div>\n                    <div class=\"detail-shots__image-column\">\n                        <img decoding=\"async\" src=\"https:\/\/www.ranqer.com\/wp-content\/uploads\/2021\/09\/vallonic__ranqer-com__detail-shot__dummy-22x.png\" loading=\"lazy\" alt=\"\" class=\"detail-shots__single-image\">\n                    <\/div>\n                <\/div>\n                                            \n\n              <div class=\"detail-shots__section \">\n                  <div class=\"detail-shots__image-column\">\n                      <img decoding=\"async\" src=\"https:\/\/www.ranqer.com\/wp-content\/uploads\/2021\/09\/vallonic__ranqer-com__detail-shot__dummy-12x.png\" loading=\"lazy\" alt=\"\" class=\"detail-shots__single-image\">\n                  <\/div>\n                  <div class=\"detail-shots__desc-column is--right\">\n                      <div class=\"detail-shots__desc-column__inner is--right\">\n                          <h3 class=\"detail-shots__desc-title\">\n                              KOMFORT\n                          <\/h3>\n                          <h4 class=\"generic-typography__sub-title bottom--15 top--0\">\n                              Osi\u0105gaj lepsze wyniki.\n                          <\/h4>\n                          <p class=\"generic-typography__paragraph\">\n                              Dzi\u0119ki fotelom do gier Ranqer nie musisz ju\u017c cierpie\u0107 na b\u00f3le plec\u00f3w. Zaprojektowane w taki spos\u00f3b, aby dostosowa\u0107 si\u0119 do kszta\u0142tu twojego kr\u0119gos\u0142upa, zapewniaj\u0105 pe\u0142ne wsparcie dla plec\u00f3w. Ka\u017cdy fotel posiada dwa poduszki, kt\u00f3re wspieraj\u0105 kluczowe obszary, takie jak kark i dolna cz\u0119\u015b\u0107 plec\u00f3w. Oba mo\u017cna ca\u0142kowicie dostosowa\u0107, aby zwi\u0119kszy\u0107 komfort. Opr\u00f3cz zapobiegania b\u00f3lom plec\u00f3w, chcesz oczywi\u015bcie skupi\u0107 si\u0119 na grze. Dzi\u0119ki tym rewolucyjnym fotelom do gier Ranqer osi\u0105gniesz lepsze wyniki i dominujesz w ka\u017cdej sesji gry!\n                          <\/p>\n                      <\/div>\n                  <\/div>\n              <\/div>\n                        <\/div>\n\n\n<div class=\"section--detail-shots wf-section\">\n    <div class=\"container w-container\">\n        <h2 class=\"generic-typography__section-title\">\n                                                GWARANTOWANA <span class=\"collection__title__orange\">JAKO\u015a\u0106 OD RANQER<\/span>\n        <\/h2>\n    <\/div>\n                                    \n\n              <div class=\"detail-shots__section is--first\">\n                  <div class=\"detail-shots__image-column\">\n                      <img decoding=\"async\" src=\"\" loading=\"lazy\" alt=\"\" class=\"detail-shots__single-image\">\n                  <\/div>\n                  <div class=\"detail-shots__desc-column is--right\">\n                      <div class=\"detail-shots__desc-column__inner is--right\">\n                          <h3 class=\"detail-shots__desc-title\">\n                              GAMING\n                          <\/h3>\n                          <h4 class=\"generic-typography__sub-title bottom--15 top--0\">\n                              Ranqer\n                          <\/h4>\n                          <p class=\"generic-typography__paragraph\">\n                              Pracujemy ci\u0119\u017cko, aby uczyni\u0107 gr\u0119 bardziej immersyjn\u0105 i przyjemn\u0105 poprzez ulepszanie konfiguracji, aby ka\u017cdy gracz mia\u0142 mo\u017cliwo\u015b\u0107 dostosowania swojego do\u015bwiadczenia. Dzi\u0119ki Ranqerowi nie tylko tworzysz kr\u00f3lestwo gier, ale r\u00f3wnie\u017c rz\u0105dzisz nim wed\u0142ug swojego uznania.\r\n\r\nWe work hard to make gaming more immersive and fun by improving set-ups, giving every gamer the chance to personalize their experience. With Ranqer, you don&#039;t just create a gaming kingdom, you rule it the way you want to.\n                          <\/p>\n                      <\/div>\n                  <\/div>\n              <\/div>\n                                                            <div class=\"detail-shots__section \">\n                    <div class=\"detail-shots__desc-column is--left\">\n                        <div class=\"detail-shots__desc-column__inner is--left\">\n                            <h3 class=\"detail-shots__desc-title\">\n                                TRWA\u0141O\u015a\u0106\n                            <\/h3>\n                            <h4 class=\"generic-typography__sub-title bottom--15 top--0\">\n                                NASZ WK\u0141AD\n                            <\/h4>\n                            <p class=\"generic-typography__paragraph\">\n                                Wierzymy, \u017ce mo\u017cemy chroni\u0107 nie tylko naszych klient\u00f3w za pomoc\u0105 ergonomicznego fotela do gier. Chcemy pomaga\u0107 i wspiera\u0107 planet\u0119, kt\u00f3ra nas wszystkich o\u017cywia. Naszym celem jest zr\u00f3wnowa\u017cona produkcja, nasze produkty, kana\u0142y dystrybucji, opakowania i zu\u017cycie energii w biurze. Naszym celem zr\u00f3wnowa\u017conego rozwoju jest stanie si\u0119 firm\u0105 klimatycznie pozytywn\u0105. Chcemy przynosi\u0107 wi\u0119cej szcz\u0119\u015bcia do naszego \u015bwiata i produkowa\u0107 mniej odpad\u00f3w. Jeste\u015bmy wdzi\u0119czni za to, co stworzyli\u015bmy i otrzymali\u015bmy, dlatego chcemy chroni\u0107 planet\u0119 dla tych, kt\u00f3rzy jeszcze nadejd\u0105.\n                            <\/p>\n                        <\/div>\n                    <\/div>\n                    <div class=\"detail-shots__image-column\">\n                        <img decoding=\"async\" src=\"https:\/\/www.ranqer.com\/wp-content\/uploads\/2022\/02\/ranqer-halo-rgb-led-white-details-2-scaled.jpg\" loading=\"lazy\" alt=\"\" class=\"detail-shots__single-image\">\n                    <\/div>\n                <\/div>\n                                            \n\n              <div class=\"detail-shots__section \">\n                  <div class=\"detail-shots__image-column\">\n                      <img decoding=\"async\" src=\"https:\/\/www.ranqer.com\/wp-content\/uploads\/2022\/02\/Ranqer-wit-detail.png\" loading=\"lazy\" alt=\"\" class=\"detail-shots__single-image\">\n                  <\/div>\n                  <div class=\"detail-shots__desc-column is--right\">\n                      <div class=\"detail-shots__desc-column__inner is--right\">\n                          <h3 class=\"detail-shots__desc-title\">\n                              PRZYJAZNO\u015a\u0106 \u015aRODOWISKU\n                          <\/h3>\n                          <h4 class=\"generic-typography__sub-title bottom--15 top--0\">\n                              ENERGOOSZCZ\u0118DNOS\u0106\n                          <\/h4>\n                          <p class=\"generic-typography__paragraph\">\n                              Nasze krzes\u0142a posiadaj\u0105 wbudowane lampy RBG. Lampy RGT posiadaj\u0105 d\u0142ug\u0105 \u017cywotno\u015b\u0107 i oszcz\u0119dzaj\u0105 energi\u0119. Po miesi\u0105cach u\u017cytkowania, lampy pozostaj\u0105 bardzo \u017cywe, tak jak na pocz\u0105tku. Poniewa\u017c diodowe lampy LED zu\u017cywaj\u0105 mniej energii, emituj\u0105 r\u00f3wnie\u017c mniej ciep\u0142a. Nie musisz si\u0119 martwi\u0107, \u017ce tw\u00f3j fotel si\u0119 przegrzeje. Mniej martwienia si\u0119 o koszty energii i wiecej koncentracji si\u0119 na wygrywaniu gry!\n                          <\/p>\n                      <\/div>\n                  <\/div>\n              <\/div>\n                                                            <div class=\"detail-shots__section \">\n                    <div class=\"detail-shots__desc-column is--left\">\n                        <div class=\"detail-shots__desc-column__inner is--left\">\n                            <h3 class=\"detail-shots__desc-title\">\n                                NASZ DESIGN\n                            <\/h3>\n                            <h4 class=\"generic-typography__sub-title bottom--15 top--0\">\n                                OPAKOWANIE\n                            <\/h4>\n                            <p class=\"generic-typography__paragraph\">\n                                Powy\u017cej widzisz nasz\u0105 skrzyni\u0119 wysy\u0142kow\u0105. W przypadku naszych skrzy\u0144 wysy\u0142kowych na fotele do gier nie u\u017cywamy koloru, robimy to, poniewa\u017c jest to szkodliwe dla \u015brodowiska i umo\u017cliwia recykling.\n                            <\/p>\n                        <\/div>\n                    <\/div>\n                    <div class=\"detail-shots__image-column\">\n                        <img decoding=\"async\" src=\"https:\/\/www.ranqer.com\/wp-content\/uploads\/2022\/06\/ranqer-package.jpg\" loading=\"lazy\" alt=\"\" class=\"detail-shots__single-image\">\n                    <\/div>\n                <\/div>\n                        <\/div>\n\n\n<div class=\"section--selling-points  wf-section\">\n    <div class=\"container w-container\">\n                                <div class=\"selling-points__title\">\n                            <h2 class=\"generic-typography__section-title\">\n                    NASZA <span class=\"collection__title__orange\">SI\u0141A <\/span>\n                <\/h2>\n                    <\/div>\n        <div class=\"selling-points__grid\">\n                                                <div class=\"selling-points__single\">\n                        <div class=\"selling-points__single__inner\">\n                            <div class=\"selling-points__single__text\">\n                                Niezwykle ergonomiczne\n                            <\/div>\n                            <div class=\"selling-points__single__icon-wrapper\">\n                                <img decoding=\"async\" src=\"https:\/\/www.ranqer.com\/wp-content\/themes\/vallonic-ranqer\/dist\/images\/vallonic__ranqer-com__icons__ergonomic__orange_46a0c9d8.svg\" loading=\"lazy\" width=\"21\" alt=\"\" class=\"selling-points__single__icon\">\n                            <\/div>\n                        <\/div>\n                    <\/div>\n                                    <div class=\"selling-points__single\">\n                        <div class=\"selling-points__single__inner\">\n                            <div class=\"selling-points__single__text\">\n                                Zainspirowany wy\u015bcigami\n                            <\/div>\n                            <div class=\"selling-points__single__icon-wrapper\">\n                                <img decoding=\"async\" src=\"https:\/\/www.ranqer.com\/wp-content\/themes\/vallonic-ranqer\/dist\/images\/vallonic__ranqer-com__icons__racing__orange_7c54f02f.svg\" loading=\"lazy\" width=\"21\" alt=\"\" class=\"selling-points__single__icon\">\n                            <\/div>\n                        <\/div>\n                    <\/div>\n                                    <div class=\"selling-points__single\">\n                        <div class=\"selling-points__single__inner\">\n                            <div class=\"selling-points__single__text\">\n                                Holenderski design\n                            <\/div>\n                            <div class=\"selling-points__single__icon-wrapper\">\n                                <img decoding=\"async\" src=\"https:\/\/www.ranqer.com\/wp-content\/themes\/vallonic-ranqer\/dist\/images\/vallonic__ranqer-com__icons__design__orange_5cb9e4bc.svg\" loading=\"lazy\" width=\"21\" alt=\"\" class=\"selling-points__single__icon\">\n                            <\/div>\n                        <\/div>\n                    <\/div>\n                                    <\/div>\n                            <div class=\"selling-points__cta-wrapper\">\n                <a\n                    href=\"#\"\n                    data-scroll=\"section--dealers\"\n                    class=\"selling-points__cta\"\n                >\n                    Shop Now\n                <\/a>\n            <\/div>\n            <\/div>\n<\/div>\n\n\n<div class=\"section--dealers wf-section\" id=\"dealers\">\n    <div class=\"container w-container\">\n        <div class=\"dealers__description-grid\">\n            <div class=\"dealers__desc-column\">\n                <h2 class=\"generic-typography__section-title\">\n                                                                                KUP <span class=\"collection__title__orange\">TERAZ<\/span>\n                <\/h2>\n                <h3 class=\"generic-typography__sub-title bottom--15\">\n                    Zas\u0142ugujesz na to\n                <\/h3>\n                <p class=\"generic-typography__paragraph\">\n                    Wielki komfort i \u015bwietny design. Fotele do gier Ranqer s\u0105 teraz dost\u0119pne. Zaktualizuj swoje wyposa\u017cenie do gier, wybieraj\u0105c jeden z czterech luksusowych foteli do gier.\n                <\/p>\n            <\/div>\n        <\/div>\n                    <div class=\"dealers__grid\">\n                                    <div class=\"dealers__single-dealer\">\n                        <a href=\"https:\/\/www.sbsupply.eu\/ranqer\" class=\"dealers__single__a w-inline-block\" target=\"_blank\" rel=\"noopener\">\n                            <img decoding=\"async\" src=\"https:\/\/www.ranqer.com\/wp-content\/uploads\/2021\/09\/sbsupply-logo-500x1000-1.png\" loading=\"lazy\" alt=\"\" class=\"dealers__single__logo-img\">\n                            <div class=\"dealers__single__details\">\n                                                            <div class=\"dealers__single__countries\">\n                                                                                                          <div class=\"dealers__single__countries__single\">NL<\/div>\n                                                                        <div class=\"dealers__single__countries__single\">BE<\/div>\n                                                                        <div class=\"dealers__single__countries__single\">DE<\/div>\n                                                                        <div class=\"dealers__single__countries__single\">FR<\/div>\n                                                                        <div class=\"dealers__single__countries__single\">IT<\/div>\n                                                                <\/div>\n                              <img decoding=\"async\" src=\"https:\/\/www.ranqer.com\/wp-content\/themes\/vallonic-ranqer\/dist\/images\/vallonic__ranqer-com__icons__arrow-right__orange_143c2b49.svg\" loading=\"lazy\" alt=\"\" class=\"dealers__single__arrow-right\">\n                            <\/div>\n                        <\/a>\n                    <\/div>\n                                    <div class=\"dealers__single-dealer\">\n                        <a href=\"https:\/\/www.bol.com\/nl\/nl\/b\/ranqer\/603579028\/?lastId=25162\" class=\"dealers__single__a w-inline-block\" target=\"_blank\" rel=\"noopener\">\n                            <img decoding=\"async\" src=\"https:\/\/www.ranqer.com\/wp-content\/uploads\/2021\/09\/csm_bol-com_925c5b0305.png\" loading=\"lazy\" alt=\"\" class=\"dealers__single__logo-img\">\n                            <div class=\"dealers__single__details\">\n                                                            <div class=\"dealers__single__countries\">\n                                                                                                          <div class=\"dealers__single__countries__single\">NL<\/div>\n                                                                        <div class=\"dealers__single__countries__single\">BE<\/div>\n                                                                <\/div>\n                              <img decoding=\"async\" src=\"https:\/\/www.ranqer.com\/wp-content\/themes\/vallonic-ranqer\/dist\/images\/vallonic__ranqer-com__icons__arrow-right__orange_143c2b49.svg\" loading=\"lazy\" alt=\"\" class=\"dealers__single__arrow-right\">\n                            <\/div>\n                        <\/a>\n                    <\/div>\n                                    <div class=\"dealers__single-dealer\">\n                        <a href=\"https:\/\/www.amazon.fr\/s?i=merchant-items&amp;me=A7YGZXB4Y2C7Y&amp;rh=p_4%3ARanqer\" class=\"dealers__single__a w-inline-block\" target=\"_blank\" rel=\"noopener\">\n                            <img decoding=\"async\" src=\"https:\/\/www.ranqer.com\/wp-content\/uploads\/2021\/09\/vallonic__ranqer-com__dealers__amazon2x.png\" loading=\"lazy\" alt=\"\" class=\"dealers__single__logo-img\">\n                            <div class=\"dealers__single__details\">\n                                                            <div class=\"dealers__single__countries\">\n                                                                                                          <div class=\"dealers__single__countries__single\">NL<\/div>\n                                                                        <div class=\"dealers__single__countries__single\">FR<\/div>\n                                                                        <div class=\"dealers__single__countries__single\">DE<\/div>\n                                                                <\/div>\n                              <img decoding=\"async\" src=\"https:\/\/www.ranqer.com\/wp-content\/themes\/vallonic-ranqer\/dist\/images\/vallonic__ranqer-com__icons__arrow-right__orange_143c2b49.svg\" loading=\"lazy\" alt=\"\" class=\"dealers__single__arrow-right\">\n                            <\/div>\n                        <\/a>\n                    <\/div>\n                            <\/div>\n                            <\/div>\n<\/div>\n","protected":false},"excerpt":{"rendered":"","protected":false},"author":5,"featured_media":0,"parent":0,"menu_order":0,"comment_status":"closed","ping_status":"closed","template":"","meta":{"footnotes":""},"categories":[],"tags":[],"class_list":["post-7996","page","type-page","status-publish","hentry"],"_links":{"self":[{"href":"https:\/\/www.ranqer.com\/pl\/wp-json\/wp\/v2\/pages\/7996","targetHints":{"allow":["GET"]}}],"collection":[{"href":"https:\/\/www.ranqer.com\/pl\/wp-json\/wp\/v2\/pages"}],"about":[{"href":"https:\/\/www.ranqer.com\/pl\/wp-json\/wp\/v2\/types\/page"}],"author":[{"embeddable":true,"href":"https:\/\/www.ranqer.com\/pl\/wp-json\/wp\/v2\/users\/5"}],"replies":[{"embeddable":true,"href":"https:\/\/www.ranqer.com\/pl\/wp-json\/wp\/v2\/comments?post=7996"}],"version-history":[{"count":7,"href":"https:\/\/www.ranqer.com\/pl\/wp-json\/wp\/v2\/pages\/7996\/revisions"}],"predecessor-version":[{"id":14432,"href":"https:\/\/www.ranqer.com\/pl\/wp-json\/wp\/v2\/pages\/7996\/revisions\/14432"}],"wp:attachment":[{"href":"https:\/\/www.ranqer.com\/pl\/wp-json\/wp\/v2\/media?parent=7996"}],"wp:term":[{"taxonomy":"category","embeddable":true,"href":"https:\/\/www.ranqer.com\/pl\/wp-json\/wp\/v2\/categories?post=7996"},{"taxonomy":"post_tag","embeddable":true,"href":"https:\/\/www.ranqer.com\/pl\/wp-json\/wp\/v2\/tags?post=7996"}],"curies":[{"name":"wp","href":"https:\/\/api.w.org\/{rel}","templated":true}]}}