{"id":9366,"date":"2024-03-22T16:49:44","date_gmt":"2024-03-22T15:49:44","guid":{"rendered":"https:\/\/ranqer.com\/?page_id=9366"},"modified":"2024-05-13T12:02:20","modified_gmt":"2024-05-13T10:02:20","slug":"supporto-ranqer-pro-monitor-braccio-singolo","status":"publish","type":"page","link":"https:\/\/www.ranqer.com\/it\/supporto-ranqer-pro-monitor-braccio-singolo\/","title":{"rendered":"Ranqer Single arm Pro"},"content":{"rendered":"<div class=\"section--product-highlight wf-section\">\n    <div class=\"container w-container\">\n      <div class=\"product-highlight__grid\">\n        <div class=\"product-highlight__column\">\n          <div class=\"product-highlight__image-wrapper\">\n              <img decoding=\"async\" src=\"https:\/\/www.ranqer.com\/wp-content\/uploads\/2024\/02\/Ranqer-Monitor-Single-Arm-Pro-wit-1.png\" loading=\"lazy\" sizes=\"100vw\" alt=\"Supporto Ranqer Pro per monitor con braccio singolo\" class=\"product-highlight__img\">\n                                <img decoding=\"async\" src=\"https:\/\/www.ranqer.com\/wp-content\/themes\/vallonic-ranqer\/dist\/images\/vallonic__ranqer-com__product-highlight__backdrop-single-color2x_fceffc2a.png\" loading=\"lazy\" sizes=\"100vw\" alt=\"\" class=\"product-highlight__background\">\n                        <\/div>\n        <\/div>\n        <div class=\"product-highlight__column\">\n          <div class=\"product-highlight__details\">\n            <h2 class=\"product-highlight__h2\">\n                                                                BRACCIO PER MONITOR <span class=\"product-highlight__h2__orange\">ERGONOMICO<\/span>\n            <\/h2>\n            <h1 class=\"product-highlight__h1\">\n                Supporto Ranqer Pro per monitor con braccio singolo\n            <\/h1>\n            <p class=\"product-highlight__desc\">\n                Migliora la tua esperienza di gaming o ottimizza il tuo spazio di lavoro in ufficio con il braccio per monitor singolo Ranqer Pro. Progettato per garantire flessibilit\u00e0 e durata senza compromessi, questo elegante braccio per monitor offre un&#039;ineguagliabile regolabilit\u00e0, assicurando un comfort ergonomico sia quando si \u00e8 nel pieno della battaglia sia quando si affrontano le attivit\u00e0 quotidiane. D\u00ec addio all&#039;affaticamento del collo e dai il benvenuto a una maggiore produttivit\u00e0 con il braccio per monitor Ranqer Pro.\n            <\/p>\n            <a href=\"#\" data-scroll=\"section--dealers\" class=\"product-highlight__button\">\n                Shop Online\n            <\/a>\n            <div class=\"product-highlight__actions\">\n                                <a\n                      class=\"product-highlight__single-action\"\n                      href=\"#\"\n                      data-scroll=\"detail-shots__section\"\n                  >\n                      Scopri di pi\u00f9 \u2192\n                  <\/a>\n                            \n            <\/div>\n          <\/div>\n        <\/div>\n      <\/div>\n    <\/div>\n                        <div class=\"product-highlight__variations-wrapper\">\n            <div class=\"product-highlight__variations-inner\">\n                <h2 class=\"product-highlight__h2\">\n                                                                                Colori\n                <\/h2>\n                                    <div class=\"product-highlight__variations\">\n                        \n                        <div class=\"product-highlight__variations__single\">\n                            <img decoding=\"async\" src=\"https:\/\/www.ranqer.com\/wp-content\/uploads\/2024\/02\/Ranqer-Monitor-Single-Arm-Pro-wit-1.png\" loading=\"lazy\" alt=\"\" class=\"product-highlight__variations__img\">\n                        <\/div>\n\n                        \n                                                  <div class=\"product-highlight__variations__single\">\n                              <img decoding=\"async\" src=\"https:\/\/www.ranqer.com\/wp-content\/uploads\/2024\/03\/Ranqer-Monitor-Single-Arm-Pro-space-grey-1.png\" loading=\"lazy\" alt=\"\" class=\"product-highlight__variations__img\">\n                          <\/div>\n                                            <\/div>\n                                <div class=\"product-highlight__variations__hint-wrapper\">\n                    <img decoding=\"async\" src=\"https:\/\/www.ranqer.com\/wp-content\/themes\/vallonic-ranqer\/dist\/images\/vallonic__ranqer-com__icons__cursor-pointer__88bec8_d23ff121.svg\" loading=\"lazy\" alt=\"\" class=\"product-highlight__variations__hint-icon\">\n                    <div class=\"product-highlight__variations__hint\">\n                        Clicca per ingrandire\n                    <\/div>\n                <\/div>\n            <\/div>\n        <\/div>\n    \n    <img decoding=\"async\" src=\"https:\/\/www.ranqer.com\/wp-content\/themes\/vallonic-ranqer\/dist\/images\/vallonic__ranqer-com__product-highlight__decorative-elements_7b623bd8.svg\" loading=\"lazy\" alt=\"\" class=\"product-highlight__decoration\">\n<\/div>\n\n\n<div class=\"section--detail-shots wf-section\">\n    <div class=\"container w-container\">\n        <h2 class=\"generic-typography__section-title\">\n                                                LA QUALIT\u00c0 <span class=\"collection__title__orange\">PROMESSA DA RANQER<\/span> \n        <\/h2>\n    <\/div>\n                                    \n\n              <div class=\"detail-shots__section is--first\">\n                  <div class=\"detail-shots__image-column\">\n                      <img decoding=\"async\" src=\"https:\/\/www.ranqer.com\/wp-content\/uploads\/2024\/03\/ranqer_monitor_arm_pro_single_space_gray_7-1.jpg\" loading=\"lazy\" alt=\"\" class=\"detail-shots__single-image\">\n                  <\/div>\n                  <div class=\"detail-shots__desc-column is--right\">\n                      <div class=\"detail-shots__desc-column__inner is--right\">\n                          <h3 class=\"detail-shots__desc-title\">\n                              DESIGN DI LIVELLO\n                          <\/h3>\n                          <h4 class=\"generic-typography__sub-title bottom--15 top--0\">\n                              Migliora il tuo spazio di lavoro\n                          <\/h4>\n                          <p class=\"generic-typography__paragraph\">\n                              Il Ranqer Single Arm Pro incarna la massima affidabilit\u00e0, vantando un design robusto e meticolosamente realizzato per resistere ai ritmi dell&#039;uso quotidiano. Progettato con materiali di prima qualit\u00e0 e costruzione di precisione.\n                          <\/p>\n                      <\/div>\n                  <\/div>\n              <\/div>\n                                                            <div class=\"detail-shots__section \">\n                    <div class=\"detail-shots__desc-column is--left\">\n                        <div class=\"detail-shots__desc-column__inner is--left\">\n                            <h3 class=\"detail-shots__desc-title\">\n                                REGOLABILE\n                            <\/h3>\n                            <h4 class=\"generic-typography__sub-title bottom--15 top--0\">\n                                Posiziona il tuo monitor in diverse angolazioni\n                            <\/h4>\n                            <p class=\"generic-typography__paragraph\">\n                                Scopri l&#039;impareggiabile adattabilit\u00e0 del braccio per monitor Ranqer Pro per rivoluzionare il tuo spazio di lavoro. Meticolosamente progettato, questo braccio per monitor offre opzioni di regolazione dell&#039;altezza su misura, consentendoti di alzare o abbassare lo schermo senza sforzo per soddisfare le tue preferenze in termini di altezza degli occhi. La sua avanzata funzionalit\u00e0 di inclinazione offre un controllo senza pari, consentendo a tu di angolare il tuo monitor con finezza per un comfort di visione eccellente, attenuando la tensione del collo e amplificando la produttivit\u00e0.\n                            <\/p>\n                        <\/div>\n                    <\/div>\n                    <div class=\"detail-shots__image-column\">\n                        <img decoding=\"async\" src=\"https:\/\/www.ranqer.com\/wp-content\/uploads\/2024\/03\/ranqer_monitor_arm_pro_single_space_gray_8-1.jpg\" loading=\"lazy\" alt=\"\" class=\"detail-shots__single-image\">\n                    <\/div>\n                <\/div>\n                                            \n\n              <div class=\"detail-shots__section \">\n                  <div class=\"detail-shots__image-column\">\n                      <img decoding=\"async\" src=\"https:\/\/www.ranqer.com\/wp-content\/uploads\/2024\/03\/ranqer_monitor_arm_pro_single_space_gray_4.jpg\" loading=\"lazy\" alt=\"\" class=\"detail-shots__single-image\">\n                  <\/div>\n                  <div class=\"detail-shots__desc-column is--right\">\n                      <div class=\"detail-shots__desc-column__inner is--right\">\n                          <h3 class=\"detail-shots__desc-title\">\n                              SISTEMA DI GESTIONE DEI CAVI\n                          <\/h3>\n                          <h4 class=\"generic-typography__sub-title bottom--15 top--0\">\n                              Una scrivania libera dal disordine\n                          <\/h4>\n                          <p class=\"generic-typography__paragraph\">\n                              Questo braccio per monitor \u00e8 dotato di un sistema integrato di gestione dei cavi, che mantiene il tuo spazio di lavoro ordinato e organizzato nascondendo cavi e fili, riducendo cos\u00ec il disordine e migliorando l&#039;estetica.\n                          <\/p>\n                      <\/div>\n                  <\/div>\n              <\/div>\n                        <\/div>\n\n\n<div class=\"section--double-p wf-section\">\n    <div class=\"container w-container\">\n        <div class=\"double-p__title-wrapper\">\n                            <h2 class=\"double-p__main-title is--large\">\n                                        Preparati per un&#8217;immersione <strong class=\"double-p__main-title__orange\">totale<\/strong>\n                <\/h2>\n\n                <h3 class=\"double-p__main-title is--sub\">\n                                        RANQER \n                <\/h3>\n                    <\/div>\n                    <div class=\"double-p__grid\">\n                                    <div class=\"double-p__block\">\n                        <h3 class=\"generic-typography__sub-title bottom--15 top--0\">Per i gamer che si rispettano<\/h3>\n                                                    <p class=\"generic-typography__paragraph\">Che tu lavori in uno spazio ufficio aperto, da casa o in un ufficio privato, i bracci per monitor Ranqer sono progettati per avere un aspetto professionale e offrire comfort. Moderni, eleganti e convenienti &#8211; tre parole che descrivono perfettamente il braccio per monitor singolo Ranqer. Se vuoi sembrare un giocatore professionista o dare un tocco di stile al tuo ufficio, troverai un braccio per monitor adatto a te. Oltre all&#8217;incredibile supporto che offrono, i bracci per monitor Ranqer hanno un aspetto moderno e senza tempo.<\/p>\n\n                                            <\/div>\n                                    <div class=\"double-p__block\">\n                        <h3 class=\"generic-typography__sub-title bottom--15 top--0\"><\/h3>\n                                                    <p class=\"generic-typography__paragraph\">\n                                <p class=\"p1\">Il braccio per monitor Ranqer \u00e8 estremamente versatile nel tuo spazio di lavoro. Grazie alla sua adattabilit\u00e0, si integra senza sforzo alle tue esigenze. Che tu preferisca un singolo schermo per una configurazione pi\u00f9 semplice o pi\u00f9 schermi per massimizzare la produttivit\u00e0, il braccio per monitor Ranqer offre la flessibilit\u00e0 necessaria. Regolabile in altezza, inclinazione e rotazione, offre infinite possibilit\u00e0 di posizionare i tuoi schermi esattamente come desideri. Sperimenta la libert\u00e0 di personalizzare il tuo spazio di lavoro con il braccio per monitor Ranqer.<\/p>\n\n                            <\/p>\n                                            <\/div>\n                            <\/div>\n            <\/div>\n<\/div>\n\n\n<div class=\"section--selling-points  wf-section\">\n    <div class=\"container w-container\">\n                                <div class=\"selling-points__title\">\n                            <h2 class=\"generic-typography__section-title\">\n                    I nostri <span class=\"collection__title__orange\">punti di forza<\/span>\n                <\/h2>\n                    <\/div>\n        <div class=\"selling-points__grid\">\n                                                <div class=\"selling-points__single\">\n                        <div class=\"selling-points__single__inner\">\n                            <div class=\"selling-points__single__text\">\n                                Altamente ergonomici\n                            <\/div>\n                            <div class=\"selling-points__single__icon-wrapper\">\n                                <img decoding=\"async\" src=\"https:\/\/www.ranqer.com\/wp-content\/themes\/vallonic-ranqer\/dist\/images\/vallonic__ranqer-com__icons__ergonomic__orange_46a0c9d8.svg\" loading=\"lazy\" width=\"21\" alt=\"\" class=\"selling-points__single__icon\">\n                            <\/div>\n                        <\/div>\n                    <\/div>\n                                    <div class=\"selling-points__single\">\n                        <div class=\"selling-points__single__inner\">\n                            <div class=\"selling-points__single__text\">\n                                Ispirati dalle corse\n                            <\/div>\n                            <div class=\"selling-points__single__icon-wrapper\">\n                                <img decoding=\"async\" src=\"https:\/\/www.ranqer.com\/wp-content\/themes\/vallonic-ranqer\/dist\/images\/vallonic__ranqer-com__icons__racing__orange_7c54f02f.svg\" loading=\"lazy\" width=\"21\" alt=\"\" class=\"selling-points__single__icon\">\n                            <\/div>\n                        <\/div>\n                    <\/div>\n                                    <div class=\"selling-points__single\">\n                        <div class=\"selling-points__single__inner\">\n                            <div class=\"selling-points__single__text\">\n                                Design olandese\n                            <\/div>\n                            <div class=\"selling-points__single__icon-wrapper\">\n                                <img decoding=\"async\" src=\"https:\/\/www.ranqer.com\/wp-content\/themes\/vallonic-ranqer\/dist\/images\/vallonic__ranqer-com__icons__design__orange_5cb9e4bc.svg\" loading=\"lazy\" width=\"21\" alt=\"\" class=\"selling-points__single__icon\">\n                            <\/div>\n                        <\/div>\n                    <\/div>\n                                    <\/div>\n                            <div class=\"selling-points__cta-wrapper\">\n                <a\n                    href=\"#\"\n                    data-scroll=\"section--dealers\"\n                    class=\"selling-points__cta\"\n                >\n                    Acquista ora\n                <\/a>\n            <\/div>\n            <\/div>\n<\/div>\n\n\n<div class=\"section--dealers wf-section\" id=\"dealers\">\n    <div class=\"container w-container\">\n        <div class=\"dealers__description-grid\">\n            <div class=\"dealers__desc-column\">\n                <h2 class=\"generic-typography__section-title\">\n                                                                                IL NOSTRO OCCHIO PER I <span class=\"collection__title__orange\">DETTAGLI<\/span>\n                <\/h2>\n                <h3 class=\"generic-typography__sub-title bottom--15\">\n                    Acquista ora\n                <\/h3>\n                <p class=\"generic-typography__paragraph\">\n                    Grande comodit\u00e0 e grande design. Bracci per monitor Ranqer disponibili ora. Eleva il tuo set-up di gioco scegliendo uno dei nostri bracci per monitor.\n                <\/p>\n            <\/div>\n        <\/div>\n                    <div class=\"dealers__grid\">\n                                    <div class=\"dealers__single-dealer\">\n                        <a href=\"https:\/\/www.sbsupply.it\/ranqer-monitor-arm-pro-single-space-gray\" class=\"dealers__single__a w-inline-block\" target=\"_blank\" rel=\"noopener\">\n                            <img decoding=\"async\" src=\"https:\/\/www.ranqer.com\/wp-content\/uploads\/2021\/09\/sbsupply-logo-500x1000-1.png\" loading=\"lazy\" alt=\"\" class=\"dealers__single__logo-img\">\n                            <div class=\"dealers__single__details\">\n                                                            <div class=\"dealers__single__countries\">\n                                                                                                          <div class=\"dealers__single__countries__single\">IT<\/div>\n                                                                <\/div>\n                              <img decoding=\"async\" src=\"https:\/\/www.ranqer.com\/wp-content\/themes\/vallonic-ranqer\/dist\/images\/vallonic__ranqer-com__icons__arrow-right__orange_143c2b49.svg\" loading=\"lazy\" alt=\"\" class=\"dealers__single__arrow-right\">\n                            <\/div>\n                        <\/a>\n                    <\/div>\n                            <\/div>\n                            <\/div>\n<\/div>\n\n\n<div class=\"section--product-downloads bottom--0 wf-section\">\n    <div class=\"container w-container\">\n        <div class=\"product-downloads__grid\">\n            <div class=\"product-downloads__column\">\n                <h2 class=\"generic-typography__section-title\">\n                                        SCHEDA PRODOTTO\n                <\/h2>\n                <h3 class=\"generic-typography__sub-title bottom--15\">\n                    Caratteristiche\n                <\/h3>\n                <p class=\"generic-typography__paragraph\">\n                    <p>Adatto per schermi di dimensioni: 17&#8243;-32&#8243;.<\/p>\n<p>Adatto per schermo curvo: S\u00ec<\/p>\n<p>Peso massimo (per schermo): 2~9 kg<\/p>\n<p>Compatibile con VESA: 75&#215;75, 100&#215;100<\/p>\n<p>Raggio d&#8217;inclinazione: +80\u00b0~-45\u00b0<\/p>\n<p>Intervallo di rotazione: +90\u00b0~-90\u00b0<\/p>\n<p>Rotazione dello schermo: +180\u00b0~-180\u00b0<\/p>\n<p>Braccio completamente esteso: 475 mm<\/p>\n\n                <\/p>\n                <div class=\"product-downloads__actions-grid\">\n                                    <\/div>\n            <\/div>\n            <div class=\"product-downloads__column\">\n                <div class=\"product-downloads__decoration-wrapper\">\n                    <img decoding=\"async\" src=\"https:\/\/www.ranqer.com\/wp-content\/uploads\/2024\/04\/vallonic__ranqer-com__logo__full-orange_b536aaf5-1.png\" loading=\"lazy\" alt=\"\" class=\"product-downloads__decoration-img\">\n                <\/div>\n            <\/div>\n        <\/div>\n    <\/div>\n<\/div>\n","protected":false},"excerpt":{"rendered":"","protected":false},"author":16,"featured_media":0,"parent":0,"menu_order":0,"comment_status":"closed","ping_status":"closed","template":"","meta":{"footnotes":""},"categories":[],"tags":[],"class_list":["post-9366","page","type-page","status-publish","hentry"],"_links":{"self":[{"href":"https:\/\/www.ranqer.com\/it\/wp-json\/wp\/v2\/pages\/9366","targetHints":{"allow":["GET"]}}],"collection":[{"href":"https:\/\/www.ranqer.com\/it\/wp-json\/wp\/v2\/pages"}],"about":[{"href":"https:\/\/www.ranqer.com\/it\/wp-json\/wp\/v2\/types\/page"}],"author":[{"embeddable":true,"href":"https:\/\/www.ranqer.com\/it\/wp-json\/wp\/v2\/users\/16"}],"replies":[{"embeddable":true,"href":"https:\/\/www.ranqer.com\/it\/wp-json\/wp\/v2\/comments?post=9366"}],"version-history":[{"count":12,"href":"https:\/\/www.ranqer.com\/it\/wp-json\/wp\/v2\/pages\/9366\/revisions"}],"predecessor-version":[{"id":17346,"href":"https:\/\/www.ranqer.com\/it\/wp-json\/wp\/v2\/pages\/9366\/revisions\/17346"}],"wp:attachment":[{"href":"https:\/\/www.ranqer.com\/it\/wp-json\/wp\/v2\/media?parent=9366"}],"wp:term":[{"taxonomy":"category","embeddable":true,"href":"https:\/\/www.ranqer.com\/it\/wp-json\/wp\/v2\/categories?post=9366"},{"taxonomy":"post_tag","embeddable":true,"href":"https:\/\/www.ranqer.com\/it\/wp-json\/wp\/v2\/tags?post=9366"}],"curies":[{"name":"wp","href":"https:\/\/api.w.org\/{rel}","templated":true}]}}