{"id":5862,"date":"2022-10-11T16:01:49","date_gmt":"2022-10-11T14:01:49","guid":{"rendered":"https:\/\/ranqer.com\/?page_id=5862"},"modified":"2024-05-10T15:06:59","modified_gmt":"2024-05-10T13:06:59","slug":"sedia-da-gaming-ranqer-felix-fabric","status":"publish","type":"page","link":"https:\/\/www.ranqer.com\/it\/sedia-da-gaming-ranqer-felix-fabric\/","title":{"rendered":"Ranqer Felix Fabric gaming chair"},"content":{"rendered":"<div class=\"section--product-highlight wf-section\">\n    <div class=\"container w-container\">\n      <div class=\"product-highlight__grid\">\n        <div class=\"product-highlight__column\">\n          <div class=\"product-highlight__image-wrapper\">\n              <img decoding=\"async\" src=\"https:\/\/www.ranqer.com\/wp-content\/uploads\/2022\/10\/Ranqer-Felix-Fabric-gamestoel-grijs_.png\" loading=\"lazy\" sizes=\"100vw\" alt=\"Sedia da Gaming Ranqer Felix Fabric\" class=\"product-highlight__img\">\n                                <img decoding=\"async\" src=\"https:\/\/www.ranqer.com\/wp-content\/themes\/vallonic-ranqer\/dist\/images\/vallonic__ranqer-com__product-highlight__backdrop-single-color2x_fceffc2a.png\" loading=\"lazy\" sizes=\"100vw\" alt=\"\" class=\"product-highlight__background\">\n                        <\/div>\n        <\/div>\n        <div class=\"product-highlight__column\">\n          <div class=\"product-highlight__details\">\n            <h2 class=\"product-highlight__h2\">\n                                                                SEDIA DA GAMING <span class=\"product-highlight__h2__orange\">ERGONOMICA<\/span>\n            <\/h2>\n            <h1 class=\"product-highlight__h1\">\n                Sedia da Gaming Ranqer Felix Fabric\n            <\/h1>\n            <p class=\"product-highlight__desc\">\n                Una buona sedia da gaming \u00e8 molto importante quando si vuol star seduti dietro uno schermo per lunghe sessioni. Oltre a prevenire i problemi alla schiena, si vuole anche restare concentrati. Con le rivoluzionarie sedie da gaming Felix di Ranqer otterrai prestazioni migliori e dominerai ogni sessione di gioco!\n            <\/p>\n            <a href=\"#\" data-scroll=\"section--dealers\" class=\"product-highlight__button\">\n                Shop Online\n            <\/a>\n            <div class=\"product-highlight__actions\">\n                                <a\n                      class=\"product-highlight__single-action\"\n                      href=\"#\"\n                      data-scroll=\"detail-shots__section\"\n                  >\n                      Scopri di pi\u00f9 \u2192\n                  <\/a>\n                            \n            <\/div>\n          <\/div>\n        <\/div>\n      <\/div>\n    <\/div>\n            <div class=\"product-highlight__bottom-border\"><\/div>\n        \n    <img decoding=\"async\" src=\"https:\/\/www.ranqer.com\/wp-content\/themes\/vallonic-ranqer\/dist\/images\/vallonic__ranqer-com__product-highlight__decorative-elements_7b623bd8.svg\" loading=\"lazy\" alt=\"\" class=\"product-highlight__decoration\">\n<\/div>\n\n\n<div class=\"section--detail-shots wf-section\">\n    <div class=\"container w-container\">\n        <h2 class=\"generic-typography__section-title\">\n                                                RANQER TI PROMETTE LA <span class=\"collection__title__orange\">QUALIT\u00c0<\/span>\n        <\/h2>\n    <\/div>\n                                    \n\n              <div class=\"detail-shots__section is--first\">\n                  <div class=\"detail-shots__image-column\">\n                      <img decoding=\"async\" src=\"https:\/\/www.ranqer.com\/wp-content\/uploads\/2024\/04\/Ranqer-fabric-detail1.png\" loading=\"lazy\" alt=\"\" class=\"detail-shots__single-image\">\n                  <\/div>\n                  <div class=\"detail-shots__desc-column is--right\">\n                      <div class=\"detail-shots__desc-column__inner is--right\">\n                          <h3 class=\"detail-shots__desc-title\">\n                              CUSCINI ADATTI A TE\n                          <\/h3>\n                          <h4 class=\"generic-typography__sub-title bottom--15 top--0\">\n                              Perfettamente ergonomica\n                          <\/h4>\n                          <p class=\"generic-typography__paragraph\">\n                              Le caratteristiche ergonomiche e le possibili regolazioni delle sedie aiutano a prevenire il mal di schiena in quanto \u00e8 possibile risistemare individualmente il cuscino cervicale e lombare. Non dovrai pi\u00f9 preoccuparti del mal di schiena dopo lunghe ore di gioco.\n                          <\/p>\n                      <\/div>\n                  <\/div>\n              <\/div>\n                                                            <div class=\"detail-shots__section \">\n                    <div class=\"detail-shots__desc-column is--left\">\n                        <div class=\"detail-shots__desc-column__inner is--left\">\n                            <h3 class=\"detail-shots__desc-title\">\n                                LINO\n                            <\/h3>\n                            <h4 class=\"generic-typography__sub-title bottom--15 top--0\">\n                                Resiste pi\u00f9 a lungo\n                            <\/h4>\n                            <p class=\"generic-typography__paragraph\">\n                                Mentre le altre sedie da gaming in tessuto sono spesso realizzate in cotone, la sedia da gaming Ranqer Felix Fabric \u00e8 realizzata in lino. Oltre al bellissimo look minimalista, questa soluzione offre molti vantaggi, tra cui un&#039;ottima traspirazione \n                            <\/p>\n                        <\/div>\n                    <\/div>\n                    <div class=\"detail-shots__image-column\">\n                        <img decoding=\"async\" src=\"https:\/\/www.ranqer.com\/wp-content\/uploads\/2024\/02\/Ranqer-fabric-detail.png\" loading=\"lazy\" alt=\"\" class=\"detail-shots__single-image\">\n                    <\/div>\n                <\/div>\n                        <\/div>\n\n\n\n<p><\/p>\n\n\n<div class=\"section--full-width-image wf-section\">\n            <img decoding=\"async\" src=\"https:\/\/www.ranqer.com\/wp-content\/themes\/vallonic-ranqer\/dist\/images\/vallonic__ranqer-com__decoration__divider-01_7e1152f2.svg\" loading=\"lazy\" alt=\"\" class=\"full-width-image__top-divider\">\n    \n    <div class=\"full-width-image__image-wrapper\">\n        <img decoding=\"async\" src=\"https:\/\/www.ranqer.com\/wp-content\/uploads\/2022\/02\/Ranqer-Felix-Banner-1920x450px.jpg\" loading=\"lazy\" sizes=\"100vw\" alt=\"\" class=\"full-width-image__img\">\n    <\/div>\n\n    <\/div>\n\n\n<div class=\"section--double-p wf-section\">\n    <div class=\"container w-container\">\n        <div class=\"double-p__title-wrapper\">\n                            <h2 class=\"double-p__main-title is--large\">\n                                        IL NOSTRO TRONO, <strong class=\"double-p__main-title__orange\">LA TUA VITTORIA<\/strong>\n                <\/h2>\n\n                <h3 class=\"double-p__main-title is--sub\">\n                                        SEDIA DA GAMING <strong class=\"double-p__main-title__orange\">RANQER FELIX <\/strong>\n                <\/h3>\n                    <\/div>\n                    <div class=\"double-p__grid\">\n                                    <div class=\"double-p__block\">\n                        <h3 class=\"generic-typography__sub-title bottom--15 top--0\">Per i gamer che si rispettano<\/h3>\n                                                    <p class=\"generic-typography__paragraph\">\n                                <p class=\"p1\">Sia che lavori in un ufficio, da casa o in un coworking, le sedie Ranqer sono progettate per essere professionali e fornire comfort. Moderne, eleganti e convenienti &#8211; tre parole che descrivono perfettamente le sedie da gaming Ranqer. Se vuoi apparire come un giocatore professionista o rendere pi\u00f9 bello il tuo ufficio, qui troverai la sedia che fa per te. Oltre all&#8217;incredibile comodit\u00e0 che forniscono, le sedie Ranqer hanno un look moderno e sempre alla moda.<\/p>\n\n                            <\/p>\n                                            <\/div>\n                                    <div class=\"double-p__block\">\n                        <h3 class=\"generic-typography__sub-title bottom--15 top--0\"><\/h3>\n                                                    <p class=\"generic-typography__paragraph\">\n                                <p class=\"p2\">Ognuno sceglie la sua sedia da ufficio preferita, c&#8217;\u00e8 chi la vuole nera e chi la preferisce colorata. Scegli i modelli Felix o Carbon per un look semplice ma elegante. Chi ama un po&#8217; di colore in ufficio o qualche chicca speciale pu\u00f2 scegliere una delle sedie con illuminazione LED RGB come i modelli Aura e Halo. La pelle PU d\u00e0 alla sedia un aspetto elegante e lussuoso ma \u00e8 anche facile da pulire. Ti possiamo garantire che con un po&#8217; di manutenzione questa sedia ti durer\u00e0.<\/p>\n\n                            <\/p>\n                                            <\/div>\n                            <\/div>\n            <\/div>\n<\/div>\n\n\n<div class=\"section--selling-points  wf-section\">\n    <div class=\"container w-container\">\n                                <div class=\"selling-points__title\">\n                            <h2 class=\"generic-typography__section-title\">\n                    I NOSTRI <span class=\"collection__title__orange\">PUNTI DI FORZA<\/span>\n                <\/h2>\n                    <\/div>\n        <div class=\"selling-points__grid\">\n                                                <div class=\"selling-points__single\">\n                        <div class=\"selling-points__single__inner\">\n                            <div class=\"selling-points__single__text\">\n                                Super ergonomiche\n                            <\/div>\n                            <div class=\"selling-points__single__icon-wrapper\">\n                                <img decoding=\"async\" src=\"https:\/\/www.ranqer.com\/wp-content\/themes\/vallonic-ranqer\/dist\/images\/vallonic__ranqer-com__icons__ergonomic__orange_46a0c9d8.svg\" loading=\"lazy\" width=\"21\" alt=\"\" class=\"selling-points__single__icon\">\n                            <\/div>\n                        <\/div>\n                    <\/div>\n                                    <div class=\"selling-points__single\">\n                        <div class=\"selling-points__single__inner\">\n                            <div class=\"selling-points__single__text\">\n                                Ispirate ai sedili da corsa\n                            <\/div>\n                            <div class=\"selling-points__single__icon-wrapper\">\n                                <img decoding=\"async\" src=\"https:\/\/www.ranqer.com\/wp-content\/themes\/vallonic-ranqer\/dist\/images\/vallonic__ranqer-com__icons__racing__orange_7c54f02f.svg\" loading=\"lazy\" width=\"21\" alt=\"\" class=\"selling-points__single__icon\">\n                            <\/div>\n                        <\/div>\n                    <\/div>\n                                    <div class=\"selling-points__single\">\n                        <div class=\"selling-points__single__inner\">\n                            <div class=\"selling-points__single__text\">\n                                Disegnate in Olanda\n                            <\/div>\n                            <div class=\"selling-points__single__icon-wrapper\">\n                                <img decoding=\"async\" src=\"https:\/\/www.ranqer.com\/wp-content\/themes\/vallonic-ranqer\/dist\/images\/vallonic__ranqer-com__icons__design__orange_5cb9e4bc.svg\" loading=\"lazy\" width=\"21\" alt=\"\" class=\"selling-points__single__icon\">\n                            <\/div>\n                        <\/div>\n                    <\/div>\n                                    <\/div>\n                            <div class=\"selling-points__cta-wrapper\">\n                <a\n                    href=\"#\"\n                    data-scroll=\"section--dealers\"\n                    class=\"selling-points__cta\"\n                >\n                    Acquista ora\n                <\/a>\n            <\/div>\n            <\/div>\n<\/div>\n\n\n<div class=\"section--dealers wf-section\" id=\"dealers\">\n    <div class=\"container w-container\">\n        <div class=\"dealers__description-grid\">\n            <div class=\"dealers__desc-column\">\n                <h2 class=\"generic-typography__section-title\">\n                                                                                ABBIAMO OCCHIO PER I <span class=\"collection__title__orange\">DETTAGLI<\/span>\n                <\/h2>\n                <h3 class=\"generic-typography__sub-title bottom--15\">\n                    Acquista ora\n                <\/h3>\n                <p class=\"generic-typography__paragraph\">\n                    Comodit\u00e0 garantita e grande design. Sedie da gaming Ranqer disponibili ora.  Eleva il tuo set-up di gioco scegliendo una delle nostre quattro sedie da gaimng.\n                <\/p>\n            <\/div>\n        <\/div>\n                    <div class=\"dealers__grid\">\n                                    <div class=\"dealers__single-dealer\">\n                        <a href=\"https:\/\/www.sbsupply.it\/ranqer-felix-fabric-gaming-chair-grey\" class=\"dealers__single__a w-inline-block\" target=\"_blank\" rel=\"noopener\">\n                            <img decoding=\"async\" src=\"https:\/\/www.ranqer.com\/wp-content\/uploads\/2021\/09\/sbsupply-logo-500x1000-1.png\" loading=\"lazy\" alt=\"\" class=\"dealers__single__logo-img\">\n                            <div class=\"dealers__single__details\">\n                                                            <div class=\"dealers__single__countries\">\n                                                                                                          <div class=\"dealers__single__countries__single\">Italiano<\/div>\n                                                                <\/div>\n                              <img decoding=\"async\" src=\"https:\/\/www.ranqer.com\/wp-content\/themes\/vallonic-ranqer\/dist\/images\/vallonic__ranqer-com__icons__arrow-right__orange_143c2b49.svg\" loading=\"lazy\" alt=\"\" class=\"dealers__single__arrow-right\">\n                            <\/div>\n                        <\/a>\n                    <\/div>\n                                    <div class=\"dealers__single-dealer\">\n                        <a href=\"https:\/\/www.amazon.it\/stores\/page\/D0892AEA-80BF-4FEC-9769-768F4CDC38ED\" class=\"dealers__single__a w-inline-block\" target=\"_blank\" rel=\"noopener\">\n                            <img decoding=\"async\" src=\"https:\/\/www.ranqer.com\/wp-content\/uploads\/2021\/09\/vallonic__ranqer-com__dealers__amazon2x.png\" loading=\"lazy\" alt=\"\" class=\"dealers__single__logo-img\">\n                            <div class=\"dealers__single__details\">\n                                                            <div class=\"dealers__single__countries\">\n                                                                                                          <div class=\"dealers__single__countries__single\">Italiano<\/div>\n                                                                <\/div>\n                              <img decoding=\"async\" src=\"https:\/\/www.ranqer.com\/wp-content\/themes\/vallonic-ranqer\/dist\/images\/vallonic__ranqer-com__icons__arrow-right__orange_143c2b49.svg\" loading=\"lazy\" alt=\"\" class=\"dealers__single__arrow-right\">\n                            <\/div>\n                        <\/a>\n                    <\/div>\n                            <\/div>\n                            <\/div>\n<\/div>\n\n\n<div class=\"section--dealers wf-section\" id=\"dealers\">\n    <div class=\"container w-container\">\n        <div class=\"dealers__description-grid\">\n            <div class=\"dealers__desc-column\">\n                <h2 class=\"generic-typography__section-title\">\n                                                                                <span class=\"collection__title__orange\">ACCESSORI<\/span>\n                <\/h2>\n                <h3 class=\"generic-typography__sub-title bottom--15\">\n                    per la tua Sedia da Gaming\n                <\/h3>\n                <p class=\"generic-typography__paragraph\">\n                    Scopri la nostra collezione di accessori progettati appositamente per le sedie da gaming Ranqer. Ottieni il massimo dalla tua esperienza di gaming.\n                <\/p>\n            <\/div>\n        <\/div>\n                    <div class=\"dealers__grid\">\n                                    <div class=\"dealers__single-dealer\">\n                        <a href=\"https:\/\/www.ranqer.com\/it\/rotelle-ranqer-premium-per-sedie-da-gaming\/\" class=\"dealers__single__a w-inline-block\">\n                            <img decoding=\"async\" src=\"https:\/\/www.ranqer.com\/wp-content\/uploads\/2024\/02\/ranqer_gaming_chair_wheels_castors_for_hard_floors_1.png\" loading=\"lazy\" alt=\"\" class=\"dealers__single__logo-img\">\n                            <div class=\"dealers__single__details\">\n                                                            <div class=\"dealers__single__countries\">\n                                                                                                          <div class=\"dealers__single__countries__single\">ROTELLE<\/div>\n                                                                        <div class=\"dealers__single__countries__single\">PER<\/div>\n                                                                        <div class=\"dealers__single__countries__single\">SEDIA<\/div>\n                                                                        <div class=\"dealers__single__countries__single\">DA<\/div>\n                                                                        <div class=\"dealers__single__countries__single\">GAMING<\/div>\n                                                                <\/div>\n                              <img decoding=\"async\" src=\"https:\/\/www.ranqer.com\/wp-content\/themes\/vallonic-ranqer\/dist\/images\/vallonic__ranqer-com__icons__arrow-right__orange_143c2b49.svg\" loading=\"lazy\" alt=\"\" class=\"dealers__single__arrow-right\">\n                            <\/div>\n                        <\/a>\n                    <\/div>\n                                    <div class=\"dealers__single-dealer\">\n                        <a href=\"https:\/\/www.ranqer.com\/it\/tappeto-ranqer-per-sedia-da-gaming\/\" class=\"dealers__single__a w-inline-block\">\n                            <img decoding=\"async\" src=\"https:\/\/www.ranqer.com\/wp-content\/uploads\/2024\/02\/Ranqer-chair-mat.png\" loading=\"lazy\" alt=\"\" class=\"dealers__single__logo-img\">\n                            <div class=\"dealers__single__details\">\n                                                            <div class=\"dealers__single__countries\">\n                                                                                                          <div class=\"dealers__single__countries__single\">TAPPETO<\/div>\n                                                                        <div class=\"dealers__single__countries__single\">PER<\/div>\n                                                                        <div class=\"dealers__single__countries__single\">SEDIA<\/div>\n                                                                <\/div>\n                              <img decoding=\"async\" src=\"https:\/\/www.ranqer.com\/wp-content\/themes\/vallonic-ranqer\/dist\/images\/vallonic__ranqer-com__icons__arrow-right__orange_143c2b49.svg\" loading=\"lazy\" alt=\"\" class=\"dealers__single__arrow-right\">\n                            <\/div>\n                        <\/a>\n                    <\/div>\n                                    <div class=\"dealers__single-dealer\">\n                        <a href=\"https:\/\/www.ranqer.com\/it\/tappeto-ranqer-per-sedia-da-gaming-rgb\/\" class=\"dealers__single__a w-inline-block\">\n                            <img decoding=\"async\" src=\"https:\/\/www.ranqer.com\/wp-content\/uploads\/2024\/02\/Ranqer-chair-mat-RGB.png\" loading=\"lazy\" alt=\"\" class=\"dealers__single__logo-img\">\n                            <div class=\"dealers__single__details\">\n                                                            <div class=\"dealers__single__countries\">\n                                                                                                          <div class=\"dealers__single__countries__single\">TAPPETO<\/div>\n                                                                        <div class=\"dealers__single__countries__single\">PER<\/div>\n                                                                        <div class=\"dealers__single__countries__single\">SEDIA<\/div>\n                                                                        <div class=\"dealers__single__countries__single\">RGB<\/div>\n                                                                <\/div>\n                              <img decoding=\"async\" src=\"https:\/\/www.ranqer.com\/wp-content\/themes\/vallonic-ranqer\/dist\/images\/vallonic__ranqer-com__icons__arrow-right__orange_143c2b49.svg\" loading=\"lazy\" alt=\"\" class=\"dealers__single__arrow-right\">\n                            <\/div>\n                        <\/a>\n                    <\/div>\n                            <\/div>\n                            <\/div>\n<\/div>\n\n\n<div class=\"section--product-downloads bottom--0 wf-section\">\n    <div class=\"container w-container\">\n        <div class=\"product-downloads__grid\">\n            <div class=\"product-downloads__column\">\n                <h2 class=\"generic-typography__section-title\">\n                                        SCHEDA PRODOTTO\n                <\/h2>\n                <h3 class=\"generic-typography__sub-title bottom--15\">\n                    Caratteristiche\n                <\/h3>\n                <p class=\"generic-typography__paragraph\">\n                    <p>Cuscino per il collo: (L) 32 x (A) 20 x (P) 9 cm<br \/>\nCuscino lombare: (L) 34 x (A) 20 x (P) 9 cm<\/p>\n<p>Schienale regolabile 90-180\u00b0<br \/>\nLarghezza dello schienale: 54 cm<br \/>\nLunghezza schienale: 82 cm<\/p>\n<p>Braccioli regolabili 2D: 8 cm<br \/>\nDa bracciolo a bracciolo: 68 cm<br \/>\nBracciolo dal pi\u00f9 basso al pi\u00f9 alto: 60 &#8211; 78 cm<\/p>\n<p>Altezza minima del sedile: 45 cm<br \/>\nAltezza massima del sedile: 55 cm<\/p>\n<p>Larghezza della superficie di seduta con braccioli: 54 cm<br \/>\nLarghezza della superficie di seduta senza braccioli: 38 cm<br \/>\nProfondit\u00e0 della superficie del sedile: 50 cm<\/p>\n<p>Diametro tra le rotelle: 73 cm<\/p>\n<p>Peso massimo: 150 kg<br \/>\nPeso della sedia: 20 kg<\/p>\n<p>Dimensioni sedia: (L) 68 x (H) 128-138 x (P) 72 cm<br \/>\nDimensioni scatola: (L) 85 x (A) 28 x (P) 65 cm<\/p>\n\n                <\/p>\n                <div class=\"product-downloads__actions-grid\">\n                                                                                                        <a href=\"https:\/\/www.ranqer.com\/wp-content\/uploads\/2021\/09\/Specification-Ranqer-Felix.pdf\" download=\"Specification Ranqer Felix\" class=\"product-highlight__single-action\">\n                                    Specifiche tecniche (ENG) \u2192\n                                <\/a>\n                                                                                        <\/div>\n            <\/div>\n            <div class=\"product-downloads__column\">\n                <div class=\"product-downloads__decoration-wrapper\">\n                    <img decoding=\"async\" src=\"https:\/\/www.ranqer.com\/wp-content\/uploads\/2021\/09\/Ranqer-gaming-chair-footer.png\" loading=\"lazy\" alt=\"\" class=\"product-downloads__decoration-img\">\n                <\/div>\n            <\/div>\n        <\/div>\n    <\/div>\n<\/div>\n","protected":false},"excerpt":{"rendered":"","protected":false},"author":5,"featured_media":0,"parent":0,"menu_order":0,"comment_status":"closed","ping_status":"closed","template":"","meta":{"footnotes":""},"categories":[],"tags":[],"class_list":["post-5862","page","type-page","status-publish","hentry"],"_links":{"self":[{"href":"https:\/\/www.ranqer.com\/it\/wp-json\/wp\/v2\/pages\/5862","targetHints":{"allow":["GET"]}}],"collection":[{"href":"https:\/\/www.ranqer.com\/it\/wp-json\/wp\/v2\/pages"}],"about":[{"href":"https:\/\/www.ranqer.com\/it\/wp-json\/wp\/v2\/types\/page"}],"author":[{"embeddable":true,"href":"https:\/\/www.ranqer.com\/it\/wp-json\/wp\/v2\/users\/5"}],"replies":[{"embeddable":true,"href":"https:\/\/www.ranqer.com\/it\/wp-json\/wp\/v2\/comments?post=5862"}],"version-history":[{"count":15,"href":"https:\/\/www.ranqer.com\/it\/wp-json\/wp\/v2\/pages\/5862\/revisions"}],"predecessor-version":[{"id":17283,"href":"https:\/\/www.ranqer.com\/it\/wp-json\/wp\/v2\/pages\/5862\/revisions\/17283"}],"wp:attachment":[{"href":"https:\/\/www.ranqer.com\/it\/wp-json\/wp\/v2\/media?parent=5862"}],"wp:term":[{"taxonomy":"category","embeddable":true,"href":"https:\/\/www.ranqer.com\/it\/wp-json\/wp\/v2\/categories?post=5862"},{"taxonomy":"post_tag","embeddable":true,"href":"https:\/\/www.ranqer.com\/it\/wp-json\/wp\/v2\/tags?post=5862"}],"curies":[{"name":"wp","href":"https:\/\/api.w.org\/{rel}","templated":true}]}}