{"id":4962,"date":"2022-06-21T16:39:41","date_gmt":"2022-06-21T14:39:41","guid":{"rendered":"https:\/\/ranqer.com\/?page_id=4962"},"modified":"2024-04-18T15:04:14","modified_gmt":"2024-04-18T13:04:14","slug":"sedia-da-ufficio-o-da-gaming","status":"publish","type":"page","link":"https:\/\/www.ranqer.com\/it\/sedia-da-ufficio-o-da-gaming\/","title":{"rendered":"Blog &#8211; Office chair or gaming chair?"},"content":{"rendered":"\n<div class=\"wp-block-columns is-layout-flex wp-container-core-columns-is-layout-9d6595d7 wp-block-columns-is-layout-flex\">\n<div class=\"wp-block-column is-layout-flow wp-block-column-is-layout-flow\" style=\"flex-basis:100%\"><\/div>\n<\/div>\n\n\n<div class=\"section--full-width-image wf-section\">\n    \n    <div class=\"full-width-image__image-wrapper\">\n        <img decoding=\"async\" src=\"https:\/\/www.ranqer.com\/wp-content\/uploads\/2022\/06\/gamestoel-bureaustoel.jpg\" loading=\"lazy\" sizes=\"100vw\" alt=\"\" class=\"full-width-image__img\">\n    <\/div>\n\n            <img decoding=\"async\" src=\"https:\/\/www.ranqer.com\/wp-content\/themes\/vallonic-ranqer\/dist\/images\/vallonic__ranqer-com__decoration__divider-02_2f72479f.png\" loading=\"lazy\" alt=\"\" class=\"full-width-image__bottom-divider\">\n    <\/div>\n\n\n<div class=\"section--double-p wf-section\">\n    <div class=\"container w-container\">\n        <div class=\"double-p__title-wrapper\">\n                            <h2 class=\"double-p__main-title is--large\">\n                                        Qual \u00e8 meglio? \n                <\/h2>\n\n                <h3 class=\"double-p__main-title is--sub\">\n                                        <strong class=\"double-p__main-title__orange\"> Sedia da Ufficio o da Gaming?<\/strong> \n                <\/h3>\n                    <\/div>\n                    <div class=\"double-p__grid\">\n                                    <div class=\"double-p__block\">\n                        <h3 class=\"generic-typography__sub-title bottom--15 top--0\"><\/h3>\n                                                    <p class=\"generic-typography__paragraph\">\u00c8 una scelta difficile per molte persone, perch\u00e9 spesso si tratta di un acquisto costoso. Al giorno d&#8217;oggi lavorare a casa \u00e8 normale, spesso si sta seduti a lungo nello stesso ambiente e la postura \u00e8 importante. \u00c8 quindi importante avere una buona sedia a casa. Ma \u00e8 possibile raggiungere questo obiettivo pi\u00f9 facilmente con una sedia da ufficio o con una sedia da gaming?<\/p>\n<p class=\"generic-typography__paragraph\">&nbsp;<\/p>\n<h3><span style=\"font-weight: 400;\">La normativa sulle sedie da ufficio e da gaming<\/span><\/h3>\n<p class=\"generic-typography__paragraph\"><span style=\"font-weight: 400;\">Nei Paesi Bassi, e sicuramente anche nel mondo, esistono diverse sedie da ufficio e da gaming. Poich\u00e9 ogni persona ha un&#8217;altezza diversa, la sedia deve essere regolabile, motivo per cui l&#8217;Unione Europea ha stabilito delle regole speciali in materia. Si tratta delle linee guida NEN-EN 1335 che, in parole povere, stabiliscono che tutte le sedie da ufficio e da gaming devono essere regolabili. Quando una sedia da ufficio soddisfa le linee guida NEN-EN 1335, si pu\u00f2 essere certi che circa l&#8217;85-95% di tutte le persone, in termini di dimensioni, pu\u00f2 sedersi su questa sedia. Questo vale anche per le sedie da gaming. Leggi qui di seguito perch\u00e9 dovresti scegliere una sedia da gaming piuttosto che una sedia da ufficio!<\/span><\/p>\n<p class=\"generic-typography__paragraph\"><span style=\"font-weight: 400;\">\u00a0<\/span><\/p>\n<h3><span style=\"font-weight: 400;\">Perch\u00e8 dovresti scegliere una sedia da gaming?<\/span><\/h3>\n<p class=\"generic-typography__paragraph\">Dopo una giornata intensa trascorsa dietro al computer, si desidera rilassarsi, ma come fare? Il gaming \u00e8 un passatempo divertente per milioni di persone in tutto il mondo, ti porta in un altro mondo dove puoi rilassarti. Tuttavia, per la tua schiena \u00e8 importante una buona sedia da gaming. Fortunatamente, possiamo aiutarti in questo, perch\u00e9 abbiamo un vasto assortimento di sedie da gaming che puoi trovare qui!<\/p>\n<p class=\"generic-typography__paragraph\"><span style=\"font-weight: 400;\">\u00a0<\/span><\/p>\n<p class=\"generic-typography__paragraph\"><b>Comfort\u00a0<\/b><\/p>\n<p class=\"generic-typography__paragraph\">La comodit\u00e0 \u00e8 importante mentre si gioca, in questo modo ci si pu\u00f2 concentrare completamente sul videogioco e si ottengono prestazioni migliori. \u00c8 possibile regolare la sedia da gaming in base alle proprie preferenze. Ogni sedia da gaming Ranqer \u00e8 dotata di cuscini rimovibili che possono essere posizionati sulla sedia in modo da potersi sedere ancora pi\u00f9 comodamente. Questo render\u00e0 la tua esperienza di gioco ancora migliore!<\/p>\n<p class=\"generic-typography__paragraph\"><span style=\"font-weight: 400;\">\u00a0<\/span><\/p>\n<p class=\"generic-typography__paragraph\"><b>Aspetto<\/b><\/p>\n<p class=\"generic-typography__paragraph\">Una sedia da gaming \u00e8 una bellissima aggiunta alla vostra stanza. Puoi scegliere la combinazione di colori che preferisci e il materiale della sedia. Inoltre, esistono anche sedie con luci integrate che si possono accendere durante il gioco: con una sedia del genere sorprenderai i tuoi amici!<\/p>\n<p class=\"generic-typography__paragraph\">&nbsp;<\/p>\n<p class=\"generic-typography__paragraph\">Suggerimento di Ranqer: Vuoi una poltrona da ufficio con un look all&#8217;avanguardia? Allora scegli la nostra<a href=\"https:\/\/www.sbsupply.it\/ranqer-felix-office-chair-dark-brown\" target=\"_blank\" rel=\"noopener\"> Felix Office<\/a>. Questo modello ha un aspetto naturale in vera pelle con un look elegante e rassicurante.<\/p>\n<p class=\"generic-typography__paragraph\"><span style=\"font-weight: 400;\">\u00a0<\/span><\/p>\n<p class=\"generic-typography__paragraph\"><b>Manutenzione<\/b><\/p>\n<p class=\"generic-typography__paragraph\"><span style=\"font-weight: 400;\">Le nostre sedie da gaming sono molto facili da curare! Soprattutto grazie al rivestimento in pelle PU di Ranqer, la maggior parte delle macchie pu\u00f2 essere rimossa con un panno umido. Basta una passata e la sedia torna come nuova. Una sedia da gaming \u00e8 progettata appositamente per durare nel tempo. La tua sedia si \u00e8 sporcata o scricchiola un po&#8217; e questo ti irrita? Consulta il blog<a href=\"https:\/\/ranqer.com\/it\/la-mia-sedia-da-gaming-cigola\/\" target=\"_blank\" rel=\"noopener\"> &#8220;La mia sedia da gaming cigola e scricchiola, cosa devo fare?&#8221;<\/a><\/span><\/p>\n<h3><span style=\"font-weight: 400;\">Come regalo?<\/span><\/h3>\n<p class=\"generic-typography__paragraph\">Certo che s\u00ec! Per ogni giocatore principiante \u00e8 un must, rende completo l&#8217;intero set da gaming. Al giorno d&#8217;oggi, \u00e8 un regalo ancora migliore perch\u00e9 la maggior parte degli studenti deve studiare a casa e ha bisogno di una buona postazione. La sedia da gaming pu\u00f2 essere utilizzata anche durante le lezioni, \u00e8 comoda e in video fa la sua figura che tutti ti invidieranno (soprattutto se \u00e8 dotata di luci!) Sei ancora indeciso tra una sedia da ufficio e una da gaming? <a href=\"https:\/\/www.sbsupply.it\/ranqer\" target=\"_blank\" rel=\"noopener\">Dai un&#8217;occhiata all&#8217;intera gamma Ranqer.<\/a><\/p>\n\n                                            <\/div>\n                            <\/div>\n            <\/div>\n<\/div>\n\n\n\n<div class=\"wp-block-group is-layout-flow wp-block-group-is-layout-flow\"><\/div>\n\n\n<div class=\"section--dealers wf-section\" id=\"dealers\">\n    <div class=\"container w-container\">\n        <div class=\"dealers__description-grid\">\n            <div class=\"dealers__desc-column\">\n                <h2 class=\"generic-typography__section-title\">\n                                                                                ACQUISTA <span class=\"collection__title__orange\"> ORA<\/span>\n                <\/h2>\n                <h3 class=\"generic-typography__sub-title bottom--15\">\n                    \n                <\/h3>\n                <p class=\"generic-typography__paragraph\">\n                    Tutte le sedie Ranqer sono realizzate in pelle PU resistente e di alta qualit\u00e0 per garantire una lunga durata. Sono tutte dotate di un meccanismo di inclinazione e sono regolabili in altezza. Le sedie da gaming Ranqer hanno anche una base in nylon, il che significa che non sarai pi\u00f9 distratto dai suoni scricchiolanti che di solito produce una base in metallo. Inoltre, la base \u00e8 dotata di accenti (colorati) in materiale antiscivolo su cui \u00e8 possibile appoggiare i piedi.\n                <\/p>\n            <\/div>\n        <\/div>\n                    <div class=\"dealers__grid\">\n                                    <div class=\"dealers__single-dealer\">\n                        <a href=\"https:\/\/www.sbsupply.it\/ranqer\" class=\"dealers__single__a w-inline-block\" target=\"_blank\" rel=\"noopener\">\n                            <img decoding=\"async\" src=\"https:\/\/www.ranqer.com\/wp-content\/uploads\/2021\/09\/sbsupply-logo-500x1000-1.png\" loading=\"lazy\" alt=\"\" class=\"dealers__single__logo-img\">\n                            <div class=\"dealers__single__details\">\n                                                            <div class=\"dealers__single__countries\">\n                                                                                                          <div class=\"dealers__single__countries__single\">Italiano<\/div>\n                                                                <\/div>\n                              <img decoding=\"async\" src=\"https:\/\/www.ranqer.com\/wp-content\/themes\/vallonic-ranqer\/dist\/images\/vallonic__ranqer-com__icons__arrow-right__orange_143c2b49.svg\" loading=\"lazy\" alt=\"\" class=\"dealers__single__arrow-right\">\n                            <\/div>\n                        <\/a>\n                    <\/div>\n                                    <div class=\"dealers__single-dealer\">\n                        <a href=\"https:\/\/www.amazon.it\/stores\/Home\/page\/D0892AEA-80BF-4FEC-9769-768F4CDC38ED\" class=\"dealers__single__a w-inline-block\" target=\"_blank\" rel=\"noopener\">\n                            <img decoding=\"async\" src=\"https:\/\/www.ranqer.com\/wp-content\/uploads\/2021\/09\/vallonic__ranqer-com__dealers__amazon2x.png\" loading=\"lazy\" alt=\"\" class=\"dealers__single__logo-img\">\n                            <div class=\"dealers__single__details\">\n                                                            <div class=\"dealers__single__countries\">\n                                                                                                          <div class=\"dealers__single__countries__single\">Italiano<\/div>\n                                                                <\/div>\n                              <img decoding=\"async\" src=\"https:\/\/www.ranqer.com\/wp-content\/themes\/vallonic-ranqer\/dist\/images\/vallonic__ranqer-com__icons__arrow-right__orange_143c2b49.svg\" loading=\"lazy\" alt=\"\" class=\"dealers__single__arrow-right\">\n                            <\/div>\n                        <\/a>\n                    <\/div>\n                            <\/div>\n                            <\/div>\n<\/div>\n","protected":false},"excerpt":{"rendered":"","protected":false},"author":16,"featured_media":0,"parent":0,"menu_order":0,"comment_status":"closed","ping_status":"closed","template":"","meta":{"footnotes":""},"categories":[],"tags":[],"class_list":["post-4962","page","type-page","status-publish","hentry"],"_links":{"self":[{"href":"https:\/\/www.ranqer.com\/it\/wp-json\/wp\/v2\/pages\/4962","targetHints":{"allow":["GET"]}}],"collection":[{"href":"https:\/\/www.ranqer.com\/it\/wp-json\/wp\/v2\/pages"}],"about":[{"href":"https:\/\/www.ranqer.com\/it\/wp-json\/wp\/v2\/types\/page"}],"author":[{"embeddable":true,"href":"https:\/\/www.ranqer.com\/it\/wp-json\/wp\/v2\/users\/16"}],"replies":[{"embeddable":true,"href":"https:\/\/www.ranqer.com\/it\/wp-json\/wp\/v2\/comments?post=4962"}],"version-history":[{"count":20,"href":"https:\/\/www.ranqer.com\/it\/wp-json\/wp\/v2\/pages\/4962\/revisions"}],"predecessor-version":[{"id":14448,"href":"https:\/\/www.ranqer.com\/it\/wp-json\/wp\/v2\/pages\/4962\/revisions\/14448"}],"wp:attachment":[{"href":"https:\/\/www.ranqer.com\/it\/wp-json\/wp\/v2\/media?parent=4962"}],"wp:term":[{"taxonomy":"category","embeddable":true,"href":"https:\/\/www.ranqer.com\/it\/wp-json\/wp\/v2\/categories?post=4962"},{"taxonomy":"post_tag","embeddable":true,"href":"https:\/\/www.ranqer.com\/it\/wp-json\/wp\/v2\/tags?post=4962"}],"curies":[{"name":"wp","href":"https:\/\/api.w.org\/{rel}","templated":true}]}}