{"id":4890,"date":"2022-06-28T17:55:49","date_gmt":"2022-06-28T15:55:49","guid":{"rendered":"https:\/\/ranqer.com\/?page_id=4890"},"modified":"2024-04-18T15:08:06","modified_gmt":"2024-04-18T13:08:06","slug":"come-manutenere-pulire-la-mia-sedia-da-gaming","status":"publish","type":"page","link":"https:\/\/www.ranqer.com\/it\/come-manutenere-pulire-la-mia-sedia-da-gaming\/","title":{"rendered":"Blog &#8211; How to maintain my gaming chair?"},"content":{"rendered":"\n<div class=\"wp-block-columns is-layout-flex wp-container-core-columns-is-layout-9d6595d7 wp-block-columns-is-layout-flex\">\n<div class=\"wp-block-column is-layout-flow wp-block-column-is-layout-flow\" style=\"flex-basis:100%\"><\/div>\n<\/div>\n\n\n<div class=\"section--full-width-image wf-section\">\n    \n    <div class=\"full-width-image__image-wrapper\">\n        <img decoding=\"async\" src=\"https:\/\/www.ranqer.com\/wp-content\/uploads\/2022\/06\/gamestoel-onderhouden.jpg\" loading=\"lazy\" sizes=\"100vw\" alt=\"\" class=\"full-width-image__img\">\n    <\/div>\n\n            <img decoding=\"async\" src=\"https:\/\/www.ranqer.com\/wp-content\/themes\/vallonic-ranqer\/dist\/images\/vallonic__ranqer-com__decoration__divider-02_2f72479f.png\" loading=\"lazy\" alt=\"\" class=\"full-width-image__bottom-divider\">\n    <\/div>\n\n\n<div class=\"section--double-p wf-section\">\n    <div class=\"container w-container\">\n        <div class=\"double-p__title-wrapper\">\n                            <h2 class=\"double-p__main-title is--large\">\n                                        Manutenzione della Sedia da Gaming\n                <\/h2>\n\n                <h3 class=\"double-p__main-title is--sub\">\n                                        <strong class=\"double-p__main-title__orange\">Cosa dovresti fare? <\/strong>\n                <\/h3>\n                    <\/div>\n                    <div class=\"double-p__grid\">\n                                    <div class=\"double-p__block\">\n                        <h3 class=\"generic-typography__sub-title bottom--15 top--0\"><\/h3>\n                                                    <p class=\"generic-typography__paragraph\">Naturalmente, tutti vogliono godersi la propria sedia Ranqer preferita il pi\u00f9 a lungo possibile. Sarebbe bello se la sedia rimanesse nuova per mesi. Pulisci accuratamente la sedia ogni 2 o 3 mesi e lascia che la tua sedia torni a splendere. Ti stai chiedendo come fare e a cosa fare attenzione? Leggi qui il procedimento passo dopo passo. Ti assicuriamo che dopo aver letto questa guida le tue sedie dureranno per un bel po&#8217;.<\/p>\n\n                                            <\/div>\n                            <\/div>\n            <\/div>\n<\/div>\n\n\n<div class=\"section--detail-shots wf-section\">\n    <div class=\"container w-container\">\n        <h2 class=\"generic-typography__section-title\">\n                                                PULIZIA <span class=\"collection__title__orange\"> DEFINITIVA<\/span>\n        <\/h2>\n    <\/div>\n                                    \n\n              <div class=\"detail-shots__section is--first\">\n                  <div class=\"detail-shots__image-column\">\n                      <img decoding=\"async\" src=\"https:\/\/www.ranqer.com\/wp-content\/uploads\/2022\/06\/ranqer-vacuum.jpg\" loading=\"lazy\" alt=\"\" class=\"detail-shots__single-image\">\n                  <\/div>\n                  <div class=\"detail-shots__desc-column is--right\">\n                      <div class=\"detail-shots__desc-column__inner is--right\">\n                          <h3 class=\"detail-shots__desc-title\">\n                              STEP 1\n                          <\/h3>\n                          <h4 class=\"generic-typography__sub-title bottom--15 top--0\">\n                              Aspirapolvere\n                          <\/h4>\n                          <p class=\"generic-typography__paragraph\">\n                              Utilizza un aspirapolvere per rimuovere polvere e particelle come briciole. Passa l&#039;aspirapolvere sullo schienale, sui braccioli e sul sedile. Quindi cambia l&#039;attacco dell&#039;aspirapolvere per raggiungere efficacemente le aree pi\u00f9 difficili, come le cavit\u00e0 tra il sedile e lo schienale.\n                          <\/p>\n                      <\/div>\n                  <\/div>\n              <\/div>\n                                                            <div class=\"detail-shots__section \">\n                    <div class=\"detail-shots__desc-column is--left\">\n                        <div class=\"detail-shots__desc-column__inner is--left\">\n                            <h3 class=\"detail-shots__desc-title\">\n                                STEP 2\n                            <\/h3>\n                            <h4 class=\"generic-typography__sub-title bottom--15 top--0\">\n                                Pulisci con acqua\n                            <\/h4>\n                            <p class=\"generic-typography__paragraph\">\n                                \u00c8 possibile rimuovere le macchie in diversi modi. Innanzitutto, prova con un panno bagnato. Pi\u00f9 velocemente si rimuove la macchia, pi\u00f9 \u00e8 probabile che venga via completamente. Bagna un panno e tamponalo sulla macchia. Una volta assorbito gran parte del liquido, puoi strofinare leggermente fino a farla scomparire. Tutte le sedie Ranqer sono rivestite in resistente pelle PU, che riduce la probabilit\u00e0 di macchie indelebili se trattate tempestivamente. \n                            <\/p>\n                        <\/div>\n                    <\/div>\n                    <div class=\"detail-shots__image-column\">\n                        <img decoding=\"async\" src=\"https:\/\/www.ranqer.com\/wp-content\/uploads\/2022\/06\/ranqer-cleaning.jpg\" loading=\"lazy\" alt=\"\" class=\"detail-shots__single-image\">\n                    <\/div>\n                <\/div>\n                                            \n\n              <div class=\"detail-shots__section \">\n                  <div class=\"detail-shots__image-column\">\n                      <img decoding=\"async\" src=\"https:\/\/www.ranqer.com\/wp-content\/uploads\/2022\/06\/ranqer-package.jpg\" loading=\"lazy\" alt=\"\" class=\"detail-shots__single-image\">\n                  <\/div>\n                  <div class=\"detail-shots__desc-column is--right\">\n                      <div class=\"detail-shots__desc-column__inner is--right\">\n                          <h3 class=\"detail-shots__desc-title\">\n                              STEP 3\n                          <\/h3>\n                          <h4 class=\"generic-typography__sub-title bottom--15 top--0\">\n                              Controllare l&#039;etichetta di manutenzione\n                          <\/h4>\n                          <p class=\"generic-typography__paragraph\">\n                              Controlla sempre l&#039;etichetta di manutenzione della sedia da gaming Ranqer. Esistono diversi tipi di detergenti. Possono essere solventi chimici o a base d&#039;acqua. \r\n\r\nL&#039;uso di un tipo di detergente sbagliato pu\u00f2 causare macchie permanenti. Per questo motivo, \u00e8 necessario provare prima su una piccola area, come la parte inferiore della sedia. \n                          <\/p>\n                      <\/div>\n                  <\/div>\n              <\/div>\n                        <\/div>\n\n\n<div class=\"section--double-p wf-section\">\n    <div class=\"container w-container\">\n        <div class=\"double-p__title-wrapper\">\n                            <h2 class=\"double-p__main-title\">\n                                        <strong class=\"double-p__main-title__orange\">Step 4.<\/strong> Usa un detergente\n                <\/h2>\n                    <\/div>\n                    <div class=\"double-p__grid\">\n                                    <div class=\"double-p__block\">\n                        <h3 class=\"generic-typography__sub-title bottom--15 top--0\"><\/h3>\n                                                    <p class=\"generic-typography__paragraph\">Esistono diversi tipi di detergenti. Possono essere liquidi o in polvere. Leggi sempre attentamente le istruzioni sull&#8217;etichetta del prodotto!<\/p>\n<p class=\"generic-typography__paragraph\">&nbsp;<\/p>\n<p class=\"generic-typography__paragraph\">&nbsp;<\/p>\n<p class=\"generic-typography__paragraph\">Nel caso di un <strong>detergente a base di prodotti chimici<\/strong>, \u00e8 possibile eseguire le seguenti operazioni:<\/p>\n<p class=\"generic-typography__paragraph\">1. Applicare un po&#8217; di detersivo su un panno asciutto e usarlo per rimuovere le macchie.<br \/>\n2. Inumidire un panno pulito e rimuovere i residui di solvente.<\/p>\n<p class=\"generic-typography__paragraph\">&nbsp;<\/p>\n<p class=\"generic-typography__paragraph\">&nbsp;<\/p>\n<p class=\"generic-typography__paragraph\">Procedi con cautela per evitare nuove macchie sulla sedia.<br \/>\nSe si utilizza un <strong>detergente a base d&#8217;acqua<\/strong>, si pu\u00f2 procedere come segue:<\/p>\n<p class=\"generic-typography__paragraph\">1. Aggiungere un detergente delicato all&#8217;acqua<br \/>\n2. Utilizzare l&#8217;acqua saponata per inumidire un panno pulito.<br \/>\n3. Tamponare delicatamente la macchia per eliminarla. Cerca di strofinare il meno possibile per evitare possibili danni.<br \/>\n<br \/>\n<span style=\"text-decoration: underline;\"><strong>Un ulteriore consiglio<\/strong><\/span>: Se vuoi proteggere ulteriormente la tua sedia da gaming, puoi applicare un liquido protettivo sulla superficie della sedia.<\/p>\n\n                                            <\/div>\n                            <\/div>\n            <\/div>\n<\/div>\n\n\n\n<div class=\"wp-block-group is-layout-flow wp-block-group-is-layout-flow\"><div class=\"section--double-p wf-section\">\n    <div class=\"container w-container\">\n        <div class=\"double-p__title-wrapper\">\n                            <h2 class=\"double-p__main-title\">\n                                        <strong class=\"double-p__main-title__orange\">Step 5.<\/strong> Pulizia delle rotelle\n                <\/h2>\n                    <\/div>\n                    <div class=\"double-p__grid\">\n                                    <div class=\"double-p__block\">\n                        <h3 class=\"generic-typography__sub-title bottom--15 top--0\"><\/h3>\n                                                    <p class=\"generic-typography__paragraph\">Hai notato che le ruote non scorrono pi\u00f9 in modo fluido? Forse \u00e8 arrivato il momento di pulire anche quelle.<\/p>\n<p class=\"generic-typography__paragraph\">&nbsp;<\/p>\n<p class=\"generic-typography__paragraph\">Gira la sedia e rimuovi le ruote dalla base. Usa un oggetto affilato, come un coltello da burro, per rimuovere lo sporco all&#8217;interno e tra le ruote. Facendo scorrere il coltello nello spazio tra la ruota e la calotta, \u00e8 possibile raschiare tutto lo sporco.<\/p>\n<p class=\"generic-typography__paragraph\">Quindi inumidisci un panno e passalo sopra e tra le ruote. In questo modo \u00e8 possibile rimuovere gli ultimi residui di sporco. Non dimenticare di passare poi un panno asciutto sulle ruote per evitare che l&#8217;umidit\u00e0 rimanga.<\/p>\n<p class=\"generic-typography__paragraph\">Riattacca le ruote alla sedia e voil\u00e0!<\/p>\n\n                                            <\/div>\n                            <\/div>\n            <\/div>\n<\/div>\n<\/div>\n\n\n<div class=\"section--dealers wf-section\" id=\"dealers\">\n    <div class=\"container w-container\">\n        <div class=\"dealers__description-grid\">\n            <div class=\"dealers__desc-column\">\n                <h2 class=\"generic-typography__section-title\">\n                                                                                ACQUISTA  <span class=\"collection__title__orange\"> ORA<\/span>\n                <\/h2>\n                <h3 class=\"generic-typography__sub-title bottom--15\">\n                    \n                <\/h3>\n                <p class=\"generic-typography__paragraph\">\n                    Tutte le sedie Ranqer sono realizzate in pelle PU resistente e di alta qualit\u00e0 per garantire una lunga durata. Sono tutte dotate di un meccanismo di inclinazione per il posizionamento in posizione verticale e sono regolabili in altezza. Le sedie da gaming Ranqer hanno anche una base in nylon, il che significa che non sarai pi\u00f9 distratto dai suoni scricchiolanti che di solito produce una base in metallo. Inoltre, la base \u00e8 dotata di accenti (colorati) in materiale antiscivolo su cui \u00e8 possibile appoggiare i piedi.\n                <\/p>\n            <\/div>\n        <\/div>\n                    <div class=\"dealers__grid\">\n                                    <div class=\"dealers__single-dealer\">\n                        <a href=\"https:\/\/www.sbsupply.it\/ranqer\" class=\"dealers__single__a w-inline-block\" target=\"_blank\" rel=\"noopener\">\n                            <img decoding=\"async\" src=\"https:\/\/www.ranqer.com\/wp-content\/uploads\/2021\/09\/sbsupply-logo-500x1000-1.png\" loading=\"lazy\" alt=\"\" class=\"dealers__single__logo-img\">\n                            <div class=\"dealers__single__details\">\n                                                            <div class=\"dealers__single__countries\">\n                                                                                                          <div class=\"dealers__single__countries__single\">Italiano<\/div>\n                                                                <\/div>\n                              <img decoding=\"async\" src=\"https:\/\/www.ranqer.com\/wp-content\/themes\/vallonic-ranqer\/dist\/images\/vallonic__ranqer-com__icons__arrow-right__orange_143c2b49.svg\" loading=\"lazy\" alt=\"\" class=\"dealers__single__arrow-right\">\n                            <\/div>\n                        <\/a>\n                    <\/div>\n                                    <div class=\"dealers__single-dealer\">\n                        <a href=\"https:\/\/www.amazon.it\/stores\/Home\/page\/D0892AEA-80BF-4FEC-9769-768F4CDC38ED\" class=\"dealers__single__a w-inline-block\" target=\"_blank\" rel=\"noopener\">\n                            <img decoding=\"async\" src=\"https:\/\/www.ranqer.com\/wp-content\/uploads\/2021\/09\/vallonic__ranqer-com__dealers__amazon2x.png\" loading=\"lazy\" alt=\"\" class=\"dealers__single__logo-img\">\n                            <div class=\"dealers__single__details\">\n                                                            <div class=\"dealers__single__countries\">\n                                                                                                          <div class=\"dealers__single__countries__single\">Italiano<\/div>\n                                                                <\/div>\n                              <img decoding=\"async\" src=\"https:\/\/www.ranqer.com\/wp-content\/themes\/vallonic-ranqer\/dist\/images\/vallonic__ranqer-com__icons__arrow-right__orange_143c2b49.svg\" loading=\"lazy\" alt=\"\" class=\"dealers__single__arrow-right\">\n                            <\/div>\n                        <\/a>\n                    <\/div>\n                            <\/div>\n                            <\/div>\n<\/div>\n","protected":false},"excerpt":{"rendered":"","protected":false},"author":16,"featured_media":0,"parent":0,"menu_order":0,"comment_status":"closed","ping_status":"closed","template":"","meta":{"footnotes":""},"categories":[],"tags":[],"class_list":["post-4890","page","type-page","status-publish","hentry"],"_links":{"self":[{"href":"https:\/\/www.ranqer.com\/it\/wp-json\/wp\/v2\/pages\/4890","targetHints":{"allow":["GET"]}}],"collection":[{"href":"https:\/\/www.ranqer.com\/it\/wp-json\/wp\/v2\/pages"}],"about":[{"href":"https:\/\/www.ranqer.com\/it\/wp-json\/wp\/v2\/types\/page"}],"author":[{"embeddable":true,"href":"https:\/\/www.ranqer.com\/it\/wp-json\/wp\/v2\/users\/16"}],"replies":[{"embeddable":true,"href":"https:\/\/www.ranqer.com\/it\/wp-json\/wp\/v2\/comments?post=4890"}],"version-history":[{"count":24,"href":"https:\/\/www.ranqer.com\/it\/wp-json\/wp\/v2\/pages\/4890\/revisions"}],"predecessor-version":[{"id":14465,"href":"https:\/\/www.ranqer.com\/it\/wp-json\/wp\/v2\/pages\/4890\/revisions\/14465"}],"wp:attachment":[{"href":"https:\/\/www.ranqer.com\/it\/wp-json\/wp\/v2\/media?parent=4890"}],"wp:term":[{"taxonomy":"category","embeddable":true,"href":"https:\/\/www.ranqer.com\/it\/wp-json\/wp\/v2\/categories?post=4890"},{"taxonomy":"post_tag","embeddable":true,"href":"https:\/\/www.ranqer.com\/it\/wp-json\/wp\/v2\/tags?post=4890"}],"curies":[{"name":"wp","href":"https:\/\/api.w.org\/{rel}","templated":true}]}}