{"id":3257,"date":"2021-11-11T15:05:14","date_gmt":"2021-11-11T14:05:14","guid":{"rendered":"https:\/\/ranqer.com\/?page_id=3257"},"modified":"2024-05-15T14:05:46","modified_gmt":"2024-05-15T12:05:46","slug":"team-di-influencer","status":"publish","type":"page","link":"https:\/\/www.ranqer.com\/it\/team-di-influencer\/","title":{"rendered":"Influencer program"},"content":{"rendered":"<div class=\"section--full-width-image wf-section\">\n    \n    <div class=\"full-width-image__image-wrapper\">\n        <img decoding=\"async\" src=\"https:\/\/www.ranqer.com\/wp-content\/uploads\/2021\/10\/Ranqer-header-2.png\" loading=\"lazy\" sizes=\"100vw\" alt=\"\" class=\"full-width-image__img\">\n    <\/div>\n\n            <img decoding=\"async\" src=\"https:\/\/www.ranqer.com\/wp-content\/themes\/vallonic-ranqer\/dist\/images\/vallonic__ranqer-com__decoration__divider-02_2f72479f.png\" loading=\"lazy\" alt=\"\" class=\"full-width-image__bottom-divider\">\n    <\/div>\n\n\n<div class=\"section--double-p wf-section\">\n    <div class=\"container w-container\">\n        <div class=\"double-p__title-wrapper\">\n                            <h2 class=\"double-p__main-title is--large\">\n                                        PARTECIPA AL NOSTRO <strong class=\"double-p__main-title__orange\"> PROGRAMMA PER INFLUENCER<\/strong>\n                <\/h2>\n\n                <h3 class=\"double-p__main-title is--sub\">\n                                        SEDIA DA GAMING RANQER HALO CON <strong class=\"double-p__main-title__orange\"> LED RGB<\/strong>\n                <\/h3>\n                    <\/div>\n                    <div class=\"double-p__grid\">\n                                    <div class=\"double-p__block\">\n                        <h3 class=\"generic-typography__sub-title bottom--15 top--0\"><\/h3>\n                                                    <p class=\"generic-typography__paragraph\">\n                                <p class=\"p1\">Siamo alla ricerca di influencer interessanti e creativi sui social media, come Instagram, Youtube, TikTok e blog. Il nostro programma di influencer \u00e8 per chi ha la nostra stessa visione e passione per le sedie da gaming. Ogni persona \u00e8 unica e ogni influencer \u00e8 unico. Creeremo un pacchetto su misura per te e per noi. Come Ambasciatore Ranqer, promuoverai le nostre sedie sulle tue piattaforme di social media. Vogliamo che tu condivida la tua esperienza con le sedie da gaming Ranqer.<\/p>\n\n                            <\/p>\n                                            <\/div>\n                            <\/div>\n            <\/div>\n<\/div>\n\n\n<div class=\"section--contact wf-section\">\n    <div class=\"contact__top-divider\"><\/div>\n    <div class=\"contact__columns\">\n        <div class=\"contact__left-column\">\n            <div class=\"contact__left-inner\">\n                <h2 class=\"generic-typography__section-title\">\n                                                                                <span class=\"collection__title__orange\"> CONTATTACI<\/span>\n                <\/h2>\n                <h3 class=\"generic-typography__sub-title bottom--15\">\n                    Riempi il modulo di contatto\n                <\/h3>\n                <div class=\"contact__form-shortcode\">\n                    <div class=\"forminator-ui forminator-custom-form forminator-custom-form-17437 forminator-design--flat  forminator_ajax\" data-forminator-render=\"0\" data-form=\"forminator-module-17437\" data-uid=\"69e363898496f\"><br\/><\/div><form\n\t\t\t\tid=\"forminator-module-17437\"\n\t\t\t\tclass=\"forminator-ui forminator-custom-form forminator-custom-form-17437 forminator-design--flat  forminator_ajax\"\n\t\t\t\tmethod=\"post\"\n\t\t\t\tdata-forminator-render=\"0\"\n\t\t\t\tdata-form-id=\"17437\"\n\t\t\t\t data-color-option=\"default\" data-design=\"flat\" data-grid=\"open\" style=\"display: none;\"\n\t\t\t\tdata-uid=\"69e363898496f\"\n\t\t\t><div role=\"alert\" aria-live=\"polite\" class=\"forminator-response-message forminator-error\" aria-hidden=\"true\"><\/div><div class=\"forminator-row\"><div id=\"name-1\" class=\"forminator-field-name forminator-col forminator-col-12 \"><div class=\"forminator-field\"><label for=\"forminator-field-name-1_69e363898496f\" id=\"forminator-field-name-1_69e363898496f-label\" class=\"forminator-label\">Name <span class=\"forminator-required\">*<\/span><\/label><input type=\"text\" name=\"name-1\" value=\"\" placeholder=\"Nome\" id=\"forminator-field-name-1_69e363898496f\" class=\"forminator-input forminator-name--field\" aria-required=\"true\" autocomplete=\"name\" \/><\/div><\/div><\/div><div class=\"forminator-row\"><div id=\"name-2\" class=\"forminator-field-name forminator-col forminator-col-12 \"><div class=\"forminator-field\"><label for=\"forminator-field-name-2_69e363898496f\" id=\"forminator-field-name-2_69e363898496f-label\" class=\"forminator-label\">Social Media<\/label><input type=\"text\" name=\"name-2\" value=\"\" placeholder=\"Nome account\" id=\"forminator-field-name-2_69e363898496f\" class=\"forminator-input forminator-name--field\" aria-required=\"false\" autocomplete=\"name\" \/><\/div><\/div><\/div><div class=\"forminator-row\"><div id=\"checkbox-1\" class=\"forminator-field-checkbox forminator-col forminator-col-12 \"><div role=\"group\" class=\"forminator-field required\" aria-labelledby=\"forminator-checkbox-group-forminator-field-checkbox-1-69e363898496f-label\"><span id=\"forminator-checkbox-group-forminator-field-checkbox-1-69e363898496f-label\" class=\"forminator-label\">Social Media accounts <span class=\"forminator-required\">*<\/span><\/span><label id=\"forminator-field-checkbox-1-1-69e363898496f-label\" for=\"forminator-field-checkbox-1-1-69e363898496f\" class=\"forminator-checkbox\" title=\"Instagram\"><input type=\"checkbox\" name=\"checkbox-1[]\" value=\"instagram\" id=\"forminator-field-checkbox-1-1-69e363898496f\" aria-labelledby=\"forminator-field-checkbox-1-1-69e363898496f-label\" data-calculation=\"0\"  \/><span class=\"forminator-checkbox-box\" aria-hidden=\"true\"><\/span><span class=\"forminator-checkbox-label\">Instagram<\/span><\/label><label id=\"forminator-field-checkbox-1-2-69e363898496f-label\" for=\"forminator-field-checkbox-1-2-69e363898496f\" class=\"forminator-checkbox\" title=\"Youtube\"><input type=\"checkbox\" name=\"checkbox-1[]\" value=\"youtube\" id=\"forminator-field-checkbox-1-2-69e363898496f\" aria-labelledby=\"forminator-field-checkbox-1-2-69e363898496f-label\" data-calculation=\"0\"  \/><span class=\"forminator-checkbox-box\" aria-hidden=\"true\"><\/span><span class=\"forminator-checkbox-label\">Youtube<\/span><\/label><label id=\"forminator-field-checkbox-1-3-69e363898496f-label\" for=\"forminator-field-checkbox-1-3-69e363898496f\" class=\"forminator-checkbox\" title=\"Tiktok\"><input type=\"checkbox\" name=\"checkbox-1[]\" value=\"tiktok\" id=\"forminator-field-checkbox-1-3-69e363898496f\" aria-labelledby=\"forminator-field-checkbox-1-3-69e363898496f-label\" data-calculation=\"0\"  \/><span class=\"forminator-checkbox-box\" aria-hidden=\"true\"><\/span><span class=\"forminator-checkbox-label\">Tiktok<\/span><\/label><label id=\"forminator-field-checkbox-1-4-69e363898496f-label\" for=\"forminator-field-checkbox-1-4-69e363898496f\" class=\"forminator-checkbox\" title=\"Blog\"><input type=\"checkbox\" name=\"checkbox-1[]\" value=\"blog\" id=\"forminator-field-checkbox-1-4-69e363898496f\" aria-labelledby=\"forminator-field-checkbox-1-4-69e363898496f-label\" data-calculation=\"0\"  \/><span class=\"forminator-checkbox-box\" aria-hidden=\"true\"><\/span><span class=\"forminator-checkbox-label\">Blog<\/span><\/label><label id=\"forminator-field-checkbox-1-5-69e363898496f-label\" for=\"forminator-field-checkbox-1-5-69e363898496f\" class=\"forminator-checkbox\" title=\"Other\"><input type=\"checkbox\" name=\"checkbox-1[]\" value=\"name\" id=\"forminator-field-checkbox-1-5-69e363898496f\" aria-labelledby=\"forminator-field-checkbox-1-5-69e363898496f-label\" data-calculation=\"0\"  \/><span class=\"forminator-checkbox-box\" aria-hidden=\"true\"><\/span><span class=\"forminator-checkbox-label\">Other<\/span><\/label><\/div><\/div><\/div><div class=\"forminator-row\"><div id=\"url-1\" class=\"forminator-field-url forminator-col forminator-col-12 \"><div class=\"forminator-field\"><label for=\"forminator-field-url-1_69e363898496f\" id=\"forminator-field-url-1_69e363898496f-label\" class=\"forminator-label\">Website<\/label><input type=\"url\" name=\"url-1\" value=\"\" placeholder=\"Sito web\" id=\"forminator-field-url-1_69e363898496f\" class=\"forminator-input forminator-website--field\" data-required=\"\" aria-required=\"false\" \/><\/div><\/div><\/div><div class=\"forminator-row\"><div id=\"email-1\" class=\"forminator-field-email forminator-col forminator-col-12 \"><div class=\"forminator-field\"><label for=\"forminator-field-email-1_69e363898496f\" id=\"forminator-field-email-1_69e363898496f-label\" class=\"forminator-label\">E-Mail-Adresse <span class=\"forminator-required\">*<\/span><\/label><input type=\"email\" name=\"email-1\" value=\"\" placeholder=\"e-mail\" id=\"forminator-field-email-1_69e363898496f\" class=\"forminator-input forminator-email--field\" data-required=\"1\" aria-required=\"true\" autocomplete=\"email\" \/><\/div><\/div><\/div><div class=\"forminator-row\"><div id=\"textarea-1\" class=\"forminator-field-textarea forminator-col forminator-col-12 \"><div class=\"forminator-field\"><label for=\"forminator-field-textarea-1_69e363898496f\" id=\"forminator-field-textarea-1_69e363898496f-label\" class=\"forminator-label\">Perch\u00e9 vuoi collaborare con Ranqer?<\/label><textarea name=\"textarea-1\" placeholder=\"Perch\u00e9 vuoi collaborare con Ranqer?\" id=\"forminator-field-textarea-1_69e363898496f\" class=\"forminator-textarea\" rows=\"6\" style=\"min-height:140px;\" ><\/textarea><\/div><\/div><\/div><div class=\"forminator-row\"><div id=\"captcha-1\" class=\"forminator-field-captcha forminator-col forminator-col-12 \"><div class=\"forminator-captcha-left forminator-g-recaptcha recaptcha-invisible\" data-theme=\"light\" data-badge=\"inline\" data-sitekey=\"6LcsZBMdAAAAAOfghpSV3rmh19QsIUnsXyx-ZjoF\" data-size=\"invisible\"><\/div> <\/div><\/div><input type=\"hidden\" name=\"referer_url\" value=\"\" \/><div class=\"forminator-row forminator-row-last\"><div class=\"forminator-col\"><div class=\"forminator-field\"><button class=\"forminator-button forminator-button-submit\">Invia il messaggio<\/button><\/div><\/div><\/div><input type=\"hidden\" id=\"forminator_nonce\" name=\"forminator_nonce\" value=\"cdeb58eef5\" \/><input type=\"hidden\" name=\"_wp_http_referer\" value=\"\/it\/wp-json\/wp\/v2\/pages\/3257\" \/><input type=\"hidden\" name=\"form_id\" value=\"17437\"><input type=\"hidden\" name=\"page_id\" value=\"3257\"><input type=\"hidden\" name=\"form_type\" value=\"default\"><input type=\"hidden\" name=\"current_url\" value=\"https:\/\/www.ranqer.com\/it\/team-di-influencer\/\"><input type=\"hidden\" name=\"render_id\" value=\"0\"><input type=\"hidden\" name=\"action\" value=\"forminator_submit_form_custom-forms\"><label for=\"input_7\" class=\"forminator-hidden\" aria-hidden=\"true\">Please do not fill in this field. <input id=\"input_7\" type=\"text\" name=\"input_7\" value=\"\" autocomplete=\"off\"><\/label><\/form>\n                <\/div>\n            <\/div>\n        <\/div>\n        <div class=\"contact__right-column\">\n            <div class=\"contact__right-inner\">\n                <h2 class=\"generic-typography__section-title\">\n                    COMPANY\n                <\/h2>\n                <h3 class=\"generic-typography__sub-title bottom--15\">\n                    Company details\n                <\/h3>\n                <p class=\"generic-typography__paragraph\">Ranqer International B.V.<\/p>\n                <p class=\"generic-typography__paragraph top--8\">\n                    Monumentstraat 1 B\n                    <br \/>\n                    5038 AR TILBURG\n                <\/p>\n                <p class=\"generic-typography__paragraph top--8\">\n                    Paesi Bassi\n                <\/p>\n                <h3 class=\"generic-typography__sub-title bottom--0 top--30\">\n                    Dutch Chamber of Commerce (KVK)\n                <\/h3>\n                <p class=\"generic-typography__paragraph top--0\">\n                    82319154\n                <\/p>\n                <h3 class=\"generic-typography__sub-title bottom--0 top--30\">\n                    E-mail\n                <\/h3>\n                <p class=\"generic-typography__paragraph top--0\">\n                    <a href=\"mailto:info@ranqer.com\">\n                        info@ranqer.com\n                    <\/a>\n                <\/p>\n                <h3 class=\"generic-typography__sub-title bottom--0 top--30\">\n                    Phone\n                <\/h3>\n                <p class=\"generic-typography__paragraph top--0\">\n                    <a href=\"tel:+31 (0)13 7009794\">+31 (0)13 7009794<\/a>\n                <\/p>\n            <\/div>\n        <\/div>\n    <\/div>\n<\/div>\n","protected":false},"excerpt":{"rendered":"","protected":false},"author":16,"featured_media":0,"parent":0,"menu_order":0,"comment_status":"closed","ping_status":"closed","template":"","meta":{"footnotes":""},"categories":[],"tags":[],"class_list":["post-3257","page","type-page","status-publish","hentry"],"_links":{"self":[{"href":"https:\/\/www.ranqer.com\/it\/wp-json\/wp\/v2\/pages\/3257","targetHints":{"allow":["GET"]}}],"collection":[{"href":"https:\/\/www.ranqer.com\/it\/wp-json\/wp\/v2\/pages"}],"about":[{"href":"https:\/\/www.ranqer.com\/it\/wp-json\/wp\/v2\/types\/page"}],"author":[{"embeddable":true,"href":"https:\/\/www.ranqer.com\/it\/wp-json\/wp\/v2\/users\/16"}],"replies":[{"embeddable":true,"href":"https:\/\/www.ranqer.com\/it\/wp-json\/wp\/v2\/comments?post=3257"}],"version-history":[{"count":8,"href":"https:\/\/www.ranqer.com\/it\/wp-json\/wp\/v2\/pages\/3257\/revisions"}],"predecessor-version":[{"id":17439,"href":"https:\/\/www.ranqer.com\/it\/wp-json\/wp\/v2\/pages\/3257\/revisions\/17439"}],"wp:attachment":[{"href":"https:\/\/www.ranqer.com\/it\/wp-json\/wp\/v2\/media?parent=3257"}],"wp:term":[{"taxonomy":"category","embeddable":true,"href":"https:\/\/www.ranqer.com\/it\/wp-json\/wp\/v2\/categories?post=3257"},{"taxonomy":"post_tag","embeddable":true,"href":"https:\/\/www.ranqer.com\/it\/wp-json\/wp\/v2\/tags?post=3257"}],"curies":[{"name":"wp","href":"https:\/\/api.w.org\/{rel}","templated":true}]}}