{"id":3249,"date":"2021-11-11T14:56:05","date_gmt":"2021-11-11T13:56:05","guid":{"rendered":"https:\/\/ranqer.com\/?page_id=3249"},"modified":"2024-04-10T09:45:29","modified_gmt":"2024-04-10T07:45:29","slug":"garanzia","status":"publish","type":"page","link":"https:\/\/www.ranqer.com\/it\/garanzia\/","title":{"rendered":"Warranty"},"content":{"rendered":"\n<div class=\"wp-block-columns is-layout-flex wp-container-core-columns-is-layout-9d6595d7 wp-block-columns-is-layout-flex\">\n<div class=\"wp-block-column is-layout-flow wp-block-column-is-layout-flow\" style=\"flex-basis:100%\"><\/div>\n<\/div>\n\n\n<div class=\"section--full-width-image wf-section\">\n    \n    <div class=\"full-width-image__image-wrapper\">\n        <img decoding=\"async\" src=\"https:\/\/www.ranqer.com\/wp-content\/uploads\/2021\/10\/Ranqer-header-2.png\" loading=\"lazy\" sizes=\"100vw\" alt=\"\" class=\"full-width-image__img\">\n    <\/div>\n\n            <img decoding=\"async\" src=\"https:\/\/www.ranqer.com\/wp-content\/themes\/vallonic-ranqer\/dist\/images\/vallonic__ranqer-com__decoration__divider-02_2f72479f.png\" loading=\"lazy\" alt=\"\" class=\"full-width-image__bottom-divider\">\n    <\/div>\n\n\n<div class=\"section--double-p wf-section\">\n    <div class=\"container w-container\">\n        <div class=\"double-p__title-wrapper\">\n                            <h2 class=\"double-p__main-title is--large\">\n                                        GARANZIA\n                <\/h2>\n\n                <h3 class=\"double-p__main-title is--sub\">\n                                        \n                <\/h3>\n                    <\/div>\n                    <div class=\"double-p__grid\">\n                                    <div class=\"double-p__block\">\n                        <h3 class=\"generic-typography__sub-title bottom--15 top--0\"><\/h3>\n                                                    <p class=\"generic-typography__paragraph\">Nonostante la qualit\u00e0 e l&#8217;attenzione riposta delle sedie da gaming Ranqer, pu\u00f2 capitare di ricevere un articolo difettoso o con una parte difettosa. Ranqer offre una garanzia di 2 anni a tutti i clienti che acquistano.<\/p>\n<p class=\"generic-typography__paragraph\">&nbsp;<\/p>\n<p class=\"generic-typography__paragraph\">&nbsp;<\/p>\n<p class=\"generic-typography__paragraph\"><strong>Termini e condizioni della garanzia<\/strong><\/p>\n<ul>\n<li>La garanzia copre solo i prodotti nuovi acquistati da un rivenditore autorizzato<\/li>\n<li>La garanzia copre solo i prodotti che sono stati assemblati correttamente secondo le istruzioni<\/li>\n<li>Il periodo di garanzia inizia dalla data di consegna dell&#8217;articolo<\/li>\n<li>Un reclamo pu\u00f2 essere presentato attraverso il rivenditore autorizzato presso il quale \u00e8 stato acquistato l&#8217;articolo. Dopo aver ricevuto il reclamo, Ranqer informer\u00e0 il cliente se il il difetto \u00e8 coperto dalla garanzia<\/li>\n<li>Le riparazioni sono gratuite<\/li>\n<li>Se le riparazioni non sono possibili, il singolo pezzo difettoso verr\u00e0 sostituito<\/li>\n<li>A seconda della situazione, al cliente possono essere addebitate le spese di spedizione<\/li>\n<\/ul>\n<p class=\"generic-typography__paragraph\">&nbsp;<\/p>\n<p class=\"generic-typography__paragraph\"><strong>Cosa copre la nostra garanzia<\/strong><\/p>\n<ul>\n<li>Qualsiasi difformit\u00e0 di una sedia da gioco appena acquistata<\/li>\n<\/ul>\n<p class=\"generic-typography__paragraph\">&nbsp;<\/p>\n<p class=\"generic-typography__paragraph\"><strong>Cosa non copre la nostra garanzia<\/strong><\/p>\n<ul>\n<li>L&#8217;usura dovuta all&#8217;invecchiamento dei materiali<\/li>\n<li>Usura di parti come le ruote e le meccaniche<\/li>\n<li>Rottura dovuta a un assemblaggio improprio della sedia<\/li>\n<li>Danni causati da animali<\/li>\n<li>Danni causati da alte temperature e alta umidit\u00e0<\/li>\n<li>Danni causati da fuoco e acqua o altre situazioni fuori dal nostro controllo<\/li>\n<li>Sedie che non rientrano nel periodo di garanzia di 2 anni<\/li>\n<\/ul>\n\n                                            <\/div>\n                                    <div class=\"double-p__block\">\n                        <h3 class=\"generic-typography__sub-title bottom--15 top--0\"><\/h3>\n                                                    <p class=\"generic-typography__paragraph\">\n                                \n                            <\/p>\n                                            <\/div>\n                            <\/div>\n            <\/div>\n<\/div>\n\n\n<div class=\"section--dealers wf-section\" id=\"dealers\">\n    <div class=\"container w-container\">\n        <div class=\"dealers__description-grid\">\n            <div class=\"dealers__desc-column\">\n                <h2 class=\"generic-typography__section-title\">\n                                                                                ACQUISTA <span class=\"collection__title__orange\">ORA<\/span>\n                <\/h2>\n                <h3 class=\"generic-typography__sub-title bottom--15\">\n                    \n                <\/h3>\n                <p class=\"generic-typography__paragraph\">\n                    Ottimo comfort e design. Sedie da gaming Ranqer disponibili ora. Eleva la tua postazione di gioco scegliendo una delle nostre quattro lussuose sedie da gaming.\n                <\/p>\n            <\/div>\n        <\/div>\n                    <div class=\"dealers__grid\">\n                                    <div class=\"dealers__single-dealer\">\n                        <a href=\"https:\/\/www.sbsupply.it\/ranqer\" class=\"dealers__single__a w-inline-block\" target=\"_blank\" rel=\"noopener\">\n                            <img decoding=\"async\" src=\"https:\/\/www.ranqer.com\/wp-content\/uploads\/2021\/09\/sbsupply-logo-500x1000-1.png\" loading=\"lazy\" alt=\"\" class=\"dealers__single__logo-img\">\n                            <div class=\"dealers__single__details\">\n                                                            <div class=\"dealers__single__countries\">\n                                                                                                          <div class=\"dealers__single__countries__single\">Italiano<\/div>\n                                                                <\/div>\n                              <img decoding=\"async\" src=\"https:\/\/www.ranqer.com\/wp-content\/themes\/vallonic-ranqer\/dist\/images\/vallonic__ranqer-com__icons__arrow-right__orange_143c2b49.svg\" loading=\"lazy\" alt=\"\" class=\"dealers__single__arrow-right\">\n                            <\/div>\n                        <\/a>\n                    <\/div>\n                                    <div class=\"dealers__single-dealer\">\n                        <a href=\"https:\/\/www.amazon.it\/stores\/page\/D0892AEA-80BF-4FEC-9769-768F4CDC38ED\" class=\"dealers__single__a w-inline-block\" target=\"_blank\" rel=\"noopener\">\n                            <img decoding=\"async\" src=\"https:\/\/www.ranqer.com\/wp-content\/uploads\/2021\/09\/vallonic__ranqer-com__dealers__amazon2x.png\" loading=\"lazy\" alt=\"\" class=\"dealers__single__logo-img\">\n                            <div class=\"dealers__single__details\">\n                                                            <div class=\"dealers__single__countries\">\n                                                                                                          <div class=\"dealers__single__countries__single\">Italiano<\/div>\n                                                                <\/div>\n                              <img decoding=\"async\" src=\"https:\/\/www.ranqer.com\/wp-content\/themes\/vallonic-ranqer\/dist\/images\/vallonic__ranqer-com__icons__arrow-right__orange_143c2b49.svg\" loading=\"lazy\" alt=\"\" class=\"dealers__single__arrow-right\">\n                            <\/div>\n                        <\/a>\n                    <\/div>\n                            <\/div>\n                            <\/div>\n<\/div>\n","protected":false},"excerpt":{"rendered":"","protected":false},"author":16,"featured_media":0,"parent":0,"menu_order":0,"comment_status":"closed","ping_status":"closed","template":"","meta":{"footnotes":""},"categories":[],"tags":[],"class_list":["post-3249","page","type-page","status-publish","hentry"],"_links":{"self":[{"href":"https:\/\/www.ranqer.com\/it\/wp-json\/wp\/v2\/pages\/3249","targetHints":{"allow":["GET"]}}],"collection":[{"href":"https:\/\/www.ranqer.com\/it\/wp-json\/wp\/v2\/pages"}],"about":[{"href":"https:\/\/www.ranqer.com\/it\/wp-json\/wp\/v2\/types\/page"}],"author":[{"embeddable":true,"href":"https:\/\/www.ranqer.com\/it\/wp-json\/wp\/v2\/users\/16"}],"replies":[{"embeddable":true,"href":"https:\/\/www.ranqer.com\/it\/wp-json\/wp\/v2\/comments?post=3249"}],"version-history":[{"count":10,"href":"https:\/\/www.ranqer.com\/it\/wp-json\/wp\/v2\/pages\/3249\/revisions"}],"predecessor-version":[{"id":12781,"href":"https:\/\/www.ranqer.com\/it\/wp-json\/wp\/v2\/pages\/3249\/revisions\/12781"}],"wp:attachment":[{"href":"https:\/\/www.ranqer.com\/it\/wp-json\/wp\/v2\/media?parent=3249"}],"wp:term":[{"taxonomy":"category","embeddable":true,"href":"https:\/\/www.ranqer.com\/it\/wp-json\/wp\/v2\/categories?post=3249"},{"taxonomy":"post_tag","embeddable":true,"href":"https:\/\/www.ranqer.com\/it\/wp-json\/wp\/v2\/tags?post=3249"}],"curies":[{"name":"wp","href":"https:\/\/api.w.org\/{rel}","templated":true}]}}