{"id":3192,"date":"2021-11-11T13:39:01","date_gmt":"2021-11-11T12:39:01","guid":{"rendered":"https:\/\/ranqer.com\/?page_id=3192"},"modified":"2024-04-11T16:04:41","modified_gmt":"2024-04-11T14:04:41","slug":"sedia-da-gaming-ranqer-carbon","status":"publish","type":"page","link":"https:\/\/www.ranqer.com\/it\/sedia-da-gaming-ranqer-carbon\/","title":{"rendered":"Ranqer Carbon gaming chair"},"content":{"rendered":"<div class=\"section--product-highlight wf-section\">\n    <div class=\"container w-container\">\n      <div class=\"product-highlight__grid\">\n        <div class=\"product-highlight__column\">\n          <div class=\"product-highlight__image-wrapper\">\n              <img decoding=\"async\" src=\"https:\/\/www.ranqer.com\/wp-content\/uploads\/2021\/09\/Ranqer-Felix-Carbon-gaming-chair.png\" loading=\"lazy\" sizes=\"100vw\" alt=\"Sedia da Gaming Ranqer Carbon\" class=\"product-highlight__img\">\n                                <img decoding=\"async\" src=\"https:\/\/www.ranqer.com\/wp-content\/themes\/vallonic-ranqer\/dist\/images\/vallonic__ranqer-com__product-highlight__backdrop-single-color2x_fceffc2a.png\" loading=\"lazy\" sizes=\"100vw\" alt=\"\" class=\"product-highlight__background\">\n                        <\/div>\n        <\/div>\n        <div class=\"product-highlight__column\">\n          <div class=\"product-highlight__details\">\n            <h2 class=\"product-highlight__h2\">\n                                                                SEDIA DA GAMING <span class=\"product-highlight__h2__orange\">ERGONOMICA<\/span>\n            <\/h2>\n            <h1 class=\"product-highlight__h1\">\n                Sedia da Gaming Ranqer Carbon\n            <\/h1>\n            <p class=\"product-highlight__desc\">\n                Una buona sedia da gaming \u00e8 molto importante quando si vuol star seduti dietro uno schermo per lunghe sessioni. Oltre a prevenire i problemi alla schiena, si vuole anche restare concentrati. Con questa rivoluzionaria sedia da gaming Carbon di Ranqer otterrai prestazioni migliori e dominerai ogni sessione di gioco!\n            <\/p>\n            <a href=\"#\" data-scroll=\"section--dealers\" class=\"product-highlight__button\">\n                Shop Online\n            <\/a>\n            <div class=\"product-highlight__actions\">\n                                <a\n                      class=\"product-highlight__single-action\"\n                      href=\"#\"\n                      data-scroll=\"section--detail-shots\"\n                  >\n                      Scopri di pi\u00f9 \u2192\n                  <\/a>\n                            \n            <\/div>\n          <\/div>\n        <\/div>\n      <\/div>\n    <\/div>\n            <div class=\"product-highlight__bottom-border\"><\/div>\n        \n    <img decoding=\"async\" src=\"https:\/\/www.ranqer.com\/wp-content\/themes\/vallonic-ranqer\/dist\/images\/vallonic__ranqer-com__product-highlight__decorative-elements_7b623bd8.svg\" loading=\"lazy\" alt=\"\" class=\"product-highlight__decoration\">\n<\/div>\n\n\n<div class=\"section--detail-shots wf-section\">\n    <div class=\"container w-container\">\n        <h2 class=\"generic-typography__section-title\">\n                                                RANQER TI PROMETTE LA <span class=\"collection__title__orange\">QUALIT\u00c0<\/span>\n        <\/h2>\n    <\/div>\n                                    \n\n              <div class=\"detail-shots__section is--first\">\n                  <div class=\"detail-shots__image-column\">\n                      <img decoding=\"async\" src=\"https:\/\/www.ranqer.com\/wp-content\/uploads\/2021\/09\/Ranqer-Carbon-details-4.png\" loading=\"lazy\" alt=\"\" class=\"detail-shots__single-image\">\n                  <\/div>\n                  <div class=\"detail-shots__desc-column is--right\">\n                      <div class=\"detail-shots__desc-column__inner is--right\">\n                          <h3 class=\"detail-shots__desc-title\">\n                              CUSCINI ADATTI A TE\n                          <\/h3>\n                          <h4 class=\"generic-typography__sub-title bottom--15 top--0\">\n                              Perfettamente ergonomica\n                          <\/h4>\n                          <p class=\"generic-typography__paragraph\">\n                              Le caratteristiche ergonomiche e le possibili regolazioni delle sedie aiutano a prevenire il mal di schiena in quanto \u00e8 possibile risistemare individualmente il cuscino cervicale e lombare. Non dovrai pi\u00f9 preoccuparti del mal di schiena dopo lunghe ore di gioco.\n                          <\/p>\n                      <\/div>\n                  <\/div>\n              <\/div>\n                                                            <div class=\"detail-shots__section \">\n                    <div class=\"detail-shots__desc-column is--left\">\n                        <div class=\"detail-shots__desc-column__inner is--left\">\n                            <h3 class=\"detail-shots__desc-title\">\n                                CUCITURE DI QUALIT\u00c0\n                            <\/h3>\n                            <h4 class=\"generic-typography__sub-title bottom--15 top--0\">\n                                Ispirata ai sedili da corsa\n                            <\/h4>\n                            <p class=\"generic-typography__paragraph\">\n                                La sedia da gaming Ranqer Carbon ha delle belle cuciture rosse, che danno alla sedia un aspetto lussuoso e professionale. Ci sforziamo di darti la migliore sedia da gaming su cui ti siederai mai.\n                            <\/p>\n                        <\/div>\n                    <\/div>\n                    <div class=\"detail-shots__image-column\">\n                        <img decoding=\"async\" src=\"https:\/\/www.ranqer.com\/wp-content\/uploads\/2021\/09\/Ranqer-Carbon-gaming-chair-detail.png\" loading=\"lazy\" alt=\"\" class=\"detail-shots__single-image\">\n                    <\/div>\n                <\/div>\n                                            \n\n              <div class=\"detail-shots__section \">\n                  <div class=\"detail-shots__image-column\">\n                      <img decoding=\"async\" src=\"https:\/\/www.ranqer.com\/wp-content\/uploads\/2021\/09\/Ranqer-Carbon-gaming-chair-detail-1.png\" loading=\"lazy\" alt=\"\" class=\"detail-shots__single-image\">\n                  <\/div>\n                  <div class=\"detail-shots__desc-column is--right\">\n                      <div class=\"detail-shots__desc-column__inner is--right\">\n                          <h3 class=\"detail-shots__desc-title\">\n                              BRACCIOLI REGOLABILI\n                          <\/h3>\n                          <h4 class=\"generic-typography__sub-title bottom--15 top--0\">\n                              La collezione Ranqer\n                          <\/h4>\n                          <p class=\"generic-typography__paragraph\">\n                              I braccioli sono regolabili orizzontalmente e verticalmente, in modo da poter rilassare le braccia senza sforzare la schiena. I braccioli hanno una curvatura, che assicurano che le tue braccia siano perfettamente comode quando appoggiate sui braccioli.\n                          <\/p>\n                      <\/div>\n                  <\/div>\n              <\/div>\n                                                            <div class=\"detail-shots__section \">\n                    <div class=\"detail-shots__desc-column is--left\">\n                        <div class=\"detail-shots__desc-column__inner is--left\">\n                            <h3 class=\"detail-shots__desc-title\">\n                                ALTEZZA DELLA SEDUTA REGOLABILE\n                            <\/h3>\n                            <h4 class=\"generic-typography__sub-title bottom--15 top--0\">\n                                Per tutte le taglie\n                            <\/h4>\n                            <p class=\"generic-typography__paragraph\">\n                                Il modello Carbon ha un meccanismo di inclinazione per il posizionamento da verticale a verticale e una regolazione in altezza. \r\n\r\nLo schienale e i cuscini regolabili permettono anche alle persone oltre 1,70m (5,5 ft) di sedersi comodamente. L&#039;altezza consigliata per le sedie Ranqer \u00e8 tra 1,65m e 1,85m (5,4 ft &#8211; 6,1 ft). La base della sedia, di alta qualit\u00e0, \u00e8 progettata per reggere un peso fino a 150 kg. \n                            <\/p>\n                        <\/div>\n                    <\/div>\n                    <div class=\"detail-shots__image-column\">\n                        <img decoding=\"async\" src=\"https:\/\/www.ranqer.com\/wp-content\/uploads\/2021\/09\/Ranqer-carbon-detail-gaming-chair-3-1.png\" loading=\"lazy\" alt=\"\" class=\"detail-shots__single-image\">\n                    <\/div>\n                <\/div>\n                                            \n\n              <div class=\"detail-shots__section \">\n                  <div class=\"detail-shots__image-column\">\n                      <img decoding=\"async\" src=\"https:\/\/www.ranqer.com\/wp-content\/uploads\/2021\/09\/Ranqer-Carbon-detail-2.png\" loading=\"lazy\" alt=\"\" class=\"detail-shots__single-image\">\n                  <\/div>\n                  <div class=\"detail-shots__desc-column is--right\">\n                      <div class=\"detail-shots__desc-column__inner is--right\">\n                          <h3 class=\"detail-shots__desc-title\">\n                              IMBOTTITURA PER UN MAGGIORE COMFORT\n                          <\/h3>\n                          <h4 class=\"generic-typography__sub-title bottom--15 top--0\">\n                              Rivoluziona la tua postazione da gaming\n                          <\/h4>\n                          <p class=\"generic-typography__paragraph\">\n                              La seduta spaziosa di Ranqer Carbon in combinazione con i materiali robusti fornisce tutto il comfort necessario. Lo schienale della sedia da gaming Ranqer \u00e8 progettato per adattarsi alla forma della tua schiena. Le tue scapole saranno supportate al meglio e la tua colonna vertebrale ringrazier\u00e0.\n                          <\/p>\n                      <\/div>\n                  <\/div>\n              <\/div>\n                                                            <div class=\"detail-shots__section \">\n                    <div class=\"detail-shots__desc-column is--left\">\n                        <div class=\"detail-shots__desc-column__inner is--left\">\n                            <h3 class=\"detail-shots__desc-title\">\n                                BASE IN NYLON\n                            <\/h3>\n                            <h4 class=\"generic-typography__sub-title bottom--15 top--0\">\n                                Stabilit\u00e0\n                            <\/h4>\n                            <p class=\"generic-typography__paragraph\">\n                                Le sedie da gaming di Ranqer sono amate per il loro supporto completo del corpo e i materiali di lusso. A differenza delle normali sedie da gaming, la Ranqer Carbon \u00e8 dotata di una base in nylon. Questa caratteristica speciale assicura una maggiore stabilit\u00e0 e impedisce alla sedia di scricchiolare quando ci si sposta o dondola. Dopo tutto, non puoi permetterti distrazioni durante le partite pi\u00f9 intense.\n                            <\/p>\n                        <\/div>\n                    <\/div>\n                    <div class=\"detail-shots__image-column\">\n                        <img decoding=\"async\" src=\"https:\/\/www.ranqer.com\/wp-content\/uploads\/2021\/09\/Ranqer-base-detail_.png\" loading=\"lazy\" alt=\"\" class=\"detail-shots__single-image\">\n                    <\/div>\n                <\/div>\n                        <\/div>\n\n\n<div class=\"section--full-width-image wf-section\">\n            <img decoding=\"async\" src=\"https:\/\/www.ranqer.com\/wp-content\/themes\/vallonic-ranqer\/dist\/images\/vallonic__ranqer-com__decoration__divider-01_7e1152f2.svg\" loading=\"lazy\" alt=\"\" class=\"full-width-image__top-divider\">\n    \n    <div class=\"full-width-image__image-wrapper\">\n        <img decoding=\"async\" src=\"https:\/\/www.ranqer.com\/wp-content\/uploads\/2022\/02\/Ranqer-Carbon-Banner-1920x450px.jpg\" loading=\"lazy\" sizes=\"100vw\" alt=\"\" class=\"full-width-image__img\">\n    <\/div>\n\n    <\/div>\n\n\n<div class=\"section--double-p wf-section\">\n    <div class=\"container w-container\">\n        <div class=\"double-p__title-wrapper\">\n                            <h2 class=\"double-p__main-title is--large\">\n                                        IL NOSTRO TRONO, <strong class=\"double-p__main-title__orange\">LA TUA VITTORIA<\/strong>\n                <\/h2>\n\n                <h3 class=\"double-p__main-title is--sub\">\n                                        SEDIA DA GAMING <strong class=\"double-p__main-title__orange\">RANQER CARBON<\/strong>\n                <\/h3>\n                    <\/div>\n                    <div class=\"double-p__grid\">\n                                    <div class=\"double-p__block\">\n                        <h3 class=\"generic-typography__sub-title bottom--15 top--0\">Per i gamer che si rispettano<\/h3>\n                                                    <p class=\"generic-typography__paragraph\">\n                                <p class=\"p1\">Sia che lavori in un ufficio, da casa o in un coworking, le sedie Ranqer sono progettate per essere professionali e fornire comfort. Moderne, eleganti e convenienti &#8211; tre parole che descrivono perfettamente le sedie da gaming Ranqer. Se vuoi apparire come un giocatore professionista o rendere pi\u00f9 bello il tuo ufficio, qui troverai la sedia che fa per te. Oltre all&#8217;incredibile comodit\u00e0 che forniscono, le sedie Ranqer hanno un look moderno e sempre alla moda.<\/p>\n\n                            <\/p>\n                                            <\/div>\n                                    <div class=\"double-p__block\">\n                        <h3 class=\"generic-typography__sub-title bottom--15 top--0\"><\/h3>\n                                                    <p class=\"generic-typography__paragraph\">\n                                <p class=\"p2\">Ognuno sceglie la sua sedia da ufficio preferita, c&#8217;\u00e8 chi la vuole nera e chi la preferisce colorata. Scegli i modelli Felix o Carbon per un look semplice ma elegante. Chi ama un po&#8217; di colore in ufficio o qualche chicca speciale pu\u00f2 scegliere una delle sedie con illuminazione LED RGB come i modelli Aura e Halo. La pelle PU d\u00e0 alla sedia un aspetto elegante e lussuoso ma \u00e8 anche facile da pulire. Ti possiamo garantire che con un po&#8217; di manutenzione questa sedia ti durer\u00e0.<\/p>\n\n                            <\/p>\n                                            <\/div>\n                            <\/div>\n            <\/div>\n<\/div>\n\n\n<div class=\"section--product-downloads bottom--0 wf-section\">\n    <div class=\"container w-container\">\n        <div class=\"product-downloads__grid\">\n            <div class=\"product-downloads__column\">\n                <h2 class=\"generic-typography__section-title\">\n                                        SCHEDA PRODOTTO\n                <\/h2>\n                <h3 class=\"generic-typography__sub-title bottom--15\">\n                    Caratteristiche\n                <\/h3>\n                <p class=\"generic-typography__paragraph\">\n                    <p>Cuscino per il collo: (L) 32 x (A) 20 x (P) 9 cm<br \/>\nCuscino lombare: (L) 34 x (A) 20 x (P) 9 cm<\/p>\n<p>Schienale regolabile 90-180\u00b0<br \/>\nLarghezza dello schienale: 54 cm<br \/>\nLunghezza schienale: 82 cm<\/p>\n<p>Braccioli regolabili 2D: 8 cm<br \/>\nDa bracciolo a bracciolo: 68 cm<br \/>\nBracciolo dal pi\u00f9 basso al pi\u00f9 alto: 60 &#8211; 78 cm<\/p>\n<p>Altezza minima del sedile: 45 cm<br \/>\nAltezza massima del sedile: 55 cm<\/p>\n<p>Larghezza della superficie di seduta con braccioli: 54 cm<br \/>\nLarghezza della superficie di seduta senza braccioli: 38 cm<br \/>\nProfondit\u00e0 della superficie del sedile: 50 cm<\/p>\n<p>Diametro tra le rotelle: 73 cm<\/p>\n<p>Peso massimo: 150 kg<br \/>\nPeso della sedia: 20 kg<\/p>\n<p>Dimensioni sedia: (L) 68 x (H) 128-138 x (P) 72 cm<br \/>\nDimensioni scatola: (L) 85 x (A) 28 x (P) 65 cm<\/p>\n\n                <\/p>\n                <div class=\"product-downloads__actions-grid\">\n                                                                                                        <a href=\"https:\/\/www.ranqer.com\/wp-content\/uploads\/2021\/09\/Specification-Ranqer-Carbon.pdf\" download=\"Specification Ranqer Carbon\" class=\"product-highlight__single-action\">\n                                    Specifiche tecniche Ranqer Carbon (ENG) \u2192\n                                <\/a>\n                                                                                                                <a href=\"https:\/\/www.ranqer.com\/wp-content\/uploads\/2022\/08\/ranqer-carbon-chair-instructions.pdf\" download=\"ranqer-carbon-chair-instructions\" class=\"product-highlight__single-action\">\n                                    Manuale Ranqer Carbon (ENG) \u2192\n                                <\/a>\n                                                                                        <\/div>\n            <\/div>\n            <div class=\"product-downloads__column\">\n                <div class=\"product-downloads__decoration-wrapper\">\n                    <img decoding=\"async\" src=\"https:\/\/www.ranqer.com\/wp-content\/uploads\/2021\/09\/Ranqer-gaming-chair-footer.png\" loading=\"lazy\" alt=\"\" class=\"product-downloads__decoration-img\">\n                <\/div>\n            <\/div>\n        <\/div>\n    <\/div>\n<\/div>\n\n\n<div class=\"section--selling-points  wf-section\">\n    <div class=\"container w-container\">\n                                <div class=\"selling-points__title\">\n                            <h2 class=\"generic-typography__section-title\">\n                    I NOSTRI <span class=\"collection__title__orange\">PUNTI DI FORZA<\/span>\n                <\/h2>\n                    <\/div>\n        <div class=\"selling-points__grid\">\n                                                <div class=\"selling-points__single\">\n                        <div class=\"selling-points__single__inner\">\n                            <div class=\"selling-points__single__text\">\n                                Super ergonomiche\n                            <\/div>\n                            <div class=\"selling-points__single__icon-wrapper\">\n                                <img decoding=\"async\" src=\"https:\/\/www.ranqer.com\/wp-content\/themes\/vallonic-ranqer\/dist\/images\/vallonic__ranqer-com__icons__ergonomic__orange_46a0c9d8.svg\" loading=\"lazy\" width=\"21\" alt=\"\" class=\"selling-points__single__icon\">\n                            <\/div>\n                        <\/div>\n                    <\/div>\n                                    <div class=\"selling-points__single\">\n                        <div class=\"selling-points__single__inner\">\n                            <div class=\"selling-points__single__text\">\n                                Ispirate ai sedili da corsa\n                            <\/div>\n                            <div class=\"selling-points__single__icon-wrapper\">\n                                <img decoding=\"async\" src=\"https:\/\/www.ranqer.com\/wp-content\/themes\/vallonic-ranqer\/dist\/images\/vallonic__ranqer-com__icons__racing__orange_7c54f02f.svg\" loading=\"lazy\" width=\"21\" alt=\"\" class=\"selling-points__single__icon\">\n                            <\/div>\n                        <\/div>\n                    <\/div>\n                                    <div class=\"selling-points__single\">\n                        <div class=\"selling-points__single__inner\">\n                            <div class=\"selling-points__single__text\">\n                                Disegnate in Olanda\n                            <\/div>\n                            <div class=\"selling-points__single__icon-wrapper\">\n                                <img decoding=\"async\" src=\"https:\/\/www.ranqer.com\/wp-content\/themes\/vallonic-ranqer\/dist\/images\/vallonic__ranqer-com__icons__design__orange_5cb9e4bc.svg\" loading=\"lazy\" width=\"21\" alt=\"\" class=\"selling-points__single__icon\">\n                            <\/div>\n                        <\/div>\n                    <\/div>\n                                    <\/div>\n                            <div class=\"selling-points__cta-wrapper\">\n                <a\n                    href=\"#\"\n                    data-scroll=\"section--dealers\"\n                    class=\"selling-points__cta\"\n                >\n                    Acquista ora\n                <\/a>\n            <\/div>\n            <\/div>\n<\/div>\n\n\n<div class=\"section--dealers wf-section\" id=\"dealers\">\n    <div class=\"container w-container\">\n        <div class=\"dealers__description-grid\">\n            <div class=\"dealers__desc-column\">\n                <h2 class=\"generic-typography__section-title\">\n                                                                                ABBIAMO OCCHIO PER I <span class=\"collection__title__orange\">DETTAGLI<\/span>\n                <\/h2>\n                <h3 class=\"generic-typography__sub-title bottom--15\">\n                    Acquista ora\n                <\/h3>\n                <p class=\"generic-typography__paragraph\">\n                    Comodit\u00e0 garantita e grande design. Sedie da gaming Ranqer disponibili ora.  Eleva il tuo set-up di gioco scegliendo una delle nostre quattro sedie da gaimng.\n                <\/p>\n            <\/div>\n        <\/div>\n                    <div class=\"dealers__grid\">\n                                    <div class=\"dealers__single-dealer\">\n                        <a href=\"https:\/\/www.sbsupply.it\/ranqer-carbon-gaming-chair-black\" class=\"dealers__single__a w-inline-block\" target=\"_blank\" rel=\"noopener\">\n                            <img decoding=\"async\" src=\"https:\/\/www.ranqer.com\/wp-content\/uploads\/2021\/09\/sbsupply-logo-500x1000-1.png\" loading=\"lazy\" alt=\"\" class=\"dealers__single__logo-img\">\n                            <div class=\"dealers__single__details\">\n                                                            <div class=\"dealers__single__countries\">\n                                                                                                          <div class=\"dealers__single__countries__single\">Italiano<\/div>\n                                                                <\/div>\n                              <img decoding=\"async\" src=\"https:\/\/www.ranqer.com\/wp-content\/themes\/vallonic-ranqer\/dist\/images\/vallonic__ranqer-com__icons__arrow-right__orange_143c2b49.svg\" loading=\"lazy\" alt=\"\" class=\"dealers__single__arrow-right\">\n                            <\/div>\n                        <\/a>\n                    <\/div>\n                                    <div class=\"dealers__single-dealer\">\n                        <a href=\"https:\/\/www.amazon.it\/Ranqer-Carbon-Sedia-gaming-RQ-CARBON-BLK-1\/dp\/B099Q3QQZH\" class=\"dealers__single__a w-inline-block\" target=\"_blank\" rel=\"noopener\">\n                            <img decoding=\"async\" src=\"https:\/\/www.ranqer.com\/wp-content\/uploads\/2021\/09\/vallonic__ranqer-com__dealers__amazon2x.png\" loading=\"lazy\" alt=\"\" class=\"dealers__single__logo-img\">\n                            <div class=\"dealers__single__details\">\n                                                            <div class=\"dealers__single__countries\">\n                                                                                                          <div class=\"dealers__single__countries__single\">Italiano<\/div>\n                                                                <\/div>\n                              <img decoding=\"async\" src=\"https:\/\/www.ranqer.com\/wp-content\/themes\/vallonic-ranqer\/dist\/images\/vallonic__ranqer-com__icons__arrow-right__orange_143c2b49.svg\" loading=\"lazy\" alt=\"\" class=\"dealers__single__arrow-right\">\n                            <\/div>\n                        <\/a>\n                    <\/div>\n                            <\/div>\n                            <\/div>\n<\/div>\n","protected":false},"excerpt":{"rendered":"","protected":false},"author":16,"featured_media":0,"parent":0,"menu_order":0,"comment_status":"closed","ping_status":"closed","template":"","meta":{"footnotes":""},"categories":[],"tags":[],"class_list":["post-3192","page","type-page","status-publish","hentry"],"_links":{"self":[{"href":"https:\/\/www.ranqer.com\/it\/wp-json\/wp\/v2\/pages\/3192","targetHints":{"allow":["GET"]}}],"collection":[{"href":"https:\/\/www.ranqer.com\/it\/wp-json\/wp\/v2\/pages"}],"about":[{"href":"https:\/\/www.ranqer.com\/it\/wp-json\/wp\/v2\/types\/page"}],"author":[{"embeddable":true,"href":"https:\/\/www.ranqer.com\/it\/wp-json\/wp\/v2\/users\/16"}],"replies":[{"embeddable":true,"href":"https:\/\/www.ranqer.com\/it\/wp-json\/wp\/v2\/comments?post=3192"}],"version-history":[{"count":13,"href":"https:\/\/www.ranqer.com\/it\/wp-json\/wp\/v2\/pages\/3192\/revisions"}],"predecessor-version":[{"id":13260,"href":"https:\/\/www.ranqer.com\/it\/wp-json\/wp\/v2\/pages\/3192\/revisions\/13260"}],"wp:attachment":[{"href":"https:\/\/www.ranqer.com\/it\/wp-json\/wp\/v2\/media?parent=3192"}],"wp:term":[{"taxonomy":"category","embeddable":true,"href":"https:\/\/www.ranqer.com\/it\/wp-json\/wp\/v2\/categories?post=3192"},{"taxonomy":"post_tag","embeddable":true,"href":"https:\/\/www.ranqer.com\/it\/wp-json\/wp\/v2\/tags?post=3192"}],"curies":[{"name":"wp","href":"https:\/\/api.w.org\/{rel}","templated":true}]}}