{"id":18071,"date":"2024-08-01T15:46:28","date_gmt":"2024-08-01T13:46:28","guid":{"rendered":"https:\/\/www.ranqer.com\/?page_id=18071"},"modified":"2024-08-07T16:06:44","modified_gmt":"2024-08-07T14:06:44","slug":"ranqer-apollo-gaming-chair","status":"publish","type":"page","link":"https:\/\/www.ranqer.com\/it\/ranqer-apollo-gaming-chair\/","title":{"rendered":"Ranqer Apollo gaming chair"},"content":{"rendered":"<div class=\"section--product-highlight wf-section\">\n    <div class=\"container w-container\">\n      <div class=\"product-highlight__grid\">\n        <div class=\"product-highlight__column\">\n          <div class=\"product-highlight__image-wrapper\">\n              <img decoding=\"async\" src=\"https:\/\/www.ranqer.com\/wp-content\/uploads\/2024\/07\/Ranqer-Apollo-Gaming-Chair-black_.png\" loading=\"lazy\" sizes=\"100vw\" alt=\"RANQER Apollo \" class=\"product-highlight__img\">\n                                <img decoding=\"async\" src=\"https:\/\/www.ranqer.com\/wp-content\/themes\/vallonic-ranqer\/dist\/images\/vallonic__ranqer-com__product-highlight__backdrop-single-color2x_fceffc2a.png\" loading=\"lazy\" sizes=\"100vw\" alt=\"\" class=\"product-highlight__background\">\n                        <\/div>\n        <\/div>\n        <div class=\"product-highlight__column\">\n          <div class=\"product-highlight__details\">\n            <h2 class=\"product-highlight__h2\">\n                                                                SEDIA DA GAMING <span class=\"product-highlight__h2__orange\">ERGONOMICA<\/span> \n            <\/h2>\n            <h1 class=\"product-highlight__h1\">\n                RANQER Apollo \n            <\/h1>\n            <p class=\"product-highlight__desc\">\n                Prova un comfort e uno stile ineguagliabili con la sedia da gaming Ranqer Apollo. Realizzata perfettamente per i gamer che cercano qualit\u00e0 e convenienza, la sedia Apollo vanta un design ergonomico e funzioni personalizzabili per migliorare la tua esperienza di gioco. Goditi sessioni di gioco prolungate con un supporto eccezionale, il tutto a un prezzo conveniente. Ranqer Apollo \u00e8 la scelta ideale per i gamer che desiderano un grande comfort senza spendere troppo.\n            <\/p>\n            <a href=\"#\" data-scroll=\"section--dealers\" class=\"product-highlight__button\">\n                Shop Online\n            <\/a>\n            <div class=\"product-highlight__actions\">\n                                <a\n                      class=\"product-highlight__single-action\"\n                      href=\"#\"\n                      data-scroll=\"detail-shots__section\"\n                  >\n                      Scopri di pi\u00f9 \u2192\n                  <\/a>\n                            \n            <\/div>\n          <\/div>\n        <\/div>\n      <\/div>\n    <\/div>\n            <div class=\"product-highlight__bottom-border\"><\/div>\n        \n    <img decoding=\"async\" src=\"https:\/\/www.ranqer.com\/wp-content\/themes\/vallonic-ranqer\/dist\/images\/vallonic__ranqer-com__product-highlight__decorative-elements_7b623bd8.svg\" loading=\"lazy\" alt=\"\" class=\"product-highlight__decoration\">\n<\/div>\n\n\n<div class=\"section--detail-shots wf-section\">\n    <div class=\"container w-container\">\n        <h2 class=\"generic-typography__section-title\">\n                                                LA QUALIT\u00c0 PROMESSA DA<span class=\"collection__title__orange\"> RANQER<\/span>\n        <\/h2>\n    <\/div>\n                                    \n\n              <div class=\"detail-shots__section is--first\">\n                  <div class=\"detail-shots__image-column\">\n                      <img decoding=\"async\" src=\"https:\/\/www.ranqer.com\/wp-content\/uploads\/2024\/07\/Ranqer-Apollo-Gaming-Chair-black_.png\" loading=\"lazy\" alt=\"\" class=\"detail-shots__single-image\">\n                  <\/div>\n                  <div class=\"detail-shots__desc-column is--right\">\n                      <div class=\"detail-shots__desc-column__inner is--right\">\n                          <h3 class=\"detail-shots__desc-title\">\n                              SEDIA DA GAMING CONVENIENTE\n                          <\/h3>\n                          <h4 class=\"generic-typography__sub-title bottom--15 top--0\">\n                              Per tutti i gamer\n                          <\/h4>\n                          <p class=\"generic-typography__paragraph\">\n                              Scopri la miscela perfetta di comfort e valore con la nostra sedia da gaming a prezzi accessibili. Progettata per fornire un supporto e uno stile eccezionali senza sforare il tuo budget. Con il suo prezzo conveniente, questa sedia da gaming dimostra che non \u00e8 necessario spendere una fortuna per sperimentare comfort e funzionalit\u00e0 di alto livello.\n                          <\/p>\n                      <\/div>\n                  <\/div>\n              <\/div>\n                                                            <div class=\"detail-shots__section \">\n                    <div class=\"detail-shots__desc-column is--left\">\n                        <div class=\"detail-shots__desc-column__inner is--left\">\n                            <h3 class=\"detail-shots__desc-title\">\n                                CUSCINI ADATTI A TE\n                            <\/h3>\n                            <h4 class=\"generic-typography__sub-title bottom--15 top--0\">\n                                Perfettamente ergonomica\n                            <\/h4>\n                            <p class=\"generic-typography__paragraph\">\n                                Le caratteristiche ergonomiche e la regolabilit\u00e0 delle sedie aiutano a prevenire il mal di schiena, poich\u00e9 puoi sistemare individualmente il cuscino cervicale e lombare. Non dovrai pi\u00f9 preoccuparti del mal di schiena dopo lunghe ore di seduta.\n                            <\/p>\n                        <\/div>\n                    <\/div>\n                    <div class=\"detail-shots__image-column\">\n                        <img decoding=\"async\" src=\"https:\/\/www.ranqer.com\/wp-content\/uploads\/2024\/07\/Ranqer-Apollo-black-detail.png\" loading=\"lazy\" alt=\"\" class=\"detail-shots__single-image\">\n                    <\/div>\n                <\/div>\n                                            \n\n              <div class=\"detail-shots__section \">\n                  <div class=\"detail-shots__image-column\">\n                      <img decoding=\"async\" src=\"https:\/\/www.ranqer.com\/wp-content\/uploads\/2024\/07\/Ranqer-Apollo-black-detail_1.png\" loading=\"lazy\" alt=\"\" class=\"detail-shots__single-image\">\n                  <\/div>\n                  <div class=\"detail-shots__desc-column is--right\">\n                      <div class=\"detail-shots__desc-column__inner is--right\">\n                          <h3 class=\"detail-shots__desc-title\">\n                              SEDILE E BRACCIOLI REGOLABILI IN ALTEZZA\n                          <\/h3>\n                          <h4 class=\"generic-typography__sub-title bottom--15 top--0\">\n                              Per ogni statura\n                          <\/h4>\n                          <p class=\"generic-typography__paragraph\">\n                              L&#039;altezza regolabile del sedile consente a te di impostare la sedia al livello perfetto per la tua scrivania o per la configurazione da gaming. Questo garantisce un&#039;ergonomia e un supporto ottimali durante le lunghe sessioni di gioco. I braccioli personalizzabili possono essere regolati per ridurre l&#039;affaticamento delle tue spalle e delle tue braccia. Insieme, queste caratteristiche migliorano il comfort, supportano una postura sana e rendono il tuo tempo alla scrivania o alla postazione di lavoro pi\u00f9 piacevole e meno faticoso.\n                          <\/p>\n                      <\/div>\n                  <\/div>\n              <\/div>\n                        <\/div>\n\n\n<div class=\"section--double-p wf-section\">\n    <div class=\"container w-container\">\n        <div class=\"double-p__title-wrapper\">\n                            <h2 class=\"double-p__main-title is--large\">\n                                        IL NOSTRO TRONO, LA TUA <strong class=\"double-p__main-title__orange\"> VITTORIA<\/strong>\n                <\/h2>\n\n                <h3 class=\"double-p__main-title is--sub\">\n                                         <strong class=\"double-p__main-title__orange\">SEDIA DA GAMING <\/strong> RANQER APOLLO\n                <\/h3>\n                    <\/div>\n                    <div class=\"double-p__grid\">\n                                    <div class=\"double-p__block\">\n                        <h3 class=\"generic-typography__sub-title bottom--15 top--0\">Per i gamer che si rispettano<\/h3>\n                                                    <p class=\"generic-typography__paragraph\">\n                                <div class=\"flex-shrink-0 flex flex-col relative items-end\">\n<div class=\"pt-0.5 juice:pt-0\">\n<div class=\"gizmo-bot-avatar flex h-6 w-6 items-center justify-center overflow-hidden rounded-full juice:h-8 juice:w-8\">\n<div class=\"relative p-1 rounded-sm flex items-center justify-center bg-token-main-surface-primary text-token-text-primary h-8 w-8\">Che tu stia giocando in un ufficio aperto, a casa tua o in uno studio privato, la sedia da gaming Ranqer Apollo \u00e8 progettata per offrire stile e comfort senza spendere troppo. Con un look elegante e moderno a un prezzo accessibile, la sedia Apollo \u00e8 perfetta per chi cerca un aspetto professionale o per chi vuole migliorare la propria configurazione da gaming con un tocco di eleganza.<\/div>\n<\/div>\n<\/div>\n<\/div>\n\n                            <\/p>\n                                            <\/div>\n                                    <div class=\"double-p__block\">\n                        <h3 class=\"generic-typography__sub-title bottom--15 top--0\"><\/h3>\n                                                    <p class=\"generic-typography__paragraph\">\n                                <p class=\"p1\">Il modello Apollo, disponibile esclusivamente in nero, offre un look classico e sofisticato che si adatta perfettamente a qualsiasi ambiente. Realizzata in pelle PU, offre una sensazione di lusso pur essendo di facile manutenzione. Per una durata ottimale, ti consigliamo di curare regolarmente la tua sedia per mantenerne l&#8217;aspetto e le prestazioni al meglio.<\/p>\n\n                            <\/p>\n                                            <\/div>\n                            <\/div>\n            <\/div>\n<\/div>\n\n\n<div class=\"section--selling-points  wf-section\">\n    <div class=\"container w-container\">\n                                <div class=\"selling-points__title\">\n                            <h2 class=\"generic-typography__section-title\">\n                    I nostri <span class=\"collection__title__orange\">punti di forza<\/span>\n                <\/h2>\n                    <\/div>\n        <div class=\"selling-points__grid\">\n                                                <div class=\"selling-points__single\">\n                        <div class=\"selling-points__single__inner\">\n                            <div class=\"selling-points__single__text\">\n                                Super ergonomica\n                            <\/div>\n                            <div class=\"selling-points__single__icon-wrapper\">\n                                <img decoding=\"async\" src=\"https:\/\/www.ranqer.com\/wp-content\/themes\/vallonic-ranqer\/dist\/images\/vallonic__ranqer-com__icons__ergonomic__orange_46a0c9d8.svg\" loading=\"lazy\" width=\"21\" alt=\"\" class=\"selling-points__single__icon\">\n                            <\/div>\n                        <\/div>\n                    <\/div>\n                                    <div class=\"selling-points__single\">\n                        <div class=\"selling-points__single__inner\">\n                            <div class=\"selling-points__single__text\">\n                                Ispirata ai sedili da corsa\n                            <\/div>\n                            <div class=\"selling-points__single__icon-wrapper\">\n                                <img decoding=\"async\" src=\"https:\/\/www.ranqer.com\/wp-content\/themes\/vallonic-ranqer\/dist\/images\/vallonic__ranqer-com__icons__racing__orange_7c54f02f.svg\" loading=\"lazy\" width=\"21\" alt=\"\" class=\"selling-points__single__icon\">\n                            <\/div>\n                        <\/div>\n                    <\/div>\n                                    <div class=\"selling-points__single\">\n                        <div class=\"selling-points__single__inner\">\n                            <div class=\"selling-points__single__text\">\n                                Design olandese\n                            <\/div>\n                            <div class=\"selling-points__single__icon-wrapper\">\n                                <img decoding=\"async\" src=\"https:\/\/www.ranqer.com\/wp-content\/themes\/vallonic-ranqer\/dist\/images\/vallonic__ranqer-com__icons__design__orange_5cb9e4bc.svg\" loading=\"lazy\" width=\"21\" alt=\"\" class=\"selling-points__single__icon\">\n                            <\/div>\n                        <\/div>\n                    <\/div>\n                                    <\/div>\n                            <div class=\"selling-points__cta-wrapper\">\n                <a\n                    href=\"#\"\n                    data-scroll=\"section--dealers\"\n                    class=\"selling-points__cta\"\n                >\n                    Acquista ora\n                <\/a>\n            <\/div>\n            <\/div>\n<\/div>\n\n\n<div class=\"section--dealers wf-section\" id=\"dealers\">\n    <div class=\"container w-container\">\n        <div class=\"dealers__description-grid\">\n            <div class=\"dealers__desc-column\">\n                <h2 class=\"generic-typography__section-title\">\n                                                                                IL NOSTRO OCCHIO PER I <span class=\"collection__title__orange\">DETTAGLI<\/span>\n                <\/h2>\n                <h3 class=\"generic-typography__sub-title bottom--15\">\n                    Acquista ora\n                <\/h3>\n                <p class=\"generic-typography__paragraph\">\n                    Grande comodit\u00e0 e grande design. Sedie da gaming Ranqer disponibili ora. Eleva il tuo set-up di gioco scegliendo una delle nostre sedie da gaming Ranqer.\n                <\/p>\n            <\/div>\n        <\/div>\n                    <div class=\"dealers__grid\">\n                                    <div class=\"dealers__single-dealer\">\n                        <a href=\"https:\/\/www.sbsupply.it\/ranqer-apollo-gaming-chair-black\" class=\"dealers__single__a w-inline-block\" target=\"_blank\" rel=\"noopener\">\n                            <img decoding=\"async\" src=\"https:\/\/www.ranqer.com\/wp-content\/uploads\/2021\/09\/sbsupply-logo-500x1000-1.png\" loading=\"lazy\" alt=\"\" class=\"dealers__single__logo-img\">\n                            <div class=\"dealers__single__details\">\n                                                            <div class=\"dealers__single__countries\">\n                                                                                                          <div class=\"dealers__single__countries__single\">IT<\/div>\n                                                                <\/div>\n                              <img decoding=\"async\" src=\"https:\/\/www.ranqer.com\/wp-content\/themes\/vallonic-ranqer\/dist\/images\/vallonic__ranqer-com__icons__arrow-right__orange_143c2b49.svg\" loading=\"lazy\" alt=\"\" class=\"dealers__single__arrow-right\">\n                            <\/div>\n                        <\/a>\n                    <\/div>\n                            <\/div>\n                            <\/div>\n<\/div>\n\n\n<div class=\"section--dealers wf-section\" id=\"dealers\">\n    <div class=\"container w-container\">\n        <div class=\"dealers__description-grid\">\n            <div class=\"dealers__desc-column\">\n                <h2 class=\"generic-typography__section-title\">\n                                                                                <span class=\"collection__title__orange\">ACCESSORI<\/span>\n                <\/h2>\n                <h3 class=\"generic-typography__sub-title bottom--15\">\n                    per la tua sedia da gaming\n                <\/h3>\n                <p class=\"generic-typography__paragraph\">\n                    Scopri la nostra collezione di accessori progettati appositamente per le sedie da gaming Ranqer. Ottieni il massimo dalla tua esperienza di gioco.\n                <\/p>\n            <\/div>\n        <\/div>\n                    <div class=\"dealers__grid\">\n                                    <div class=\"dealers__single-dealer\">\n                        <a href=\"https:\/\/ranqer.com\/it\/ranqer-gaming-chair-wheels\/\" class=\"dealers__single__a w-inline-block\" target=\"_blank\" rel=\"noopener\">\n                            <img decoding=\"async\" src=\"https:\/\/www.ranqer.com\/wp-content\/uploads\/2024\/02\/ranqer_gaming_chair_wheels_castors_for_hard_floors_1.png\" loading=\"lazy\" alt=\"\" class=\"dealers__single__logo-img\">\n                            <div class=\"dealers__single__details\">\n                                                            <div class=\"dealers__single__countries\">\n                                                                                                          <div class=\"dealers__single__countries__single\">ROTELLE<\/div>\n                                                                        <div class=\"dealers__single__countries__single\">SEDIA<\/div>\n                                                                        <div class=\"dealers__single__countries__single\">DA<\/div>\n                                                                        <div class=\"dealers__single__countries__single\">GAMING<\/div>\n                                                                <\/div>\n                              <img decoding=\"async\" src=\"https:\/\/www.ranqer.com\/wp-content\/themes\/vallonic-ranqer\/dist\/images\/vallonic__ranqer-com__icons__arrow-right__orange_143c2b49.svg\" loading=\"lazy\" alt=\"\" class=\"dealers__single__arrow-right\">\n                            <\/div>\n                        <\/a>\n                    <\/div>\n                                    <div class=\"dealers__single-dealer\">\n                        <a href=\"https:\/\/ranqer.com\/it\/ranqer-gaming-chair-mat\/\" class=\"dealers__single__a w-inline-block\" target=\"_blank\" rel=\"noopener\">\n                            <img decoding=\"async\" src=\"https:\/\/www.ranqer.com\/wp-content\/uploads\/2024\/02\/Ranqer-chair-mat.png\" loading=\"lazy\" alt=\"\" class=\"dealers__single__logo-img\">\n                            <div class=\"dealers__single__details\">\n                                                            <div class=\"dealers__single__countries\">\n                                                                                                          <div class=\"dealers__single__countries__single\">TAPPETO<\/div>\n                                                                        <div class=\"dealers__single__countries__single\">SEDIA<\/div>\n                                                                        <div class=\"dealers__single__countries__single\">GAMING<\/div>\n                                                                <\/div>\n                              <img decoding=\"async\" src=\"https:\/\/www.ranqer.com\/wp-content\/themes\/vallonic-ranqer\/dist\/images\/vallonic__ranqer-com__icons__arrow-right__orange_143c2b49.svg\" loading=\"lazy\" alt=\"\" class=\"dealers__single__arrow-right\">\n                            <\/div>\n                        <\/a>\n                    <\/div>\n                                    <div class=\"dealers__single-dealer\">\n                        <a href=\"https:\/\/ranqer.com\/it\/ranqer-gaming-chair-mat-rgb\/\" class=\"dealers__single__a w-inline-block\" target=\"_blank\" rel=\"noopener\">\n                            <img decoding=\"async\" src=\"https:\/\/www.ranqer.com\/wp-content\/uploads\/2024\/02\/Ranqer-chair-mat-RGB.png\" loading=\"lazy\" alt=\"\" class=\"dealers__single__logo-img\">\n                            <div class=\"dealers__single__details\">\n                                                            <div class=\"dealers__single__countries\">\n                                                                                                          <div class=\"dealers__single__countries__single\">TAPPETO<\/div>\n                                                                        <div class=\"dealers__single__countries__single\">SEDIA<\/div>\n                                                                        <div class=\"dealers__single__countries__single\">GAMING<\/div>\n                                                                        <div class=\"dealers__single__countries__single\">RGB<\/div>\n                                                                <\/div>\n                              <img decoding=\"async\" src=\"https:\/\/www.ranqer.com\/wp-content\/themes\/vallonic-ranqer\/dist\/images\/vallonic__ranqer-com__icons__arrow-right__orange_143c2b49.svg\" loading=\"lazy\" alt=\"\" class=\"dealers__single__arrow-right\">\n                            <\/div>\n                        <\/a>\n                    <\/div>\n                            <\/div>\n                            <\/div>\n<\/div>\n\n\n<div class=\"section--product-downloads bottom--0 wf-section\">\n    <div class=\"container w-container\">\n        <div class=\"product-downloads__grid\">\n            <div class=\"product-downloads__column\">\n                <h2 class=\"generic-typography__section-title\">\n                                        SCHEDA PRODOTTO\n                <\/h2>\n                <h3 class=\"generic-typography__sub-title bottom--15\">\n                    Caratteristiche\n                <\/h3>\n                <p class=\"generic-typography__paragraph\">\n                    <p>Schienale regolabile: 90-135\u00b0<br \/>\nLarghezza dello schienale: 50 cm<br \/>\nLunghezza dello schienale: 72 cm<\/p>\n<p>Lunghezza dei braccioli 1D: 39 cm<br \/>\nDa bracciolo a bracciolo: 50 cm<\/p>\n<p>Altezza minima del sedile: 40 cm<br \/>\nAltezza massima del sedile: 48 cm<\/p>\n<p>Larghezza della superficie del sedile con i fianchi: 50 cm<br \/>\nLarghezza del piano di seduta senza lato: 36 cm<br \/>\nProfondit\u00e0 della superficie di seduta: 47 cm<\/p>\n<p>Diametro della base: 64 cm<\/p>\n<p>Peso massimo: 100 kg<br \/>\nPeso della sedia: 15,5 kg | 34,2 libbre<\/p>\n<p>Dimensioni sedia: (L) 68 x (A) 112-120 x (P) 61 cm<br \/>\nConsegnato in scatola, dimensioni scatola: (L) 59 x (A) 25 x (P) 77 cm<\/p>\n\n                <\/p>\n                <div class=\"product-downloads__actions-grid\">\n                                    <\/div>\n            <\/div>\n            <div class=\"product-downloads__column\">\n                <div class=\"product-downloads__decoration-wrapper\">\n                    <img decoding=\"async\" src=\"https:\/\/www.ranqer.com\/wp-content\/uploads\/2021\/09\/Ranqer-gaming-chair-footer.png\" loading=\"lazy\" alt=\"\" class=\"product-downloads__decoration-img\">\n                <\/div>\n            <\/div>\n        <\/div>\n    <\/div>\n<\/div>\n","protected":false},"excerpt":{"rendered":"","protected":false},"author":5,"featured_media":0,"parent":0,"menu_order":0,"comment_status":"closed","ping_status":"closed","template":"","meta":{"footnotes":""},"categories":[],"tags":[],"class_list":["post-18071","page","type-page","status-publish","hentry"],"_links":{"self":[{"href":"https:\/\/www.ranqer.com\/it\/wp-json\/wp\/v2\/pages\/18071","targetHints":{"allow":["GET"]}}],"collection":[{"href":"https:\/\/www.ranqer.com\/it\/wp-json\/wp\/v2\/pages"}],"about":[{"href":"https:\/\/www.ranqer.com\/it\/wp-json\/wp\/v2\/types\/page"}],"author":[{"embeddable":true,"href":"https:\/\/www.ranqer.com\/it\/wp-json\/wp\/v2\/users\/5"}],"replies":[{"embeddable":true,"href":"https:\/\/www.ranqer.com\/it\/wp-json\/wp\/v2\/comments?post=18071"}],"version-history":[{"count":7,"href":"https:\/\/www.ranqer.com\/it\/wp-json\/wp\/v2\/pages\/18071\/revisions"}],"predecessor-version":[{"id":18238,"href":"https:\/\/www.ranqer.com\/it\/wp-json\/wp\/v2\/pages\/18071\/revisions\/18238"}],"wp:attachment":[{"href":"https:\/\/www.ranqer.com\/it\/wp-json\/wp\/v2\/media?parent=18071"}],"wp:term":[{"taxonomy":"category","embeddable":true,"href":"https:\/\/www.ranqer.com\/it\/wp-json\/wp\/v2\/categories?post=18071"},{"taxonomy":"post_tag","embeddable":true,"href":"https:\/\/www.ranqer.com\/it\/wp-json\/wp\/v2\/tags?post=18071"}],"curies":[{"name":"wp","href":"https:\/\/api.w.org\/{rel}","templated":true}]}}