{"id":17338,"date":"2024-05-13T11:04:03","date_gmt":"2024-05-13T09:04:03","guid":{"rendered":"https:\/\/www.ranqer.com\/?page_id=17338"},"modified":"2024-05-13T11:04:03","modified_gmt":"2024-05-13T09:04:03","slug":"ranqer-monitor-arm-dual","status":"publish","type":"page","link":"https:\/\/www.ranqer.com\/it\/ranqer-monitor-arm-dual\/","title":{"rendered":"Ranqer Monitor Arm Dual"},"content":{"rendered":"<div class=\"section--product-highlight wf-section\">\n    <div class=\"container w-container\">\n      <div class=\"product-highlight__grid\">\n        <div class=\"product-highlight__column\">\n          <div class=\"product-highlight__image-wrapper\">\n              <img decoding=\"async\" src=\"https:\/\/www.ranqer.com\/wp-content\/uploads\/2024\/03\/Ranqer-monitor-arm-dual-1.png\" loading=\"lazy\" sizes=\"100vw\" alt=\"Supporto Ranqer per monitor doppio\" class=\"product-highlight__img\">\n                                <img decoding=\"async\" src=\"https:\/\/www.ranqer.com\/wp-content\/themes\/vallonic-ranqer\/dist\/images\/vallonic__ranqer-com__product-highlight__backdrop-single-color2x_fceffc2a.png\" loading=\"lazy\" sizes=\"100vw\" alt=\"\" class=\"product-highlight__background\">\n                        <\/div>\n        <\/div>\n        <div class=\"product-highlight__column\">\n          <div class=\"product-highlight__details\">\n            <h2 class=\"product-highlight__h2\">\n                                                                <span class=\"product-highlight__h2__orange\">STAND ERGONOMICO DA GAMING<\/span>\n            <\/h2>\n            <h1 class=\"product-highlight__h1\">\n                Supporto Ranqer per monitor doppio\n            <\/h1>\n            <p class=\"product-highlight__desc\">\n                Il Ranqer Dual Monitor Arm vanta un design semplice ma robusto che si integra perfettamente in qualsiasi configurazione. Il suo profilo slanciato e la costruzione minimalista si fondono senza sforzo con il tuo arredamento esistente, offrendo un&#039;adattabilit\u00e0 senza pari senza compromettere lo stile.\r\n\r\nIl suo design intuitivo e le istruzioni facili da seguire rendono l&#039;installazione un gioco da ragazzi, permettendoti di personalizzare senza sforzo la posizione del monitor secondo la tua preferita ergonomica.\r\n\r\nVivi il comfort ergonomico come mai prima d&#039;ora, che tu sia immerso in intense battaglie di gioco o affrontando le normali attivit\u00e0 quotidiane. D\u00ec addio al dolore al collo e saluta una produttivit\u00e0 migliorata con il braccio singolo del monitor Ranqer.\n            <\/p>\n            <a href=\"#\" data-scroll=\"section--dealers\" class=\"product-highlight__button\">\n                Shop Online\n            <\/a>\n            <div class=\"product-highlight__actions\">\n                                <a\n                      class=\"product-highlight__single-action\"\n                      href=\"#\"\n                      data-scroll=\"detail-shots__section\"\n                  >\n                      Scopri di pi\u00f9 \u2192\n                  <\/a>\n                            \n            <\/div>\n          <\/div>\n        <\/div>\n      <\/div>\n    <\/div>\n            <div class=\"product-highlight__bottom-border\"><\/div>\n        \n    <img decoding=\"async\" src=\"https:\/\/www.ranqer.com\/wp-content\/themes\/vallonic-ranqer\/dist\/images\/vallonic__ranqer-com__product-highlight__decorative-elements_7b623bd8.svg\" loading=\"lazy\" alt=\"\" class=\"product-highlight__decoration\">\n<\/div>\n\n\n<div class=\"section--detail-shots wf-section\">\n    <div class=\"container w-container\">\n        <h2 class=\"generic-typography__section-title\">\n                                                LA QUALIT\u00c0 <span class=\"collection__title__orange\">PROMESSA DA RANQER<\/span>\n        <\/h2>\n    <\/div>\n                                    \n\n              <div class=\"detail-shots__section is--first\">\n                  <div class=\"detail-shots__image-column\">\n                      <img decoding=\"async\" src=\"https:\/\/www.ranqer.com\/wp-content\/uploads\/2024\/03\/blanco_pagina_kopie_243_copy_461.jpg\" loading=\"lazy\" alt=\"\" class=\"detail-shots__single-image\">\n                  <\/div>\n                  <div class=\"detail-shots__desc-column is--right\">\n                      <div class=\"detail-shots__desc-column__inner is--right\">\n                          <h3 class=\"detail-shots__desc-title\">\n                              Supporto per due schermi\n                          <\/h3>\n                          <h4 class=\"generic-typography__sub-title bottom--15 top--0\">\n                              Posiziona i monitor a tuo piacimento\n                          <\/h4>\n                          <p class=\"generic-typography__paragraph\">\n                              Scopri l&#039;incomparabile versatilit\u00e0 del braccio del monitor doppio Ranqer nell&#039;ottimizzare il tuo spazio di lavoro. Realizzato con ingegneria di precisione, questo braccio del monitor offre una regolabilit\u00e0 in altezza personalizzabile, permettendoti di alzare o abbassare lo schermo con facilit\u00e0 al livello degli occhi desiderato. La sua flessibile funzione di inclinazione ti consente di inclinare il monitor in avanti o indietro per un comfort visivo ottimale, riducendo il dolore al collo e migliorando la produttivit\u00e0. Con una capacit\u00e0 di rotazione di 180 gradi, puoi ruotare facilmente il monitor per condividere contenuti con colleghi o passare tra orientamenti in orizzontale e in verticale.\n                          <\/p>\n                      <\/div>\n                  <\/div>\n              <\/div>\n                                                            <div class=\"detail-shots__section \">\n                    <div class=\"detail-shots__desc-column is--left\">\n                        <div class=\"detail-shots__desc-column__inner is--left\">\n                            <h3 class=\"detail-shots__desc-title\">\n                                Design salvaspazio\n                            <\/h3>\n                            <h4 class=\"generic-typography__sub-title bottom--15 top--0\">\n                                Pi\u00f9 spazio per le cose importanti\n                            <\/h4>\n                            <p class=\"generic-typography__paragraph\">\n                                Grazie al suo design salvaspazio, il braccio per doppio monitor Ranqer aiuta a ottimizzare lo spazio sulla scrivania montando in modo sicuro il tuo monitor sopra la superficie, liberando spazio prezioso per altri oggetti essenziali e promuovendo uno spazio di lavoro pulito ed efficiente.\n                            <\/p>\n                        <\/div>\n                    <\/div>\n                    <div class=\"detail-shots__image-column\">\n                        <img decoding=\"async\" src=\"https:\/\/www.ranqer.com\/wp-content\/uploads\/2024\/02\/ranqer_monitor_arm_single_black_13.png\" loading=\"lazy\" alt=\"\" class=\"detail-shots__single-image\">\n                    <\/div>\n                <\/div>\n                                            \n\n              <div class=\"detail-shots__section \">\n                  <div class=\"detail-shots__image-column\">\n                      <img decoding=\"async\" src=\"https:\/\/www.ranqer.com\/wp-content\/uploads\/2024\/03\/blanco_pagina_kopie_243_copy_464.jpg\" loading=\"lazy\" alt=\"\" class=\"detail-shots__single-image\">\n                  <\/div>\n                  <div class=\"detail-shots__desc-column is--right\">\n                      <div class=\"detail-shots__desc-column__inner is--right\">\n                          <h3 class=\"detail-shots__desc-title\">\n                              Sistema di gestione dei cavi\n                          <\/h3>\n                          <h4 class=\"generic-typography__sub-title bottom--15 top--0\">\n                              Creare una scrivania libera dal disordine\n                          <\/h4>\n                          <p class=\"generic-typography__paragraph\">\n                              Questo braccio per monitor \u00e8 dotato di un sistema integrato di gestione dei cavi, che mantiene il tuo spazio di lavoro ordinato e organizzato nascondendo cavi e fili, riducendo cos\u00ec il disordine e migliorando l&#039;estetica.\n                          <\/p>\n                      <\/div>\n                  <\/div>\n              <\/div>\n                        <\/div>\n\n\n<div class=\"section--double-p wf-section\">\n    <div class=\"container w-container\">\n        <div class=\"double-p__title-wrapper\">\n                            <h2 class=\"double-p__main-title is--large\">\n                                        Preparati per un&#8217;immersione <strong class=\"double-p__main-title__orange\">totale<\/strong>\n                <\/h2>\n\n                <h3 class=\"double-p__main-title is--sub\">\n                                        <strong class=\"double-p__main-title__orange\">Supporto per monitor doppio Ranqer<\/strong>  \n                <\/h3>\n                    <\/div>\n                    <div class=\"double-p__grid\">\n                                    <div class=\"double-p__block\">\n                        <h3 class=\"generic-typography__sub-title bottom--15 top--0\">Rimani in carreggiata, guarda fisso in avanti<\/h3>\n                                                    <p class=\"generic-typography__paragraph\">Che tu lavori in uno spazio ufficio aperto, da casa o in un ufficio privato, i bracci per monitor Ranqer sono progettati per avere un aspetto professionale e offrire comfort. Moderni, eleganti e convenienti &#8211; tre parole che descrivono perfettamente il braccio per monitor doppio Ranqer. Se vuoi sembrare un giocatore professionista o dare un tocco di stile al tuo ufficio, troverai un braccio per monitor adatto a te. Oltre all&#8217;incredibile supporto che offrono, i bracci per monitor Ranqer hanno un aspetto moderno e senza tempo.<\/p>\n\n                                            <\/div>\n                                    <div class=\"double-p__block\">\n                        <h3 class=\"generic-typography__sub-title bottom--15 top--0\"><\/h3>\n                                                    <p class=\"generic-typography__paragraph\">Il braccio per monitor Ranqer \u00e8 un vero multitasking nel tuo spazio di lavoro. Con la sua versatilit\u00e0, si adatta senza sforzo alle tue esigenze. Che tu preferisca un singolo schermo per una configurazione pi\u00f9 semplice o pi\u00f9 schermi per massimizzare la produttivit\u00e0, il braccio per monitor Ranqer offre la flessibilit\u00e0 di cui hai bisogno. Regolabile in altezza, inclinazione e rotazione, offre infinite possibilit\u00e0 di posizionare i tuoi schermi esattamente come desideri. Vivi la libert\u00e0 di personalizzare il tuo spazio di lavoro con il braccio per monitor Ranqer.<\/p>\n\n                                            <\/div>\n                            <\/div>\n            <\/div>\n<\/div>\n\n\n<div class=\"section--selling-points  wf-section\">\n    <div class=\"container w-container\">\n                                <div class=\"selling-points__title\">\n                            <h2 class=\"generic-typography__section-title\">\n                    I nostri <span class=\"collection__title__orange\">punti di forza<\/span>\n                <\/h2>\n                    <\/div>\n        <div class=\"selling-points__grid\">\n                                                <div class=\"selling-points__single\">\n                        <div class=\"selling-points__single__inner\">\n                            <div class=\"selling-points__single__text\">\n                                Super ergonomico\n                            <\/div>\n                            <div class=\"selling-points__single__icon-wrapper\">\n                                <img decoding=\"async\" src=\"https:\/\/www.ranqer.com\/wp-content\/themes\/vallonic-ranqer\/dist\/images\/vallonic__ranqer-com__icons__ergonomic__orange_46a0c9d8.svg\" loading=\"lazy\" width=\"21\" alt=\"\" class=\"selling-points__single__icon\">\n                            <\/div>\n                        <\/div>\n                    <\/div>\n                                    <div class=\"selling-points__single\">\n                        <div class=\"selling-points__single__inner\">\n                            <div class=\"selling-points__single__text\">\n                                Ispirato ai sedili da corsa\n                            <\/div>\n                            <div class=\"selling-points__single__icon-wrapper\">\n                                <img decoding=\"async\" src=\"https:\/\/www.ranqer.com\/wp-content\/themes\/vallonic-ranqer\/dist\/images\/vallonic__ranqer-com__icons__racing__orange_7c54f02f.svg\" loading=\"lazy\" width=\"21\" alt=\"\" class=\"selling-points__single__icon\">\n                            <\/div>\n                        <\/div>\n                    <\/div>\n                                    <div class=\"selling-points__single\">\n                        <div class=\"selling-points__single__inner\">\n                            <div class=\"selling-points__single__text\">\n                                Design olandese\n                            <\/div>\n                            <div class=\"selling-points__single__icon-wrapper\">\n                                <img decoding=\"async\" src=\"https:\/\/www.ranqer.com\/wp-content\/themes\/vallonic-ranqer\/dist\/images\/vallonic__ranqer-com__icons__design__orange_5cb9e4bc.svg\" loading=\"lazy\" width=\"21\" alt=\"\" class=\"selling-points__single__icon\">\n                            <\/div>\n                        <\/div>\n                    <\/div>\n                                    <\/div>\n                            <div class=\"selling-points__cta-wrapper\">\n                <a\n                    href=\"#\"\n                    data-scroll=\"section--dealers\"\n                    class=\"selling-points__cta\"\n                >\n                    Acquista ora\n                <\/a>\n            <\/div>\n            <\/div>\n<\/div>\n\n\n<div class=\"section--dealers wf-section\" id=\"dealers\">\n    <div class=\"container w-container\">\n        <div class=\"dealers__description-grid\">\n            <div class=\"dealers__desc-column\">\n                <h2 class=\"generic-typography__section-title\">\n                                                                                Punti <span class=\"collection__title__orange\">vendita<\/span>\n                <\/h2>\n                <h3 class=\"generic-typography__sub-title bottom--15\">\n                    Acquista ora\n                <\/h3>\n                <p class=\"generic-typography__paragraph\">\n                    Grande comodit\u00e0 e grande design. Le sedie da gaming Ranqer sono ora disponibili. Eleva il tuo set-up di gioco scegliendo una delle nostre sedie da gaming.\n                <\/p>\n            <\/div>\n        <\/div>\n                    <div class=\"dealers__grid\">\n                                    <div class=\"dealers__single-dealer\">\n                        <a href=\"https:\/\/www.sbsupply.it\/ranqer-supporto-monitor-arm-single-black-24746\" class=\"dealers__single__a w-inline-block\" target=\"_blank\" rel=\"noopener\">\n                            <img decoding=\"async\" src=\"https:\/\/www.ranqer.com\/wp-content\/uploads\/2021\/09\/sbsupply-logo-500x1000-1.png\" loading=\"lazy\" alt=\"\" class=\"dealers__single__logo-img\">\n                            <div class=\"dealers__single__details\">\n                                                            <div class=\"dealers__single__countries\">\n                                                                                                          <div class=\"dealers__single__countries__single\">IT<\/div>\n                                                                <\/div>\n                              <img decoding=\"async\" src=\"https:\/\/www.ranqer.com\/wp-content\/themes\/vallonic-ranqer\/dist\/images\/vallonic__ranqer-com__icons__arrow-right__orange_143c2b49.svg\" loading=\"lazy\" alt=\"\" class=\"dealers__single__arrow-right\">\n                            <\/div>\n                        <\/a>\n                    <\/div>\n                            <\/div>\n                            <\/div>\n<\/div>\n\n\n<div class=\"section--product-downloads bottom--0 wf-section\">\n    <div class=\"container w-container\">\n        <div class=\"product-downloads__grid\">\n            <div class=\"product-downloads__column\">\n                <h2 class=\"generic-typography__section-title\">\n                                        SCHEDA PRODOTTO\n                <\/h2>\n                <h3 class=\"generic-typography__sub-title bottom--15\">\n                    Caratteristiche\n                <\/h3>\n                <p class=\"generic-typography__paragraph\">\n                    <p>Adatto per schermi di dimensioni: 17&#8243;-32&#8243;.<\/p>\n<p>Adatto per schermo curvo: S\u00ec<\/p>\n<p>Peso massimo (per schermo): 2~9 kg<\/p>\n<p>Compatibile con VESA: 75&#215;75, 100&#215;100<\/p>\n<p>Raggio d&#8217;inclinazione: +45\u00b0~-45\u00b0<\/p>\n<p>Intervallo di rotazione: +90\u00b0~-90\u00b0<\/p>\n<p>Rotazione dello schermo: +180\u00b0~-180\u00b0<\/p>\n<p>Braccio completamente esteso: 376 mm<\/p>\n\n                <\/p>\n                <div class=\"product-downloads__actions-grid\">\n                                    <\/div>\n            <\/div>\n            <div class=\"product-downloads__column\">\n                <div class=\"product-downloads__decoration-wrapper\">\n                    <img decoding=\"async\" src=\"https:\/\/www.ranqer.com\/wp-content\/uploads\/2024\/04\/vallonic__ranqer-com__logo__full-orange_b536aaf5-1.png\" loading=\"lazy\" alt=\"\" class=\"product-downloads__decoration-img\">\n                <\/div>\n            <\/div>\n        <\/div>\n    <\/div>\n<\/div>\n","protected":false},"excerpt":{"rendered":"","protected":false},"author":16,"featured_media":0,"parent":0,"menu_order":0,"comment_status":"closed","ping_status":"closed","template":"","meta":{"footnotes":""},"categories":[],"tags":[],"class_list":["post-17338","page","type-page","status-publish","hentry"],"_links":{"self":[{"href":"https:\/\/www.ranqer.com\/it\/wp-json\/wp\/v2\/pages\/17338","targetHints":{"allow":["GET"]}}],"collection":[{"href":"https:\/\/www.ranqer.com\/it\/wp-json\/wp\/v2\/pages"}],"about":[{"href":"https:\/\/www.ranqer.com\/it\/wp-json\/wp\/v2\/types\/page"}],"author":[{"embeddable":true,"href":"https:\/\/www.ranqer.com\/it\/wp-json\/wp\/v2\/users\/16"}],"replies":[{"embeddable":true,"href":"https:\/\/www.ranqer.com\/it\/wp-json\/wp\/v2\/comments?post=17338"}],"version-history":[{"count":2,"href":"https:\/\/www.ranqer.com\/it\/wp-json\/wp\/v2\/pages\/17338\/revisions"}],"predecessor-version":[{"id":17341,"href":"https:\/\/www.ranqer.com\/it\/wp-json\/wp\/v2\/pages\/17338\/revisions\/17341"}],"wp:attachment":[{"href":"https:\/\/www.ranqer.com\/it\/wp-json\/wp\/v2\/media?parent=17338"}],"wp:term":[{"taxonomy":"category","embeddable":true,"href":"https:\/\/www.ranqer.com\/it\/wp-json\/wp\/v2\/categories?post=17338"},{"taxonomy":"post_tag","embeddable":true,"href":"https:\/\/www.ranqer.com\/it\/wp-json\/wp\/v2\/tags?post=17338"}],"curies":[{"name":"wp","href":"https:\/\/api.w.org\/{rel}","templated":true}]}}