{"id":15789,"date":"2024-04-24T10:14:58","date_gmt":"2024-04-24T08:14:58","guid":{"rendered":"https:\/\/www.ranqer.com\/?page_id=15789"},"modified":"2025-10-28T12:35:15","modified_gmt":"2025-10-28T11:35:15","slug":"nostro-programma-influencer","status":"publish","type":"page","link":"https:\/\/www.ranqer.com\/it\/nostro-programma-influencer\/","title":{"rendered":"Join Our Influencer Programme"},"content":{"rendered":"<div class=\"section--full-width-image wf-section\">\n    \n    <div class=\"full-width-image__image-wrapper\">\n        <img decoding=\"async\" src=\"\" loading=\"lazy\" sizes=\"100vw\" alt=\"\" class=\"full-width-image__img\">\n    <\/div>\n\n            <img decoding=\"async\" src=\"https:\/\/www.ranqer.com\/wp-content\/themes\/vallonic-ranqer\/dist\/images\/vallonic__ranqer-com__decoration__divider-02_2f72479f.png\" loading=\"lazy\" alt=\"\" class=\"full-width-image__bottom-divider\">\n    <\/div>\n\n\n<div class=\"section--double-p wf-section\">\n    <div class=\"container w-container\">\n        <div class=\"double-p__title-wrapper\">\n                            <h2 class=\"double-p__main-title is--large\">\n                                        ADERISCI AL NOSTRO <strong class=\"double-p__main-title__orange\">PROGRAMMA PER INFLUENCER<\/strong>\n                <\/h2>\n\n                <h3 class=\"double-p__main-title is--sub\">\n                                        VORRESTI PROMUOVERE <strong class=\"double-p__main-title__orange\">RANQER?<\/strong>\n                <\/h3>\n                    <\/div>\n                    <div class=\"double-p__grid\">\n                                    <div class=\"double-p__block\">\n                        <h3 class=\"generic-typography__sub-title bottom--15 top--0\"><\/h3>\n                                                    <p class=\"generic-typography__paragraph\">Siamo alla ricerca di influencer motivati e creativi sui social media, come Instagram, Youtube, TikTok e blog. Il nostro programma di influencer \u00e8 rivolto a persone che hanno la nostra stessa visione e passione per il gaming. Nessuna persona \u00e8 uguale all&#8217;altra e quindi ogni influencer \u00e8 diverso. Per questo motivo creeremo un progetto personalizzato che vada bene sia per te che per noi. In qualit\u00e0 di vero ambasciatore di Ranqer, promuoverai i nostri prodotti attraverso i tuoi canali sui social media. Per noi \u00e8 importante che tu condivida la tua esperienza con i prodotti Ranqer e ne evidenzi i vantaggi.<\/p>\n<p class=\"generic-typography__paragraph\">&nbsp;<\/p>\n<div class=\"selling-points__cta-wrapper\">\n  <a class=\"selling-points__cta\" href=\"mailto:info@ranqer.com?subject=Contatto%20Ranqer\"><br \/>\n    Inviaci un&#8217;e-mail<br \/>\n  <\/a>\n<\/div>\n\n                                            <\/div>\n                            <\/div>\n            <\/div>\n<\/div>\n\n\n<div class=\"section--full-width-gallery wf-section\">\n    <div class=\"container w-container\">\n        <div class=\"full-width-gallery__description-grid\">\n            <div class=\"full-width-gallery__desc-column\">\n                <h2 class=\"generic-typography__section-title\">\n                                                                                \n                <\/h2>\n                <h3 class=\"generic-typography__sub-title bottom--15\">\n                    \n                <\/h3>\n                <p class=\"generic-typography__paragraph\">\n                    \n                <\/p>\n            <\/div>\n        <\/div>\n    <\/div>\n                                <div class=\"fw-gallery__image-row has--3-cols\">\n                                    <img decoding=\"async\" src=\"https:\/\/www.ranqer.com\/wp-content\/uploads\/2022\/03\/275041516_337374521656571_2160765135886444438_n.jpg\" loading=\"lazy\" alt=\"\" class=\"fw-gallery__image\">\n                                    <img decoding=\"async\" src=\"https:\/\/www.ranqer.com\/wp-content\/uploads\/2022\/03\/274536583_300623398726198_2170755618897338834_n.jpg\" loading=\"lazy\" alt=\"\" class=\"fw-gallery__image\">\n                                    <img decoding=\"async\" src=\"https:\/\/www.ranqer.com\/wp-content\/uploads\/2024\/04\/image-3.png\" loading=\"lazy\" alt=\"\" class=\"fw-gallery__image\">\n                            <\/div>\n                                        <div class=\"fw-gallery__image-row has--3-cols\">\n                                    <img decoding=\"async\" src=\"https:\/\/www.ranqer.com\/wp-content\/uploads\/2024\/04\/Ranqer-Felix-Black-_-White-Rushhour.2.jpeg\" loading=\"lazy\" alt=\"\" class=\"fw-gallery__image\">\n                                    <img decoding=\"async\" src=\"https:\/\/www.ranqer.com\/wp-content\/uploads\/2024\/04\/20211116_170239-scaled.jpg\" loading=\"lazy\" alt=\"\" class=\"fw-gallery__image\">\n                                    <img decoding=\"async\" src=\"https:\/\/www.ranqer.com\/wp-content\/uploads\/2022\/03\/259285728_943901949809571_6655396106240308924_n.jpg\" loading=\"lazy\" alt=\"\" class=\"fw-gallery__image\">\n                            <\/div>\n            <\/div>\n","protected":false},"excerpt":{"rendered":"","protected":false},"author":16,"featured_media":0,"parent":0,"menu_order":0,"comment_status":"closed","ping_status":"closed","template":"","meta":{"footnotes":""},"categories":[],"tags":[],"class_list":["post-15789","page","type-page","status-publish","hentry"],"_links":{"self":[{"href":"https:\/\/www.ranqer.com\/it\/wp-json\/wp\/v2\/pages\/15789","targetHints":{"allow":["GET"]}}],"collection":[{"href":"https:\/\/www.ranqer.com\/it\/wp-json\/wp\/v2\/pages"}],"about":[{"href":"https:\/\/www.ranqer.com\/it\/wp-json\/wp\/v2\/types\/page"}],"author":[{"embeddable":true,"href":"https:\/\/www.ranqer.com\/it\/wp-json\/wp\/v2\/users\/16"}],"replies":[{"embeddable":true,"href":"https:\/\/www.ranqer.com\/it\/wp-json\/wp\/v2\/comments?post=15789"}],"version-history":[{"count":11,"href":"https:\/\/www.ranqer.com\/it\/wp-json\/wp\/v2\/pages\/15789\/revisions"}],"predecessor-version":[{"id":18816,"href":"https:\/\/www.ranqer.com\/it\/wp-json\/wp\/v2\/pages\/15789\/revisions\/18816"}],"wp:attachment":[{"href":"https:\/\/www.ranqer.com\/it\/wp-json\/wp\/v2\/media?parent=15789"}],"wp:term":[{"taxonomy":"category","embeddable":true,"href":"https:\/\/www.ranqer.com\/it\/wp-json\/wp\/v2\/categories?post=15789"},{"taxonomy":"post_tag","embeddable":true,"href":"https:\/\/www.ranqer.com\/it\/wp-json\/wp\/v2\/tags?post=15789"}],"curies":[{"name":"wp","href":"https:\/\/api.w.org\/{rel}","templated":true}]}}