{"id":12697,"date":"2024-04-09T16:54:42","date_gmt":"2024-04-09T14:54:42","guid":{"rendered":"https:\/\/www.ranqer.com\/?page_id=12697"},"modified":"2024-04-09T16:54:43","modified_gmt":"2024-04-09T14:54:43","slug":"ranqer-felix-pro-gaming-chair","status":"publish","type":"page","link":"https:\/\/www.ranqer.com\/it\/ranqer-felix-pro-gaming-chair\/","title":{"rendered":"Ranqer Felix Pro gaming chair"},"content":{"rendered":"\n<p><\/p>\n\n\n<div class=\"section--product-highlight wf-section\">\n    <div class=\"container w-container\">\n      <div class=\"product-highlight__grid\">\n        <div class=\"product-highlight__column\">\n          <div class=\"product-highlight__image-wrapper\">\n              <img decoding=\"async\" src=\"https:\/\/www.ranqer.com\/wp-content\/uploads\/2024\/02\/Ranqer-Felix-Pro.png\" loading=\"lazy\" sizes=\"100vw\" alt=\"Sedia da gaming Ranqer Felix Pro\" class=\"product-highlight__img\">\n                                <img decoding=\"async\" src=\"https:\/\/www.ranqer.com\/wp-content\/themes\/vallonic-ranqer\/dist\/images\/vallonic__ranqer-com__product-highlight__backdrop-single-color2x_fceffc2a.png\" loading=\"lazy\" sizes=\"100vw\" alt=\"\" class=\"product-highlight__background\">\n                        <\/div>\n        <\/div>\n        <div class=\"product-highlight__column\">\n          <div class=\"product-highlight__details\">\n            <h2 class=\"product-highlight__h2\">\n                                                                SEDIA DA GAMING <span class=\"product-highlight__h2__orange\">ERGONOMICA<\/span>\n            <\/h2>\n            <h1 class=\"product-highlight__h1\">\n                Sedia da gaming Ranqer Felix Pro\n            <\/h1>\n            <p class=\"product-highlight__desc\">\n                Ranqer Felix Pro \u00e8 la sedia da gaming ideale per un uso frequente e intensivo. Questa sedia da gaming \u00e8 pi\u00f9 grande e pi\u00f9 comoda di qualsiasi altra sedia da gaming. Oltre all&#039;uso di materiali esclusivi, questa sedia da ufficio \u00e8 dotata di caratteristiche extra che la rendono unica.\n            <\/p>\n            <a href=\"#\" data-scroll=\"section--dealers\" class=\"product-highlight__button\">\n                Shop Online\n            <\/a>\n            <div class=\"product-highlight__actions\">\n                                <a\n                      class=\"product-highlight__single-action\"\n                      href=\"#\"\n                      data-scroll=\"section--detail-shots\"\n                  >\n                      Scopri di pi\u00f9 \u2192\n                  <\/a>\n                            \n            <\/div>\n          <\/div>\n        <\/div>\n      <\/div>\n    <\/div>\n            <div class=\"product-highlight__bottom-border\"><\/div>\n        \n    <img decoding=\"async\" src=\"https:\/\/www.ranqer.com\/wp-content\/themes\/vallonic-ranqer\/dist\/images\/vallonic__ranqer-com__product-highlight__decorative-elements_7b623bd8.svg\" loading=\"lazy\" alt=\"\" class=\"product-highlight__decoration\">\n<\/div>\n\n\n<div class=\"section--detail-shots wf-section\">\n    <div class=\"container w-container\">\n        <h2 class=\"generic-typography__section-title\">\n                                                THE QUALITY <span class=\"collection__title__orange\">PROMISED BY RANQER<\/span>\n        <\/h2>\n    <\/div>\n                                    \n\n              <div class=\"detail-shots__section is--first\">\n                  <div class=\"detail-shots__image-column\">\n                      <img decoding=\"async\" src=\"https:\/\/www.ranqer.com\/wp-content\/uploads\/2024\/03\/ranqer_felix_pro_gamestoel_met_voetsteun_zwart_1-1.jpg\" loading=\"lazy\" alt=\"\" class=\"detail-shots__single-image\">\n                  <\/div>\n                  <div class=\"detail-shots__desc-column is--right\">\n                      <div class=\"detail-shots__desc-column__inner is--right\">\n                          <h3 class=\"detail-shots__desc-title\">\n                              QUALIT\u00c0 PREMIUM\n                          <\/h3>\n                          <h4 class=\"generic-typography__sub-title bottom--15 top--0\">\n                              Pelle PU resistente e traspirante\n                          <\/h4>\n                          <p class=\"generic-typography__paragraph\">\n                              La sedia da gaming Felix Pro \u00e8 una delle migliori sedie da gaming. L&#039;ecopelle traspirante della Ranqer Felix Pro le conferisce un aspetto lussuoso e previene i segni di usura. Questo tipo di ecopelle traspirante viene utilizzato anche nelle auto sportive. La sedia da gaming Felix Pro \u00e8 costruita su una struttura in metallo e rivestita in resistente pelle PU. La pelle PU \u00e8 di un colore nero intenso che si distingue da qualsiasi altra sedia da gaming!\n                          <\/p>\n                      <\/div>\n                  <\/div>\n              <\/div>\n                                                            <div class=\"detail-shots__section \">\n                    <div class=\"detail-shots__desc-column is--left\">\n                        <div class=\"detail-shots__desc-column__inner is--left\">\n                            <h3 class=\"detail-shots__desc-title\">\n                                REGOLABILE\n                            <\/h3>\n                            <h4 class=\"generic-typography__sub-title bottom--15 top--0\">\n                                Schienale, braccioli e altezza del sedile\n                            <\/h4>\n                            <p class=\"generic-typography__paragraph\">\n                                Il modello Felix Pro \u00e8 dotato di un meccanismo di inclinazione per la posizione verticale e la regolazione dell&#039;altezza. I braccioli possono essere spostati orizzontalmente e verticalmente. Lo schienale allungato e i cuscini regolabili consentono di sedersi comodamente anche a persone di altezza superiore a 1,70 metri.\n                            <\/p>\n                        <\/div>\n                    <\/div>\n                    <div class=\"detail-shots__image-column\">\n                        <img decoding=\"async\" src=\"https:\/\/www.ranqer.com\/wp-content\/uploads\/2024\/03\/ranqer_felix_pro_gamestoel_met_voetsteun_zwart_10.jpg\" loading=\"lazy\" alt=\"\" class=\"detail-shots__single-image\">\n                    <\/div>\n                <\/div>\n                        <\/div>\n\n\n<div class=\"section--dealers wf-section\" id=\"dealers\">\n    <div class=\"container w-container\">\n        <div class=\"dealers__description-grid\">\n            <div class=\"dealers__desc-column\">\n                <h2 class=\"generic-typography__section-title\">\n                                                                                I NOSTRI <span class=\"collection__title__orange\">PARTNER<\/span>\n                <\/h2>\n                <h3 class=\"generic-typography__sub-title bottom--15\">\n                    Acquista ora\n                <\/h3>\n                <p class=\"generic-typography__paragraph\">\n                    Grande comodit\u00e0 e grande design. Le sedie da gaming Ranqer sono ora disponibili. Eleva il tuo set-up di gioco scegliendo una delle quattro lussuose sedie da gaming.\n                <\/p>\n            <\/div>\n        <\/div>\n                    <div class=\"dealers__grid\">\n                                    <div class=\"dealers__single-dealer\">\n                        <a href=\"https:\/\/www.sbsupply.it\/ranqer-felix-pro-gaming-chair-with-footrest-black\" class=\"dealers__single__a w-inline-block\" target=\"_blank\" rel=\"noopener\">\n                            <img decoding=\"async\" src=\"https:\/\/www.ranqer.com\/wp-content\/uploads\/2021\/09\/sbsupply-logo-500x1000-1.png\" loading=\"lazy\" alt=\"\" class=\"dealers__single__logo-img\">\n                            <div class=\"dealers__single__details\">\n                                                            <div class=\"dealers__single__countries\">\n                                                                                                          <div class=\"dealers__single__countries__single\">IT<\/div>\n                                                                <\/div>\n                              <img decoding=\"async\" src=\"https:\/\/www.ranqer.com\/wp-content\/themes\/vallonic-ranqer\/dist\/images\/vallonic__ranqer-com__icons__arrow-right__orange_143c2b49.svg\" loading=\"lazy\" alt=\"\" class=\"dealers__single__arrow-right\">\n                            <\/div>\n                        <\/a>\n                    <\/div>\n                            <\/div>\n                            <\/div>\n<\/div>\n\n\n<div class=\"section--double-p wf-section\">\n    <div class=\"container w-container\">\n        <div class=\"double-p__title-wrapper\">\n                            <h2 class=\"double-p__main-title is--large\">\n                                        IL NOSTRO TRONO, <strong class=\"double-p__main-title__orange\">LA TUA VITTORIA<\/strong>\n                <\/h2>\n\n                <h3 class=\"double-p__main-title is--sub\">\n                                        SEDIA DA GAMING<strong class=\"double-p__main-title__orange\"> RANQER <\/strong>FELIX PRO\n                <\/h3>\n                    <\/div>\n                    <div class=\"double-p__grid\">\n                                    <div class=\"double-p__block\">\n                        <h3 class=\"generic-typography__sub-title bottom--15 top--0\">Per i gamer che si rispettano<\/h3>\n                                                    <p class=\"generic-typography__paragraph\">\n                                <p class=\"p1\">Sia che lavori in un ufficio, da casa o in un coworking, le sedie Ranqer sono progettate per essere professionali e fornire comfort. Moderne, eleganti e convenienti &#8211; tre parole che descrivono perfettamente le sedie da gaming Ranqer. Se vuoi apparire come un giocatore professionista o rendere pi\u00f9 bello il tuo ufficio, qui troverai la sedia che fa per te. Oltre all&#8217;incredibile comodit\u00e0 che forniscono, le sedie Ranqer hanno un look moderno e sempre alla moda.<\/p>\n\n                            <\/p>\n                                            <\/div>\n                                    <div class=\"double-p__block\">\n                        <h3 class=\"generic-typography__sub-title bottom--15 top--0\"><\/h3>\n                                                    <p class=\"generic-typography__paragraph\">\n                                <p class=\"p1\">Ognuno sceglie la sua sedia da ufficio preferita, c&#8217;\u00e8 chi la vuole nera e chi la preferisce colorata. Scegli i modelli Felix o Carbon per un look semplice ma elegante. Chi ama un po&#8217; di colore in ufficio o qualche chicca speciale pu\u00f2 scegliere una delle sedie con illuminazione LED RGB come i modelli Aura e Halo. La pelle PU d\u00e0 alla sedia un aspetto elegante e lussuoso ma \u00e8 anche facile da pulire. Ti possiamo garantire che con un po&#8217; di manutenzione questa sedia ti durer\u00e0.<\/p>\n\n                            <\/p>\n                                            <\/div>\n                            <\/div>\n            <\/div>\n<\/div>\n\n\n<div class=\"section--dealers wf-section\" id=\"dealers\">\n    <div class=\"container w-container\">\n        <div class=\"dealers__description-grid\">\n            <div class=\"dealers__desc-column\">\n                <h2 class=\"generic-typography__section-title\">\n                                                                                <span class=\"collection__title__orange\">ACCESSORI<\/span>\n                <\/h2>\n                <h3 class=\"generic-typography__sub-title bottom--15\">\n                    per la tua sedia da gaming\n                <\/h3>\n                <p class=\"generic-typography__paragraph\">\n                    Scopri la nostra collezione di accessori progettati appositamente per le sedie da gaming Ranqer. Ottieni il massimo dalla tua esperienza di gioco.\n                <\/p>\n            <\/div>\n        <\/div>\n                    <div class=\"dealers__grid\">\n                                    <div class=\"dealers__single-dealer\">\n                        <a href=\"https:\/\/www.ranqer.com\/it\/rotelle-per-sedie-da-gaming-ranqer\/\" class=\"dealers__single__a w-inline-block\">\n                            <img decoding=\"async\" src=\"https:\/\/www.ranqer.com\/wp-content\/uploads\/2024\/02\/ranqer_gaming_chair_wheels_castors_for_hard_floors_1.png\" loading=\"lazy\" alt=\"\" class=\"dealers__single__logo-img\">\n                            <div class=\"dealers__single__details\">\n                                                            <div class=\"dealers__single__countries\">\n                                                                                                          <div class=\"dealers__single__countries__single\">ROTELLE<\/div>\n                                                                        <div class=\"dealers__single__countries__single\">PER<\/div>\n                                                                        <div class=\"dealers__single__countries__single\">SEDIA<\/div>\n                                                                        <div class=\"dealers__single__countries__single\">DA<\/div>\n                                                                        <div class=\"dealers__single__countries__single\">GAMING<\/div>\n                                                                <\/div>\n                              <img decoding=\"async\" src=\"https:\/\/www.ranqer.com\/wp-content\/themes\/vallonic-ranqer\/dist\/images\/vallonic__ranqer-com__icons__arrow-right__orange_143c2b49.svg\" loading=\"lazy\" alt=\"\" class=\"dealers__single__arrow-right\">\n                            <\/div>\n                        <\/a>\n                    <\/div>\n                                    <div class=\"dealers__single-dealer\">\n                        <a href=\"https:\/\/www.ranqer.com\/it\/tappeto-per-sedia-da-gaming-ranqer\/https:\/\/ranqer.com\/ranqer-gaming-chair-mat\/\" class=\"dealers__single__a w-inline-block\">\n                            <img decoding=\"async\" src=\"https:\/\/www.ranqer.com\/wp-content\/uploads\/2024\/02\/Ranqer-chair-mat.png\" loading=\"lazy\" alt=\"\" class=\"dealers__single__logo-img\">\n                            <div class=\"dealers__single__details\">\n                                                            <div class=\"dealers__single__countries\">\n                                                                                                          <div class=\"dealers__single__countries__single\">TAPPETO<\/div>\n                                                                        <div class=\"dealers__single__countries__single\">PER<\/div>\n                                                                        <div class=\"dealers__single__countries__single\">SEDIA<\/div>\n                                                                <\/div>\n                              <img decoding=\"async\" src=\"https:\/\/www.ranqer.com\/wp-content\/themes\/vallonic-ranqer\/dist\/images\/vallonic__ranqer-com__icons__arrow-right__orange_143c2b49.svg\" loading=\"lazy\" alt=\"\" class=\"dealers__single__arrow-right\">\n                            <\/div>\n                        <\/a>\n                    <\/div>\n                                    <div class=\"dealers__single-dealer\">\n                        <a href=\"https:\/\/ranqer.com\/ranqer-gaming-chair-mat-rgb\/\" class=\"dealers__single__a w-inline-block\" target=\"_blank\" rel=\"noopener\">\n                            <img decoding=\"async\" src=\"https:\/\/www.ranqer.com\/wp-content\/uploads\/2024\/02\/Ranqer-chair-mat-RGB.png\" loading=\"lazy\" alt=\"\" class=\"dealers__single__logo-img\">\n                            <div class=\"dealers__single__details\">\n                                                            <div class=\"dealers__single__countries\">\n                                                                                                          <div class=\"dealers__single__countries__single\">SEDIADAGAMING<\/div>\n                                                                        <div class=\"dealers__single__countries__single\">TAPPETINO<\/div>\n                                                                        <div class=\"dealers__single__countries__single\">RGB<\/div>\n                                                                <\/div>\n                              <img decoding=\"async\" src=\"https:\/\/www.ranqer.com\/wp-content\/themes\/vallonic-ranqer\/dist\/images\/vallonic__ranqer-com__icons__arrow-right__orange_143c2b49.svg\" loading=\"lazy\" alt=\"\" class=\"dealers__single__arrow-right\">\n                            <\/div>\n                        <\/a>\n                    <\/div>\n                            <\/div>\n                            <\/div>\n<\/div>\n\n\n<div class=\"section--product-downloads bottom--0 wf-section\">\n    <div class=\"container w-container\">\n        <div class=\"product-downloads__grid\">\n            <div class=\"product-downloads__column\">\n                <h2 class=\"generic-typography__section-title\">\n                                        SCHEDA PRODOTTO\n                <\/h2>\n                <h3 class=\"generic-typography__sub-title bottom--15\">\n                    Caratteristiche\n                <\/h3>\n                <p class=\"generic-typography__paragraph\">\n                    <p>Cuscino per il collo: (L) 26 x (A) 22 x (P) 9 cm | 10 x 9 x 4 pollici<br \/>\nCuscino lombare: (L) 34 x (A) 30 x (P) 8 cm | 13 x 12 x 3 pollici<\/p>\n<p>Schienale regolabile: 90-170\u00b0<br \/>\nLarghezza dello schienale: 59 cm<br \/>\nLunghezza dello schienale: 88 cm<\/p>\n<p>Braccioli regolabili 4D: 8 cm<br \/>\nDa bracciolo a bracciolo: 74 cm<br \/>\nAltezza massima del bracciolo: 60 &#8211; 78 cm<\/p>\n<p>Altezza minima del sedile: 50 cm<br \/>\nAltezza massima del sedile: 60 cm<\/p>\n<p>Larghezza del piano di seduta con i fianchi: 56 cm<br \/>\nLarghezza della superficie di seduta senza lato: 44 cm | 17 in<br \/>\nProfondit\u00e0 del piano di seduta: 58 cm<\/p>\n<p>Diametro del passo: 73 cm<\/p>\n<p>Base in metallo resistente<\/p>\n<p>Peso massimo: 200 kg<br \/>\nPeso della sedia: 24,5 kg | 10 lb<\/p>\n<p>Dimensioni sedia: (L) 74 x (H) 134 &#8211; 142 x (P) 78 cm | 29 x 53 &#8211; 56 x 31 in<\/p>\n\n                <\/p>\n                <div class=\"product-downloads__actions-grid\">\n                                                                                                        <a href=\"https:\/\/www.ranqer.com\/wp-content\/uploads\/2022\/03\/Ranqer-Performance-manual.pdf\" download=\"Ranqer Performance manual\" class=\"product-highlight__single-action\">\n                                    Specifications Ranqer Performance  \u2192\n                                <\/a>\n                                                                                                                <a href=\"https:\/\/www.ranqer.com\/wp-content\/uploads\/2022\/08\/ranqer-performance-chair-instructions.pdf\" download=\"ranqer-performance-chair-instructions\" class=\"product-highlight__single-action\">\n                                    Manual Ranqer Performance  \u2192\n                                <\/a>\n                                                                                        <\/div>\n            <\/div>\n            <div class=\"product-downloads__column\">\n                <div class=\"product-downloads__decoration-wrapper\">\n                    <img decoding=\"async\" src=\"https:\/\/www.ranqer.com\/wp-content\/uploads\/2022\/02\/Ranqer-grijs.png\" loading=\"lazy\" alt=\"\" class=\"product-downloads__decoration-img\">\n                <\/div>\n            <\/div>\n        <\/div>\n    <\/div>\n<\/div>\n\n\n<div class=\"section--selling-points  wf-section\">\n    <div class=\"container w-container\">\n                                <div class=\"selling-points__title\">\n                            <h2 class=\"generic-typography__section-title\">\n                    I NOSTRI <span class=\"collection__title__orange\">PUNTI DI FORZA<\/span>\n                <\/h2>\n                    <\/div>\n        <div class=\"selling-points__grid\">\n                                                <div class=\"selling-points__single\">\n                        <div class=\"selling-points__single__inner\">\n                            <div class=\"selling-points__single__text\">\n                                Super ergonomiche\n                            <\/div>\n                            <div class=\"selling-points__single__icon-wrapper\">\n                                <img decoding=\"async\" src=\"https:\/\/www.ranqer.com\/wp-content\/themes\/vallonic-ranqer\/dist\/images\/vallonic__ranqer-com__icons__ergonomic__orange_46a0c9d8.svg\" loading=\"lazy\" width=\"21\" alt=\"\" class=\"selling-points__single__icon\">\n                            <\/div>\n                        <\/div>\n                    <\/div>\n                                    <div class=\"selling-points__single\">\n                        <div class=\"selling-points__single__inner\">\n                            <div class=\"selling-points__single__text\">\n                                Ispirate ai sedili da corsa\n                            <\/div>\n                            <div class=\"selling-points__single__icon-wrapper\">\n                                <img decoding=\"async\" src=\"https:\/\/www.ranqer.com\/wp-content\/themes\/vallonic-ranqer\/dist\/images\/vallonic__ranqer-com__icons__racing__orange_7c54f02f.svg\" loading=\"lazy\" width=\"21\" alt=\"\" class=\"selling-points__single__icon\">\n                            <\/div>\n                        <\/div>\n                    <\/div>\n                                    <div class=\"selling-points__single\">\n                        <div class=\"selling-points__single__inner\">\n                            <div class=\"selling-points__single__text\">\n                                Disegnate in Olanda\n                            <\/div>\n                            <div class=\"selling-points__single__icon-wrapper\">\n                                <img decoding=\"async\" src=\"https:\/\/www.ranqer.com\/wp-content\/themes\/vallonic-ranqer\/dist\/images\/vallonic__ranqer-com__icons__design__orange_5cb9e4bc.svg\" loading=\"lazy\" width=\"21\" alt=\"\" class=\"selling-points__single__icon\">\n                            <\/div>\n                        <\/div>\n                    <\/div>\n                                    <\/div>\n                            <div class=\"selling-points__cta-wrapper\">\n                <a\n                    href=\"#\"\n                    data-scroll=\"section--dealers\"\n                    class=\"selling-points__cta\"\n                >\n                    Acquista ora\n                <\/a>\n            <\/div>\n            <\/div>\n<\/div>\n","protected":false},"excerpt":{"rendered":"","protected":false},"author":16,"featured_media":0,"parent":0,"menu_order":0,"comment_status":"closed","ping_status":"closed","template":"","meta":{"footnotes":""},"categories":[],"tags":[],"class_list":["post-12697","page","type-page","status-publish","hentry"],"_links":{"self":[{"href":"https:\/\/www.ranqer.com\/it\/wp-json\/wp\/v2\/pages\/12697","targetHints":{"allow":["GET"]}}],"collection":[{"href":"https:\/\/www.ranqer.com\/it\/wp-json\/wp\/v2\/pages"}],"about":[{"href":"https:\/\/www.ranqer.com\/it\/wp-json\/wp\/v2\/types\/page"}],"author":[{"embeddable":true,"href":"https:\/\/www.ranqer.com\/it\/wp-json\/wp\/v2\/users\/16"}],"replies":[{"embeddable":true,"href":"https:\/\/www.ranqer.com\/it\/wp-json\/wp\/v2\/comments?post=12697"}],"version-history":[{"count":2,"href":"https:\/\/www.ranqer.com\/it\/wp-json\/wp\/v2\/pages\/12697\/revisions"}],"predecessor-version":[{"id":12702,"href":"https:\/\/www.ranqer.com\/it\/wp-json\/wp\/v2\/pages\/12697\/revisions\/12702"}],"wp:attachment":[{"href":"https:\/\/www.ranqer.com\/it\/wp-json\/wp\/v2\/media?parent=12697"}],"wp:term":[{"taxonomy":"category","embeddable":true,"href":"https:\/\/www.ranqer.com\/it\/wp-json\/wp\/v2\/categories?post=12697"},{"taxonomy":"post_tag","embeddable":true,"href":"https:\/\/www.ranqer.com\/it\/wp-json\/wp\/v2\/tags?post=12697"}],"curies":[{"name":"wp","href":"https:\/\/api.w.org\/{rel}","templated":true}]}}