{"id":12574,"date":"2024-04-09T15:00:57","date_gmt":"2024-04-09T13:00:57","guid":{"rendered":"https:\/\/www.ranqer.com\/?page_id=12574"},"modified":"2024-05-13T16:12:13","modified_gmt":"2024-05-13T14:12:13","slug":"tappeto-ranqer-per-sedia-da-gaming-rgb","status":"publish","type":"page","link":"https:\/\/www.ranqer.com\/it\/tappeto-ranqer-per-sedia-da-gaming-rgb\/","title":{"rendered":"Ranqer Gaming Chair Mat RGB"},"content":{"rendered":"<div class=\"section--product-highlight wf-section\">\n    <div class=\"container w-container\">\n      <div class=\"product-highlight__grid\">\n        <div class=\"product-highlight__column\">\n          <div class=\"product-highlight__image-wrapper\">\n              <img decoding=\"async\" src=\"https:\/\/www.ranqer.com\/wp-content\/uploads\/2024\/02\/Ranqer-chair-mat-RGB.png\" loading=\"lazy\" sizes=\"100vw\" alt=\"Tappeto Ranqer per sedia da gaming RGB\" class=\"product-highlight__img\">\n                                <img decoding=\"async\" src=\"https:\/\/www.ranqer.com\/wp-content\/themes\/vallonic-ranqer\/dist\/images\/vallonic__ranqer-com__product-highlight__backdrop-single-color2x_fceffc2a.png\" loading=\"lazy\" sizes=\"100vw\" alt=\"\" class=\"product-highlight__background\">\n                        <\/div>\n        <\/div>\n        <div class=\"product-highlight__column\">\n          <div class=\"product-highlight__details\">\n            <h2 class=\"product-highlight__h2\">\n                                                                ACCESSORI DA <span class=\"product-highlight__h2__orange\">GAMING<\/span>\n            <\/h2>\n            <h1 class=\"product-highlight__h1\">\n                Tappeto Ranqer per sedia da gaming RGB\n            <\/h1>\n            <p class=\"product-highlight__desc\">\n                Ti presentiamo il tappeto per sedia da gaming RGB di Ranqer, che porta la tua esperienza di gioco a un livello superiore! Grazie alla vibrante illuminazione RGB, il nostro tappetino aggiunge un&#039;atmosfera coinvolgente alla tua configurazione di gioco. Illumina il tuo spazio di gioco con effetti di luce personalizzabili, migliorando l&#039;estetica del tuo ambiente. Progettato tenendo conto della durata e della funzionalit\u00e0, il nostro tappetino fornisce una superficie stabile e protettiva per la tua sedia da gaming, proteggendo al contempo i tuoi pavimenti. Il suo supporto antiscivolo garantisce stabilit\u00e0, mentre il design elegante aggiunge un tocco di stile a qualsiasi spazio di gioco. Migliora la tua esperienza di gioco con il tappetino per sedia da gaming RGB di Ranqer e immergiti in un mondo di colori!\n            <\/p>\n            <a href=\"#\" data-scroll=\"section--dealers\" class=\"product-highlight__button\">\n                Shop Online\n            <\/a>\n            <div class=\"product-highlight__actions\">\n                                <a\n                      class=\"product-highlight__single-action\"\n                      href=\"#\"\n                      data-scroll=\"section--detail-shots\"\n                  >\n                      Scopri di pi\u00f9 \u2192\n                  <\/a>\n                            \n            <\/div>\n          <\/div>\n        <\/div>\n      <\/div>\n    <\/div>\n            <div class=\"product-highlight__bottom-border\"><\/div>\n        \n    <img decoding=\"async\" src=\"https:\/\/www.ranqer.com\/wp-content\/themes\/vallonic-ranqer\/dist\/images\/vallonic__ranqer-com__product-highlight__decorative-elements_7b623bd8.svg\" loading=\"lazy\" alt=\"\" class=\"product-highlight__decoration\">\n<\/div>\n\n\n<div class=\"section--detail-shots wf-section\">\n    <div class=\"container w-container\">\n        <h2 class=\"generic-typography__section-title\">\n                                                LA QUALIT\u00c0<span class=\"collection__title__orange\"> PROMESSA DA RANQER<\/span>\n        <\/h2>\n    <\/div>\n                                    \n\n              <div class=\"detail-shots__section is--first\">\n                  <div class=\"detail-shots__image-column\">\n                      <img decoding=\"async\" src=\"https:\/\/www.ranqer.com\/wp-content\/uploads\/2024\/05\/blanco_pagina_kopie_243_copy_274_1.jpg\" loading=\"lazy\" alt=\"\" class=\"detail-shots__single-image\">\n                  <\/div>\n                  <div class=\"detail-shots__desc-column is--right\">\n                      <div class=\"detail-shots__desc-column__inner is--right\">\n                          <h3 class=\"detail-shots__desc-title\">\n                              QUALIT\u00c0 PREMIUM\n                          <\/h3>\n                          <h4 class=\"generic-typography__sub-title bottom--15 top--0\">\n                              Pelle PU resistente e traspirante\n                          <\/h4>\n                          <p class=\"generic-typography__paragraph\">\n                              Realizzato con materiali di alta qualit\u00e0, il nostro tappetino per sedia da gaming \u00e8 costruito per resistere ai rigori di intense sessioni di gaming. La sua superficie elegante non solo protegge i pavimenti da eventuali danni, ma migliora anche l&#039;estetica generale della tua area di gaming. Grazie al suo supporto antiscivolo, tu puoi contare sul fatto che la tua sedia rimarr\u00e0 saldamente in posizione, anche durante i momenti pi\u00f9 adrenalinici.\n                          <\/p>\n                      <\/div>\n                  <\/div>\n              <\/div>\n                                                            <div class=\"detail-shots__section \">\n                    <div class=\"detail-shots__desc-column is--left\">\n                        <div class=\"detail-shots__desc-column__inner is--left\">\n                            <h3 class=\"detail-shots__desc-title\">\n                                LUCI DINAMICHE RGB\n                            <\/h3>\n                            <h4 class=\"generic-typography__sub-title bottom--15 top--0\">\n                                Illumina la stanza\n                            <\/h4>\n                            <p class=\"generic-typography__paragraph\">\n                                Ci\u00f2 che distingue questo tappetino da gioco \u00e8 la sua accattivante illuminazione RGB. Con 9 straordinarie scelte di colori singoli e 4 accattivanti modalit\u00e0, hai la libert\u00e0 di personalizzare l&#039;illuminazione per migliorare la tua postazione di gioco o esprimere il tuo gusto personale. Il passaggio da un colore all&#039;altro avviene senza problemi grazie a un semplice pulsante sul tappetino.\n                            <\/p>\n                        <\/div>\n                    <\/div>\n                    <div class=\"detail-shots__image-column\">\n                        <img decoding=\"async\" src=\"https:\/\/www.ranqer.com\/wp-content\/uploads\/2024\/05\/blanco_pagina_kopie_243_copy_275_2.jpg\" loading=\"lazy\" alt=\"\" class=\"detail-shots__single-image\">\n                    <\/div>\n                <\/div>\n                        <\/div>\n\n\n<div class=\"section--double-p wf-section\">\n    <div class=\"container w-container\">\n        <div class=\"double-p__title-wrapper\">\n                            <h2 class=\"double-p__main-title is--large\">\n                                        Migliora la tua <strong class=\"double-p__main-title__orange\">Gaming Zone<\/strong>\n                <\/h2>\n\n                <h3 class=\"double-p__main-title is--sub\">\n                                        <strong class=\"double-p__main-title__orange\"> TAPPETO PER SEDIA DA GAMING RGB <\/strong>\n                <\/h3>\n                    <\/div>\n                    <div class=\"double-p__grid\">\n                                    <div class=\"double-p__block\">\n                        <h3 class=\"generic-typography__sub-title bottom--15 top--0\">Rotola, salta e proteggendo il pavimento<\/h3>\n                                                    <p class=\"generic-typography__paragraph\">\n                                <p class=\"p1\">Ti presentiamo il compagno definitivo per la tua configurazione da gaming: il tappetino per sedia da gaming. Di&#8217; addio ai graffi, alle abrasioni e all&#8217;usura del tuo pavimento e dai il benvenuto a movimenti fluidi e senza sforzo mentre conquisti la scena. Progettato pensando ai gamer, questo tappetino resistente fornisce una base stabile per la tua sedia da gaming, assicurando che tu possa concentrarti sul gioco.<\/p>\n\n                            <\/p>\n                                            <\/div>\n                                    <div class=\"double-p__block\">\n                        <h3 class=\"generic-typography__sub-title bottom--15 top--0\"><\/h3>\n                                                    <p class=\"generic-typography__paragraph\">\n                                <p class=\"p2\">Ma la funzionalit\u00e0 non \u00e8 l&#8217;unica caratteristica di questo tappetino. Il suo design elegante e moderno aggiunge un tocco di raffinatezza a qualsiasi configurazione di gioco, elevando il tuo spazio a un livello superiore. Che tu sia un gamer professionista, un appassionato occasionale o una via di mezzo, il tappetino per sedia da gaming \u00e8 l&#8217;aggiunta perfetta al tuo arsenale di gioco.<\/p>\n\n                            <\/p>\n                                            <\/div>\n                            <\/div>\n            <\/div>\n<\/div>\n\n\n<div class=\"section--selling-points  wf-section\">\n    <div class=\"container w-container\">\n                                <div class=\"selling-points__title\">\n                            <h2 class=\"generic-typography__section-title\">\n                    I nostri <span class=\"collection__title__orange\">punti di forza<\/span>\n                <\/h2>\n                    <\/div>\n        <div class=\"selling-points__grid\">\n                                                <div class=\"selling-points__single\">\n                        <div class=\"selling-points__single__inner\">\n                            <div class=\"selling-points__single__text\">\n                                Super ergonomici\n                            <\/div>\n                            <div class=\"selling-points__single__icon-wrapper\">\n                                <img decoding=\"async\" src=\"https:\/\/www.ranqer.com\/wp-content\/themes\/vallonic-ranqer\/dist\/images\/vallonic__ranqer-com__icons__ergonomic__orange_46a0c9d8.svg\" loading=\"lazy\" width=\"21\" alt=\"\" class=\"selling-points__single__icon\">\n                            <\/div>\n                        <\/div>\n                    <\/div>\n                                    <div class=\"selling-points__single\">\n                        <div class=\"selling-points__single__inner\">\n                            <div class=\"selling-points__single__text\">\n                                Ispirati dalle corse\n                            <\/div>\n                            <div class=\"selling-points__single__icon-wrapper\">\n                                <img decoding=\"async\" src=\"https:\/\/www.ranqer.com\/wp-content\/themes\/vallonic-ranqer\/dist\/images\/vallonic__ranqer-com__icons__racing__orange_7c54f02f.svg\" loading=\"lazy\" width=\"21\" alt=\"\" class=\"selling-points__single__icon\">\n                            <\/div>\n                        <\/div>\n                    <\/div>\n                                    <div class=\"selling-points__single\">\n                        <div class=\"selling-points__single__inner\">\n                            <div class=\"selling-points__single__text\">\n                                Design olandese\n                            <\/div>\n                            <div class=\"selling-points__single__icon-wrapper\">\n                                <img decoding=\"async\" src=\"https:\/\/www.ranqer.com\/wp-content\/themes\/vallonic-ranqer\/dist\/images\/vallonic__ranqer-com__icons__design__orange_5cb9e4bc.svg\" loading=\"lazy\" width=\"21\" alt=\"\" class=\"selling-points__single__icon\">\n                            <\/div>\n                        <\/div>\n                    <\/div>\n                                    <\/div>\n                            <div class=\"selling-points__cta-wrapper\">\n                <a\n                    href=\"#\"\n                    data-scroll=\"section--dealers\"\n                    class=\"selling-points__cta\"\n                >\n                    Acquista ora\n                <\/a>\n            <\/div>\n            <\/div>\n<\/div>\n\n\n<div class=\"section--dealers wf-section\" id=\"dealers\">\n    <div class=\"container w-container\">\n        <div class=\"dealers__description-grid\">\n            <div class=\"dealers__desc-column\">\n                <h2 class=\"generic-typography__section-title\">\n                                                                                I NOSTRI <span class=\"collection__title__orange\">PARTNER<\/span>\n                <\/h2>\n                <h3 class=\"generic-typography__sub-title bottom--15\">\n                    Acquista ora\n                <\/h3>\n                <p class=\"generic-typography__paragraph\">\n                    Grande comodit\u00e0 e grande design. Le sedie da gaming Ranqer sono ora disponibili. Eleva il tuo set-up di gioco scegliendo una delle nostre sedie da gaming.\n                <\/p>\n            <\/div>\n        <\/div>\n                    <div class=\"dealers__grid\">\n                                    <div class=\"dealers__single-dealer\">\n                        <a href=\"https:\/\/www.sbsupply.it\/ranqer-gaming-chair-mat-rgb\" class=\"dealers__single__a w-inline-block\" target=\"_blank\" rel=\"noopener\">\n                            <img decoding=\"async\" src=\"https:\/\/www.ranqer.com\/wp-content\/uploads\/2021\/09\/sbsupply-logo-500x1000-1.png\" loading=\"lazy\" alt=\"\" class=\"dealers__single__logo-img\">\n                            <div class=\"dealers__single__details\">\n                                                            <div class=\"dealers__single__countries\">\n                                                                                                          <div class=\"dealers__single__countries__single\">IT<\/div>\n                                                                <\/div>\n                              <img decoding=\"async\" src=\"https:\/\/www.ranqer.com\/wp-content\/themes\/vallonic-ranqer\/dist\/images\/vallonic__ranqer-com__icons__arrow-right__orange_143c2b49.svg\" loading=\"lazy\" alt=\"\" class=\"dealers__single__arrow-right\">\n                            <\/div>\n                        <\/a>\n                    <\/div>\n                            <\/div>\n                            <\/div>\n<\/div>\n\n\n<div class=\"section--product-downloads bottom--0 wf-section\">\n    <div class=\"container w-container\">\n        <div class=\"product-downloads__grid\">\n            <div class=\"product-downloads__column\">\n                <h2 class=\"generic-typography__section-title\">\n                                        SCHEDA PRODOTTO\n                <\/h2>\n                <h3 class=\"generic-typography__sub-title bottom--15\">\n                    Caratteristiche\n                <\/h3>\n                <p class=\"generic-typography__paragraph\">\n                    <p>Protegge il tuo pavimento dai graffi<br \/>\nIlluminazione RGB<br \/>\n100 cm di diametro<br \/>\nAdatto a qualsiasi stanza<\/p>\n\n                <\/p>\n                <div class=\"product-downloads__actions-grid\">\n                                    <\/div>\n            <\/div>\n            <div class=\"product-downloads__column\">\n                <div class=\"product-downloads__decoration-wrapper\">\n                    <img decoding=\"async\" src=\"https:\/\/www.ranqer.com\/wp-content\/uploads\/2024\/04\/vallonic__ranqer-com__logo__full-orange_b536aaf5-1.png\" loading=\"lazy\" alt=\"\" class=\"product-downloads__decoration-img\">\n                <\/div>\n            <\/div>\n        <\/div>\n    <\/div>\n<\/div>\n","protected":false},"excerpt":{"rendered":"","protected":false},"author":16,"featured_media":0,"parent":0,"menu_order":0,"comment_status":"closed","ping_status":"closed","template":"","meta":{"footnotes":""},"categories":[],"tags":[],"class_list":["post-12574","page","type-page","status-publish","hentry"],"_links":{"self":[{"href":"https:\/\/www.ranqer.com\/it\/wp-json\/wp\/v2\/pages\/12574","targetHints":{"allow":["GET"]}}],"collection":[{"href":"https:\/\/www.ranqer.com\/it\/wp-json\/wp\/v2\/pages"}],"about":[{"href":"https:\/\/www.ranqer.com\/it\/wp-json\/wp\/v2\/types\/page"}],"author":[{"embeddable":true,"href":"https:\/\/www.ranqer.com\/it\/wp-json\/wp\/v2\/users\/16"}],"replies":[{"embeddable":true,"href":"https:\/\/www.ranqer.com\/it\/wp-json\/wp\/v2\/comments?post=12574"}],"version-history":[{"count":9,"href":"https:\/\/www.ranqer.com\/it\/wp-json\/wp\/v2\/pages\/12574\/revisions"}],"predecessor-version":[{"id":17397,"href":"https:\/\/www.ranqer.com\/it\/wp-json\/wp\/v2\/pages\/12574\/revisions\/17397"}],"wp:attachment":[{"href":"https:\/\/www.ranqer.com\/it\/wp-json\/wp\/v2\/media?parent=12574"}],"wp:term":[{"taxonomy":"category","embeddable":true,"href":"https:\/\/www.ranqer.com\/it\/wp-json\/wp\/v2\/categories?post=12574"},{"taxonomy":"post_tag","embeddable":true,"href":"https:\/\/www.ranqer.com\/it\/wp-json\/wp\/v2\/tags?post=12574"}],"curies":[{"name":"wp","href":"https:\/\/api.w.org\/{rel}","templated":true}]}}