{"id":12509,"date":"2024-04-09T12:16:28","date_gmt":"2024-04-09T10:16:28","guid":{"rendered":"https:\/\/www.ranqer.com\/?page_id=12509"},"modified":"2026-03-04T16:12:36","modified_gmt":"2026-03-04T15:12:36","slug":"sedile-ranqer-simulatore-di-guida","status":"publish","type":"page","link":"https:\/\/www.ranqer.com\/it\/sedile-ranqer-simulatore-di-guida\/","title":{"rendered":"Ranqer Racing Simulator Chair"},"content":{"rendered":"<div class=\"section--product-highlight wf-section\">\n    <div class=\"container w-container\">\n      <div class=\"product-highlight__grid\">\n        <div class=\"product-highlight__column\">\n          <div class=\"product-highlight__image-wrapper\">\n              <img decoding=\"async\" src=\"https:\/\/www.ranqer.com\/wp-content\/uploads\/2024\/02\/Ranqer-Racing-cockpit-chair-1.png\" loading=\"lazy\" sizes=\"100vw\" alt=\"Ranqer Postazione simulatore di guida\" class=\"product-highlight__img\">\n                                <img decoding=\"async\" src=\"https:\/\/www.ranqer.com\/wp-content\/themes\/vallonic-ranqer\/dist\/images\/vallonic__ranqer-com__product-highlight__backdrop-single-color2x_fceffc2a.png\" loading=\"lazy\" sizes=\"100vw\" alt=\"\" class=\"product-highlight__background\">\n                        <\/div>\n        <\/div>\n        <div class=\"product-highlight__column\">\n          <div class=\"product-highlight__details\">\n            <h2 class=\"product-highlight__h2\">\n                                                                SEDIA DA GAMING <span class=\"product-highlight__h2__orange\">ERGONOMICA<\/span>\n            <\/h2>\n            <h1 class=\"product-highlight__h1\">\n                Ranqer Postazione simulatore di guida\n            <\/h1>\n            <p class=\"product-highlight__desc\">\n                Prova il brivido di una gara da gran premio o affina le tue abilit\u00e0 di guida su circuiti virtuali con la Postazione simulatore di guida Ranqer. Questo accessorio essenziale completa la tua configurazione da corsa, offrendoti un&#039;esperienza coinvolgente. Compatibile con tutte le principali piattaforme di gioco, tra cui PC, PlayStation e Xbox, la sedia da gaming Ranqer assicura versatilit\u00e0 ed emozioni per ogni sessione di gioco.\n            <\/p>\n            <a href=\"#\" data-scroll=\"section--dealers\" class=\"product-highlight__button\">\n                Shop Online\n            <\/a>\n            <div class=\"product-highlight__actions\">\n                                <a\n                      class=\"product-highlight__single-action\"\n                      href=\"#\"\n                      data-scroll=\"section--detail-shots\"\n                  >\n                      Scopri di pi\u00f9 \u2192\n                  <\/a>\n                            \n            <\/div>\n          <\/div>\n        <\/div>\n      <\/div>\n    <\/div>\n            <div class=\"product-highlight__bottom-border\"><\/div>\n        \n    <img decoding=\"async\" src=\"https:\/\/www.ranqer.com\/wp-content\/themes\/vallonic-ranqer\/dist\/images\/vallonic__ranqer-com__product-highlight__decorative-elements_7b623bd8.svg\" loading=\"lazy\" alt=\"\" class=\"product-highlight__decoration\">\n<\/div>\n\n\n<div class=\"section--detail-shots wf-section\">\n    <div class=\"container w-container\">\n        <h2 class=\"generic-typography__section-title\">\n                                                RANQER TI PROMETTE LA <span class=\"collection__title__orange\">QUALIT\u00c0<\/span>\n        <\/h2>\n    <\/div>\n                                    \n\n              <div class=\"detail-shots__section is--first\">\n                  <div class=\"detail-shots__image-column\">\n                      <img decoding=\"async\" src=\"https:\/\/www.ranqer.com\/wp-content\/uploads\/2024\/02\/ranqer_simulator_chair_-_racing_seat_-_racestoel_3.jpg\" loading=\"lazy\" alt=\"\" class=\"detail-shots__single-image\">\n                  <\/div>\n                  <div class=\"detail-shots__desc-column is--right\">\n                      <div class=\"detail-shots__desc-column__inner is--right\">\n                          <h3 class=\"detail-shots__desc-title\">\n                              QUALIT\u00c0 PREMIUM\n                          <\/h3>\n                          <h4 class=\"generic-typography__sub-title bottom--15 top--0\">\n                              Pelle PU resistente e traspirante\n                          <\/h4>\n                          <p class=\"generic-typography__paragraph\">\n                              La postazione sim racing \u00e8 dotata di una robusta struttura metallica intorno al sedile per il supporto e i controlli regolabili. Inoltre, il sedile da corsa offre anche il supporto per un monitor che pu\u00f2 essere montato sulla parte anteriore del telaio. Grazie allo speciale rivestimento applicato al sedile, non saranno visibili i graffi quando lo regoli. Tutte queste qualit\u00e0 offrono un sedile da corsa che ti permetter\u00e0 di accelerare il gioco e ti porter\u00e0 alla vittoria per gli anni a venire!\n                          <\/p>\n                      <\/div>\n                  <\/div>\n              <\/div>\n                                                            <div class=\"detail-shots__section \">\n                    <div class=\"detail-shots__desc-column is--left\">\n                        <div class=\"detail-shots__desc-column__inner is--left\">\n                            <h3 class=\"detail-shots__desc-title\">\n                                SEDILE REGOLABILE\n                            <\/h3>\n                            <h4 class=\"generic-typography__sub-title bottom--15 top--0\">\n                                Schienale, braccioli e altezza e distanza dai pedali\n                            <\/h4>\n                            <p class=\"generic-typography__paragraph\">\n                                La postazione di guida \u00e8 dotata di comandi regolabili che consentono agli utenti di personalizzare l&#039;altezza del sedile, l&#039;angolo dello schienale e la posizione dei braccioli. Questa adattabilit\u00e0 garantisce ai gamer di diversa corporatura di trovare la posizione di seduta ottimale per il massimo comfort e sostegno.\n                            <\/p>\n                        <\/div>\n                    <\/div>\n                    <div class=\"detail-shots__image-column\">\n                        <img decoding=\"async\" src=\"https:\/\/www.ranqer.com\/wp-content\/uploads\/2024\/02\/ranqer_simulator_chair_-_racing_seat_-_racestoel_5.jpg\" loading=\"lazy\" alt=\"\" class=\"detail-shots__single-image\">\n                    <\/div>\n                <\/div>\n                                            \n\n              <div class=\"detail-shots__section \">\n                  <div class=\"detail-shots__image-column\">\n                      <img decoding=\"async\" src=\"https:\/\/www.ranqer.com\/wp-content\/uploads\/2024\/02\/ranqer_simulator_chair_-_racing_seat_-_racestoel_2.jpg\" loading=\"lazy\" alt=\"\" class=\"detail-shots__single-image\">\n                  <\/div>\n                  <div class=\"detail-shots__desc-column is--right\">\n                      <div class=\"detail-shots__desc-column__inner is--right\">\n                          <h3 class=\"detail-shots__desc-title\">\n                              COMFORT\n                          <\/h3>\n                          <h4 class=\"generic-typography__sub-title bottom--15 top--0\">\n                              Perfettamente ergonomica grazie alla schiuma memory\n                          <\/h4>\n                          <p class=\"generic-typography__paragraph\">\n                              Le propriet\u00e0 ergonomiche e la regolabilit\u00e0 della postazione volante ps4 e aiutano a prevenire il mal di schiena. Non dovrete pi\u00f9 preoccuparti del mal di schiena dopo lunghe ore davanti allo schermo. I cuscini sono realizzati in memory foam, una schiuma molto densa ma modellabile. Offrono il giusto supporto per ogni forma del corpo.\n                          <\/p>\n                      <\/div>\n                  <\/div>\n              <\/div>\n                                                            <div class=\"detail-shots__section \">\n                    <div class=\"detail-shots__desc-column is--left\">\n                        <div class=\"detail-shots__desc-column__inner is--left\">\n                            <h3 class=\"detail-shots__desc-title\">\n                                DIVENTA UN CAMPIONE\n                            <\/h3>\n                            <h4 class=\"generic-typography__sub-title bottom--15 top--0\">\n                                Oggi stesso\n                            <\/h4>\n                            <p class=\"generic-typography__paragraph\">\n                                La pelle PU e la sedia ti danno la sensazione di un&#039;auto vera, e in combinazione con un gioco di corse online, ottieni la stessa dose di adrenalina della guida vera. Inoltre, grazie alla sua ergonomia, la sedia da corsa allevia i punti di pressione durante le lunghe sessioni.\n                            <\/p>\n                        <\/div>\n                    <\/div>\n                    <div class=\"detail-shots__image-column\">\n                        <img decoding=\"async\" src=\"https:\/\/www.ranqer.com\/wp-content\/uploads\/2024\/02\/ranqer_simulator_chair_-_racing_seat_-_racestoel_1.jpg\" loading=\"lazy\" alt=\"\" class=\"detail-shots__single-image\">\n                    <\/div>\n                <\/div>\n                        <\/div>\n\n\n<div class=\"section--double-p wf-section\">\n    <div class=\"container w-container\">\n        <div class=\"double-p__title-wrapper\">\n                            <h2 class=\"double-p__main-title is--large\">\n                                        ARRIVA PRIMO CON<strong class=\"double-p__main-title__orange\">RANQER<\/strong>\n                <\/h2>\n\n                <h3 class=\"double-p__main-title is--sub\">\n                                        SIMULATORE DI GUIDA <strong class=\"double-p__main-title__orange\">RANQER<\/strong>\n                <\/h3>\n                    <\/div>\n                    <div class=\"double-p__grid\">\n                                    <div class=\"double-p__block\">\n                        <h3 class=\"generic-typography__sub-title bottom--15 top--0\">Senti la velocit\u00e0: Gareggia con i simulatori di corsa<\/h3>\n                                                    <p class=\"generic-typography__paragraph\">I simulatori di corse portano il brivido della pista direttamente a casa tua. Grazie a una grafica straordinaria, a una fisica realistica e a un gameplay coinvolgente, questi simulatori offrono un&#8217;esperienza di gara senza precedenti. Che tu sia un professionista esperto o un gamer occasionale, puoi provare l&#8217;adrenalina delle corse ad alta velocit\u00e0 mentre percorri percorsi impegnativi e gareggi contro amici o avversari online. Dalle auto e dai tracciati personalizzabili alle condizioni atmosferiche dinamiche, i simulatori di corse offrono infinite opportunit\u00e0 di divertimento e competizione. Metti a punto le tue abilit\u00e0 di guida, sperimenta diverse strategie di gara e spingiti oltre i tuoi limiti per diventare il campione assoluto.<\/p>\n\n                                            <\/div>\n                                    <div class=\"double-p__block\">\n                        <h3 class=\"generic-typography__sub-title bottom--15 top--0\"><\/h3>\n                                                    <p class=\"generic-typography__paragraph\">Compatibili con diverse piattafome, tra cui PC, PlayStation e Xbox, i simulatori di corse offrono versatilit\u00e0 e accessibilit\u00e0 ai gamer di ogni tipo. Che tu preferisca le gare in solitaria, le sfide multigiocatore o i tornei online, c&#8217;\u00e8 sempre una nuova sfida che ti aspetta in pista.<\/p>\n<p class=\"generic-typography__paragraph\">Allaccia la cintura, accendi i motori e preparati a vivere l&#8217;azione adrenalinica dei simulatori di corse. Il brivido della pista ti aspetta: sei pronto a prendere il volante?<\/p>\n\n                                            <\/div>\n                            <\/div>\n            <\/div>\n<\/div>\n\n\n<div class=\"section--selling-points  wf-section\">\n    <div class=\"container w-container\">\n                                <div class=\"selling-points__title\">\n                            <h2 class=\"generic-typography__section-title\">\n                    I NOSTRI <span class=\"collection__title__orange\">PUNTI DI FORZA<\/span>\n                <\/h2>\n                    <\/div>\n        <div class=\"selling-points__grid\">\n                                                <div class=\"selling-points__single\">\n                        <div class=\"selling-points__single__inner\">\n                            <div class=\"selling-points__single__text\">\n                                Super ergonomiche\n                            <\/div>\n                            <div class=\"selling-points__single__icon-wrapper\">\n                                <img decoding=\"async\" src=\"https:\/\/www.ranqer.com\/wp-content\/themes\/vallonic-ranqer\/dist\/images\/vallonic__ranqer-com__icons__ergonomic__orange_46a0c9d8.svg\" loading=\"lazy\" width=\"21\" alt=\"\" class=\"selling-points__single__icon\">\n                            <\/div>\n                        <\/div>\n                    <\/div>\n                                    <div class=\"selling-points__single\">\n                        <div class=\"selling-points__single__inner\">\n                            <div class=\"selling-points__single__text\">\n                                Ispirate ai sedili da corsa\n                            <\/div>\n                            <div class=\"selling-points__single__icon-wrapper\">\n                                <img decoding=\"async\" src=\"https:\/\/www.ranqer.com\/wp-content\/themes\/vallonic-ranqer\/dist\/images\/vallonic__ranqer-com__icons__racing__orange_7c54f02f.svg\" loading=\"lazy\" width=\"21\" alt=\"\" class=\"selling-points__single__icon\">\n                            <\/div>\n                        <\/div>\n                    <\/div>\n                                    <div class=\"selling-points__single\">\n                        <div class=\"selling-points__single__inner\">\n                            <div class=\"selling-points__single__text\">\n                                Disegnate in Olanda\n                            <\/div>\n                            <div class=\"selling-points__single__icon-wrapper\">\n                                <img decoding=\"async\" src=\"https:\/\/www.ranqer.com\/wp-content\/themes\/vallonic-ranqer\/dist\/images\/vallonic__ranqer-com__icons__design__orange_5cb9e4bc.svg\" loading=\"lazy\" width=\"21\" alt=\"\" class=\"selling-points__single__icon\">\n                            <\/div>\n                        <\/div>\n                    <\/div>\n                                    <\/div>\n                            <div class=\"selling-points__cta-wrapper\">\n                <a\n                    href=\"#\"\n                    data-scroll=\"section--dealers\"\n                    class=\"selling-points__cta\"\n                >\n                    Acquista Online\n                <\/a>\n            <\/div>\n            <\/div>\n<\/div>\n\n\n<div class=\"section--dealers wf-section\" id=\"dealers\">\n    <div class=\"container w-container\">\n        <div class=\"dealers__description-grid\">\n            <div class=\"dealers__desc-column\">\n                <h2 class=\"generic-typography__section-title\">\n                                                                                I NOSTRI <span class=\"collection__title__orange\">PARTNER<\/span>\n                <\/h2>\n                <h3 class=\"generic-typography__sub-title bottom--15\">\n                    Acquista ora\n                <\/h3>\n                <p class=\"generic-typography__paragraph\">\n                    Grande comodit\u00e0 e grande design. Le sedie da gaming Ranqer sono ora disponibili. Eleva il tuo set-up di gioco scegliendo una delle nostre postazioni.\r\n\n                <\/p>\n            <\/div>\n        <\/div>\n                    <div class=\"dealers__grid\">\n                                    <div class=\"dealers__single-dealer\">\n                        <a href=\"https:\/\/www.sbsupply.it\/ranqer-simulator-chair-racing-seat\" class=\"dealers__single__a w-inline-block\" target=\"_blank\" rel=\"noopener\">\n                            <img decoding=\"async\" src=\"https:\/\/www.ranqer.com\/wp-content\/uploads\/2021\/09\/sbsupply-logo-500x1000-1.png\" loading=\"lazy\" alt=\"\" class=\"dealers__single__logo-img\">\n                            <div class=\"dealers__single__details\">\n                                                            <div class=\"dealers__single__countries\">\n                                                                                                          <div class=\"dealers__single__countries__single\">IT<\/div>\n                                                                <\/div>\n                              <img decoding=\"async\" src=\"https:\/\/www.ranqer.com\/wp-content\/themes\/vallonic-ranqer\/dist\/images\/vallonic__ranqer-com__icons__arrow-right__orange_143c2b49.svg\" loading=\"lazy\" alt=\"\" class=\"dealers__single__arrow-right\">\n                            <\/div>\n                        <\/a>\n                    <\/div>\n                            <\/div>\n                            <\/div>\n<\/div>\n\n\n<div class=\"section--dealers wf-section\" id=\"dealers\">\n    <div class=\"container w-container\">\n        <div class=\"dealers__description-grid\">\n            <div class=\"dealers__desc-column\">\n                <h2 class=\"generic-typography__section-title\">\n                                                                                <span class=\"collection__title__orange\">ACCESSORI<\/span>\n                <\/h2>\n                <h3 class=\"generic-typography__sub-title bottom--15\">\n                    per il simulatore di corse\n                <\/h3>\n                <p class=\"generic-typography__paragraph\">\n                    Scopri la nostra collezione di accessori appositamente progettati per il simulatore di corse Ranqer. Ottieni il massimo dalla tua esperienza di gioco.\n                <\/p>\n            <\/div>\n        <\/div>\n                    <div class=\"dealers__grid\">\n                                    <div class=\"dealers__single-dealer\">\n                        <a href=\"https:\/\/www.ranqer.com\/it\/supporto-ranqer-del-cambio-simulatore-di-guida\/\" class=\"dealers__single__a w-inline-block\">\n                            <img decoding=\"async\" src=\"https:\/\/www.ranqer.com\/wp-content\/uploads\/2024\/02\/Ranqer-Racing-chair-Gearshift-mount.png\" loading=\"lazy\" alt=\"\" class=\"dealers__single__logo-img\">\n                            <div class=\"dealers__single__details\">\n                                                            <div class=\"dealers__single__countries\">\n                                                                                                          <div class=\"dealers__single__countries__single\">SUPPORTO<\/div>\n                                                                        <div class=\"dealers__single__countries__single\">PER<\/div>\n                                                                        <div class=\"dealers__single__countries__single\">IL<\/div>\n                                                                        <div class=\"dealers__single__countries__single\">CAMBIO<\/div>\n                                                                <\/div>\n                              <img decoding=\"async\" src=\"https:\/\/www.ranqer.com\/wp-content\/themes\/vallonic-ranqer\/dist\/images\/vallonic__ranqer-com__icons__arrow-right__orange_143c2b49.svg\" loading=\"lazy\" alt=\"\" class=\"dealers__single__arrow-right\">\n                            <\/div>\n                        <\/a>\n                    <\/div>\n                                    <div class=\"dealers__single-dealer\">\n                        <a href=\"https:\/\/www.ranqer.com\/it\/supporto-ranqer-per-monitor-simulatore\/\" class=\"dealers__single__a w-inline-block\">\n                            <img decoding=\"async\" src=\"https:\/\/www.ranqer.com\/wp-content\/uploads\/2024\/02\/Ranqer-Racing-chair-Monitor-mount.png\" loading=\"lazy\" alt=\"\" class=\"dealers__single__logo-img\">\n                            <div class=\"dealers__single__details\">\n                                                            <div class=\"dealers__single__countries\">\n                                                                                                          <div class=\"dealers__single__countries__single\">SUPPORTO<\/div>\n                                                                        <div class=\"dealers__single__countries__single\">PER<\/div>\n                                                                        <div class=\"dealers__single__countries__single\">IL<\/div>\n                                                                        <div class=\"dealers__single__countries__single\">MONITOR<\/div>\n                                                                <\/div>\n                              <img decoding=\"async\" src=\"https:\/\/www.ranqer.com\/wp-content\/themes\/vallonic-ranqer\/dist\/images\/vallonic__ranqer-com__icons__arrow-right__orange_143c2b49.svg\" loading=\"lazy\" alt=\"\" class=\"dealers__single__arrow-right\">\n                            <\/div>\n                        <\/a>\n                    <\/div>\n                            <\/div>\n                            <\/div>\n<\/div>\n\n\n<div class=\"section--product-downloads bottom--0 wf-section\">\n    <div class=\"container w-container\">\n        <div class=\"product-downloads__grid\">\n            <div class=\"product-downloads__column\">\n                <h2 class=\"generic-typography__section-title\">\n                                        SCHEDA PRODOTTO\n                <\/h2>\n                <h3 class=\"generic-typography__sub-title bottom--15\">\n                    Caratteristiche\n                <\/h3>\n                <p class=\"generic-typography__paragraph\">\n                    <p>Dimensioni: 70 x 136 x 108 cm<br \/>\nMateriale: Acciaio<br \/>\nSchienale regolabile 90-180 gradi<br \/>\nPeso massimo: 100 kg<br \/>\nPeso della sedia: 24 kg<\/p>\n<p><strong>Compatibilit\u00e0:<\/strong><\/p>\n<p><strong>Volanti e Pedali<\/strong><\/p>\n<p>Fanatec ClubSport DD\/DD+<br \/>\nFanatec ClubSport V3<br \/>\nFanatec CSL DD<br \/>\nFanatec ClubSport V3 invertito<br \/>\nFanatec DD Pro<br \/>\nFanatec CSL<br \/>\nFanatec Podium DD1\/DD2<br \/>\nFanatec CSL Elite Pedals V2<br \/>\nLogitech G PRO<br \/>\nFanatec CSL LC<br \/>\nLogitech G25<br \/>\nLogitech G27<br \/>\nLogitech G29<br \/>\nLogitech G920<br \/>\nMOZA R12<br \/>\nMOZA R16<br \/>\nMOZA R21<br \/>\nMOZA R3<br \/>\nMOZA R5<br \/>\nMOZA R9<br \/>\nMOZA CRP Pedals<br \/>\nMOZA SR-P Pedals<br \/>\nSimagic Alpha<br \/>\nSimagic Alpha Mini<br \/>\nSimagic Alpha U<br \/>\nSimagic Alpha P1000<br \/>\nSimagic Alpha P1000i<br \/>\nSimagic Alpha P2000<br \/>\nThrustmaster 2 Pedals<br \/>\nThrustmaster T-LCM<br \/>\nThrustmaster T3PA<br \/>\nThrustmaster T3PA-PRO<br \/>\nThrustmaster T3PM<br \/>\nThrustmaster T248<br \/>\nThrustmaster T300RS<br \/>\nThrustmaster T500RS<br \/>\nThrustmaster TS-PC\/TS-XW<br \/>\nThrustmaster TX<\/p>\n<p><strong>Leve del cambio<\/strong><\/p>\n<p>Fanatec ClubSport<br \/>\nFanatec ClubSport SQ<br \/>\nLogitech G25<br \/>\nLogitech G27<br \/>\nLogitech G29<br \/>\nLogitech G920<br \/>\nThrustmaster TH8 RS<\/p>\n\n                <\/p>\n                <div class=\"product-downloads__actions-grid\">\n                                                                                                        <a href=\"https:\/\/www.ranqer.com\/wp-content\/uploads\/2024\/02\/Ranqer-Simulator-Chair-Racing-seat-Racestoel-manual.pdf\" download=\"Ranqer Simulator Chair - Racing seat - Racestoel manual\" class=\"product-highlight__single-action\">\n                                    Manuale d\u2019 Istruzioni della Postazione Simulatore di Guida Ranqer \u2192\n                                <\/a>\n                                                                                        <\/div>\n            <\/div>\n            <div class=\"product-downloads__column\">\n                <div class=\"product-downloads__decoration-wrapper\">\n                    <img decoding=\"async\" src=\"https:\/\/www.ranqer.com\/wp-content\/uploads\/2024\/02\/ranwer-racing.png\" loading=\"lazy\" alt=\"\" class=\"product-downloads__decoration-img\">\n                <\/div>\n            <\/div>\n        <\/div>\n    <\/div>\n<\/div>\n","protected":false},"excerpt":{"rendered":"","protected":false},"author":16,"featured_media":0,"parent":0,"menu_order":0,"comment_status":"closed","ping_status":"closed","template":"","meta":{"footnotes":""},"categories":[],"tags":[],"class_list":["post-12509","page","type-page","status-publish","hentry"],"_links":{"self":[{"href":"https:\/\/www.ranqer.com\/it\/wp-json\/wp\/v2\/pages\/12509","targetHints":{"allow":["GET"]}}],"collection":[{"href":"https:\/\/www.ranqer.com\/it\/wp-json\/wp\/v2\/pages"}],"about":[{"href":"https:\/\/www.ranqer.com\/it\/wp-json\/wp\/v2\/types\/page"}],"author":[{"embeddable":true,"href":"https:\/\/www.ranqer.com\/it\/wp-json\/wp\/v2\/users\/16"}],"replies":[{"embeddable":true,"href":"https:\/\/www.ranqer.com\/it\/wp-json\/wp\/v2\/comments?post=12509"}],"version-history":[{"count":18,"href":"https:\/\/www.ranqer.com\/it\/wp-json\/wp\/v2\/pages\/12509\/revisions"}],"predecessor-version":[{"id":18854,"href":"https:\/\/www.ranqer.com\/it\/wp-json\/wp\/v2\/pages\/12509\/revisions\/18854"}],"wp:attachment":[{"href":"https:\/\/www.ranqer.com\/it\/wp-json\/wp\/v2\/media?parent=12509"}],"wp:term":[{"taxonomy":"category","embeddable":true,"href":"https:\/\/www.ranqer.com\/it\/wp-json\/wp\/v2\/categories?post=12509"},{"taxonomy":"post_tag","embeddable":true,"href":"https:\/\/www.ranqer.com\/it\/wp-json\/wp\/v2\/tags?post=12509"}],"curies":[{"name":"wp","href":"https:\/\/api.w.org\/{rel}","templated":true}]}}