{"id":12341,"date":"2024-04-04T16:54:39","date_gmt":"2024-04-04T14:54:39","guid":{"rendered":"https:\/\/www.ranqer.com\/?page_id=12341"},"modified":"2024-05-10T16:45:21","modified_gmt":"2024-05-10T14:45:21","slug":"sedia-da-gaming-ranqer-comfort-bianca","status":"publish","type":"page","link":"https:\/\/www.ranqer.com\/it\/sedia-da-gaming-ranqer-comfort-bianca\/","title":{"rendered":"Ranqer Comfort White gaming chair"},"content":{"rendered":"<div class=\"section--product-highlight wf-section\">\n    <div class=\"container w-container\">\n      <div class=\"product-highlight__grid\">\n        <div class=\"product-highlight__column\">\n          <div class=\"product-highlight__image-wrapper\">\n              <img decoding=\"async\" src=\"https:\/\/www.ranqer.com\/wp-content\/uploads\/2024\/03\/Untitled-design-44.png\" loading=\"lazy\" sizes=\"100vw\" alt=\"Sedia da Gaming Ranqer Comfort bianca\" class=\"product-highlight__img\">\n                                <img decoding=\"async\" src=\"https:\/\/www.ranqer.com\/wp-content\/themes\/vallonic-ranqer\/dist\/images\/vallonic__ranqer-com__product-highlight__backdrop-single-color2x_fceffc2a.png\" loading=\"lazy\" sizes=\"100vw\" alt=\"\" class=\"product-highlight__background\">\n                        <\/div>\n        <\/div>\n        <div class=\"product-highlight__column\">\n          <div class=\"product-highlight__details\">\n            <h2 class=\"product-highlight__h2\">\n                                                                SEDIA DA GAMING <span class=\"product-highlight__h2__orange\">ERGONOMICA<\/span>\n            <\/h2>\n            <h1 class=\"product-highlight__h1\">\n                Sedia da Gaming Ranqer Comfort bianca\n            <\/h1>\n            <p class=\"product-highlight__desc\">\n                Ranqer Comfort \u00e8 la sedia da gaming o da ufficio ideale per un uso frequente e intenso. Questa sedia da gaming \u00e8 pi\u00f9 grande e pi\u00f9 comoda di qualsiasi altra sedia da gaming. Oltre ai materiali esclusivi, questa sedia da ufficio \u00e8 naturalmente dotata di caratteristiche extra che la rendono unica.\n            <\/p>\n            <a href=\"#\" data-scroll=\"section--dealers\" class=\"product-highlight__button\">\n                Shop Online\n            <\/a>\n            <div class=\"product-highlight__actions\">\n                                <a\n                      class=\"product-highlight__single-action\"\n                      href=\"#\"\n                      data-scroll=\"section--detail-shots\"\n                  >\n                      Scopri di pi\u00f9 \u2192\n                  <\/a>\n                            \n            <\/div>\n          <\/div>\n        <\/div>\n      <\/div>\n    <\/div>\n                        <div class=\"product-highlight__variations-wrapper\">\n            <div class=\"product-highlight__variations-inner\">\n                <h2 class=\"product-highlight__h2\">\n                                                                                SERIE COMFORT\n                <\/h2>\n                                    <div class=\"product-highlight__variations\">\n                        \n                        <div class=\"product-highlight__variations__single\">\n                            <img decoding=\"async\" src=\"https:\/\/www.ranqer.com\/wp-content\/uploads\/2024\/03\/Untitled-design-44.png\" loading=\"lazy\" alt=\"\" class=\"product-highlight__variations__img\">\n                        <\/div>\n\n                        \n                                                  <div class=\"product-highlight__variations__single\">\n                              <img decoding=\"async\" src=\"https:\/\/www.ranqer.com\/wp-content\/uploads\/2024\/03\/Untitled-design-46.png\" loading=\"lazy\" alt=\"\" class=\"product-highlight__variations__img\">\n                          <\/div>\n                                                  <div class=\"product-highlight__variations__single\">\n                              <img decoding=\"async\" src=\"https:\/\/www.ranqer.com\/wp-content\/uploads\/2024\/03\/Ranqer-Comfort-chair-black-1.png\" loading=\"lazy\" alt=\"\" class=\"product-highlight__variations__img\">\n                          <\/div>\n                                            <\/div>\n                                <div class=\"product-highlight__variations__hint-wrapper\">\n                    <img decoding=\"async\" src=\"https:\/\/www.ranqer.com\/wp-content\/themes\/vallonic-ranqer\/dist\/images\/vallonic__ranqer-com__icons__cursor-pointer__88bec8_d23ff121.svg\" loading=\"lazy\" alt=\"\" class=\"product-highlight__variations__hint-icon\">\n                    <div class=\"product-highlight__variations__hint\">\n                        Clicca per ingrandire\n                    <\/div>\n                <\/div>\n            <\/div>\n        <\/div>\n    \n    <img decoding=\"async\" src=\"https:\/\/www.ranqer.com\/wp-content\/themes\/vallonic-ranqer\/dist\/images\/vallonic__ranqer-com__product-highlight__decorative-elements_7b623bd8.svg\" loading=\"lazy\" alt=\"\" class=\"product-highlight__decoration\">\n<\/div>\n\n\n<div class=\"section--detail-shots wf-section\">\n    <div class=\"container w-container\">\n        <h2 class=\"generic-typography__section-title\">\n                                                RANQER TI PROMETTE LA <span class=\"collection__title__orange\">QUALIT\u00c0<\/span>\n        <\/h2>\n    <\/div>\n                                    \n\n              <div class=\"detail-shots__section is--first\">\n                  <div class=\"detail-shots__image-column\">\n                      <img decoding=\"async\" src=\"https:\/\/www.ranqer.com\/wp-content\/uploads\/2024\/04\/ranqer_comfort_gamestoel_bureaustoel_wit_zwart_6.jpg\" loading=\"lazy\" alt=\"\" class=\"detail-shots__single-image\">\n                  <\/div>\n                  <div class=\"detail-shots__desc-column is--right\">\n                      <div class=\"detail-shots__desc-column__inner is--right\">\n                          <h3 class=\"detail-shots__desc-title\">\n                              IMBOTTITURA PER UN MAGGIORE COMFORT\n                          <\/h3>\n                          <h4 class=\"generic-typography__sub-title bottom--15 top--0\">\n                              Materiali durevoli\n                          <\/h4>\n                          <p class=\"generic-typography__paragraph\">\n                              La sedia da gaming Comfort \u00e8 tra le migliori sedie da gaming. La pelle sintetica traspirante le d\u00e0 un aspetto lussuoso e previene l&#039;usura. Questo tipo di pelle traspirante \u00e8 usato anche nelle auto sportive. La sedia da gaming Comfort \u00e8 costruita su una struttura in metallo e ricoperta di resistente pelle PU. La finitura in pelle PU \u00e8 di un colore bianco profondo che ruba la scena!\n                          <\/p>\n                      <\/div>\n                  <\/div>\n              <\/div>\n                                                            <div class=\"detail-shots__section \">\n                    <div class=\"detail-shots__desc-column is--left\">\n                        <div class=\"detail-shots__desc-column__inner is--left\">\n                            <h3 class=\"detail-shots__desc-title\">\n                                REGOLABILE\n                            <\/h3>\n                            <h4 class=\"generic-typography__sub-title bottom--15 top--0\">\n                                Rivoluziona la tua postazione da gaming\n                            <\/h4>\n                            <p class=\"generic-typography__paragraph\">\n                                Il modello Comfort ha un meccanismo di inclinazione per una postura calibrata al centimetro. I braccioli possono essere spostati orizzontalmente e verticalmente. Lo schienale esteso e i cuscini regolabili assicurano che le persone di altezza superiore a 1,70m possano sedere comodamente.\n                            <\/p>\n                        <\/div>\n                    <\/div>\n                    <div class=\"detail-shots__image-column\">\n                        <img decoding=\"async\" src=\"https:\/\/www.ranqer.com\/wp-content\/uploads\/2024\/04\/ranqer_comfort_gamestoel_bureaustoel_wit_zwart_2.jpg\" loading=\"lazy\" alt=\"\" class=\"detail-shots__single-image\">\n                    <\/div>\n                <\/div>\n                                            \n\n              <div class=\"detail-shots__section \">\n                  <div class=\"detail-shots__image-column\">\n                      <img decoding=\"async\" src=\"https:\/\/www.ranqer.com\/wp-content\/uploads\/2024\/04\/ranqer_comfort_gamestoel_bureaustoel_wit_zwart_5.jpg\" loading=\"lazy\" alt=\"\" class=\"detail-shots__single-image\">\n                  <\/div>\n                  <div class=\"detail-shots__desc-column is--right\">\n                      <div class=\"detail-shots__desc-column__inner is--right\">\n                          <h3 class=\"detail-shots__desc-title\">\n                              EXTRA COMFORT\n                          <\/h3>\n                          <h4 class=\"generic-typography__sub-title bottom--15 top--0\">\n                              Perfettamente ergonomica\n                          <\/h4>\n                          <p class=\"generic-typography__paragraph\">\n                              La spaziosa seduta di Ranqer Comfort, in combinazione con i materiali robusti, offre il comfort necessario. Lo schienale della sedia da gaming Ranqer \u00e8 progettato in base alla forma della tua schiena. Le tue scapole vengono cos\u00ec sostenute meglio. \n                          <\/p>\n                      <\/div>\n                  <\/div>\n              <\/div>\n                        <\/div>\n\n\n<div class=\"section--double-p wf-section\">\n    <div class=\"container w-container\">\n        <div class=\"double-p__title-wrapper\">\n                            <h2 class=\"double-p__main-title is--large\">\n                                        IL NOSTRO TRONO, <strong class=\"double-p__main-title__orange\">LA TUA VITTORIA<\/strong>\n                <\/h2>\n\n                <h3 class=\"double-p__main-title is--sub\">\n                                        SEDIA DA GAMING RANQER <strong class=\"double-p__main-title__orange\">COMFORT<\/strong>\n                <\/h3>\n                    <\/div>\n                    <div class=\"double-p__grid\">\n                                    <div class=\"double-p__block\">\n                        <h3 class=\"generic-typography__sub-title bottom--15 top--0\">Per i gamer che si rispettano<\/h3>\n                                                    <p class=\"generic-typography__paragraph\">\n                                <p class=\"p1\">Sia che lavori in un ufficio, da casa o in un coworking, le sedie Ranqer sono progettate per essere professionali e fornire comfort. Moderne, eleganti e convenienti &#8211; tre parole che descrivono perfettamente le sedie da gaming Ranqer. Se vuoi apparire come un giocatore professionista o rendere pi\u00f9 bello il tuo ufficio, qui troverai la sedia che fa per te. Oltre all&#8217;incredibile comodit\u00e0 che forniscono, le sedie Ranqer hanno un look moderno e sempre alla moda.<\/p>\n\n                            <\/p>\n                                            <\/div>\n                                    <div class=\"double-p__block\">\n                        <h3 class=\"generic-typography__sub-title bottom--15 top--0\"><\/h3>\n                                                    <p class=\"generic-typography__paragraph\">Ognuno sceglie la sua sedia da ufficio preferita, c&#8217;\u00e8 chi la vuole nera e chi la preferisce colorata. Scegli i modelli Felix o Carbon per un look semplice ma elegante. Chi ama un po&#8217; di colore in ufficio o qualche chicca speciale pu\u00f2 scegliere una delle sedie con illuminazione LED RGB come i modelli Aura e Halo. La pelle PU d\u00e0 alla sedia un aspetto elegante e lussuoso ma \u00e8 anche facile da pulire. Ti possiamo garantire che con un po&#8217; di manutenzione questa sedia ti durer\u00e0.<\/p>\n\n                                            <\/div>\n                            <\/div>\n            <\/div>\n<\/div>\n\n\n<div class=\"section--selling-points  wf-section\">\n    <div class=\"container w-container\">\n                                <div class=\"selling-points__title\">\n                            <h2 class=\"generic-typography__section-title\">\n                    I NOSTRI <span class=\"collection__title__orange\">PUNTI DI FORZA<\/span>\n                <\/h2>\n                    <\/div>\n        <div class=\"selling-points__grid\">\n                                                <div class=\"selling-points__single\">\n                        <div class=\"selling-points__single__inner\">\n                            <div class=\"selling-points__single__text\">\n                                Super ergonomiche\n                            <\/div>\n                            <div class=\"selling-points__single__icon-wrapper\">\n                                <img decoding=\"async\" src=\"https:\/\/www.ranqer.com\/wp-content\/themes\/vallonic-ranqer\/dist\/images\/vallonic__ranqer-com__icons__ergonomic__orange_46a0c9d8.svg\" loading=\"lazy\" width=\"21\" alt=\"\" class=\"selling-points__single__icon\">\n                            <\/div>\n                        <\/div>\n                    <\/div>\n                                    <div class=\"selling-points__single\">\n                        <div class=\"selling-points__single__inner\">\n                            <div class=\"selling-points__single__text\">\n                                Ispirate ai sedili da corsa\n                            <\/div>\n                            <div class=\"selling-points__single__icon-wrapper\">\n                                <img decoding=\"async\" src=\"https:\/\/www.ranqer.com\/wp-content\/themes\/vallonic-ranqer\/dist\/images\/vallonic__ranqer-com__icons__racing__orange_7c54f02f.svg\" loading=\"lazy\" width=\"21\" alt=\"\" class=\"selling-points__single__icon\">\n                            <\/div>\n                        <\/div>\n                    <\/div>\n                                    <div class=\"selling-points__single\">\n                        <div class=\"selling-points__single__inner\">\n                            <div class=\"selling-points__single__text\">\n                                Disegnate in Olanda\n                            <\/div>\n                            <div class=\"selling-points__single__icon-wrapper\">\n                                <img decoding=\"async\" src=\"https:\/\/www.ranqer.com\/wp-content\/themes\/vallonic-ranqer\/dist\/images\/vallonic__ranqer-com__icons__design__orange_5cb9e4bc.svg\" loading=\"lazy\" width=\"21\" alt=\"\" class=\"selling-points__single__icon\">\n                            <\/div>\n                        <\/div>\n                    <\/div>\n                                    <\/div>\n                            <div class=\"selling-points__cta-wrapper\">\n                <a\n                    href=\"#\"\n                    data-scroll=\"section--dealers\"\n                    class=\"selling-points__cta\"\n                >\n                    Acquista ora\n                <\/a>\n            <\/div>\n            <\/div>\n<\/div>\n\n\n<div class=\"section--dealers wf-section\" id=\"dealers\">\n    <div class=\"container w-container\">\n        <div class=\"dealers__description-grid\">\n            <div class=\"dealers__desc-column\">\n                <h2 class=\"generic-typography__section-title\">\n                                                                                I NOSTRI <span class=\"collection__title__orange\">PARTNER<\/span>\n                <\/h2>\n                <h3 class=\"generic-typography__sub-title bottom--15\">\n                    Acquista ora\n                <\/h3>\n                <p class=\"generic-typography__paragraph\">\n                    Grande comodit\u00e0 e grande design. Le sedie da gaming Ranqer sono ora disponibili. Eleva il tuo set-up di gaming scegliendo una delle nostre sedie da gaming.\n                <\/p>\n            <\/div>\n        <\/div>\n                    <div class=\"dealers__grid\">\n                                    <div class=\"dealers__single-dealer\">\n                        <a href=\"https:\/\/www.sbsupply.it\/ranqer-comfort-office-chair-gaming-chair-white-black\" class=\"dealers__single__a w-inline-block\" target=\"_blank\" rel=\"noopener\">\n                            <img decoding=\"async\" src=\"https:\/\/www.ranqer.com\/wp-content\/uploads\/2021\/09\/sbsupply-logo-500x1000-1.png\" loading=\"lazy\" alt=\"\" class=\"dealers__single__logo-img\">\n                            <div class=\"dealers__single__details\">\n                                                            <div class=\"dealers__single__countries\">\n                                                                                                          <div class=\"dealers__single__countries__single\">IT<\/div>\n                                                                <\/div>\n                              <img decoding=\"async\" src=\"https:\/\/www.ranqer.com\/wp-content\/themes\/vallonic-ranqer\/dist\/images\/vallonic__ranqer-com__icons__arrow-right__orange_143c2b49.svg\" loading=\"lazy\" alt=\"\" class=\"dealers__single__arrow-right\">\n                            <\/div>\n                        <\/a>\n                    <\/div>\n                            <\/div>\n                            <\/div>\n<\/div>\n\n\n<div class=\"section--dealers wf-section\" id=\"dealers\">\n    <div class=\"container w-container\">\n        <div class=\"dealers__description-grid\">\n            <div class=\"dealers__desc-column\">\n                <h2 class=\"generic-typography__section-title\">\n                                                                                <span class=\"collection__title__orange\">ACCESSORI<\/span>\n                <\/h2>\n                <h3 class=\"generic-typography__sub-title bottom--15\">\n                    per la tua Sedia da Gaming\n                <\/h3>\n                <p class=\"generic-typography__paragraph\">\n                    Scopri la nostra collezione di accessori progettati appositamente per le sedie da gaming Ranqer. Ottieni il massimo dalla tua esperienza di gaming.\n                <\/p>\n            <\/div>\n        <\/div>\n                    <div class=\"dealers__grid\">\n                                    <div class=\"dealers__single-dealer\">\n                        <a href=\"https:\/\/www.ranqer.com\/it\/rotelle-ranqer-premium-per-sedie-da-gaming\/\" class=\"dealers__single__a w-inline-block\">\n                            <img decoding=\"async\" src=\"https:\/\/www.ranqer.com\/wp-content\/uploads\/2024\/02\/ranqer_gaming_chair_wheels_castors_for_hard_floors_1.png\" loading=\"lazy\" alt=\"\" class=\"dealers__single__logo-img\">\n                            <div class=\"dealers__single__details\">\n                                                            <div class=\"dealers__single__countries\">\n                                                                                                          <div class=\"dealers__single__countries__single\">ROTELLE<\/div>\n                                                                        <div class=\"dealers__single__countries__single\">PER<\/div>\n                                                                        <div class=\"dealers__single__countries__single\">SEDIA<\/div>\n                                                                        <div class=\"dealers__single__countries__single\">DA<\/div>\n                                                                        <div class=\"dealers__single__countries__single\">GAMING<\/div>\n                                                                <\/div>\n                              <img decoding=\"async\" src=\"https:\/\/www.ranqer.com\/wp-content\/themes\/vallonic-ranqer\/dist\/images\/vallonic__ranqer-com__icons__arrow-right__orange_143c2b49.svg\" loading=\"lazy\" alt=\"\" class=\"dealers__single__arrow-right\">\n                            <\/div>\n                        <\/a>\n                    <\/div>\n                                    <div class=\"dealers__single-dealer\">\n                        <a href=\"https:\/\/www.ranqer.com\/it\/tappeto-ranqer-per-sedia-da-gaming\/\" class=\"dealers__single__a w-inline-block\">\n                            <img decoding=\"async\" src=\"https:\/\/www.ranqer.com\/wp-content\/uploads\/2024\/02\/Ranqer-chair-mat.png\" loading=\"lazy\" alt=\"\" class=\"dealers__single__logo-img\">\n                            <div class=\"dealers__single__details\">\n                                                            <div class=\"dealers__single__countries\">\n                                                                                                          <div class=\"dealers__single__countries__single\">TAPPETO<\/div>\n                                                                        <div class=\"dealers__single__countries__single\">PER<\/div>\n                                                                        <div class=\"dealers__single__countries__single\">SEDIA<\/div>\n                                                                <\/div>\n                              <img decoding=\"async\" src=\"https:\/\/www.ranqer.com\/wp-content\/themes\/vallonic-ranqer\/dist\/images\/vallonic__ranqer-com__icons__arrow-right__orange_143c2b49.svg\" loading=\"lazy\" alt=\"\" class=\"dealers__single__arrow-right\">\n                            <\/div>\n                        <\/a>\n                    <\/div>\n                                    <div class=\"dealers__single-dealer\">\n                        <a href=\"https:\/\/www.ranqer.com\/it\/tappeto-ranqer-per-sedia-da-gaming-rgb\/\" class=\"dealers__single__a w-inline-block\">\n                            <img decoding=\"async\" src=\"https:\/\/www.ranqer.com\/wp-content\/uploads\/2024\/02\/Ranqer-chair-mat-RGB.png\" loading=\"lazy\" alt=\"\" class=\"dealers__single__logo-img\">\n                            <div class=\"dealers__single__details\">\n                                                            <div class=\"dealers__single__countries\">\n                                                                                                          <div class=\"dealers__single__countries__single\">TAPPETO<\/div>\n                                                                        <div class=\"dealers__single__countries__single\">PER<\/div>\n                                                                        <div class=\"dealers__single__countries__single\">SEDIA<\/div>\n                                                                        <div class=\"dealers__single__countries__single\">RGB<\/div>\n                                                                <\/div>\n                              <img decoding=\"async\" src=\"https:\/\/www.ranqer.com\/wp-content\/themes\/vallonic-ranqer\/dist\/images\/vallonic__ranqer-com__icons__arrow-right__orange_143c2b49.svg\" loading=\"lazy\" alt=\"\" class=\"dealers__single__arrow-right\">\n                            <\/div>\n                        <\/a>\n                    <\/div>\n                            <\/div>\n                            <\/div>\n<\/div>\n\n\n<div class=\"section--product-downloads bottom--0 wf-section\">\n    <div class=\"container w-container\">\n        <div class=\"product-downloads__grid\">\n            <div class=\"product-downloads__column\">\n                <h2 class=\"generic-typography__section-title\">\n                                        SCHEDA PRODOTTO\n                <\/h2>\n                <h3 class=\"generic-typography__sub-title bottom--15\">\n                    Caratteristiche\n                <\/h3>\n                <p class=\"generic-typography__paragraph\">\n                    <p>Schienale regolabile da 90 a 170\u00b0<br \/>\nLunghezza schienale &gt; 78 cm<br \/>\nLarghezza &gt; 46 cm<br \/>\nBraccioli regolabili 4D &gt; 9 cm<br \/>\nDa bracciolo a bracciolo &gt; 74 cm<br \/>\nDal bracciolo pi\u00f9 basso a quello pi\u00f9 alto &gt; da 68 a 76 cm<br \/>\nAltezza minima del sedile &gt; 54 cm<br \/>\nAltezza massima del sedile &gt; 62 cm<br \/>\nLarghezza seduta con laterali &gt; 51 cm<br \/>\nLarghezza della seduta senza laterali &gt; 28 cm<br \/>\nProfondit\u00e0 della seduta &gt; 48 cm<br \/>\nDiametro del passo (telaio) &gt; 69 cm<br \/>\nCapacit\u00e0 massima di carico: 200 kg<br \/>\nPeso sedia: 24,5 kg<br \/>\nDimensioni della sedia: (L) 74 x (A) 125-133 x (P) 58 cm<\/p>\n\n                <\/p>\n                <div class=\"product-downloads__actions-grid\">\n                                    <\/div>\n            <\/div>\n            <div class=\"product-downloads__column\">\n                <div class=\"product-downloads__decoration-wrapper\">\n                    <img decoding=\"async\" src=\"https:\/\/www.ranqer.com\/wp-content\/uploads\/2022\/02\/Ranqer-grijs.png\" loading=\"lazy\" alt=\"\" class=\"product-downloads__decoration-img\">\n                <\/div>\n            <\/div>\n        <\/div>\n    <\/div>\n<\/div>\n","protected":false},"excerpt":{"rendered":"","protected":false},"author":16,"featured_media":0,"parent":0,"menu_order":0,"comment_status":"closed","ping_status":"closed","template":"","meta":{"footnotes":""},"categories":[],"tags":[],"class_list":["post-12341","page","type-page","status-publish","hentry"],"_links":{"self":[{"href":"https:\/\/www.ranqer.com\/it\/wp-json\/wp\/v2\/pages\/12341","targetHints":{"allow":["GET"]}}],"collection":[{"href":"https:\/\/www.ranqer.com\/it\/wp-json\/wp\/v2\/pages"}],"about":[{"href":"https:\/\/www.ranqer.com\/it\/wp-json\/wp\/v2\/types\/page"}],"author":[{"embeddable":true,"href":"https:\/\/www.ranqer.com\/it\/wp-json\/wp\/v2\/users\/16"}],"replies":[{"embeddable":true,"href":"https:\/\/www.ranqer.com\/it\/wp-json\/wp\/v2\/comments?post=12341"}],"version-history":[{"count":8,"href":"https:\/\/www.ranqer.com\/it\/wp-json\/wp\/v2\/pages\/12341\/revisions"}],"predecessor-version":[{"id":17310,"href":"https:\/\/www.ranqer.com\/it\/wp-json\/wp\/v2\/pages\/12341\/revisions\/17310"}],"wp:attachment":[{"href":"https:\/\/www.ranqer.com\/it\/wp-json\/wp\/v2\/media?parent=12341"}],"wp:term":[{"taxonomy":"category","embeddable":true,"href":"https:\/\/www.ranqer.com\/it\/wp-json\/wp\/v2\/categories?post=12341"},{"taxonomy":"post_tag","embeddable":true,"href":"https:\/\/www.ranqer.com\/it\/wp-json\/wp\/v2\/tags?post=12341"}],"curies":[{"name":"wp","href":"https:\/\/api.w.org\/{rel}","templated":true}]}}