{"id":11511,"date":"2024-03-26T11:55:24","date_gmt":"2024-03-26T10:55:24","guid":{"rendered":"https:\/\/www.ranqer.com\/?page_id=11511"},"modified":"2024-05-13T16:42:40","modified_gmt":"2024-05-13T14:42:40","slug":"supporto-ranqer-del-cambio-simulatore-di-guida","status":"publish","type":"page","link":"https:\/\/www.ranqer.com\/it\/supporto-ranqer-del-cambio-simulatore-di-guida\/","title":{"rendered":"Ranqer Racing Chair Gearshift Mount"},"content":{"rendered":"<div class=\"section--product-highlight wf-section\">\n    <div class=\"container w-container\">\n      <div class=\"product-highlight__grid\">\n        <div class=\"product-highlight__column\">\n          <div class=\"product-highlight__image-wrapper\">\n              <img decoding=\"async\" src=\"https:\/\/www.ranqer.com\/wp-content\/uploads\/2024\/02\/Ranqer-Racing-chair-Gearshift-mount.png\" loading=\"lazy\" sizes=\"100vw\" alt=\"Supporto del cambio per simulatore corse Ranqer\" class=\"product-highlight__img\">\n                                <img decoding=\"async\" src=\"https:\/\/www.ranqer.com\/wp-content\/themes\/vallonic-ranqer\/dist\/images\/vallonic__ranqer-com__product-highlight__backdrop-single-color2x_fceffc2a.png\" loading=\"lazy\" sizes=\"100vw\" alt=\"\" class=\"product-highlight__background\">\n                        <\/div>\n        <\/div>\n        <div class=\"product-highlight__column\">\n          <div class=\"product-highlight__details\">\n            <h2 class=\"product-highlight__h2\">\n                                                                ACCESSORI DA <span class=\"product-highlight__h2__orange\">GAMING <\/span>\n            <\/h2>\n            <h1 class=\"product-highlight__h1\">\n                Supporto del cambio per simulatore corse Ranqer\n            <\/h1>\n            <p class=\"product-highlight__desc\">\n                Ti presentiamo il supporto per cambio per la sedia simulatore di guida Ranqer: migliora la tua esperienza di gaming con questo supporto elegante e robusto, progettato specificamente per gli appassionati di corse. Fissa facilmente il cambio alla tua sedia da gaming per una simulazione di guida pi\u00f9 coinvolgente e realistica. Realizzato con materiali di alta qualit\u00e0, il supporto per il cambio Ranqer garantisce durata e stabilit\u00e0 durante le sessioni di gioco pi\u00f9 intense.\n            <\/p>\n            <a href=\"#\" data-scroll=\"section--dealers\" class=\"product-highlight__button\">\n                Shop Online\n            <\/a>\n            <div class=\"product-highlight__actions\">\n                                <a\n                      class=\"product-highlight__single-action\"\n                      href=\"#\"\n                      data-scroll=\"section--detail-shots\"\n                  >\n                      Scopri di pi\u00f9 \u2192\n                  <\/a>\n                            \n            <\/div>\n          <\/div>\n        <\/div>\n      <\/div>\n    <\/div>\n            <div class=\"product-highlight__bottom-border\"><\/div>\n        \n    <img decoding=\"async\" src=\"https:\/\/www.ranqer.com\/wp-content\/themes\/vallonic-ranqer\/dist\/images\/vallonic__ranqer-com__product-highlight__decorative-elements_7b623bd8.svg\" loading=\"lazy\" alt=\"\" class=\"product-highlight__decoration\">\n<\/div>\n\n\n<div class=\"section--detail-shots wf-section\">\n    <div class=\"container w-container\">\n        <h2 class=\"generic-typography__section-title\">\n                                                LA QUALIT\u00c0 <span class=\"collection__title__orange\">PROMESSA DA RANQER<\/span>\n        <\/h2>\n    <\/div>\n                                    \n\n              <div class=\"detail-shots__section is--first\">\n                  <div class=\"detail-shots__image-column\">\n                      <img decoding=\"async\" src=\"https:\/\/www.ranqer.com\/wp-content\/uploads\/2024\/02\/ranqer_gear_shift_mount_3.jpg\" loading=\"lazy\" alt=\"\" class=\"detail-shots__single-image\">\n                  <\/div>\n                  <div class=\"detail-shots__desc-column is--right\">\n                      <div class=\"detail-shots__desc-column__inner is--right\">\n                          <h3 class=\"detail-shots__desc-title\">\n                              REGOLABILE\n                          <\/h3>\n                          <h4 class=\"generic-typography__sub-title bottom--15 top--0\">\n                              Regolalo a modo tuo\n                          <\/h4>\n                          <p class=\"generic-typography__paragraph\">\n                              Scopri la versatilit\u00e0! Il supporto per il cambio per sedia da gaming Ranqer offre una funzionalit\u00e0 di inclinazione regolabile che consente di inclinare la sedia fino a +16\u00b0 o fino a -16\u00b0, fornendoti l&#039;angolo perfetto per le tue esigenze di gioco. Sperimenta un comfort e una precisione maggiori mentre giochi con facilit\u00e0 grazie alla nostra innovativa funzione di inclinazione.\n                          <\/p>\n                      <\/div>\n                  <\/div>\n              <\/div>\n                                                            <div class=\"detail-shots__section \">\n                    <div class=\"detail-shots__desc-column is--left\">\n                        <div class=\"detail-shots__desc-column__inner is--left\">\n                            <h3 class=\"detail-shots__desc-title\">\n                                MONTAGGIO FACILE\n                            <\/h3>\n                            <h4 class=\"generic-typography__sub-title bottom--15 top--0\">\n                                Concentrati sulla pista\n                            <\/h4>\n                            <p class=\"generic-typography__paragraph\">\n                                Prova l&#039;esperienza di un&#039;installazione senza sforzo con il nostro prodotto! Il supporto per il cambio della sedia da corsa Ranqer \u00e8 facile da montare e garantisce un processo di installazione senza problemi. Grazie alle semplici istruzioni e al design intuitivo, potrai montare il tuo cambio in un batter d&#039;occhio, permettendoti di concentrarti su ci\u00f2 che tu ami di pi\u00f9: la tua esperienza di gioco in gara.\n                            <\/p>\n                        <\/div>\n                    <\/div>\n                    <div class=\"detail-shots__image-column\">\n                        <img decoding=\"async\" src=\"https:\/\/www.ranqer.com\/wp-content\/uploads\/2024\/04\/ranqersimmounthsiftonepiece-e1713781824603.png\" loading=\"lazy\" alt=\"\" class=\"detail-shots__single-image\">\n                    <\/div>\n                <\/div>\n                        <\/div>\n\n\n<div class=\"section--double-p wf-section\">\n    <div class=\"container w-container\">\n        <div class=\"double-p__title-wrapper\">\n                            <h2 class=\"double-p__main-title is--large\">\n                                        Migliora la tua <strong class=\"double-p__main-title__orange\">esperienza di gara<\/strong>\n                <\/h2>\n\n                <h3 class=\"double-p__main-title is--sub\">\n                                        <strong class=\"double-p__main-title__orange\">SUPPORTO PER IL CAMBIO<\/strong> RANQER\n                <\/h3>\n                    <\/div>\n                    <div class=\"double-p__grid\">\n                                    <div class=\"double-p__block\">\n                        <h3 class=\"generic-typography__sub-title bottom--15 top--0\">Ingrana la marcia superiore<\/h3>\n                                                    <p class=\"generic-typography__paragraph\">Sia che tu stia percorrendo le piste con una supercar ad alta velocit\u00e0, sia che tu stia navigando su terreni difficili con un&#8217;auto da rally, il nostro supporto per il cambio offre un controllo preciso e reattivo, permettendoti di cambiare marcia con facilit\u00e0 e precisione. Prova l&#8217;emozione di ogni cambio di marcia mentre corri verso la vittoria, sapendo che il tuo cambio \u00e8 montato in modo sicuro e pronto all&#8217;azione.<\/p>\n\n                                            <\/div>\n                                    <div class=\"double-p__block\">\n                        <h3 class=\"generic-typography__sub-title bottom--15 top--0\"><\/h3>\n                                                    <p class=\"generic-typography__paragraph\">Compatibile con un&#8217;ampia gamma di sedie da corsa e cambi, il nostro supporto per cambio \u00e8 l&#8217;aggiunta perfetta a qualsiasi configurazione da corsa virtuale. Perch\u00e9 accontentarsi di qualcosa di inferiore al meglio? Eleva la tua esperienza di gara con il nostro supporto per il cambio della sedia da corsa e porta il tuo gioco a nuove vette.<\/p>\n\n                                            <\/div>\n                            <\/div>\n            <\/div>\n<\/div>\n\n\n<div class=\"section--selling-points  wf-section\">\n    <div class=\"container w-container\">\n                                <div class=\"selling-points__title\">\n                            <h2 class=\"generic-typography__section-title\">\n                    I nostri <span class=\"collection__title__orange\">punti di forza<\/span>\n                <\/h2>\n                    <\/div>\n        <div class=\"selling-points__grid\">\n                                                <div class=\"selling-points__single\">\n                        <div class=\"selling-points__single__inner\">\n                            <div class=\"selling-points__single__text\">\n                                Super ergonomici\n                            <\/div>\n                            <div class=\"selling-points__single__icon-wrapper\">\n                                <img decoding=\"async\" src=\"https:\/\/www.ranqer.com\/wp-content\/themes\/vallonic-ranqer\/dist\/images\/vallonic__ranqer-com__icons__ergonomic__orange_46a0c9d8.svg\" loading=\"lazy\" width=\"21\" alt=\"\" class=\"selling-points__single__icon\">\n                            <\/div>\n                        <\/div>\n                    <\/div>\n                                    <div class=\"selling-points__single\">\n                        <div class=\"selling-points__single__inner\">\n                            <div class=\"selling-points__single__text\">\n                                Ispirati dalle corse\n                            <\/div>\n                            <div class=\"selling-points__single__icon-wrapper\">\n                                <img decoding=\"async\" src=\"https:\/\/www.ranqer.com\/wp-content\/themes\/vallonic-ranqer\/dist\/images\/vallonic__ranqer-com__icons__racing__orange_7c54f02f.svg\" loading=\"lazy\" width=\"21\" alt=\"\" class=\"selling-points__single__icon\">\n                            <\/div>\n                        <\/div>\n                    <\/div>\n                                    <div class=\"selling-points__single\">\n                        <div class=\"selling-points__single__inner\">\n                            <div class=\"selling-points__single__text\">\n                                Design olandese\n                            <\/div>\n                            <div class=\"selling-points__single__icon-wrapper\">\n                                <img decoding=\"async\" src=\"https:\/\/www.ranqer.com\/wp-content\/themes\/vallonic-ranqer\/dist\/images\/vallonic__ranqer-com__icons__design__orange_5cb9e4bc.svg\" loading=\"lazy\" width=\"21\" alt=\"\" class=\"selling-points__single__icon\">\n                            <\/div>\n                        <\/div>\n                    <\/div>\n                                    <\/div>\n                            <div class=\"selling-points__cta-wrapper\">\n                <a\n                    href=\"#\"\n                    data-scroll=\"section--dealers\"\n                    class=\"selling-points__cta\"\n                >\n                    Acquista ora\n                <\/a>\n            <\/div>\n            <\/div>\n<\/div>\n\n\n<div class=\"section--dealers wf-section\" id=\"dealers\">\n    <div class=\"container w-container\">\n        <div class=\"dealers__description-grid\">\n            <div class=\"dealers__desc-column\">\n                <h2 class=\"generic-typography__section-title\">\n                                                                                IL NOSTRO OCCHIO PER I <span class=\"collection__title__orange\">DETTAGLI<\/span>\n                <\/h2>\n                <h3 class=\"generic-typography__sub-title bottom--15\">\n                    Acquista ora\n                <\/h3>\n                <p class=\"generic-typography__paragraph\">\n                    Grande comodit\u00e0 e grande design. Le sedie da gaming Ranqer sono ora disponibili. Eleva il tuo set-up di gioco scegliendo una delle nostre sedie da gaming.\n                <\/p>\n            <\/div>\n        <\/div>\n                    <div class=\"dealers__grid\">\n                                    <div class=\"dealers__single-dealer\">\n                        <a href=\"https:\/\/www.sbsupply.it\/ranqer-gear-shift-mount\" class=\"dealers__single__a w-inline-block\" target=\"_blank\" rel=\"noopener\">\n                            <img decoding=\"async\" src=\"https:\/\/www.ranqer.com\/wp-content\/uploads\/2021\/09\/sbsupply-logo-500x1000-1.png\" loading=\"lazy\" alt=\"\" class=\"dealers__single__logo-img\">\n                            <div class=\"dealers__single__details\">\n                                                            <div class=\"dealers__single__countries\">\n                                                                                                          <div class=\"dealers__single__countries__single\">IT<\/div>\n                                                                <\/div>\n                              <img decoding=\"async\" src=\"https:\/\/www.ranqer.com\/wp-content\/themes\/vallonic-ranqer\/dist\/images\/vallonic__ranqer-com__icons__arrow-right__orange_143c2b49.svg\" loading=\"lazy\" alt=\"\" class=\"dealers__single__arrow-right\">\n                            <\/div>\n                        <\/a>\n                    <\/div>\n                            <\/div>\n                            <\/div>\n<\/div>\n\n\n<div class=\"section--product-downloads bottom--0 wf-section\">\n    <div class=\"container w-container\">\n        <div class=\"product-downloads__grid\">\n            <div class=\"product-downloads__column\">\n                <h2 class=\"generic-typography__section-title\">\n                                        SCHEDA PRODOTTO\n                <\/h2>\n                <h3 class=\"generic-typography__sub-title bottom--15\">\n                    Caratteristiche\n                <\/h3>\n                <p class=\"generic-typography__paragraph\">\n                    <p>Fino a 16\u00b0 di inclinazione<br \/>\nMontaggio a destra e a sinistra<br \/>\nPu\u00f2 essere utilizzato anche come supporto per il freno a mano<\/p>\n<p>&nbsp;<\/p>\n<p><strong>Compatibile, tra l&#8217;altro, con<\/strong><\/p>\n<p>DSD Shifter<br \/>\nCambio Fanatec ClubSport<br \/>\nCambio Fanatec ClubSport SQ<br \/>\nCambio Fanatec<br \/>\nLogitech G25 Shifter<br \/>\nLogitech G27 Shifter<br \/>\nLogitech G29 Shifter<br \/>\nLogitech G920 Shifter<br \/>\nThrustmaster TH8<\/p>\n\n                <\/p>\n                <div class=\"product-downloads__actions-grid\">\n                                    <\/div>\n            <\/div>\n            <div class=\"product-downloads__column\">\n                <div class=\"product-downloads__decoration-wrapper\">\n                    <img decoding=\"async\" src=\"https:\/\/www.ranqer.com\/wp-content\/uploads\/2024\/04\/vallonic__ranqer-com__logo__full-orange_b536aaf5-1.png\" loading=\"lazy\" alt=\"\" class=\"product-downloads__decoration-img\">\n                <\/div>\n            <\/div>\n        <\/div>\n    <\/div>\n<\/div>\n","protected":false},"excerpt":{"rendered":"","protected":false},"author":16,"featured_media":0,"parent":0,"menu_order":0,"comment_status":"closed","ping_status":"closed","template":"","meta":{"footnotes":""},"categories":[],"tags":[],"class_list":["post-11511","page","type-page","status-publish","hentry"],"_links":{"self":[{"href":"https:\/\/www.ranqer.com\/it\/wp-json\/wp\/v2\/pages\/11511","targetHints":{"allow":["GET"]}}],"collection":[{"href":"https:\/\/www.ranqer.com\/it\/wp-json\/wp\/v2\/pages"}],"about":[{"href":"https:\/\/www.ranqer.com\/it\/wp-json\/wp\/v2\/types\/page"}],"author":[{"embeddable":true,"href":"https:\/\/www.ranqer.com\/it\/wp-json\/wp\/v2\/users\/16"}],"replies":[{"embeddable":true,"href":"https:\/\/www.ranqer.com\/it\/wp-json\/wp\/v2\/comments?post=11511"}],"version-history":[{"count":9,"href":"https:\/\/www.ranqer.com\/it\/wp-json\/wp\/v2\/pages\/11511\/revisions"}],"predecessor-version":[{"id":17404,"href":"https:\/\/www.ranqer.com\/it\/wp-json\/wp\/v2\/pages\/11511\/revisions\/17404"}],"wp:attachment":[{"href":"https:\/\/www.ranqer.com\/it\/wp-json\/wp\/v2\/media?parent=11511"}],"wp:term":[{"taxonomy":"category","embeddable":true,"href":"https:\/\/www.ranqer.com\/it\/wp-json\/wp\/v2\/categories?post=11511"},{"taxonomy":"post_tag","embeddable":true,"href":"https:\/\/www.ranqer.com\/it\/wp-json\/wp\/v2\/tags?post=11511"}],"curies":[{"name":"wp","href":"https:\/\/api.w.org\/{rel}","templated":true}]}}