{"id":11131,"date":"2024-03-22T16:43:26","date_gmt":"2024-03-22T15:43:26","guid":{"rendered":"https:\/\/ranqer.com\/?page_id=11131"},"modified":"2024-05-13T13:00:12","modified_gmt":"2024-05-13T11:00:12","slug":"supporto-ranqer-per-monitor-con-braccio-singolo","status":"publish","type":"page","link":"https:\/\/www.ranqer.com\/it\/supporto-ranqer-per-monitor-con-braccio-singolo\/","title":{"rendered":"Ranqer Monitor Arm Single"},"content":{"rendered":"<div class=\"section--product-highlight wf-section\">\n    <div class=\"container w-container\">\n      <div class=\"product-highlight__grid\">\n        <div class=\"product-highlight__column\">\n          <div class=\"product-highlight__image-wrapper\">\n              <img decoding=\"async\" src=\"https:\/\/www.ranqer.com\/wp-content\/uploads\/2024\/02\/Ranqer-Monitor-Single-Arm-zwart_.png\" loading=\"lazy\" sizes=\"100vw\" alt=\"Supporto Ranqer per monitor singolo\" class=\"product-highlight__img\">\n                                <img decoding=\"async\" src=\"https:\/\/www.ranqer.com\/wp-content\/themes\/vallonic-ranqer\/dist\/images\/vallonic__ranqer-com__product-highlight__backdrop-single-color2x_fceffc2a.png\" loading=\"lazy\" sizes=\"100vw\" alt=\"\" class=\"product-highlight__background\">\n                        <\/div>\n        <\/div>\n        <div class=\"product-highlight__column\">\n          <div class=\"product-highlight__details\">\n            <h2 class=\"product-highlight__h2\">\n                                                                <span class=\"product-highlight__h2__orange\">ACCESSORI DA GAMING<\/span>\n            <\/h2>\n            <h1 class=\"product-highlight__h1\">\n                Supporto Ranqer per monitor singolo\n            <\/h1>\n            <p class=\"product-highlight__desc\">\n                Il braccio per monitor singolo Ranqer vanta un design semplice ma robusto che si integra perfettamente in qualsiasi configurazione. Il suo profilo elegante e la sua struttura minimalista si fondono senza sforzo con il tuo arredamento, offrendo una regolabilit\u00e0 senza precedenti senza compromettere lo stile. \r\n\r\nIl suo design intuitivo e le istruzioni facili da seguire rendono l&#039;installazione un gioco da ragazzi, consentendo a te di personalizzare senza sforzo il posizionamento del monitor nella posizione ergonomica che preferisci. \r\n\r\nSperimenta un comfort ergonomico come mai prima d&#039;ora, sia che siate nel bel mezzo di intense battaglie sia che stiate affrontando le attivit\u00e0 quotidiane. Dite addio all&#039;affaticamento del collo e dai il benvenuto a una maggiore produttivit\u00e0 con il braccio per monitor singolo Ranqer. \r\n\n            <\/p>\n            <a href=\"#\" data-scroll=\"section--dealers\" class=\"product-highlight__button\">\n                Shop Online\n            <\/a>\n            <div class=\"product-highlight__actions\">\n                                <a\n                      class=\"product-highlight__single-action\"\n                      href=\"#\"\n                      data-scroll=\"detail-shots__section\"\n                  >\n                      Scopri di pi\u00f9 \u2192\n                  <\/a>\n                            \n            <\/div>\n          <\/div>\n        <\/div>\n      <\/div>\n    <\/div>\n            <div class=\"product-highlight__bottom-border\"><\/div>\n        \n    <img decoding=\"async\" src=\"https:\/\/www.ranqer.com\/wp-content\/themes\/vallonic-ranqer\/dist\/images\/vallonic__ranqer-com__product-highlight__decorative-elements_7b623bd8.svg\" loading=\"lazy\" alt=\"\" class=\"product-highlight__decoration\">\n<\/div>\n\n\n<div class=\"section--detail-shots wf-section\">\n    <div class=\"container w-container\">\n        <h2 class=\"generic-typography__section-title\">\n                                                LA QUALIT\u00c0 <span class=\"collection__title__orange\">PROMESSA DA RANQER<\/span>\n        <\/h2>\n    <\/div>\n                                    \n\n              <div class=\"detail-shots__section is--first\">\n                  <div class=\"detail-shots__image-column\">\n                      <img decoding=\"async\" src=\"https:\/\/www.ranqer.com\/wp-content\/uploads\/2024\/02\/Ranqer-monitor-mount-with-screen-detail-shot.png\" loading=\"lazy\" alt=\"\" class=\"detail-shots__single-image\">\n                  <\/div>\n                  <div class=\"detail-shots__desc-column is--right\">\n                      <div class=\"detail-shots__desc-column__inner is--right\">\n                          <h3 class=\"detail-shots__desc-title\">\n                              IMMERSIVO\n                          <\/h3>\n                          <h4 class=\"generic-typography__sub-title bottom--15 top--0\">\n                              Immergeti nel sedile di un pilota  \n                          <\/h4>\n                          <p class=\"generic-typography__paragraph\">\n                              Scopri l&#039;impareggiabile versatilit\u00e0 del braccio per monitor singolo Ranqer per ottimizzare il tuo spazio di lavoro. Realizzato con ingegneria di precisione, questo braccio per monitor offre una regolazione dell&#039;altezza personalizzabile, che consente di elevare o abbassare senza sforzo lo schermo all&#039;altezza degli occhi desiderata. La sua funzione di inclinazione flessibile consente a te di inclinare il monitor in avanti o all&#039;indietro per un comfort di visione ottimale, riducendo l&#039;affaticamento del collo e migliorando la produttivit\u00e0. Grazie alle funzionalit\u00e0 di rotazione a 180 gradi, tu puoi facilmente ruotare il tuo monitor per condividere i contenuti con i colleghi o passare dall&#039;orientamento orizzontale a quello verticale. \n                          <\/p>\n                      <\/div>\n                  <\/div>\n              <\/div>\n                                                            <div class=\"detail-shots__section \">\n                    <div class=\"detail-shots__desc-column is--left\">\n                        <div class=\"detail-shots__desc-column__inner is--left\">\n                            <h3 class=\"detail-shots__desc-title\">\n                                REGOLABILE\n                            <\/h3>\n                            <h4 class=\"generic-typography__sub-title bottom--15 top--0\">\n                                Visione completa\n                            <\/h4>\n                            <p class=\"generic-typography__paragraph\">\n                                Con il suo design salvaspazio, il braccio per monitor singolo Ranqer aiuta a ottimizzare lo spazio sulla scrivania montando in modo sicuro il tuo monitor sopra la superficie, liberando spazio prezioso per altri oggetti essenziali e promuovendo uno spazio di lavoro pulito ed efficiente.\n                            <\/p>\n                        <\/div>\n                    <\/div>\n                    <div class=\"detail-shots__image-column\">\n                        <img decoding=\"async\" src=\"https:\/\/www.ranqer.com\/wp-content\/uploads\/2024\/02\/ranqer_monitor_arm_single_black_13.png\" loading=\"lazy\" alt=\"\" class=\"detail-shots__single-image\">\n                    <\/div>\n                <\/div>\n                                            \n\n              <div class=\"detail-shots__section \">\n                  <div class=\"detail-shots__image-column\">\n                      <img decoding=\"async\" src=\"https:\/\/www.ranqer.com\/wp-content\/uploads\/2024\/02\/ranqer_monitor_arm_single_black_12.webp\" loading=\"lazy\" alt=\"\" class=\"detail-shots__single-image\">\n                  <\/div>\n                  <div class=\"detail-shots__desc-column is--right\">\n                      <div class=\"detail-shots__desc-column__inner is--right\">\n                          <h3 class=\"detail-shots__desc-title\">\n                              SICURO\n                          <\/h3>\n                          <h4 class=\"generic-typography__sub-title bottom--15 top--0\">\n                              Allaccia la cintura di sicurezza\n                          <\/h4>\n                          <p class=\"generic-typography__paragraph\">\n                              Questo braccio per monitor \u00e8 dotato di un sistema integrato di gestione dei cavi, che mantiene il tuo spazio di lavoro ordinato e organizzato nascondendo cavi e fili, riducendo cos\u00ec il disordine e migliorando l&#039;estetica.\n                          <\/p>\n                      <\/div>\n                  <\/div>\n              <\/div>\n                        <\/div>\n\n\n<div class=\"section--double-p wf-section\">\n    <div class=\"container w-container\">\n        <div class=\"double-p__title-wrapper\">\n                            <h2 class=\"double-p__main-title is--large\">\n                                        Preparati per un&#8217;immersione <strong class=\"double-p__main-title__orange\">totale<\/strong>\n                <\/h2>\n\n                <h3 class=\"double-p__main-title is--sub\">\n                                        <strong class=\"double-p__main-title__orange\">Supporto per monitor singolo Ranqer<\/strong>  \n                <\/h3>\n                    <\/div>\n                    <div class=\"double-p__grid\">\n                                    <div class=\"double-p__block\">\n                        <h3 class=\"generic-typography__sub-title bottom--15 top--0\">Rimani in carreggiata, guarda fisso in avanti<\/h3>\n                                                    <p class=\"generic-typography__paragraph\">\n                                <p class=\"p1\">I prodotti Ranqer offrono un comfort ottimale per tutti quelli che passano molto tempo giocare o a lavorare davanti al computer. Ranqer si ispira alle sedie pi\u00f9 uniche al mondo e combina le ultime tendenze con un design squisito per i giocatori professionisti.<\/p>\n\n                            <\/p>\n                                            <\/div>\n                                    <div class=\"double-p__block\">\n                        <h3 class=\"generic-typography__sub-title bottom--15 top--0\"><\/h3>\n                                                    <p class=\"generic-typography__paragraph\">\n                                <p class=\"p1\">Ognuno sceglie la sua sedia da ufficio preferita, c\u2019\u00e8 chi la vuole nera e chi la preferisce colorata. Scegli i modelli Felix o Carbon per un look semplice ma elegante. Chi ama un po\u2019 di colore in ufficio o qualche chicca speciale pu\u00f2 scegliere una delle sedie con illuminazione LED RGB come i modelli Aura e Halo. La pelle PU d\u00e0 alla sedia un aspetto elegante e lussuoso ma \u00e8 anche facile da pulire. Ti possiamo garantire che con un po\u2019 di manutenzione questa sedia ti durer\u00e0.<\/p>\n\n                            <\/p>\n                                            <\/div>\n                            <\/div>\n            <\/div>\n<\/div>\n\n\n<div class=\"section--selling-points  wf-section\">\n    <div class=\"container w-container\">\n                                <div class=\"selling-points__title\">\n                            <h2 class=\"generic-typography__section-title\">\n                    I nostri <span class=\"collection__title__orange\">punti di forza<\/span>\n                <\/h2>\n                    <\/div>\n        <div class=\"selling-points__grid\">\n                                                <div class=\"selling-points__single\">\n                        <div class=\"selling-points__single__inner\">\n                            <div class=\"selling-points__single__text\">\n                                Super ergonomico\n                            <\/div>\n                            <div class=\"selling-points__single__icon-wrapper\">\n                                <img decoding=\"async\" src=\"https:\/\/www.ranqer.com\/wp-content\/themes\/vallonic-ranqer\/dist\/images\/vallonic__ranqer-com__icons__ergonomic__orange_46a0c9d8.svg\" loading=\"lazy\" width=\"21\" alt=\"\" class=\"selling-points__single__icon\">\n                            <\/div>\n                        <\/div>\n                    <\/div>\n                                    <div class=\"selling-points__single\">\n                        <div class=\"selling-points__single__inner\">\n                            <div class=\"selling-points__single__text\">\n                                Ispirato ai sedili da corsa\n                            <\/div>\n                            <div class=\"selling-points__single__icon-wrapper\">\n                                <img decoding=\"async\" src=\"https:\/\/www.ranqer.com\/wp-content\/themes\/vallonic-ranqer\/dist\/images\/vallonic__ranqer-com__icons__racing__orange_7c54f02f.svg\" loading=\"lazy\" width=\"21\" alt=\"\" class=\"selling-points__single__icon\">\n                            <\/div>\n                        <\/div>\n                    <\/div>\n                                    <div class=\"selling-points__single\">\n                        <div class=\"selling-points__single__inner\">\n                            <div class=\"selling-points__single__text\">\n                                Design olandese\n                            <\/div>\n                            <div class=\"selling-points__single__icon-wrapper\">\n                                <img decoding=\"async\" src=\"https:\/\/www.ranqer.com\/wp-content\/themes\/vallonic-ranqer\/dist\/images\/vallonic__ranqer-com__icons__design__orange_5cb9e4bc.svg\" loading=\"lazy\" width=\"21\" alt=\"\" class=\"selling-points__single__icon\">\n                            <\/div>\n                        <\/div>\n                    <\/div>\n                                    <\/div>\n                            <div class=\"selling-points__cta-wrapper\">\n                <a\n                    href=\"#\"\n                    data-scroll=\"section--dealers\"\n                    class=\"selling-points__cta\"\n                >\n                    Acquista ora\n                <\/a>\n            <\/div>\n            <\/div>\n<\/div>\n\n\n<div class=\"section--dealers wf-section\" id=\"dealers\">\n    <div class=\"container w-container\">\n        <div class=\"dealers__description-grid\">\n            <div class=\"dealers__desc-column\">\n                <h2 class=\"generic-typography__section-title\">\n                                                                                Punti <span class=\"collection__title__orange\">vendita<\/span>\n                <\/h2>\n                <h3 class=\"generic-typography__sub-title bottom--15\">\n                    Acquista ora\n                <\/h3>\n                <p class=\"generic-typography__paragraph\">\n                    Grande comodit\u00e0 e grande design. Le sedie da gaming Ranqer sono ora disponibili. Eleva il tuo set-up di gioco scegliendo una delle nostre sedie da gaming.\n                <\/p>\n            <\/div>\n        <\/div>\n                    <div class=\"dealers__grid\">\n                                    <div class=\"dealers__single-dealer\">\n                        <a href=\"https:\/\/www.sbsupply.it\/ranqer-supporto-monitor-arm-single-black\" class=\"dealers__single__a w-inline-block\" target=\"_blank\" rel=\"noopener\">\n                            <img decoding=\"async\" src=\"https:\/\/www.ranqer.com\/wp-content\/uploads\/2021\/09\/sbsupply-logo-500x1000-1.png\" loading=\"lazy\" alt=\"\" class=\"dealers__single__logo-img\">\n                            <div class=\"dealers__single__details\">\n                                                            <div class=\"dealers__single__countries\">\n                                                                                                          <div class=\"dealers__single__countries__single\">IT<\/div>\n                                                                <\/div>\n                              <img decoding=\"async\" src=\"https:\/\/www.ranqer.com\/wp-content\/themes\/vallonic-ranqer\/dist\/images\/vallonic__ranqer-com__icons__arrow-right__orange_143c2b49.svg\" loading=\"lazy\" alt=\"\" class=\"dealers__single__arrow-right\">\n                            <\/div>\n                        <\/a>\n                    <\/div>\n                                    <div class=\"dealers__single-dealer\">\n                        <a href=\"https:\/\/www.amazon.it\/stores\/page\/BE822F63-638A-48BF-A9CD-E486EB06E5E9?ingress=2&amp;visitId=ae0e2846-9e03-4456-b6c1-f5482203de3a&amp;ref_=ast_bln\" class=\"dealers__single__a w-inline-block\" target=\"_blank\" rel=\"noopener\">\n                            <img decoding=\"async\" src=\"https:\/\/www.ranqer.com\/wp-content\/uploads\/2021\/09\/vallonic__ranqer-com__dealers__amazon2x.png\" loading=\"lazy\" alt=\"\" class=\"dealers__single__logo-img\">\n                            <div class=\"dealers__single__details\">\n                                                            <div class=\"dealers__single__countries\">\n                                                                                                          <div class=\"dealers__single__countries__single\">IT<\/div>\n                                                                <\/div>\n                              <img decoding=\"async\" src=\"https:\/\/www.ranqer.com\/wp-content\/themes\/vallonic-ranqer\/dist\/images\/vallonic__ranqer-com__icons__arrow-right__orange_143c2b49.svg\" loading=\"lazy\" alt=\"\" class=\"dealers__single__arrow-right\">\n                            <\/div>\n                        <\/a>\n                    <\/div>\n                            <\/div>\n                            <\/div>\n<\/div>\n\n\n<div class=\"section--product-downloads bottom--0 wf-section\">\n    <div class=\"container w-container\">\n        <div class=\"product-downloads__grid\">\n            <div class=\"product-downloads__column\">\n                <h2 class=\"generic-typography__section-title\">\n                                        SCHEDA PRODOTTO\n                <\/h2>\n                <h3 class=\"generic-typography__sub-title bottom--15\">\n                    Caratteristiche\n                <\/h3>\n                <p class=\"generic-typography__paragraph\">\n                    <p>Adatto per schermi di dimensioni: 17&#8243;-32&#8243;.<\/p>\n<p>Adatto per schermo curvo: S\u00ec<\/p>\n<p>Peso massimo (per schermo): 2~9 kg<\/p>\n<p>Compatibile con VESA: 75&#215;75, 100&#215;100<\/p>\n<p>Raggio d&#8217;inclinazione: +45\u00b0~-45\u00b0<\/p>\n<p>Intervallo di rotazione: +90\u00b0~-90\u00b0<\/p>\n<p>Rotazione dello schermo: +180\u00b0~-180\u00b0<\/p>\n<p>Braccio completamente esteso: 376 mm<\/p>\n\n                <\/p>\n                <div class=\"product-downloads__actions-grid\">\n                                    <\/div>\n            <\/div>\n            <div class=\"product-downloads__column\">\n                <div class=\"product-downloads__decoration-wrapper\">\n                    <img decoding=\"async\" src=\"https:\/\/www.ranqer.com\/wp-content\/uploads\/2024\/04\/vallonic__ranqer-com__logo__full-orange_b536aaf5-1.png\" loading=\"lazy\" alt=\"\" class=\"product-downloads__decoration-img\">\n                <\/div>\n            <\/div>\n        <\/div>\n    <\/div>\n<\/div>\n","protected":false},"excerpt":{"rendered":"","protected":false},"author":16,"featured_media":0,"parent":0,"menu_order":0,"comment_status":"closed","ping_status":"closed","template":"","meta":{"footnotes":""},"categories":[],"tags":[],"class_list":["post-11131","page","type-page","status-publish","hentry"],"_links":{"self":[{"href":"https:\/\/www.ranqer.com\/it\/wp-json\/wp\/v2\/pages\/11131","targetHints":{"allow":["GET"]}}],"collection":[{"href":"https:\/\/www.ranqer.com\/it\/wp-json\/wp\/v2\/pages"}],"about":[{"href":"https:\/\/www.ranqer.com\/it\/wp-json\/wp\/v2\/types\/page"}],"author":[{"embeddable":true,"href":"https:\/\/www.ranqer.com\/it\/wp-json\/wp\/v2\/users\/16"}],"replies":[{"embeddable":true,"href":"https:\/\/www.ranqer.com\/it\/wp-json\/wp\/v2\/comments?post=11131"}],"version-history":[{"count":17,"href":"https:\/\/www.ranqer.com\/it\/wp-json\/wp\/v2\/pages\/11131\/revisions"}],"predecessor-version":[{"id":17365,"href":"https:\/\/www.ranqer.com\/it\/wp-json\/wp\/v2\/pages\/11131\/revisions\/17365"}],"wp:attachment":[{"href":"https:\/\/www.ranqer.com\/it\/wp-json\/wp\/v2\/media?parent=11131"}],"wp:term":[{"taxonomy":"category","embeddable":true,"href":"https:\/\/www.ranqer.com\/it\/wp-json\/wp\/v2\/categories?post=11131"},{"taxonomy":"post_tag","embeddable":true,"href":"https:\/\/www.ranqer.com\/it\/wp-json\/wp\/v2\/tags?post=11131"}],"curies":[{"name":"wp","href":"https:\/\/api.w.org\/{rel}","templated":true}]}}