{"id":9876,"date":"2024-04-11T11:13:49","date_gmt":"2024-04-11T09:13:49","guid":{"rendered":"https:\/\/ranqer.com\/?page_id=9876"},"modified":"2024-04-24T11:34:00","modified_gmt":"2024-04-24T09:34:00","slug":"ranqer-support-ecran-pour-cockpit-simracing","status":"publish","type":"page","link":"https:\/\/www.ranqer.com\/fr\/ranqer-support-ecran-pour-cockpit-simracing\/","title":{"rendered":"Ranqer Racing Chair Monitor Mount"},"content":{"rendered":"<div class=\"section--product-highlight wf-section\">\n    <div class=\"container w-container\">\n      <div class=\"product-highlight__grid\">\n        <div class=\"product-highlight__column\">\n          <div class=\"product-highlight__image-wrapper\">\n              <img decoding=\"async\" src=\"https:\/\/www.ranqer.com\/wp-content\/uploads\/2024\/02\/Ranqer-Racing-chair-Monitor-mount.png\" loading=\"lazy\" sizes=\"100vw\" alt=\"Support d&#039;\u00c9cran pour Cockpit SimRacing\" class=\"product-highlight__img\">\n                                <img decoding=\"async\" src=\"https:\/\/www.ranqer.com\/wp-content\/themes\/vallonic-ranqer\/dist\/images\/vallonic__ranqer-com__product-highlight__backdrop-single-color2x_fceffc2a.png\" loading=\"lazy\" sizes=\"100vw\" alt=\"\" class=\"product-highlight__background\">\n                        <\/div>\n        <\/div>\n        <div class=\"product-highlight__column\">\n          <div class=\"product-highlight__details\">\n            <h2 class=\"product-highlight__h2\">\n                                                                ACCESSOIRES <span class=\"product-highlight__h2__orange\">GAMING<\/span>\n            <\/h2>\n            <h1 class=\"product-highlight__h1\">\n                Support d&#039;\u00c9cran pour Cockpit SimRacing\n            <\/h1>\n            <p class=\"product-highlight__desc\">\n                Le support d&#039;\u00e9cran pour Cockpit SimRacing, l&#039;accessoire ultime pour les joueurs et les professionnels \u00e0 la recherche d&#039;un confort et d&#039;une commodit\u00e9 in\u00e9gal\u00e9s dans leur installation de simulation automobile. \u00c9levez votre exp\u00e9rience de jeu \u00e0 de nouveaux sommets gr\u00e2ce \u00e0 ce support d&#039;\u00e9cran \u00e9l\u00e9gant et innovant, con\u00e7u sp\u00e9cialement pour les si\u00e8ges baquets de course. Fabriqu\u00e9 dans un souci de durabilit\u00e9 et de fonctionnalit\u00e9, le support d&#039;\u00e9cran se fixe sans effort au Cockpit SimRacing Ranqer, offrant ainsi une plate-forme s\u00fbre et stable pour votre moniteur.\n            <\/p>\n            <a href=\"#\" data-scroll=\"section--dealers\" class=\"product-highlight__button\">\n                Shop Online\n            <\/a>\n            <div class=\"product-highlight__actions\">\n                                <a\n                      class=\"product-highlight__single-action\"\n                      href=\"#\"\n                      data-scroll=\"section--detail-shots\"\n                  >\n                      En savoir plus \u2192\n                  <\/a>\n                            \n            <\/div>\n          <\/div>\n        <\/div>\n      <\/div>\n    <\/div>\n            <div class=\"product-highlight__bottom-border\"><\/div>\n        \n    <img decoding=\"async\" src=\"https:\/\/www.ranqer.com\/wp-content\/themes\/vallonic-ranqer\/dist\/images\/vallonic__ranqer-com__product-highlight__decorative-elements_7b623bd8.svg\" loading=\"lazy\" alt=\"\" class=\"product-highlight__decoration\">\n<\/div>\n\n\n<div class=\"section--detail-shots wf-section\">\n    <div class=\"container w-container\">\n        <h2 class=\"generic-typography__section-title\">\n                                                LA QUALIT\u00c9 <span class=\"collection__title__orange\">OFFERTE PAR RANQER<\/span>\n        <\/h2>\n    <\/div>\n                                    \n\n              <div class=\"detail-shots__section is--first\">\n                  <div class=\"detail-shots__image-column\">\n                      <img decoding=\"async\" src=\"https:\/\/www.ranqer.com\/wp-content\/uploads\/2024\/02\/ranqer_simulator_chair_-_racing_seat_-_racestoel_3.jpg\" loading=\"lazy\" alt=\"\" class=\"detail-shots__single-image\">\n                  <\/div>\n                  <div class=\"detail-shots__desc-column is--right\">\n                      <div class=\"detail-shots__desc-column__inner is--right\">\n                          <h3 class=\"detail-shots__desc-title\">\n                              IMMERSIF\n                          <\/h3>\n                          <h4 class=\"generic-typography__sub-title bottom--15 top--0\">\n                              Installez-vous \u00e0 la place pilote\n                          <\/h4>\n                          <p class=\"generic-typography__paragraph\">\n                              Vivez une exp\u00e9rience de jeu immersive comme jamais auparavant en vous plongeant dans vos titres pr\u00e9f\u00e9r\u00e9s avec des images d&#039;une clart\u00e9 cristalline et des mouvements fluides en gros plan. \n                          <\/p>\n                      <\/div>\n                  <\/div>\n              <\/div>\n                                                            <div class=\"detail-shots__section \">\n                    <div class=\"detail-shots__desc-column is--left\">\n                        <div class=\"detail-shots__desc-column__inner is--left\">\n                            <h3 class=\"detail-shots__desc-title\">\n                                AJUSTABLE\n                            <\/h3>\n                            <h4 class=\"generic-typography__sub-title bottom--15 top--0\">\n                                Visibilit\u00e9 maximale\n                            <\/h4>\n                            <p class=\"generic-typography__paragraph\">\n                                Ce support vous permet de r\u00e9gler sans effort la hauteur, l&#039;inclinaison et l&#039;angle de votre \u00e9cran pour un confort visuel optimal. \n                            <\/p>\n                        <\/div>\n                    <\/div>\n                    <div class=\"detail-shots__image-column\">\n                        <img decoding=\"async\" src=\"https:\/\/www.ranqer.com\/wp-content\/uploads\/2024\/02\/fourze_monitor_mount_for_racing_simulator_2.jpg\" loading=\"lazy\" alt=\"\" class=\"detail-shots__single-image\">\n                    <\/div>\n                <\/div>\n                                            \n\n              <div class=\"detail-shots__section \">\n                  <div class=\"detail-shots__image-column\">\n                      <img decoding=\"async\" src=\"https:\/\/www.ranqer.com\/wp-content\/uploads\/2024\/02\/ranqer_monitor_mount_racing_simulator1.jpg\" loading=\"lazy\" alt=\"\" class=\"detail-shots__single-image\">\n                  <\/div>\n                  <div class=\"detail-shots__desc-column is--right\">\n                      <div class=\"detail-shots__desc-column__inner is--right\">\n                          <h3 class=\"detail-shots__desc-title\">\n                              S\u00dbRE\n                          <\/h3>\n                          <h4 class=\"generic-typography__sub-title bottom--15 top--0\">\n                              Attachez votre ceinture\n                          <\/h4>\n                          <p class=\"generic-typography__paragraph\">\n                              Le support d&#039;\u00e9cran Ranqer maintient votre \u00e9cran bien en place, m\u00eame pendant les sessions de jeu intenses, garantissant un jeu ininterrompu sans aucune distraction.\n                          <\/p>\n                      <\/div>\n                  <\/div>\n              <\/div>\n                        <\/div>\n\n\n<div class=\"section--double-p wf-section\">\n    <div class=\"container w-container\">\n        <div class=\"double-p__title-wrapper\">\n                            <h2 class=\"double-p__main-title is--large\">\n                                        \u00c9quipez-vous pour une <strong class=\"double-p__main-title__orange\"> immersion totale<\/strong>\n                <\/h2>\n\n                <h3 class=\"double-p__main-title is--sub\">\n                                         <strong class=\"double-p__main-title__orange\">Support d&rsquo;\u00c9cran pour Cockpit SimRacing<\/strong> RANQER\n                <\/h3>\n                    <\/div>\n                    <div class=\"double-p__grid\">\n                                    <div class=\"double-p__block\">\n                        <h3 class=\"generic-typography__sub-title bottom--15 top--0\">Les yeux riv\u00e9s sur la piste<\/h3>\n                                                    <p class=\"generic-typography__paragraph\">Con\u00e7u dans un souci de performance et de commodit\u00e9, notre support d&rsquo;\u00e9cran se fixe parfaitement \u00e0 votre simulateur, maintenant votre \u00e9cran bien en place pendant que vous courez. Dites adieu \u00e0 la tension du cou et aux angles de vue g\u00eanants &#8211; avec notre support d&rsquo;\u00e9cran, vous pouvez positionner votre \u00e9cran \u00e0 la hauteur et \u00e0 l&rsquo;angle parfaits pour une visibilit\u00e9 et un confort optimaux.<\/p>\n\n                                            <\/div>\n                                    <div class=\"double-p__block\">\n                        <h3 class=\"generic-typography__sub-title bottom--15 top--0\"><\/h3>\n                                                    <p class=\"generic-typography__paragraph\">Mais il ne s&rsquo;agit pas seulement d&rsquo;ergonomie &#8211; notre support d&rsquo;\u00e9cran am\u00e9liore \u00e9galement le r\u00e9alisme de votre exp\u00e9rience de jeu. Plongez dans l&rsquo;action, votre \u00e9cran devient une extension du monde virtuel et vous place aux commandes de vos jeux de course pr\u00e9f\u00e9r\u00e9s.<\/p>\n<p class=\"generic-typography__paragraph\">Compatible avec une large gamme de moniteurs et de fauteuils de course, notre support d&rsquo;\u00e9cran est facile \u00e0 installer et \u00e0 r\u00e9gler, ce qui vous permet de personnaliser votre installation en fonction de vos pr\u00e9f\u00e9rences. Que vous soyez un joueur occasionnel ou un passionn\u00e9, notre support de moniteur est le compl\u00e9ment id\u00e9al de toute installation de course.<\/p>\n\n                                            <\/div>\n                            <\/div>\n            <\/div>\n<\/div>\n\n\n<div class=\"section--selling-points  wf-section\">\n    <div class=\"container w-container\">\n                                <div class=\"selling-points__title\">\n                            <h2 class=\"generic-typography__section-title\">\n                    Nos <span class=\"collection__title__orange\">points forts<\/span>\n                <\/h2>\n                    <\/div>\n        <div class=\"selling-points__grid\">\n                                                <div class=\"selling-points__single\">\n                        <div class=\"selling-points__single__inner\">\n                            <div class=\"selling-points__single__text\">\n                                Tr\u00e8s ergonomique\n                            <\/div>\n                            <div class=\"selling-points__single__icon-wrapper\">\n                                <img decoding=\"async\" src=\"https:\/\/www.ranqer.com\/wp-content\/themes\/vallonic-ranqer\/dist\/images\/vallonic__ranqer-com__icons__ergonomic__orange_46a0c9d8.svg\" loading=\"lazy\" width=\"21\" alt=\"\" class=\"selling-points__single__icon\">\n                            <\/div>\n                        <\/div>\n                    <\/div>\n                                    <div class=\"selling-points__single\">\n                        <div class=\"selling-points__single__inner\">\n                            <div class=\"selling-points__single__text\">\n                                Inspir\u00e9 de la course automobile\n                            <\/div>\n                            <div class=\"selling-points__single__icon-wrapper\">\n                                <img decoding=\"async\" src=\"https:\/\/www.ranqer.com\/wp-content\/themes\/vallonic-ranqer\/dist\/images\/vallonic__ranqer-com__icons__racing__orange_7c54f02f.svg\" loading=\"lazy\" width=\"21\" alt=\"\" class=\"selling-points__single__icon\">\n                            <\/div>\n                        <\/div>\n                    <\/div>\n                                    <div class=\"selling-points__single\">\n                        <div class=\"selling-points__single__inner\">\n                            <div class=\"selling-points__single__text\">\n                                Design hollandais\n                            <\/div>\n                            <div class=\"selling-points__single__icon-wrapper\">\n                                <img decoding=\"async\" src=\"https:\/\/www.ranqer.com\/wp-content\/themes\/vallonic-ranqer\/dist\/images\/vallonic__ranqer-com__icons__design__orange_5cb9e4bc.svg\" loading=\"lazy\" width=\"21\" alt=\"\" class=\"selling-points__single__icon\">\n                            <\/div>\n                        <\/div>\n                    <\/div>\n                                    <\/div>\n                            <div class=\"selling-points__cta-wrapper\">\n                <a\n                    href=\"#\"\n                    data-scroll=\"section--dealers\"\n                    class=\"selling-points__cta\"\n                >\n                    Acheter maintenant\n                <\/a>\n            <\/div>\n            <\/div>\n<\/div>\n\n\n<div class=\"section--dealers wf-section\" id=\"dealers\">\n    <div class=\"container w-container\">\n        <div class=\"dealers__description-grid\">\n            <div class=\"dealers__desc-column\">\n                <h2 class=\"generic-typography__section-title\">\n                                                                                NOS <span class=\"collection__title__orange\">REVENDEURS<\/span>\n                <\/h2>\n                <h3 class=\"generic-typography__sub-title bottom--15\">\n                    Acheter maintenant\n                <\/h3>\n                <p class=\"generic-typography__paragraph\">\n                    Grand confort et grand design. Fauteuils de jeu Ranqer disponibles d\u00e8s maintenant. Am\u00e9liorez votre \u00e9quipement de jeu en choisissant l&#039;une des quatre chaises de jeu luxueuses.\n                <\/p>\n            <\/div>\n        <\/div>\n                    <div class=\"dealers__grid\">\n                                    <div class=\"dealers__single-dealer\">\n                        <a href=\"https:\/\/www.sbsupply.fr\/ranqer-monitor-mount-for-racing-simulator\" class=\"dealers__single__a w-inline-block\" target=\"_blank\" rel=\"noopener\">\n                            <img decoding=\"async\" src=\"https:\/\/www.ranqer.com\/wp-content\/uploads\/2021\/09\/sbsupply-logo-500x1000-1.png\" loading=\"lazy\" alt=\"\" class=\"dealers__single__logo-img\">\n                            <div class=\"dealers__single__details\">\n                                                            <div class=\"dealers__single__countries\">\n                                                                                                          <div class=\"dealers__single__countries__single\">France<\/div>\n                                                                <\/div>\n                              <img decoding=\"async\" src=\"https:\/\/www.ranqer.com\/wp-content\/themes\/vallonic-ranqer\/dist\/images\/vallonic__ranqer-com__icons__arrow-right__orange_143c2b49.svg\" loading=\"lazy\" alt=\"\" class=\"dealers__single__arrow-right\">\n                            <\/div>\n                        <\/a>\n                    <\/div>\n                                    <div class=\"dealers__single-dealer\">\n                        <a href=\"https:\/\/www.amazon.fr\/dp\/B0CM5912G9?&amp;linkCode=ll1&amp;tag=ranqer0a-21&amp;linkId=69d60d1840662c9a077735ef08abed7e&amp;language=fr_FR&amp;ref_=as_li_ss_tl\" class=\"dealers__single__a w-inline-block\" target=\"_blank\" rel=\"noopener\">\n                            <img decoding=\"async\" src=\"https:\/\/www.ranqer.com\/wp-content\/uploads\/2021\/09\/vallonic__ranqer-com__dealers__amazon2x.png\" loading=\"lazy\" alt=\"\" class=\"dealers__single__logo-img\">\n                            <div class=\"dealers__single__details\">\n                                                            <div class=\"dealers__single__countries\">\n                                                                                                          <div class=\"dealers__single__countries__single\">France<\/div>\n                                                                <\/div>\n                              <img decoding=\"async\" src=\"https:\/\/www.ranqer.com\/wp-content\/themes\/vallonic-ranqer\/dist\/images\/vallonic__ranqer-com__icons__arrow-right__orange_143c2b49.svg\" loading=\"lazy\" alt=\"\" class=\"dealers__single__arrow-right\">\n                            <\/div>\n                        <\/a>\n                    <\/div>\n                            <\/div>\n                            <\/div>\n<\/div>\n","protected":false},"excerpt":{"rendered":"","protected":false},"author":5,"featured_media":0,"parent":0,"menu_order":0,"comment_status":"closed","ping_status":"closed","template":"","meta":{"footnotes":""},"categories":[],"tags":[],"class_list":["post-9876","page","type-page","status-publish","hentry"],"_links":{"self":[{"href":"https:\/\/www.ranqer.com\/fr\/wp-json\/wp\/v2\/pages\/9876","targetHints":{"allow":["GET"]}}],"collection":[{"href":"https:\/\/www.ranqer.com\/fr\/wp-json\/wp\/v2\/pages"}],"about":[{"href":"https:\/\/www.ranqer.com\/fr\/wp-json\/wp\/v2\/types\/page"}],"author":[{"embeddable":true,"href":"https:\/\/www.ranqer.com\/fr\/wp-json\/wp\/v2\/users\/5"}],"replies":[{"embeddable":true,"href":"https:\/\/www.ranqer.com\/fr\/wp-json\/wp\/v2\/comments?post=9876"}],"version-history":[{"count":15,"href":"https:\/\/www.ranqer.com\/fr\/wp-json\/wp\/v2\/pages\/9876\/revisions"}],"predecessor-version":[{"id":15849,"href":"https:\/\/www.ranqer.com\/fr\/wp-json\/wp\/v2\/pages\/9876\/revisions\/15849"}],"wp:attachment":[{"href":"https:\/\/www.ranqer.com\/fr\/wp-json\/wp\/v2\/media?parent=9876"}],"wp:term":[{"taxonomy":"category","embeddable":true,"href":"https:\/\/www.ranqer.com\/fr\/wp-json\/wp\/v2\/categories?post=9876"},{"taxonomy":"post_tag","embeddable":true,"href":"https:\/\/www.ranqer.com\/fr\/wp-json\/wp\/v2\/tags?post=9876"}],"curies":[{"name":"wp","href":"https:\/\/api.w.org\/{rel}","templated":true}]}}