{"id":9834,"date":"2024-04-11T10:37:46","date_gmt":"2024-04-11T08:37:46","guid":{"rendered":"https:\/\/ranqer.com\/?page_id=9834"},"modified":"2024-05-02T10:55:21","modified_gmt":"2024-05-02T08:55:21","slug":"ranqer-tapis-pour-chaise-gaming-rgb","status":"publish","type":"page","link":"https:\/\/www.ranqer.com\/fr\/ranqer-tapis-pour-chaise-gaming-rgb\/","title":{"rendered":"Ranqer Gaming Chair Mat RGB"},"content":{"rendered":"<div class=\"section--product-highlight wf-section\">\n    <div class=\"container w-container\">\n      <div class=\"product-highlight__grid\">\n        <div class=\"product-highlight__column\">\n          <div class=\"product-highlight__image-wrapper\">\n              <img decoding=\"async\" src=\"https:\/\/www.ranqer.com\/wp-content\/uploads\/2024\/02\/Ranqer-chair-mat-RGB.png\" loading=\"lazy\" sizes=\"100vw\" alt=\"Tapis pour Chaise Gaming RGB RANQER\" class=\"product-highlight__img\">\n                                <img decoding=\"async\" src=\"https:\/\/www.ranqer.com\/wp-content\/themes\/vallonic-ranqer\/dist\/images\/vallonic__ranqer-com__product-highlight__backdrop-single-color2x_fceffc2a.png\" loading=\"lazy\" sizes=\"100vw\" alt=\"\" class=\"product-highlight__background\">\n                        <\/div>\n        <\/div>\n        <div class=\"product-highlight__column\">\n          <div class=\"product-highlight__details\">\n            <h2 class=\"product-highlight__h2\">\n                                                                ACCESSOIRES <span class=\"product-highlight__h2__orange\">GAMING<\/span>\n            <\/h2>\n            <h1 class=\"product-highlight__h1\">\n                Tapis pour Chaise Gaming RGB RANQER\n            <\/h1>\n            <p class=\"product-highlight__desc\">\n                Le tapis pour chaise gaming RGB de Ranqer vous permet de passer \u00e0 la vitesse sup\u00e9rieure en mati\u00e8re d&#039;exp\u00e9rience de jeu. Avec un \u00e9clairage RGB saisissant, notre tapis ajoute une atmosph\u00e8re immersive \u00e0 votre installation de jeu. Illuminez votre espace de jeu avec des effets de lumi\u00e8re personnalisables, en am\u00e9liorant l&#039;esth\u00e9tique de votre environnement. Con\u00e7u dans un souci de durabilit\u00e9 et de fonctionnalit\u00e9, notre tapis offre une surface stable et protectrice pour votre fauteuil de jeu tout en prot\u00e9geant vos sols. Son support antid\u00e9rapant garantit la stabilit\u00e9, tandis que son design \u00e9l\u00e9gant ajoute une touche de style \u00e0 tout espace de jeu. Am\u00e9liorez votre exp\u00e9rience de jeu avec le tapis pour chaise gaming RGB et plongez dans un monde de couleurs !\n            <\/p>\n            <a href=\"#\" data-scroll=\"section--dealers\" class=\"product-highlight__button\">\n                Shop Online\n            <\/a>\n            <div class=\"product-highlight__actions\">\n                                <a\n                      class=\"product-highlight__single-action\"\n                      href=\"#\"\n                      data-scroll=\"section--detail-shots\"\n                  >\n                      En savoir plus \u2192\n                  <\/a>\n                            \n            <\/div>\n          <\/div>\n        <\/div>\n      <\/div>\n    <\/div>\n            <div class=\"product-highlight__bottom-border\"><\/div>\n        \n    <img decoding=\"async\" src=\"https:\/\/www.ranqer.com\/wp-content\/themes\/vallonic-ranqer\/dist\/images\/vallonic__ranqer-com__product-highlight__decorative-elements_7b623bd8.svg\" loading=\"lazy\" alt=\"\" class=\"product-highlight__decoration\">\n<\/div>\n\n\n<div class=\"section--detail-shots wf-section\">\n    <div class=\"container w-container\">\n        <h2 class=\"generic-typography__section-title\">\n                                                LA QUALIT\u00c9 <span class=\"collection__title__orange\">PROMISED BY RANQER<\/span>\n        <\/h2>\n    <\/div>\n                                    \n\n              <div class=\"detail-shots__section is--first\">\n                  <div class=\"detail-shots__image-column\">\n                      <img decoding=\"async\" src=\"https:\/\/www.ranqer.com\/wp-content\/uploads\/2024\/04\/blanco_pagina_kopie_243_copy_274_1.jpg\" loading=\"lazy\" alt=\"\" class=\"detail-shots__single-image\">\n                  <\/div>\n                  <div class=\"detail-shots__desc-column is--right\">\n                      <div class=\"detail-shots__desc-column__inner is--right\">\n                          <h3 class=\"detail-shots__desc-title\">\n                              QUALIT\u00c9 PREMIUM\n                          <\/h3>\n                          <h4 class=\"generic-typography__sub-title bottom--15 top--0\">\n                              Con\u00e7u pour durer\n                          <\/h4>\n                          <p class=\"generic-typography__paragraph\">\n                              Fabriqu\u00e9 \u00e0 partir de mat\u00e9riaux robustes et de qualit\u00e9 premium, ce tapis gaming circulaire garantit une durabilit\u00e9 et une r\u00e9sistance \u00e0 long terme. Sa base antid\u00e9rapante en caoutchouc le maintient fermement en place, vous garantissant une exp\u00e9rience de jeu sans accroc et sans glissement. La surface en tissu lisse et r\u00e9sistant permet un d\u00e9placement fluide du fauteuil, prot\u00e9geant ainsi efficacement votre sol des exigences des sessions de jeu les plus intenses.\n                          <\/p>\n                      <\/div>\n                  <\/div>\n              <\/div>\n                                                            <div class=\"detail-shots__section \">\n                    <div class=\"detail-shots__desc-column is--left\">\n                        <div class=\"detail-shots__desc-column__inner is--left\">\n                            <h3 class=\"detail-shots__desc-title\">\n                                \u00c9CLAIRAGE RGB DYNAMIQUE\n                            <\/h3>\n                            <h4 class=\"generic-typography__sub-title bottom--15 top--0\">\n                                Illuminez votre set-up\n                            <\/h4>\n                            <p class=\"generic-typography__paragraph\">\n                                Ce tapis de jeu se distingue par son \u00e9clairage RGB captivant. Avec 9 choix de couleurs uniques et 4 modes d&#039;illumination RGB captivants, vous avez la libert\u00e9 d&#039;adapter l&#039;\u00e9clairage pour mettre en valeur votre set-up ou exprimer vos go\u00fbts personnels. Le passage d&#039;une couleur \u00e0 l&#039;autre s&#039;effectue en toute simplicit\u00e9 gr\u00e2ce \u00e0 un simple bouton situ\u00e9 sur le tapis.\n                            <\/p>\n                        <\/div>\n                    <\/div>\n                    <div class=\"detail-shots__image-column\">\n                        <img decoding=\"async\" src=\"https:\/\/www.ranqer.com\/wp-content\/uploads\/2024\/04\/blanco_pagina_kopie_243_copy_275_2.jpg\" loading=\"lazy\" alt=\"\" class=\"detail-shots__single-image\">\n                    <\/div>\n                <\/div>\n                        <\/div>\n\n\n<div class=\"section--double-p wf-section\">\n    <div class=\"container w-container\">\n        <div class=\"double-p__title-wrapper\">\n                            <h2 class=\"double-p__main-title is--large\">\n                                        AMENEZ VOTRE ESPACE DE JEU <strong class=\"double-p__main-title__orange\"> VERS LES SOMMETS<\/strong>\n                <\/h2>\n\n                <h3 class=\"double-p__main-title is--sub\">\n                                        <strong class=\"double-p__main-title__orange\">TAPIS POUR CHAISE GAMING RGB<\/strong> RANQER\n                <\/h3>\n                    <\/div>\n                    <div class=\"double-p__grid\">\n                                    <div class=\"double-p__block\">\n                        <h3 class=\"generic-typography__sub-title bottom--15 top--0\">Prot\u00e8ge ton sol et continue \u00e0 jouer<\/h3>\n                                                    <p class=\"generic-typography__paragraph\">\n                                <p class=\"p1\">D\u00e9couvrez le nouveau compagnon ultime de votre set-up gaming &#8211; le tapis pour chaise gaming. Dites adieu aux rayures, aux \u00e9raflures et \u00e0 l&rsquo;usure sur votre sol et faites place \u00e0 un mouvement fluide et sans effort pendant que vous conqu\u00e9rez des mondes virtuels. Sp\u00e9cialement con\u00e7u pour les joueurs, ce tapis r\u00e9sistant offre une base stable pour votre chaise de jeu, vous permettant de vous concentrer sur votre jeu sans vous soucier de glisser ou de d\u00e9raper.<\/p>\n\n                            <\/p>\n                                            <\/div>\n                                    <div class=\"double-p__block\">\n                        <h3 class=\"generic-typography__sub-title bottom--15 top--0\"><\/h3>\n                                                    <p class=\"generic-typography__paragraph\">\n                                <p class=\"p2\">Mais la fonctionnalit\u00e9 n&rsquo;est pas la seule chose que ce tapis a \u00e0 offrir. Son design fin et moderne ajoute une touche de sophistication \u00e0 toute configuration de jeu et fait passer votre espace au niveau sup\u00e9rieur. Que vous soyez un gamer professionnel, un amateur occasionnel ou quelque part entre les deux, le tapis de chaise de jeu est le compl\u00e9ment parfait \u00e0 votre arsenal de jeu<\/p>\n\n                            <\/p>\n                                            <\/div>\n                            <\/div>\n            <\/div>\n<\/div>\n\n\n<div class=\"section--selling-points  wf-section\">\n    <div class=\"container w-container\">\n                                <div class=\"selling-points__title\">\n                            <h2 class=\"generic-typography__section-title\">\n                    Nos <span class=\"collection__title__orange\">points forts<\/span>\n                <\/h2>\n                    <\/div>\n        <div class=\"selling-points__grid\">\n                                                <div class=\"selling-points__single\">\n                        <div class=\"selling-points__single__inner\">\n                            <div class=\"selling-points__single__text\">\n                                Tr\u00e8s ergonomique\n                            <\/div>\n                            <div class=\"selling-points__single__icon-wrapper\">\n                                <img decoding=\"async\" src=\"https:\/\/www.ranqer.com\/wp-content\/themes\/vallonic-ranqer\/dist\/images\/vallonic__ranqer-com__icons__ergonomic__orange_46a0c9d8.svg\" loading=\"lazy\" width=\"21\" alt=\"\" class=\"selling-points__single__icon\">\n                            <\/div>\n                        <\/div>\n                    <\/div>\n                                    <div class=\"selling-points__single\">\n                        <div class=\"selling-points__single__inner\">\n                            <div class=\"selling-points__single__text\">\n                                Inspir\u00e9 par la course automobile\n                            <\/div>\n                            <div class=\"selling-points__single__icon-wrapper\">\n                                <img decoding=\"async\" src=\"https:\/\/www.ranqer.com\/wp-content\/themes\/vallonic-ranqer\/dist\/images\/vallonic__ranqer-com__icons__racing__orange_7c54f02f.svg\" loading=\"lazy\" width=\"21\" alt=\"\" class=\"selling-points__single__icon\">\n                            <\/div>\n                        <\/div>\n                    <\/div>\n                                    <div class=\"selling-points__single\">\n                        <div class=\"selling-points__single__inner\">\n                            <div class=\"selling-points__single__text\">\n                                Design hollandais\n                            <\/div>\n                            <div class=\"selling-points__single__icon-wrapper\">\n                                <img decoding=\"async\" src=\"https:\/\/www.ranqer.com\/wp-content\/themes\/vallonic-ranqer\/dist\/images\/vallonic__ranqer-com__icons__design__orange_5cb9e4bc.svg\" loading=\"lazy\" width=\"21\" alt=\"\" class=\"selling-points__single__icon\">\n                            <\/div>\n                        <\/div>\n                    <\/div>\n                                    <\/div>\n                            <div class=\"selling-points__cta-wrapper\">\n                <a\n                    href=\"#\"\n                    data-scroll=\"section--dealers\"\n                    class=\"selling-points__cta\"\n                >\n                    Acheter maintenant\n                <\/a>\n            <\/div>\n            <\/div>\n<\/div>\n\n\n<div class=\"section--dealers wf-section\" id=\"dealers\">\n    <div class=\"container w-container\">\n        <div class=\"dealers__description-grid\">\n            <div class=\"dealers__desc-column\">\n                <h2 class=\"generic-typography__section-title\">\n                                                                                NOS <span class=\"collection__title__orange\">REVENDEURS<\/span>\n                <\/h2>\n                <h3 class=\"generic-typography__sub-title bottom--15\">\n                    Acheter maintenant\n                <\/h3>\n                <p class=\"generic-typography__paragraph\">\n                    Grand confort et grand design. Fauteuils de jeu Ranqer disponibles d\u00e8s maintenant. Am\u00e9liorez votre \u00e9quipement de jeu en choisissant l&#039;une des quatre chaises de jeu luxueuses.\n                <\/p>\n            <\/div>\n        <\/div>\n                    <div class=\"dealers__grid\">\n                                    <div class=\"dealers__single-dealer\">\n                        <a href=\"https:\/\/www.sbsupply.fr\/ranqer-gaming-chair-mat-rgb\" class=\"dealers__single__a w-inline-block\" target=\"_blank\" rel=\"noopener\">\n                            <img decoding=\"async\" src=\"https:\/\/www.ranqer.com\/wp-content\/uploads\/2021\/09\/sbsupply-logo-500x1000-1.png\" loading=\"lazy\" alt=\"\" class=\"dealers__single__logo-img\">\n                            <div class=\"dealers__single__details\">\n                                                            <div class=\"dealers__single__countries\">\n                                                                                                          <div class=\"dealers__single__countries__single\">France<\/div>\n                                                                        <div class=\"dealers__single__countries__single\">Belgique<\/div>\n                                                                <\/div>\n                              <img decoding=\"async\" src=\"https:\/\/www.ranqer.com\/wp-content\/themes\/vallonic-ranqer\/dist\/images\/vallonic__ranqer-com__icons__arrow-right__orange_143c2b49.svg\" loading=\"lazy\" alt=\"\" class=\"dealers__single__arrow-right\">\n                            <\/div>\n                        <\/a>\n                    <\/div>\n                            <\/div>\n                            <\/div>\n<\/div>\n\n\n<div class=\"section--product-downloads bottom--0 wf-section\">\n    <div class=\"container w-container\">\n        <div class=\"product-downloads__grid\">\n            <div class=\"product-downloads__column\">\n                <h2 class=\"generic-typography__section-title\">\n                                        FICHE PRODUIT\n                <\/h2>\n                <h3 class=\"generic-typography__sub-title bottom--15\">\n                    Caract\u00e9ristiques\n                <\/h3>\n                <p class=\"generic-typography__paragraph\">\n                    <p>Prot\u00e8ge votre sol des rayures<\/p>\n<p>Diam\u00e8tre de 100 cm<\/p>\n<p>\u00c9clairage RGB LED<\/p>\n<p>Convient \u00e0 tous les environnements<\/p>\n\n                <\/p>\n                <div class=\"product-downloads__actions-grid\">\n                                    <\/div>\n            <\/div>\n            <div class=\"product-downloads__column\">\n                <div class=\"product-downloads__decoration-wrapper\">\n                    <img decoding=\"async\" src=\"https:\/\/www.ranqer.com\/wp-content\/uploads\/2024\/04\/vallonic__ranqer-com__logo__full-orange_b536aaf5-1.png\" loading=\"lazy\" alt=\"\" class=\"product-downloads__decoration-img\">\n                <\/div>\n            <\/div>\n        <\/div>\n    <\/div>\n<\/div>\n","protected":false},"excerpt":{"rendered":"","protected":false},"author":5,"featured_media":0,"parent":0,"menu_order":0,"comment_status":"closed","ping_status":"closed","template":"","meta":{"footnotes":""},"categories":[],"tags":[],"class_list":["post-9834","page","type-page","status-publish","hentry"],"_links":{"self":[{"href":"https:\/\/www.ranqer.com\/fr\/wp-json\/wp\/v2\/pages\/9834","targetHints":{"allow":["GET"]}}],"collection":[{"href":"https:\/\/www.ranqer.com\/fr\/wp-json\/wp\/v2\/pages"}],"about":[{"href":"https:\/\/www.ranqer.com\/fr\/wp-json\/wp\/v2\/types\/page"}],"author":[{"embeddable":true,"href":"https:\/\/www.ranqer.com\/fr\/wp-json\/wp\/v2\/users\/5"}],"replies":[{"embeddable":true,"href":"https:\/\/www.ranqer.com\/fr\/wp-json\/wp\/v2\/comments?post=9834"}],"version-history":[{"count":12,"href":"https:\/\/www.ranqer.com\/fr\/wp-json\/wp\/v2\/pages\/9834\/revisions"}],"predecessor-version":[{"id":17123,"href":"https:\/\/www.ranqer.com\/fr\/wp-json\/wp\/v2\/pages\/9834\/revisions\/17123"}],"wp:attachment":[{"href":"https:\/\/www.ranqer.com\/fr\/wp-json\/wp\/v2\/media?parent=9834"}],"wp:term":[{"taxonomy":"category","embeddable":true,"href":"https:\/\/www.ranqer.com\/fr\/wp-json\/wp\/v2\/categories?post=9834"},{"taxonomy":"post_tag","embeddable":true,"href":"https:\/\/www.ranqer.com\/fr\/wp-json\/wp\/v2\/tags?post=9834"}],"curies":[{"name":"wp","href":"https:\/\/api.w.org\/{rel}","templated":true}]}}