{"id":9365,"date":"2024-02-07T17:25:21","date_gmt":"2024-02-07T16:25:21","guid":{"rendered":"https:\/\/ranqer.com\/?page_id=9365"},"modified":"2024-04-24T11:28:56","modified_gmt":"2024-04-24T09:28:56","slug":"ranqer-support-ecran-unique-pro","status":"publish","type":"page","link":"https:\/\/www.ranqer.com\/fr\/ranqer-support-ecran-unique-pro\/","title":{"rendered":"Ranqer Single arm Pro"},"content":{"rendered":"<div class=\"section--product-highlight wf-section\">\n    <div class=\"container w-container\">\n      <div class=\"product-highlight__grid\">\n        <div class=\"product-highlight__column\">\n          <div class=\"product-highlight__image-wrapper\">\n              <img decoding=\"async\" src=\"https:\/\/www.ranqer.com\/wp-content\/uploads\/2024\/02\/Ranqer-Monitor-Single-Arm-Pro-wit-1.png\" loading=\"lazy\" sizes=\"100vw\" alt=\"Support pour \u00e9cran unique Pro RANQER\" class=\"product-highlight__img\">\n                                <img decoding=\"async\" src=\"https:\/\/www.ranqer.com\/wp-content\/themes\/vallonic-ranqer\/dist\/images\/vallonic__ranqer-com__product-highlight__backdrop-single-color2x_fceffc2a.png\" loading=\"lazy\" sizes=\"100vw\" alt=\"\" class=\"product-highlight__background\">\n                        <\/div>\n        <\/div>\n        <div class=\"product-highlight__column\">\n          <div class=\"product-highlight__details\">\n            <h2 class=\"product-highlight__h2\">\n                                                                SUPPORT POUR \u00c9CRAN <span class=\"product-highlight__h2__orange\">ERGONOMIQUE<\/span>\n            <\/h2>\n            <h1 class=\"product-highlight__h1\">\n                Support pour \u00e9cran unique Pro RANQER\n            <\/h1>\n            <p class=\"product-highlight__desc\">\n                Am\u00e9liorez votre exp\u00e9rience de jeu ou optimisez votre espace de travail avec le Support pour \u00e9cran unique Pro de Ranqer. Con\u00e7u pour une flexibilit\u00e9 et une durabilit\u00e9 sans faille, ce support pour \u00e9cran \u00e9l\u00e9gant offre une capacit\u00e9 de r\u00e9glage in\u00e9gal\u00e9e, garantissant un confort ergonomique, que vous soyez dans le feu de l&#039;action ou en train d&#039;effectuer des t\u00e2ches quotidiennes. Dites adieu \u00e0 la fatigue cervicale et bonjour \u00e0 une productivit\u00e9 accrue gr\u00e2ce au support pour \u00e9cran unique Pro Ranqer.\n            <\/p>\n            <a href=\"#\" data-scroll=\"section--dealers\" class=\"product-highlight__button\">\n                Shop Online\n            <\/a>\n            <div class=\"product-highlight__actions\">\n                                <a\n                      class=\"product-highlight__single-action\"\n                      href=\"#\"\n                      data-scroll=\"detail-shots__section\"\n                  >\n                      En savoir plus \u2192\n                  <\/a>\n                            \n            <\/div>\n          <\/div>\n        <\/div>\n      <\/div>\n    <\/div>\n                        <div class=\"product-highlight__variations-wrapper\">\n            <div class=\"product-highlight__variations-inner\">\n                <h2 class=\"product-highlight__h2\">\n                                                                                Coloris\n                <\/h2>\n                                    <div class=\"product-highlight__variations\">\n                        \n                        <div class=\"product-highlight__variations__single\">\n                            <img decoding=\"async\" src=\"https:\/\/www.ranqer.com\/wp-content\/uploads\/2024\/02\/Ranqer-Monitor-Single-Arm-Pro-wit-1.png\" loading=\"lazy\" alt=\"\" class=\"product-highlight__variations__img\">\n                        <\/div>\n\n                        \n                                                  <div class=\"product-highlight__variations__single\">\n                              <img decoding=\"async\" src=\"https:\/\/www.ranqer.com\/wp-content\/uploads\/2024\/03\/Ranqer-Monitor-Single-Arm-Pro-space-grey-1.png\" loading=\"lazy\" alt=\"\" class=\"product-highlight__variations__img\">\n                          <\/div>\n                                            <\/div>\n                                <div class=\"product-highlight__variations__hint-wrapper\">\n                    <img decoding=\"async\" src=\"https:\/\/www.ranqer.com\/wp-content\/themes\/vallonic-ranqer\/dist\/images\/vallonic__ranqer-com__icons__cursor-pointer__88bec8_d23ff121.svg\" loading=\"lazy\" alt=\"\" class=\"product-highlight__variations__hint-icon\">\n                    <div class=\"product-highlight__variations__hint\">\n                        Cliquez pour agrandir\n                    <\/div>\n                <\/div>\n            <\/div>\n        <\/div>\n    \n    <img decoding=\"async\" src=\"https:\/\/www.ranqer.com\/wp-content\/themes\/vallonic-ranqer\/dist\/images\/vallonic__ranqer-com__product-highlight__decorative-elements_7b623bd8.svg\" loading=\"lazy\" alt=\"\" class=\"product-highlight__decoration\">\n<\/div>\n\n\n<div class=\"section--detail-shots wf-section\">\n    <div class=\"container w-container\">\n        <h2 class=\"generic-typography__section-title\">\n                                                LA QUALIT\u00c9 <span class=\"collection__title__orange\">OFFERTE PAR RANQER<\/span> \n        <\/h2>\n    <\/div>\n                                    \n\n              <div class=\"detail-shots__section is--first\">\n                  <div class=\"detail-shots__image-column\">\n                      <img decoding=\"async\" src=\"https:\/\/www.ranqer.com\/wp-content\/uploads\/2024\/03\/ranqer_monitor_arm_pro_single_space_gray_7-1.jpg\" loading=\"lazy\" alt=\"\" class=\"detail-shots__single-image\">\n                  <\/div>\n                  <div class=\"detail-shots__desc-column is--right\">\n                      <div class=\"detail-shots__desc-column__inner is--right\">\n                          <h3 class=\"detail-shots__desc-title\">\n                              DESIGN ESTH\u00c9TIQUE\n                          <\/h3>\n                          <h4 class=\"generic-typography__sub-title bottom--15 top--0\">\n                              Am\u00e9liorez votre espace de travail\n                          <\/h4>\n                          <p class=\"generic-typography__paragraph\">\n                              Le support pour \u00e9cran unique Pro de Ranqer incarne la durabilit\u00e9 \u00e0 son meilleur, avec une conception robuste m\u00e9ticuleusement con\u00e7ue pour r\u00e9sister aux rigueurs de l&#039;utilisation quotidienne. Con\u00e7u avec des mat\u00e9riaux de premi\u00e8re qualit\u00e9 et une construction de pr\u00e9cision.\n                          <\/p>\n                      <\/div>\n                  <\/div>\n              <\/div>\n                                                            <div class=\"detail-shots__section \">\n                    <div class=\"detail-shots__desc-column is--left\">\n                        <div class=\"detail-shots__desc-column__inner is--left\">\n                            <h3 class=\"detail-shots__desc-title\">\n                                AJUSTABILIT\u00c9\n                            <\/h3>\n                            <h4 class=\"generic-typography__sub-title bottom--15 top--0\">\n                                Positionnez votre moniteur dans diff\u00e9rents angles de vue\n                            <\/h4>\n                            <p class=\"generic-typography__paragraph\">\n                                D\u00e9couvrez l&#039;adaptabilit\u00e9 in\u00e9gal\u00e9e du support pour \u00e9cran unique Pro Ranqer pour r\u00e9volutionner votre espace de travail. M\u00e9ticuleusement con\u00e7u, ce support pour \u00e9cran offre des options de r\u00e9glage de la hauteur sur mesure, vous permettant d&#039;\u00e9lever ou d&#039;abaisser votre \u00e9cran sans effort pour r\u00e9pondre \u00e0 vos pr\u00e9f\u00e9rences pr\u00e9cises en mati\u00e8re de hauteur des yeux. Sa fonctionnalit\u00e9 d&#039;inclinaison avanc\u00e9e offre un contr\u00f4le in\u00e9gal\u00e9, vous permettant d&#039;incliner votre \u00e9cran avec finesse pour un confort visuel supr\u00eame, att\u00e9nuant la tension du cou et amplifiant la productivit\u00e9.\n                            <\/p>\n                        <\/div>\n                    <\/div>\n                    <div class=\"detail-shots__image-column\">\n                        <img decoding=\"async\" src=\"https:\/\/www.ranqer.com\/wp-content\/uploads\/2024\/03\/ranqer_monitor_arm_pro_single_space_gray_8-1.jpg\" loading=\"lazy\" alt=\"\" class=\"detail-shots__single-image\">\n                    <\/div>\n                <\/div>\n                                            \n\n              <div class=\"detail-shots__section \">\n                  <div class=\"detail-shots__image-column\">\n                      <img decoding=\"async\" src=\"https:\/\/www.ranqer.com\/wp-content\/uploads\/2024\/03\/ranqer_monitor_arm_pro_single_space_gray_4.jpg\" loading=\"lazy\" alt=\"\" class=\"detail-shots__single-image\">\n                  <\/div>\n                  <div class=\"detail-shots__desc-column is--right\">\n                      <div class=\"detail-shots__desc-column__inner is--right\">\n                          <h3 class=\"detail-shots__desc-title\">\n                              SYST\u00c8ME DE GESTION DES C\u00c2BLES\n                          <\/h3>\n                          <h4 class=\"generic-typography__sub-title bottom--15 top--0\">\n                              Cr\u00e9er un bureau d\u00e9sencombr\u00e9\n                          <\/h4>\n                          <p class=\"generic-typography__paragraph\">\n                              Ce support pour moniteur est dot\u00e9 d&#039;un syst\u00e8me de gestion des c\u00e2bles int\u00e9gr\u00e9, qui permet de garder votre espace de travail ordonn\u00e9 et organis\u00e9 en dissimulant les c\u00e2bles et les cordons, r\u00e9duisant ainsi l&#039;encombrement et am\u00e9liorant l&#039;esth\u00e9tique.\n                          <\/p>\n                      <\/div>\n                  <\/div>\n              <\/div>\n                        <\/div>\n\n\n<div class=\"section--double-p wf-section\">\n    <div class=\"container w-container\">\n        <div class=\"double-p__title-wrapper\">\n                            <h2 class=\"double-p__main-title is--large\">\n                                        R\u00c9D\u00c9FINIT LE CONFORT ET LA PRODUCTIVIT\u00c9\n                <\/h2>\n\n                <h3 class=\"double-p__main-title is--sub\">\n                                        SUPPORT POUR \u00c9CRAN <strong class=\"double-p__main-title__orange\"> ERGONOMIQUE<\/strong>\n                <\/h3>\n                    <\/div>\n                    <div class=\"double-p__grid\">\n                                    <div class=\"double-p__block\">\n                        <h3 class=\"generic-typography__sub-title bottom--15 top--0\">Pour les joueurs qui se respectent<\/h3>\n                                                    <p class=\"generic-typography__paragraph\">\n                                <p class=\"p1\">Que vous travailliez dans un open-space, \u00e0 domicile ou dans un bureau priv\u00e9, les supports Ranqer sont con\u00e7us pour offrir un aspect professionnel et un grand confort. Modernes, \u00e9l\u00e9gants et abordables \u2013 trois mots qui d\u00e9crivent parfaitement les support pour \u00e9crans Ranqer. Si vous voulez avoir l\u2019air d\u2019un joueur professionnel ou donner un coup de jeune \u00e0 votre bureau, vous trouverez le bras de moniteur qui vous convient. Outre le soutien incroyable qu\u2019ils offrent, les support pour \u00e9crans Ranqer ont un aspect moderne et intemporel.<\/p>\n\n                            <\/p>\n                                            <\/div>\n                                    <div class=\"double-p__block\">\n                        <h3 class=\"generic-typography__sub-title bottom--15 top--0\"><\/h3>\n                                                    <p class=\"generic-typography__paragraph\">Le support pour \u00e9cran Ranqer est un v\u00e9ritable multitasker dans votre espace de travail. Gr\u00e2ce \u00e0 sa polyvalence, il s\u2019adapte sans effort \u00e0 vos besoins. Que vous pr\u00e9f\u00e9riez un seul \u00e9cran pour une installation simplifi\u00e9e ou plusieurs \u00e9crans pour une productivit\u00e9 maximale, les supports pour \u00e9cran Ranqer offrent la flexibilit\u00e9 dont vous avez besoin. R\u00e9glable en hauteur, en inclinaison et en rotation, il offre des possibilit\u00e9s infinies pour positionner vos \u00e9crans exactement comme vous le souhaitez. D\u00e9couvrez la libert\u00e9 de personnaliser votre espace de travail avec le support pour \u00e9cran Ranqer.<\/p>\n\n                                            <\/div>\n                            <\/div>\n            <\/div>\n<\/div>\n\n\n<div class=\"section--selling-points  wf-section\">\n    <div class=\"container w-container\">\n                                <div class=\"selling-points__title\">\n                            <h2 class=\"generic-typography__section-title\">\n                    Nos <span class=\"collection__title__orange\">points forts<\/span>\n                <\/h2>\n                    <\/div>\n        <div class=\"selling-points__grid\">\n                                                <div class=\"selling-points__single\">\n                        <div class=\"selling-points__single__inner\">\n                            <div class=\"selling-points__single__text\">\n                                Tr\u00e8s ergonomique\n                            <\/div>\n                            <div class=\"selling-points__single__icon-wrapper\">\n                                <img decoding=\"async\" src=\"https:\/\/www.ranqer.com\/wp-content\/themes\/vallonic-ranqer\/dist\/images\/vallonic__ranqer-com__icons__ergonomic__orange_46a0c9d8.svg\" loading=\"lazy\" width=\"21\" alt=\"\" class=\"selling-points__single__icon\">\n                            <\/div>\n                        <\/div>\n                    <\/div>\n                                    <div class=\"selling-points__single\">\n                        <div class=\"selling-points__single__inner\">\n                            <div class=\"selling-points__single__text\">\n                                Inspir\u00e9 de la course automobile\n                            <\/div>\n                            <div class=\"selling-points__single__icon-wrapper\">\n                                <img decoding=\"async\" src=\"https:\/\/www.ranqer.com\/wp-content\/themes\/vallonic-ranqer\/dist\/images\/vallonic__ranqer-com__icons__racing__orange_7c54f02f.svg\" loading=\"lazy\" width=\"21\" alt=\"\" class=\"selling-points__single__icon\">\n                            <\/div>\n                        <\/div>\n                    <\/div>\n                                    <div class=\"selling-points__single\">\n                        <div class=\"selling-points__single__inner\">\n                            <div class=\"selling-points__single__text\">\n                                Design hollandais\n                            <\/div>\n                            <div class=\"selling-points__single__icon-wrapper\">\n                                <img decoding=\"async\" src=\"https:\/\/www.ranqer.com\/wp-content\/themes\/vallonic-ranqer\/dist\/images\/vallonic__ranqer-com__icons__design__orange_5cb9e4bc.svg\" loading=\"lazy\" width=\"21\" alt=\"\" class=\"selling-points__single__icon\">\n                            <\/div>\n                        <\/div>\n                    <\/div>\n                                    <\/div>\n                            <div class=\"selling-points__cta-wrapper\">\n                <a\n                    href=\"#\"\n                    data-scroll=\"section--dealers\"\n                    class=\"selling-points__cta\"\n                >\n                    Acheter maintenant\n                <\/a>\n            <\/div>\n            <\/div>\n<\/div>\n\n\n<div class=\"section--dealers wf-section\" id=\"dealers\">\n    <div class=\"container w-container\">\n        <div class=\"dealers__description-grid\">\n            <div class=\"dealers__desc-column\">\n                <h2 class=\"generic-typography__section-title\">\n                                                                                Nos <span class=\"collection__title__orange\">revendeurs<\/span>\n                <\/h2>\n                <h3 class=\"generic-typography__sub-title bottom--15\">\n                    Acheter maintenant\n                <\/h3>\n                <p class=\"generic-typography__paragraph\">\n                    Grand confort et grand design. Fauteuils de jeu Ranqer disponibles d\u00e8s maintenant. Am\u00e9liorez votre \u00e9quipement de jeu en choisissant l&#039;une des quatre chaises de jeu luxueuses.\n                <\/p>\n            <\/div>\n        <\/div>\n                    <div class=\"dealers__grid\">\n                                    <div class=\"dealers__single-dealer\">\n                        <a href=\"https:\/\/www.sbsupply.fr\/catalogsearch\/result\/?q=Ranqer+Monitor+Arm+Pro+Single\" class=\"dealers__single__a w-inline-block\" target=\"_blank\" rel=\"noopener\">\n                            <img decoding=\"async\" src=\"https:\/\/www.ranqer.com\/wp-content\/uploads\/2021\/09\/sbsupply-logo-500x1000-1.png\" loading=\"lazy\" alt=\"\" class=\"dealers__single__logo-img\">\n                            <div class=\"dealers__single__details\">\n                                                            <div class=\"dealers__single__countries\">\n                                                                                                          <div class=\"dealers__single__countries__single\">France<\/div>\n                                                                        <div class=\"dealers__single__countries__single\">Belgique<\/div>\n                                                                <\/div>\n                              <img decoding=\"async\" src=\"https:\/\/www.ranqer.com\/wp-content\/themes\/vallonic-ranqer\/dist\/images\/vallonic__ranqer-com__icons__arrow-right__orange_143c2b49.svg\" loading=\"lazy\" alt=\"\" class=\"dealers__single__arrow-right\">\n                            <\/div>\n                        <\/a>\n                    <\/div>\n                                    <div class=\"dealers__single-dealer\">\n                        <a href=\"https:\/\/partner.bol.com\/click\/click?p=2&amp;t=url&amp;s=1346370&amp;f=TXL&amp;url=https%3A%2F%2Fwww.bol.com%2Fnl%2Fnl%2Fp%2Franqer-pro-single-monitorbeugel-monitorarm-17-tot-32-inch-schermen-vesa-montage-kantelbaar-wit%2F9300000169746740%2F&amp;name=Ranqer%20Pro%20Single%20Monitorbeugel%20-%20Monitorarm%20-...\" class=\"dealers__single__a w-inline-block\" target=\"_blank\" rel=\"noopener\">\n                            <img decoding=\"async\" src=\"https:\/\/www.ranqer.com\/wp-content\/uploads\/2021\/10\/bolcom_logo_blauw_rgb.png\" loading=\"lazy\" alt=\"\" class=\"dealers__single__logo-img\">\n                            <div class=\"dealers__single__details\">\n                                                            <div class=\"dealers__single__countries\">\n                                                                                                          <div class=\"dealers__single__countries__single\">Belgique<\/div>\n                                                                <\/div>\n                              <img decoding=\"async\" src=\"https:\/\/www.ranqer.com\/wp-content\/themes\/vallonic-ranqer\/dist\/images\/vallonic__ranqer-com__icons__arrow-right__orange_143c2b49.svg\" loading=\"lazy\" alt=\"\" class=\"dealers__single__arrow-right\">\n                            <\/div>\n                        <\/a>\n                    <\/div>\n                                    <div class=\"dealers__single-dealer\">\n                        <a href=\"https:\/\/www.amazon.fr\/dp\/B0CRF737T8?&amp;linkCode=ll1&amp;tag=ranqer0a-21&amp;linkId=0e7132a346073865093aa0ea6a0aafe7&amp;language=fr_FR&amp;ref_=as_li_ss_tl\" class=\"dealers__single__a w-inline-block\" target=\"_blank\" rel=\"noopener\">\n                            <img decoding=\"async\" src=\"https:\/\/www.ranqer.com\/wp-content\/uploads\/2021\/09\/vallonic__ranqer-com__dealers__amazon2x.png\" loading=\"lazy\" alt=\"\" class=\"dealers__single__logo-img\">\n                            <div class=\"dealers__single__details\">\n                                                            <div class=\"dealers__single__countries\">\n                                                                                                          <div class=\"dealers__single__countries__single\">France<\/div>\n                                                                <\/div>\n                              <img decoding=\"async\" src=\"https:\/\/www.ranqer.com\/wp-content\/themes\/vallonic-ranqer\/dist\/images\/vallonic__ranqer-com__icons__arrow-right__orange_143c2b49.svg\" loading=\"lazy\" alt=\"\" class=\"dealers__single__arrow-right\">\n                            <\/div>\n                        <\/a>\n                    <\/div>\n                                    <div class=\"dealers__single-dealer\">\n                        <a href=\"https:\/\/www.cdiscount.com\/informatique\/accessoires-tablettes-tactiles\/ranqer-monitor-arm-pro-single-blanc\/f-1076908-ran1711470245473.html\" class=\"dealers__single__a w-inline-block\" target=\"_blank\" rel=\"noopener\">\n                            <img decoding=\"async\" src=\"https:\/\/www.ranqer.com\/wp-content\/uploads\/2024\/04\/pngwing.com_-e1623740798120-300x74-1.png\" loading=\"lazy\" alt=\"\" class=\"dealers__single__logo-img\">\n                            <div class=\"dealers__single__details\">\n                                                            <div class=\"dealers__single__countries\">\n                                                                                                          <div class=\"dealers__single__countries__single\">France<\/div>\n                                                                <\/div>\n                              <img decoding=\"async\" src=\"https:\/\/www.ranqer.com\/wp-content\/themes\/vallonic-ranqer\/dist\/images\/vallonic__ranqer-com__icons__arrow-right__orange_143c2b49.svg\" loading=\"lazy\" alt=\"\" class=\"dealers__single__arrow-right\">\n                            <\/div>\n                        <\/a>\n                    <\/div>\n                            <\/div>\n                            <\/div>\n<\/div>\n\n\n<div class=\"section--product-downloads bottom--0 wf-section\">\n    <div class=\"container w-container\">\n        <div class=\"product-downloads__grid\">\n            <div class=\"product-downloads__column\">\n                <h2 class=\"generic-typography__section-title\">\n                                        Fiche produit\n                <\/h2>\n                <h3 class=\"generic-typography__sub-title bottom--15\">\n                    Caract\u00e9ristiques\n                <\/h3>\n                <p class=\"generic-typography__paragraph\">\n                    <p>Adapt\u00e9 \u00e0 la taille de l&rsquo;\u00e9cran : 17&Prime;-32&Prime;.<\/p>\n<p>Convient aux \u00e9crans incurv\u00e9s : Oui<\/p>\n<p>Poids maximum (par \u00e9cran) : 2~9 kg<\/p>\n<p>Compatibilit\u00e9 VESA : 75&#215;75, 100&#215;100<\/p>\n<p>Plage d&rsquo;inclinaison : +80\u00b0~-45\u00b0<\/p>\n<p>Plage de rotation : +90\u00b0~-90\u00b0<\/p>\n<p>Rotation de l&rsquo;\u00e9cran : +180\u00b0~-180\u00b0<\/p>\n<p>Bras enti\u00e8rement d\u00e9ploy\u00e9 : 475 mm<\/p>\n\n                <\/p>\n                <div class=\"product-downloads__actions-grid\">\n                                    <\/div>\n            <\/div>\n            <div class=\"product-downloads__column\">\n                <div class=\"product-downloads__decoration-wrapper\">\n                    <img decoding=\"async\" src=\"https:\/\/www.ranqer.com\/wp-content\/uploads\/2024\/04\/vallonic__ranqer-com__logo__full-orange_b536aaf5-1.png\" loading=\"lazy\" alt=\"\" class=\"product-downloads__decoration-img\">\n                <\/div>\n            <\/div>\n        <\/div>\n    <\/div>\n<\/div>\n","protected":false},"excerpt":{"rendered":"","protected":false},"author":5,"featured_media":0,"parent":0,"menu_order":0,"comment_status":"closed","ping_status":"closed","template":"","meta":{"footnotes":""},"categories":[],"tags":[],"class_list":["post-9365","page","type-page","status-publish","hentry"],"_links":{"self":[{"href":"https:\/\/www.ranqer.com\/fr\/wp-json\/wp\/v2\/pages\/9365","targetHints":{"allow":["GET"]}}],"collection":[{"href":"https:\/\/www.ranqer.com\/fr\/wp-json\/wp\/v2\/pages"}],"about":[{"href":"https:\/\/www.ranqer.com\/fr\/wp-json\/wp\/v2\/types\/page"}],"author":[{"embeddable":true,"href":"https:\/\/www.ranqer.com\/fr\/wp-json\/wp\/v2\/users\/5"}],"replies":[{"embeddable":true,"href":"https:\/\/www.ranqer.com\/fr\/wp-json\/wp\/v2\/comments?post=9365"}],"version-history":[{"count":8,"href":"https:\/\/www.ranqer.com\/fr\/wp-json\/wp\/v2\/pages\/9365\/revisions"}],"predecessor-version":[{"id":15840,"href":"https:\/\/www.ranqer.com\/fr\/wp-json\/wp\/v2\/pages\/9365\/revisions\/15840"}],"wp:attachment":[{"href":"https:\/\/www.ranqer.com\/fr\/wp-json\/wp\/v2\/media?parent=9365"}],"wp:term":[{"taxonomy":"category","embeddable":true,"href":"https:\/\/www.ranqer.com\/fr\/wp-json\/wp\/v2\/categories?post=9365"},{"taxonomy":"post_tag","embeddable":true,"href":"https:\/\/www.ranqer.com\/fr\/wp-json\/wp\/v2\/tags?post=9365"}],"curies":[{"name":"wp","href":"https:\/\/api.w.org\/{rel}","templated":true}]}}