{"id":5028,"date":"2022-06-03T14:29:16","date_gmt":"2022-06-03T12:29:16","guid":{"rendered":"https:\/\/ranqer.com\/?page_id=5028"},"modified":"2025-07-24T15:36:08","modified_gmt":"2025-07-24T13:36:08","slug":"chaise-gamer-xl-et-grande-taille","status":"publish","type":"page","link":"https:\/\/www.ranqer.com\/fr\/chaise-gamer-xl-et-grande-taille\/","title":{"rendered":"Blog &#8211; Gaming chair for tall and heavier people"},"content":{"rendered":"\n<div class=\"wp-block-columns is-layout-flex wp-container-core-columns-is-layout-9d6595d7 wp-block-columns-is-layout-flex\">\n<div class=\"wp-block-column is-layout-flow wp-block-column-is-layout-flow\" style=\"flex-basis:100%\"><\/div>\n<\/div>\n\n\n<div class=\"section--full-width-image wf-section\">\n    \n    <div class=\"full-width-image__image-wrapper\">\n        <img decoding=\"async\" src=\"https:\/\/www.ranqer.com\/wp-content\/uploads\/2024\/07\/Banner_Ranqer_heavy_version2.png\" loading=\"lazy\" sizes=\"100vw\" alt=\"\" class=\"full-width-image__img\">\n    <\/div>\n\n            <img decoding=\"async\" src=\"https:\/\/www.ranqer.com\/wp-content\/themes\/vallonic-ranqer\/dist\/images\/vallonic__ranqer-com__decoration__divider-02_2f72479f.png\" loading=\"lazy\" alt=\"\" class=\"full-width-image__bottom-divider\">\n    <\/div>\n\n\n<div class=\"section--double-p wf-section\">\n    <div class=\"container w-container\">\n        <div class=\"double-p__title-wrapper\">\n                            <h2 class=\"double-p__main-title is--large\">\n                                        Chaise Gamer XL\n                <\/h2>\n\n                <h3 class=\"double-p__main-title is--sub\">\n                                        <strong class=\"double-p__main-title__orange\"> Laquelle dois-je choisir ? <\/strong>\n                <\/h3>\n                    <\/div>\n                    <div class=\"double-p__grid\">\n                                    <div class=\"double-p__block\">\n                        <h3 class=\"generic-typography__sub-title bottom--15 top--0\"><\/h3>\n                                                    <p class=\"generic-typography__paragraph\"><span style=\"font-weight: 400;\">Les chaises gaming pour les personnes plus grandes ou plus lourdes sont un probl\u00e8me en soi, presque toutes les chaises gaming que vous voyez sur vos gamers, streamers ou Youtubers pr\u00e9f\u00e9r\u00e9s, ont une limitation de taille et de poids qui ne convient pas \u00e0 tout le monde.<\/span><\/p>\n<p class=\"generic-typography__paragraph\"><span style=\"font-weight: 400;\">Mais ne vous inqui\u00e9tez pas, il existe d&rsquo;excellentes chaises gaming pour les personnes plus grandes et plus lourdes. Qui sont en fait plus confortables que leurs contreparties.\u00a0<\/span><\/p>\n<p class=\"generic-typography__paragraph\"><span style=\"font-weight: 400;\">Dans ce blog, nous vous indiquerons \u00e0 quoi vous devez faire attention lors de votre d\u00e9cision d&rsquo;achat et quelle chaise gaming est faite pour vous !<\/span><\/p>\n\n                                            <\/div>\n                            <\/div>\n            <\/div>\n<\/div>\n\n\n<div class=\"section--detail-shots wf-section\">\n    <div class=\"container w-container\">\n        <h2 class=\"generic-typography__section-title\">\n                                                \n        <\/h2>\n    <\/div>\n                                    \n\n              <div class=\"detail-shots__section is--first\">\n                  <div class=\"detail-shots__image-column\">\n                      <img decoding=\"async\" src=\"https:\/\/www.ranqer.com\/wp-content\/uploads\/2025\/07\/Untitled-design-21-1.png\" loading=\"lazy\" alt=\"\" class=\"detail-shots__single-image\">\n                  <\/div>\n                  <div class=\"detail-shots__desc-column is--right\">\n                      <div class=\"detail-shots__desc-column__inner is--right\">\n                          <h3 class=\"detail-shots__desc-title\">\n                              Ranqer Performance\n                          <\/h3>\n                          <h4 class=\"generic-typography__sub-title bottom--15 top--0\">\n                              \n                          <\/h4>\n                          <p class=\"generic-typography__paragraph\">\n                              Le Ranqer Performance est la chaise de gaming id\u00e9ale pour les personnes grandes et lourdes. Avec sa finition de haute qualit\u00e9, son rembourrage extra \u00e9pais et une capacit\u00e9 impressionnante de 200 kg, cette chaise offre une exp\u00e9rience de jeu, de travail et d&#039;apprentissage incomparable. Aucune autre chaise de gaming ne combine ces caract\u00e9ristiques avec un design \u00e9l\u00e9gant. Le Ranqer Performance fait partie des chaises les plus confortables disponibles. Bien qu&#039;il soit sp\u00e9cialement con\u00e7u pour les utilisateurs lourds, il offre \u00e9galement un confort exceptionnel aux joueurs de toutes morphologies. Gr\u00e2ce \u00e0 son v\u00e9rin \u00e0 gaz de classe 4 et \u00e0 sa base solide avec cinq roues, cette chaise de gaming est particuli\u00e8rement appr\u00e9ci\u00e9e des grands joueurs !\n                          <\/p>\n                      <\/div>\n                  <\/div>\n              <\/div>\n                        <\/div>\n\n\n\n<div class=\"wp-block-columns is-layout-flex wp-container-core-columns-is-layout-9d6595d7 wp-block-columns-is-layout-flex\">\n<div class=\"wp-block-column is-layout-flow wp-block-column-is-layout-flow\" style=\"flex-basis:100%\"><\/div>\n<\/div>\n\n\n<div class=\"section--double-p wf-section\">\n    <div class=\"container w-container\">\n        <div class=\"double-p__title-wrapper\">\n                            <h2 class=\"double-p__main-title\">\n                                        \n                <\/h2>\n                    <\/div>\n                    <div class=\"double-p__grid\">\n                                    <div class=\"double-p__block\">\n                        <h3 class=\"generic-typography__sub-title bottom--15 top--0\"><\/h3>\n                                                    <p class=\"generic-typography__paragraph\">\n                                <h2><strong>CARACT\u00c9RISTIQUES DU COMFORT<\/strong><\/h2>\n\n                            <\/p>\n                                            <\/div>\n                                    <div class=\"double-p__block\">\n                        <h3 class=\"generic-typography__sub-title bottom--15 top--0\"><\/h3>\n                                                    <p class=\"generic-typography__paragraph\">&#8211; Hauteur : 134-142 cm<br \/>\n&#8211; Accoudoirs r\u00e9glables<br \/>\n&#8211; Base en \u00e9toile<br \/>\n&#8211; V\u00e9rin \u00e0 gaz de classe 4<br \/>\n&#8211; Hauteur ajustable<br \/>\n&#8211; Si\u00e8ge ajustable<br \/>\n&#8211; Capacit\u00e9 de charge : jusqu&rsquo;\u00e0 200 kg<br \/>\n&#8211; Si\u00e8ge : largeur 51 cm, hauteur ajustable jusqu&rsquo;\u00e0 8 cm, profondeur 48 cm<br \/>\n&#8211; Dossier : largeur 46 cm, hauteur 78 cm<\/p>\n<p class=\"generic-typography__paragraph\">Cliquez ici pour le <a href=\"https:\/\/www.ranqer.com\/fr\/chaise-gaming-ranqer-comfort\/\" target=\"_blank\" rel=\"noopener\">Ranqer Comfort<\/a><\/p>\n\n                                            <\/div>\n                            <\/div>\n            <\/div>\n<\/div>\n\n\n<div class=\"section--detail-shots wf-section\">\n    <div class=\"container w-container\">\n        <h2 class=\"generic-typography__section-title\">\n                                                \n        <\/h2>\n    <\/div>\n                                    \n\n              <div class=\"detail-shots__section is--first\">\n                  <div class=\"detail-shots__image-column\">\n                      <img decoding=\"async\" src=\"https:\/\/www.ranqer.com\/wp-content\/uploads\/2022\/06\/gamestoel-voor-zware-mensen-ranqer-felix-2.jpg\" loading=\"lazy\" alt=\"\" class=\"detail-shots__single-image\">\n                  <\/div>\n                  <div class=\"detail-shots__desc-column is--right\">\n                      <div class=\"detail-shots__desc-column__inner is--right\">\n                          <h3 class=\"detail-shots__desc-title\">\n                              Ranqer Felix \n                          <\/h3>\n                          <h4 class=\"generic-typography__sub-title bottom--15 top--0\">\n                              \n                          <\/h4>\n                          <p class=\"generic-typography__paragraph\">\n                              Cette chaise gaming offre une exp\u00e9rience d&#039;assise de premi\u00e8re classe \u00e0 un prix abordable. Tous les composants et mat\u00e9riaux utilis\u00e9s dans cette s\u00e9rie ont \u00e9t\u00e9 soigneusement s\u00e9lectionn\u00e9s pour fournir le soutien que vous m\u00e9ritez pendant les longues sessions derri\u00e8re l&#039;ordinateur. M\u00eame si vous \u00eates un peu plus grand ! \n                          <\/p>\n                      <\/div>\n                  <\/div>\n              <\/div>\n                        <\/div>\n\n\n<div class=\"section--double-p wf-section\">\n    <div class=\"container w-container\">\n        <div class=\"double-p__title-wrapper\">\n                            <h2 class=\"double-p__main-title\">\n                                        \n                <\/h2>\n                    <\/div>\n                    <div class=\"double-p__grid\">\n                                    <div class=\"double-p__block\">\n                        <h3 class=\"generic-typography__sub-title bottom--15 top--0\"><\/h3>\n                                                    <p class=\"generic-typography__paragraph\">\n                                <h2><strong>CARACT\u00c9RISTIQUES<\/strong><strong> DU FELIX<\/strong><\/h2>\n<div id=\"gtx-trans\" style=\"position: absolute; left: 454px; top: -9.11111px;\">\n<div class=\"gtx-trans-icon\"><\/div>\n<\/div>\n\n                            <\/p>\n                                            <\/div>\n                                    <div class=\"double-p__block\">\n                        <h3 class=\"generic-typography__sub-title bottom--15 top--0\"><\/h3>\n                                                    <p class=\"generic-typography__paragraph\"><span style=\"font-weight: 400;\">&#8211; Appui-t\u00eate : (L) 32 x (H) 20 x (P) 9 cm<\/span><\/p>\n<p class=\"generic-typography__paragraph\"><span style=\"font-weight: 400;\">&#8211; Coussin lombaire : (L) 34 x (H) 20 x (P) 9 cm<\/span><\/p>\n<p class=\"generic-typography__paragraph\"><span style=\"font-weight: 400;\">&#8211; Dossier r\u00e9glable de 90 \u00e0 180\u00b0<\/span><\/p>\n<p class=\"generic-typography__paragraph\"><span style=\"font-weight: 400;\">&#8211; Largeur du dossier : 54 cm\u00a0<\/span><\/p>\n<p class=\"generic-typography__paragraph\"><span style=\"font-weight: 400;\">&#8211; Longueur du dossier : 82 cm\u00a0<\/span><\/p>\n<p class=\"generic-typography__paragraph\"><span style=\"font-weight: 400;\">&#8211; Accoudoirs r\u00e9glables 2D: 8 cm\u00a0<\/span><\/p>\n<p class=\"generic-typography__paragraph\"><span style=\"font-weight: 400;\">&#8211; Accoudoir \u00e0 accoudoir : 68 cm<\/span><\/p>\n<p class=\"generic-typography__paragraph\"><span style=\"font-weight: 400;\">&#8211; Accoudoir du plus bas au plus haut : 60-78 cm<\/span><\/p>\n<p class=\"generic-typography__paragraph\"><span style=\"font-weight: 400;\">&#8211; Dimensions de la chaise : (L) 68 x (H) 128-138 x (P) 72 cm<\/span><\/p>\n<p class=\"generic-typography__paragraph\"><span style=\"font-weight: 400;\">&#8211; Hauteur d&rsquo;assise minimale : 45 cm<\/span><\/p>\n<p class=\"generic-typography__paragraph\"><span style=\"font-weight: 400;\">&#8211; Hauteur d&rsquo;assise maximale : 55 cm<\/span><\/p>\n<p class=\"generic-typography__paragraph\"><span style=\"font-weight: 400;\">&#8211; Largeur de la surface d&rsquo;assise avec c\u00f4t\u00e9 : 54 cm<\/span><\/p>\n<p class=\"generic-typography__paragraph\"><span style=\"font-weight: 400;\">&#8211; Largeur de la surface d&rsquo;assise sans c\u00f4t\u00e9 : 38 cm<\/span><\/p>\n<p class=\"generic-typography__paragraph\"><span style=\"font-weight: 400;\">&#8211; Profondeur de la surface d&rsquo;assise : 50 cm<\/span><\/p>\n<p class=\"generic-typography__paragraph\"><span style=\"font-weight: 400;\">&#8211; Diam\u00e8tre de l&#8217;empattement de base : 73 cm<\/span><\/p>\n<p class=\"generic-typography__paragraph\"><span style=\"font-weight: 400;\">&#8211; Poids maximal : 150 kg<\/span><\/p>\n<p class=\"generic-typography__paragraph\">&nbsp;<\/p>\n<p class=\"generic-typography__paragraph\"><span style=\"font-weight: 400;\">La Chaise gamer <a href=\"https:\/\/ranqer.com\/fr\/ranqer-felix-gaming-stoel\/\" target=\"_blank\" rel=\"noopener\">Ranqer Felix\u00a0est disponible en diff\u00e9rentes couleurs<\/a><\/span><\/p>\n\n                                            <\/div>\n                            <\/div>\n            <\/div>\n<\/div>\n\n\n<div class=\"section--selling-points  wf-section\">\n    <div class=\"container w-container\">\n                                <div class=\"selling-points__title\">\n                            <h2 class=\"generic-typography__section-title\">\n                    Nos <span class=\"collection__title__orange\"> Atouts <\/span>\n                <\/h2>\n                    <\/div>\n        <div class=\"selling-points__grid\">\n                                                <div class=\"selling-points__single\">\n                        <div class=\"selling-points__single__inner\">\n                            <div class=\"selling-points__single__text\">\n                                Tr\u00e8s ergonomique\n                            <\/div>\n                            <div class=\"selling-points__single__icon-wrapper\">\n                                <img decoding=\"async\" src=\"https:\/\/www.ranqer.com\/wp-content\/themes\/vallonic-ranqer\/dist\/images\/vallonic__ranqer-com__icons__ergonomic__orange_46a0c9d8.svg\" loading=\"lazy\" width=\"21\" alt=\"\" class=\"selling-points__single__icon\">\n                            <\/div>\n                        <\/div>\n                    <\/div>\n                                    <div class=\"selling-points__single\">\n                        <div class=\"selling-points__single__inner\">\n                            <div class=\"selling-points__single__text\">\n                                Inspir\u00e9 par les voitures de course\n                            <\/div>\n                            <div class=\"selling-points__single__icon-wrapper\">\n                                <img decoding=\"async\" src=\"https:\/\/www.ranqer.com\/wp-content\/themes\/vallonic-ranqer\/dist\/images\/vallonic__ranqer-com__icons__racing__orange_7c54f02f.svg\" loading=\"lazy\" width=\"21\" alt=\"\" class=\"selling-points__single__icon\">\n                            <\/div>\n                        <\/div>\n                    <\/div>\n                                    <div class=\"selling-points__single\">\n                        <div class=\"selling-points__single__inner\">\n                            <div class=\"selling-points__single__text\">\n                                Con\u00e7u aux Pays-Bas\n                            <\/div>\n                            <div class=\"selling-points__single__icon-wrapper\">\n                                <img decoding=\"async\" src=\"https:\/\/www.ranqer.com\/wp-content\/themes\/vallonic-ranqer\/dist\/images\/vallonic__ranqer-com__icons__design__orange_5cb9e4bc.svg\" loading=\"lazy\" width=\"21\" alt=\"\" class=\"selling-points__single__icon\">\n                            <\/div>\n                        <\/div>\n                    <\/div>\n                                    <div class=\"selling-points__single\">\n                        <div class=\"selling-points__single__inner\">\n                            <div class=\"selling-points__single__text\">\n                                Confortable\n                            <\/div>\n                            <div class=\"selling-points__single__icon-wrapper\">\n                                <img decoding=\"async\" src=\"https:\/\/www.ranqer.com\/wp-content\/themes\/vallonic-ranqer\/dist\/images\/vallonic__ranqer-com__icons__ergonomic__orange_46a0c9d8.svg\" loading=\"lazy\" width=\"21\" alt=\"\" class=\"selling-points__single__icon\">\n                            <\/div>\n                        <\/div>\n                    <\/div>\n                                    <div class=\"selling-points__single\">\n                        <div class=\"selling-points__single__inner\">\n                            <div class=\"selling-points__single__text\">\n                                Haute qualit\u00e9\n                            <\/div>\n                            <div class=\"selling-points__single__icon-wrapper\">\n                                <img decoding=\"async\" src=\"https:\/\/www.ranqer.com\/wp-content\/themes\/vallonic-ranqer\/dist\/images\/vallonic__ranqer-com__icons__design__orange_5cb9e4bc.svg\" loading=\"lazy\" width=\"21\" alt=\"\" class=\"selling-points__single__icon\">\n                            <\/div>\n                        <\/div>\n                    <\/div>\n                                    <div class=\"selling-points__single\">\n                        <div class=\"selling-points__single__inner\">\n                            <div class=\"selling-points__single__text\">\n                                Garantie de 2 ans\n                            <\/div>\n                            <div class=\"selling-points__single__icon-wrapper\">\n                                <img decoding=\"async\" src=\"https:\/\/www.ranqer.com\/wp-content\/themes\/vallonic-ranqer\/dist\/images\/vallonic__ranqer-com__icons__design__orange_5cb9e4bc.svg\" loading=\"lazy\" width=\"21\" alt=\"\" class=\"selling-points__single__icon\">\n                            <\/div>\n                        <\/div>\n                    <\/div>\n                                    <\/div>\n                            <div class=\"selling-points__cta-wrapper\">\n                <a\n                    href=\"#\"\n                    data-scroll=\"section--dealers\"\n                    class=\"selling-points__cta\"\n                >\n                    Acheter maintenant\n                <\/a>\n            <\/div>\n            <\/div>\n<\/div>\n\n\n<div class=\"section--dealers wf-section\" id=\"dealers\">\n    <div class=\"container w-container\">\n        <div class=\"dealers__description-grid\">\n            <div class=\"dealers__desc-column\">\n                <h2 class=\"generic-typography__section-title\">\n                                                                                ACHETER <span class=\"collection__title__orange\"> MAINTENANT <\/span>\n                <\/h2>\n                <h3 class=\"generic-typography__sub-title bottom--15\">\n                    \n                <\/h3>\n                <p class=\"generic-typography__paragraph\">\n                    Design et confort de prestige \u00e0 petit prix ! Les chaises gaming Ranqer sont maintenant disponibles sur Amazon, SB Supply et Bol. Mettez \u00e0 jour votre setup gaming avec l&#039;un de nos fauteuils gamer de luxe. \n                <\/p>\n            <\/div>\n        <\/div>\n                    <div class=\"dealers__grid\">\n                                    <div class=\"dealers__single-dealer\">\n                        <a href=\"https:\/\/www.sbsupply.fr\/ranqer-comfort-gaming-chair-office-chair-tan-brown\" class=\"dealers__single__a w-inline-block\" target=\"_blank\" rel=\"noopener\">\n                            <img decoding=\"async\" src=\"https:\/\/www.ranqer.com\/wp-content\/uploads\/2021\/09\/sbsupply-logo-500x1000-1.png\" loading=\"lazy\" alt=\"\" class=\"dealers__single__logo-img\">\n                            <div class=\"dealers__single__details\">\n                                                            <div class=\"dealers__single__countries\">\n                                                                                                          <div class=\"dealers__single__countries__single\">France<\/div>\n                                                                <\/div>\n                              <img decoding=\"async\" src=\"https:\/\/www.ranqer.com\/wp-content\/themes\/vallonic-ranqer\/dist\/images\/vallonic__ranqer-com__icons__arrow-right__orange_143c2b49.svg\" loading=\"lazy\" alt=\"\" class=\"dealers__single__arrow-right\">\n                            <\/div>\n                        <\/a>\n                    <\/div>\n                                    <div class=\"dealers__single-dealer\">\n                        <a href=\"https:\/\/www.bol.com\/nl\/fr\/p\/ranqer-comfort-gamestoel-bureaustoel-bruin-tan-200kg-verstelbaar-4d-verstelbare-armleuningen-ademend-kunstleer-ergonomisch-bureaustoel-gamestoel\/9300000167669992\/?bltgh=nmobGuCUMZeORfpVWPBLUQ.2_6.9.ProductImage\" class=\"dealers__single__a w-inline-block\" target=\"_blank\" rel=\"noopener\">\n                            <img decoding=\"async\" src=\"https:\/\/www.ranqer.com\/wp-content\/uploads\/2021\/10\/bolcom_logo_blauw_rgb.png\" loading=\"lazy\" alt=\"\" class=\"dealers__single__logo-img\">\n                            <div class=\"dealers__single__details\">\n                                                            <div class=\"dealers__single__countries\">\n                                                                                                          <div class=\"dealers__single__countries__single\">Belgique<\/div>\n                                                                <\/div>\n                              <img decoding=\"async\" src=\"https:\/\/www.ranqer.com\/wp-content\/themes\/vallonic-ranqer\/dist\/images\/vallonic__ranqer-com__icons__arrow-right__orange_143c2b49.svg\" loading=\"lazy\" alt=\"\" class=\"dealers__single__arrow-right\">\n                            <\/div>\n                        <\/a>\n                    <\/div>\n                                    <div class=\"dealers__single-dealer\">\n                        <a href=\"https:\/\/www.amazon.fr\/Ranqer-Chaise-Bureau-Gaming-Confortable\/dp\/B0BTZB2F3P?ref_=ast_sto_dp\" class=\"dealers__single__a w-inline-block\" target=\"_blank\" rel=\"noopener\">\n                            <img decoding=\"async\" src=\"https:\/\/www.ranqer.com\/wp-content\/uploads\/2021\/09\/vallonic__ranqer-com__dealers__amazon2x.png\" loading=\"lazy\" alt=\"\" class=\"dealers__single__logo-img\">\n                            <div class=\"dealers__single__details\">\n                                                            <div class=\"dealers__single__countries\">\n                                                                                                          <div class=\"dealers__single__countries__single\">France<\/div>\n                                                                <\/div>\n                              <img decoding=\"async\" src=\"https:\/\/www.ranqer.com\/wp-content\/themes\/vallonic-ranqer\/dist\/images\/vallonic__ranqer-com__icons__arrow-right__orange_143c2b49.svg\" loading=\"lazy\" alt=\"\" class=\"dealers__single__arrow-right\">\n                            <\/div>\n                        <\/a>\n                    <\/div>\n                                    <div class=\"dealers__single-dealer\">\n                        <a href=\"https:\/\/www.fnac.com\/SearchResult\/ResultList.aspx?Search=Ranqer&amp;sft=1&amp;sa=0\" class=\"dealers__single__a w-inline-block\" target=\"_blank\" rel=\"noopener\">\n                            <img decoding=\"async\" src=\"https:\/\/www.ranqer.com\/wp-content\/uploads\/2023\/07\/fnac.png\" loading=\"lazy\" alt=\"\" class=\"dealers__single__logo-img\">\n                            <div class=\"dealers__single__details\">\n                                                            <div class=\"dealers__single__countries\">\n                                                                                                          <div class=\"dealers__single__countries__single\">France<\/div>\n                                                                <\/div>\n                              <img decoding=\"async\" src=\"https:\/\/www.ranqer.com\/wp-content\/themes\/vallonic-ranqer\/dist\/images\/vallonic__ranqer-com__icons__arrow-right__orange_143c2b49.svg\" loading=\"lazy\" alt=\"\" class=\"dealers__single__arrow-right\">\n                            <\/div>\n                        <\/a>\n                    <\/div>\n                            <\/div>\n                            <\/div>\n<\/div>\n","protected":false},"excerpt":{"rendered":"","protected":false},"author":5,"featured_media":0,"parent":0,"menu_order":0,"comment_status":"closed","ping_status":"closed","template":"","meta":{"footnotes":""},"categories":[],"tags":[],"class_list":["post-5028","page","type-page","status-publish","hentry"],"_links":{"self":[{"href":"https:\/\/www.ranqer.com\/fr\/wp-json\/wp\/v2\/pages\/5028","targetHints":{"allow":["GET"]}}],"collection":[{"href":"https:\/\/www.ranqer.com\/fr\/wp-json\/wp\/v2\/pages"}],"about":[{"href":"https:\/\/www.ranqer.com\/fr\/wp-json\/wp\/v2\/types\/page"}],"author":[{"embeddable":true,"href":"https:\/\/www.ranqer.com\/fr\/wp-json\/wp\/v2\/users\/5"}],"replies":[{"embeddable":true,"href":"https:\/\/www.ranqer.com\/fr\/wp-json\/wp\/v2\/comments?post=5028"}],"version-history":[{"count":50,"href":"https:\/\/www.ranqer.com\/fr\/wp-json\/wp\/v2\/pages\/5028\/revisions"}],"predecessor-version":[{"id":18544,"href":"https:\/\/www.ranqer.com\/fr\/wp-json\/wp\/v2\/pages\/5028\/revisions\/18544"}],"wp:attachment":[{"href":"https:\/\/www.ranqer.com\/fr\/wp-json\/wp\/v2\/media?parent=5028"}],"wp:term":[{"taxonomy":"category","embeddable":true,"href":"https:\/\/www.ranqer.com\/fr\/wp-json\/wp\/v2\/categories?post=5028"},{"taxonomy":"post_tag","embeddable":true,"href":"https:\/\/www.ranqer.com\/fr\/wp-json\/wp\/v2\/tags?post=5028"}],"curies":[{"name":"wp","href":"https:\/\/api.w.org\/{rel}","templated":true}]}}