{"id":4889,"date":"2022-06-03T14:35:10","date_gmt":"2022-06-03T12:35:10","guid":{"rendered":"https:\/\/ranqer.com\/?page_id=4889"},"modified":"2024-04-18T15:07:54","modified_gmt":"2024-04-18T13:07:54","slug":"comment-entretenir-ma-chaise-gaming","status":"publish","type":"page","link":"https:\/\/www.ranqer.com\/fr\/comment-entretenir-ma-chaise-gaming\/","title":{"rendered":"Blog &#8211; How to maintain my gaming chair?"},"content":{"rendered":"\n<div class=\"wp-block-columns is-layout-flex wp-container-core-columns-is-layout-9d6595d7 wp-block-columns-is-layout-flex\">\n<div class=\"wp-block-column is-layout-flow wp-block-column-is-layout-flow\" style=\"flex-basis:100%\"><\/div>\n<\/div>\n\n\n<div class=\"section--full-width-image wf-section\">\n    \n    <div class=\"full-width-image__image-wrapper\">\n        <img decoding=\"async\" src=\"https:\/\/www.ranqer.com\/wp-content\/uploads\/2022\/06\/gamestoel-onderhouden.jpg\" loading=\"lazy\" sizes=\"100vw\" alt=\"\" class=\"full-width-image__img\">\n    <\/div>\n\n            <img decoding=\"async\" src=\"https:\/\/www.ranqer.com\/wp-content\/themes\/vallonic-ranqer\/dist\/images\/vallonic__ranqer-com__decoration__divider-02_2f72479f.png\" loading=\"lazy\" alt=\"\" class=\"full-width-image__bottom-divider\">\n    <\/div>\n\n\n<div class=\"section--double-p wf-section\">\n    <div class=\"container w-container\">\n        <div class=\"double-p__title-wrapper\">\n                            <h2 class=\"double-p__main-title is--large\">\n                                        Entretien de ma chaise gamer\n                <\/h2>\n\n                <h3 class=\"double-p__main-title is--sub\">\n                                        <strong class=\"double-p__main-title__orange\">Que faut-il faire ? <\/strong>\n                <\/h3>\n                    <\/div>\n                    <div class=\"double-p__grid\">\n                                    <div class=\"double-p__block\">\n                        <h3 class=\"generic-typography__sub-title bottom--15 top--0\"><\/h3>\n                                                    <p class=\"generic-typography__paragraph\">Bien s\u00fbr, tout le monde veut profiter de sa chaise Ranqer pr\u00e9f\u00e9r\u00e9e le plus longtemps possible. Voici quelques conseils de Ranqer sur la fa\u00e7on de faire revivre sa chaise gamer, car ce serait vraiment bien de pouvoir garder sa chaise gaming comme neuve pendant des mois, n&rsquo;est-ce pas?<\/p>\n<p class=\"generic-typography__paragraph\">&nbsp;<\/p>\n<p class=\"generic-typography__paragraph\">Vous \u00eates curieux de savoir comment faire et \u00e0 quoi il faut faire attention ? D\u00e9couvrez ici les \u00e9tapes \u00e0 suivre dans ce blog !<\/p>\n\n                                            <\/div>\n                            <\/div>\n            <\/div>\n<\/div>\n\n\n<div class=\"section--detail-shots wf-section\">\n    <div class=\"container w-container\">\n        <h2 class=\"generic-typography__section-title\">\n                                                LE PLAN D&rsquo;ATTAQUE <span class=\"collection__title__orange\"> ULTIME <\/span>\n        <\/h2>\n    <\/div>\n                                    \n\n              <div class=\"detail-shots__section is--first\">\n                  <div class=\"detail-shots__image-column\">\n                      <img decoding=\"async\" src=\"https:\/\/www.ranqer.com\/wp-content\/uploads\/2022\/06\/ranqer-vacuum.jpg\" loading=\"lazy\" alt=\"\" class=\"detail-shots__single-image\">\n                  <\/div>\n                  <div class=\"detail-shots__desc-column is--right\">\n                      <div class=\"detail-shots__desc-column__inner is--right\">\n                          <h3 class=\"detail-shots__desc-title\">\n                              \u00c9tape 1\n                          <\/h3>\n                          <h4 class=\"generic-typography__sub-title bottom--15 top--0\">\n                              Aspirer\n                          <\/h4>\n                          <p class=\"generic-typography__paragraph\">\n                              Utilisez un aspirateur pour enlever la poussi\u00e8re et les particules telles que les miettes. Passez l&#039;aspirateur sur le dossier, les accoudoirs et le si\u00e8ge. Changez ensuite l&#039;accessoire de l&#039;aspirateur pour atteindre les endroits difficiles \u00e0 atteindre, comme les interstices entre le si\u00e8ge et le dossier.\n                          <\/p>\n                      <\/div>\n                  <\/div>\n              <\/div>\n                                                            <div class=\"detail-shots__section \">\n                    <div class=\"detail-shots__desc-column is--left\">\n                        <div class=\"detail-shots__desc-column__inner is--left\">\n                            <h3 class=\"detail-shots__desc-title\">\n                                \u00c9tape 2\n                            <\/h3>\n                            <h4 class=\"generic-typography__sub-title bottom--15 top--0\">\n                                Le nettoyage \u00e0 l&#039;eau\n                            <\/h4>\n                            <p class=\"generic-typography__paragraph\">\n                                Il existe plusieurs fa\u00e7ons d&#039;enlever une tache. Tout d&#039;abord, essayez d&#039;utiliser un chiffon humide. Plus vous enlevez la tache rapidement, plus elle a de chances de dispara\u00eetre compl\u00e8tement. Mouillez un chiffon et tamponnez-le sur la t\u00e2che. Lorsque vous avez absorb\u00e9 la majeure partie du liquide, vous pouvez frotter l\u00e9g\u00e8rement la tache jusqu&#039;\u00e0 ce qu&#039;elle disparaisse. Toutes les chaises Ranqer sont recouvertes d&#039;un cuir PU durable, qui r\u00e9duit le risque de taches permanentes s&#039;il est trait\u00e9 \u00e0 temps.\n                            <\/p>\n                        <\/div>\n                    <\/div>\n                    <div class=\"detail-shots__image-column\">\n                        <img decoding=\"async\" src=\"https:\/\/www.ranqer.com\/wp-content\/uploads\/2022\/06\/ranqer-cleaning.jpg\" loading=\"lazy\" alt=\"\" class=\"detail-shots__single-image\">\n                    <\/div>\n                <\/div>\n                                            \n\n              <div class=\"detail-shots__section \">\n                  <div class=\"detail-shots__image-column\">\n                      <img decoding=\"async\" src=\"https:\/\/www.ranqer.com\/wp-content\/uploads\/2022\/06\/ranqer-package.jpg\" loading=\"lazy\" alt=\"\" class=\"detail-shots__single-image\">\n                  <\/div>\n                  <div class=\"detail-shots__desc-column is--right\">\n                      <div class=\"detail-shots__desc-column__inner is--right\">\n                          <h3 class=\"detail-shots__desc-title\">\n                              \u00c9tape 3\n                          <\/h3>\n                          <h4 class=\"generic-typography__sub-title bottom--15 top--0\">\n                              V\u00e9rifiez l&#039;\u00e9tiquette d&#039;entretien\n                          <\/h4>\n                          <p class=\"generic-typography__paragraph\">\n                              V\u00e9rifiez toujours l&#039;\u00e9tiquette d&#039;entretien de votre fauteuil de jeu Ranqer. Il existe diff\u00e9rents types de produits de nettoyage. Il peut s&#039;agir de solvants chimiques ou \u00e0 base d&#039;eau.\r\n\r\nAttention ! L&#039;utilisation du mauvais type de produit de nettoyage peut entra\u00eener des taches permanentes. Testez-le d&#039;abord sur une petite surface, comme le dessous de la chaise. \n                          <\/p>\n                      <\/div>\n                  <\/div>\n              <\/div>\n                        <\/div>\n\n\n<div class=\"section--double-p wf-section\">\n    <div class=\"container w-container\">\n        <div class=\"double-p__title-wrapper\">\n                            <h2 class=\"double-p__main-title\">\n                                        <strong class=\"double-p__main-title__orange\">\u00c9tape 4.<\/strong> Entretien avec un produit de nettoyage\n                <\/h2>\n                    <\/div>\n                    <div class=\"double-p__grid\">\n                                    <div class=\"double-p__block\">\n                        <h3 class=\"generic-typography__sub-title bottom--15 top--0\"><\/h3>\n                                                    <p class=\"generic-typography__paragraph\"><span style=\"font-weight: 400;\">Il existe diff\u00e9rents types de produits de nettoyage. Ils peuvent se pr\u00e9senter sous forme de liquide ou de poudre. Lisez toujours attentivement les instructions figurant sur l&rsquo;\u00e9tiquette du produit.\u00a0<\/span><\/p>\n<p class=\"generic-typography__paragraph\"><span style=\"font-weight: 400;\">Dans le cas d&rsquo;un produit de nettoyage \u00e0 base de produits chimiques, vous pouvez effectuer les \u00e9tapes suivantes :\u00a0<\/span><\/p>\n<ol>\n<li><span style=\"font-weight: 400;\"> Appliquez un peu de d\u00e9tergent sur un chiffon sec et utilisez-le pour enlever la ou les t\u00e2ches.\u00a0<\/span><\/li>\n<li><span style=\"font-weight: 400;\"> Humectez un chiffon propre et enlevez les r\u00e9sidus de solvant.\u00a0<\/span><\/li>\n<\/ol>\n<p class=\"generic-typography__paragraph\"><span style=\"font-weight: 400;\">Faites-le avec pr\u00e9caution pour \u00e9viter de nouvelles taches sur la chaise.\u00a0<\/span><\/p>\n<p class=\"generic-typography__paragraph\">&nbsp;<\/p>\n<p class=\"generic-typography__paragraph\"><span style=\"font-weight: 400;\">Si vous utilisez un produit de nettoyage \u00e0 base d&rsquo;eau, vous pouvez suivre les \u00e9tapes suivantes :<\/span><\/p>\n<ol>\n<li><span style=\"font-weight: 400;\"> Ajouter un d\u00e9tergent doux avec de l&rsquo;eau<\/span><\/li>\n<li><span style=\"font-weight: 400;\"> Utilisez l&rsquo;eau savonneuse pour humidifier un chiffon propre.<\/span><\/li>\n<li><span style=\"font-weight: 400;\"> Tamponnez doucement la tache pour l&rsquo;enlever. Essayez de frotter le moins possible pour \u00e9viter les dommages.\u00a0<\/span><\/li>\n<\/ol>\n<p class=\"generic-typography__paragraph\"><strong>Conseil<\/strong><span style=\"font-weight: 400;\"> : utilisez des lingettes en microfibres pour de meilleurs r\u00e9sultats. Les lingettes nettoyantes antimicrobiennes <\/span><span style=\"font-weight: 400;\">Whoosh<\/span><span style=\"font-weight: 400;\"> peuvent m\u00eame \u00eatre utilis\u00e9es jusqu&rsquo;\u00e0 50 fois.<\/span><\/p>\n<p class=\"generic-typography__paragraph\">&nbsp;<\/p>\n<p class=\"generic-typography__paragraph\"><strong>\u00c9tape suppl\u00e9mentaire<\/strong><span style=\"font-weight: 400;\"> : Si vous voulez donner \u00e0 votre chaise gaming une protection suppl\u00e9mentaire, vous pouvez appliquer un liquide de protection sur la surface de votre chaise.<\/span><\/p>\n\n                                            <\/div>\n                            <\/div>\n            <\/div>\n<\/div>\n\n\n<div class=\"section--double-p wf-section\">\n    <div class=\"container w-container\">\n        <div class=\"double-p__title-wrapper\">\n                            <h2 class=\"double-p__main-title\">\n                                        <strong class=\"double-p__main-title__orange\">\u00c9tape 5.<\/strong> Nettoyer les roues\n                <\/h2>\n                    <\/div>\n                    <div class=\"double-p__grid\">\n                                    <div class=\"double-p__block\">\n                        <h3 class=\"generic-typography__sub-title bottom--15 top--0\"><\/h3>\n                                                    <p class=\"generic-typography__paragraph\"><span style=\"font-weight: 400;\">Vous remarquez que vos roues ne roulent plus correctement ? Il est peut-\u00eatre temps de leur donner un coup de polish \u00e0 eux aussi.\u00a0<\/span><\/p>\n<p class=\"generic-typography__paragraph\"><span style=\"font-weight: 400;\">Retournez la chaise et retirez les roues de la base. Utilisez un objet pointu tel qu&rsquo;un couteau \u00e0 beurre pour enlever la salet\u00e9 dans et entre les roues. En glissant le couteau dans l&rsquo;espace entre la roue et l&rsquo;auvent, vous pouvez gratter toutes les salet\u00e9s.<\/span><\/p>\n<p class=\"generic-typography__paragraph\">&nbsp;<\/p>\n<p class=\"generic-typography__paragraph\"><span style=\"font-weight: 400;\">Ensuite, humidifier un chiffon et passez-le sur et entre les roues. De cette fa\u00e7on, vous pouvez enlever les derni\u00e8res salet\u00e9s. N&rsquo;oubliez pas d&rsquo;essuyer les roues avec un chiffon sec pour \u00e9viter que l&rsquo;humidit\u00e9 ne reste derri\u00e8re.<\/span><\/p>\n<p class=\"generic-typography__paragraph\"><span style=\"font-weight: 400;\">Fixez \u00e0 nouveau les roues \u00e0 la chaise et c&rsquo;est termin\u00e9 !<\/span><\/p>\n\n                                            <\/div>\n                            <\/div>\n            <\/div>\n<\/div>\n\n\n\n<div class=\"wp-block-columns is-layout-flex wp-container-core-columns-is-layout-9d6595d7 wp-block-columns-is-layout-flex\">\n<div class=\"wp-block-column is-layout-flow wp-block-column-is-layout-flow\" style=\"flex-basis:100%\"><\/div>\n<\/div>\n\n\n<div class=\"section--dealers wf-section\" id=\"dealers\">\n    <div class=\"container w-container\">\n        <div class=\"dealers__description-grid\">\n            <div class=\"dealers__desc-column\">\n                <h2 class=\"generic-typography__section-title\">\n                                                                                ACHETER <span class=\"collection__title__orange\"> MAINTENANT <\/span>\n                <\/h2>\n                <h3 class=\"generic-typography__sub-title bottom--15\">\n                    \n                <\/h3>\n                <p class=\"generic-typography__paragraph\">\n                    \n                <\/p>\n            <\/div>\n        <\/div>\n                    <div class=\"dealers__grid\">\n                                    <div class=\"dealers__single-dealer\">\n                        <a href=\"https:\/\/www.sbsupply.fr\/ranqer\" class=\"dealers__single__a w-inline-block\" target=\"_blank\" rel=\"noopener\">\n                            <img decoding=\"async\" src=\"https:\/\/www.ranqer.com\/wp-content\/uploads\/2021\/09\/sbsupply-logo-500x1000-1.png\" loading=\"lazy\" alt=\"\" class=\"dealers__single__logo-img\">\n                            <div class=\"dealers__single__details\">\n                                                            <div class=\"dealers__single__countries\">\n                                                                                                          <div class=\"dealers__single__countries__single\">France<\/div>\n                                                                <\/div>\n                              <img decoding=\"async\" src=\"https:\/\/www.ranqer.com\/wp-content\/themes\/vallonic-ranqer\/dist\/images\/vallonic__ranqer-com__icons__arrow-right__orange_143c2b49.svg\" loading=\"lazy\" alt=\"\" class=\"dealers__single__arrow-right\">\n                            <\/div>\n                        <\/a>\n                    <\/div>\n                                    <div class=\"dealers__single-dealer\">\n                        <a href=\"https:\/\/www.bol.com\/be\/fr\/b\/ranqer\/603579028\/\" class=\"dealers__single__a w-inline-block\" target=\"_blank\" rel=\"noopener\">\n                            <img decoding=\"async\" src=\"https:\/\/www.ranqer.com\/wp-content\/uploads\/2021\/10\/bolcom_logo_blauw_rgb.png\" loading=\"lazy\" alt=\"\" class=\"dealers__single__logo-img\">\n                            <div class=\"dealers__single__details\">\n                                                            <div class=\"dealers__single__countries\">\n                                                                                                          <div class=\"dealers__single__countries__single\">Belgique<\/div>\n                                                                <\/div>\n                              <img decoding=\"async\" src=\"https:\/\/www.ranqer.com\/wp-content\/themes\/vallonic-ranqer\/dist\/images\/vallonic__ranqer-com__icons__arrow-right__orange_143c2b49.svg\" loading=\"lazy\" alt=\"\" class=\"dealers__single__arrow-right\">\n                            <\/div>\n                        <\/a>\n                    <\/div>\n                                    <div class=\"dealers__single-dealer\">\n                        <a href=\"https:\/\/www.amazon.fr\/stores\/Ranqer\/page\/347FE352-F21D-4D14-9D60-52F1A9B96DAF\" class=\"dealers__single__a w-inline-block\" target=\"_blank\" rel=\"noopener\">\n                            <img decoding=\"async\" src=\"https:\/\/www.ranqer.com\/wp-content\/uploads\/2021\/09\/vallonic__ranqer-com__dealers__amazon2x.png\" loading=\"lazy\" alt=\"\" class=\"dealers__single__logo-img\">\n                            <div class=\"dealers__single__details\">\n                                                            <div class=\"dealers__single__countries\">\n                                                                                                          <div class=\"dealers__single__countries__single\">France<\/div>\n                                                                <\/div>\n                              <img decoding=\"async\" src=\"https:\/\/www.ranqer.com\/wp-content\/themes\/vallonic-ranqer\/dist\/images\/vallonic__ranqer-com__icons__arrow-right__orange_143c2b49.svg\" loading=\"lazy\" alt=\"\" class=\"dealers__single__arrow-right\">\n                            <\/div>\n                        <\/a>\n                    <\/div>\n                                    <div class=\"dealers__single-dealer\">\n                        <a href=\"https:\/\/www.fnac.com\/SearchResult\/ResultList.aspx?Search=Ranqer&amp;sft=1&amp;sa=0\" class=\"dealers__single__a w-inline-block\" target=\"_blank\" rel=\"noopener\">\n                            <img decoding=\"async\" src=\"https:\/\/www.ranqer.com\/wp-content\/uploads\/2023\/07\/fnac.png\" loading=\"lazy\" alt=\"\" class=\"dealers__single__logo-img\">\n                            <div class=\"dealers__single__details\">\n                                                            <div class=\"dealers__single__countries\">\n                                                                                                          <div class=\"dealers__single__countries__single\">France<\/div>\n                                                                <\/div>\n                              <img decoding=\"async\" src=\"https:\/\/www.ranqer.com\/wp-content\/themes\/vallonic-ranqer\/dist\/images\/vallonic__ranqer-com__icons__arrow-right__orange_143c2b49.svg\" loading=\"lazy\" alt=\"\" class=\"dealers__single__arrow-right\">\n                            <\/div>\n                        <\/a>\n                    <\/div>\n                            <\/div>\n                            <\/div>\n<\/div>\n","protected":false},"excerpt":{"rendered":"","protected":false},"author":5,"featured_media":0,"parent":0,"menu_order":0,"comment_status":"closed","ping_status":"closed","template":"","meta":{"footnotes":""},"categories":[],"tags":[],"class_list":["post-4889","page","type-page","status-publish","hentry"],"_links":{"self":[{"href":"https:\/\/www.ranqer.com\/fr\/wp-json\/wp\/v2\/pages\/4889","targetHints":{"allow":["GET"]}}],"collection":[{"href":"https:\/\/www.ranqer.com\/fr\/wp-json\/wp\/v2\/pages"}],"about":[{"href":"https:\/\/www.ranqer.com\/fr\/wp-json\/wp\/v2\/types\/page"}],"author":[{"embeddable":true,"href":"https:\/\/www.ranqer.com\/fr\/wp-json\/wp\/v2\/users\/5"}],"replies":[{"embeddable":true,"href":"https:\/\/www.ranqer.com\/fr\/wp-json\/wp\/v2\/comments?post=4889"}],"version-history":[{"count":62,"href":"https:\/\/www.ranqer.com\/fr\/wp-json\/wp\/v2\/pages\/4889\/revisions"}],"predecessor-version":[{"id":14463,"href":"https:\/\/www.ranqer.com\/fr\/wp-json\/wp\/v2\/pages\/4889\/revisions\/14463"}],"wp:attachment":[{"href":"https:\/\/www.ranqer.com\/fr\/wp-json\/wp\/v2\/media?parent=4889"}],"wp:term":[{"taxonomy":"category","embeddable":true,"href":"https:\/\/www.ranqer.com\/fr\/wp-json\/wp\/v2\/categories?post=4889"},{"taxonomy":"post_tag","embeddable":true,"href":"https:\/\/www.ranqer.com\/fr\/wp-json\/wp\/v2\/tags?post=4889"}],"curies":[{"name":"wp","href":"https:\/\/api.w.org\/{rel}","templated":true}]}}