{"id":4773,"date":"2022-06-03T14:54:56","date_gmt":"2022-06-03T12:54:56","guid":{"rendered":"https:\/\/ranqer.com\/?page_id=4773"},"modified":"2024-04-18T15:05:42","modified_gmt":"2024-04-18T13:05:42","slug":"la-bonne-posture-pour-une-chaise-gaming","status":"publish","type":"page","link":"https:\/\/www.ranqer.com\/fr\/la-bonne-posture-pour-une-chaise-gaming\/","title":{"rendered":"Blog &#8211; What is the correct sitting position for a gaming chair?"},"content":{"rendered":"<div class=\"section--full-width-image wf-section\">\n    \n    <div class=\"full-width-image__image-wrapper\">\n        <img decoding=\"async\" src=\"https:\/\/www.ranqer.com\/wp-content\/uploads\/2022\/06\/Juiste-houding-voor-een-gamestoel-2.jpg\" loading=\"lazy\" sizes=\"100vw\" alt=\"\" class=\"full-width-image__img\">\n    <\/div>\n\n            <img decoding=\"async\" src=\"https:\/\/www.ranqer.com\/wp-content\/themes\/vallonic-ranqer\/dist\/images\/vallonic__ranqer-com__decoration__divider-02_2f72479f.png\" loading=\"lazy\" alt=\"\" class=\"full-width-image__bottom-divider\">\n    <\/div>\n\n\n<div class=\"section--double-p wf-section\">\n    <div class=\"container w-container\">\n        <div class=\"double-p__title-wrapper\">\n                            <h2 class=\"double-p__main-title is--large\">\n                                        LA BONNE POSTURE <strong class=\"double-p__main-title__orange\"> POUR UNE CHAISE GAMING <\/strong>\n                <\/h2>\n\n                <h3 class=\"double-p__main-title is--sub\">\n                                        Pourquoi une chaise gaming  \/ <strong class=\"double-p__main-title__orange\"> un si\u00e8ge gamer ?\u00a0<\/strong>\n                <\/h3>\n                    <\/div>\n                    <div class=\"double-p__grid\">\n                                    <div class=\"double-p__block\">\n                        <h3 class=\"generic-typography__sub-title bottom--15 top--0\"><\/h3>\n                                                    <p class=\"generic-typography__paragraph\">De nos jours, une chaise gamer est indispensable pour votre setup gaming. Une chaise gamer est parfaite pour obtenir une meilleure exp\u00e9rience de jeu. Ces chaises sont con\u00e7ues pour que vous puissiez rester assis derri\u00e8re votre console pendant une longue p\u00e9riode sans avoir mal au dos ou au cou.Une bonne chaise gaming permet de s&rsquo;assurer que vous \u00eates toujours assis dans la bonne position, car si vous ne le faites pas, vous risquez de vous blesser.<\/p>\n\n                                            <\/div>\n                                    <div class=\"double-p__block\">\n                        <h3 class=\"generic-typography__sub-title bottom--15 top--0\"><\/h3>\n                                                    <p class=\"generic-typography__paragraph\">En outre, les chaises gaming fonctionnent aussi parfaitement en temps que chaises de bureau, et \u00e0 notre \u00e9poque, nous travaillons encore plus souvent \u00e0 domicile. M\u00eame lorsque vous travaillez \u00e0 domicile, il est important que vous vous asseyiez correctement sur votre chaise. Quelle est la bonne posture dans un si\u00e8ge gamer, et comment s&rsquo;assurer d&rsquo;avoir la bonne posture ?<\/p>\n\n                                            <\/div>\n                            <\/div>\n            <\/div>\n<\/div>\n\n\n<div class=\"section--double-p wf-section\">\n    <div class=\"container w-container\">\n        <div class=\"double-p__title-wrapper\">\n                            <h2 class=\"double-p__main-title\">\n                                        Composants importants des chaises gamer \n                <\/h2>\n                    <\/div>\n                    <div class=\"double-p__grid\">\n                                    <div class=\"double-p__block\">\n                        <h3 class=\"generic-typography__sub-title bottom--15 top--0\"><\/h3>\n                                                    <p class=\"generic-typography__paragraph\"><span style=\"font-weight: 400;\">Une chaise gaming se compose de plusieurs parties. Mais trois \u00e9l\u00e9ments d\u00e9terminent si vous avez ou non une bonne posture : l&rsquo;assise, le dossier et les accoudoirs.\u00a0<\/span><\/p>\n<ul>\n<li style=\"font-weight: 400;\" aria-level=\"1\"><b>L&rsquo;assise :<\/b><span style=\"font-weight: 400;\"> comme pour la profondeur d&rsquo;assise, il est important que l&rsquo;arri\u00e8re de vos genoux ne touche pas l&rsquo;avant de la chaise. Il devrait y avoir un petit espace ouvert. Gardez toujours vos genoux \u00e0 90\u00b0, c&rsquo;est mieux pour votre dos et pour vos jambes. Si elle est trop longue, vous ne pouvez pas non plus poser vos pieds sur le sol. Et ceci, \u00e0 son tour, est important pour ajuster correctement la hauteur du si\u00e8ge.<\/span><\/li>\n<li style=\"font-weight: 400;\" aria-level=\"1\"><b>Le dossier :<\/b><span style=\"font-weight: 400;\"> il doit s&rsquo;adapter parfaitement \u00e0 votre colonne vert\u00e9brale. Dans la plupart des cas, un dossier l\u00e9g\u00e8rement incurv\u00e9 offre une position assise optimale. Il est important que tout votre dos touche le dossier. Avec un fauteuil gamer ergonomique, vous pouvez r\u00e9gler tout cela vous-m\u00eame. Dans ce cas, choisissez une chaise gaming avec un dossier r\u00e9glable ou avec des coussins pour le dos et la nuque inclus.\u00a0<\/span><\/li>\n<li style=\"font-weight: 400;\" aria-level=\"1\"><b>Les accoudoirs :<\/b><span style=\"font-weight: 400;\"> la derni\u00e8re partie importante du fauteuil gamer est l&rsquo;accoudoir. Ils doivent pouvoir se d\u00e9placer avec vous lorsque vous travaillez \u00e0 la maison ou lorsque vous jouez. Ils doivent pouvoir monter, descendre et \u00eatre pliables. Vous devez \u00e9galement pr\u00eater attention \u00e0 la longueur des accoudoirs, ils doivent \u00eatre suffisamment longs et larges pour que vos coudes et vos avant-bras puissent s&rsquo;y reposer facilement. De pr\u00e9f\u00e9rence \u00e0 un angle de 90\u00b0. La hauteur id\u00e9ale pour vos accoudoirs est la m\u00eame que celle du bureau sur lequel vous \u00eates assis. Si tout cela est en ordre, \u00e9vitez les risques de douleurs au niveau du cou, des \u00e9paules et du dos. Une distinction est faite entre les diff\u00e9rents accoudoirs. Ils sont tous r\u00e9pertori\u00e9s ici :\u00a0<\/span><\/li>\n<li style=\"font-weight: 400;\" aria-level=\"1\"><span style=\"font-weight: 400;\">\u00a0<\/span><b>Accoudoir 1D :<\/b><span style=\"font-weight: 400;\"> L&rsquo;accoudoir 1D est uniquement r\u00e9glable en hauteur. Vous pouvez utiliser ces accoudoirs pour soutenir vos bras \u00e0 la bonne hauteur, dans un angle de 90\u00b0.\u00a0<\/span><\/li>\n<li style=\"font-weight: 400;\" aria-level=\"1\"><span style=\"font-weight: 400;\">\u00a0<\/span><b>Accoudoir 2D : <\/b><span style=\"font-weight: 400;\">L&rsquo;accoudoir 2D est r\u00e9glable en hauteur et en largeur. Avez-vous un torse large ou plut\u00f4t \u00e9troit ? Le r\u00e9glage de la largeur vous permet de positionner les accoudoirs plus pr\u00e8s ou plus loin de votre corps.<\/span><\/li>\n<li style=\"font-weight: 400;\" aria-level=\"1\"><span style=\"font-weight: 400;\">\u00a0<\/span><b>Accoudoir 3D :<\/b><span style=\"font-weight: 400;\"> L&rsquo;accoudoir 3D est r\u00e9glable en hauteur, en largeur et en profondeur. Le haut de l&rsquo;accoudoir peut \u00eatre gliss\u00e9 vers l&rsquo;avant ou l&rsquo;arri\u00e8re. Cela vous permet de d\u00e9terminer la distance entre l&rsquo;accoudoir et le bureau pour une position assise ergonomique.<\/span><\/li>\n<li style=\"font-weight: 400;\" aria-level=\"1\"><span style=\"font-weight: 400;\">\u00a0<\/span><b>Accoudoir 4D : <\/b><span style=\"font-weight: 400;\">L&rsquo;accoudoir 4D est r\u00e9glable en hauteur, largeur et profondeur et dispose d&rsquo;un coussin d&rsquo;accoudoir rotatif. Vous pouvez tourner le support l\u00e9g\u00e8rement vers l&rsquo;int\u00e9rieur lorsque vous tapez ou vers l&rsquo;ext\u00e9rieur lorsque vous utilisez beaucoup la souris. De cette fa\u00e7on, votre bras b\u00e9n\u00e9ficie toujours d&rsquo;un soutien total.<\/span><\/li>\n<\/ul>\n\n                                            <\/div>\n                            <\/div>\n            <\/div>\n<\/div>\n\n\n\n<div class=\"wp-block-columns is-layout-flex wp-container-core-columns-is-layout-9d6595d7 wp-block-columns-is-layout-flex\">\n<div class=\"wp-block-column is-layout-flow wp-block-column-is-layout-flow\" style=\"flex-basis:100%\"><div class=\"section--double-p wf-section\">\n    <div class=\"container w-container\">\n        <div class=\"double-p__title-wrapper\">\n                            <h2 class=\"double-p__main-title\">\n                                        Aspects importants d&rsquo;une chaise gaming\n                <\/h2>\n                    <\/div>\n                    <div class=\"double-p__grid\">\n                                    <div class=\"double-p__block\">\n                        <h3 class=\"generic-typography__sub-title bottom--15 top--0\"><\/h3>\n                                                    <p class=\"generic-typography__paragraph\"><span style=\"font-weight: 400;\">\u00c0 c\u00f4t\u00e9 de l&rsquo;ergonomie d&rsquo;une chaise gaming, d&rsquo;autres aspects sont importants pour une bonne chaise gaming : la hauteur, la profondeur et la largeur de l&rsquo;assise.<\/span><\/p>\n<ul>\n<li style=\"font-weight: 400;\" aria-level=\"1\"><b>Hauteur d&rsquo;assise :<\/b><span style=\"font-weight: 400;\">Bien entendu, la hauteur d&rsquo;assise correcte varie en fonction de la taille de la personne assise sur la chaise. Mais il existe plusieurs aspects importants qui permettent de s&rsquo;assurer que vous \u00eates toujours assis \u00e0 la bonne hauteur. Vous devez pouvoir vous asseoir avec le dos fermement appuy\u00e9 contre le dossier et, en m\u00eame temps, poser les deux pieds \u00e0 plat sur le sol. Si ce n&rsquo;est pas le cas, ajustez la hauteur de votre chaise. Assurez-vous \u00e9galement qu&rsquo;il y a encore de la place entre le si\u00e8ge et le haut de vos jambes. Vous devez pouvoir placer vos mains sous vos cuisses et avoir vos pieds \u00e0 plat sur le sol. Si vous n&rsquo;y arrivez pas, cela peut causer des blessures. Si vous \u00eates tr\u00e8s grand et que vous cherchez une chaise gaming, recherchez des chaises sp\u00e9cialement con\u00e7ues pour les <\/span><span style=\"font-weight: 400;\">personnes de grande taille<\/span><span style=\"font-weight: 400;\">.<\/span><\/li>\n<li style=\"font-weight: 400;\" aria-level=\"1\"><b>Profondeur de l&rsquo;assise :<\/b><span style=\"font-weight: 400;\">la profondeur de l&rsquo;assise a tout \u00e0 voir avec la fa\u00e7on dont vos jambes sont plac\u00e9es sur la chaise. Une bonne profondeur d&rsquo;assise est obtenue en pla\u00e7ant le dos contre le dossier et en s&rsquo;asseyant \u00e0 fond. L&rsquo;arri\u00e8re de vos genoux ne doit pas toucher l&rsquo;avant de la chaise, il doit y avoir un petit espace ouvert. Si vous n&rsquo;\u00eates pas tr\u00e8s grand et qu&rsquo;il n&rsquo;y a pas d&rsquo;espace entre l&rsquo;arri\u00e8re de votre genou et l&rsquo;avant de la chaise, consultez des chaises pour personnes plus petites. V\u00e9rifiez les chaises pour les <\/span><span style=\"font-weight: 400;\">personnes de petite taille<\/span><span style=\"font-weight: 400;\">.<\/span><b>\u00a0<\/b><\/li>\n<li style=\"font-weight: 400;\" aria-level=\"1\"><b>Largeur du si\u00e8ge :<\/b><span style=\"font-weight: 400;\"> La largeur de vos hanches est importante pour la largeur du si\u00e8ge. Si vous pouvez vous asseoir confortablement sur le si\u00e8ge de la chaise de jeu, sans que les c\u00f4t\u00e9s de vos jambes touchent les accoudoirs, vous avez la largeur de si\u00e8ge parfaite. Si ce n&rsquo;est pas le cas, vous pouvez toujours vous tourner vers le Ranqer Performance, ce mod\u00e8le est encore plus large et a une capacit\u00e9 de charge maximale de 200 kg.<\/span><\/li>\n<\/ul>\n<p style=\"text-align: left;\"><span style=\"font-weight: 400;\">Si ces trois parties ne sont pas correctes, cela peut provoquer des blessures. Regardez donc bien les sp\u00e9cifications du fauteuil si vous voulez vous en d\u00e9barrasser. Et assurez-vous de r\u00e9gler la chaise pour qu&rsquo;elle vous convienne parfaitement.<\/span><\/p>\n\n                                            <\/div>\n                            <\/div>\n            <\/div>\n<\/div>\n<\/div>\n<\/div>\n\n\n<div class=\"section--double-p wf-section\">\n    <div class=\"container w-container\">\n        <div class=\"double-p__title-wrapper\">\n                            <h2 class=\"double-p__main-title\">\n                                        Quelle est la meilleure fa\u00e7on de s&rsquo;asseoir sur une chaise gaming ? \n                <\/h2>\n                    <\/div>\n                    <div class=\"double-p__grid\">\n                                    <div class=\"double-p__block\">\n                        <h3 class=\"generic-typography__sub-title bottom--15 top--0\"><\/h3>\n                                                    <p class=\"generic-typography__paragraph\"><span style=\"font-weight: 400;\">En bref : assurez-vous que vos pieds sont \u00e0 plat sur le sol. L&rsquo;arri\u00e8re de vos genoux ne doit pas toucher l&rsquo;avant de la chaise. Assurez-vous que vous avez suffisamment d&rsquo;espace pour vous d\u00e9placer entre les dossiers. Toute votre colonne vert\u00e9brale doit \u00eatre en contact avec le dossier et vos accoudoirs doivent \u00eatre r\u00e9gl\u00e9s \u00e0 la bonne hauteur. Si tout cela est correct, vous minimiser les risques de douleurs au niveau du cou, des \u00e9paules et du dos.<\/span><\/p>\n\n                                            <\/div>\n                            <\/div>\n            <\/div>\n<\/div>\n\n\n<div class=\"section--double-p wf-section\">\n    <div class=\"container w-container\">\n        <div class=\"double-p__title-wrapper\">\n                            <h2 class=\"double-p__main-title\">\n                                        Pourquoi une chaise gaming \/ un si\u00e8ge gamer ? \n                <\/h2>\n                    <\/div>\n                    <div class=\"double-p__grid\">\n                                    <div class=\"double-p__block\">\n                        <h3 class=\"generic-typography__sub-title bottom--15 top--0\"><\/h3>\n                                                    <p class=\"generic-typography__paragraph\"><span style=\"font-weight: 400;\">Une chaise gaming pr\u00e9sente plusieurs avantages par rapport aux chaises de bureau ordinaires. Tout d&rsquo;abord, ils sont ergonomiques. Cela signifie que les chaises peuvent \u00eatre adapt\u00e9es aux circonstances et aux caract\u00e9ristiques des personnes, ce qui leur permet de fonctionner de mani\u00e8re optimale. Pourquoi est-ce important ? Chacun a une constitution diff\u00e9rente. Une chaise non ergonomique peut convenir \u00e0 une personne, mais pas \u00e0 une autre. Une chaise gaming peut \u00eatre r\u00e9gl\u00e9e de telle mani\u00e8re qu&rsquo;elle s&rsquo;adapte parfaitement \u00e0 presque tout le monde !\u00a0<\/span><\/p>\n<p class=\"generic-typography__paragraph\"><span style=\"font-weight: 400;\">Les chaises gaming sont recouvertes de coussins qui \u00e9pousent bien votre corps. Les si\u00e8ges sont souvent \u00e9quip\u00e9s d&rsquo;un coussin suppl\u00e9mentaire r\u00e9glable pour la nuque et le dos. Ceux-ci peuvent \u00eatre r\u00e9gl\u00e9s de mani\u00e8re \u00e0 ce que vous soyez toujours assis confortablement, m\u00eame si vous devez adopter la m\u00eame position pendant longtemps. S&rsquo;asseoir confortablement \u00e0 tout moment r\u00e9duit \u00e9galement le stress. Si vous \u00eates au milieu d&rsquo;un jeu \u00e0 glacer le sang ou si vous avez une longue journ\u00e9e de travail \u00e0 la maison, avoir des probl\u00e8mes de dos ou de cou peut \u00eatre source de stress.\u00a0<\/span><\/p>\n<p class=\"generic-typography__paragraph\"><span style=\"font-weight: 400;\">Vous voulez en savoir plus sur la transformation d&rsquo;une chaise gaming en chaise de bureau ? Jetez un coup d&rsquo;\u0153il au Ranqer Felix Office. Cette chaise est la combinaison parfaite d&rsquo;une chaise gaming et de bureau gr\u00e2ce \u00e0 toutes ses caract\u00e9ristiques.<\/span><\/p>\n\n                                            <\/div>\n                            <\/div>\n            <\/div>\n<\/div>\n\n\n<div class=\"section--dealers wf-section\" id=\"dealers\">\n    <div class=\"container w-container\">\n        <div class=\"dealers__description-grid\">\n            <div class=\"dealers__desc-column\">\n                <h2 class=\"generic-typography__section-title\">\n                                                                                ACHETER <span class=\"collection__title__orange\"> MAINTENANT <\/span>\n                <\/h2>\n                <h3 class=\"generic-typography__sub-title bottom--15\">\n                    \n                <\/h3>\n                <p class=\"generic-typography__paragraph\">\n                    \n                <\/p>\n            <\/div>\n        <\/div>\n                    <div class=\"dealers__grid\">\n                                    <div class=\"dealers__single-dealer\">\n                        <a href=\"https:\/\/www.sbsupply.fr\/ranqer\" class=\"dealers__single__a w-inline-block\" target=\"_blank\" rel=\"noopener\">\n                            <img decoding=\"async\" src=\"https:\/\/www.ranqer.com\/wp-content\/uploads\/2021\/09\/sbsupply-logo-500x1000-1.png\" loading=\"lazy\" alt=\"\" class=\"dealers__single__logo-img\">\n                            <div class=\"dealers__single__details\">\n                                                            <div class=\"dealers__single__countries\">\n                                                                                                          <div class=\"dealers__single__countries__single\">France<\/div>\n                                                                <\/div>\n                              <img decoding=\"async\" src=\"https:\/\/www.ranqer.com\/wp-content\/themes\/vallonic-ranqer\/dist\/images\/vallonic__ranqer-com__icons__arrow-right__orange_143c2b49.svg\" loading=\"lazy\" alt=\"\" class=\"dealers__single__arrow-right\">\n                            <\/div>\n                        <\/a>\n                    <\/div>\n                                    <div class=\"dealers__single-dealer\">\n                        <a href=\"https:\/\/www.bol.com\/be\/fr\/b\/ranqer\/603579028\/\" class=\"dealers__single__a w-inline-block\" target=\"_blank\" rel=\"noopener\">\n                            <img decoding=\"async\" src=\"https:\/\/www.ranqer.com\/wp-content\/uploads\/2021\/10\/bolcom_logo_blauw_rgb.png\" loading=\"lazy\" alt=\"\" class=\"dealers__single__logo-img\">\n                            <div class=\"dealers__single__details\">\n                                                            <div class=\"dealers__single__countries\">\n                                                                                                          <div class=\"dealers__single__countries__single\">Belgique<\/div>\n                                                                <\/div>\n                              <img decoding=\"async\" src=\"https:\/\/www.ranqer.com\/wp-content\/themes\/vallonic-ranqer\/dist\/images\/vallonic__ranqer-com__icons__arrow-right__orange_143c2b49.svg\" loading=\"lazy\" alt=\"\" class=\"dealers__single__arrow-right\">\n                            <\/div>\n                        <\/a>\n                    <\/div>\n                                    <div class=\"dealers__single-dealer\">\n                        <a href=\"https:\/\/www.amazon.fr\/stores\/Ranqer\/page\/347FE352-F21D-4D14-9D60-52F1A9B96DAF\" class=\"dealers__single__a w-inline-block\" target=\"_blank\" rel=\"noopener\">\n                            <img decoding=\"async\" src=\"https:\/\/www.ranqer.com\/wp-content\/uploads\/2021\/09\/vallonic__ranqer-com__dealers__amazon2x.png\" loading=\"lazy\" alt=\"\" class=\"dealers__single__logo-img\">\n                            <div class=\"dealers__single__details\">\n                                                            <div class=\"dealers__single__countries\">\n                                                                                                          <div class=\"dealers__single__countries__single\">France<\/div>\n                                                                <\/div>\n                              <img decoding=\"async\" src=\"https:\/\/www.ranqer.com\/wp-content\/themes\/vallonic-ranqer\/dist\/images\/vallonic__ranqer-com__icons__arrow-right__orange_143c2b49.svg\" loading=\"lazy\" alt=\"\" class=\"dealers__single__arrow-right\">\n                            <\/div>\n                        <\/a>\n                    <\/div>\n                                    <div class=\"dealers__single-dealer\">\n                        <a href=\"https:\/\/www.fnac.com\/SearchResult\/ResultList.aspx?Search=Ranqer&amp;sft=1&amp;sa=0\" class=\"dealers__single__a w-inline-block\" target=\"_blank\" rel=\"noopener\">\n                            <img decoding=\"async\" src=\"https:\/\/www.ranqer.com\/wp-content\/uploads\/2023\/07\/fnac.png\" loading=\"lazy\" alt=\"\" class=\"dealers__single__logo-img\">\n                            <div class=\"dealers__single__details\">\n                                                            <div class=\"dealers__single__countries\">\n                                                                                                          <div class=\"dealers__single__countries__single\">France<\/div>\n                                                                <\/div>\n                              <img decoding=\"async\" src=\"https:\/\/www.ranqer.com\/wp-content\/themes\/vallonic-ranqer\/dist\/images\/vallonic__ranqer-com__icons__arrow-right__orange_143c2b49.svg\" loading=\"lazy\" alt=\"\" class=\"dealers__single__arrow-right\">\n                            <\/div>\n                        <\/a>\n                    <\/div>\n                            <\/div>\n                            <\/div>\n<\/div>\n","protected":false},"excerpt":{"rendered":"","protected":false},"author":5,"featured_media":0,"parent":0,"menu_order":0,"comment_status":"closed","ping_status":"closed","template":"","meta":{"footnotes":""},"categories":[],"tags":[],"class_list":["post-4773","page","type-page","status-publish","hentry"],"_links":{"self":[{"href":"https:\/\/www.ranqer.com\/fr\/wp-json\/wp\/v2\/pages\/4773","targetHints":{"allow":["GET"]}}],"collection":[{"href":"https:\/\/www.ranqer.com\/fr\/wp-json\/wp\/v2\/pages"}],"about":[{"href":"https:\/\/www.ranqer.com\/fr\/wp-json\/wp\/v2\/types\/page"}],"author":[{"embeddable":true,"href":"https:\/\/www.ranqer.com\/fr\/wp-json\/wp\/v2\/users\/5"}],"replies":[{"embeddable":true,"href":"https:\/\/www.ranqer.com\/fr\/wp-json\/wp\/v2\/comments?post=4773"}],"version-history":[{"count":37,"href":"https:\/\/www.ranqer.com\/fr\/wp-json\/wp\/v2\/pages\/4773\/revisions"}],"predecessor-version":[{"id":14453,"href":"https:\/\/www.ranqer.com\/fr\/wp-json\/wp\/v2\/pages\/4773\/revisions\/14453"}],"wp:attachment":[{"href":"https:\/\/www.ranqer.com\/fr\/wp-json\/wp\/v2\/media?parent=4773"}],"wp:term":[{"taxonomy":"category","embeddable":true,"href":"https:\/\/www.ranqer.com\/fr\/wp-json\/wp\/v2\/categories?post=4773"},{"taxonomy":"post_tag","embeddable":true,"href":"https:\/\/www.ranqer.com\/fr\/wp-json\/wp\/v2\/tags?post=4773"}],"curies":[{"name":"wp","href":"https:\/\/api.w.org\/{rel}","templated":true}]}}