{"id":4664,"date":"2022-06-03T14:39:40","date_gmt":"2022-06-03T12:39:40","guid":{"rendered":"https:\/\/ranqer.com\/?page_id=4664"},"modified":"2024-04-18T15:09:41","modified_gmt":"2024-04-18T13:09:41","slug":"ma-chaise-gaming-grince-que-dois-je-faire","status":"publish","type":"page","link":"https:\/\/www.ranqer.com\/fr\/ma-chaise-gaming-grince-que-dois-je-faire\/","title":{"rendered":"Blog &#8211; How can I fix my squeaky gaming chair?"},"content":{"rendered":"\n<div class=\"wp-block-columns is-layout-flex wp-container-core-columns-is-layout-9d6595d7 wp-block-columns-is-layout-flex\">\n<div class=\"wp-block-column is-layout-flow wp-block-column-is-layout-flow\" style=\"flex-basis:100%\"><\/div>\n<\/div>\n\n\n<div class=\"section--full-width-image wf-section\">\n    \n    <div class=\"full-width-image__image-wrapper\">\n        <img decoding=\"async\" src=\"https:\/\/www.ranqer.com\/wp-content\/uploads\/2022\/06\/mijn-gamestoel-piept.jpg\" loading=\"lazy\" sizes=\"100vw\" alt=\"\" class=\"full-width-image__img\">\n    <\/div>\n\n            <img decoding=\"async\" src=\"https:\/\/www.ranqer.com\/wp-content\/themes\/vallonic-ranqer\/dist\/images\/vallonic__ranqer-com__decoration__divider-02_2f72479f.png\" loading=\"lazy\" alt=\"\" class=\"full-width-image__bottom-divider\">\n    <\/div>\n\n\n<div class=\"section--double-p wf-section\">\n    <div class=\"container w-container\">\n        <div class=\"double-p__title-wrapper\">\n                            <h2 class=\"double-p__main-title is--large\">\n                                        Ma chaise gaming grince\n                <\/h2>\n\n                <h3 class=\"double-p__main-title is--sub\">\n                                        <strong class=\"double-p__main-title__orange\">Que dois-je faire ? <\/strong> \n                <\/h3>\n                    <\/div>\n                    <div class=\"double-p__grid\">\n                                    <div class=\"double-p__block\">\n                        <h3 class=\"generic-typography__sub-title bottom--15 top--0\"><\/h3>\n                                                    <p class=\"generic-typography__paragraph\"><span style=\"font-weight: 400;\">Personne n&rsquo;aime entendre des bruits de grincement et\/ou de craquement, surtout dans une salle de jeu o\u00f9 vous \u00eates constamment en train de vous d\u00e9placer pour \u00eatre \u00e0 l&rsquo;aise. Mais la triste r\u00e9alit\u00e9 de nombreuses chaises gaming est qu&rsquo;elles peuvent commencer \u00e0 grincer ou \u00e0 craquer apr\u00e8s un certain temps. Il est naturel que cela devienne g\u00eanant \u00e0 un moment donn\u00e9, mais il existe de nombreuses choses que vous pouvez faire pour \u00e9viter ce d\u00e9sagr\u00e9ment. Dans cet article de blog, nous allons vous montrer comment emp\u00eacher votre fauteuil de jeu Ranqer de grincer, afin que vous puissiez devenir le pro-gamer concentr\u00e9 que vous avez toujours voulu \u00eatre.<\/span><\/p>\n\n                                            <\/div>\n                                    <div class=\"double-p__block\">\n                        <h3 class=\"generic-typography__sub-title bottom--15 top--0\"><\/h3>\n                                                    <p class=\"generic-typography__paragraph\"><span style=\"font-weight: 400;\">Les grincements ou craquements peuvent \u00eatre caus\u00e9s par la structure de la chaise ou par des vis qui doivent \u00e9ventuellement \u00eatre resserr\u00e9es. Dans l&rsquo;ensemble, il y a beaucoup de choses que vous pouvez faire pour r\u00e9gler le probl\u00e8me, et cela vaut la peine d&rsquo;essayer.<\/span><\/p>\n\n                                            <\/div>\n                            <\/div>\n            <\/div>\n<\/div>\n\n\n<div class=\"section--detail-shots wf-section\">\n    <div class=\"container w-container\">\n        <h2 class=\"generic-typography__section-title\">\n                                                LE GUIDE ULTIME <span class=\"collection__title__orange\"> DES GRINCEMENTS  <\/span>\n        <\/h2>\n    <\/div>\n                                    \n\n              <div class=\"detail-shots__section is--first\">\n                  <div class=\"detail-shots__image-column\">\n                      <img decoding=\"async\" src=\"\" loading=\"lazy\" alt=\"\" class=\"detail-shots__single-image\">\n                  <\/div>\n                  <div class=\"detail-shots__desc-column is--right\">\n                      <div class=\"detail-shots__desc-column__inner is--right\">\n                          <h3 class=\"detail-shots__desc-title\">\n                              \u00c9tape 1\n                          <\/h3>\n                          <h4 class=\"generic-typography__sub-title bottom--15 top--0\">\n                              D\u00e9terminez d&#039;o\u00f9 vient le grincement ou le crissement\n                          <\/h4>\n                          <p class=\"generic-typography__paragraph\">\n                              Avant de vous attaquer au probl\u00e8me, vous devez savoir exactement d&#039;o\u00f9 il vient. Un bon moyen de le faire est de s&#039;asseoir et de se relever plusieurs fois de la chaise, de la d\u00e9placer, de r\u00e9gler le dossier \u00e0 plusieurs reprises et d&#039;\u00e9couter d&#039;o\u00f9 vient le son. Vous pouvez \u00e9galement essayer de d\u00e9placer la chaise en avant et en arri\u00e8re et d&#039;en faire le tour dans la pi\u00e8ce pour voir si le son provient des roues. Vous pouvez \u00e9galement r\u00e9gler la hauteur de la chaise pour voir si le probl\u00e8me vient du v\u00e9rin \u00e0 gaz.\r\nLe grincement provient souvent d&#039;un ou de plusieurs des \u00e9l\u00e9ments de la liste suivante : le dossier, l&#039;ascenseur \u00e0 gaz, les boulons et les vis (s&#039;ils sont trop l\u00e2ches ou trop serr\u00e9s), ou les roues.\n                          <\/p>\n                      <\/div>\n                  <\/div>\n              <\/div>\n                                                            <div class=\"detail-shots__section \">\n                    <div class=\"detail-shots__desc-column is--left\">\n                        <div class=\"detail-shots__desc-column__inner is--left\">\n                            <h3 class=\"detail-shots__desc-title\">\n                                \u00c9tape 2\n                            <\/h3>\n                            <h4 class=\"generic-typography__sub-title bottom--15 top--0\">\n                                Consultez le mode d&#039;emploi fourni avec les chaises\n                            <\/h4>\n                            <p class=\"generic-typography__paragraph\">\n                                Une fois que vous avez identifi\u00e9 la source du son, consultez \u00e0 nouveau le guide pour voir si vous n&#039;avez pas manqu\u00e9 une \u00e9tape du montage. Il est essentiel que vous suiviez le guide \u00e9tape par \u00e9tape. Une fois que vous avez confirm\u00e9 que tout est \u00e0 la bonne place, vous pouvez passer \u00e0 l&#039;\u00e9tape 3.\n                            <\/p>\n                        <\/div>\n                    <\/div>\n                    <div class=\"detail-shots__image-column\">\n                        <img decoding=\"async\" src=\"\" loading=\"lazy\" alt=\"\" class=\"detail-shots__single-image\">\n                    <\/div>\n                <\/div>\n                                            \n\n              <div class=\"detail-shots__section \">\n                  <div class=\"detail-shots__image-column\">\n                      <img decoding=\"async\" src=\"\" loading=\"lazy\" alt=\"\" class=\"detail-shots__single-image\">\n                  <\/div>\n                  <div class=\"detail-shots__desc-column is--right\">\n                      <div class=\"detail-shots__desc-column__inner is--right\">\n                          <h3 class=\"detail-shots__desc-title\">\n                              \u00c9tape 3\n                          <\/h3>\n                          <h4 class=\"generic-typography__sub-title bottom--15 top--0\">\n                              Graisser les m\u00e9canismes\n                          <\/h4>\n                          <p class=\"generic-typography__paragraph\">\n                              Nous vous recommandons d&#039;utiliser du WD-40 pour cette op\u00e9ration.\r\n\r\nAppliquez un peu de graisse ou de spray \u00e0 l&#039;endroit o\u00f9 le grincement ou le crissement se produit. Cela permet de rendre les articulations plus souples et plus l\u00e2ches. Comme vous le savez, la friction est la principale cause des grincements. Si les composants de votre chaise gaming se frottent fortement les uns contre les autres, la friction peut non seulement produire un son d\u00e9sagr\u00e9able, mais aussi provoquer des fissures et une usure rapide de la chaise.\r\nUtilisez un lubrifiant appropri\u00e9 pour les vis et les boulons. Si le bruit cesse apr\u00e8s cette \u00e9tape, vous pouvez vous arr\u00eater ici. Si le bruit continue, passez \u00e0 l&#039;\u00e9tape suivante.\r\n\n                          <\/p>\n                      <\/div>\n                  <\/div>\n              <\/div>\n                                                            <div class=\"detail-shots__section \">\n                    <div class=\"detail-shots__desc-column is--left\">\n                        <div class=\"detail-shots__desc-column__inner is--left\">\n                            <h3 class=\"detail-shots__desc-title\">\n                                \u00c9tape 4\n                            <\/h3>\n                            <h4 class=\"generic-typography__sub-title bottom--15 top--0\">\n                                Retirez les boulons et les vis avant d&#039;ajouter du lubrifiant\n                            <\/h4>\n                            <p class=\"generic-typography__paragraph\">\n                                Si le bruit est toujours l\u00e0, ne vous inqui\u00e9tez pas. Il est possible que la lubrification doive \u00eatre appliqu\u00e9e plus profond\u00e9ment dans le si\u00e8ge. Par cons\u00e9quent, nous vous recommandons de retirer les boulons et les vis avant d&#039;appliquer le lubrifiant.\n                            <\/p>\n                        <\/div>\n                    <\/div>\n                    <div class=\"detail-shots__image-column\">\n                        <img decoding=\"async\" src=\"\" loading=\"lazy\" alt=\"\" class=\"detail-shots__single-image\">\n                    <\/div>\n                <\/div>\n                                            \n\n              <div class=\"detail-shots__section \">\n                  <div class=\"detail-shots__image-column\">\n                      <img decoding=\"async\" src=\"https:\/\/www.ranqer.com\/wp-content\/uploads\/2021\/10\/Ranqer-Halo-Details.png\" loading=\"lazy\" alt=\"\" class=\"detail-shots__single-image\">\n                  <\/div>\n                  <div class=\"detail-shots__desc-column is--right\">\n                      <div class=\"detail-shots__desc-column__inner is--right\">\n                          <h3 class=\"detail-shots__desc-title\">\n                              \u00c9tape 5\n                          <\/h3>\n                          <h4 class=\"generic-typography__sub-title bottom--15 top--0\">\n                              Lubrifiez votre dossier\n                          <\/h4>\n                          <p class=\"generic-typography__paragraph\">\n                              La plupart des propri\u00e9taires de chaises de gaming disent que le bruit de grincement se produit lorsqu&#039;ils se penchent en arri\u00e8re sur la chaise. Si c&#039;est \u00e9galement votre cas, prenez votre lubrifiant et appliquez-le l\u00e0 o\u00f9 l&#039;extr\u00e9mit\u00e9 du ressort touche le bo\u00eetier.\r\n\r\nAppliquez-le sur le tendeur du ressort de la chaise, situ\u00e9 dans le compartiment du bouton rotatif de votre chaise. Desserrez et retirez le bouton rotatif du si\u00e8ge pour pulv\u00e9riser l&#039;huile directement dans le bo\u00eetier.\n                          <\/p>\n                      <\/div>\n                  <\/div>\n              <\/div>\n                                                            <div class=\"detail-shots__section \">\n                    <div class=\"detail-shots__desc-column is--left\">\n                        <div class=\"detail-shots__desc-column__inner is--left\">\n                            <h3 class=\"detail-shots__desc-title\">\n                                \u00c9tape 6\n                            <\/h3>\n                            <h4 class=\"generic-typography__sub-title bottom--15 top--0\">\n                                Est-ce que les roues sont le probl\u00e8me ?\n                            <\/h4>\n                            <p class=\"generic-typography__paragraph\">\n                                Vaporiser le lubrifiant sur chaque roue. Si le bruit persiste, vous devrez peut-\u00eatre acheter un nouveau jeu de roues Ranqer.\n                            <\/p>\n                        <\/div>\n                    <\/div>\n                    <div class=\"detail-shots__image-column\">\n                        <img decoding=\"async\" src=\"\" loading=\"lazy\" alt=\"\" class=\"detail-shots__single-image\">\n                    <\/div>\n                <\/div>\n                                            \n\n              <div class=\"detail-shots__section \">\n                  <div class=\"detail-shots__image-column\">\n                      <img decoding=\"async\" src=\"\" loading=\"lazy\" alt=\"\" class=\"detail-shots__single-image\">\n                  <\/div>\n                  <div class=\"detail-shots__desc-column is--right\">\n                      <div class=\"detail-shots__desc-column__inner is--right\">\n                          <h3 class=\"detail-shots__desc-title\">\n                              \u00c9tape 7\n                          <\/h3>\n                          <h4 class=\"generic-typography__sub-title bottom--15 top--0\">\n                              N&#039;essayez pas d&#039;effectuer un entretien intensif si vous n&#039;\u00eates pas qualifi\u00e9\n                          <\/h4>\n                          <p class=\"generic-typography__paragraph\">\n                              R\u00e9parer une chaise gaming peut \u00eatre une t\u00e2che facile si le probl\u00e8me n&#039;est qu&#039;en surface. Ces probl\u00e8mes sont g\u00e9n\u00e9ralement faciles \u00e0 identifier et une solution rapide comme un lubrifiant peut r\u00e9gler le probl\u00e8me. Mais si vous n&#039;\u00eates pas s\u00fbr de l&#039;origine du bruit ou si les \u00e9tapes ci-dessus ne vous aident pas, il est important de ne pas proc\u00e9der \u00e0 des r\u00e9parations car vous pourriez causer davantage de dommages. Dans ce cas, contactez le service client de Ranqer afin qu&#039;il v\u00e9rifie si le probl\u00e8me rel\u00e8ve de la garantie. \n                          <\/p>\n                      <\/div>\n                  <\/div>\n              <\/div>\n                                                            <div class=\"detail-shots__section \">\n                    <div class=\"detail-shots__desc-column is--left\">\n                        <div class=\"detail-shots__desc-column__inner is--left\">\n                            <h3 class=\"detail-shots__desc-title\">\n                                \u00c9tape 8\n                            <\/h3>\n                            <h4 class=\"generic-typography__sub-title bottom--15 top--0\">\n                                Pr\u00e9cautions \u00e0 prendre\n                            <\/h4>\n                            <p class=\"generic-typography__paragraph\">\n                                Il est \u00e9galement important de savoir que m\u00eame les mod\u00e8les de chaises gaming les plus solides et les plus durables souffrent d&#039;usure. Le moyen le plus efficace est de manipuler votre si\u00e8ge avec soin. Par cons\u00e9quent, manipulez toujours votre chaise gaming avec soin, afin de pouvoir la conserver plus longtemps.\r\nAssurez-vous d&#039;acheter le bon si\u00e8ge gamer pour l&#039;utilisateur. La taille et le poids sont importants lorsqu&#039;il s&#039;agit de ces produits, car chaque mod\u00e8le Ranqer a une capacit\u00e9 diff\u00e9rente. Votre taille joue \u00e9galement un r\u00f4le important, non seulement pour l&#039;entretien de votre si\u00e8ge, mais aussi pour votre sant\u00e9 en g\u00e9n\u00e9ral.\r\nSuivez les instructions de montage qui accompagnent la chaise Ranqer et conservez-les pour une utilisation ult\u00e9rieure.\n                            <\/p>\n                        <\/div>\n                    <\/div>\n                    <div class=\"detail-shots__image-column\">\n                        <img decoding=\"async\" src=\"https:\/\/www.ranqer.com\/wp-content\/uploads\/2021\/09\/Ranqer-Halo-RGB-gaming-chair-1-1.png\" loading=\"lazy\" alt=\"\" class=\"detail-shots__single-image\">\n                    <\/div>\n                <\/div>\n                        <\/div>\n\n\n\n<div class=\"wp-block-columns is-layout-flex wp-container-core-columns-is-layout-9d6595d7 wp-block-columns-is-layout-flex\">\n<div class=\"wp-block-column is-layout-flow wp-block-column-is-layout-flow\" style=\"flex-basis:100%\"><\/div>\n<\/div>\n\n\n<div class=\"section--dealers wf-section\" id=\"dealers\">\n    <div class=\"container w-container\">\n        <div class=\"dealers__description-grid\">\n            <div class=\"dealers__desc-column\">\n                <h2 class=\"generic-typography__section-title\">\n                                                                                ACHETER <span class=\"collection__title__orange\"> MAINTENANT <\/span>\n                <\/h2>\n                <h3 class=\"generic-typography__sub-title bottom--15\">\n                    \n                <\/h3>\n                <p class=\"generic-typography__paragraph\">\n                    \n                <\/p>\n            <\/div>\n        <\/div>\n                    <div class=\"dealers__grid\">\n                                    <div class=\"dealers__single-dealer\">\n                        <a href=\"https:\/\/www.sbsupply.fr\/ranqer\" class=\"dealers__single__a w-inline-block\" target=\"_blank\" rel=\"noopener\">\n                            <img decoding=\"async\" src=\"https:\/\/www.ranqer.com\/wp-content\/uploads\/2021\/09\/sbsupply-logo-500x1000-1.png\" loading=\"lazy\" alt=\"\" class=\"dealers__single__logo-img\">\n                            <div class=\"dealers__single__details\">\n                                                            <div class=\"dealers__single__countries\">\n                                                                                                          <div class=\"dealers__single__countries__single\">NL<\/div>\n                                                                        <div class=\"dealers__single__countries__single\">BE<\/div>\n                                                                        <div class=\"dealers__single__countries__single\">DE<\/div>\n                                                                        <div class=\"dealers__single__countries__single\">FR<\/div>\n                                                                <\/div>\n                              <img decoding=\"async\" src=\"https:\/\/www.ranqer.com\/wp-content\/themes\/vallonic-ranqer\/dist\/images\/vallonic__ranqer-com__icons__arrow-right__orange_143c2b49.svg\" loading=\"lazy\" alt=\"\" class=\"dealers__single__arrow-right\">\n                            <\/div>\n                        <\/a>\n                    <\/div>\n                                    <div class=\"dealers__single-dealer\">\n                        <a href=\"https:\/\/www.bol.com\/be\/fr\/b\/ranqer\/603579028\/\" class=\"dealers__single__a w-inline-block\" target=\"_blank\" rel=\"noopener\">\n                            <img decoding=\"async\" src=\"https:\/\/www.ranqer.com\/wp-content\/uploads\/2021\/10\/bolcom_logo_blauw_rgb.png\" loading=\"lazy\" alt=\"\" class=\"dealers__single__logo-img\">\n                            <div class=\"dealers__single__details\">\n                                                            <div class=\"dealers__single__countries\">\n                                                                                                          <div class=\"dealers__single__countries__single\">NL<\/div>\n                                                                        <div class=\"dealers__single__countries__single\">BE<\/div>\n                                                                <\/div>\n                              <img decoding=\"async\" src=\"https:\/\/www.ranqer.com\/wp-content\/themes\/vallonic-ranqer\/dist\/images\/vallonic__ranqer-com__icons__arrow-right__orange_143c2b49.svg\" loading=\"lazy\" alt=\"\" class=\"dealers__single__arrow-right\">\n                            <\/div>\n                        <\/a>\n                    <\/div>\n                                    <div class=\"dealers__single-dealer\">\n                        <a href=\"https:\/\/amazon.com\" class=\"dealers__single__a w-inline-block\" target=\"_blank\" rel=\"noopener\">\n                            <img decoding=\"async\" src=\"https:\/\/www.ranqer.com\/wp-content\/uploads\/2021\/09\/vallonic__ranqer-com__dealers__amazon2x.png\" loading=\"lazy\" alt=\"\" class=\"dealers__single__logo-img\">\n                            <div class=\"dealers__single__details\">\n                                                            <div class=\"dealers__single__countries\">\n                                                                                                          <div class=\"dealers__single__countries__single\">NL<\/div>\n                                                                        <div class=\"dealers__single__countries__single\">FR<\/div>\n                                                                        <div class=\"dealers__single__countries__single\">DE<\/div>\n                                                                <\/div>\n                              <img decoding=\"async\" src=\"https:\/\/www.ranqer.com\/wp-content\/themes\/vallonic-ranqer\/dist\/images\/vallonic__ranqer-com__icons__arrow-right__orange_143c2b49.svg\" loading=\"lazy\" alt=\"\" class=\"dealers__single__arrow-right\">\n                            <\/div>\n                        <\/a>\n                    <\/div>\n                            <\/div>\n                            <\/div>\n<\/div>\n","protected":false},"excerpt":{"rendered":"","protected":false},"author":5,"featured_media":0,"parent":0,"menu_order":0,"comment_status":"closed","ping_status":"closed","template":"","meta":{"footnotes":""},"categories":[],"tags":[],"class_list":["post-4664","page","type-page","status-publish","hentry"],"_links":{"self":[{"href":"https:\/\/www.ranqer.com\/fr\/wp-json\/wp\/v2\/pages\/4664","targetHints":{"allow":["GET"]}}],"collection":[{"href":"https:\/\/www.ranqer.com\/fr\/wp-json\/wp\/v2\/pages"}],"about":[{"href":"https:\/\/www.ranqer.com\/fr\/wp-json\/wp\/v2\/types\/page"}],"author":[{"embeddable":true,"href":"https:\/\/www.ranqer.com\/fr\/wp-json\/wp\/v2\/users\/5"}],"replies":[{"embeddable":true,"href":"https:\/\/www.ranqer.com\/fr\/wp-json\/wp\/v2\/comments?post=4664"}],"version-history":[{"count":31,"href":"https:\/\/www.ranqer.com\/fr\/wp-json\/wp\/v2\/pages\/4664\/revisions"}],"predecessor-version":[{"id":14469,"href":"https:\/\/www.ranqer.com\/fr\/wp-json\/wp\/v2\/pages\/4664\/revisions\/14469"}],"wp:attachment":[{"href":"https:\/\/www.ranqer.com\/fr\/wp-json\/wp\/v2\/media?parent=4664"}],"wp:term":[{"taxonomy":"category","embeddable":true,"href":"https:\/\/www.ranqer.com\/fr\/wp-json\/wp\/v2\/categories?post=4664"},{"taxonomy":"post_tag","embeddable":true,"href":"https:\/\/www.ranqer.com\/fr\/wp-json\/wp\/v2\/tags?post=4664"}],"curies":[{"name":"wp","href":"https:\/\/api.w.org\/{rel}","templated":true}]}}