{"id":16497,"date":"2024-04-26T15:32:44","date_gmt":"2024-04-26T13:32:44","guid":{"rendered":"https:\/\/www.ranqer.com\/?page_id=16497"},"modified":"2024-08-07T17:16:22","modified_gmt":"2024-08-07T15:16:22","slug":"support-pour-volant-de-course-ranqer","status":"publish","type":"page","link":"https:\/\/www.ranqer.com\/fr\/support-pour-volant-de-course-ranqer\/","title":{"rendered":"Ranqer Racing Steering Wheel Stand"},"content":{"rendered":"<div class=\"section--product-highlight wf-section\">\n    <div class=\"container w-container\">\n      <div class=\"product-highlight__grid\">\n        <div class=\"product-highlight__column\">\n          <div class=\"product-highlight__image-wrapper\">\n              <img decoding=\"async\" src=\"https:\/\/www.ranqer.com\/wp-content\/uploads\/2024\/08\/ranqer_racing_wheel_stand.png\" loading=\"lazy\" sizes=\"100vw\" alt=\"RANQER Support pour volant de course\" class=\"product-highlight__img\">\n                                <img decoding=\"async\" src=\"https:\/\/www.ranqer.com\/wp-content\/themes\/vallonic-ranqer\/dist\/images\/vallonic__ranqer-com__product-highlight__backdrop-single-color2x_fceffc2a.png\" loading=\"lazy\" sizes=\"100vw\" alt=\"\" class=\"product-highlight__background\">\n                        <\/div>\n        <\/div>\n        <div class=\"product-highlight__column\">\n          <div class=\"product-highlight__details\">\n            <h2 class=\"product-highlight__h2\">\n                                                                SUPPORT POUR VOLANT DE COURSE <span class=\"product-highlight__h2__orange\">ERGONOMIQUE<\/span> \n            <\/h2>\n            <h1 class=\"product-highlight__h1\">\n                RANQER Support pour volant de course\n            <\/h1>\n            <p class=\"product-highlight__desc\">\n                Boostez votre exp\u00e9rience de SimRacing avec le support pour volant de course Ranqer, dans un \u00e9l\u00e9gant coloris noir. Con\u00e7u pour la stabilit\u00e9 et pour optimiser le confort, ce support vous emm\u00e8ne vers de nouveaux sommets avec votre simulateur de course. Fabriqu\u00e9 en acier durable, le support pour volant Ranqer est dot\u00e9 de fonctionnalit\u00e9s avanc\u00e9es gr\u00e2ce \u00e0 sa hauteur et son inclinaison r\u00e9glables. Il est compatible avec une large gamme de volants de course, p\u00e9dales et leviers de vitesse, faisant de lui le compagnon id\u00e9al pour les passionn\u00e9s de courses virtuelles et de SimRacing. \r\n\r\n\r\n\r\n\r\n\r\n\n            <\/p>\n            <a href=\"#\" data-scroll=\"section--dealers\" class=\"product-highlight__button\">\n                Shop Online\n            <\/a>\n            <div class=\"product-highlight__actions\">\n                                <a\n                      class=\"product-highlight__single-action\"\n                      href=\"#\"\n                      data-scroll=\"section--detail-shots\"\n                  >\n                      En savoir plus \u2192\n                  <\/a>\n                            \n            <\/div>\n          <\/div>\n        <\/div>\n      <\/div>\n    <\/div>\n            <div class=\"product-highlight__bottom-border\"><\/div>\n        \n    <img decoding=\"async\" src=\"https:\/\/www.ranqer.com\/wp-content\/themes\/vallonic-ranqer\/dist\/images\/vallonic__ranqer-com__product-highlight__decorative-elements_7b623bd8.svg\" loading=\"lazy\" alt=\"\" class=\"product-highlight__decoration\">\n<\/div>\n\n\n<div class=\"section--detail-shots wf-section\">\n    <div class=\"container w-container\">\n        <h2 class=\"generic-typography__section-title\">\n                                                LA QUALIT\u00c9 <span class=\"collection__title__orange\">OFFERTE PAR RANQER<\/span>\n        <\/h2>\n    <\/div>\n                                    \n\n              <div class=\"detail-shots__section is--first\">\n                  <div class=\"detail-shots__image-column\">\n                      <img decoding=\"async\" src=\"https:\/\/www.ranqer.com\/wp-content\/uploads\/2024\/04\/ranqer_racing_wheel_stand_8-1.png\" loading=\"lazy\" alt=\"\" class=\"detail-shots__single-image\">\n                  <\/div>\n                  <div class=\"detail-shots__desc-column is--right\">\n                      <div class=\"detail-shots__desc-column__inner is--right\">\n                          <h3 class=\"detail-shots__desc-title\">\n                              QUALIT\u00c9 PREMIUM\n                          <\/h3>\n                          <h4 class=\"generic-typography__sub-title bottom--15 top--0\">\n                              Ing\u00e9nierie de pr\u00e9cision\n                          <\/h4>\n                          <p class=\"generic-typography__paragraph\">\n                              Con\u00e7u avec pr\u00e9cision, le support pour volant Ranqer constitue une base solide et fiable pour votre set-up de SimRacing. Construit en acier robuste, ce support est con\u00e7u pour supporter des sessions de jeu intenses tout en minimisant les oscillations et les vibrations, garantissant ainsi une exp\u00e9rience de course fluide et immersive. La hauteur et l&#039;angle r\u00e9glables vous permettent de personnaliser votre installation pour un confort et un contr\u00f4le optimaux, afin que vous puissiez plonger dans l&#039;action en toute confiance et que vous soyiez pr\u00eat \u00e0 donner le meilleur de vous-m\u00eame.\n                          <\/p>\n                      <\/div>\n                  <\/div>\n              <\/div>\n                                                            <div class=\"detail-shots__section \">\n                    <div class=\"detail-shots__desc-column is--left\">\n                        <div class=\"detail-shots__desc-column__inner is--left\">\n                            <h3 class=\"detail-shots__desc-title\">\n                                AJUSTABLE\n                            <\/h3>\n                            <h4 class=\"generic-typography__sub-title bottom--15 top--0\">\n                                Personnalisation in\u00e9gal\u00e9e\n                            <\/h4>\n                            <p class=\"generic-typography__paragraph\">\n                                Le support pour volant de course Ranqer offre une personnalisation in\u00e9gal\u00e9e, avec des possibilit\u00e9s de r\u00e9glages \u00e9tendues de la hauteur et de l&#039;inclinaison pour un contr\u00f4le et un confort ultimes. La colonne du volant s&#039;\u00e9tend jusqu&#039;\u00e0 81,5 cm, ce qui permet de personnaliser l&#039;inclinaison de +30 \u00e0 -30 degr\u00e9s, garantissant ainsi des angles de vue optimaux pour tous les joueurs. En outre, la colonne du volant offre une personnalisation suppl\u00e9mentaire avec des angles r\u00e9glables de 0 \u00e0 +20 degr\u00e9s, pour r\u00e9pondre aux pr\u00e9f\u00e9rences individuelles.\r\n\r\nPour encore plus de flexibilit\u00e9, le p\u00e9dalier offre de multiples options de positionnement avec une longueur maximale de 77,1 cm et des angles r\u00e9glables de 0 \u00e0 +27 degr\u00e9s, ce qui vous permet de cr\u00e9er une configuration ergonomique adapt\u00e9e \u00e0 votre  propre style de jeu. Profitez de la libert\u00e9 de peaufiner chaque aspect de votre exp\u00e9rience de jeu avec le support polyvalent Ranqer.\n                            <\/p>\n                        <\/div>\n                    <\/div>\n                    <div class=\"detail-shots__image-column\">\n                        <img decoding=\"async\" src=\"https:\/\/www.ranqer.com\/wp-content\/uploads\/2024\/04\/ranqer_racing_wheel_stand_12.png\" loading=\"lazy\" alt=\"\" class=\"detail-shots__single-image\">\n                    <\/div>\n                <\/div>\n                                            \n\n              <div class=\"detail-shots__section \">\n                  <div class=\"detail-shots__image-column\">\n                      <img decoding=\"async\" src=\"https:\/\/www.ranqer.com\/wp-content\/uploads\/2024\/04\/ranqer_racing_wheel_stand_11.png\" loading=\"lazy\" alt=\"\" class=\"detail-shots__single-image\">\n                  <\/div>\n                  <div class=\"detail-shots__desc-column is--right\">\n                      <div class=\"detail-shots__desc-column__inner is--right\">\n                          <h3 class=\"detail-shots__desc-title\">\n                              PORTABLE\n                          <\/h3>\n                          <h4 class=\"generic-typography__sub-title bottom--15 top--0\">\n                              Design compact pour une grande flexibilit\u00e9\n                          <\/h4>\n                          <p class=\"generic-typography__paragraph\">\n                              D\u00e9couvrez une commodit\u00e9 in\u00e9gal\u00e9e gr\u00e2ce au design pliable innovant du support pour volant de course Ranqer. R\u00e9cup\u00e9rez sans effort de la place en modifiant l&#039;agencement de votre espace de jeu gr\u00e2ce \u00e0 son syst\u00e8me de rangement astucieux et compacte. Que vous ayez espace d\u00e9di\u00e9e au gaming ou que vous pr\u00e9f\u00e9riez jouer en d\u00e9placement, ce support offre une portabilit\u00e9 exceptionnelle sans pour autant sacrifier la stabilit\u00e9 ou les performances. Il suffit de le replier pour le ranger ou le transporter, et vous pourrez alors emporter le support pour volant de course Ranqer o\u00f9 bon vous semble. Profitez de la libert\u00e9 de jouer \u00e0 tout moment et en tout lieu gr\u00e2ce au support pour volant de course Ranqer, qui vous ouvrira les portes d&#039;une exp\u00e9rience de jeu infini.\n                          <\/p>\n                      <\/div>\n                  <\/div>\n              <\/div>\n                                                            <div class=\"detail-shots__section \">\n                    <div class=\"detail-shots__desc-column is--left\">\n                        <div class=\"detail-shots__desc-column__inner is--left\">\n                            <h3 class=\"detail-shots__desc-title\">\n                                VERSATILE\n                            <\/h3>\n                            <h4 class=\"generic-typography__sub-title bottom--15 top--0\">\n                                Connection sur mesure\n                            <\/h4>\n                            <p class=\"generic-typography__paragraph\">\n                                D\u00e9couvrez une polyvalence in\u00e9gal\u00e9e avec le support pour volant de course Ranqer, con\u00e7u pour \u00eatre compatible avec une large gamme de volants de course, de p\u00e9dales et de s\u00e9lecteurs de vitesse. Que vous pr\u00e9f\u00e9riez les marques populaires ou les mod\u00e8les moins connues, ce support s&#039;adapte \u00e0 la plupart des configurations, offrant une exp\u00e9rience personnalisable adapt\u00e9e \u00e0 vos pr\u00e9f\u00e9rences personnelles. La plaque de montage r\u00e9glable garantit un ajustement s\u00fbr pour tout type de p\u00e9riph\u00e9riques, offrant une int\u00e9gration transparente qui am\u00e9liore l&#039;immersion. Dites adieu aux probl\u00e8mes de compatibilit\u00e9 et bonjour aux possibilit\u00e9s de course infinies avec le support pour volant de course Ranqer\n                            <\/p>\n                        <\/div>\n                    <\/div>\n                    <div class=\"detail-shots__image-column\">\n                        <img decoding=\"async\" src=\"https:\/\/www.ranqer.com\/wp-content\/uploads\/2024\/04\/ranqer_racing_wheel_stand_2.png\" loading=\"lazy\" alt=\"\" class=\"detail-shots__single-image\">\n                    <\/div>\n                <\/div>\n                                            \n\n              <div class=\"detail-shots__section \">\n                  <div class=\"detail-shots__image-column\">\n                      <img decoding=\"async\" src=\"https:\/\/www.ranqer.com\/wp-content\/uploads\/2024\/08\/Ranqer-racing-steering-wheel-gearshift-mount.jpg\" loading=\"lazy\" alt=\"\" class=\"detail-shots__single-image\">\n                  <\/div>\n                  <div class=\"detail-shots__desc-column is--right\">\n                      <div class=\"detail-shots__desc-column__inner is--right\">\n                          <h3 class=\"detail-shots__desc-title\">\n                              AMOVIBLE\n                          <\/h3>\n                          <h4 class=\"generic-typography__sub-title bottom--15 top--0\">\n                              Support de levier de vitesse inclus\n                          <\/h4>\n                          <p class=\"generic-typography__paragraph\">\n                              Le support de volant Ranqer Racing est livr\u00e9 avec un support de levier de vitesse gratuit dans la bo\u00eete. Ainsi, votre exp\u00e9rience de course devient plus immersive. Si vous n&#039;utilisez pas de levier de vitesse, vous pouvez simplement d\u00e9sinstaller le support en place et choisir de ne pas l&#039;utiliser. Le support de levier de vitesse est fix\u00e9 \u00e0 l&#039;aide de 2 vis.\n                          <\/p>\n                      <\/div>\n                  <\/div>\n              <\/div>\n                        <\/div>\n\n\n<div class=\"section--double-p wf-section\">\n    <div class=\"container w-container\">\n        <div class=\"double-p__title-wrapper\">\n                            <h2 class=\"double-p__main-title is--large\">\n                                        UN SUPPORT <strong class=\"double-p__main-title__orange\">POUR VOTRE VICTOIRE<\/strong>\n                <\/h2>\n\n                <h3 class=\"double-p__main-title is--sub\">\n                                        RANQER RACING <strong class=\"double-p__main-title__orange\">WHEEL STAND<\/strong>\n                <\/h3>\n                    <\/div>\n                    <div class=\"double-p__grid\">\n                                    <div class=\"double-p__block\">\n                        <h3 class=\"generic-typography__sub-title bottom--15 top--0\">Pour les joueurs les plus intr\u00e9pides<\/h3>\n                                                    <p class=\"generic-typography__paragraph\">D\u00e9couvrez le confort ultime gr\u00e2ce au design pliable innovant du support pour volant de course Ranqer. R\u00e9cup\u00e9rez sans effort de la place en modifiant l&rsquo;agencement de votre espace de jeu gr\u00e2ce \u00e0 son syst\u00e8me de rangement astucieux et compacte Que vous ayez une installation de jeu d\u00e9di\u00e9e ou que vous souhaitiez jouer en d\u00e9placement, le support de Ranqer offre une compacit\u00e9 exceptionnelle sans pour autant sacrifier la stabilit\u00e9 ou les performances.<\/p>\n\n                                            <\/div>\n                                    <div class=\"double-p__block\">\n                        <h3 class=\"generic-typography__sub-title bottom--15 top--0\"><\/h3>\n                                                    <p class=\"generic-typography__paragraph\">O\u00f9 que vous concourriez, les produits Ranqer sont con\u00e7us pour \u00eatre professionnels et confortables. Moderne, \u00e9l\u00e9gant et abordable &#8211; trois mots qui d\u00e9crivent parfaitement la marque Ranqer. Que vous soyez un gamer professionnel ou un nouveau venu dans le monde du gaming, vous trouverez un produit adapt\u00e9 \u00e0 vos besoins. Outre le soutien incroyable qu&rsquo;ils offrent, les produits Ranqer sont \u00e9galement modernes et intemporels.<\/p>\n<p class=\"generic-typography__paragraph\">&nbsp;<\/p>\n<p class=\"p2\">\n\n                                            <\/div>\n                            <\/div>\n            <\/div>\n<\/div>\n\n\n<div class=\"section--selling-points  wf-section\">\n    <div class=\"container w-container\">\n                                <div class=\"selling-points__title\">\n                            <h2 class=\"generic-typography__section-title\">\n                    Nos <span class=\"collection__title__orange\">points forts<\/span>\n                <\/h2>\n                    <\/div>\n        <div class=\"selling-points__grid\">\n                                                <div class=\"selling-points__single\">\n                        <div class=\"selling-points__single__inner\">\n                            <div class=\"selling-points__single__text\">\n                                Tr\u00e8s ergonomique\n                            <\/div>\n                            <div class=\"selling-points__single__icon-wrapper\">\n                                <img decoding=\"async\" src=\"https:\/\/www.ranqer.com\/wp-content\/themes\/vallonic-ranqer\/dist\/images\/vallonic__ranqer-com__icons__ergonomic__orange_46a0c9d8.svg\" loading=\"lazy\" width=\"21\" alt=\"\" class=\"selling-points__single__icon\">\n                            <\/div>\n                        <\/div>\n                    <\/div>\n                                    <div class=\"selling-points__single\">\n                        <div class=\"selling-points__single__inner\">\n                            <div class=\"selling-points__single__text\">\n                                Inspir\u00e9 par la course automobile\n                            <\/div>\n                            <div class=\"selling-points__single__icon-wrapper\">\n                                <img decoding=\"async\" src=\"https:\/\/www.ranqer.com\/wp-content\/themes\/vallonic-ranqer\/dist\/images\/vallonic__ranqer-com__icons__racing__orange_7c54f02f.svg\" loading=\"lazy\" width=\"21\" alt=\"\" class=\"selling-points__single__icon\">\n                            <\/div>\n                        <\/div>\n                    <\/div>\n                                    <div class=\"selling-points__single\">\n                        <div class=\"selling-points__single__inner\">\n                            <div class=\"selling-points__single__text\">\n                                Design hollandais\n                            <\/div>\n                            <div class=\"selling-points__single__icon-wrapper\">\n                                <img decoding=\"async\" src=\"https:\/\/www.ranqer.com\/wp-content\/themes\/vallonic-ranqer\/dist\/images\/vallonic__ranqer-com__icons__design__orange_5cb9e4bc.svg\" loading=\"lazy\" width=\"21\" alt=\"\" class=\"selling-points__single__icon\">\n                            <\/div>\n                        <\/div>\n                    <\/div>\n                                    <\/div>\n                            <div class=\"selling-points__cta-wrapper\">\n                <a\n                    href=\"#\"\n                    data-scroll=\"section--dealers\"\n                    class=\"selling-points__cta\"\n                >\n                    Acheter maintenant\n                <\/a>\n            <\/div>\n            <\/div>\n<\/div>\n\n\n<div class=\"section--dealers wf-section\" id=\"dealers\">\n    <div class=\"container w-container\">\n        <div class=\"dealers__description-grid\">\n            <div class=\"dealers__desc-column\">\n                <h2 class=\"generic-typography__section-title\">\n                                                                                NOS <span class=\"collection__title__orange\">REVENDEURS<\/span>\n                <\/h2>\n                <h3 class=\"generic-typography__sub-title bottom--15\">\n                    Acheter maintenant\n                <\/h3>\n                <p class=\"generic-typography__paragraph\">\n                    Grand confort et grand design. Produits Ranqer disponibles d\u00e8s maintenant. Am\u00e9liorez votre configuration de jeu en achetant notre support pour volant de course ci-dessous.\n                <\/p>\n            <\/div>\n        <\/div>\n                    <div class=\"dealers__grid\">\n                                    <div class=\"dealers__single-dealer\">\n                        <a href=\"https:\/\/www.sbsupply.eu\/ranqer-racing-wheel-stand-black\" class=\"dealers__single__a w-inline-block\" target=\"_blank\" rel=\"noopener\">\n                            <img decoding=\"async\" src=\"https:\/\/www.ranqer.com\/wp-content\/uploads\/2021\/09\/sbsupply-logo-500x1000-1.png\" loading=\"lazy\" alt=\"\" class=\"dealers__single__logo-img\">\n                            <div class=\"dealers__single__details\">\n                                                            <div class=\"dealers__single__countries\">\n                                                                                                          <div class=\"dealers__single__countries__single\">NL<\/div>\n                                                                        <div class=\"dealers__single__countries__single\">BE<\/div>\n                                                                        <div class=\"dealers__single__countries__single\">DE<\/div>\n                                                                        <div class=\"dealers__single__countries__single\">FR<\/div>\n                                                                        <div class=\"dealers__single__countries__single\">IT<\/div>\n                                                                <\/div>\n                              <img decoding=\"async\" src=\"https:\/\/www.ranqer.com\/wp-content\/themes\/vallonic-ranqer\/dist\/images\/vallonic__ranqer-com__icons__arrow-right__orange_143c2b49.svg\" loading=\"lazy\" alt=\"\" class=\"dealers__single__arrow-right\">\n                            <\/div>\n                        <\/a>\n                    <\/div>\n                            <\/div>\n                            <\/div>\n<\/div>\n\n\n<div class=\"section--product-downloads bottom--0 wf-section\">\n    <div class=\"container w-container\">\n        <div class=\"product-downloads__grid\">\n            <div class=\"product-downloads__column\">\n                <h2 class=\"generic-typography__section-title\">\n                                        FICHE PRODUIT\n                <\/h2>\n                <h3 class=\"generic-typography__sub-title bottom--15\">\n                    Caract\u00e9ristiques\n                <\/h3>\n                <p class=\"generic-typography__paragraph\">\n                    <div class=\"short-description\">\n<p>&#8211; Construction robuste en acier<br \/>\n&#8211; Hauteur et angle ajustables<br \/>\n&#8211; Compatible avec la plupart des volants de course, des p\u00e9dales et des leviers de vitesse<br \/>\n&#8211; Finition noire \u00e9l\u00e9gante<\/p>\n<p>Taille du produit : 45 x 77 x 81 cm<\/p>\n<p><strong>Note<\/strong>\u00a0: Le support de levier de vitesse est inclus gratuitement dans la bo\u00eete et est amovible.<\/p>\n<\/div>\n\n                <\/p>\n                <div class=\"product-downloads__actions-grid\">\n                                    <\/div>\n            <\/div>\n            <div class=\"product-downloads__column\">\n                <div class=\"product-downloads__decoration-wrapper\">\n                    <img decoding=\"async\" src=\"https:\/\/www.ranqer.com\/wp-content\/uploads\/2024\/04\/ranqer_racing_wheel_stand_4-copy-2.png\" loading=\"lazy\" alt=\"\" class=\"product-downloads__decoration-img\">\n                <\/div>\n            <\/div>\n        <\/div>\n    <\/div>\n<\/div>\n","protected":false},"excerpt":{"rendered":"","protected":false},"author":28,"featured_media":0,"parent":0,"menu_order":0,"comment_status":"closed","ping_status":"closed","template":"","meta":{"footnotes":""},"categories":[],"tags":[],"class_list":["post-16497","page","type-page","status-publish","hentry"],"_links":{"self":[{"href":"https:\/\/www.ranqer.com\/fr\/wp-json\/wp\/v2\/pages\/16497","targetHints":{"allow":["GET"]}}],"collection":[{"href":"https:\/\/www.ranqer.com\/fr\/wp-json\/wp\/v2\/pages"}],"about":[{"href":"https:\/\/www.ranqer.com\/fr\/wp-json\/wp\/v2\/types\/page"}],"author":[{"embeddable":true,"href":"https:\/\/www.ranqer.com\/fr\/wp-json\/wp\/v2\/users\/28"}],"replies":[{"embeddable":true,"href":"https:\/\/www.ranqer.com\/fr\/wp-json\/wp\/v2\/comments?post=16497"}],"version-history":[{"count":15,"href":"https:\/\/www.ranqer.com\/fr\/wp-json\/wp\/v2\/pages\/16497\/revisions"}],"predecessor-version":[{"id":18247,"href":"https:\/\/www.ranqer.com\/fr\/wp-json\/wp\/v2\/pages\/16497\/revisions\/18247"}],"wp:attachment":[{"href":"https:\/\/www.ranqer.com\/fr\/wp-json\/wp\/v2\/media?parent=16497"}],"wp:term":[{"taxonomy":"category","embeddable":true,"href":"https:\/\/www.ranqer.com\/fr\/wp-json\/wp\/v2\/categories?post=16497"},{"taxonomy":"post_tag","embeddable":true,"href":"https:\/\/www.ranqer.com\/fr\/wp-json\/wp\/v2\/tags?post=16497"}],"curies":[{"name":"wp","href":"https:\/\/api.w.org\/{rel}","templated":true}]}}