{"id":15787,"date":"2024-04-24T10:14:42","date_gmt":"2024-04-24T08:14:42","guid":{"rendered":"https:\/\/www.ranqer.com\/?page_id=15787"},"modified":"2025-10-28T12:34:00","modified_gmt":"2025-10-28T11:34:00","slug":"programme-influenceur-ranqer","status":"publish","type":"page","link":"https:\/\/www.ranqer.com\/fr\/programme-influenceur-ranqer\/","title":{"rendered":"Join Our Influencer Programme"},"content":{"rendered":"<div class=\"section--full-width-image wf-section\">\n    \n    <div class=\"full-width-image__image-wrapper\">\n        <img decoding=\"async\" src=\"\" loading=\"lazy\" sizes=\"100vw\" alt=\"\" class=\"full-width-image__img\">\n    <\/div>\n\n            <img decoding=\"async\" src=\"https:\/\/www.ranqer.com\/wp-content\/themes\/vallonic-ranqer\/dist\/images\/vallonic__ranqer-com__decoration__divider-02_2f72479f.png\" loading=\"lazy\" alt=\"\" class=\"full-width-image__bottom-divider\">\n    <\/div>\n\n\n<div class=\"section--double-p wf-section\">\n    <div class=\"container w-container\">\n        <div class=\"double-p__title-wrapper\">\n                            <h2 class=\"double-p__main-title is--large\">\n                                        REJOIGNEZ NOTRE <strong class=\"double-p__main-title__orange\">PROGRAMME D&rsquo;INFLUENCEUR<\/strong>\n                <\/h2>\n\n                <h3 class=\"double-p__main-title is--sub\">\n                                        D\u00c9COUVRIR ET PROMOUVOIR <strong class=\"double-p__main-title__orange\">RANQER<\/strong>\n                <\/h3>\n                    <\/div>\n                    <div class=\"double-p__grid\">\n                                    <div class=\"double-p__block\">\n                        <h3 class=\"generic-typography__sub-title bottom--15 top--0\"><\/h3>\n                                                    <p class=\"generic-typography__paragraph\">Nous sommes \u00e0 la recherche d&rsquo;influenceurs actifs sur les m\u00e9dias sociaux comme Instagram, Youtube, ou TikTok. Notre programme d&rsquo;influenceur est destin\u00e9 aux personnes partageant la m\u00eame vision et la m\u00eame passion pour le gaming que nous. Chaque influenceur ayant son propre univers et sa propre personnalit\u00e9, nous cr\u00e9erons un accord personnalis\u00e9 qui r\u00e9pondra parfaitement \u00e0 vos attentes. En tant que v\u00e9ritable ambassadeur de Ranqer, vous ferez la promotion de nos chaises gaming par le biais de vos r\u00e9seaux et de votre communaut\u00e9. Il est important pour nous que vous puissiez partager votre exp\u00e9rience avec les produits Ranqer avec tous vos abonn\u00e9s afin qu&rsquo;eux aussi puisse d\u00e9couvrir tous les avantages qu&rsquo;offre notre gamme de produit d\u00e9di\u00e9es au gaming.<\/p>\n<p class=\"generic-typography__paragraph\">&nbsp;<\/p>\n<div class=\"selling-points__cta-wrapper\">\n  <a class=\"selling-points__cta\" href=\"mailto:info@ranqer.com?subject=Contact%20Ranqer\"><br \/>\n    Envoyez-nous un e-mail<br \/>\n  <\/a>\n<\/div>\n\n                                            <\/div>\n                            <\/div>\n            <\/div>\n<\/div>\n\n\n<div class=\"section--full-width-gallery wf-section\">\n    <div class=\"container w-container\">\n        <div class=\"full-width-gallery__description-grid\">\n            <div class=\"full-width-gallery__desc-column\">\n                <h2 class=\"generic-typography__section-title\">\n                                                                                \n                <\/h2>\n                <h3 class=\"generic-typography__sub-title bottom--15\">\n                    \n                <\/h3>\n                <p class=\"generic-typography__paragraph\">\n                    \n                <\/p>\n            <\/div>\n        <\/div>\n    <\/div>\n                                <div class=\"fw-gallery__image-row has--3-cols\">\n                                    <img decoding=\"async\" src=\"https:\/\/www.ranqer.com\/wp-content\/uploads\/2022\/03\/275041516_337374521656571_2160765135886444438_n.jpg\" loading=\"lazy\" alt=\"\" class=\"fw-gallery__image\">\n                                    <img decoding=\"async\" src=\"https:\/\/www.ranqer.com\/wp-content\/uploads\/2022\/03\/274536583_300623398726198_2170755618897338834_n.jpg\" loading=\"lazy\" alt=\"\" class=\"fw-gallery__image\">\n                                    <img decoding=\"async\" src=\"https:\/\/www.ranqer.com\/wp-content\/uploads\/2024\/04\/image-3.png\" loading=\"lazy\" alt=\"\" class=\"fw-gallery__image\">\n                            <\/div>\n                                        <div class=\"fw-gallery__image-row has--3-cols\">\n                                    <img decoding=\"async\" src=\"https:\/\/www.ranqer.com\/wp-content\/uploads\/2024\/04\/Ranqer-Felix-Black-_-White-Rushhour.2.jpeg\" loading=\"lazy\" alt=\"\" class=\"fw-gallery__image\">\n                                    <img decoding=\"async\" src=\"https:\/\/www.ranqer.com\/wp-content\/uploads\/2024\/04\/20211116_170239-scaled.jpg\" loading=\"lazy\" alt=\"\" class=\"fw-gallery__image\">\n                                    <img decoding=\"async\" src=\"https:\/\/www.ranqer.com\/wp-content\/uploads\/2022\/03\/259285728_943901949809571_6655396106240308924_n.jpg\" loading=\"lazy\" alt=\"\" class=\"fw-gallery__image\">\n                            <\/div>\n            <\/div>\n","protected":false},"excerpt":{"rendered":"","protected":false},"author":5,"featured_media":0,"parent":0,"menu_order":0,"comment_status":"closed","ping_status":"closed","template":"","meta":{"footnotes":""},"categories":[],"tags":[],"class_list":["post-15787","page","type-page","status-publish","hentry"],"_links":{"self":[{"href":"https:\/\/www.ranqer.com\/fr\/wp-json\/wp\/v2\/pages\/15787","targetHints":{"allow":["GET"]}}],"collection":[{"href":"https:\/\/www.ranqer.com\/fr\/wp-json\/wp\/v2\/pages"}],"about":[{"href":"https:\/\/www.ranqer.com\/fr\/wp-json\/wp\/v2\/types\/page"}],"author":[{"embeddable":true,"href":"https:\/\/www.ranqer.com\/fr\/wp-json\/wp\/v2\/users\/5"}],"replies":[{"embeddable":true,"href":"https:\/\/www.ranqer.com\/fr\/wp-json\/wp\/v2\/comments?post=15787"}],"version-history":[{"count":9,"href":"https:\/\/www.ranqer.com\/fr\/wp-json\/wp\/v2\/pages\/15787\/revisions"}],"predecessor-version":[{"id":18812,"href":"https:\/\/www.ranqer.com\/fr\/wp-json\/wp\/v2\/pages\/15787\/revisions\/18812"}],"wp:attachment":[{"href":"https:\/\/www.ranqer.com\/fr\/wp-json\/wp\/v2\/media?parent=15787"}],"wp:term":[{"taxonomy":"category","embeddable":true,"href":"https:\/\/www.ranqer.com\/fr\/wp-json\/wp\/v2\/categories?post=15787"},{"taxonomy":"post_tag","embeddable":true,"href":"https:\/\/www.ranqer.com\/fr\/wp-json\/wp\/v2\/tags?post=15787"}],"curies":[{"name":"wp","href":"https:\/\/api.w.org\/{rel}","templated":true}]}}