{"id":1314,"date":"2021-10-11T16:34:06","date_gmt":"2021-10-11T14:34:06","guid":{"rendered":"https:\/\/ranqer.com\/?page_id=1314"},"modified":"2024-04-09T10:11:45","modified_gmt":"2024-04-09T08:11:45","slug":"garantie","status":"publish","type":"page","link":"https:\/\/www.ranqer.com\/fr\/garantie\/","title":{"rendered":"Warranty"},"content":{"rendered":"\n<div class=\"wp-block-columns is-layout-flex wp-container-core-columns-is-layout-9d6595d7 wp-block-columns-is-layout-flex\">\n<div class=\"wp-block-column is-layout-flow wp-block-column-is-layout-flow\" style=\"flex-basis:100%\"><\/div>\n<\/div>\n\n\n<div class=\"section--full-width-image wf-section\">\n    \n    <div class=\"full-width-image__image-wrapper\">\n        <img decoding=\"async\" src=\"https:\/\/www.ranqer.com\/wp-content\/uploads\/2021\/10\/Ranqer-header-2.png\" loading=\"lazy\" sizes=\"100vw\" alt=\"\" class=\"full-width-image__img\">\n    <\/div>\n\n            <img decoding=\"async\" src=\"https:\/\/www.ranqer.com\/wp-content\/themes\/vallonic-ranqer\/dist\/images\/vallonic__ranqer-com__decoration__divider-02_2f72479f.png\" loading=\"lazy\" alt=\"\" class=\"full-width-image__bottom-divider\">\n    <\/div>\n\n\n<div class=\"section--double-p wf-section\">\n    <div class=\"container w-container\">\n        <div class=\"double-p__title-wrapper\">\n                            <h2 class=\"double-p__main-title is--large\">\n                                        GARANTIE\n                <\/h2>\n\n                <h3 class=\"double-p__main-title is--sub\">\n                                        \n                <\/h3>\n                    <\/div>\n                    <div class=\"double-p__grid\">\n                                    <div class=\"double-p__block\">\n                        <h3 class=\"generic-typography__sub-title bottom--15 top--0\"><\/h3>\n                                                    <p class=\"p1\">Malgr\u00e9 la qualit\u00e9 des chaises gaming Ranqer, il peut arriver que vous receviez un article d\u00e9fectueux ou un article avec une pi\u00e8ce d\u00e9fectueuse. Ranqer offre une garantie de 2 ans \u00e0 tous les clients effectuant un achat.<\/p>\n<p class=\"generic-typography__paragraph\">&nbsp;<\/p>\n<p class=\"p1\"><strong>Conditions de garantie<\/strong><\/p>\n<ul>\n<li>La garantie ne couvre que les produits neufs achet\u00e9s chez un revendeur agr\u00e9\u00e9.<\/li>\n<li>La garantie ne couvre que les produits qui ont \u00e9t\u00e9 assembl\u00e9s correctement selon les instructions.<\/li>\n<li>La p\u00e9riode de garantie commence \u00e0 la date de livraison de l&rsquo;article.<\/li>\n<li>Une r\u00e9clamation peut \u00eatre d\u00e9pos\u00e9e aupr\u00e8s du revendeur agr\u00e9\u00e9 aupr\u00e8s duquel vous avez achet\u00e9 votre article. Apr\u00e8s r\u00e9ception de la r\u00e9clamation, Ranqer informera le client si la r\u00e9clamation est couverte par la garantie.<\/li>\n<li>Les r\u00e9parations sont gratuites<\/li>\n<li>Si les r\u00e9parations ne sont pas possibles, la pi\u00e8ce d\u00e9fectueuse sera remplac\u00e9e.<\/li>\n<li>Selon la situation, les frais d&rsquo;exp\u00e9dition peuvent \u00eatre factur\u00e9s au client.<\/li>\n<\/ul>\n<p class=\"generic-typography__paragraph\">&nbsp;<\/p>\n<p class=\"p1\"><strong>Ce que couvre notre garantie<\/strong><\/p>\n<ul class=\"ul1\">\n<li class=\"li1\">Tout d\u00e9faut sur une chaise gaming r\u00e9cemment achet\u00e9e<\/li>\n<\/ul>\n<p class=\"generic-typography__paragraph\">&nbsp;<\/p>\n<p class=\"p1\"><strong>Ce que notre garantie ne couvre pas<\/strong><\/p>\n<ul>\n<li>Usure due au vieillissement des mat\u00e9riaux<\/li>\n<li>Usure des pi\u00e8ces telles que les roues et les m\u00e9canismes<\/li>\n<li>Casse due \u00e0 un mauvais assemblage du fauteuil<\/li>\n<li>Dommages caus\u00e9s par les animaux<\/li>\n<li>Dommages caus\u00e9s par des temp\u00e9ratures \u00e9lev\u00e9es et une forte humidit\u00e9<\/li>\n<li>Dommages caus\u00e9s par le feu et les d\u00e9g\u00e2ts des eaux ou autres situations hors de notre contr\u00f4le.<\/li>\n<li>Chaises ne relevant pas de la p\u00e9riode de garantie de 2 ans<\/li>\n<\/ul>\n\n                                            <\/div>\n                                    <div class=\"double-p__block\">\n                        <h3 class=\"generic-typography__sub-title bottom--15 top--0\"><\/h3>\n                                                    <p class=\"generic-typography__paragraph\">\n                                \n                            <\/p>\n                                            <\/div>\n                            <\/div>\n            <\/div>\n<\/div>\n\n\n<div class=\"section--dealers wf-section\" id=\"dealers\">\n    <div class=\"container w-container\">\n        <div class=\"dealers__description-grid\">\n            <div class=\"dealers__desc-column\">\n                <h2 class=\"generic-typography__section-title\">\n                                                                                ACHETER <span class=\"collection__title__orange\"> MAINTENANT <\/span>\n                <\/h2>\n                <h3 class=\"generic-typography__sub-title bottom--15\">\n                    \n                <\/h3>\n                <p class=\"generic-typography__paragraph\">\n                    Un grand confort et un grand design. Chaises gaming Ranqer disponibles d\u00e8s maintenant. Am\u00e9liorez votre set-up gaming en choisissant l&#039;une de nos quatre magnifiques chaises gaming.\n                <\/p>\n            <\/div>\n        <\/div>\n                    <div class=\"dealers__grid\">\n                                    <div class=\"dealers__single-dealer\">\n                        <a href=\"https:\/\/www.sbsupply.fr\/ranqer\" class=\"dealers__single__a w-inline-block\" target=\"_blank\" rel=\"noopener\">\n                            <img decoding=\"async\" src=\"https:\/\/www.ranqer.com\/wp-content\/uploads\/2021\/09\/sbsupply-logo-500x1000-1.png\" loading=\"lazy\" alt=\"\" class=\"dealers__single__logo-img\">\n                            <div class=\"dealers__single__details\">\n                                                            <div class=\"dealers__single__countries\">\n                                                                                                          <div class=\"dealers__single__countries__single\">France<\/div>\n                                                                <\/div>\n                              <img decoding=\"async\" src=\"https:\/\/www.ranqer.com\/wp-content\/themes\/vallonic-ranqer\/dist\/images\/vallonic__ranqer-com__icons__arrow-right__orange_143c2b49.svg\" loading=\"lazy\" alt=\"\" class=\"dealers__single__arrow-right\">\n                            <\/div>\n                        <\/a>\n                    <\/div>\n                                    <div class=\"dealers__single-dealer\">\n                        <a href=\"https:\/\/www.bol.com\/be\/fr\/b\/ranqer\/603579028\/?lastId=25162\" class=\"dealers__single__a w-inline-block\" target=\"_blank\" rel=\"noopener\">\n                            <img decoding=\"async\" src=\"https:\/\/www.ranqer.com\/wp-content\/uploads\/2021\/10\/bolcom_logo_blauw_rgb.png\" loading=\"lazy\" alt=\"\" class=\"dealers__single__logo-img\">\n                            <div class=\"dealers__single__details\">\n                                                            <div class=\"dealers__single__countries\">\n                                                                                                          <div class=\"dealers__single__countries__single\">Belgique<\/div>\n                                                                <\/div>\n                              <img decoding=\"async\" src=\"https:\/\/www.ranqer.com\/wp-content\/themes\/vallonic-ranqer\/dist\/images\/vallonic__ranqer-com__icons__arrow-right__orange_143c2b49.svg\" loading=\"lazy\" alt=\"\" class=\"dealers__single__arrow-right\">\n                            <\/div>\n                        <\/a>\n                    <\/div>\n                                    <div class=\"dealers__single-dealer\">\n                        <a href=\"https:\/\/www.amazon.fr\/stores\/Ranqer\/page\/347FE352-F21D-4D14-9D60-52F1A9B96DAF\" class=\"dealers__single__a w-inline-block\" target=\"_blank\" rel=\"noopener\">\n                            <img decoding=\"async\" src=\"https:\/\/www.ranqer.com\/wp-content\/uploads\/2021\/09\/vallonic__ranqer-com__dealers__amazon2x.png\" loading=\"lazy\" alt=\"\" class=\"dealers__single__logo-img\">\n                            <div class=\"dealers__single__details\">\n                                                            <div class=\"dealers__single__countries\">\n                                                                                                          <div class=\"dealers__single__countries__single\">France<\/div>\n                                                                <\/div>\n                              <img decoding=\"async\" src=\"https:\/\/www.ranqer.com\/wp-content\/themes\/vallonic-ranqer\/dist\/images\/vallonic__ranqer-com__icons__arrow-right__orange_143c2b49.svg\" loading=\"lazy\" alt=\"\" class=\"dealers__single__arrow-right\">\n                            <\/div>\n                        <\/a>\n                    <\/div>\n                                    <div class=\"dealers__single-dealer\">\n                        <a href=\"https:\/\/www.fnac.com\/SearchResult\/ResultList.aspx?Search=Ranqer&amp;sft=1&amp;sa=0\" class=\"dealers__single__a w-inline-block\" target=\"_blank\" rel=\"noopener\">\n                            <img decoding=\"async\" src=\"https:\/\/www.ranqer.com\/wp-content\/uploads\/2023\/07\/fnac.png\" loading=\"lazy\" alt=\"\" class=\"dealers__single__logo-img\">\n                            <div class=\"dealers__single__details\">\n                                                            <div class=\"dealers__single__countries\">\n                                                                                                          <div class=\"dealers__single__countries__single\">France<\/div>\n                                                                <\/div>\n                              <img decoding=\"async\" src=\"https:\/\/www.ranqer.com\/wp-content\/themes\/vallonic-ranqer\/dist\/images\/vallonic__ranqer-com__icons__arrow-right__orange_143c2b49.svg\" loading=\"lazy\" alt=\"\" class=\"dealers__single__arrow-right\">\n                            <\/div>\n                        <\/a>\n                    <\/div>\n                            <\/div>\n                            <\/div>\n<\/div>\n","protected":false},"excerpt":{"rendered":"","protected":false},"author":4,"featured_media":0,"parent":0,"menu_order":0,"comment_status":"closed","ping_status":"closed","template":"","meta":{"footnotes":""},"categories":[],"tags":[],"class_list":["post-1314","page","type-page","status-publish","hentry"],"_links":{"self":[{"href":"https:\/\/www.ranqer.com\/fr\/wp-json\/wp\/v2\/pages\/1314","targetHints":{"allow":["GET"]}}],"collection":[{"href":"https:\/\/www.ranqer.com\/fr\/wp-json\/wp\/v2\/pages"}],"about":[{"href":"https:\/\/www.ranqer.com\/fr\/wp-json\/wp\/v2\/types\/page"}],"author":[{"embeddable":true,"href":"https:\/\/www.ranqer.com\/fr\/wp-json\/wp\/v2\/users\/4"}],"replies":[{"embeddable":true,"href":"https:\/\/www.ranqer.com\/fr\/wp-json\/wp\/v2\/comments?post=1314"}],"version-history":[{"count":34,"href":"https:\/\/www.ranqer.com\/fr\/wp-json\/wp\/v2\/pages\/1314\/revisions"}],"predecessor-version":[{"id":7525,"href":"https:\/\/www.ranqer.com\/fr\/wp-json\/wp\/v2\/pages\/1314\/revisions\/7525"}],"wp:attachment":[{"href":"https:\/\/www.ranqer.com\/fr\/wp-json\/wp\/v2\/media?parent=1314"}],"wp:term":[{"taxonomy":"category","embeddable":true,"href":"https:\/\/www.ranqer.com\/fr\/wp-json\/wp\/v2\/categories?post=1314"},{"taxonomy":"post_tag","embeddable":true,"href":"https:\/\/www.ranqer.com\/fr\/wp-json\/wp\/v2\/tags?post=1314"}],"curies":[{"name":"wp","href":"https:\/\/api.w.org\/{rel}","templated":true}]}}