{"id":13135,"date":"2024-04-11T09:55:26","date_gmt":"2024-04-11T07:55:26","guid":{"rendered":"https:\/\/www.ranqer.com\/?page_id=13135"},"modified":"2024-05-02T10:30:40","modified_gmt":"2024-05-02T08:30:40","slug":"ranqer-support-ecran-double","status":"publish","type":"page","link":"https:\/\/www.ranqer.com\/fr\/ranqer-support-ecran-double\/","title":{"rendered":"Ranqer Monitor Arm Dual"},"content":{"rendered":"<div class=\"section--product-highlight wf-section\">\n    <div class=\"container w-container\">\n      <div class=\"product-highlight__grid\">\n        <div class=\"product-highlight__column\">\n          <div class=\"product-highlight__image-wrapper\">\n              <img decoding=\"async\" src=\"https:\/\/www.ranqer.com\/wp-content\/uploads\/2024\/03\/Ranqer-monitor-arm-dual-1.png\" loading=\"lazy\" sizes=\"100vw\" alt=\"Support pour \u00e9crans double Ranqer\" class=\"product-highlight__img\">\n                                <img decoding=\"async\" src=\"https:\/\/www.ranqer.com\/wp-content\/themes\/vallonic-ranqer\/dist\/images\/vallonic__ranqer-com__product-highlight__backdrop-single-color2x_fceffc2a.png\" loading=\"lazy\" sizes=\"100vw\" alt=\"\" class=\"product-highlight__background\">\n                        <\/div>\n        <\/div>\n        <div class=\"product-highlight__column\">\n          <div class=\"product-highlight__details\">\n            <h2 class=\"product-highlight__h2\">\n                                                                Double \u00e9crans <span class=\"product-highlight__h2__orange\"> Double productivit\u00e9 <\/span> \n            <\/h2>\n            <h1 class=\"product-highlight__h1\">\n                Support pour \u00e9crans double Ranqer\n            <\/h1>\n            <p class=\"product-highlight__desc\">\n                Le support pour \u00e9crans double de Ranqer pr\u00e9sente un design simple mais robuste qui s&#039;int\u00e8gre parfaitement \u00e0 n&#039;importe quelle set-up. Son profil \u00e9l\u00e9gant et sa construction minimaliste se fondent sans effort dans votre d\u00e9cor existant, offrant des possibilit\u00e9s de r\u00e9glage in\u00e9gal\u00e9es sans compromettre le style. \r\n\r\nSa conception intuitive et ses instructions faciles \u00e0 suivre font de l&#039;installation un jeu d&#039;enfant, vous permettant de personnaliser sans effort l&#039;emplacement de votre \u00e9cran en fonction de votre position ergonomique pr\u00e9f\u00e9r\u00e9e. \r\n\r\nB\u00e9n\u00e9ficiez d&#039;un confort ergonomique sans pr\u00e9c\u00e9dent, que vous soyez au c\u0153ur de batailles de jeux intenses ou que vous vous attaquiez \u00e0 des t\u00e2ches quotidiennes. Dites adieu \u00e0 la tension du cou et bonjour \u00e0 une productivit\u00e9 accrue gr\u00e2ce au support pour \u00e9crans double de Ranqer.\n            <\/p>\n            <a href=\"#\" data-scroll=\"section--dealers\" class=\"product-highlight__button\">\n                Shop Online\n            <\/a>\n            <div class=\"product-highlight__actions\">\n                                <a\n                      class=\"product-highlight__single-action\"\n                      href=\"#\"\n                      data-scroll=\"detail-shots__section\"\n                  >\n                      En savoir plus \u2192\n                  <\/a>\n                            \n            <\/div>\n          <\/div>\n        <\/div>\n      <\/div>\n    <\/div>\n            <div class=\"product-highlight__bottom-border\"><\/div>\n        \n    <img decoding=\"async\" src=\"https:\/\/www.ranqer.com\/wp-content\/themes\/vallonic-ranqer\/dist\/images\/vallonic__ranqer-com__product-highlight__decorative-elements_7b623bd8.svg\" loading=\"lazy\" alt=\"\" class=\"product-highlight__decoration\">\n<\/div>\n\n\n<div class=\"section--detail-shots wf-section\">\n    <div class=\"container w-container\">\n        <h2 class=\"generic-typography__section-title\">\n                                                LA QUALIT\u00c9 <span class=\"collection__title__orange\">OFFERTE PAR RANQER<\/span>\n        <\/h2>\n    <\/div>\n                                    \n\n              <div class=\"detail-shots__section is--first\">\n                  <div class=\"detail-shots__image-column\">\n                      <img decoding=\"async\" src=\"https:\/\/www.ranqer.com\/wp-content\/uploads\/2024\/03\/blanco_pagina_kopie_243_copy_461.jpg\" loading=\"lazy\" alt=\"\" class=\"detail-shots__single-image\">\n                  <\/div>\n                  <div class=\"detail-shots__desc-column is--right\">\n                      <div class=\"detail-shots__desc-column__inner is--right\">\n                          <h3 class=\"detail-shots__desc-title\">\n                              Support pour \u00e9crans double\n                          <\/h3>\n                          <h4 class=\"generic-typography__sub-title bottom--15 top--0\">\n                              Positionnez vos \u00e9crans \u00e0 votre convenance\n                          <\/h4>\n                          <p class=\"generic-typography__paragraph\">\n                              D\u00e9couvrez la polyvalence in\u00e9gal\u00e9e du support pour \u00e9crans double de Ranqer pour optimiser votre espace de travail. Fabriqu\u00e9 avec une ing\u00e9nierie de pr\u00e9cision, ce support offre un r\u00e9glage en hauteur personnalisable, vous permettant d&#039;\u00e9lever ou d&#039;abaisser sans effort votre \u00e9cran \u00e0 la hauteur de vos yeux. Sa fonction d&#039;inclinaison flexible vous permet d&#039;incliner votre \u00e9cran vers l&#039;avant ou vers l&#039;arri\u00e8re pour un confort visuel optimal, r\u00e9duisant ainsi la tension du cou et am\u00e9liorant la productivit\u00e9. Gr\u00e2ce aux capacit\u00e9s de pivotement \u00e0 180 degr\u00e9s, vous pouvez facilement faire pivoter votre \u00e9cran pour partager du contenu avec vos coll\u00e8gues ou passer de l&#039;orientation paysage \u00e0 l&#039;orientation portrait. \n                          <\/p>\n                      <\/div>\n                  <\/div>\n              <\/div>\n                                                            <div class=\"detail-shots__section \">\n                    <div class=\"detail-shots__desc-column is--left\">\n                        <div class=\"detail-shots__desc-column__inner is--left\">\n                            <h3 class=\"detail-shots__desc-title\">\n                                Conception peu encombrante\n                            <\/h3>\n                            <h4 class=\"generic-typography__sub-title bottom--15 top--0\">\n                                Plus de place pour les choses importantes\n                            <\/h4>\n                            <p class=\"generic-typography__paragraph\">\n                                Gr\u00e2ce \u00e0 son design peu encombrant, le support pour \u00e9cran double de Ranqer permet d&#039;optimiser l&#039;espace de bureau en fixant solidement votre moniteur au-dessus de la surface, lib\u00e9rant ainsi un espace pr\u00e9cieux pour d&#039;autres \u00e9l\u00e9ments essentiels et favorisant un espace de travail propre et efficace.\n                            <\/p>\n                        <\/div>\n                    <\/div>\n                    <div class=\"detail-shots__image-column\">\n                        <img decoding=\"async\" src=\"https:\/\/www.ranqer.com\/wp-content\/uploads\/2024\/02\/ranqer_monitor_arm_single_black_13.png\" loading=\"lazy\" alt=\"\" class=\"detail-shots__single-image\">\n                    <\/div>\n                <\/div>\n                                            \n\n              <div class=\"detail-shots__section \">\n                  <div class=\"detail-shots__image-column\">\n                      <img decoding=\"async\" src=\"https:\/\/www.ranqer.com\/wp-content\/uploads\/2024\/03\/blanco_pagina_kopie_243_copy_464.jpg\" loading=\"lazy\" alt=\"\" class=\"detail-shots__single-image\">\n                  <\/div>\n                  <div class=\"detail-shots__desc-column is--right\">\n                      <div class=\"detail-shots__desc-column__inner is--right\">\n                          <h3 class=\"detail-shots__desc-title\">\n                              Syst\u00e8me de gestion des c\u00e2bles\n                          <\/h3>\n                          <h4 class=\"generic-typography__sub-title bottom--15 top--0\">\n                              Cr\u00e9er un bureau d\u00e9sencombr\u00e9\n                          <\/h4>\n                          <p class=\"generic-typography__paragraph\">\n                              Ce support pour \u00e9cran est dot\u00e9 d&#039;un syst\u00e8me de gestion des c\u00e2bles int\u00e9gr\u00e9, qui permet de garder votre espace de travail ordonn\u00e9 et organis\u00e9 en dissimulant les c\u00e2bles et les cordons, r\u00e9duisant ainsi l&#039;encombrement et am\u00e9liorant l&#039;esth\u00e9tique.\n                          <\/p>\n                      <\/div>\n                  <\/div>\n              <\/div>\n                        <\/div>\n\n\n<div class=\"section--double-p wf-section\">\n    <div class=\"container w-container\">\n        <div class=\"double-p__title-wrapper\">\n                            <h2 class=\"double-p__main-title is--large\">\n                                        Red\u00e9finit le confort et la productivit\u00e9 <\/strong>\n                <\/h2>\n\n                <h3 class=\"double-p__main-title is--sub\">\n                                        Support pour \u00e9cran <strong class=\"double-p__main-title__orange\"> ergonomique<\/strong>\n                <\/h3>\n                    <\/div>\n                    <div class=\"double-p__grid\">\n                                    <div class=\"double-p__block\">\n                        <h3 class=\"generic-typography__sub-title bottom--15 top--0\">Pour les joueurs les plus intr\u00e9pides<\/h3>\n                                                    <p class=\"generic-typography__paragraph\">\n                                <p class=\"p1\">Que vous travailliez dans un open-space, \u00e0 domicile ou dans un bureau priv\u00e9, les moniteurs Ranqer sont con\u00e7us pour offrir un aspect professionnel et un grand confort. Modernes, \u00e9l\u00e9gants et abordables &#8211; trois mots qui d\u00e9crivent parfaitement les support pour \u00e9crans double de Ranqer. Si vous voulez avoir l&rsquo;air d&rsquo;un joueur professionnel ou donner un coup de jeune \u00e0 votre bureau, vous trouverez le support pour \u00e9crans qui vous convient. Outre le soutien incroyable qu&rsquo;ils offrent, les support pour \u00e9crans Ranqer ont un aspect moderne et intemporel.<\/p>\n\n                            <\/p>\n                                            <\/div>\n                                    <div class=\"double-p__block\">\n                        <h3 class=\"generic-typography__sub-title bottom--15 top--0\"><\/h3>\n                                                    <p class=\"generic-typography__paragraph\">Le support pour \u00e9cran Ranqer est un v\u00e9ritable outil de multitasking dans votre espace de travail. Gr\u00e2ce \u00e0 sa polyvalence, il s&rsquo;adapte sans effort \u00e0 vos besoins. Que vous pr\u00e9f\u00e9riez un seul \u00e9cran pour une installation simplifi\u00e9e ou plusieurs \u00e9crans pour une productivit\u00e9 maximale, les supports pour \u00e9cran Ranqer offre la flexibilit\u00e9 dont vous avez besoin. R\u00e9glable en hauteur, en inclinaison et en rotation, il offre des possibilit\u00e9s infinies pour positionner vos \u00e9crans exactement comme vous le souhaitez. D\u00e9couvrez la libert\u00e9 de personnaliser votre espace de travail avec les supports pour \u00e9cran Ranqer.<\/p>\n\n                                            <\/div>\n                            <\/div>\n            <\/div>\n<\/div>\n\n\n<div class=\"section--selling-points  wf-section\">\n    <div class=\"container w-container\">\n                                <div class=\"selling-points__title\">\n                            <h2 class=\"generic-typography__section-title\">\n                    Nos <span class=\"collection__title__orange\">points forts<\/span>\n                <\/h2>\n                    <\/div>\n        <div class=\"selling-points__grid\">\n                                                <div class=\"selling-points__single\">\n                        <div class=\"selling-points__single__inner\">\n                            <div class=\"selling-points__single__text\">\n                                Tr\u00e8s ergonomique\n                            <\/div>\n                            <div class=\"selling-points__single__icon-wrapper\">\n                                <img decoding=\"async\" src=\"https:\/\/www.ranqer.com\/wp-content\/themes\/vallonic-ranqer\/dist\/images\/vallonic__ranqer-com__icons__ergonomic__orange_46a0c9d8.svg\" loading=\"lazy\" width=\"21\" alt=\"\" class=\"selling-points__single__icon\">\n                            <\/div>\n                        <\/div>\n                    <\/div>\n                                    <div class=\"selling-points__single\">\n                        <div class=\"selling-points__single__inner\">\n                            <div class=\"selling-points__single__text\">\n                                Inspir\u00e9 par la course automobile\n                            <\/div>\n                            <div class=\"selling-points__single__icon-wrapper\">\n                                <img decoding=\"async\" src=\"https:\/\/www.ranqer.com\/wp-content\/themes\/vallonic-ranqer\/dist\/images\/vallonic__ranqer-com__icons__racing__orange_7c54f02f.svg\" loading=\"lazy\" width=\"21\" alt=\"\" class=\"selling-points__single__icon\">\n                            <\/div>\n                        <\/div>\n                    <\/div>\n                                    <div class=\"selling-points__single\">\n                        <div class=\"selling-points__single__inner\">\n                            <div class=\"selling-points__single__text\">\n                                Design hollandais\n                            <\/div>\n                            <div class=\"selling-points__single__icon-wrapper\">\n                                <img decoding=\"async\" src=\"https:\/\/www.ranqer.com\/wp-content\/themes\/vallonic-ranqer\/dist\/images\/vallonic__ranqer-com__icons__design__orange_5cb9e4bc.svg\" loading=\"lazy\" width=\"21\" alt=\"\" class=\"selling-points__single__icon\">\n                            <\/div>\n                        <\/div>\n                    <\/div>\n                                    <\/div>\n                            <div class=\"selling-points__cta-wrapper\">\n                <a\n                    href=\"#\"\n                    data-scroll=\"section--dealers\"\n                    class=\"selling-points__cta\"\n                >\n                    Acheter maintenant\n                <\/a>\n            <\/div>\n            <\/div>\n<\/div>\n\n\n<div class=\"section--dealers wf-section\" id=\"dealers\">\n    <div class=\"container w-container\">\n        <div class=\"dealers__description-grid\">\n            <div class=\"dealers__desc-column\">\n                <h2 class=\"generic-typography__section-title\">\n                                                                                <span class=\"collection__title__orange\">Nos revendeurs<\/span>\n                <\/h2>\n                <h3 class=\"generic-typography__sub-title bottom--15\">\n                    Acheter maintenant\n                <\/h3>\n                <p class=\"generic-typography__paragraph\">\n                    Am\u00e9liorez votre espace de travail avec le support pour \u00e9crans polyvalent Ranqer. Ajustez sans effort votre \u00e9cran pour un confort et une productivit\u00e9 optimaux. Personnalisez votre installation en toute simplicit\u00e9. Am\u00e9liorez votre espace de travail d\u00e8s aujourd&#039;hui !\n                <\/p>\n            <\/div>\n        <\/div>\n                    <div class=\"dealers__grid\">\n                                    <div class=\"dealers__single-dealer\">\n                        <a href=\"https:\/\/www.sbsupply.eu\/ranqer-monitor-arm-dual-black\" class=\"dealers__single__a w-inline-block\" target=\"_blank\" rel=\"noopener\">\n                            <img decoding=\"async\" src=\"https:\/\/www.ranqer.com\/wp-content\/uploads\/2021\/09\/sbsupply-logo-500x1000-1.png\" loading=\"lazy\" alt=\"\" class=\"dealers__single__logo-img\">\n                            <div class=\"dealers__single__details\">\n                                                            <div class=\"dealers__single__countries\">\n                                                                                                          <div class=\"dealers__single__countries__single\">France<\/div>\n                                                                        <div class=\"dealers__single__countries__single\">Belgique<\/div>\n                                                                <\/div>\n                              <img decoding=\"async\" src=\"https:\/\/www.ranqer.com\/wp-content\/themes\/vallonic-ranqer\/dist\/images\/vallonic__ranqer-com__icons__arrow-right__orange_143c2b49.svg\" loading=\"lazy\" alt=\"\" class=\"dealers__single__arrow-right\">\n                            <\/div>\n                        <\/a>\n                    <\/div>\n                            <\/div>\n                            <\/div>\n<\/div>\n\n\n<div class=\"section--product-downloads bottom--0 wf-section\">\n    <div class=\"container w-container\">\n        <div class=\"product-downloads__grid\">\n            <div class=\"product-downloads__column\">\n                <h2 class=\"generic-typography__section-title\">\n                                        Fiche produit\n                <\/h2>\n                <h3 class=\"generic-typography__sub-title bottom--15\">\n                    Caract\u00e9ristiques\n                <\/h3>\n                <p class=\"generic-typography__paragraph\">\n                    <p>Adapt\u00e9 aux tailles d&rsquo;\u00e9cran : 17&Prime;-32&Prime;<\/p>\n<p>Adapt\u00e9 aux \u00e9crans incurv\u00e9s : Oui<\/p>\n<p>Poids maximum (par \u00e9cran) : 2~9 kg<\/p>\n<p>Compatible VESA : 75&#215;75, 100&#215;100<\/p>\n<p>Plage d&rsquo;inclinaison : +45\u00b0~-45\u00b0<\/p>\n<p>Plage de rotation : +90\u00b0~-90\u00b0<\/p>\n<p>Rotation de l&rsquo;\u00e9cran : +180\u00b0~-180\u00b0<\/p>\n<p>Bras enti\u00e8rement d\u00e9ploy\u00e9 : 376 mm<\/p>\n\n                <\/p>\n                <div class=\"product-downloads__actions-grid\">\n                                    <\/div>\n            <\/div>\n            <div class=\"product-downloads__column\">\n                <div class=\"product-downloads__decoration-wrapper\">\n                    <img decoding=\"async\" src=\"https:\/\/www.ranqer.com\/wp-content\/uploads\/2024\/04\/vallonic__ranqer-com__logo__full-orange_b536aaf5-1.png\" loading=\"lazy\" alt=\"\" class=\"product-downloads__decoration-img\">\n                <\/div>\n            <\/div>\n        <\/div>\n    <\/div>\n<\/div>\n","protected":false},"excerpt":{"rendered":"","protected":false},"author":28,"featured_media":0,"parent":0,"menu_order":0,"comment_status":"closed","ping_status":"closed","template":"","meta":{"footnotes":""},"categories":[],"tags":[],"class_list":["post-13135","page","type-page","status-publish","hentry"],"_links":{"self":[{"href":"https:\/\/www.ranqer.com\/fr\/wp-json\/wp\/v2\/pages\/13135","targetHints":{"allow":["GET"]}}],"collection":[{"href":"https:\/\/www.ranqer.com\/fr\/wp-json\/wp\/v2\/pages"}],"about":[{"href":"https:\/\/www.ranqer.com\/fr\/wp-json\/wp\/v2\/types\/page"}],"author":[{"embeddable":true,"href":"https:\/\/www.ranqer.com\/fr\/wp-json\/wp\/v2\/users\/28"}],"replies":[{"embeddable":true,"href":"https:\/\/www.ranqer.com\/fr\/wp-json\/wp\/v2\/comments?post=13135"}],"version-history":[{"count":10,"href":"https:\/\/www.ranqer.com\/fr\/wp-json\/wp\/v2\/pages\/13135\/revisions"}],"predecessor-version":[{"id":17114,"href":"https:\/\/www.ranqer.com\/fr\/wp-json\/wp\/v2\/pages\/13135\/revisions\/17114"}],"wp:attachment":[{"href":"https:\/\/www.ranqer.com\/fr\/wp-json\/wp\/v2\/media?parent=13135"}],"wp:term":[{"taxonomy":"category","embeddable":true,"href":"https:\/\/www.ranqer.com\/fr\/wp-json\/wp\/v2\/categories?post=13135"},{"taxonomy":"post_tag","embeddable":true,"href":"https:\/\/www.ranqer.com\/fr\/wp-json\/wp\/v2\/tags?post=13135"}],"curies":[{"name":"wp","href":"https:\/\/api.w.org\/{rel}","templated":true}]}}