{"id":1249,"date":"2021-10-11T15:43:27","date_gmt":"2021-10-11T13:43:27","guid":{"rendered":"https:\/\/ranqer.com\/?page_id=1249"},"modified":"2024-04-18T15:29:24","modified_gmt":"2024-04-18T13:29:24","slug":"chaise-gaming-avec-led-rgb-integree","status":"publish","type":"page","link":"https:\/\/www.ranqer.com\/fr\/chaise-gaming-avec-led-rgb-integree\/","title":{"rendered":"Blog &#8211; Gaming chairs with lights\/LED"},"content":{"rendered":"\n<div class=\"wp-block-columns is-layout-flex wp-container-core-columns-is-layout-9d6595d7 wp-block-columns-is-layout-flex\">\n<div class=\"wp-block-column is-layout-flow wp-block-column-is-layout-flow\" style=\"flex-basis:100%\"><\/div>\n<\/div>\n\n\n<div class=\"section--full-width-image wf-section\">\n    \n    <div class=\"full-width-image__image-wrapper\">\n        <img decoding=\"async\" src=\"https:\/\/www.ranqer.com\/wp-content\/uploads\/2021\/10\/Ranqer-header-2.png\" loading=\"lazy\" sizes=\"100vw\" alt=\"\" class=\"full-width-image__img\">\n    <\/div>\n\n            <img decoding=\"async\" src=\"https:\/\/www.ranqer.com\/wp-content\/themes\/vallonic-ranqer\/dist\/images\/vallonic__ranqer-com__decoration__divider-02_2f72479f.png\" loading=\"lazy\" alt=\"\" class=\"full-width-image__bottom-divider\">\n    <\/div>\n\n\n<div class=\"section--double-p wf-section\">\n    <div class=\"container w-container\">\n        <div class=\"double-p__title-wrapper\">\n                            <h2 class=\"double-p__main-title is--large\">\n                                        RANQER CHAISE GAMING <strong class=\"double-p__main-title__orange\"> RGB \/ LED <\/strong>\n                <\/h2>\n\n                <h3 class=\"double-p__main-title is--sub\">\n                                        CR\u00c9\u00c9 TON UNIQUE <strong class=\"double-p__main-title__orange\"> SET-UP GAMING <\/strong>\n                <\/h3>\n                    <\/div>\n                    <div class=\"double-p__grid\">\n                                    <div class=\"double-p__block\">\n                        <h3 class=\"generic-typography__sub-title bottom--15 top--0\"><\/h3>\n                                                    <p class=\"generic-typography__paragraph\">Avec les chaises gaming Ranqer dot\u00e9es de lumi\u00e8res RGB \/ LED, vous \u00eates certain d&rsquo;avoir un \u00e9quipement gaming ou de travail unique et agr\u00e9able. Cr\u00e9e un environnement unique, confortable et surprenant.<\/p>\n<p class=\"generic-typography__paragraph\">D\u00e9couvrez nos trois mod\u00e8les RGB \/ LED !<\/p>\n\n                                            <\/div>\n                                    <div class=\"double-p__block\">\n                        <h3 class=\"generic-typography__sub-title bottom--15 top--0\"><\/h3>\n                                                    <p class=\"generic-typography__paragraph\">\n                                \n                            <\/p>\n                                            <\/div>\n                            <\/div>\n            <\/div>\n<\/div>\n\n\n<div class=\"section--detail-shots wf-section\">\n    <div class=\"container w-container\">\n        <h2 class=\"generic-typography__section-title\">\n                                                LA QUALIT\u00c9 <span class=\"collection__title__orange\"> SERMENT DE RANQER <\/span>\n        <\/h2>\n    <\/div>\n                                    \n\n              <div class=\"detail-shots__section is--first\">\n                  <div class=\"detail-shots__image-column\">\n                      <img decoding=\"async\" src=\"https:\/\/www.ranqer.com\/wp-content\/uploads\/2021\/09\/Ranqer-Halo-RGB-gaming-chair-detail-RGB.png\" loading=\"lazy\" alt=\"\" class=\"detail-shots__single-image\">\n                  <\/div>\n                  <div class=\"detail-shots__desc-column is--right\">\n                      <div class=\"detail-shots__desc-column__inner is--right\">\n                          <h3 class=\"detail-shots__desc-title\">\n                              \u00c9CLAIRAGE RGB \/ LED\n                          <\/h3>\n                          <h4 class=\"generic-typography__sub-title bottom--15 top--0\">\n                              30 combinaisons possibles \n                          <\/h4>\n                          <p class=\"generic-typography__paragraph\">\n                              Gr\u00e2ce \u00e0 l&#039;\u00e9clairage RGB \/ LED int\u00e9gr\u00e9, vous \u00eates s\u00fbr de vivre une exp\u00e9rience incomparable. Les lumi\u00e8res RGB \/ LED sont des lumi\u00e8res rouges, vertes et bleues qui, ensemble, cr\u00e9ent plus de 30 combinaisons de couleurs. Vous pouvez \u00e9galement disposer de plus de 30 combinaisons d&#039;impulsions et de 7 options de couleurs unies. Les lumi\u00e8res RGB \/ LED fonctionnent en connectant la chaise gaming via le c\u00e2ble USB, ce qui peut \u00eatre fait directement avec le c\u00e2ble USB. Vous pouvez \u00e9galement le connecter avec une batterie externe, ce qui pourrait \u00eatre plus pratique. La bande de LED est int\u00e9gr\u00e9e au si\u00e8ge de la chaise ainsi qu&#039;au dossier. \n                          <\/p>\n                      <\/div>\n                  <\/div>\n              <\/div>\n                                                            <div class=\"detail-shots__section \">\n                    <div class=\"detail-shots__desc-column is--left\">\n                        <div class=\"detail-shots__desc-column__inner is--left\">\n                            <h3 class=\"detail-shots__desc-title\">\n                                L&#039;AMBIANCE PARFAITE\n                            <\/h3>\n                            <h4 class=\"generic-typography__sub-title bottom--15 top--0\">\n                                R\u00e9glez les lumi\u00e8res \u00e0 votre convenance\n                            <\/h4>\n                            <p class=\"generic-typography__paragraph\">\n                                La chaise gaming est livr\u00e9e avec une t\u00e9l\u00e9commande. Vous pouvez utiliser cette t\u00e9l\u00e9commande pour r\u00e9gler la couleur, la luminosit\u00e9, les combinaisons d&#039;impulsions ainsi que la vitesse des lumi\u00e8res. \r\nUtilisez la t\u00e9l\u00e9commande \u00e0 son plein potentiel. Adaptez les lumi\u00e8res RGB \/ LED \u00e0 chaque jeu que vous jouez, afin de cr\u00e9er une ambiance de jeu id\u00e9ale. Que vous souhaitiez que la couleur soit rouge ou multicolore et vibrante, les lumi\u00e8res LED int\u00e9gr\u00e9es permettent de tout r\u00e9aliser.\n                            <\/p>\n                        <\/div>\n                    <\/div>\n                    <div class=\"detail-shots__image-column\">\n                        <img decoding=\"async\" src=\"https:\/\/www.ranqer.com\/wp-content\/uploads\/2021\/09\/Ranqer-Aura-RGB-gaming-chair.png\" loading=\"lazy\" alt=\"\" class=\"detail-shots__single-image\">\n                    <\/div>\n                <\/div>\n                                            \n\n              <div class=\"detail-shots__section \">\n                  <div class=\"detail-shots__image-column\">\n                      <img decoding=\"async\" src=\"https:\/\/www.ranqer.com\/wp-content\/uploads\/2021\/09\/Ranqer-Aura-detail-RGB.png\" loading=\"lazy\" alt=\"\" class=\"detail-shots__single-image\">\n                  <\/div>\n                  <div class=\"detail-shots__desc-column is--right\">\n                      <div class=\"detail-shots__desc-column__inner is--right\">\n                          <h3 class=\"detail-shots__desc-title\">\n                              DURABILIT\u00c9 ET \u00c9CONOMIE D&#039;\u00c9NERGIE\n                          <\/h3>\n                          <h4 class=\"generic-typography__sub-title bottom--15 top--0\">\n                              Une longue dur\u00e9e de vie \n                          <\/h4>\n                          <p class=\"generic-typography__paragraph\">\n                              Les lumi\u00e8res RGB \/ LED int\u00e9gr\u00e9es durent longtemps et \u00e9conomisent l&#039;\u00e9nergie. Les lumi\u00e8res resteront tr\u00e8s vives pendant longtemps, comme elles le furent au d\u00e9but. Comme les lumi\u00e8res LED consomment moins d&#039;\u00e9nergie, elles d\u00e9gagent moins de chaleur. Vous n&#039;avez donc pas \u00e0 vous soucier de la surchauffe de votre fauteuil. Ne vous pr\u00e9occupez plus de vos co\u00fbts d&#039;\u00e9nergie, mais plut\u00f4t de votre victoire !\n                          <\/p>\n                      <\/div>\n                  <\/div>\n              <\/div>\n                        <\/div>\n\n\n<div class=\"section--selling-points  wf-section\">\n    <div class=\"container w-container\">\n                                <div class=\"selling-points__title\">\n                            <h2 class=\"generic-typography__section-title\">\n                    Nos <span class=\"collection__title__orange\"> Atouts <\/span>\n                <\/h2>\n                    <\/div>\n        <div class=\"selling-points__grid\">\n                                                <div class=\"selling-points__single\">\n                        <div class=\"selling-points__single__inner\">\n                            <div class=\"selling-points__single__text\">\n                                Tr\u00e8s ergonomique\n                            <\/div>\n                            <div class=\"selling-points__single__icon-wrapper\">\n                                <img decoding=\"async\" src=\"https:\/\/www.ranqer.com\/wp-content\/themes\/vallonic-ranqer\/dist\/images\/vallonic__ranqer-com__icons__ergonomic__orange_46a0c9d8.svg\" loading=\"lazy\" width=\"21\" alt=\"\" class=\"selling-points__single__icon\">\n                            <\/div>\n                        <\/div>\n                    <\/div>\n                                    <div class=\"selling-points__single\">\n                        <div class=\"selling-points__single__inner\">\n                            <div class=\"selling-points__single__text\">\n                                Inspir\u00e9 par les voitures de course\n                            <\/div>\n                            <div class=\"selling-points__single__icon-wrapper\">\n                                <img decoding=\"async\" src=\"https:\/\/www.ranqer.com\/wp-content\/themes\/vallonic-ranqer\/dist\/images\/vallonic__ranqer-com__icons__racing__orange_7c54f02f.svg\" loading=\"lazy\" width=\"21\" alt=\"\" class=\"selling-points__single__icon\">\n                            <\/div>\n                        <\/div>\n                    <\/div>\n                                    <div class=\"selling-points__single\">\n                        <div class=\"selling-points__single__inner\">\n                            <div class=\"selling-points__single__text\">\n                                Con\u00e7u aux Pays-Bas\n                            <\/div>\n                            <div class=\"selling-points__single__icon-wrapper\">\n                                <img decoding=\"async\" src=\"https:\/\/www.ranqer.com\/wp-content\/themes\/vallonic-ranqer\/dist\/images\/vallonic__ranqer-com__icons__design__orange_5cb9e4bc.svg\" loading=\"lazy\" width=\"21\" alt=\"\" class=\"selling-points__single__icon\">\n                            <\/div>\n                        <\/div>\n                    <\/div>\n                                    <div class=\"selling-points__single\">\n                        <div class=\"selling-points__single__inner\">\n                            <div class=\"selling-points__single__text\">\n                                Confortable\n                            <\/div>\n                            <div class=\"selling-points__single__icon-wrapper\">\n                                <img decoding=\"async\" src=\"https:\/\/www.ranqer.com\/wp-content\/themes\/vallonic-ranqer\/dist\/images\/vallonic__ranqer-com__icons__ergonomic__orange_46a0c9d8.svg\" loading=\"lazy\" width=\"21\" alt=\"\" class=\"selling-points__single__icon\">\n                            <\/div>\n                        <\/div>\n                    <\/div>\n                                    <div class=\"selling-points__single\">\n                        <div class=\"selling-points__single__inner\">\n                            <div class=\"selling-points__single__text\">\n                                Haute qualit\u00e9\n                            <\/div>\n                            <div class=\"selling-points__single__icon-wrapper\">\n                                <img decoding=\"async\" src=\"https:\/\/www.ranqer.com\/wp-content\/themes\/vallonic-ranqer\/dist\/images\/vallonic__ranqer-com__icons__design__orange_5cb9e4bc.svg\" loading=\"lazy\" width=\"21\" alt=\"\" class=\"selling-points__single__icon\">\n                            <\/div>\n                        <\/div>\n                    <\/div>\n                                    <div class=\"selling-points__single\">\n                        <div class=\"selling-points__single__inner\">\n                            <div class=\"selling-points__single__text\">\n                                Garantie de 2 ans\n                            <\/div>\n                            <div class=\"selling-points__single__icon-wrapper\">\n                                <img decoding=\"async\" src=\"https:\/\/www.ranqer.com\/wp-content\/themes\/vallonic-ranqer\/dist\/images\/vallonic__ranqer-com__icons__design__orange_5cb9e4bc.svg\" loading=\"lazy\" width=\"21\" alt=\"\" class=\"selling-points__single__icon\">\n                            <\/div>\n                        <\/div>\n                    <\/div>\n                                    <\/div>\n                            <div class=\"selling-points__cta-wrapper\">\n                <a\n                    href=\"#\"\n                    data-scroll=\"section--dealers\"\n                    class=\"selling-points__cta\"\n                >\n                    Acheter maintenant\n                <\/a>\n            <\/div>\n            <\/div>\n<\/div>\n\n\n\n<div class=\"wp-block-columns is-layout-flex wp-container-core-columns-is-layout-9d6595d7 wp-block-columns-is-layout-flex\">\n<div class=\"wp-block-column is-layout-flow wp-block-column-is-layout-flow\" style=\"flex-basis:100%\"><\/div>\n<\/div>\n\n\n<div class=\"section--dealers wf-section\" id=\"dealers\">\n    <div class=\"container w-container\">\n        <div class=\"dealers__description-grid\">\n            <div class=\"dealers__desc-column\">\n                <h2 class=\"generic-typography__section-title\">\n                                                                                ACHETER <span class=\"collection__title__orange\"> MAINTENANT <\/span>\n                <\/h2>\n                <h3 class=\"generic-typography__sub-title bottom--15\">\n                    \n                <\/h3>\n                <p class=\"generic-typography__paragraph\">\n                    Design et confort de prestige \u00e0 petit prix ! Les chaises gaming Ranqer sont maintenant disponibles sur Amazon, SB Supply et Bol. Mettez \u00e0 jour votre setup gaming avec l&#039;un de nos fauteuils gamer de luxe. \n                <\/p>\n            <\/div>\n        <\/div>\n                    <div class=\"dealers__grid\">\n                                    <div class=\"dealers__single-dealer\">\n                        <a href=\"https:\/\/www.sbsupply.fr\/gaming\/chairs\/ranqer--eclairage-rgb-led-integre\" class=\"dealers__single__a w-inline-block\" target=\"_blank\" rel=\"noopener\">\n                            <img decoding=\"async\" src=\"https:\/\/www.ranqer.com\/wp-content\/uploads\/2021\/09\/sbsupply-logo-500x1000-1.png\" loading=\"lazy\" alt=\"\" class=\"dealers__single__logo-img\">\n                            <div class=\"dealers__single__details\">\n                                                            <div class=\"dealers__single__countries\">\n                                                                                                          <div class=\"dealers__single__countries__single\">France<\/div>\n                                                                <\/div>\n                              <img decoding=\"async\" src=\"https:\/\/www.ranqer.com\/wp-content\/themes\/vallonic-ranqer\/dist\/images\/vallonic__ranqer-com__icons__arrow-right__orange_143c2b49.svg\" loading=\"lazy\" alt=\"\" class=\"dealers__single__arrow-right\">\n                            <\/div>\n                        <\/a>\n                    <\/div>\n                                    <div class=\"dealers__single-dealer\">\n                        <a href=\"https:\/\/www.bol.com\/be\/fr\/b\/ranqer\/603579028\/\" class=\"dealers__single__a w-inline-block\" target=\"_blank\" rel=\"noopener\">\n                            <img decoding=\"async\" src=\"https:\/\/www.ranqer.com\/wp-content\/uploads\/2021\/10\/bolcom_logo_blauw_rgb.png\" loading=\"lazy\" alt=\"\" class=\"dealers__single__logo-img\">\n                            <div class=\"dealers__single__details\">\n                                                            <div class=\"dealers__single__countries\">\n                                                                                                          <div class=\"dealers__single__countries__single\">Belgique<\/div>\n                                                                <\/div>\n                              <img decoding=\"async\" src=\"https:\/\/www.ranqer.com\/wp-content\/themes\/vallonic-ranqer\/dist\/images\/vallonic__ranqer-com__icons__arrow-right__orange_143c2b49.svg\" loading=\"lazy\" alt=\"\" class=\"dealers__single__arrow-right\">\n                            <\/div>\n                        <\/a>\n                    <\/div>\n                                    <div class=\"dealers__single-dealer\">\n                        <a href=\"https:\/\/www.amazon.fr\/stores\/page\/92ABA529-85B8-4208-AB9B-4BC2E471390B?ingress=0&amp;visitId=d4dbcb1f-3313-4073-bb11-1857b6709b0d&amp;ref_=ast_bln\" class=\"dealers__single__a w-inline-block\" target=\"_blank\" rel=\"noopener\">\n                            <img decoding=\"async\" src=\"https:\/\/www.ranqer.com\/wp-content\/uploads\/2021\/09\/vallonic__ranqer-com__dealers__amazon2x.png\" loading=\"lazy\" alt=\"\" class=\"dealers__single__logo-img\">\n                            <div class=\"dealers__single__details\">\n                                                            <div class=\"dealers__single__countries\">\n                                                                                                          <div class=\"dealers__single__countries__single\">France<\/div>\n                                                                <\/div>\n                              <img decoding=\"async\" src=\"https:\/\/www.ranqer.com\/wp-content\/themes\/vallonic-ranqer\/dist\/images\/vallonic__ranqer-com__icons__arrow-right__orange_143c2b49.svg\" loading=\"lazy\" alt=\"\" class=\"dealers__single__arrow-right\">\n                            <\/div>\n                        <\/a>\n                    <\/div>\n                                    <div class=\"dealers__single-dealer\">\n                        <a href=\"https:\/\/www.fnac.com\/SearchResult\/ResultList.aspx?Search=ranqer&amp;sft=1&amp;sa=0#ID47207905\" class=\"dealers__single__a w-inline-block\" target=\"_blank\" rel=\"noopener\">\n                            <img decoding=\"async\" src=\"https:\/\/www.ranqer.com\/wp-content\/uploads\/2023\/07\/fnac.png\" loading=\"lazy\" alt=\"\" class=\"dealers__single__logo-img\">\n                            <div class=\"dealers__single__details\">\n                                                            <div class=\"dealers__single__countries\">\n                                                                                                          <div class=\"dealers__single__countries__single\">France<\/div>\n                                                                <\/div>\n                              <img decoding=\"async\" src=\"https:\/\/www.ranqer.com\/wp-content\/themes\/vallonic-ranqer\/dist\/images\/vallonic__ranqer-com__icons__arrow-right__orange_143c2b49.svg\" loading=\"lazy\" alt=\"\" class=\"dealers__single__arrow-right\">\n                            <\/div>\n                        <\/a>\n                    <\/div>\n                            <\/div>\n                            <\/div>\n<\/div>\n","protected":false},"excerpt":{"rendered":"","protected":false},"author":4,"featured_media":0,"parent":0,"menu_order":0,"comment_status":"closed","ping_status":"closed","template":"","meta":{"footnotes":""},"categories":[],"tags":[],"class_list":["post-1249","page","type-page","status-publish","hentry"],"_links":{"self":[{"href":"https:\/\/www.ranqer.com\/fr\/wp-json\/wp\/v2\/pages\/1249","targetHints":{"allow":["GET"]}}],"collection":[{"href":"https:\/\/www.ranqer.com\/fr\/wp-json\/wp\/v2\/pages"}],"about":[{"href":"https:\/\/www.ranqer.com\/fr\/wp-json\/wp\/v2\/types\/page"}],"author":[{"embeddable":true,"href":"https:\/\/www.ranqer.com\/fr\/wp-json\/wp\/v2\/users\/4"}],"replies":[{"embeddable":true,"href":"https:\/\/www.ranqer.com\/fr\/wp-json\/wp\/v2\/comments?post=1249"}],"version-history":[{"count":88,"href":"https:\/\/www.ranqer.com\/fr\/wp-json\/wp\/v2\/pages\/1249\/revisions"}],"predecessor-version":[{"id":14483,"href":"https:\/\/www.ranqer.com\/fr\/wp-json\/wp\/v2\/pages\/1249\/revisions\/14483"}],"wp:attachment":[{"href":"https:\/\/www.ranqer.com\/fr\/wp-json\/wp\/v2\/media?parent=1249"}],"wp:term":[{"taxonomy":"category","embeddable":true,"href":"https:\/\/www.ranqer.com\/fr\/wp-json\/wp\/v2\/categories?post=1249"},{"taxonomy":"post_tag","embeddable":true,"href":"https:\/\/www.ranqer.com\/fr\/wp-json\/wp\/v2\/tags?post=1249"}],"curies":[{"name":"wp","href":"https:\/\/api.w.org\/{rel}","templated":true}]}}