{"id":12450,"date":"2024-04-09T11:04:16","date_gmt":"2024-04-09T09:04:16","guid":{"rendered":"https:\/\/www.ranqer.com\/?page_id=12450"},"modified":"2024-05-02T10:30:43","modified_gmt":"2024-05-02T08:30:43","slug":"ranqer-support-ecran-double-pro-rgb","status":"publish","type":"page","link":"https:\/\/www.ranqer.com\/fr\/ranqer-support-ecran-double-pro-rgb\/","title":{"rendered":"Ranqer Dual Monitor Arm Pro RGB"},"content":{"rendered":"<div class=\"section--product-highlight wf-section\">\n    <div class=\"container w-container\">\n      <div class=\"product-highlight__grid\">\n        <div class=\"product-highlight__column\">\n          <div class=\"product-highlight__image-wrapper\">\n              <img decoding=\"async\" src=\"https:\/\/www.ranqer.com\/wp-content\/uploads\/2024\/02\/Ranqer-Monitor-Dual-Arm-RGB-wit-1-e1707398338855.png\" loading=\"lazy\" sizes=\"100vw\" alt=\"Support pour \u00c9crans Double Pro RGB Ranqer\" class=\"product-highlight__img\">\n                                <img decoding=\"async\" src=\"https:\/\/www.ranqer.com\/wp-content\/themes\/vallonic-ranqer\/dist\/images\/vallonic__ranqer-com__product-highlight__backdrop-multicolor_30a08ed0.png\" loading=\"lazy\" sizes=\"100vw\" alt=\"\" class=\"product-highlight__background\">\n                        <\/div>\n        <\/div>\n        <div class=\"product-highlight__column\">\n          <div class=\"product-highlight__details\">\n            <h2 class=\"product-highlight__h2\">\n                                                                Double \u00e9cran, double \u00e9clat : <span class=\"product-highlight__h2__orange\"> Support pour Ecrans Double Pro RGB Ranqer <\/span>\n            <\/h2>\n            <h1 class=\"product-highlight__h1\">\n                Support pour \u00c9crans Double Pro RGB Ranqer\n            <\/h1>\n            <p class=\"product-highlight__desc\">\n                D\u00e9crouvrez le Support pour Ecrans Double Pro RGB Ranqer, un compl\u00e9ment de pointe pour votre installation, con\u00e7u sp\u00e9cialement pour deux \u00e9crans, chacun avec des lumi\u00e8res RGB personnalisables que vous pouvez contr\u00f4ler. Ce support innovant offre non seulement une capacit\u00e9 de r\u00e9glage in\u00e9gal\u00e9e, mais conf\u00e8re \u00e9galement une touche futuriste \u00e0 votre espace de travail. Avec son design \u00e9l\u00e9gant et ses fonctionnalit\u00e9s avanc\u00e9es, le Support pour \u00c9crans Double Pro RGB Ranqer \u00e9l\u00e8ve votre poste de travail \u00e0 de nouveaux sommets. Gr\u00e2ce \u00e0 sa conception intuitive et \u00e0 son installation simple, vous pouvez personnaliser sans effort l&#039;emplacement de chaque moniteur en fonction de votre position ergonomique pr\u00e9f\u00e9r\u00e9e. Que vous soyez plong\u00e9 dans des sessions de jeux intenses ou que vous vous concentriez sur des t\u00e2ches du quotidien, vous b\u00e9n\u00e9ficiez d&#039;un confort ergonomique comme jamais auparavant. Dites adieu \u00e0 la fatigue cervicale et profitez d&#039;une productivit\u00e9 accrue gr\u00e2ce au Support pour Ecrans Double Pro RGB Ranqer.\n            <\/p>\n            <a href=\"#\" data-scroll=\"section--dealers\" class=\"product-highlight__button\">\n                Shop Online\n            <\/a>\n            <div class=\"product-highlight__actions\">\n                                <a\n                      class=\"product-highlight__single-action\"\n                      href=\"#\"\n                      data-scroll=\"detail-shots__section\"\n                  >\n                      En savoir plus \u2192\n                  <\/a>\n                            \n            <\/div>\n          <\/div>\n        <\/div>\n      <\/div>\n    <\/div>\n                        <div class=\"product-highlight__variations-wrapper\">\n            <div class=\"product-highlight__variations-inner\">\n                <h2 class=\"product-highlight__h2\">\n                                                                                Coloris\n                <\/h2>\n                                    <div class=\"product-highlight__variations\">\n                        \n                        <div class=\"product-highlight__variations__single\">\n                            <img decoding=\"async\" src=\"https:\/\/www.ranqer.com\/wp-content\/uploads\/2024\/02\/Ranqer-Monitor-Dual-Arm-RGB-wit-1-e1707398338855.png\" loading=\"lazy\" alt=\"\" class=\"product-highlight__variations__img\">\n                        <\/div>\n\n                        \n                                                  <div class=\"product-highlight__variations__single\">\n                              <img decoding=\"async\" src=\"https:\/\/www.ranqer.com\/wp-content\/uploads\/2024\/02\/Ranqer-Monitor-Arm-Dual-RGB-space-gray-.png\" loading=\"lazy\" alt=\"\" class=\"product-highlight__variations__img\">\n                          <\/div>\n                                            <\/div>\n                                <div class=\"product-highlight__variations__hint-wrapper\">\n                    <img decoding=\"async\" src=\"https:\/\/www.ranqer.com\/wp-content\/themes\/vallonic-ranqer\/dist\/images\/vallonic__ranqer-com__icons__cursor-pointer__88bec8_d23ff121.svg\" loading=\"lazy\" alt=\"\" class=\"product-highlight__variations__hint-icon\">\n                    <div class=\"product-highlight__variations__hint\">\n                        Cliquez pour agrandir\n                    <\/div>\n                <\/div>\n            <\/div>\n        <\/div>\n    \n    <img decoding=\"async\" src=\"https:\/\/www.ranqer.com\/wp-content\/themes\/vallonic-ranqer\/dist\/images\/vallonic__ranqer-com__product-highlight__decorative-elements_7b623bd8.svg\" loading=\"lazy\" alt=\"\" class=\"product-highlight__decoration\">\n<\/div>\n\n\n<div class=\"section--detail-shots wf-section\">\n    <div class=\"container w-container\">\n        <h2 class=\"generic-typography__section-title\">\n                                                THE QUALITY <span class=\"collection__title__orange\">PROMISED BY RANQER<\/span> \n        <\/h2>\n    <\/div>\n                                    \n\n              <div class=\"detail-shots__section is--first\">\n                  <div class=\"detail-shots__image-column\">\n                      <img decoding=\"async\" src=\"https:\/\/www.ranqer.com\/wp-content\/uploads\/2024\/04\/ranqer_monitor_arm_pro_rgb_single_white_6.jpg\" loading=\"lazy\" alt=\"\" class=\"detail-shots__single-image\">\n                  <\/div>\n                  <div class=\"detail-shots__desc-column is--right\">\n                      <div class=\"detail-shots__desc-column__inner is--right\">\n                          <h3 class=\"detail-shots__desc-title\">\n                              DESIGN ESTH\u00c9TIQUE\n                          <\/h3>\n                          <h4 class=\"generic-typography__sub-title bottom--15 top--0\">\n                              Am\u00e9liorer votre espace de travail\n                          <\/h4>\n                          <p class=\"generic-typography__paragraph\">\n                              Le support pour \u00e9crans double Pro incarne la durabilit\u00e9 \u00e0 son meilleur, avec une conception robuste m\u00e9ticuleusement con\u00e7ue pour r\u00e9sister aux rigueurs de l&#039;utilisation quotidienne. Con\u00e7u avec des mat\u00e9riaux de premi\u00e8re qualit\u00e9 et une construction de pr\u00e9cision.\n                          <\/p>\n                      <\/div>\n                  <\/div>\n              <\/div>\n                                                            <div class=\"detail-shots__section \">\n                    <div class=\"detail-shots__desc-column is--left\">\n                        <div class=\"detail-shots__desc-column__inner is--left\">\n                            <h3 class=\"detail-shots__desc-title\">\n                                AJUSTABILIT\u00c9\n                            <\/h3>\n                            <h4 class=\"generic-typography__sub-title bottom--15 top--0\">\n                                Positionnez votre moniteur sous diff\u00e9rent angle\n                            <\/h4>\n                            <p class=\"generic-typography__paragraph\">\n                                D\u00e9couvrez l&#039;adaptabilit\u00e9 in\u00e9gal\u00e9e du support pour \u00e9crans Ranqer Pro pour r\u00e9volutionner votre espace de travail. M\u00e9ticuleusement con\u00e7u, ce support pour \u00e9cran offre des options de r\u00e9glage de la hauteur sur mesure, vous permettant d&#039;\u00e9lever ou d&#039;abaisser votre \u00e9cran sans effort pour r\u00e9pondre \u00e0 vos pr\u00e9f\u00e9rences pr\u00e9cises en mati\u00e8re de hauteur des yeux. Sa fonctionnalit\u00e9 d&#039;inclinaison avanc\u00e9e offre un contr\u00f4le in\u00e9gal\u00e9, vous permettant d&#039;incliner votre \u00e9cran avec finesse pour un confort visuel supr\u00eame, att\u00e9nuant la tension du cou et amplifiant la productivit\u00e9.\n                            <\/p>\n                        <\/div>\n                    <\/div>\n                    <div class=\"detail-shots__image-column\">\n                        <img decoding=\"async\" src=\"https:\/\/www.ranqer.com\/wp-content\/uploads\/2024\/04\/ranqer_monitor_arm_pro_rgb_single_white_7.jpg\" loading=\"lazy\" alt=\"\" class=\"detail-shots__single-image\">\n                    <\/div>\n                <\/div>\n                                            \n\n              <div class=\"detail-shots__section \">\n                  <div class=\"detail-shots__image-column\">\n                      <img decoding=\"async\" src=\"https:\/\/www.ranqer.com\/wp-content\/uploads\/2024\/04\/blanco_pagina_kopie_243_copy_262_2.jpg\" loading=\"lazy\" alt=\"\" class=\"detail-shots__single-image\">\n                  <\/div>\n                  <div class=\"detail-shots__desc-column is--right\">\n                      <div class=\"detail-shots__desc-column__inner is--right\">\n                          <h3 class=\"detail-shots__desc-title\">\n                              \u00c9CLAIRAGE RGB INT\u00c9GR\u00c9\n                          <\/h3>\n                          <h4 class=\"generic-typography__sub-title bottom--15 top--0\">\n                              \u00c9clairez votre bureau\n                          <\/h4>\n                          <p class=\"generic-typography__paragraph\">\n                              Gr\u00e2ce aux options d&#039;\u00e9clairage RGB personnalisables, vous pouvez adapter l&#039;ambiance \u00e0 votre humeur ou \u00e0 vos pr\u00e9f\u00e9rences esth\u00e9tiques. Que vous travailliez tard dans la nuit, que vous jouiez ou que vous souhaitiez simplement am\u00e9liorer l&#039;atmosph\u00e8re de votre espace de travail, l&#039;\u00e9clairage RGB du support  pour \u00e9cran Ranqer constitue la solution id\u00e9ale.\n                          <\/p>\n                      <\/div>\n                  <\/div>\n              <\/div>\n                        <\/div>\n\n\n<div class=\"section--double-p wf-section\">\n    <div class=\"container w-container\">\n        <div class=\"double-p__title-wrapper\">\n                            <h2 class=\"double-p__main-title is--large\">\n                                        RED\u00c9FINIT LE CONFORT ET LA PRODUCTIVIT\u00c9 <\/strong>\n                <\/h2>\n\n                <h3 class=\"double-p__main-title is--sub\">\n                                        SUPPORT POUR ECRAN <strong class=\"double-p__main-title__orange\"> DOUBLE <\/strong>\n                <\/h3>\n                    <\/div>\n                    <div class=\"double-p__grid\">\n                                    <div class=\"double-p__block\">\n                        <h3 class=\"generic-typography__sub-title bottom--15 top--0\">Pour les joueurs qui se respectent<\/h3>\n                                                    <p class=\"generic-typography__paragraph\">\n                                <p class=\"p1\">Que vous travailliez dans un open space, \u00e0 domicile ou dans un bureau priv\u00e9, les moniteurs Ranqer sont con\u00e7us pour offrir un aspect professionnel et un grand confort. Modernes, \u00e9l\u00e9gants et abordables &#8211; trois mots qui d\u00e9crivent parfaitement les support pour \u00e9crans de Ranqer. Si vous voulez avoir l&rsquo;air d&rsquo;un joueur professionnel ou donner un coup de jeune \u00e0 votre bureau, vous trouverez le support pour \u00e9cran qui vous convient. Outre le soutien incroyable qu&rsquo;ils offrent, les support pour \u00e9crans Ranqer ont un aspect moderne et intemporel.<\/p>\n\n                            <\/p>\n                                            <\/div>\n                                    <div class=\"double-p__block\">\n                        <h3 class=\"generic-typography__sub-title bottom--15 top--0\"><\/h3>\n                                                    <p class=\"generic-typography__paragraph\">\n                                <p class=\"p1\">Le support pour \u00e9cran Ranqer est un v\u00e9ritable outil de multitasking dans votre espace de travail. Gr\u00e2ce \u00e0 sa polyvalence, il s&rsquo;adapte sans effort \u00e0 vos besoins. Que vous pr\u00e9f\u00e9riez un seul \u00e9cran pour une installation simplifi\u00e9e ou plusieurs \u00e9crans pour une productivit\u00e9 maximale, le bras de moniteur Ranqer offre la flexibilit\u00e9 dont vous avez besoin. R\u00e9glable en hauteur, en inclinaison et en rotation, il offre des possibilit\u00e9s infinies pour positionner vos \u00e9crans exactement comme vous le souhaitez. D\u00e9couvrez la libert\u00e9 de personnaliser votre espace de travail avec le support pour \u00e9cran Ranqer.<\/p>\n\n                            <\/p>\n                                            <\/div>\n                            <\/div>\n            <\/div>\n<\/div>\n\n\n<div class=\"section--selling-points  wf-section\">\n    <div class=\"container w-container\">\n                                <div class=\"selling-points__title\">\n                            <h2 class=\"generic-typography__section-title\">\n                    Nos <span class=\"collection__title__orange\"> points forts <\/span>\n                <\/h2>\n                    <\/div>\n        <div class=\"selling-points__grid\">\n                                                <div class=\"selling-points__single\">\n                        <div class=\"selling-points__single__inner\">\n                            <div class=\"selling-points__single__text\">\n                                Tr\u00e8s ergonomique\n                            <\/div>\n                            <div class=\"selling-points__single__icon-wrapper\">\n                                <img decoding=\"async\" src=\"https:\/\/www.ranqer.com\/wp-content\/themes\/vallonic-ranqer\/dist\/images\/vallonic__ranqer-com__icons__ergonomic__orange_46a0c9d8.svg\" loading=\"lazy\" width=\"21\" alt=\"\" class=\"selling-points__single__icon\">\n                            <\/div>\n                        <\/div>\n                    <\/div>\n                                    <div class=\"selling-points__single\">\n                        <div class=\"selling-points__single__inner\">\n                            <div class=\"selling-points__single__text\">\n                                Inspir\u00e9 par la course automobile\n                            <\/div>\n                            <div class=\"selling-points__single__icon-wrapper\">\n                                <img decoding=\"async\" src=\"https:\/\/www.ranqer.com\/wp-content\/themes\/vallonic-ranqer\/dist\/images\/vallonic__ranqer-com__icons__racing__orange_7c54f02f.svg\" loading=\"lazy\" width=\"21\" alt=\"\" class=\"selling-points__single__icon\">\n                            <\/div>\n                        <\/div>\n                    <\/div>\n                                    <div class=\"selling-points__single\">\n                        <div class=\"selling-points__single__inner\">\n                            <div class=\"selling-points__single__text\">\n                                Design hollandais\n                            <\/div>\n                            <div class=\"selling-points__single__icon-wrapper\">\n                                <img decoding=\"async\" src=\"https:\/\/www.ranqer.com\/wp-content\/themes\/vallonic-ranqer\/dist\/images\/vallonic__ranqer-com__icons__design__orange_5cb9e4bc.svg\" loading=\"lazy\" width=\"21\" alt=\"\" class=\"selling-points__single__icon\">\n                            <\/div>\n                        <\/div>\n                    <\/div>\n                                    <\/div>\n                            <div class=\"selling-points__cta-wrapper\">\n                <a\n                    href=\"#\"\n                    data-scroll=\"section--dealers\"\n                    class=\"selling-points__cta\"\n                >\n                    Acheter maintenant\n                <\/a>\n            <\/div>\n            <\/div>\n<\/div>\n\n\n<div class=\"section--dealers wf-section\" id=\"dealers\">\n    <div class=\"container w-container\">\n        <div class=\"dealers__description-grid\">\n            <div class=\"dealers__desc-column\">\n                <h2 class=\"generic-typography__section-title\">\n                                                                                Nos <span class=\"collection__title__orange\">Revendeurs<\/span>\n                <\/h2>\n                <h3 class=\"generic-typography__sub-title bottom--15\">\n                    Acheter maintenant\n                <\/h3>\n                <p class=\"generic-typography__paragraph\">\n                    Grand confort et grand design. Fauteuils de jeu Ranqer disponibles d\u00e8s maintenant. Am\u00e9liorez votre \u00e9quipement de jeu en choisissant l&#039;une des quatre chaises de jeu luxueuses.\n                <\/p>\n            <\/div>\n        <\/div>\n                    <div class=\"dealers__grid\">\n                                    <div class=\"dealers__single-dealer\">\n                        <a href=\"https:\/\/www.sbsupply.fr\/ranqer-monitor-arm-dual-rgb-white\" class=\"dealers__single__a w-inline-block\" target=\"_blank\" rel=\"noopener\">\n                            <img decoding=\"async\" src=\"https:\/\/www.ranqer.com\/wp-content\/uploads\/2021\/09\/sbsupply-logo-500x1000-1.png\" loading=\"lazy\" alt=\"\" class=\"dealers__single__logo-img\">\n                            <div class=\"dealers__single__details\">\n                                                            <div class=\"dealers__single__countries\">\n                                                                                                          <div class=\"dealers__single__countries__single\">France<\/div>\n                                                                <\/div>\n                              <img decoding=\"async\" src=\"https:\/\/www.ranqer.com\/wp-content\/themes\/vallonic-ranqer\/dist\/images\/vallonic__ranqer-com__icons__arrow-right__orange_143c2b49.svg\" loading=\"lazy\" alt=\"\" class=\"dealers__single__arrow-right\">\n                            <\/div>\n                        <\/a>\n                    <\/div>\n                                    <div class=\"dealers__single-dealer\">\n                        <a href=\"https:\/\/partner.bol.com\/click\/click?p=2&amp;t=url&amp;s=1346370&amp;f=TXL&amp;url=https%3A%2F%2Fwww.bol.com%2Fnl%2Fnl%2Fp%2Franqer-pro-rgb-dual-monitorbeugel-monitorarm-17-tot-35-inch-schermen-met-rgb-verlichting-vesa-montage-kantel-en-draaibaar-wit%2F9300000169757696%2F&amp;name=Ranqer%20Pro%20RGB%20Dual%20Monitorbeugel%20-%20Monitorarm...\" class=\"dealers__single__a w-inline-block\" target=\"_blank\" rel=\"noopener\">\n                            <img decoding=\"async\" src=\"https:\/\/www.ranqer.com\/wp-content\/uploads\/2021\/10\/bolcom_logo_blauw_rgb.png\" loading=\"lazy\" alt=\"\" class=\"dealers__single__logo-img\">\n                            <div class=\"dealers__single__details\">\n                                                            <div class=\"dealers__single__countries\">\n                                                                                                          <div class=\"dealers__single__countries__single\">NL<\/div>\n                                                                        <div class=\"dealers__single__countries__single\">BE<\/div>\n                                                                <\/div>\n                              <img decoding=\"async\" src=\"https:\/\/www.ranqer.com\/wp-content\/themes\/vallonic-ranqer\/dist\/images\/vallonic__ranqer-com__icons__arrow-right__orange_143c2b49.svg\" loading=\"lazy\" alt=\"\" class=\"dealers__single__arrow-right\">\n                            <\/div>\n                        <\/a>\n                    <\/div>\n                            <\/div>\n                            <\/div>\n<\/div>\n\n\n<div class=\"section--product-downloads bottom--0 wf-section\">\n    <div class=\"container w-container\">\n        <div class=\"product-downloads__grid\">\n            <div class=\"product-downloads__column\">\n                <h2 class=\"generic-typography__section-title\">\n                                        FICHE PRODUIT\n                <\/h2>\n                <h3 class=\"generic-typography__sub-title bottom--15\">\n                    Caract\u00e9ristiques\n                <\/h3>\n                <p class=\"generic-typography__paragraph\">\n                    <p>&#8211; Taille de l&rsquo;\u00e9cran compatible : 17&Prime;-32&Prime;<\/p>\n<p>&#8211; Compatible avec les \u00e9crans incurv\u00e9s : Oui<\/p>\n<p>&#8211; Poids maximal (par \u00e9cran) : 2~9 kg.<\/p>\n<p>&#8211; Compatible VESA : 75&#215;75, 100&#215;100<\/p>\n<p>&#8211; Plage d&rsquo;inclinaison : +80\u00b0~-45<\/p>\n<p>&#8211; Plage de rotation : +90\u00b0~-90\u00b0.<\/p>\n<p>&#8211; Rotation de l&rsquo;\u00e9cran: +180\u00b0~-180\u00b0<\/p>\n<p>&#8211; Longueur de bras enti\u00e8rement d\u00e9ploy\u00e9 : 475 mm<\/p>\n\n                <\/p>\n                <div class=\"product-downloads__actions-grid\">\n                                    <\/div>\n            <\/div>\n            <div class=\"product-downloads__column\">\n                <div class=\"product-downloads__decoration-wrapper\">\n                    <img decoding=\"async\" src=\"https:\/\/www.ranqer.com\/wp-content\/uploads\/2024\/04\/vallonic__ranqer-com__logo__full-orange_b536aaf5-1.png\" loading=\"lazy\" alt=\"\" class=\"product-downloads__decoration-img\">\n                <\/div>\n            <\/div>\n        <\/div>\n    <\/div>\n<\/div>\n","protected":false},"excerpt":{"rendered":"","protected":false},"author":28,"featured_media":0,"parent":0,"menu_order":0,"comment_status":"closed","ping_status":"closed","template":"","meta":{"footnotes":""},"categories":[],"tags":[],"class_list":["post-12450","page","type-page","status-publish","hentry"],"_links":{"self":[{"href":"https:\/\/www.ranqer.com\/fr\/wp-json\/wp\/v2\/pages\/12450","targetHints":{"allow":["GET"]}}],"collection":[{"href":"https:\/\/www.ranqer.com\/fr\/wp-json\/wp\/v2\/pages"}],"about":[{"href":"https:\/\/www.ranqer.com\/fr\/wp-json\/wp\/v2\/types\/page"}],"author":[{"embeddable":true,"href":"https:\/\/www.ranqer.com\/fr\/wp-json\/wp\/v2\/users\/28"}],"replies":[{"embeddable":true,"href":"https:\/\/www.ranqer.com\/fr\/wp-json\/wp\/v2\/comments?post=12450"}],"version-history":[{"count":11,"href":"https:\/\/www.ranqer.com\/fr\/wp-json\/wp\/v2\/pages\/12450\/revisions"}],"predecessor-version":[{"id":17112,"href":"https:\/\/www.ranqer.com\/fr\/wp-json\/wp\/v2\/pages\/12450\/revisions\/17112"}],"wp:attachment":[{"href":"https:\/\/www.ranqer.com\/fr\/wp-json\/wp\/v2\/media?parent=12450"}],"wp:term":[{"taxonomy":"category","embeddable":true,"href":"https:\/\/www.ranqer.com\/fr\/wp-json\/wp\/v2\/categories?post=12450"},{"taxonomy":"post_tag","embeddable":true,"href":"https:\/\/www.ranqer.com\/fr\/wp-json\/wp\/v2\/tags?post=12450"}],"curies":[{"name":"wp","href":"https:\/\/api.w.org\/{rel}","templated":true}]}}