{"id":11724,"date":"2024-04-09T10:26:51","date_gmt":"2024-04-09T08:26:51","guid":{"rendered":"https:\/\/www.ranqer.com\/?page_id=11724"},"modified":"2024-05-02T10:10:00","modified_gmt":"2024-05-02T08:10:00","slug":"ranqer-support-ecran-double-pro","status":"publish","type":"page","link":"https:\/\/www.ranqer.com\/fr\/ranqer-support-ecran-double-pro\/","title":{"rendered":"Ranqer Dual Monitor Arm Pro"},"content":{"rendered":"<div class=\"section--product-highlight wf-section\">\n    <div class=\"container w-container\">\n      <div class=\"product-highlight__grid\">\n        <div class=\"product-highlight__column\">\n          <div class=\"product-highlight__image-wrapper\">\n              <img decoding=\"async\" src=\"https:\/\/www.ranqer.com\/wp-content\/uploads\/2024\/02\/Ranqer-Monitor-Dual-Arm-Pro-wit-1.png\" loading=\"lazy\" sizes=\"100vw\" alt=\"Support pour \u00e9crans double Pro Ranqer\" class=\"product-highlight__img\">\n                                <img decoding=\"async\" src=\"https:\/\/www.ranqer.com\/wp-content\/themes\/vallonic-ranqer\/dist\/images\/vallonic__ranqer-com__product-highlight__backdrop-single-color2x_fceffc2a.png\" loading=\"lazy\" sizes=\"100vw\" alt=\"\" class=\"product-highlight__background\">\n                        <\/div>\n        <\/div>\n        <div class=\"product-highlight__column\">\n          <div class=\"product-highlight__details\">\n            <h2 class=\"product-highlight__h2\">\n                                                                Vue \u00e9tendue et pr\u00e9cision sans limite : d\u00e9doublez votre productivit\u00e9 avec <span class=\"product-highlight__h2__orange\"> deux \u00e9crans <\/span>\n            <\/h2>\n            <h1 class=\"product-highlight__h1\">\n                Support pour \u00e9crans double Pro Ranqer\n            <\/h1>\n            <p class=\"product-highlight__desc\">\n                D\u00e9couvrez le support pour \u00e9crans double Pro Ranqer, un compl\u00e9ment de pointe \u00e0 votre set-up, con\u00e7u sp\u00e9cifiquement pour les doubles \u00e9crans. Ce support pour \u00e9crans innovant offre une ajustabilit\u00e9 et une commodit\u00e9 sans pareil, propulsant votre espace de travail vers de nouveaux sommets.. Avec son design \u00e9l\u00e9gant et ses fonctionnalit\u00e9s avanc\u00e9es, le support pour \u00e9crans double Pro am\u00e9liore votre poste de travail gr\u00e2ce \u00e0 une personnalisation sans effort et \u00e0 un confort ergonomique. Dites adieu aux tensions cervicales et bonjour \u00e0 la productivit\u00e9 lorsque vous vous attaquez \u00e0 des t\u00e2ches du quotidien ou que vous vous immergez dans des sessions de jeux intenses.\n            <\/p>\n            <a href=\"#\" data-scroll=\"section--dealers\" class=\"product-highlight__button\">\n                Shop Online\n            <\/a>\n            <div class=\"product-highlight__actions\">\n                                <a\n                      class=\"product-highlight__single-action\"\n                      href=\"#\"\n                      data-scroll=\"detail-shots__section\"\n                  >\n                      En savoir plus \u2192\n                  <\/a>\n                            \n            <\/div>\n          <\/div>\n        <\/div>\n      <\/div>\n    <\/div>\n                        <div class=\"product-highlight__variations-wrapper\">\n            <div class=\"product-highlight__variations-inner\">\n                <h2 class=\"product-highlight__h2\">\n                                                                                Coloris\n                <\/h2>\n                                    <div class=\"product-highlight__variations\">\n                        \n                        <div class=\"product-highlight__variations__single\">\n                            <img decoding=\"async\" src=\"https:\/\/www.ranqer.com\/wp-content\/uploads\/2024\/02\/Ranqer-Monitor-Dual-Arm-Pro-wit-1.png\" loading=\"lazy\" alt=\"\" class=\"product-highlight__variations__img\">\n                        <\/div>\n\n                        \n                                                  <div class=\"product-highlight__variations__single\">\n                              <img decoding=\"async\" src=\"https:\/\/www.ranqer.com\/wp-content\/uploads\/2024\/02\/Ranqer-Monitor-Dual-Arm-Pro-wit-1-1.png\" loading=\"lazy\" alt=\"\" class=\"product-highlight__variations__img\">\n                          <\/div>\n                                            <\/div>\n                                <div class=\"product-highlight__variations__hint-wrapper\">\n                    <img decoding=\"async\" src=\"https:\/\/www.ranqer.com\/wp-content\/themes\/vallonic-ranqer\/dist\/images\/vallonic__ranqer-com__icons__cursor-pointer__88bec8_d23ff121.svg\" loading=\"lazy\" alt=\"\" class=\"product-highlight__variations__hint-icon\">\n                    <div class=\"product-highlight__variations__hint\">\n                        Cliquez pour agrandir\n                    <\/div>\n                <\/div>\n            <\/div>\n        <\/div>\n    \n    <img decoding=\"async\" src=\"https:\/\/www.ranqer.com\/wp-content\/themes\/vallonic-ranqer\/dist\/images\/vallonic__ranqer-com__product-highlight__decorative-elements_7b623bd8.svg\" loading=\"lazy\" alt=\"\" class=\"product-highlight__decoration\">\n<\/div>\n\n\n<div class=\"section--detail-shots wf-section\">\n    <div class=\"container w-container\">\n        <h2 class=\"generic-typography__section-title\">\n                                                LA QUALIT\u00c9 <span class=\"collection__title__orange\">OFFERTE PAR RANQER<\/span> \n        <\/h2>\n    <\/div>\n                                    \n\n              <div class=\"detail-shots__section is--first\">\n                  <div class=\"detail-shots__image-column\">\n                      <img decoding=\"async\" src=\"https:\/\/www.ranqer.com\/wp-content\/uploads\/2024\/04\/ranqer_monitor_arm_pro_dual_white_8.jpg\" loading=\"lazy\" alt=\"\" class=\"detail-shots__single-image\">\n                  <\/div>\n                  <div class=\"detail-shots__desc-column is--right\">\n                      <div class=\"detail-shots__desc-column__inner is--right\">\n                          <h3 class=\"detail-shots__desc-title\">\n                              Support pour \u00e9crans double\n                          <\/h3>\n                          <h4 class=\"generic-typography__sub-title bottom--15 top--0\">\n                              Positionnez vos \u00e9crans \u00e0 votre convenance\n                          <\/h4>\n                          <p class=\"generic-typography__paragraph\">\n                              D\u00e9couvrez la polyvalence in\u00e9gal\u00e9e du support pour \u00e9crans double de Ranqer pour optimiser votre espace de travail. Fabriqu\u00e9 avec une ing\u00e9nierie de pr\u00e9cision, ce support offre un r\u00e9glage en hauteur personnalisable, vous permettant d&#039;\u00e9lever ou d&#039;abaisser sans effort votre \u00e9cran \u00e0 la hauteur de vos yeux. Sa fonction d&#039;inclinaison flexible vous permet d&#039;incliner votre \u00e9cran vers l&#039;avant ou vers l&#039;arri\u00e8re pour un confort visuel optimal, r\u00e9duisant ainsi la tension du cou et am\u00e9liorant la productivit\u00e9. Gr\u00e2ce aux capacit\u00e9s de pivotement \u00e0 180 degr\u00e9s, vous pouvez facilement faire pivoter votre \u00e9cran pour partager du contenu avec vos coll\u00e8gues ou passer de l&#039;orientation paysage \u00e0 l&#039;orientation portrait.\n                          <\/p>\n                      <\/div>\n                  <\/div>\n              <\/div>\n                                                            <div class=\"detail-shots__section \">\n                    <div class=\"detail-shots__desc-column is--left\">\n                        <div class=\"detail-shots__desc-column__inner is--left\">\n                            <h3 class=\"detail-shots__desc-title\">\n                                Conception peu encombrante\n                            <\/h3>\n                            <h4 class=\"generic-typography__sub-title bottom--15 top--0\">\n                                Plus de place pour les choses importantes\n                            <\/h4>\n                            <p class=\"generic-typography__paragraph\">\n                                Gr\u00e2ce \u00e0 son design peu encombrant, le support pour \u00e9cran double de Ranqer permet d&#039;optimiser l&#039;espace de bureau en fixant solidement votre moniteur au-dessus de la surface, lib\u00e9rant ainsi un espace pr\u00e9cieux pour d&#039;autres \u00e9l\u00e9ments essentiels et favorisant un espace de travail propre et efficace.\n                            <\/p>\n                        <\/div>\n                    <\/div>\n                    <div class=\"detail-shots__image-column\">\n                        <img decoding=\"async\" src=\"https:\/\/www.ranqer.com\/wp-content\/uploads\/2024\/04\/ranqer_monitor_arm_pro_dual_white_3.jpg\" loading=\"lazy\" alt=\"\" class=\"detail-shots__single-image\">\n                    <\/div>\n                <\/div>\n                                            \n\n              <div class=\"detail-shots__section \">\n                  <div class=\"detail-shots__image-column\">\n                      <img decoding=\"async\" src=\"https:\/\/www.ranqer.com\/wp-content\/uploads\/2024\/04\/ranqer_monitor_arm_pro_dual_white_7.jpg\" loading=\"lazy\" alt=\"\" class=\"detail-shots__single-image\">\n                  <\/div>\n                  <div class=\"detail-shots__desc-column is--right\">\n                      <div class=\"detail-shots__desc-column__inner is--right\">\n                          <h3 class=\"detail-shots__desc-title\">\n                              Syst\u00e8me de gestion des c\u00e2bles\n                          <\/h3>\n                          <h4 class=\"generic-typography__sub-title bottom--15 top--0\">\n                              Cr\u00e9er un bureau d\u00e9sencombr\u00e9\n                          <\/h4>\n                          <p class=\"generic-typography__paragraph\">\n                              Ce support pour \u00e9cran est dot\u00e9 d&#039;un syst\u00e8me de gestion des c\u00e2bles int\u00e9gr\u00e9, qui permet de garder votre espace de travail ordonn\u00e9 et organis\u00e9 en dissimulant les c\u00e2bles et les cordons, r\u00e9duisant ainsi l&#039;encombrement et am\u00e9liorant l&#039;esth\u00e9tique.\n                          <\/p>\n                      <\/div>\n                  <\/div>\n              <\/div>\n                        <\/div>\n\n\n<div class=\"section--double-p wf-section\">\n    <div class=\"container w-container\">\n        <div class=\"double-p__title-wrapper\">\n                            <h2 class=\"double-p__main-title is--large\">\n                                        Red\u00e9finit le confort et la productivit\u00e9 <\/strong>\n                <\/h2>\n\n                <h3 class=\"double-p__main-title is--sub\">\n                                        Support pour \u00e9cran <strong class=\"double-p__main-title__orange\"> ergonomique<\/strong>\n                <\/h3>\n                    <\/div>\n                    <div class=\"double-p__grid\">\n                                    <div class=\"double-p__block\">\n                        <h3 class=\"generic-typography__sub-title bottom--15 top--0\">Pour les joueurs les plus intr\u00e9pides<\/h3>\n                                                    <p class=\"generic-typography__paragraph\">\n                                <p class=\"p1\">Que vous travailliez dans un open-space, \u00e0 domicile ou dans un bureau priv\u00e9, les moniteurs Ranqer sont con\u00e7us pour offrir un aspect professionnel et un grand confort. Modernes, \u00e9l\u00e9gants et abordables &#8211; trois mots qui d\u00e9crivent parfaitement les support pour \u00e9crans double de Ranqer. Si vous voulez avoir l&rsquo;air d&rsquo;un joueur professionnel ou donner un coup de jeune \u00e0 votre bureau, vous trouverez le support pour \u00e9crans qui vous convient. Outre le soutien incroyable qu&rsquo;ils offrent, les support pour \u00e9crans Ranqer ont un aspect moderne et intemporel.<\/p>\n\n                            <\/p>\n                                            <\/div>\n                                    <div class=\"double-p__block\">\n                        <h3 class=\"generic-typography__sub-title bottom--15 top--0\"><\/h3>\n                                                    <p class=\"generic-typography__paragraph\">Le support pour \u00e9cran Ranqer est un v\u00e9ritable multit\u00e2che dans votre espace de travail. Gr\u00e2ce \u00e0 sa polyvalence, il s&rsquo;adapte sans effort \u00e0 vos besoins. Que vous pr\u00e9f\u00e9riez un seul \u00e9cran pour une installation simplifi\u00e9e ou plusieurs \u00e9crans pour une productivit\u00e9 maximale, les supports pour \u00e9cran Ranqer offre la flexibilit\u00e9 dont vous avez besoin. R\u00e9glable en hauteur, en inclinaison et en rotation, il offre des possibilit\u00e9s infinies pour positionner vos \u00e9crans exactement comme vous le souhaitez. D\u00e9couvrez la libert\u00e9 de personnaliser votre espace de travail avec les supports pour \u00e9cran Ranqer.<\/p>\n\n                                            <\/div>\n                            <\/div>\n            <\/div>\n<\/div>\n\n\n<div class=\"section--selling-points  wf-section\">\n    <div class=\"container w-container\">\n                                <div class=\"selling-points__title\">\n                            <h2 class=\"generic-typography__section-title\">\n                    Nos <span class=\"collection__title__orange\">points forts<\/span>\n                <\/h2>\n                    <\/div>\n        <div class=\"selling-points__grid\">\n                                                <div class=\"selling-points__single\">\n                        <div class=\"selling-points__single__inner\">\n                            <div class=\"selling-points__single__text\">\n                                Tr\u00e8s ergonomique\n                            <\/div>\n                            <div class=\"selling-points__single__icon-wrapper\">\n                                <img decoding=\"async\" src=\"https:\/\/www.ranqer.com\/wp-content\/themes\/vallonic-ranqer\/dist\/images\/vallonic__ranqer-com__icons__ergonomic__orange_46a0c9d8.svg\" loading=\"lazy\" width=\"21\" alt=\"\" class=\"selling-points__single__icon\">\n                            <\/div>\n                        <\/div>\n                    <\/div>\n                                    <div class=\"selling-points__single\">\n                        <div class=\"selling-points__single__inner\">\n                            <div class=\"selling-points__single__text\">\n                                Inspir\u00e9 par la course automobile\n                            <\/div>\n                            <div class=\"selling-points__single__icon-wrapper\">\n                                <img decoding=\"async\" src=\"https:\/\/www.ranqer.com\/wp-content\/themes\/vallonic-ranqer\/dist\/images\/vallonic__ranqer-com__icons__racing__orange_7c54f02f.svg\" loading=\"lazy\" width=\"21\" alt=\"\" class=\"selling-points__single__icon\">\n                            <\/div>\n                        <\/div>\n                    <\/div>\n                                    <div class=\"selling-points__single\">\n                        <div class=\"selling-points__single__inner\">\n                            <div class=\"selling-points__single__text\">\n                                Design hollandais\n                            <\/div>\n                            <div class=\"selling-points__single__icon-wrapper\">\n                                <img decoding=\"async\" src=\"https:\/\/www.ranqer.com\/wp-content\/themes\/vallonic-ranqer\/dist\/images\/vallonic__ranqer-com__icons__design__orange_5cb9e4bc.svg\" loading=\"lazy\" width=\"21\" alt=\"\" class=\"selling-points__single__icon\">\n                            <\/div>\n                        <\/div>\n                    <\/div>\n                                    <\/div>\n                            <div class=\"selling-points__cta-wrapper\">\n                <a\n                    href=\"#\"\n                    data-scroll=\"section--dealers\"\n                    class=\"selling-points__cta\"\n                >\n                    Acheter maintenant\n                <\/a>\n            <\/div>\n            <\/div>\n<\/div>\n\n\n<div class=\"section--dealers wf-section\" id=\"dealers\">\n    <div class=\"container w-container\">\n        <div class=\"dealers__description-grid\">\n            <div class=\"dealers__desc-column\">\n                <h2 class=\"generic-typography__section-title\">\n                                                                                Nos <span class=\"collection__title__orange\">revendeurs<\/span>\n                <\/h2>\n                <h3 class=\"generic-typography__sub-title bottom--15\">\n                    Acheter maintenant\n                <\/h3>\n                <p class=\"generic-typography__paragraph\">\n                    \n                <\/p>\n            <\/div>\n        <\/div>\n                    <div class=\"dealers__grid\">\n                                    <div class=\"dealers__single-dealer\">\n                        <a href=\"https:\/\/www.sbsupply.fr\/ranqer-monitor-arm-pro-dual-white\" class=\"dealers__single__a w-inline-block\" target=\"_blank\" rel=\"noopener\">\n                            <img decoding=\"async\" src=\"https:\/\/www.ranqer.com\/wp-content\/uploads\/2021\/09\/sbsupply-logo-500x1000-1.png\" loading=\"lazy\" alt=\"\" class=\"dealers__single__logo-img\">\n                            <div class=\"dealers__single__details\">\n                                                            <div class=\"dealers__single__countries\">\n                                                                                                          <div class=\"dealers__single__countries__single\">France<\/div>\n                                                                        <div class=\"dealers__single__countries__single\">Belgique<\/div>\n                                                                <\/div>\n                              <img decoding=\"async\" src=\"https:\/\/www.ranqer.com\/wp-content\/themes\/vallonic-ranqer\/dist\/images\/vallonic__ranqer-com__icons__arrow-right__orange_143c2b49.svg\" loading=\"lazy\" alt=\"\" class=\"dealers__single__arrow-right\">\n                            <\/div>\n                        <\/a>\n                    <\/div>\n                                    <div class=\"dealers__single-dealer\">\n                        <a href=\"https:\/\/partner.bol.com\/click\/click?p=2&amp;t=url&amp;s=1346370&amp;f=TXL&amp;url=https%3A%2F%2Fwww.bol.com%2Fbe%2Ffr%2Fp%2Franqer-pro-dual-monitor-bracket-bras-pour-moniteur-ecrans-17-a-35-pouces-montage-vesa-inclinable-et-pivotant-blanc%2F9300000169750843%2F&amp;name=Ranqer%20Pro%20Dual%20Monitor%20Bracket%20-%20Bras%20pour%20mo...\" class=\"dealers__single__a w-inline-block\" target=\"_blank\" rel=\"noopener\">\n                            <img decoding=\"async\" src=\"https:\/\/www.ranqer.com\/wp-content\/uploads\/2021\/10\/bolcom_logo_blauw_rgb.png\" loading=\"lazy\" alt=\"\" class=\"dealers__single__logo-img\">\n                            <div class=\"dealers__single__details\">\n                                                            <div class=\"dealers__single__countries\">\n                                                                                                          <div class=\"dealers__single__countries__single\">Belgique<\/div>\n                                                                <\/div>\n                              <img decoding=\"async\" src=\"https:\/\/www.ranqer.com\/wp-content\/themes\/vallonic-ranqer\/dist\/images\/vallonic__ranqer-com__icons__arrow-right__orange_143c2b49.svg\" loading=\"lazy\" alt=\"\" class=\"dealers__single__arrow-right\">\n                            <\/div>\n                        <\/a>\n                    <\/div>\n                                    <div class=\"dealers__single-dealer\">\n                        <a href=\"https:\/\/www.amazon.fr\/dp\/B0CRF5QCYJ?&amp;linkCode=ll1&amp;tag=ranqer0a-21&amp;linkId=3850029c7ec7f42047d0aeac3a2297e2&amp;language=fr_FR&amp;ref_=as_li_ss_tl\" class=\"dealers__single__a w-inline-block\" target=\"_blank\" rel=\"noopener\">\n                            <img decoding=\"async\" src=\"https:\/\/www.ranqer.com\/wp-content\/uploads\/2021\/09\/vallonic__ranqer-com__dealers__amazon2x.png\" loading=\"lazy\" alt=\"\" class=\"dealers__single__logo-img\">\n                            <div class=\"dealers__single__details\">\n                                                            <div class=\"dealers__single__countries\">\n                                                                                                          <div class=\"dealers__single__countries__single\">France<\/div>\n                                                                <\/div>\n                              <img decoding=\"async\" src=\"https:\/\/www.ranqer.com\/wp-content\/themes\/vallonic-ranqer\/dist\/images\/vallonic__ranqer-com__icons__arrow-right__orange_143c2b49.svg\" loading=\"lazy\" alt=\"\" class=\"dealers__single__arrow-right\">\n                            <\/div>\n                        <\/a>\n                    <\/div>\n                                    <div class=\"dealers__single-dealer\">\n                        <a href=\"https:\/\/www.cdiscount.com\/informatique\/ecran-pc\/ranqer-support-pour-ecran-double-pro-blanc\/f-1071004-ran1711459964514.html\" class=\"dealers__single__a w-inline-block\" target=\"_blank\" rel=\"noopener\">\n                            <img decoding=\"async\" src=\"https:\/\/www.ranqer.com\/wp-content\/uploads\/2024\/04\/pngwing.com_-e1623740798120-300x74-1.png\" loading=\"lazy\" alt=\"\" class=\"dealers__single__logo-img\">\n                            <div class=\"dealers__single__details\">\n                                                            <div class=\"dealers__single__countries\">\n                                                                                                          <div class=\"dealers__single__countries__single\">France<\/div>\n                                                                <\/div>\n                              <img decoding=\"async\" src=\"https:\/\/www.ranqer.com\/wp-content\/themes\/vallonic-ranqer\/dist\/images\/vallonic__ranqer-com__icons__arrow-right__orange_143c2b49.svg\" loading=\"lazy\" alt=\"\" class=\"dealers__single__arrow-right\">\n                            <\/div>\n                        <\/a>\n                    <\/div>\n                            <\/div>\n                            <\/div>\n<\/div>\n\n\n<div class=\"section--product-downloads bottom--0 wf-section\">\n    <div class=\"container w-container\">\n        <div class=\"product-downloads__grid\">\n            <div class=\"product-downloads__column\">\n                <h2 class=\"generic-typography__section-title\">\n                                        FICHE PRODUIT\n                <\/h2>\n                <h3 class=\"generic-typography__sub-title bottom--15\">\n                    Caract\u00e9ristiques\n                <\/h3>\n                <p class=\"generic-typography__paragraph\">\n                    <p>&#8211; Taille de l&rsquo;\u00e9cran compatible : 17&Prime;-32&Prime;<\/p>\n<p>&#8211; Compatible avec les \u00e9crans incurv\u00e9s : Oui<\/p>\n<p>&#8211; Poids maximal (par \u00e9cran) : 2~9 kg.<\/p>\n<p>&#8211; Compatible VESA : 75&#215;75, 100&#215;100<\/p>\n<p>&#8211; Plage d&rsquo;inclinaison : +80\u00b0~-45<\/p>\n<p>&#8211; Plage de rotation : +90\u00b0~-90\u00b0.<\/p>\n<p>&#8211; Rotation de l&rsquo;\u00e9cran: +180\u00b0~-180\u00b0<\/p>\n<p>&#8211; Longueur de bras enti\u00e8rement d\u00e9ploy\u00e9 : 475 mm<\/p>\n\n                <\/p>\n                <div class=\"product-downloads__actions-grid\">\n                                    <\/div>\n            <\/div>\n            <div class=\"product-downloads__column\">\n                <div class=\"product-downloads__decoration-wrapper\">\n                    <img decoding=\"async\" src=\"https:\/\/www.ranqer.com\/wp-content\/uploads\/2024\/04\/vallonic__ranqer-com__logo__full-orange_b536aaf5-1.png\" loading=\"lazy\" alt=\"\" class=\"product-downloads__decoration-img\">\n                <\/div>\n            <\/div>\n        <\/div>\n    <\/div>\n<\/div>\n","protected":false},"excerpt":{"rendered":"","protected":false},"author":28,"featured_media":0,"parent":0,"menu_order":0,"comment_status":"closed","ping_status":"closed","template":"","meta":{"footnotes":""},"categories":[],"tags":[],"class_list":["post-11724","page","type-page","status-publish","hentry"],"_links":{"self":[{"href":"https:\/\/www.ranqer.com\/fr\/wp-json\/wp\/v2\/pages\/11724","targetHints":{"allow":["GET"]}}],"collection":[{"href":"https:\/\/www.ranqer.com\/fr\/wp-json\/wp\/v2\/pages"}],"about":[{"href":"https:\/\/www.ranqer.com\/fr\/wp-json\/wp\/v2\/types\/page"}],"author":[{"embeddable":true,"href":"https:\/\/www.ranqer.com\/fr\/wp-json\/wp\/v2\/users\/28"}],"replies":[{"embeddable":true,"href":"https:\/\/www.ranqer.com\/fr\/wp-json\/wp\/v2\/comments?post=11724"}],"version-history":[{"count":31,"href":"https:\/\/www.ranqer.com\/fr\/wp-json\/wp\/v2\/pages\/11724\/revisions"}],"predecessor-version":[{"id":17111,"href":"https:\/\/www.ranqer.com\/fr\/wp-json\/wp\/v2\/pages\/11724\/revisions\/17111"}],"wp:attachment":[{"href":"https:\/\/www.ranqer.com\/fr\/wp-json\/wp\/v2\/media?parent=11724"}],"wp:term":[{"taxonomy":"category","embeddable":true,"href":"https:\/\/www.ranqer.com\/fr\/wp-json\/wp\/v2\/categories?post=11724"},{"taxonomy":"post_tag","embeddable":true,"href":"https:\/\/www.ranqer.com\/fr\/wp-json\/wp\/v2\/tags?post=11724"}],"curies":[{"name":"wp","href":"https:\/\/api.w.org\/{rel}","templated":true}]}}