{"id":10847,"date":"2024-03-20T09:12:48","date_gmt":"2024-03-20T08:12:48","guid":{"rendered":"https:\/\/ranqer.com\/?page_id=10847"},"modified":"2025-01-06T17:25:06","modified_gmt":"2025-01-06T16:25:06","slug":"ranqer-bureau-gaming","status":"publish","type":"page","link":"https:\/\/www.ranqer.com\/fr\/ranqer-bureau-gaming\/","title":{"rendered":"All Gaming Desks"},"content":{"rendered":"<div class=\"section--home-header wf-section\">\n    <div class=\"container w-container\">\n        <div class=\"home-header__content\">\n                        <a href=\"https:\/\/instagram.com\/ranqer_gaming\" class=\"home-header__instagram-link w-inline-block\" target=\"_blank\" rel=\"noopener\">\n                <img decoding=\"async\" src=\"https:\/\/www.ranqer.com\/wp-content\/themes\/vallonic-ranqer\/dist\/images\/vallonic__ranqer-com__icons__instagram__white_eeb055bd.png\" loading=\"lazy\" alt=\"\" class=\"home-header__instagram-icon\">\n                <div class=\"home-header__instagram-handle\">RANQER_GAMING<\/div>\n            <\/a>\n            <h1 data-w-id=\"75a8e527-dba9-e9aa-7faf-cb688714d279\"\n                style=\"\n                    -webkit-transform:translate3d(-200%, 100%, 0) scale3d(1.05, 1.05, 1) rotateX(0) rotateY(0) rotateZ(-10deg) skew(0, 0);\n                    -moz-transform:translate3d(-200%, 100%, 0) scale3d(1.05, 1.05, 1) rotateX(0) rotateY(0) rotateZ(-10deg) skew(0, 0);\n                    -ms-transform:translate3d(-200%, 100%, 0) scale3d(1.05, 1.05, 1) rotateX(0) rotateY(0) rotateZ(-10deg) skew(0, 0);\n                    transform:translate3d(-200%, 100%, 0) scale3d(1.05, 1.05, 1) rotateX(0) rotateY(0) rotateZ(-10deg) skew(0, 0);\n                    opacity:0\n                \"\n                class=\"home-header__title\"\n            >\n                                <span class=\"home-header__title__small\">D\u00e9couvrez les bureaux Gaming <\/span> <strong class=\"home-header__title-orange\">Ranqer<\/strong>\n            <\/h1>\n            <img decoding=\"async\" src=\"https:\/\/www.ranqer.com\/wp-content\/themes\/vallonic-ranqer\/dist\/images\/vallonic__ranqer-com__decoration__home-header__neon_1dc74146.png\" loading=\"lazy\" alt=\"\" class=\"home-header__neon-bar\">\n                                        <a\n                    href=\"#\"\n                    class=\"home-header__shop-now\"\n                    data-scroll=\"section--collection\"\n                >\n                    D\u00e9couvrez la collection\n                <\/a>\n            \n            <img decoding=\"async\" src=\"https:\/\/www.ranqer.com\/wp-content\/themes\/vallonic-ranqer\/dist\/images\/vallonic__ranqer-com__decoration__home-header__bottom-arrow_154c3002.svg\" loading=\"lazy\" alt=\"\" class=\"home-header__bottom-arrow\">\n        <\/div>\n        <div class=\"home-header__background\">\n            <div class=\"home-header__background__bottom-bar\">\n            <\/div>\n            <img decoding=\"async\" src=\"https:\/\/www.ranqer.com\/wp-content\/themes\/vallonic-ranqer\/dist\/images\/vallonic__ranqer-com__decoration__home-header__blur-background_48735fb4.png\" sizes=\"100vw\" alt=\"\" class=\"home-header__background__blur-img\">\n            <img decoding=\"async\"\n                src=\"https:\/\/www.ranqer.com\/wp-content\/themes\/vallonic-ranqer\/dist\/images\/vallonic__ranqer-com__decoration__home-header__branding_b92c59f2.svg\"\n                loading=\"lazy\"\n                style=\"-webkit-transform:translate3d(0px, 0px, 0) scale3d(1, 1, 1) rotateX(0) rotateY(0) rotateZ(0) skew(0, 0);-moz-transform:translate3d(0px, 0px, 0) scale3d(1, 1, 1) rotateX(0) rotateY(0) rotateZ(0) skew(0, 0);-ms-transform:translate3d(0px, 0px, 0) scale3d(1, 1, 1) rotateX(0) rotateY(0) rotateZ(0) skew(0, 0);transform:translate3d(0px, 0px, 0) scale3d(1, 1, 1) rotateX(0) rotateY(0) rotateZ(0) skew(0, 0)\"\n                alt=\"\"\n                class=\"home-header__background__shapes-img\"\n                data-w-id=\"0d274e3f-98bd-e52e-e5f9-cbd575fa237c\"\n            >\n            <div class=\"home-header__background__center-constraint\">\n                <img decoding=\"async\" src=\"https:\/\/www.ranqer.com\/wp-content\/uploads\/2023\/12\/Ranqer_Nimbus_RGB_gaming_desk_met_LED-removebg-preview.png\" loading=\"lazy\" data-w-id=\"0d274e3f-98bd-e52e-e5f9-cbd575fa237c\" alt=\"\" class=\"home-header__background__chairs-img\">\n            <\/div>\n        <\/div>\n    <\/div>\n<\/div>\n\n\n<div class=\"section--detail-shots wf-section\">\n    <div class=\"container w-container\">\n        <h2 class=\"generic-typography__section-title\">\n                                                \n        <\/h2>\n    <\/div>\n                                    \n\n              <div class=\"detail-shots__section is--first\">\n                  <div class=\"detail-shots__image-column\">\n                      <img decoding=\"async\" src=\"https:\/\/www.ranqer.com\/wp-content\/uploads\/2023\/11\/ranqer_nimbus_rgb_gaming_desk_met_led_5-removebg-preview.png\" loading=\"lazy\" alt=\"\" class=\"detail-shots__single-image\">\n                  <\/div>\n                  <div class=\"detail-shots__desc-column is--right\">\n                      <div class=\"detail-shots__desc-column__inner is--right\">\n                          <h3 class=\"detail-shots__desc-title\">\n                              POSTE DE TRAVAIL OU SET-UP GAMING\n                          <\/h3>\n                          <h4 class=\"generic-typography__sub-title bottom--15 top--0\">\n                               TOUT COMMENCE AVEC UN BUREAU DE RANQER.\n                          <\/h4>\n                          <p class=\"generic-typography__paragraph\">\n                              Pr\u00e9parez-vous \u00e0 vous immerger dans l&#039;exp\u00e9rience de jeu ultime avec les bureaux gaming Ranqer. Avec sa conception alliant finesse et innovation, nos bureaux gaming ont \u00e9t\u00e9 d\u00e9velopp\u00e9s pour propulser votre exp\u00e9rience de jeu vers de nouveaux sommets. Dot\u00e9s d&#039;une construction robuste et d&#039;un design ergonomique, les bureaux gaming Ranqer constituent la base parfaite de votre installation de jeu, garantissant durabilit\u00e9 et confort pendant les sessions de jeu prolong\u00e9es. Avec des configurations personnalisables et une solution de gestion des c\u00e2bles int\u00e9gr\u00e9es, nos bureaux offrent une polyvalence et une \u00e9l\u00e9gance in\u00e9gal\u00e9es, vous permettant de vous concentrer sur ce qui compte le plus : gagner. Am\u00e9liorez votre exp\u00e9rience de jeu avec les bureaux gaming Ranqer et faites passer votre exp\u00e9rience au niveau sup\u00e9rieur.\n                          <\/p>\n                      <\/div>\n                  <\/div>\n              <\/div>\n                        <\/div>\n\n\n<div class=\"section--collection wf-section\">\n    <div class=\"container w-container\">\n        <h2 class=\"generic-typography__section-title\">\n                                                COLLECTION <span class=\"collection__title__orange\">RGB<\/span>\n        <\/h2>\n        <h3 class=\"generic-typography__sub-title\">\n            Choisis ton bureau de jeu pr\u00e9f\u00e9r\u00e9.\n        <\/h3>\n        <div class=\"collection__grid\">\n                                                <div class=\"collection__single\">\n                      <a href=\"https:\/\/www.ranqer.com\/fr\/bureau-gaming-nimbus-2\/\" class=\"collection__single__top-part w-inline-block\">\n                          <img decoding=\"async\" src=\"https:\/\/www.ranqer.com\/wp-content\/uploads\/2023\/12\/Ranqer_Nimbus_RGB_gaming_desk_met_LED-removebg-preview.png\" loading=\"lazy\" alt=\"\" class=\"collection__image\">\n                          <div class=\"collection__collection-name\">\n                              Nimbus\n                          <\/div>\n                          <div class=\"collection__action-wrapper\">\n                            <div class=\"collection__action\">\n                                Caract\u00e9ristiques et couleurs \n                            <\/div>\n                            <img decoding=\"async\" src=\"https:\/\/www.ranqer.com\/wp-content\/themes\/vallonic-ranqer\/dist\/images\/vallonic__ranqer-com__icons__arrow-right__d8dbe2_e85d2551.svg\" loading=\"lazy\" alt=\"\" class=\"collection__arrow\">\n                          <\/div>\n                                                        <img decoding=\"async\" src=\"https:\/\/www.ranqer.com\/wp-content\/themes\/vallonic-ranqer\/dist\/images\/vallonic__ranqer-com__collection__rainbow-background2x_46f325b1.png\" loading=\"lazy\" alt=\"\" class=\"collection__background\">\n                                                <\/a>\n                      <a href=\"https:\/\/www.ranqer.com\/fr\/bureau-gaming-nimbus-2\/#dealers\" class=\"collection__single__bottom-part w-inline-block\">\n                        <div class=\"collection__action-wrapper\">\n                            <div class=\"collection__action\">\n                                Trouvez un revendeur\n                            <\/div>\n                            <img decoding=\"async\" src=\"https:\/\/www.ranqer.com\/wp-content\/themes\/vallonic-ranqer\/dist\/images\/vallonic__ranqer-com__icons__arrow-right__d8dbe2_e85d2551.svg\" loading=\"lazy\" alt=\"\" class=\"collection__arrow\">\n                        <\/div>\n                      <\/a>\n                    <\/div>\n                                    <\/div>\n    <\/div>\n<\/div>\n\n\n<div class=\"section--dealers wf-section\" id=\"dealers\">\n    <div class=\"container w-container\">\n        <div class=\"dealers__description-grid\">\n            <div class=\"dealers__desc-column\">\n                <h2 class=\"generic-typography__section-title\">\n                                                                                NOS <span class=\"collection__title__orange\"> REVENDEURS <\/span>\n                <\/h2>\n                <h3 class=\"generic-typography__sub-title bottom--15\">\n                    Acheter maintenant\n                <\/h3>\n                <p class=\"generic-typography__paragraph\">\n                    Design et confort de prestige \u00e0 petit prix ! Les chaises gaming Ranqer sont maintenant disponibles sur Amazon, SB Supply Bol et CDiscount. Mettez \u00e0 jour votre setup gaming avec l&#039;un de nos bureaus gamer de luxe. \n                <\/p>\n            <\/div>\n        <\/div>\n                    <div class=\"dealers__grid\">\n                                    <div class=\"dealers__single-dealer\">\n                        <a href=\"https:\/\/www.sbsupply.fr\/ranqer-nimbus-rgb-gaming-desk-with-led\" class=\"dealers__single__a w-inline-block\" target=\"_blank\" rel=\"noopener\">\n                            <img decoding=\"async\" src=\"https:\/\/www.ranqer.com\/wp-content\/uploads\/2021\/09\/sbsupply-logo-500x1000-1.png\" loading=\"lazy\" alt=\"\" class=\"dealers__single__logo-img\">\n                            <div class=\"dealers__single__details\">\n                                                            <div class=\"dealers__single__countries\">\n                                                                                                          <div class=\"dealers__single__countries__single\">France<\/div>\n                                                                        <div class=\"dealers__single__countries__single\">Belgique<\/div>\n                                                                <\/div>\n                              <img decoding=\"async\" src=\"https:\/\/www.ranqer.com\/wp-content\/themes\/vallonic-ranqer\/dist\/images\/vallonic__ranqer-com__icons__arrow-right__orange_143c2b49.svg\" loading=\"lazy\" alt=\"\" class=\"dealers__single__arrow-right\">\n                            <\/div>\n                        <\/a>\n                    <\/div>\n                                    <div class=\"dealers__single-dealer\">\n                        <a href=\"https:\/\/partner.bol.com\/click\/click?p=2&amp;t=url&amp;s=1346370&amp;f=TXL&amp;url=https%3A%2F%2Fwww.bol.com%2Fbe%2Ffr%2Fp%2Fbureau-de-jeu-ranqer-nimbus-rgb-avec-led%2F9300000136332825%2F&amp;name=Bureau%20de%20jeu%20Ranqer%20Nimbus%20RGB%20avec%20LED\" class=\"dealers__single__a w-inline-block\" target=\"_blank\" rel=\"noopener\">\n                            <img decoding=\"async\" src=\"https:\/\/www.ranqer.com\/wp-content\/uploads\/2021\/10\/bolcom_logo_blauw_rgb.png\" loading=\"lazy\" alt=\"\" class=\"dealers__single__logo-img\">\n                            <div class=\"dealers__single__details\">\n                                                            <div class=\"dealers__single__countries\">\n                                                                                                          <div class=\"dealers__single__countries__single\">Belgique<\/div>\n                                                                <\/div>\n                              <img decoding=\"async\" src=\"https:\/\/www.ranqer.com\/wp-content\/themes\/vallonic-ranqer\/dist\/images\/vallonic__ranqer-com__icons__arrow-right__orange_143c2b49.svg\" loading=\"lazy\" alt=\"\" class=\"dealers__single__arrow-right\">\n                            <\/div>\n                        <\/a>\n                    <\/div>\n                                    <div class=\"dealers__single-dealer\">\n                        <a href=\"https:\/\/www.amazon.fr\/dp\/B0C81SNTGT?&amp;linkCode=ll1&amp;tag=ranqer0a-21&amp;linkId=c963c1d705a58752428254c80fb50ba0&amp;language=fr_FR&amp;ref_=as_li_ss_tl\" class=\"dealers__single__a w-inline-block\" target=\"_blank\" rel=\"noopener\">\n                            <img decoding=\"async\" src=\"https:\/\/www.ranqer.com\/wp-content\/uploads\/2021\/09\/vallonic__ranqer-com__dealers__amazon2x.png\" loading=\"lazy\" alt=\"\" class=\"dealers__single__logo-img\">\n                            <div class=\"dealers__single__details\">\n                                                            <div class=\"dealers__single__countries\">\n                                                                                                          <div class=\"dealers__single__countries__single\">France<\/div>\n                                                                <\/div>\n                              <img decoding=\"async\" src=\"https:\/\/www.ranqer.com\/wp-content\/themes\/vallonic-ranqer\/dist\/images\/vallonic__ranqer-com__icons__arrow-right__orange_143c2b49.svg\" loading=\"lazy\" alt=\"\" class=\"dealers__single__arrow-right\">\n                            <\/div>\n                        <\/a>\n                    <\/div>\n                                    <div class=\"dealers__single-dealer\">\n                        <a href=\"https:\/\/www.cdiscount.com\/musique-instruments\/claviers-pianos\/ranqer-nimbus-rgb-table-de-jeu-avec-led\/f-160030403-ran1711461610641.html\" class=\"dealers__single__a w-inline-block\" target=\"_blank\" rel=\"noopener\">\n                            <img decoding=\"async\" src=\"https:\/\/www.ranqer.com\/wp-content\/uploads\/2024\/04\/pngwing.com_-e1623740798120-300x74-1.png\" loading=\"lazy\" alt=\"\" class=\"dealers__single__logo-img\">\n                            <div class=\"dealers__single__details\">\n                                                            <div class=\"dealers__single__countries\">\n                                                                                                          <div class=\"dealers__single__countries__single\">France<\/div>\n                                                                <\/div>\n                              <img decoding=\"async\" src=\"https:\/\/www.ranqer.com\/wp-content\/themes\/vallonic-ranqer\/dist\/images\/vallonic__ranqer-com__icons__arrow-right__orange_143c2b49.svg\" loading=\"lazy\" alt=\"\" class=\"dealers__single__arrow-right\">\n                            <\/div>\n                        <\/a>\n                    <\/div>\n                            <\/div>\n                            <\/div>\n<\/div>\n","protected":false},"excerpt":{"rendered":"","protected":false},"author":5,"featured_media":0,"parent":0,"menu_order":0,"comment_status":"closed","ping_status":"closed","template":"","meta":{"footnotes":""},"categories":[],"tags":[],"class_list":["post-10847","page","type-page","status-publish","hentry"],"_links":{"self":[{"href":"https:\/\/www.ranqer.com\/fr\/wp-json\/wp\/v2\/pages\/10847","targetHints":{"allow":["GET"]}}],"collection":[{"href":"https:\/\/www.ranqer.com\/fr\/wp-json\/wp\/v2\/pages"}],"about":[{"href":"https:\/\/www.ranqer.com\/fr\/wp-json\/wp\/v2\/types\/page"}],"author":[{"embeddable":true,"href":"https:\/\/www.ranqer.com\/fr\/wp-json\/wp\/v2\/users\/5"}],"replies":[{"embeddable":true,"href":"https:\/\/www.ranqer.com\/fr\/wp-json\/wp\/v2\/comments?post=10847"}],"version-history":[{"count":26,"href":"https:\/\/www.ranqer.com\/fr\/wp-json\/wp\/v2\/pages\/10847\/revisions"}],"predecessor-version":[{"id":18351,"href":"https:\/\/www.ranqer.com\/fr\/wp-json\/wp\/v2\/pages\/10847\/revisions\/18351"}],"wp:attachment":[{"href":"https:\/\/www.ranqer.com\/fr\/wp-json\/wp\/v2\/media?parent=10847"}],"wp:term":[{"taxonomy":"category","embeddable":true,"href":"https:\/\/www.ranqer.com\/fr\/wp-json\/wp\/v2\/categories?post=10847"},{"taxonomy":"post_tag","embeddable":true,"href":"https:\/\/www.ranqer.com\/fr\/wp-json\/wp\/v2\/tags?post=10847"}],"curies":[{"name":"wp","href":"https:\/\/api.w.org\/{rel}","templated":true}]}}