{"id":9846,"date":"2024-04-16T12:07:55","date_gmt":"2024-04-16T10:07:55","guid":{"rendered":"https:\/\/ranqer.com\/?page_id=9846"},"modified":"2024-04-30T11:44:39","modified_gmt":"2024-04-30T09:44:39","slug":"ranqer-ruedas-premium-para-sillas-de-gaming","status":"publish","type":"page","link":"https:\/\/www.ranqer.com\/es\/ranqer-ruedas-premium-para-sillas-de-gaming\/","title":{"rendered":"RANQER PREMIUM GAMING CHAIR WHEELS"},"content":{"rendered":"<div class=\"section--product-highlight wf-section\">\n    <div class=\"container w-container\">\n      <div class=\"product-highlight__grid\">\n        <div class=\"product-highlight__column\">\n          <div class=\"product-highlight__image-wrapper\">\n              <img decoding=\"async\" src=\"https:\/\/www.ranqer.com\/wp-content\/uploads\/2024\/02\/ranqer_gaming_chair_wheels_castors_for_hard_floors_1.png\" loading=\"lazy\" sizes=\"100vw\" alt=\"RANQER Ruedas Premium para sillas de gaming\" class=\"product-highlight__img\">\n                                <img decoding=\"async\" src=\"https:\/\/www.ranqer.com\/wp-content\/themes\/vallonic-ranqer\/dist\/images\/vallonic__ranqer-com__product-highlight__backdrop-single-color2x_fceffc2a.png\" loading=\"lazy\" sizes=\"100vw\" alt=\"\" class=\"product-highlight__background\">\n                        <\/div>\n        <\/div>\n        <div class=\"product-highlight__column\">\n          <div class=\"product-highlight__details\">\n            <h2 class=\"product-highlight__h2\">\n                                                                ACCESORIOS PARA <span class=\"product-highlight__h2__orange\">VIDEOJUEGOS<\/span>\n            <\/h2>\n            <h1 class=\"product-highlight__h1\">\n                RANQER Ruedas Premium para sillas de gaming\n            <\/h1>\n            <p class=\"product-highlight__desc\">\n                Te presentamos las ruedas premium para sillas de juego Ranqer, dise\u00f1adas espec\u00edficamente para suelos duros como las superficies de madera. Fabricadas con caucho de alta calidad, estas ruedas garantizan una experiencia de rodadura suave y silenciosa, minimizando las molestias sonoras durante las intensas sesiones de GAMING. Con un di\u00e1metro de 11 cent\u00edmetros, proporcionan una mayor estabilidad en el suelo, evitando el tambaleo y garantizando una experiencia de asiento segura. Mejora tu silla de juegos con las ruedas para sillas de juegos RANQER Premium para que ruede de forma m\u00e1s silenciosa, estable y suave sobre suelos duros, lo que te permitir\u00e1 concentrarte por completo en el juego.\n            <\/p>\n            <a href=\"#\" data-scroll=\"section--dealers\" class=\"product-highlight__button\">\n                Shop Online\n            <\/a>\n            <div class=\"product-highlight__actions\">\n                                <a\n                      class=\"product-highlight__single-action\"\n                      href=\"#\"\n                      data-scroll=\"section--detail-shots\"\n                  >\n                      Descubre m\u00e1s \u2192\n                  <\/a>\n                            \n            <\/div>\n          <\/div>\n        <\/div>\n      <\/div>\n    <\/div>\n            <div class=\"product-highlight__bottom-border\"><\/div>\n        \n    <img decoding=\"async\" src=\"https:\/\/www.ranqer.com\/wp-content\/themes\/vallonic-ranqer\/dist\/images\/vallonic__ranqer-com__product-highlight__decorative-elements_7b623bd8.svg\" loading=\"lazy\" alt=\"\" class=\"product-highlight__decoration\">\n<\/div>\n\n\n<div class=\"section--detail-shots wf-section\">\n    <div class=\"container w-container\">\n        <h2 class=\"generic-typography__section-title\">\n                                                LA CALIDAD <span class=\"collection__title__orange\">PROMETIDA POR RANQER<\/span>\n        <\/h2>\n    <\/div>\n                                    \n\n              <div class=\"detail-shots__section is--first\">\n                  <div class=\"detail-shots__image-column\">\n                      <img decoding=\"async\" src=\"https:\/\/www.ranqer.com\/wp-content\/uploads\/2024\/02\/Ranqer-gaming-chair-wheels-close-up.png\" loading=\"lazy\" alt=\"\" class=\"detail-shots__single-image\">\n                  <\/div>\n                  <div class=\"detail-shots__desc-column is--right\">\n                      <div class=\"detail-shots__desc-column__inner is--right\">\n                          <h3 class=\"detail-shots__desc-title\">\n                              RUEDAS PARA SUELOS DUROS\n                          <\/h3>\n                          <h4 class=\"generic-typography__sub-title bottom--15 top--0\">\n                              Para evitar rayaduras en el suelo\n                          <\/h4>\n                          <p class=\"generic-typography__paragraph\">\n                              Nuestras ruedas para gaming est\u00e1n equipadas con superficies lisas y no abrasivas que se deslizan sin problemas sobre suelos duros, protegi\u00e9ndolos de posibles da\u00f1os. Con su dise\u00f1o ergon\u00f3mico y su ingenier\u00eda de precisi\u00f3n, estas ruedas garantizan que la silla de juego se mueva con facilidad a la vez que protegen tu inversi\u00f3n en suelos.\n                          <\/p>\n                      <\/div>\n                  <\/div>\n              <\/div>\n                                                            <div class=\"detail-shots__section \">\n                    <div class=\"detail-shots__desc-column is--left\">\n                        <div class=\"detail-shots__desc-column__inner is--left\">\n                            <h3 class=\"detail-shots__desc-title\">\n                                CALIDAD SUPERIOR\n                            <\/h3>\n                            <h4 class=\"generic-typography__sub-title bottom--15 top--0\">\n                                Hecho para durar\n                            <\/h4>\n                            <p class=\"generic-typography__paragraph\">\n                                Nuestras ruedas de GAMING se han dise\u00f1ado pensando en la durabilidad, para resistir incontables horas de juego intenso. Fabricados con materiales de alta calidad e ingenier\u00eda de precisi\u00f3n, cada componente se elabora cuidadosamente para garantizar un rendimiento duradero. Tanto si eres un jugador ocasional o un profesional experimentado, puedes confiar en que nuestros volantes para gaming est\u00e1n dise\u00f1ados para soportar los rigores de las sesiones de juego m\u00e1s exigentes. Invierte en calidad, fiabilidad y resistencia, porque cuando se trata de jugar, nuestros volantes est\u00e1n hechos para durar.\n                            <\/p>\n                        <\/div>\n                    <\/div>\n                    <div class=\"detail-shots__image-column\">\n                        <img decoding=\"async\" src=\"https:\/\/www.ranqer.com\/wp-content\/uploads\/2024\/02\/Ranqer-gaming-chair-wheels-detail-shot.png\" loading=\"lazy\" alt=\"\" class=\"detail-shots__single-image\">\n                    <\/div>\n                <\/div>\n                        <\/div>\n\n\n<div class=\"section--double-p wf-section\">\n    <div class=\"container w-container\">\n        <div class=\"double-p__title-wrapper\">\n                            <h2 class=\"double-p__main-title is--large\">\n                                        MEJORA TU CONFIGURACI\u00d3N <strong class=\"double-p__main-title__orange\">DE JUEGO<\/strong>\n                <\/h2>\n\n                <h3 class=\"double-p__main-title is--sub\">\n                                        RANQER <strong class=\"double-p__main-title__orange\">RUEDAS PARA SILLAS DE JUEGO<\/strong>\n                <\/h3>\n                    <\/div>\n                    <div class=\"double-p__grid\">\n                                    <div class=\"double-p__block\">\n                        <h3 class=\"generic-typography__sub-title bottom--15 top--0\">Movimientos suaves, suelos protegidos<\/h3>\n                                                    <p class=\"generic-typography__paragraph\">Te presentamos la soluci\u00f3n definitiva para los jugadores que quieren proteger sus suelos duros sin renunciar al rendimiento: ruedas para sillas de juego dise\u00f1adas espec\u00edficamente para superficies duras. Di adi\u00f3s a los ara\u00f1azos, rozaduras y marcas en tus suelos de madera, baldosa o laminado, y da la bienvenida a un movimiento suave y sin esfuerzo que mejora tu experiencia de juego.<\/p>\n\n                                            <\/div>\n                                    <div class=\"double-p__block\">\n                        <h3 class=\"generic-typography__sub-title bottom--15 top--0\"><\/h3>\n                                                    <p class=\"generic-typography__paragraph\">\n                                <p class=\"p2\">Pero no se trata s\u00f3lo de protecci\u00f3n: nuestras ruedas para sillas de juego tambi\u00e9n mejoran la experiencia de juego en general. Con su dise\u00f1o ergon\u00f3mico y su ingenier\u00eda de precisi\u00f3n, estas ruedas ofrecen un movimiento suave y sensible, lo que te permite maniobrar con precisi\u00f3n y agilidad durante las intensas sesiones de juego.<\/p>\n\n                            <\/p>\n                                            <\/div>\n                            <\/div>\n            <\/div>\n<\/div>\n\n\n<div class=\"section--selling-points  wf-section\">\n    <div class=\"container w-container\">\n                                <div class=\"selling-points__title\">\n                            <h2 class=\"generic-typography__section-title\">\n                    NUESTROS <span class=\"collection__title__orange\">PUNTOS FUERTES<\/span>\n                <\/h2>\n                    <\/div>\n        <div class=\"selling-points__grid\">\n                                                <div class=\"selling-points__single\">\n                        <div class=\"selling-points__single__inner\">\n                            <div class=\"selling-points__single__text\">\n                                Gran ergonom\u00eda\n                            <\/div>\n                            <div class=\"selling-points__single__icon-wrapper\">\n                                <img decoding=\"async\" src=\"https:\/\/www.ranqer.com\/wp-content\/themes\/vallonic-ranqer\/dist\/images\/vallonic__ranqer-com__icons__ergonomic__orange_46a0c9d8.svg\" loading=\"lazy\" width=\"21\" alt=\"\" class=\"selling-points__single__icon\">\n                            <\/div>\n                        <\/div>\n                    <\/div>\n                                    <div class=\"selling-points__single\">\n                        <div class=\"selling-points__single__inner\">\n                            <div class=\"selling-points__single__text\">\n                                Inspirado por las carreras\n                            <\/div>\n                            <div class=\"selling-points__single__icon-wrapper\">\n                                <img decoding=\"async\" src=\"https:\/\/www.ranqer.com\/wp-content\/themes\/vallonic-ranqer\/dist\/images\/vallonic__ranqer-com__icons__racing__orange_7c54f02f.svg\" loading=\"lazy\" width=\"21\" alt=\"\" class=\"selling-points__single__icon\">\n                            <\/div>\n                        <\/div>\n                    <\/div>\n                                    <div class=\"selling-points__single\">\n                        <div class=\"selling-points__single__inner\">\n                            <div class=\"selling-points__single__text\">\n                                Dise\u00f1o holand\u00e9s\n                            <\/div>\n                            <div class=\"selling-points__single__icon-wrapper\">\n                                <img decoding=\"async\" src=\"https:\/\/www.ranqer.com\/wp-content\/themes\/vallonic-ranqer\/dist\/images\/vallonic__ranqer-com__icons__design__orange_5cb9e4bc.svg\" loading=\"lazy\" width=\"21\" alt=\"\" class=\"selling-points__single__icon\">\n                            <\/div>\n                        <\/div>\n                    <\/div>\n                                    <\/div>\n                            <div class=\"selling-points__cta-wrapper\">\n                <a\n                    href=\"#\"\n                    data-scroll=\"section--dealers\"\n                    class=\"selling-points__cta\"\n                >\n                    Compra Ahora\n                <\/a>\n            <\/div>\n            <\/div>\n<\/div>\n\n\n<div class=\"section--dealers wf-section\" id=\"dealers\">\n    <div class=\"container w-container\">\n        <div class=\"dealers__description-grid\">\n            <div class=\"dealers__desc-column\">\n                <h2 class=\"generic-typography__section-title\">\n                                                                                nuestros <span class=\"collection__title__orange\">socios<\/span>\n                <\/h2>\n                <h3 class=\"generic-typography__sub-title bottom--15\">\n                    Compra Ahora\n                <\/h3>\n                <p class=\"generic-typography__paragraph\">\n                    Ranqer gaming ya est\u00e1 disponible. Mejora tu configuraci\u00f3n de juego eligiendo uno de nuestros queridos accesorios para jugadores.\n                <\/p>\n            <\/div>\n        <\/div>\n                    <div class=\"dealers__grid\">\n                                    <div class=\"dealers__single-dealer\">\n                        <a href=\"https:\/\/www.sbsupply.es\/silla-gaming-ruedas-negro\" class=\"dealers__single__a w-inline-block\" target=\"_blank\" rel=\"noopener\">\n                            <img decoding=\"async\" src=\"https:\/\/www.ranqer.com\/wp-content\/uploads\/2021\/09\/sbsupply-logo-500x1000-1.png\" loading=\"lazy\" alt=\"\" class=\"dealers__single__logo-img\">\n                            <div class=\"dealers__single__details\">\n                                                            <div class=\"dealers__single__countries\">\n                                                                                                          <div class=\"dealers__single__countries__single\">Espa\u00f1a<\/div>\n                                                                <\/div>\n                              <img decoding=\"async\" src=\"https:\/\/www.ranqer.com\/wp-content\/themes\/vallonic-ranqer\/dist\/images\/vallonic__ranqer-com__icons__arrow-right__orange_143c2b49.svg\" loading=\"lazy\" alt=\"\" class=\"dealers__single__arrow-right\">\n                            <\/div>\n                        <\/a>\n                    <\/div>\n                                    <div class=\"dealers__single-dealer\">\n                        <a href=\"https:\/\/www.amazon.es\/Ranqer-ruedas-oficina-ara%C3%B1azos-premium\/dp\/B0CRF73KC4\/ref=sr_1_8?__mk_es_ES=%C3%85M%C3%85%C5%BD%C3%95%C3%91&amp;crid=5394ID8SCDNX&amp;dib=eyJ2IjoiMSJ9.yKSKKSh6SU1gLVmoS1SE3JrRXg-y3XYuX7w5qL_aq9wEZYvcg-tlQPouBOoykRvft0RzFV02tUyr_WcLLhES-3XTSsQV_OCs_6YOVkqFjU2gUYESq5N2M2Vmo9duoW3h9m6cPYdIRTQt5y7qNvAe46enbxbE4KPTnmDoBAhhclyy1JZIn-ErRr5Uk81xo14QSuBBiajs5GokOHagFImTwtrAYNrEmmE8vvRXSqTe6_grY0G20yPZ9s42ntXkb1a4DwU6KjrOt6_XcMOBnPC4fgTeSyusgI7IkIF4rnSWgkQ.UNuOrSQHY11gvgLJ9NYnc8uT3Y4wGAS6TejX9YvZWlY&amp;dib_tag=se&amp;keywords=%27ranqer%27&amp;qid=1713262059&amp;sprefix=ranqer+%2Caps%2C95&amp;sr=8-8\" class=\"dealers__single__a w-inline-block\" target=\"_blank\" rel=\"noopener\">\n                            <img decoding=\"async\" src=\"https:\/\/www.ranqer.com\/wp-content\/uploads\/2021\/09\/vallonic__ranqer-com__dealers__amazon2x.png\" loading=\"lazy\" alt=\"\" class=\"dealers__single__logo-img\">\n                            <div class=\"dealers__single__details\">\n                                                            <div class=\"dealers__single__countries\">\n                                                                                                          <div class=\"dealers__single__countries__single\">Espa\u00f1a<\/div>\n                                                                <\/div>\n                              <img decoding=\"async\" src=\"https:\/\/www.ranqer.com\/wp-content\/themes\/vallonic-ranqer\/dist\/images\/vallonic__ranqer-com__icons__arrow-right__orange_143c2b49.svg\" loading=\"lazy\" alt=\"\" class=\"dealers__single__arrow-right\">\n                            <\/div>\n                        <\/a>\n                    <\/div>\n                            <\/div>\n                            <\/div>\n<\/div>\n\n\n<div class=\"section--product-downloads bottom--0 wf-section\">\n    <div class=\"container w-container\">\n        <div class=\"product-downloads__grid\">\n            <div class=\"product-downloads__column\">\n                <h2 class=\"generic-typography__section-title\">\n                                        HOJA DE PRODUCTO\n                <\/h2>\n                <h3 class=\"generic-typography__sub-title bottom--15\">\n                    Especificaciones\n                <\/h3>\n                <p class=\"generic-typography__paragraph\">\n                    <p>Ruedas de goma (5 piezas)<br \/>\nSe adapta a todas las sillas de juego Ranqer, Gear4U, Nordic Gaming y Fourze<br \/>\nHecho para superficies duras como suelos de madera<br \/>\nPromueve el movimiento suave y la comodidad<br \/>\nPosici\u00f3n m\u00e1s estable en el suelo<br \/>\nSuave en suelos duros<\/p>\n\n                <\/p>\n                <div class=\"product-downloads__actions-grid\">\n                                    <\/div>\n            <\/div>\n            <div class=\"product-downloads__column\">\n                <div class=\"product-downloads__decoration-wrapper\">\n                    <img decoding=\"async\" src=\"https:\/\/www.ranqer.com\/wp-content\/uploads\/2024\/04\/vallonic__ranqer-com__logo__full-orange_b536aaf5-1.png\" loading=\"lazy\" alt=\"\" class=\"product-downloads__decoration-img\">\n                <\/div>\n            <\/div>\n        <\/div>\n    <\/div>\n<\/div>\n","protected":false},"excerpt":{"rendered":"","protected":false},"author":5,"featured_media":0,"parent":0,"menu_order":0,"comment_status":"closed","ping_status":"closed","template":"","meta":{"footnotes":""},"categories":[],"tags":[],"class_list":["post-9846","page","type-page","status-publish","hentry"],"_links":{"self":[{"href":"https:\/\/www.ranqer.com\/es\/wp-json\/wp\/v2\/pages\/9846","targetHints":{"allow":["GET"]}}],"collection":[{"href":"https:\/\/www.ranqer.com\/es\/wp-json\/wp\/v2\/pages"}],"about":[{"href":"https:\/\/www.ranqer.com\/es\/wp-json\/wp\/v2\/types\/page"}],"author":[{"embeddable":true,"href":"https:\/\/www.ranqer.com\/es\/wp-json\/wp\/v2\/users\/5"}],"replies":[{"embeddable":true,"href":"https:\/\/www.ranqer.com\/es\/wp-json\/wp\/v2\/comments?post=9846"}],"version-history":[{"count":6,"href":"https:\/\/www.ranqer.com\/es\/wp-json\/wp\/v2\/pages\/9846\/revisions"}],"predecessor-version":[{"id":16970,"href":"https:\/\/www.ranqer.com\/es\/wp-json\/wp\/v2\/pages\/9846\/revisions\/16970"}],"wp:attachment":[{"href":"https:\/\/www.ranqer.com\/es\/wp-json\/wp\/v2\/media?parent=9846"}],"wp:term":[{"taxonomy":"category","embeddable":true,"href":"https:\/\/www.ranqer.com\/es\/wp-json\/wp\/v2\/categories?post=9846"},{"taxonomy":"post_tag","embeddable":true,"href":"https:\/\/www.ranqer.com\/es\/wp-json\/wp\/v2\/tags?post=9846"}],"curies":[{"name":"wp","href":"https:\/\/api.w.org\/{rel}","templated":true}]}}