{"id":9797,"date":"2024-03-26T10:47:57","date_gmt":"2024-03-26T09:47:57","guid":{"rendered":"https:\/\/ranqer.com\/?page_id=9797"},"modified":"2024-04-30T11:40:16","modified_gmt":"2024-04-30T09:40:16","slug":"ranqer-alfombrilla-de-raton","status":"publish","type":"page","link":"https:\/\/www.ranqer.com\/es\/ranqer-alfombrilla-de-raton\/","title":{"rendered":"Ranqer Mousepad"},"content":{"rendered":"<div class=\"section--product-highlight wf-section\">\n    <div class=\"container w-container\">\n      <div class=\"product-highlight__grid\">\n        <div class=\"product-highlight__column\">\n          <div class=\"product-highlight__image-wrapper\">\n              <img decoding=\"async\" src=\"https:\/\/www.ranqer.com\/wp-content\/uploads\/2024\/02\/Ranqer-mousepad-main-picture.png\" loading=\"lazy\" sizes=\"100vw\" alt=\"RANQER Alfombrilla de rat\u00f3n\" class=\"product-highlight__img\">\n                                <img decoding=\"async\" src=\"https:\/\/www.ranqer.com\/wp-content\/themes\/vallonic-ranqer\/dist\/images\/vallonic__ranqer-com__product-highlight__backdrop-single-color2x_fceffc2a.png\" loading=\"lazy\" sizes=\"100vw\" alt=\"\" class=\"product-highlight__background\">\n                        <\/div>\n        <\/div>\n        <div class=\"product-highlight__column\">\n          <div class=\"product-highlight__details\">\n            <h2 class=\"product-highlight__h2\">\n                                                                Accesorios para <span class=\"product-highlight__h2__orange\">videojuegos<\/span>\n            <\/h2>\n            <h1 class=\"product-highlight__h1\">\n                RANQER Alfombrilla de rat\u00f3n\n            <\/h1>\n            <p class=\"product-highlight__desc\">\n                Descubre la alfombrilla Ranqer, dise\u00f1ada para que disfrutes de una experiencia de juego sin interrupciones. Fabricada con tejido de alta calidad, ofrece movimientos precisos y una base de goma antideslizante para un agarre seguro en su escritorio. Con un generoso tama\u00f1o de 70&#215;30 cm, ofrece un amplio espacio para tu rat\u00f3n, permiti\u00e9ndote disfrutar de tu juego en cualquier rinc\u00f3n de tu escritorio. La parte inferior especial garantiza que la alfombrilla se mantenga firme en su sitio durante el juego, mientras que el suave tejido evita ara\u00f1azos en el rat\u00f3n y garantiza una r\u00e1pida capacidad de respuesta.\n            <\/p>\n            <a href=\"#\" data-scroll=\"section--dealers\" class=\"product-highlight__button\">\n                Shop Online\n            <\/a>\n            <div class=\"product-highlight__actions\">\n                                <a\n                      class=\"product-highlight__single-action\"\n                      href=\"#\"\n                      data-scroll=\"section--detail-shots\"\n                  >\n                      Descubre m\u00e1s \u2192\n                  <\/a>\n                            \n            <\/div>\n          <\/div>\n        <\/div>\n      <\/div>\n    <\/div>\n            <div class=\"product-highlight__bottom-border\"><\/div>\n        \n    <img decoding=\"async\" src=\"https:\/\/www.ranqer.com\/wp-content\/themes\/vallonic-ranqer\/dist\/images\/vallonic__ranqer-com__product-highlight__decorative-elements_7b623bd8.svg\" loading=\"lazy\" alt=\"\" class=\"product-highlight__decoration\">\n<\/div>\n\n\n<div class=\"section--detail-shots wf-section\">\n    <div class=\"container w-container\">\n        <h2 class=\"generic-typography__section-title\">\n                                                LA CALIDAD <span class=\"collection__title__orange\">PROMETIDA POR RANQER<\/span>\n        <\/h2>\n    <\/div>\n                                    \n\n              <div class=\"detail-shots__section is--first\">\n                  <div class=\"detail-shots__image-column\">\n                      <img decoding=\"async\" src=\"https:\/\/www.ranqer.com\/wp-content\/uploads\/2024\/02\/Ranqer-mousepad-close-up.png\" loading=\"lazy\" alt=\"\" class=\"detail-shots__single-image\">\n                  <\/div>\n                  <div class=\"detail-shots__desc-column is--right\">\n                      <div class=\"detail-shots__desc-column__inner is--right\">\n                          <h3 class=\"detail-shots__desc-title\">\n                              CALIDAD SUPERIOR\n                          <\/h3>\n                          <h4 class=\"generic-typography__sub-title bottom--15 top--0\">\n                              Nada m\u00e1s que lo mejor\n                          <\/h4>\n                          <p class=\"generic-typography__paragraph\">\n                              Mejora tu espacio de trabajo o de juego con nuestra alfombrilla de rat\u00f3n de calidad superior y descubre la diferencia que marca la verdadera artesan\u00eda. Porque cuando se trata de calidad, nada menos que lo mejor es suficiente. Nuestra alfombrilla es m\u00e1s que una superficie: es un lienzo para tu creatividad, un escenario para tu precisi\u00f3n y un testimonio de calidad sin concesiones.\n                          <\/p>\n                      <\/div>\n                  <\/div>\n              <\/div>\n                        <\/div>\n\n\n<div class=\"section--double-p wf-section\">\n    <div class=\"container w-container\">\n        <div class=\"double-p__title-wrapper\">\n                            <h2 class=\"double-p__main-title is--large\">\n                                        Aumenta <strong class=\"double-p__main-title__orange\">tu control<\/strong> \n                <\/h2>\n\n                <h3 class=\"double-p__main-title is--sub\">\n                                        RANQER <strong class=\"double-p__main-title__orange\">Alfombrilla de rat\u00f3n <\/strong>\n                <\/h3>\n                    <\/div>\n                    <div class=\"double-p__grid\">\n                                    <div class=\"double-p__block\">\n                        <h3 class=\"generic-typography__sub-title bottom--15 top--0\">Precisi\u00f3n perfeccionada<\/h3>\n                                                    <p class=\"generic-typography__paragraph\">D\u00e9 rienda suelta a la precisi\u00f3n, el control y el estilo con nuestra alfombrilla de rat\u00f3n de primera calidad, la mejor compa\u00f1era para tu configuraci\u00f3n de gaming o trabajo. Dise\u00f1ada pensando en jugadores y profesionales, nuestra alfombrilla est\u00e1 pensada para mejorar su rendimiento y a\u00f1adir un toque de sofisticaci\u00f3n a tu espacio de trabajo. Pero nuestra alfombrilla de rat\u00f3n no es s\u00f3lo funcional, tambi\u00e9n es una pieza de dise\u00f1o. Con su elegante dise\u00f1o y sus materiales de primera calidad, a\u00f1ade un toque de elegancia a cualquier escritorio o instalaci\u00f3n de juego. Disponible en varios tama\u00f1os y estilos, puedes elegir la alfombrilla perfecta para complementar tu est\u00e9tica y mejorar tu espacio de trabajo.<\/p>\n\n                                            <\/div>\n                                    <div class=\"double-p__block\">\n                        <h3 class=\"generic-typography__sub-title bottom--15 top--0\"><\/h3>\n                                                    <p class=\"generic-typography__paragraph\">Dise\u00f1ada para que el rat\u00f3n se mueva con suavidad y sin esfuerzo, nuestra alfombrilla cuenta con una superficie microtexturizada que garantiza una precisi\u00f3n y capacidad de respuesta perfectas, tanto si juega como si dise\u00f1a o simplemente navega por Internet. Diga adi\u00f3s a los frustrantes resbalones y deslizamientos: nuestra base de goma antideslizante mantiene la alfombrilla firmemente en su sitio, incluso durante las sesiones de juego m\u00e1s intensas o las tareas de trabajo m\u00e1s exigentes.<\/p>\n\n                                            <\/div>\n                            <\/div>\n            <\/div>\n<\/div>\n\n\n<div class=\"section--selling-points  wf-section\">\n    <div class=\"container w-container\">\n                                <div class=\"selling-points__title\">\n                            <h2 class=\"generic-typography__section-title\">\n                    Nuestros <span class=\"collection__title__orange\">puntos fuertes<\/span>\n                <\/h2>\n                    <\/div>\n        <div class=\"selling-points__grid\">\n                                                <div class=\"selling-points__single\">\n                        <div class=\"selling-points__single__inner\">\n                            <div class=\"selling-points__single__text\">\n                                Gran ergonom\u00eda\n                            <\/div>\n                            <div class=\"selling-points__single__icon-wrapper\">\n                                <img decoding=\"async\" src=\"https:\/\/www.ranqer.com\/wp-content\/themes\/vallonic-ranqer\/dist\/images\/vallonic__ranqer-com__icons__ergonomic__orange_46a0c9d8.svg\" loading=\"lazy\" width=\"21\" alt=\"\" class=\"selling-points__single__icon\">\n                            <\/div>\n                        <\/div>\n                    <\/div>\n                                    <div class=\"selling-points__single\">\n                        <div class=\"selling-points__single__inner\">\n                            <div class=\"selling-points__single__text\">\n                                Inspirado por las carreras\n                            <\/div>\n                            <div class=\"selling-points__single__icon-wrapper\">\n                                <img decoding=\"async\" src=\"https:\/\/www.ranqer.com\/wp-content\/themes\/vallonic-ranqer\/dist\/images\/vallonic__ranqer-com__icons__racing__orange_7c54f02f.svg\" loading=\"lazy\" width=\"21\" alt=\"\" class=\"selling-points__single__icon\">\n                            <\/div>\n                        <\/div>\n                    <\/div>\n                                    <div class=\"selling-points__single\">\n                        <div class=\"selling-points__single__inner\">\n                            <div class=\"selling-points__single__text\">\n                                Dise\u00f1o holand\u00e9s\n                            <\/div>\n                            <div class=\"selling-points__single__icon-wrapper\">\n                                <img decoding=\"async\" src=\"https:\/\/www.ranqer.com\/wp-content\/themes\/vallonic-ranqer\/dist\/images\/vallonic__ranqer-com__icons__design__orange_5cb9e4bc.svg\" loading=\"lazy\" width=\"21\" alt=\"\" class=\"selling-points__single__icon\">\n                            <\/div>\n                        <\/div>\n                    <\/div>\n                                    <\/div>\n                            <div class=\"selling-points__cta-wrapper\">\n                <a\n                    href=\"#\"\n                    data-scroll=\"section--dealers\"\n                    class=\"selling-points__cta\"\n                >\n                    Compra Ahora\n                <\/a>\n            <\/div>\n            <\/div>\n<\/div>\n\n\n<div class=\"section--dealers wf-section\" id=\"dealers\">\n    <div class=\"container w-container\">\n        <div class=\"dealers__description-grid\">\n            <div class=\"dealers__desc-column\">\n                <h2 class=\"generic-typography__section-title\">\n                                                                                nuestros <span class=\"collection__title__orange\">socios<\/span>\n                <\/h2>\n                <h3 class=\"generic-typography__sub-title bottom--15\">\n                    Compra Ahora\n                <\/h3>\n                <p class=\"generic-typography__paragraph\">\n                    Ranqer gaming ya est\u00e1 disponible. Mejora tu configuraci\u00f3n de juego eligiendo uno de nuestros queridos accesorios para jugadores.\n                <\/p>\n            <\/div>\n        <\/div>\n                    <div class=\"dealers__grid\">\n                                    <div class=\"dealers__single-dealer\">\n                        <a href=\"https:\/\/www.sbsupply.es\/ranqer-alfombrilla-de-raton\" class=\"dealers__single__a w-inline-block\" target=\"_blank\" rel=\"noopener\">\n                            <img decoding=\"async\" src=\"https:\/\/www.ranqer.com\/wp-content\/uploads\/2021\/09\/sbsupply-logo-500x1000-1.png\" loading=\"lazy\" alt=\"\" class=\"dealers__single__logo-img\">\n                            <div class=\"dealers__single__details\">\n                                                            <div class=\"dealers__single__countries\">\n                                                                                                          <div class=\"dealers__single__countries__single\">ESPA\u00d1A<\/div>\n                                                                <\/div>\n                              <img decoding=\"async\" src=\"https:\/\/www.ranqer.com\/wp-content\/themes\/vallonic-ranqer\/dist\/images\/vallonic__ranqer-com__icons__arrow-right__orange_143c2b49.svg\" loading=\"lazy\" alt=\"\" class=\"dealers__single__arrow-right\">\n                            <\/div>\n                        <\/a>\n                    <\/div>\n                                    <div class=\"dealers__single-dealer\">\n                        <a href=\"https:\/\/www.amazon.es\/stores\/RanqerGaming\/page\/2CDDE83C-16B0-437B-9F09-EF14C5ECF525?ref_=ast_bln\" class=\"dealers__single__a w-inline-block\" target=\"_blank\" rel=\"noopener\">\n                            <img decoding=\"async\" src=\"https:\/\/www.ranqer.com\/wp-content\/uploads\/2021\/09\/vallonic__ranqer-com__dealers__amazon2x.png\" loading=\"lazy\" alt=\"\" class=\"dealers__single__logo-img\">\n                            <div class=\"dealers__single__details\">\n                                                            <div class=\"dealers__single__countries\">\n                                                                                                          <div class=\"dealers__single__countries__single\">ESPA\u00d1A<\/div>\n                                                                <\/div>\n                              <img decoding=\"async\" src=\"https:\/\/www.ranqer.com\/wp-content\/themes\/vallonic-ranqer\/dist\/images\/vallonic__ranqer-com__icons__arrow-right__orange_143c2b49.svg\" loading=\"lazy\" alt=\"\" class=\"dealers__single__arrow-right\">\n                            <\/div>\n                        <\/a>\n                    <\/div>\n                            <\/div>\n                            <\/div>\n<\/div>\n\n\n<div class=\"section--product-downloads bottom--0 wf-section\">\n    <div class=\"container w-container\">\n        <div class=\"product-downloads__grid\">\n            <div class=\"product-downloads__column\">\n                <h2 class=\"generic-typography__section-title\">\n                                        HOJA DE PRODUCTO\n                <\/h2>\n                <h3 class=\"generic-typography__sub-title bottom--15\">\n                    Especificaciones\n                <\/h3>\n                <p class=\"generic-typography__paragraph\">\n                    <div class=\"short-description\">\n<p>Extra ancho<br \/>\nAlfombrilla de rat\u00f3n antideslizante con agarre extra<br \/>\nExtra suave, evita ara\u00f1azos en el rat\u00f3n y garantiza una respuesta extra r\u00e1pida<br \/>\nAcabado extra fino y perfecto<br \/>\nTeclado y rat\u00f3n encajan perfectamente<\/p>\n<p>Tama\u00f1o del producto: 70cm x 30cm<\/p>\n<\/div>\n\n                <\/p>\n                <div class=\"product-downloads__actions-grid\">\n                                    <\/div>\n            <\/div>\n            <div class=\"product-downloads__column\">\n                <div class=\"product-downloads__decoration-wrapper\">\n                    <img decoding=\"async\" src=\"https:\/\/www.ranqer.com\/wp-content\/uploads\/2024\/04\/vallonic__ranqer-com__logo__full-orange_b536aaf5-1.png\" loading=\"lazy\" alt=\"\" class=\"product-downloads__decoration-img\">\n                <\/div>\n            <\/div>\n        <\/div>\n    <\/div>\n<\/div>\n","protected":false},"excerpt":{"rendered":"","protected":false},"author":5,"featured_media":0,"parent":0,"menu_order":0,"comment_status":"closed","ping_status":"closed","template":"","meta":{"footnotes":""},"categories":[],"tags":[],"class_list":["post-9797","page","type-page","status-publish","hentry"],"_links":{"self":[{"href":"https:\/\/www.ranqer.com\/es\/wp-json\/wp\/v2\/pages\/9797","targetHints":{"allow":["GET"]}}],"collection":[{"href":"https:\/\/www.ranqer.com\/es\/wp-json\/wp\/v2\/pages"}],"about":[{"href":"https:\/\/www.ranqer.com\/es\/wp-json\/wp\/v2\/types\/page"}],"author":[{"embeddable":true,"href":"https:\/\/www.ranqer.com\/es\/wp-json\/wp\/v2\/users\/5"}],"replies":[{"embeddable":true,"href":"https:\/\/www.ranqer.com\/es\/wp-json\/wp\/v2\/comments?post=9797"}],"version-history":[{"count":15,"href":"https:\/\/www.ranqer.com\/es\/wp-json\/wp\/v2\/pages\/9797\/revisions"}],"predecessor-version":[{"id":16963,"href":"https:\/\/www.ranqer.com\/es\/wp-json\/wp\/v2\/pages\/9797\/revisions\/16963"}],"wp:attachment":[{"href":"https:\/\/www.ranqer.com\/es\/wp-json\/wp\/v2\/media?parent=9797"}],"wp:term":[{"taxonomy":"category","embeddable":true,"href":"https:\/\/www.ranqer.com\/es\/wp-json\/wp\/v2\/categories?post=9797"},{"taxonomy":"post_tag","embeddable":true,"href":"https:\/\/www.ranqer.com\/es\/wp-json\/wp\/v2\/tags?post=9797"}],"curies":[{"name":"wp","href":"https:\/\/api.w.org\/{rel}","templated":true}]}}