{"id":7930,"date":"2023-08-04T14:14:21","date_gmt":"2023-08-04T12:14:21","guid":{"rendered":"https:\/\/ranqer.com\/?page_id=7930"},"modified":"2024-04-26T14:13:49","modified_gmt":"2024-04-26T12:13:49","slug":"cual-es-la-posicion-correcta-para-sentarse-en-una-silla-de-juego","status":"publish","type":"page","link":"https:\/\/www.ranqer.com\/es\/cual-es-la-posicion-correcta-para-sentarse-en-una-silla-de-juego\/","title":{"rendered":"Blog &#8211; What is the correct sitting position for a gaming chair?"},"content":{"rendered":"\n<div class=\"wp-block-columns is-layout-flex wp-container-core-columns-is-layout-9d6595d7 wp-block-columns-is-layout-flex\">\n<div class=\"wp-block-column is-layout-flow wp-block-column-is-layout-flow\" style=\"flex-basis:100%\"><\/div>\n<\/div>\n\n\n<div class=\"section--full-width-image wf-section\">\n    \n    <div class=\"full-width-image__image-wrapper\">\n        <img decoding=\"async\" src=\"https:\/\/www.ranqer.com\/wp-content\/uploads\/2022\/06\/Juiste-houding-voor-een-gamestoel-2.jpg\" loading=\"lazy\" sizes=\"100vw\" alt=\"\" class=\"full-width-image__img\">\n    <\/div>\n\n            <img decoding=\"async\" src=\"https:\/\/www.ranqer.com\/wp-content\/themes\/vallonic-ranqer\/dist\/images\/vallonic__ranqer-com__decoration__divider-02_2f72479f.png\" loading=\"lazy\" alt=\"\" class=\"full-width-image__bottom-divider\">\n    <\/div>\n\n\n<div class=\"section--double-p wf-section\">\n    <div class=\"container w-container\">\n        <div class=\"double-p__title-wrapper\">\n                            <h2 class=\"double-p__main-title is--large\">\n                                        \u00bfCu\u00e1l es la posici\u00f3n correcta para sentarse en una silla de gaming?\n                <\/h2>\n\n                <h3 class=\"double-p__main-title is--sub\">\n                                        <strong class=\"double-p__main-title__orange\">\u00bfA qu\u00e9 debo prestar atenci\u00f3n?<\/strong>\n                <\/h3>\n                    <\/div>\n                    <div class=\"double-p__grid\">\n                                    <div class=\"double-p__block\">\n                        <h3 class=\"generic-typography__sub-title bottom--15 top--0\"><\/h3>\n                                                    <p class=\"generic-typography__paragraph\">\n                                <p style=\"text-align: left;\">Hoy en d\u00eda, una silla de gaming es imprescindible para jugar. Una silla de gaming es perfecta para disfrutar de una mejor experiencia de juego. Estas sillas est\u00e1n hechas para que puedas sentarte detr\u00e1s de la consola durante mucho tiempo sin que te duela la espalda o el cuello. Una buena silla de gaming garantiza que siempre te sientes en la posici\u00f3n correcta, porque si no lo haces, puedes lesionarte. Adem\u00e1s, las sillas de gaming tambi\u00e9n funcionan perfectamente como sillas de oficina, sobre todo en esta \u00e9poca en la que todav\u00eda trabajamos a menudo desde casa. Incluso cuando trabajas desde tu casa, es importante que te sientes en tu silla correctamente. \u00bfCu\u00e1l es la postura correcta en una silla de gaming y c\u00f3mo asegurarse de adquirir la adecuada? \u00a1Puedes leerlo en este blog!<\/p>\n\n                            <\/p>\n                                            <\/div>\n                            <\/div>\n            <\/div>\n<\/div>\n\n\n<div class=\"section--double-p wf-section\">\n    <div class=\"container w-container\">\n        <div class=\"double-p__title-wrapper\">\n                            <h2 class=\"double-p__main-title\">\n                                        \u00bfPor qu\u00e9 una silla de gaming?\n                <\/h2>\n                    <\/div>\n                    <div class=\"double-p__grid\">\n                                    <div class=\"double-p__block\">\n                        <h3 class=\"generic-typography__sub-title bottom--15 top--0\"><\/h3>\n                                                    <p class=\"generic-typography__paragraph\"><!-- wp:paragraph --><\/p>\n<p class=\"generic-typography__paragraph\">Una silla de juego tiene varias ventajas sobre las sillas de oficina normales. En primer lugar, son ergon\u00f3micas. Esto significa que las sillas pueden ajustarse a las circunstancias y caracter\u00edsticas de las personas, permiti\u00e9ndoles un funcionamiento \u00f3ptimo. \u00bfPor qu\u00e9 es importante? Cada persona tiene una constituci\u00f3n diferente. Una silla no ergon\u00f3mica puede estar bien para una persona, pero no para otra. Una silla de gaming puede ajustarse de tal manera que se adapte perfectamente a casi todo el mundo.<\/p>\n<p class=\"generic-typography__paragraph\">&nbsp;<\/p>\n<p class=\"generic-typography__paragraph\">Las sillas de juego est\u00e1n recubiertas de cojines que se adaptan bien al cuerpo. A menudo, las sillas vienen con un coj\u00edn extra ajustable para el cuello y el respaldo. Estos cojines pueden ajustarse para que siempre est\u00e9s sentado c\u00f3modamente, aunque tengas que adoptar la misma postura durante mucho tiempo. Sentarse c\u00f3modamente en todo momento tambi\u00e9n reduce el estr\u00e9s. Si est\u00e1s en medio de una partida que te hiela la sangre o tienes un largo d\u00eda de trabajo en tu casa, tener problemas de espalda o cuello puede provocarte estr\u00e9s.<\/p>\n<p class=\"generic-typography__paragraph\">&nbsp;<\/p>\n<p class=\"generic-typography__paragraph\">\u00bfQuieres saber m\u00e1s sobre una silla de gaming como silla de oficina? Entonces echa un vistazo a la Ranqer Felix Office. Esta silla es la combinaci\u00f3n perfecta entre una silla de juego y una silla de oficina por todas sus caracter\u00edsticas.<\/p>\n<p class=\"generic-typography__paragraph\"><!-- \/wp:paragraph --><\/p>\n\n                                            <\/div>\n                            <\/div>\n            <\/div>\n<\/div>\n\n\n<div class=\"section--double-p wf-section\">\n    <div class=\"container w-container\">\n        <div class=\"double-p__title-wrapper\">\n                            <h2 class=\"double-p__main-title\">\n                                        Aspectos importantes de una silla de juego\n                <\/h2>\n                    <\/div>\n                    <div class=\"double-p__grid\">\n                                    <div class=\"double-p__block\">\n                        <h3 class=\"generic-typography__sub-title bottom--15 top--0\"><\/h3>\n                                                    <p class=\"generic-typography__paragraph\">Aparte de la ergonom\u00eda de una silla de juego, hay algunos aspectos m\u00e1s que son importantes para una buena silla de juego: la altura del asiento, la profundidad del asiento y la anchura del asiento.<\/p>\n<p class=\"generic-typography__paragraph\">&nbsp;<\/p>\n<ul>\n<li><strong>Altura del asiento:<\/strong> la altura correcta del asiento depende naturalmente de la altura de la persona que se sienta en la silla. Adem\u00e1s, hay una serie de aspectos diferentes que garantizan el mantenimiento de la altura correcta del asiento. Deber\u00edas poder sentarte con la espalda bien apoyada en el respaldo y, al mismo tiempo, apoyar los dos pies en el suelo. \u00bfNo es as\u00ed? Entonces ajusta la altura de tu silla. Aseg\u00farate tambi\u00e9n de que queda espacio entre el asiento y la parte superior de las piernas. Deber\u00edas poder colocar las manos debajo de la parte superior de las piernas y llegar al suelo con los pies planos. Si esto no es posible, puede causarte lesiones. Si eres muy alto y est\u00e1s buscando una silla de gaming, entonces f\u00edjate en la <strong><a href=\"https:\/\/www.ranqer.com\/es\/ranqer-felix-silla-de-gaming\/\">Ranqer Felix<\/a><\/strong>, <strong><a href=\"https:\/\/www.ranqer.com\/es\/ranqer-felix-office-silla-de-gaming\/\">Felix Oficina<\/a><\/strong>, <strong><a href=\"https:\/\/www.ranqer.com\/es\/ranqer-performance-silla-de-gaming\/\">Performance <\/a><\/strong>o <strong><a href=\"https:\/\/www.ranqer.com\/es\/ranqer-halo-rgb-silla-de-gaming\/\">Halo RGB<\/a><\/strong>.<\/li>\n<li><strong>Profundidad del asiento:<\/strong> la profundidad del asiento tiene todo que ver con la forma en que se coloca la parte superior de las piernas en la silla. Una buena profundidad de asiento se consigue colocando la espalda contra el respaldo y sent\u00e1ndote completamente hacia atr\u00e1s. La parte posterior de las rodillas no debe tocar la parte delantera de la silla y debe quedar un peque\u00f1o espacio libre. \u00bfEs usted bajito y no hay espacio entre la parte posterior de su rodilla y la parte delantera de la silla? Entonces busque sillas para personas m\u00e1s peque\u00f1as.<\/li>\n<li><strong>Anchura del asiento:<\/strong> La anchura de tus caderas es importante para la anchura del asiento.Si puedes sentarte c\u00f3modamente en el asiento de la silla gaming sin que los lados de tus piernas toquen los reposabrazos, tienes la anchura de asiento perfecta. Si este no es el caso, siempre puedes mirar la Ranqer Performance, este modelo es a\u00fan m\u00e1s ancho y tiene una capacidad de carga m\u00e1xima de 200kg.<\/li>\n<\/ul>\n<p class=\"generic-typography__paragraph\">Si estas tres partes no son buenas, puede causar lesiones. As\u00ed que f\u00edjate bien en las especificaciones de la silla cuando quieras deshacerte de una. Y aseg\u00farate de ajustar la silla para que se adapte perfectamente a ti.<\/p>\n\n                                            <\/div>\n                            <\/div>\n            <\/div>\n<\/div>\n\n\n\n<div class=\"wp-block-group is-layout-flow wp-block-group-is-layout-flow\"><div class=\"section--double-p wf-section\">\n    <div class=\"container w-container\">\n        <div class=\"double-p__title-wrapper\">\n                            <h2 class=\"double-p__main-title\">\n                                        Componentes importantes de una silla de juego \n                <\/h2>\n                    <\/div>\n                    <div class=\"double-p__grid\">\n                                    <div class=\"double-p__block\">\n                        <h3 class=\"generic-typography__sub-title bottom--15 top--0\"><\/h3>\n                                                    <p class=\"generic-typography__paragraph\">Una silla de juego consta de muchos componentes. Pero hay tres partes que determinan si tienes o no una buena postura: el asiento, el respaldo y los reposabrazos.<\/p>\n<p class=\"generic-typography__paragraph\">&nbsp;<\/p>\n<ul>\n<li><strong>El asiento:<\/strong> como se ha mencionado en la profundidad del asiento, es importante que la parte posterior de las rodillas no toque la parte delantera de la silla. Debe quedar un peque\u00f1o espacio libre. Adem\u00e1s, mant\u00e9n siempre las rodillas flexionadas a 90\u00b0, que es mejor para la espalda y para las piernas. Si es demasiado larga, no podr\u00e1s apoyar tambi\u00e9n los pies en el suelo. Y esto, a su vez, es importante para la altura del asiento.<\/li>\n<li><strong>El respaldo:<\/strong> debe adaptarse perfectamente a tu columna vertebral. En la mayor\u00eda de los casos, un respaldo ligeramente curvado proporciona la mejor posici\u00f3n para sentarse. Es importante que toda la espalda toque el respaldo. Con una silla de juego ergon\u00f3mica, puedes ajustarlo t\u00fa mismo. En este caso, elige una silla de juego con respaldo ajustable o con cojines para el respaldo y la nuca incluidos.<\/li>\n<li><strong>Los reposabrazos:<\/strong> La \u00faltima parte importante de la silla de juego son los reposabrazos. Estos deben poder moverse contigo durante toda la tarea o el juego. Deben poder moverse hacia arriba y hacia abajo y ser retr\u00e1ctiles. Tambi\u00e9n debes prestar atenci\u00f3n a la longitud de los reposabrazos, deben ser lo suficientemente largos y anchos para que tus codos y antebrazos descansen en ellos con facilidad. Preferiblemente en un \u00e1ngulo de 90\u00b0. La altura ideal de los reposabrazos es la misma que la del escritorio en el que est\u00e1s sentado. Si todo esto est\u00e1 en orden, evitar\u00e1s el riesgo de sufrir dolencias en el cuello, los hombros y la espalda.<\/li>\n<\/ul>\n<p class=\"generic-typography__paragraph\">Se distingue entre distintos reposabrazos. Aqu\u00ed se enumeran todos ellos:<\/p>\n<p class=\"generic-typography__paragraph\">&nbsp;<\/p>\n<p class=\"generic-typography__paragraph\">&#8211; Reposabrazos 1D: El reposabrazos 1D s\u00f3lo es regulable en altura. Con este reposabrazos, puedes apoyar los brazos a la altura correcta, en una flexi\u00f3n de 90\u00b0.<\/p>\n<p class=\"generic-typography__paragraph\">&#8211; Reposabrazos 2D: El reposabrazos 2D es ajustable en altura y anchura. \u00bfTienes el torso ancho o estrecho? El ajuste de anchura te permite colocar los reposabrazos m\u00e1s cerca o m\u00e1s lejos de tu cuerpo.<\/p>\n<p class=\"generic-typography__paragraph\">&#8211; Reposabrazos 3D: El reposabrazos 3D es ajustable en altura, anchura y profundidad. La parte superior del reposabrazos puede deslizarse hacia delante o hacia atr\u00e1s. Esto te permite determinar la distancia del reposabrazos con respecto al escritorio para una posici\u00f3n sentada ergon\u00f3mica.<\/p>\n<p class=\"generic-typography__paragraph\">&#8211; Reposabrazos 4D: El reposabrazos 4D es ajustable en altura, anchura y profundidad y tiene un coj\u00edn giratorio. Puedes girarlo hacia dentro cuando teclees o hacia fuera cuando utilices el rat\u00f3n. De este modo, el brazo siempre recibe el apoyo completo.<\/p>\n\n                                            <\/div>\n                            <\/div>\n            <\/div>\n<\/div>\n<\/div>\n\n\n<div class=\"section--double-p wf-section\">\n    <div class=\"container w-container\">\n        <div class=\"double-p__title-wrapper\">\n                            <h2 class=\"double-p__main-title\">\n                                        \u00bfCu\u00e1l es la mejor manera de sentarse en una silla de gaming?\n                <\/h2>\n                    <\/div>\n                    <div class=\"double-p__grid\">\n                                    <div class=\"double-p__block\">\n                        <h3 class=\"generic-typography__sub-title bottom--15 top--0\"><\/h3>\n                                                    <p class=\"generic-typography__paragraph\">En resumen: aseg\u00farate de que tus pies est\u00e9n apoyados en el suelo. La parte posterior de las rodillas no deben tocar la parte delantera de la silla. Aseg\u00farate de tener espacio suficiente para moverte entre los respaldos. Toda la columna vertebral debe tocar el respaldo y los reposabrazos deben estar ajustados a la altura correcta. Si todo esto est\u00e1 bien, te aseguras de que la posibilidad de sufrir dolencias en el cuello, los hombros y la espalda se reduce al m\u00ednimo.<\/p>\n<p class=\"generic-typography__paragraph\">\u00bfBuscas una silla de gaming a tu medida? \u00a1Echa un vistazo a toda la gama de sillas de gaming de Ranqer!<\/p>\n\n                                            <\/div>\n                            <\/div>\n            <\/div>\n<\/div>\n\n\n<div class=\"section--dealers wf-section\" id=\"dealers\">\n    <div class=\"container w-container\">\n        <div class=\"dealers__description-grid\">\n            <div class=\"dealers__desc-column\">\n                <h2 class=\"generic-typography__section-title\">\n                                                                                compra <span class=\"collection__title__orange\">ahora<\/span>\n                <\/h2>\n                <h3 class=\"generic-typography__sub-title bottom--15\">\n                    \n                <\/h3>\n                <p class=\"generic-typography__paragraph\">\n                    Todas las sillas Ranqer est\u00e1n fabricadas con cuero poliuretano duradero de alta calidad para garantizar su longevidad. Todas ellas tienen un mecanismo de reclinaci\u00f3n que permite colocarlas en posici\u00f3n vertical o hacia abajo y son regulables en altura. Las sillas de juego Ranqer tambi\u00e9n tienen una base de nylon, lo que significa que no te distraer\u00e1 el crujido que suele producir una base de metal. Adem\u00e1s, la base viene con detalles (de colores) que tambi\u00e9n tienen un material antideslizante en el que puedes apoyar los pies.\n                <\/p>\n            <\/div>\n        <\/div>\n                    <div class=\"dealers__grid\">\n                                    <div class=\"dealers__single-dealer\">\n                        <a href=\"https:\/\/www.sbsupply.es\/ranqer\" class=\"dealers__single__a w-inline-block\" target=\"_blank\" rel=\"noopener\">\n                            <img decoding=\"async\" src=\"https:\/\/www.ranqer.com\/wp-content\/uploads\/2021\/09\/sbsupply-logo-500x1000-1.png\" loading=\"lazy\" alt=\"\" class=\"dealers__single__logo-img\">\n                            <div class=\"dealers__single__details\">\n                                                            <div class=\"dealers__single__countries\">\n                                                                                                          <div class=\"dealers__single__countries__single\">Espa\u00f1a<\/div>\n                                                                <\/div>\n                              <img decoding=\"async\" src=\"https:\/\/www.ranqer.com\/wp-content\/themes\/vallonic-ranqer\/dist\/images\/vallonic__ranqer-com__icons__arrow-right__orange_143c2b49.svg\" loading=\"lazy\" alt=\"\" class=\"dealers__single__arrow-right\">\n                            <\/div>\n                        <\/a>\n                    <\/div>\n                                    <div class=\"dealers__single-dealer\">\n                        <a href=\"https:\/\/www.amazon.es\/stores\/page\/2CDDE83C-16B0-437B-9F09-EF14C5ECF525\" class=\"dealers__single__a w-inline-block\" target=\"_blank\" rel=\"noopener\">\n                            <img decoding=\"async\" src=\"https:\/\/www.ranqer.com\/wp-content\/uploads\/2021\/09\/vallonic__ranqer-com__dealers__amazon2x.png\" loading=\"lazy\" alt=\"\" class=\"dealers__single__logo-img\">\n                            <div class=\"dealers__single__details\">\n                                                            <div class=\"dealers__single__countries\">\n                                                                                                          <div class=\"dealers__single__countries__single\">Espa\u00f1a<\/div>\n                                                                <\/div>\n                              <img decoding=\"async\" src=\"https:\/\/www.ranqer.com\/wp-content\/themes\/vallonic-ranqer\/dist\/images\/vallonic__ranqer-com__icons__arrow-right__orange_143c2b49.svg\" loading=\"lazy\" alt=\"\" class=\"dealers__single__arrow-right\">\n                            <\/div>\n                        <\/a>\n                    <\/div>\n                            <\/div>\n                            <\/div>\n<\/div>\n","protected":false},"excerpt":{"rendered":"","protected":false},"author":7,"featured_media":0,"parent":0,"menu_order":0,"comment_status":"closed","ping_status":"closed","template":"","meta":{"footnotes":""},"categories":[],"tags":[],"class_list":["post-7930","page","type-page","status-publish","hentry"],"_links":{"self":[{"href":"https:\/\/www.ranqer.com\/es\/wp-json\/wp\/v2\/pages\/7930","targetHints":{"allow":["GET"]}}],"collection":[{"href":"https:\/\/www.ranqer.com\/es\/wp-json\/wp\/v2\/pages"}],"about":[{"href":"https:\/\/www.ranqer.com\/es\/wp-json\/wp\/v2\/types\/page"}],"author":[{"embeddable":true,"href":"https:\/\/www.ranqer.com\/es\/wp-json\/wp\/v2\/users\/7"}],"replies":[{"embeddable":true,"href":"https:\/\/www.ranqer.com\/es\/wp-json\/wp\/v2\/comments?post=7930"}],"version-history":[{"count":11,"href":"https:\/\/www.ranqer.com\/es\/wp-json\/wp\/v2\/pages\/7930\/revisions"}],"predecessor-version":[{"id":16366,"href":"https:\/\/www.ranqer.com\/es\/wp-json\/wp\/v2\/pages\/7930\/revisions\/16366"}],"wp:attachment":[{"href":"https:\/\/www.ranqer.com\/es\/wp-json\/wp\/v2\/media?parent=7930"}],"wp:term":[{"taxonomy":"category","embeddable":true,"href":"https:\/\/www.ranqer.com\/es\/wp-json\/wp\/v2\/categories?post=7930"},{"taxonomy":"post_tag","embeddable":true,"href":"https:\/\/www.ranqer.com\/es\/wp-json\/wp\/v2\/tags?post=7930"}],"curies":[{"name":"wp","href":"https:\/\/api.w.org\/{rel}","templated":true}]}}