{"id":7907,"date":"2023-08-04T13:36:51","date_gmt":"2023-08-04T11:36:51","guid":{"rendered":"https:\/\/ranqer.com\/?page_id=7907"},"modified":"2024-04-26T14:14:35","modified_gmt":"2024-04-26T12:14:35","slug":"como-debo-mantener-mi-silla-de-juego","status":"publish","type":"page","link":"https:\/\/www.ranqer.com\/es\/como-debo-mantener-mi-silla-de-juego\/","title":{"rendered":"Blog &#8211; How to maintain my gaming chair?"},"content":{"rendered":"\n<div class=\"wp-block-columns is-layout-flex wp-container-core-columns-is-layout-9d6595d7 wp-block-columns-is-layout-flex\">\n<div class=\"wp-block-column is-layout-flow wp-block-column-is-layout-flow\" style=\"flex-basis:100%\"><\/div>\n<\/div>\n\n\n<div class=\"section--full-width-image wf-section\">\n    \n    <div class=\"full-width-image__image-wrapper\">\n        <img decoding=\"async\" src=\"https:\/\/www.ranqer.com\/wp-content\/uploads\/2022\/06\/gamestoel-onderhouden.jpg\" loading=\"lazy\" sizes=\"100vw\" alt=\"\" class=\"full-width-image__img\">\n    <\/div>\n\n            <img decoding=\"async\" src=\"https:\/\/www.ranqer.com\/wp-content\/themes\/vallonic-ranqer\/dist\/images\/vallonic__ranqer-com__decoration__divider-02_2f72479f.png\" loading=\"lazy\" alt=\"\" class=\"full-width-image__bottom-divider\">\n    <\/div>\n\n\n<div class=\"section--double-p wf-section\">\n    <div class=\"container w-container\">\n        <div class=\"double-p__title-wrapper\">\n                            <h2 class=\"double-p__main-title is--large\">\n                                        Mantenimiento de las sillas de juego\n                <\/h2>\n\n                <h3 class=\"double-p__main-title is--sub\">\n                                        <strong class=\"double-p__main-title__orange\">\u00bfQu\u00e9 debo hacer?<\/strong>\n                <\/h3>\n                    <\/div>\n                    <div class=\"double-p__grid\">\n                                    <div class=\"double-p__block\">\n                        <h3 class=\"generic-typography__sub-title bottom--15 top--0\"><\/h3>\n                                                    <p class=\"generic-typography__paragraph\">Por supuesto, todo el mundo quiere disfrutar de su silla Ranqer favorita el mayor tiempo posible. Ser\u00eda estupendo que tu silla se mantuviera como nueva durante meses. Limpia tu silla a fondo cada 2 o 3 meses y deja que tu silla vuelva a brillar. \u00bfTe preguntas c\u00f3mo hacerlo y qu\u00e9 hay que tener en cuenta? Lee aqu\u00ed el plan paso a paso:<\/p>\n\n                                            <\/div>\n                            <\/div>\n            <\/div>\n<\/div>\n\n\n<div class=\"section--detail-shots wf-section\">\n    <div class=\"container w-container\">\n        <h2 class=\"generic-typography__section-title\">\n                                                EL <span class=\"collection__title__orange\"> PLAN<\/span>\n        <\/h2>\n    <\/div>\n                                    \n\n              <div class=\"detail-shots__section is--first\">\n                  <div class=\"detail-shots__image-column\">\n                      <img decoding=\"async\" src=\"https:\/\/www.ranqer.com\/wp-content\/uploads\/2022\/06\/ranqer-vacuum.jpg\" loading=\"lazy\" alt=\"\" class=\"detail-shots__single-image\">\n                  <\/div>\n                  <div class=\"detail-shots__desc-column is--right\">\n                      <div class=\"detail-shots__desc-column__inner is--right\">\n                          <h3 class=\"detail-shots__desc-title\">\n                              PASO 1\n                          <\/h3>\n                          <h4 class=\"generic-typography__sub-title bottom--15 top--0\">\n                              Aspirar\n                          <\/h4>\n                          <p class=\"generic-typography__paragraph\">\n                              Utiliza un aspirador para eliminar el polvo y part\u00edculas como las migas. Pasa el aspirador por el respaldo, los reposabrazos y el asiento. A continuaci\u00f3n, cambia el accesorio del aspirador para llegar eficazmente a las zonas de dif\u00edcil acceso, como los huecos entre el asiento y el respaldo.\n                          <\/p>\n                      <\/div>\n                  <\/div>\n              <\/div>\n                                                            <div class=\"detail-shots__section \">\n                    <div class=\"detail-shots__desc-column is--left\">\n                        <div class=\"detail-shots__desc-column__inner is--left\">\n                            <h3 class=\"detail-shots__desc-title\">\n                                PASO 2\n                            <\/h3>\n                            <h4 class=\"generic-typography__sub-title bottom--15 top--0\">\n                                Limpia con agua\n                            <\/h4>\n                            <p class=\"generic-typography__paragraph\">\n                                Puedes quitar una mancha de varias formas. En primer lugar, int\u00e9ntalo con un pa\u00f1o h\u00famedo. Cuanto m\u00e1s r\u00e1pido elimines la mancha, m\u00e1s probabilidades tendr\u00e1s de que salga por completo. Moja un pa\u00f1o y p\u00e1salo por la mancha. Cuando haya absorbido gran parte del l\u00edquido, puedes frotar ligeramente la mancha hasta que desaparezca. Todas las sillas Ranqer est\u00e1n tapizadas en cuero poliuretano duradero, que reduce la probabilidad de manchas permanentes si se trata a tiempo. \n                            <\/p>\n                        <\/div>\n                    <\/div>\n                    <div class=\"detail-shots__image-column\">\n                        <img decoding=\"async\" src=\"https:\/\/www.ranqer.com\/wp-content\/uploads\/2022\/06\/ranqer-cleaning.jpg\" loading=\"lazy\" alt=\"\" class=\"detail-shots__single-image\">\n                    <\/div>\n                <\/div>\n                                            \n\n              <div class=\"detail-shots__section \">\n                  <div class=\"detail-shots__image-column\">\n                      <img decoding=\"async\" src=\"https:\/\/www.ranqer.com\/wp-content\/uploads\/2022\/06\/ranqer-package.jpg\" loading=\"lazy\" alt=\"\" class=\"detail-shots__single-image\">\n                  <\/div>\n                  <div class=\"detail-shots__desc-column is--right\">\n                      <div class=\"detail-shots__desc-column__inner is--right\">\n                          <h3 class=\"detail-shots__desc-title\">\n                              PASO 3\n                          <\/h3>\n                          <h4 class=\"generic-typography__sub-title bottom--15 top--0\">\n                              Comprueba la etiqueta de cuidados\n                          <\/h4>\n                          <p class=\"generic-typography__paragraph\">\n                              Comprueba siempre la etiqueta de cuidado de tu silla de juego Ranqer. Existen diferentes tipos de productos de limpieza. Pueden ser disolventes qu\u00edmicos o a base de agua. \r\n\r\nSi se utiliza un limpiador inadecuado, pueden producirse manchas permanentes. Por este motivo, debes probarlo primero en una zona peque\u00f1a, como la parte inferior de la silla. \n                          <\/p>\n                      <\/div>\n                  <\/div>\n              <\/div>\n                        <\/div>\n\n\n<div class=\"section--double-p wf-section\">\n    <div class=\"container w-container\">\n        <div class=\"double-p__title-wrapper\">\n                            <h2 class=\"double-p__main-title\">\n                                        <strong class=\"double-p__main-title__orange\">Paso 4.<\/strong> Limpia con un detergente\n                <\/h2>\n                    <\/div>\n                    <div class=\"double-p__grid\">\n                                    <div class=\"double-p__block\">\n                        <h3 class=\"generic-typography__sub-title bottom--15 top--0\"><\/h3>\n                                                    <p class=\"generic-typography__paragraph\">Existen distintos tipos de productos de limpieza. Pueden presentarse en forma l\u00edquida o en polvo. Lee siempre atentamente las instrucciones de la etiqueta del producto.<\/p>\n<p class=\"generic-typography__paragraph\">&nbsp;<\/p>\n<p class=\"generic-typography__paragraph\">En el caso de un <strong>detergente de base qu\u00edmica<\/strong>, puedes seguir los siguientes pasos:<\/p>\n<p class=\"generic-typography__paragraph\">1. Aplica un poco de detergente en un pa\u00f1o seco y util\u00edzalo para eliminar la mancha o manchas.<br \/>\n2. 2. Humedece un pa\u00f1o limpio y retira los restos de disolvente.<\/p>\n<p class=\"generic-typography__paragraph\">&nbsp;<\/p>\n<p class=\"generic-typography__paragraph\">Hazlo con cuidado para evitar nuevas manchas en la silla.<br \/>\nSi utilizas un <strong>producto de limpieza a base de agua<\/strong>, puedes seguir los siguientes pasos:<\/p>\n<p class=\"generic-typography__paragraph\">1. A\u00f1ade un detergente suave con agua<br \/>\n2. Utiliza el agua jabonosa para humedecer un pa\u00f1o limpio<br \/>\n3. Frota suavemente la mancha para quitarla. Intenta frotar lo menos posible para evitar da\u00f1os.<\/p>\n<p class=\"generic-typography__paragraph\">&nbsp;<\/p>\n<p class=\"generic-typography__paragraph\">Paso extra: Si quieres darle a tu silla de juegos una protecci\u00f3n extra, puedes aplicar un l\u00edquido protector a la superficie de la silla.<\/p>\n\n                                            <\/div>\n                            <\/div>\n            <\/div>\n<\/div>\n\n\n\n<div class=\"wp-block-group is-layout-flow wp-block-group-is-layout-flow\"><div class=\"section--double-p wf-section\">\n    <div class=\"container w-container\">\n        <div class=\"double-p__title-wrapper\">\n                            <h2 class=\"double-p__main-title\">\n                                        <strong class=\"double-p__main-title__orange\">Paso 5.<\/strong> Limpia las ruedas\n                <\/h2>\n                    <\/div>\n                    <div class=\"double-p__grid\">\n                                    <div class=\"double-p__block\">\n                        <h3 class=\"generic-typography__sub-title bottom--15 top--0\"><\/h3>\n                                                    <p class=\"generic-typography__paragraph\">\u00bfHas notado que tus ruedas ya no ruedan suavemente? Quiz\u00e1s tambi\u00e9n haya llegado el momento de limpiarlas.<\/p>\n<p class=\"generic-typography__paragraph\">&nbsp;<\/p>\n<p class=\"generic-typography__paragraph\">Dale la vuelta a la silla y retira las ruedas de la base. Utiliza un objeto afilado, como un cuchillo para mantequilla, para eliminar la suciedad que hay dentro y entre las ruedas. Deslizando el cuchillo en el hueco entre la rueda y la cubierta, puedes raspar toda la suciedad.<\/p>\n<p class=\"generic-typography__paragraph\">A continuaci\u00f3n, humedece un pa\u00f1o y p\u00e1salo por encima y entre la rueda. De esta forma podr\u00e1s eliminar los \u00faltimos restos de suciedad. No olvides limpiar despu\u00e9s las ruedas con un pa\u00f1o seco para evitar que se quede humedad.<\/p>\n<p class=\"generic-typography__paragraph\">&nbsp;<\/p>\n<p class=\"generic-typography__paragraph\">Vuelve a colocar las ruedas en la silla y \u00a1voil\u00e0!<\/p>\n\n                                            <\/div>\n                            <\/div>\n            <\/div>\n<\/div>\n<\/div>\n\n\n<div class=\"section--dealers wf-section\" id=\"dealers\">\n    <div class=\"container w-container\">\n        <div class=\"dealers__description-grid\">\n            <div class=\"dealers__desc-column\">\n                <h2 class=\"generic-typography__section-title\">\n                                                                                COMPRA <span class=\"collection__title__orange\"> AHORA<\/span>\n                <\/h2>\n                <h3 class=\"generic-typography__sub-title bottom--15\">\n                    \n                <\/h3>\n                <p class=\"generic-typography__paragraph\">\n                    Todas las sillas Ranqer est\u00e1n fabricadas con cuero de poliuretano duradero de alta calidad para garantizar su longevidad. Todas disponen de un mecanismo de inclinaci\u00f3n que permite colocarlas en posici\u00f3n vertical o hacia abajo y son regulables en altura. Las sillas de juego Ranqer tambi\u00e9n tienen una base de nylon, lo que significa que no te distraer\u00e1n los chirridos que suelen hacer las bases de metal. Adem\u00e1s, la base viene con detalles (de colores) que tambi\u00e9n tienen un material antideslizante en el que puedes apoyar los pies.\n                <\/p>\n            <\/div>\n        <\/div>\n                    <div class=\"dealers__grid\">\n                                    <div class=\"dealers__single-dealer\">\n                        <a href=\"https:\/\/www.sbsupply.es\/ranqer\" class=\"dealers__single__a w-inline-block\" target=\"_blank\" rel=\"noopener\">\n                            <img decoding=\"async\" src=\"https:\/\/www.ranqer.com\/wp-content\/uploads\/2021\/09\/sbsupply-logo-500x1000-1.png\" loading=\"lazy\" alt=\"\" class=\"dealers__single__logo-img\">\n                            <div class=\"dealers__single__details\">\n                                                            <div class=\"dealers__single__countries\">\n                                                                                                          <div class=\"dealers__single__countries__single\">Espa\u00f1a<\/div>\n                                                                <\/div>\n                              <img decoding=\"async\" src=\"https:\/\/www.ranqer.com\/wp-content\/themes\/vallonic-ranqer\/dist\/images\/vallonic__ranqer-com__icons__arrow-right__orange_143c2b49.svg\" loading=\"lazy\" alt=\"\" class=\"dealers__single__arrow-right\">\n                            <\/div>\n                        <\/a>\n                    <\/div>\n                                    <div class=\"dealers__single-dealer\">\n                        <a href=\"https:\/\/www.amazon.es\/stores\/page\/2CDDE83C-16B0-437B-9F09-EF14C5ECF525\" class=\"dealers__single__a w-inline-block\" target=\"_blank\" rel=\"noopener\">\n                            <img decoding=\"async\" src=\"https:\/\/www.ranqer.com\/wp-content\/uploads\/2021\/09\/vallonic__ranqer-com__dealers__amazon2x.png\" loading=\"lazy\" alt=\"\" class=\"dealers__single__logo-img\">\n                            <div class=\"dealers__single__details\">\n                                                            <div class=\"dealers__single__countries\">\n                                                                                                          <div class=\"dealers__single__countries__single\">Espa\u00f1a<\/div>\n                                                                <\/div>\n                              <img decoding=\"async\" src=\"https:\/\/www.ranqer.com\/wp-content\/themes\/vallonic-ranqer\/dist\/images\/vallonic__ranqer-com__icons__arrow-right__orange_143c2b49.svg\" loading=\"lazy\" alt=\"\" class=\"dealers__single__arrow-right\">\n                            <\/div>\n                        <\/a>\n                    <\/div>\n                            <\/div>\n                            <\/div>\n<\/div>\n","protected":false},"excerpt":{"rendered":"","protected":false},"author":7,"featured_media":0,"parent":0,"menu_order":0,"comment_status":"closed","ping_status":"closed","template":"","meta":{"footnotes":""},"categories":[],"tags":[],"class_list":["post-7907","page","type-page","status-publish","hentry"],"_links":{"self":[{"href":"https:\/\/www.ranqer.com\/es\/wp-json\/wp\/v2\/pages\/7907","targetHints":{"allow":["GET"]}}],"collection":[{"href":"https:\/\/www.ranqer.com\/es\/wp-json\/wp\/v2\/pages"}],"about":[{"href":"https:\/\/www.ranqer.com\/es\/wp-json\/wp\/v2\/types\/page"}],"author":[{"embeddable":true,"href":"https:\/\/www.ranqer.com\/es\/wp-json\/wp\/v2\/users\/7"}],"replies":[{"embeddable":true,"href":"https:\/\/www.ranqer.com\/es\/wp-json\/wp\/v2\/comments?post=7907"}],"version-history":[{"count":13,"href":"https:\/\/www.ranqer.com\/es\/wp-json\/wp\/v2\/pages\/7907\/revisions"}],"predecessor-version":[{"id":16368,"href":"https:\/\/www.ranqer.com\/es\/wp-json\/wp\/v2\/pages\/7907\/revisions\/16368"}],"wp:attachment":[{"href":"https:\/\/www.ranqer.com\/es\/wp-json\/wp\/v2\/media?parent=7907"}],"wp:term":[{"taxonomy":"category","embeddable":true,"href":"https:\/\/www.ranqer.com\/es\/wp-json\/wp\/v2\/categories?post=7907"},{"taxonomy":"post_tag","embeddable":true,"href":"https:\/\/www.ranqer.com\/es\/wp-json\/wp\/v2\/tags?post=7907"}],"curies":[{"name":"wp","href":"https:\/\/api.w.org\/{rel}","templated":true}]}}