{"id":7892,"date":"2023-08-04T12:22:59","date_gmt":"2023-08-04T10:22:59","guid":{"rendered":"https:\/\/ranqer.com\/?page_id=7892"},"modified":"2024-04-26T14:57:56","modified_gmt":"2024-04-26T12:57:56","slug":"mi-silla-de-juego-cruje","status":"publish","type":"page","link":"https:\/\/www.ranqer.com\/es\/mi-silla-de-juego-cruje\/","title":{"rendered":"Blog &#8211; How can I fix my squeaky gaming chair?"},"content":{"rendered":"\n<div class=\"wp-block-columns is-layout-flex wp-container-core-columns-is-layout-9d6595d7 wp-block-columns-is-layout-flex\">\n<div class=\"wp-block-column is-layout-flow wp-block-column-is-layout-flow\" style=\"flex-basis:100%\"><\/div>\n<\/div>\n\n\n<div class=\"section--full-width-image wf-section\">\n    \n    <div class=\"full-width-image__image-wrapper\">\n        <img decoding=\"async\" src=\"https:\/\/www.ranqer.com\/wp-content\/uploads\/2022\/06\/mijn-gamestoel-piept.jpg\" loading=\"lazy\" sizes=\"100vw\" alt=\"\" class=\"full-width-image__img\">\n    <\/div>\n\n            <img decoding=\"async\" src=\"https:\/\/www.ranqer.com\/wp-content\/themes\/vallonic-ranqer\/dist\/images\/vallonic__ranqer-com__decoration__divider-02_2f72479f.png\" loading=\"lazy\" alt=\"\" class=\"full-width-image__bottom-divider\">\n    <\/div>\n\n\n<div class=\"section--double-p wf-section\">\n    <div class=\"container w-container\">\n        <div class=\"double-p__title-wrapper\">\n                            <h2 class=\"double-p__main-title is--large\">\n                                        Mi silla de juego chirr\u00eda\n                <\/h2>\n\n                <h3 class=\"double-p__main-title is--sub\">\n                                        <strong class=\"double-p__main-title__orange\">\u00bfQu\u00e9 debo hacer?<\/strong> \n                <\/h3>\n                    <\/div>\n                    <div class=\"double-p__grid\">\n                                    <div class=\"double-p__block\">\n                        <h3 class=\"generic-typography__sub-title bottom--15 top--0\"><\/h3>\n                                                    <p class=\"generic-typography__paragraph\">A nadie le gusta o\u00edr chirridos y\/o crujidos, especialmente en una sala de juegos en la que uno se mueve constantemente para estar c\u00f3modo. Pero la triste realidad de muchas sillas de juego es que pueden empezar a chirriar o crujir al cabo de un tiempo. Es natural que esto llegue a ser molesto en alg\u00fan momento, pero hay muchas cosas que puedes hacer para evitar este inconveniente. En esta entrada del blog, te mostraremos c\u00f3mo evitar que tu silla de juego Ranqer chirr\u00ede, para que puedas convertirte en el jugador profesional centrado que siempre has querido ser.<\/p>\n\n                                            <\/div>\n                                    <div class=\"double-p__block\">\n                        <h3 class=\"generic-typography__sub-title bottom--15 top--0\"><\/h3>\n                                                    <p class=\"generic-typography__paragraph\">Los chirridos o crujidos pueden deberse a la estructura de la silla o a tornillos que quiz\u00e1s haya que apretar. En definitiva, hay muchas cosas que puedes hacer para remediarlo, y merece la pena intentarlo.<\/p>\n\n                                            <\/div>\n                            <\/div>\n            <\/div>\n<\/div>\n\n\n<div class=\"section--detail-shots wf-section\">\n    <div class=\"container w-container\">\n        <h2 class=\"generic-typography__section-title\">\n                                                EL PLAN DE ACCI\u00d3N <span class=\"collection__title__orange\"> DEFINITIVO <\/span>\n        <\/h2>\n    <\/div>\n                                    \n\n              <div class=\"detail-shots__section is--first\">\n                  <div class=\"detail-shots__image-column\">\n                      <img decoding=\"async\" src=\"https:\/\/www.ranqer.com\/wp-content\/uploads\/2022\/10\/Ranqer-Felix-RGB-Fabric.png\" loading=\"lazy\" alt=\"\" class=\"detail-shots__single-image\">\n                  <\/div>\n                  <div class=\"detail-shots__desc-column is--right\">\n                      <div class=\"detail-shots__desc-column__inner is--right\">\n                          <h3 class=\"detail-shots__desc-title\">\n                              PASO 1\n                          <\/h3>\n                          <h4 class=\"generic-typography__sub-title bottom--15 top--0\">\n                              Identifica de d\u00f3nde viene el chirrido.\n                          <\/h4>\n                          <p class=\"generic-typography__paragraph\">\n                              Antes de afrontar el problema, debes saber exactamente de d\u00f3nde viene. Una buena forma de averiguarlo es sentarte y levantarte de la silla varias veces, moverla de un lado a otro, ajustar el respaldo unas cuantas veces y, al mismo tiempo, escuchar de d\u00f3nde procede el sonido. Tambi\u00e9n puedes probar a mover la silla de un lado a otro y deslizarla por la habitaci\u00f3n para averiguar si el sonido viene de las ruedas. Tambi\u00e9n puedes ajustar la altura de la silla para averiguar si el problema proviene del elevador de gas.\r\nEl chirrido suele provenir de una o varias de las partes mencionadas. \n                          <\/p>\n                      <\/div>\n                  <\/div>\n              <\/div>\n                                                            <div class=\"detail-shots__section \">\n                    <div class=\"detail-shots__desc-column is--left\">\n                        <div class=\"detail-shots__desc-column__inner is--left\">\n                            <h3 class=\"detail-shots__desc-title\">\n                                PASO 2\n                            <\/h3>\n                            <h4 class=\"generic-typography__sub-title bottom--15 top--0\">\n                                Consulta el manual suministrado con las sillas.\n                            <\/h4>\n                            <p class=\"generic-typography__paragraph\">\n                                Vuelve a revisar la gu\u00eda cuando hayas identificado la fuente del sonido. As\u00ed podr\u00e1s averiguar si se te ha pasado algo por alto durante la investigaci\u00f3n. Es fundamental que sigas la gu\u00eda paso a paso. Una vez que hayas confirmado que todo est\u00e1 en el lugar correcto, puedes proceder al paso 3.\n                            <\/p>\n                        <\/div>\n                    <\/div>\n                    <div class=\"detail-shots__image-column\">\n                        <img decoding=\"async\" src=\"https:\/\/www.ranqer.com\/wp-content\/uploads\/2024\/04\/manual.1.jpg\" loading=\"lazy\" alt=\"\" class=\"detail-shots__single-image\">\n                    <\/div>\n                <\/div>\n                                            \n\n              <div class=\"detail-shots__section \">\n                  <div class=\"detail-shots__image-column\">\n                      <img decoding=\"async\" src=\"https:\/\/www.ranqer.com\/wp-content\/uploads\/2024\/04\/wd40.2.jpg\" loading=\"lazy\" alt=\"\" class=\"detail-shots__single-image\">\n                  <\/div>\n                  <div class=\"detail-shots__desc-column is--right\">\n                      <div class=\"detail-shots__desc-column__inner is--right\">\n                          <h3 class=\"detail-shots__desc-title\">\n                              PASO 3\n                          <\/h3>\n                          <h4 class=\"generic-typography__sub-title bottom--15 top--0\">\n                              Lubrica\n                          <\/h4>\n                          <p class=\"generic-typography__paragraph\">\n                              Aplica un poco de grasa o spray en la zona del chirrido o crujido. Esto ayuda a que las juntas est\u00e9n m\u00e1s lisas y sueltas. Como sabes, la fricci\u00f3n es la principal causa de los chirridos. Si las piezas de tu silla de juego rozan con fuerza entre s\u00ed, la fricci\u00f3n no s\u00f3lo puede producir un sonido desagradable, sino tambi\u00e9n hacer que la silla se agriete y se desgaste m\u00e1s r\u00e1pidamente.\n                          <\/p>\n                      <\/div>\n                  <\/div>\n              <\/div>\n                                                            <div class=\"detail-shots__section \">\n                    <div class=\"detail-shots__desc-column is--left\">\n                        <div class=\"detail-shots__desc-column__inner is--left\">\n                            <h3 class=\"detail-shots__desc-title\">\n                                PASO 4\n                            <\/h3>\n                            <h4 class=\"generic-typography__sub-title bottom--15 top--0\">\n                                Quita los tornillos\n                            <\/h4>\n                            <p class=\"generic-typography__paragraph\">\n                                Si el ruido persiste, es posible que el lubricante deba aplicarse m\u00e1s profundamente en el asiento. Por lo tanto, te recomendamos que retires los pernos y tornillos antes de aplicar el lubricante a mayor profundidad.\n                            <\/p>\n                        <\/div>\n                    <\/div>\n                    <div class=\"detail-shots__image-column\">\n                        <img decoding=\"async\" src=\"https:\/\/www.ranqer.com\/wp-content\/uploads\/2024\/04\/screws.1.jpg\" loading=\"lazy\" alt=\"\" class=\"detail-shots__single-image\">\n                    <\/div>\n                <\/div>\n                                            \n\n              <div class=\"detail-shots__section \">\n                  <div class=\"detail-shots__image-column\">\n                      <img decoding=\"async\" src=\"https:\/\/www.ranqer.com\/wp-content\/uploads\/2021\/10\/Ranqer-Halo-Details.png\" loading=\"lazy\" alt=\"\" class=\"detail-shots__single-image\">\n                  <\/div>\n                  <div class=\"detail-shots__desc-column is--right\">\n                      <div class=\"detail-shots__desc-column__inner is--right\">\n                          <h3 class=\"detail-shots__desc-title\">\n                              PASO 5\n                          <\/h3>\n                          <h4 class=\"generic-typography__sub-title bottom--15 top--0\">\n                              Lubrica el respaldo\n                          <\/h4>\n                          <p class=\"generic-typography__paragraph\">\n                              La mayor\u00eda de los propietarios de sillas de juego afirman que el chirrido se produce cuando se inclinan hacia atr\u00e1s en la silla. \u00bfEs \u00e9ste tambi\u00e9n tu caso? Entonces coge tu lubricante y apl\u00edcalo en el lugar donde el extremo del muelle toca la carcasa.\n                          <\/p>\n                      <\/div>\n                  <\/div>\n              <\/div>\n                                                            <div class=\"detail-shots__section \">\n                    <div class=\"detail-shots__desc-column is--left\">\n                        <div class=\"detail-shots__desc-column__inner is--left\">\n                            <h3 class=\"detail-shots__desc-title\">\n                                PASO 6\n                            <\/h3>\n                            <h4 class=\"generic-typography__sub-title bottom--15 top--0\">\n                                \u00bfLas ruedas son el problema?\n                            <\/h4>\n                            <p class=\"generic-typography__paragraph\">\n                                Aplica el lubricante en cada rueda. Si el ruido persiste, es posible que tengas que comprar un nuevo juego de ruedas Ranqer.\n                            <\/p>\n                        <\/div>\n                    <\/div>\n                    <div class=\"detail-shots__image-column\">\n                        <img decoding=\"async\" src=\"https:\/\/www.ranqer.com\/wp-content\/uploads\/2022\/02\/Performance-detail.png\" loading=\"lazy\" alt=\"\" class=\"detail-shots__single-image\">\n                    <\/div>\n                <\/div>\n                                            \n\n              <div class=\"detail-shots__section \">\n                  <div class=\"detail-shots__image-column\">\n                      <img decoding=\"async\" src=\"https:\/\/www.ranqer.com\/wp-content\/uploads\/2021\/09\/Ranqer-Halo-RGB-gaming-chair-detailpng.png\" loading=\"lazy\" alt=\"\" class=\"detail-shots__single-image\">\n                  <\/div>\n                  <div class=\"detail-shots__desc-column is--right\">\n                      <div class=\"detail-shots__desc-column__inner is--right\">\n                          <h3 class=\"detail-shots__desc-title\">\n                              PASO 7\n                          <\/h3>\n                          <h4 class=\"generic-typography__sub-title bottom--15 top--0\">\n                              No intentes realizar tareas de mantenimiento intensivo si no est\u00e1s cualificado.\n                          <\/h4>\n                          <p class=\"generic-typography__paragraph\">\n                              Reparar una silla de juego puede ser una tarea f\u00e1cil si el problema est\u00e1 s\u00f3lo en la superficie. Estos problemas suelen ser f\u00e1ciles de identificar y una soluci\u00f3n r\u00e1pida como lubricante puede arreglar tal problema. Pero si no est\u00e1s seguro de d\u00f3nde proviene el sonido o los pasos anteriores no ayudan, entonces es importante detener las reparaciones ya que podr\u00edas causar m\u00e1s da\u00f1os. En este caso, ponte en contacto con el servicio de atenci\u00f3n al cliente de Ranqer para que comprueben si el problema est\u00e1 dentro de la garant\u00eda. \n                          <\/p>\n                      <\/div>\n                  <\/div>\n              <\/div>\n                                                            <div class=\"detail-shots__section \">\n                    <div class=\"detail-shots__desc-column is--left\">\n                        <div class=\"detail-shots__desc-column__inner is--left\">\n                            <h3 class=\"detail-shots__desc-title\">\n                                PASO 8\n                            <\/h3>\n                            <h4 class=\"generic-typography__sub-title bottom--15 top--0\">\n                                Toma tus precauciones\n                            <\/h4>\n                            <p class=\"generic-typography__paragraph\">\n                                Tambi\u00e9n es importante saber que incluso los modelos de sillas de juego m\u00e1s resistentes y duraderos sufren desgaste. Por lo tanto, trata siempre tu silla de juego con cuidado, para poder utilizarla durante m\u00e1s tiempo. \n                            <\/p>\n                        <\/div>\n                    <\/div>\n                    <div class=\"detail-shots__image-column\">\n                        <img decoding=\"async\" src=\"https:\/\/www.ranqer.com\/wp-content\/uploads\/2021\/09\/Ranqer-halo-RGB-gaming-chair.png\" loading=\"lazy\" alt=\"\" class=\"detail-shots__single-image\">\n                    <\/div>\n                <\/div>\n                        <\/div>\n\n\n\n<div class=\"wp-block-group is-layout-flow wp-block-group-is-layout-flow\"><\/div>\n\n\n<div class=\"section--dealers wf-section\" id=\"dealers\">\n    <div class=\"container w-container\">\n        <div class=\"dealers__description-grid\">\n            <div class=\"dealers__desc-column\">\n                <h2 class=\"generic-typography__section-title\">\n                                                                                COMPRA <span class=\"collection__title__orange\">AHORA<\/span>\n                <\/h2>\n                <h3 class=\"generic-typography__sub-title bottom--15\">\n                    \n                <\/h3>\n                <p class=\"generic-typography__paragraph\">\n                    Todas las sillas Ranqer est\u00e1n fabricadas con cuero de poliuretano duradero de alta calidad para garantizar su longevidad. Todas disponen de un mecanismo de inclinaci\u00f3n que permite colocarlas en posici\u00f3n vertical o hacia abajo y son regulables en altura. Las sillas de juego Ranqer tambi\u00e9n tienen una base de nylon, lo que significa que no te distraer\u00e1n los chirridos que suelen hacer las bases de metal. Adem\u00e1s, la base viene con detalles (de colores) que tambi\u00e9n tienen un material antideslizante en el que puedes apoyar los pies.\n                <\/p>\n            <\/div>\n        <\/div>\n                    <div class=\"dealers__grid\">\n                                    <div class=\"dealers__single-dealer\">\n                        <a href=\"https:\/\/www.sbsupply.ES\/ranqer\" class=\"dealers__single__a w-inline-block\" target=\"_blank\" rel=\"noopener\">\n                            <img decoding=\"async\" src=\"https:\/\/www.ranqer.com\/wp-content\/uploads\/2021\/09\/sbsupply-logo-500x1000-1.png\" loading=\"lazy\" alt=\"\" class=\"dealers__single__logo-img\">\n                            <div class=\"dealers__single__details\">\n                                                            <div class=\"dealers__single__countries\">\n                                                                                                          <div class=\"dealers__single__countries__single\">Espa\u00f1a<\/div>\n                                                                <\/div>\n                              <img decoding=\"async\" src=\"https:\/\/www.ranqer.com\/wp-content\/themes\/vallonic-ranqer\/dist\/images\/vallonic__ranqer-com__icons__arrow-right__orange_143c2b49.svg\" loading=\"lazy\" alt=\"\" class=\"dealers__single__arrow-right\">\n                            <\/div>\n                        <\/a>\n                    <\/div>\n                                    <div class=\"dealers__single-dealer\">\n                        <a href=\"https:\/\/www.amazon.es\/stores\/page\/2CDDE83C-16B0-437B-9F09-EF14C5ECF525\" class=\"dealers__single__a w-inline-block\" target=\"_blank\" rel=\"noopener\">\n                            <img decoding=\"async\" src=\"https:\/\/www.ranqer.com\/wp-content\/uploads\/2021\/09\/vallonic__ranqer-com__dealers__amazon2x.png\" loading=\"lazy\" alt=\"\" class=\"dealers__single__logo-img\">\n                            <div class=\"dealers__single__details\">\n                                                            <div class=\"dealers__single__countries\">\n                                                                                                          <div class=\"dealers__single__countries__single\">Espa\u00f1a<\/div>\n                                                                <\/div>\n                              <img decoding=\"async\" src=\"https:\/\/www.ranqer.com\/wp-content\/themes\/vallonic-ranqer\/dist\/images\/vallonic__ranqer-com__icons__arrow-right__orange_143c2b49.svg\" loading=\"lazy\" alt=\"\" class=\"dealers__single__arrow-right\">\n                            <\/div>\n                        <\/a>\n                    <\/div>\n                            <\/div>\n                            <\/div>\n<\/div>\n","protected":false},"excerpt":{"rendered":"","protected":false},"author":7,"featured_media":0,"parent":0,"menu_order":0,"comment_status":"closed","ping_status":"closed","template":"","meta":{"footnotes":""},"categories":[],"tags":[],"class_list":["post-7892","page","type-page","status-publish","hentry"],"_links":{"self":[{"href":"https:\/\/www.ranqer.com\/es\/wp-json\/wp\/v2\/pages\/7892","targetHints":{"allow":["GET"]}}],"collection":[{"href":"https:\/\/www.ranqer.com\/es\/wp-json\/wp\/v2\/pages"}],"about":[{"href":"https:\/\/www.ranqer.com\/es\/wp-json\/wp\/v2\/types\/page"}],"author":[{"embeddable":true,"href":"https:\/\/www.ranqer.com\/es\/wp-json\/wp\/v2\/users\/7"}],"replies":[{"embeddable":true,"href":"https:\/\/www.ranqer.com\/es\/wp-json\/wp\/v2\/comments?post=7892"}],"version-history":[{"count":35,"href":"https:\/\/www.ranqer.com\/es\/wp-json\/wp\/v2\/pages\/7892\/revisions"}],"predecessor-version":[{"id":16521,"href":"https:\/\/www.ranqer.com\/es\/wp-json\/wp\/v2\/pages\/7892\/revisions\/16521"}],"wp:attachment":[{"href":"https:\/\/www.ranqer.com\/es\/wp-json\/wp\/v2\/media?parent=7892"}],"wp:term":[{"taxonomy":"category","embeddable":true,"href":"https:\/\/www.ranqer.com\/es\/wp-json\/wp\/v2\/categories?post=7892"},{"taxonomy":"post_tag","embeddable":true,"href":"https:\/\/www.ranqer.com\/es\/wp-json\/wp\/v2\/tags?post=7892"}],"curies":[{"name":"wp","href":"https:\/\/api.w.org\/{rel}","templated":true}]}}