{"id":7879,"date":"2023-08-04T11:22:58","date_gmt":"2023-08-04T09:22:58","guid":{"rendered":"https:\/\/ranqer.com\/?page_id=7879"},"modified":"2025-07-24T15:38:01","modified_gmt":"2025-07-24T13:38:01","slug":"silla-de-juego-para-personas-altas-y-pesadas","status":"publish","type":"page","link":"https:\/\/www.ranqer.com\/es\/silla-de-juego-para-personas-altas-y-pesadas\/","title":{"rendered":"Blog &#8211; Gaming chair for tall and heavier people"},"content":{"rendered":"<div class=\"section--full-width-image wf-section\">\n    \n    <div class=\"full-width-image__image-wrapper\">\n        <img decoding=\"async\" src=\"https:\/\/www.ranqer.com\/wp-content\/uploads\/2024\/07\/Banner_Ranqer_heavy_version2.png\" loading=\"lazy\" sizes=\"100vw\" alt=\"\" class=\"full-width-image__img\">\n    <\/div>\n\n            <img decoding=\"async\" src=\"https:\/\/www.ranqer.com\/wp-content\/themes\/vallonic-ranqer\/dist\/images\/vallonic__ranqer-com__decoration__divider-02_2f72479f.png\" loading=\"lazy\" alt=\"\" class=\"full-width-image__bottom-divider\">\n    <\/div>\n\n\n<div class=\"section--double-p wf-section\">\n    <div class=\"container w-container\">\n        <div class=\"double-p__title-wrapper\">\n                            <h2 class=\"double-p__main-title is--large\">\n                                        Silla de juego para personas altas y pesadas\n                <\/h2>\n\n                <h3 class=\"double-p__main-title is--sub\">\n                                        <strong class=\"double-p__main-title__orange\">\u00bfQu\u00e9 debo elegir?<\/strong>\n                <\/h3>\n                    <\/div>\n                    <div class=\"double-p__grid\">\n                                    <div class=\"double-p__block\">\n                        <h3 class=\"generic-typography__sub-title bottom--15 top--0\"><\/h3>\n                                                    <p class=\"generic-typography__paragraph\">Las sillas de juego para personas m\u00e1s altas o pesadas son un problema en s\u00ed mismas, casi todas las sillas de juego que ves en tus gamers, streamers o YouTubers favoritos, tienen una limitaci\u00f3n de altura y peso en la que no caben todas las personas. Pero no te preocupes, hay excelentes sillas de juego para personas m\u00e1s altas y pesadas.<\/p>\n\n                                            <\/div>\n                                    <div class=\"double-p__block\">\n                        <h3 class=\"generic-typography__sub-title bottom--15 top--0\"><\/h3>\n                                                    <p class=\"generic-typography__paragraph\">Que en realidad son m\u00e1s c\u00f3modas que sus contrapartes. En este blog te explicamos en qu\u00e9 debes fijarte a la hora de comprar una silla y cu\u00e1l es la m\u00e1s adecuada para ti.<\/p>\n\n                                            <\/div>\n                            <\/div>\n            <\/div>\n<\/div>\n\n\n\n<div class=\"wp-block-group is-layout-flow wp-block-group-is-layout-flow\"><div class=\"section--detail-shots wf-section\">\n    <div class=\"container w-container\">\n        <h2 class=\"generic-typography__section-title\">\n                                                \n        <\/h2>\n    <\/div>\n                                    \n\n              <div class=\"detail-shots__section is--first\">\n                  <div class=\"detail-shots__image-column\">\n                      <img decoding=\"async\" src=\"https:\/\/www.ranqer.com\/wp-content\/uploads\/2025\/07\/Untitled-design-21-1.png\" loading=\"lazy\" alt=\"\" class=\"detail-shots__single-image\">\n                  <\/div>\n                  <div class=\"detail-shots__desc-column is--right\">\n                      <div class=\"detail-shots__desc-column__inner is--right\">\n                          <h3 class=\"detail-shots__desc-title\">\n                              Ranqer Performance\n                          <\/h3>\n                          <h4 class=\"generic-typography__sub-title bottom--15 top--0\">\n                              \n                          <\/h4>\n                          <p class=\"generic-typography__paragraph\">\n                              La Ranqer Performance es la silla de gaming ideal para personas altas y corpulentas. Con su acabado de alta calidad, relleno extra grueso y una impresionante capacidad de carga de 200 kg, esta silla proporciona una experiencia de juego, trabajo y aprendizaje incomparable. Ninguna otra silla de gaming combina estas caracter\u00edsticas con un dise\u00f1o elegante. La Ranqer Performance est\u00e1 entre las sillas m\u00e1s c\u00f3modas disponibles. Aunque est\u00e1 especialmente dise\u00f1ada para usuarios pesados, tambi\u00e9n ofrece un excelente confort para jugadores de cualquier complexi\u00f3n. Gracias al pist\u00f3n de gas de clase 4 y la base robusta con cinco ruedas, esta silla de gaming es particularmente popular entre los jugadores grandes.\n                          <\/p>\n                      <\/div>\n                  <\/div>\n              <\/div>\n                        <\/div>\n<\/div>\n\n\n<div class=\"section--double-p wf-section\">\n    <div class=\"container w-container\">\n        <div class=\"double-p__title-wrapper\">\n                            <h2 class=\"double-p__main-title\">\n                                        \n                <\/h2>\n                    <\/div>\n                    <div class=\"double-p__grid\">\n                                    <div class=\"double-p__block\">\n                        <h3 class=\"generic-typography__sub-title bottom--15 top--0\"><\/h3>\n                                                    <p class=\"generic-typography__paragraph\">\n                                <h2>ESPECIFICACIONES DEL COMFORT<\/h2>\n\n                            <\/p>\n                                            <\/div>\n                                    <div class=\"double-p__block\">\n                        <h3 class=\"generic-typography__sub-title bottom--15 top--0\"><\/h3>\n                                                    <p class=\"generic-typography__paragraph\">&#8211; Altura: 134-142 cm<br \/>\n&#8211; Reposabrazos ajustables<br \/>\n&#8211; Base con forma de estrella<br \/>\n&#8211; Pist\u00f3n de gas de Clase 4<br \/>\n&#8211; Altura ajustable<br \/>\n&#8211; Asiento ajustable<br \/>\n&#8211; Capacidad de carga: hasta 200 kg<br \/>\n&#8211; Asiento: ancho 51 cm, altura ajustable hasta 8 cm, profundidad 48 cm<br \/>\n&#8211; Respaldo: ancho 46 cm, altura 78 cm<\/p>\n<p class=\"generic-typography__paragraph\">Haga clic aqu\u00ed para ver el <a href=\"https:\/\/www.sbsupply.es\/ranqer-comfort-silla-oficina-silla-gaming-blanco-negros\" target=\"_blank\" rel=\"noopener\">Ranqer Comfort<\/a><\/p>\n\n                                            <\/div>\n                            <\/div>\n            <\/div>\n<\/div>\n\n\n<div class=\"section--detail-shots wf-section\">\n    <div class=\"container w-container\">\n        <h2 class=\"generic-typography__section-title\">\n                                                \n        <\/h2>\n    <\/div>\n                                    \n\n              <div class=\"detail-shots__section is--first\">\n                  <div class=\"detail-shots__image-column\">\n                      <img decoding=\"async\" src=\"https:\/\/www.ranqer.com\/wp-content\/uploads\/2024\/07\/Ranqer_Felix_orange_150kg.png\" loading=\"lazy\" alt=\"\" class=\"detail-shots__single-image\">\n                  <\/div>\n                  <div class=\"detail-shots__desc-column is--right\">\n                      <div class=\"detail-shots__desc-column__inner is--right\">\n                          <h3 class=\"detail-shots__desc-title\">\n                              Ranqer Felix \n                          <\/h3>\n                          <h4 class=\"generic-typography__sub-title bottom--15 top--0\">\n                              \n                          <\/h4>\n                          <p class=\"generic-typography__paragraph\">\n                              Esta silla para juegos ofrece una experiencia de asiento de primera clase a un precio b\u00e1sico. Todos los componentes y materiales utilizados en esta serie han sido cuidadosamente seleccionados para proporcionarte el apoyo que te mereces durante largas sesiones detr\u00e1s del ordenador. Incluso si eres un poco m\u00e1s alto. \n                          <\/p>\n                      <\/div>\n                  <\/div>\n              <\/div>\n                        <\/div>\n\n\n<div class=\"section--double-p wf-section\">\n    <div class=\"container w-container\">\n        <div class=\"double-p__title-wrapper\">\n                            <h2 class=\"double-p__main-title\">\n                                        \n                <\/h2>\n                    <\/div>\n                    <div class=\"double-p__grid\">\n                                    <div class=\"double-p__block\">\n                        <h3 class=\"generic-typography__sub-title bottom--15 top--0\"><\/h3>\n                                                    <p class=\"generic-typography__paragraph\">\n                                <h2>ESPECIFICACIONES DEL FELIX<\/h2>\n\n                            <\/p>\n                                            <\/div>\n                                    <div class=\"double-p__block\">\n                        <h3 class=\"generic-typography__sub-title bottom--15 top--0\"><\/h3>\n                                                    <p class=\"generic-typography__paragraph\">&#8211; Altura del asiento, reposabrazos y respaldo regulables<\/p>\n<p class=\"generic-typography__paragraph\">&#8211; Peso m\u00e1ximo 150 kg<\/p>\n<p class=\"generic-typography__paragraph\">&#8211; Cojines para el respaldo y la nuca<\/p>\n<p class=\"generic-typography__paragraph\">La silla de juego Ranqer Felix est\u00e1 disponible en diferentes colores<\/p>\n\n                                            <\/div>\n                            <\/div>\n            <\/div>\n<\/div>\n\n\n<div class=\"section--dealers wf-section\" id=\"dealers\">\n    <div class=\"container w-container\">\n        <div class=\"dealers__description-grid\">\n            <div class=\"dealers__desc-column\">\n                <h2 class=\"generic-typography__section-title\">\n                                                                                COMPRA <span class=\"collection__title__orange\"> AHORA<\/span>\n                <\/h2>\n                <h3 class=\"generic-typography__sub-title bottom--15\">\n                    \n                <\/h3>\n                <p class=\"generic-typography__paragraph\">\n                    Todas las sillas Ranqer est\u00e1n fabricadas con cuero de poliuretano duradero de alta calidad para garantizar su longevidad. Todas disponen de un mecanismo de inclinaci\u00f3n que permite colocarlas en posici\u00f3n vertical o hacia abajo y son regulables en altura. Las sillas de juego Ranqer tambi\u00e9n tienen una base de nylon, lo que significa que no te distraer\u00e1n los chirridos que suelen hacer las bases de metal. Adem\u00e1s, la base viene con detalles (de colores) que tambi\u00e9n tienen un material antideslizante en el que puedes apoyar los pies.\n                <\/p>\n            <\/div>\n        <\/div>\n                    <div class=\"dealers__grid\">\n                                    <div class=\"dealers__single-dealer\">\n                        <a href=\"https:\/\/www.sbsupply.es\/ranqer-comfort-silla-oficina-silla-gaming-blanco-negros\" class=\"dealers__single__a w-inline-block\" target=\"_blank\" rel=\"noopener\">\n                            <img decoding=\"async\" src=\"https:\/\/www.ranqer.com\/wp-content\/uploads\/2021\/09\/sbsupply-logo-500x1000-1.png\" loading=\"lazy\" alt=\"\" class=\"dealers__single__logo-img\">\n                            <div class=\"dealers__single__details\">\n                                                            <div class=\"dealers__single__countries\">\n                                                                                                          <div class=\"dealers__single__countries__single\">Espa\u00f1a<\/div>\n                                                                <\/div>\n                              <img decoding=\"async\" src=\"https:\/\/www.ranqer.com\/wp-content\/themes\/vallonic-ranqer\/dist\/images\/vallonic__ranqer-com__icons__arrow-right__orange_143c2b49.svg\" loading=\"lazy\" alt=\"\" class=\"dealers__single__arrow-right\">\n                            <\/div>\n                        <\/a>\n                    <\/div>\n                                    <div class=\"dealers__single-dealer\">\n                        <a href=\"https:\/\/www.amazon.es\/dp\/B0BTZB2F3P?ref=myi_title_dp\" class=\"dealers__single__a w-inline-block\" target=\"_blank\" rel=\"noopener\">\n                            <img decoding=\"async\" src=\"https:\/\/www.ranqer.com\/wp-content\/uploads\/2021\/09\/vallonic__ranqer-com__dealers__amazon2x.png\" loading=\"lazy\" alt=\"\" class=\"dealers__single__logo-img\">\n                            <div class=\"dealers__single__details\">\n                                                            <div class=\"dealers__single__countries\">\n                                                                                                          <div class=\"dealers__single__countries__single\">Espa\u00f1a<\/div>\n                                                                <\/div>\n                              <img decoding=\"async\" src=\"https:\/\/www.ranqer.com\/wp-content\/themes\/vallonic-ranqer\/dist\/images\/vallonic__ranqer-com__icons__arrow-right__orange_143c2b49.svg\" loading=\"lazy\" alt=\"\" class=\"dealers__single__arrow-right\">\n                            <\/div>\n                        <\/a>\n                    <\/div>\n                            <\/div>\n                            <\/div>\n<\/div>\n","protected":false},"excerpt":{"rendered":"","protected":false},"author":7,"featured_media":0,"parent":0,"menu_order":0,"comment_status":"closed","ping_status":"closed","template":"","meta":{"footnotes":""},"categories":[],"tags":[],"class_list":["post-7879","page","type-page","status-publish","hentry"],"_links":{"self":[{"href":"https:\/\/www.ranqer.com\/es\/wp-json\/wp\/v2\/pages\/7879","targetHints":{"allow":["GET"]}}],"collection":[{"href":"https:\/\/www.ranqer.com\/es\/wp-json\/wp\/v2\/pages"}],"about":[{"href":"https:\/\/www.ranqer.com\/es\/wp-json\/wp\/v2\/types\/page"}],"author":[{"embeddable":true,"href":"https:\/\/www.ranqer.com\/es\/wp-json\/wp\/v2\/users\/7"}],"replies":[{"embeddable":true,"href":"https:\/\/www.ranqer.com\/es\/wp-json\/wp\/v2\/comments?post=7879"}],"version-history":[{"count":20,"href":"https:\/\/www.ranqer.com\/es\/wp-json\/wp\/v2\/pages\/7879\/revisions"}],"predecessor-version":[{"id":18553,"href":"https:\/\/www.ranqer.com\/es\/wp-json\/wp\/v2\/pages\/7879\/revisions\/18553"}],"wp:attachment":[{"href":"https:\/\/www.ranqer.com\/es\/wp-json\/wp\/v2\/media?parent=7879"}],"wp:term":[{"taxonomy":"category","embeddable":true,"href":"https:\/\/www.ranqer.com\/es\/wp-json\/wp\/v2\/categories?post=7879"},{"taxonomy":"post_tag","embeddable":true,"href":"https:\/\/www.ranqer.com\/es\/wp-json\/wp\/v2\/tags?post=7879"}],"curies":[{"name":"wp","href":"https:\/\/api.w.org\/{rel}","templated":true}]}}