{"id":7315,"date":"2023-06-15T16:50:37","date_gmt":"2023-06-15T14:50:37","guid":{"rendered":"https:\/\/ranqer.com\/?page_id=7315"},"modified":"2025-10-28T12:35:50","modified_gmt":"2025-10-28T11:35:50","slug":"unete-a-nuestro-programa-de-influencers","status":"publish","type":"page","link":"https:\/\/www.ranqer.com\/es\/unete-a-nuestro-programa-de-influencers\/","title":{"rendered":"Influencer program"},"content":{"rendered":"<div class=\"section--full-width-image wf-section\">\n    \n    <div class=\"full-width-image__image-wrapper\">\n        <img decoding=\"async\" src=\"\" loading=\"lazy\" sizes=\"100vw\" alt=\"\" class=\"full-width-image__img\">\n    <\/div>\n\n            <img decoding=\"async\" src=\"https:\/\/www.ranqer.com\/wp-content\/themes\/vallonic-ranqer\/dist\/images\/vallonic__ranqer-com__decoration__divider-02_2f72479f.png\" loading=\"lazy\" alt=\"\" class=\"full-width-image__bottom-divider\">\n    <\/div>\n\n\n<div class=\"section--double-p wf-section\">\n    <div class=\"container w-container\">\n        <div class=\"double-p__title-wrapper\">\n                            <h2 class=\"double-p__main-title is--large\">\n                                        \u00daNETE A NUESTRO <strong class=\"double-p__main-title__orange\">PROGRAMA DE INFLUENCERS<\/strong>\n                <\/h2>\n\n                <h3 class=\"double-p__main-title is--sub\">\n                                        DESCUBRE Y PROMOCIONA <strong class=\"double-p__main-title__orange\">RANQER<\/strong>\n                <\/h3>\n                    <\/div>\n                    <div class=\"double-p__grid\">\n                                    <div class=\"double-p__block\">\n                        <h3 class=\"generic-typography__sub-title bottom--15 top--0\"><\/h3>\n                                                    <p class=\"generic-typography__paragraph\">Buscamos personas influyentes, creativas y con iniciativa en redes sociales como Instagram, Youtube, TikTok y blogs. Nuestro programa de influencers est\u00e1 dirigido a personas que comparten la misma visi\u00f3n y pasi\u00f3n por los juegos que nosotros. Ninguna persona es igual y, por lo tanto, cada influencer tambi\u00e9n es diferente. Por lo tanto, elaboraremos un acuerdo adecuado que funcione tanto para ti como para nosotros. Como verdadero embajador de Ranqer, promocionar\u00e1s nuestras sillas a trav\u00e9s de tus canales en las redes sociales. Para nosotros es importante que comparta su experiencia con las sillas de juego Ranqer y destaque sus ventajas.<\/p>\n<p class=\"generic-typography__paragraph\">&nbsp;<\/p>\n<div class=\"selling-points__cta-wrapper\">\n  <a class=\"selling-points__cta\" href=\"mailto:info@ranqer.com?subject=Contacto%20Ranqer\"><br \/>\n    Env\u00edanos un correo<br \/>\n  <\/a>\n<\/div>\n\n                                            <\/div>\n                            <\/div>\n            <\/div>\n<\/div>\n\n\n<div class=\"section--full-width-gallery wf-section\">\n    <div class=\"container w-container\">\n        <div class=\"full-width-gallery__description-grid\">\n            <div class=\"full-width-gallery__desc-column\">\n                <h2 class=\"generic-typography__section-title\">\n                                                                                \n                <\/h2>\n                <h3 class=\"generic-typography__sub-title bottom--15\">\n                    \n                <\/h3>\n                <p class=\"generic-typography__paragraph\">\n                    \n                <\/p>\n            <\/div>\n        <\/div>\n    <\/div>\n                                <div class=\"fw-gallery__image-row has--3-cols\">\n                                    <img decoding=\"async\" src=\"https:\/\/www.ranqer.com\/wp-content\/uploads\/2022\/03\/275041516_337374521656571_2160765135886444438_n.jpg\" loading=\"lazy\" alt=\"\" class=\"fw-gallery__image\">\n                                    <img decoding=\"async\" src=\"https:\/\/www.ranqer.com\/wp-content\/uploads\/2022\/03\/274536583_300623398726198_2170755618897338834_n.jpg\" loading=\"lazy\" alt=\"\" class=\"fw-gallery__image\">\n                                    <img decoding=\"async\" src=\"\" loading=\"lazy\" alt=\"\" class=\"fw-gallery__image\">\n                            <\/div>\n                                        <div class=\"fw-gallery__image-row has--3-cols\">\n                                    <img decoding=\"async\" src=\"\" loading=\"lazy\" alt=\"\" class=\"fw-gallery__image\">\n                                    <img decoding=\"async\" src=\"\" loading=\"lazy\" alt=\"\" class=\"fw-gallery__image\">\n                                    <img decoding=\"async\" src=\"https:\/\/www.ranqer.com\/wp-content\/uploads\/2022\/03\/259285728_943901949809571_6655396106240308924_n.jpg\" loading=\"lazy\" alt=\"\" class=\"fw-gallery__image\">\n                            <\/div>\n            <\/div>\n","protected":false},"excerpt":{"rendered":"","protected":false},"author":7,"featured_media":0,"parent":0,"menu_order":0,"comment_status":"closed","ping_status":"closed","template":"","meta":{"footnotes":""},"categories":[],"tags":[],"class_list":["post-7315","page","type-page","status-publish","hentry"],"_links":{"self":[{"href":"https:\/\/www.ranqer.com\/es\/wp-json\/wp\/v2\/pages\/7315","targetHints":{"allow":["GET"]}}],"collection":[{"href":"https:\/\/www.ranqer.com\/es\/wp-json\/wp\/v2\/pages"}],"about":[{"href":"https:\/\/www.ranqer.com\/es\/wp-json\/wp\/v2\/types\/page"}],"author":[{"embeddable":true,"href":"https:\/\/www.ranqer.com\/es\/wp-json\/wp\/v2\/users\/7"}],"replies":[{"embeddable":true,"href":"https:\/\/www.ranqer.com\/es\/wp-json\/wp\/v2\/comments?post=7315"}],"version-history":[{"count":13,"href":"https:\/\/www.ranqer.com\/es\/wp-json\/wp\/v2\/pages\/7315\/revisions"}],"predecessor-version":[{"id":18818,"href":"https:\/\/www.ranqer.com\/es\/wp-json\/wp\/v2\/pages\/7315\/revisions\/18818"}],"wp:attachment":[{"href":"https:\/\/www.ranqer.com\/es\/wp-json\/wp\/v2\/media?parent=7315"}],"wp:term":[{"taxonomy":"category","embeddable":true,"href":"https:\/\/www.ranqer.com\/es\/wp-json\/wp\/v2\/categories?post=7315"},{"taxonomy":"post_tag","embeddable":true,"href":"https:\/\/www.ranqer.com\/es\/wp-json\/wp\/v2\/tags?post=7315"}],"curies":[{"name":"wp","href":"https:\/\/api.w.org\/{rel}","templated":true}]}}