{"id":7309,"date":"2023-06-15T13:46:11","date_gmt":"2023-06-15T11:46:11","guid":{"rendered":"https:\/\/ranqer.com\/?page_id=7309"},"modified":"2024-09-16T14:49:13","modified_gmt":"2024-09-16T12:49:13","slug":"garantia","status":"publish","type":"page","link":"https:\/\/www.ranqer.com\/es\/garantia\/","title":{"rendered":"Warranty"},"content":{"rendered":"\n<div class=\"wp-block-columns is-layout-flex wp-container-core-columns-is-layout-9d6595d7 wp-block-columns-is-layout-flex\">\n<div class=\"wp-block-column is-layout-flow wp-block-column-is-layout-flow\" style=\"flex-basis:100%\"><\/div>\n<\/div>\n\n\n<div class=\"section--full-width-image wf-section\">\n    \n    <div class=\"full-width-image__image-wrapper\">\n        <img decoding=\"async\" src=\"https:\/\/www.ranqer.com\/wp-content\/uploads\/2021\/10\/Ranqer-header-2.png\" loading=\"lazy\" sizes=\"100vw\" alt=\"\" class=\"full-width-image__img\">\n    <\/div>\n\n            <img decoding=\"async\" src=\"https:\/\/www.ranqer.com\/wp-content\/themes\/vallonic-ranqer\/dist\/images\/vallonic__ranqer-com__decoration__divider-02_2f72479f.png\" loading=\"lazy\" alt=\"\" class=\"full-width-image__bottom-divider\">\n    <\/div>\n\n\n<div class=\"section--double-p wf-section\">\n    <div class=\"container w-container\">\n        <div class=\"double-p__title-wrapper\">\n                            <h2 class=\"double-p__main-title is--large\">\n                                        <strong class=\"double-p__main-title__orange\">GARANT\u00cdA<\/strong>\n                <\/h2>\n\n                <h3 class=\"double-p__main-title is--sub\">\n                                        \n                <\/h3>\n                    <\/div>\n                    <div class=\"double-p__grid\">\n                                    <div class=\"double-p__block\">\n                        <h3 class=\"generic-typography__sub-title bottom--15 top--0\"><\/h3>\n                                                    <p class=\"generic-typography__paragraph\">A pesar de la alta calidad de las sillas de juego Ranqer, en caso de que recibas un art\u00edculo defectuoso o con una pieza defectuosa. Ranqer ofrece una garant\u00eda de 2 A\u00d1OS a todos los compradores.<\/p>\n<p class=\"generic-typography__paragraph\">&nbsp;<\/p>\n<p class=\"generic-typography__paragraph\"><strong>T\u00e9rminos y condiciones de la garant\u00eda<\/strong><\/p>\n<p class=\"generic-typography__paragraph\">&nbsp;<\/p>\n<ul>\n<li>La garant\u00eda solo cubre los productos nuevos comprados a un vendedor autorizado.<\/li>\n<li>La garant\u00eda solo cubre los productos montados correctamente, seg\u00fan las instrucciones.<\/li>\n<li>El periodo de garant\u00eda comienza a partir de la fecha de entrega del art\u00edculo.<\/li>\n<li>Las reclamaciones pueden realizarse a trav\u00e9s del distribuidor autorizado donde adquiri\u00f3 el producto. Una vez recibida la reclamaci\u00f3n, Ranqer informar\u00e1 al cliente si est\u00e1 cubierta por la garant\u00eda.<\/li>\n<li>Las reparaciones son gratuitas.<\/li>\n<li>Si la reparaci\u00f3n no es posible, se sustituir\u00e1 la pieza defectuosa.<\/li>\n<li>Dependiendo de la situaci\u00f3n, pueden cobrarse gastos de env\u00edo.<\/li>\n<\/ul>\n<p class=\"generic-typography__paragraph\">&nbsp;<\/p>\n<p class=\"generic-typography__paragraph\"><strong>\u00bfQu\u00e9 cubre nuestra garant\u00eda?<\/strong><\/p>\n<p class=\"generic-typography__paragraph\">&nbsp;<\/p>\n<ul>\n<li>Defectos de f\u00e1brica en una silla gaming reci\u00e9n comprada.<\/li>\n<\/ul>\n<p class=\"generic-typography__paragraph\">&nbsp;<\/p>\n<p class=\"generic-typography__paragraph\"><strong>Qu\u00e9 no cubre la garant\u00eda:<\/strong><\/p>\n<p class=\"generic-typography__paragraph\">&nbsp;<\/p>\n<ul>\n<li>El desgaste debido al envejecimiento de los materiales.<\/li>\n<li>Desgaste de piezas, como ruedas y mecanismos.<\/li>\n<li>Roturas debidas a un montaje incorrecto de la silla.<\/li>\n<li>Da\u00f1os causados por animales.<\/li>\n<li>Da\u00f1os causados por altas temperaturas y alta humedad.<\/li>\n<li>Da\u00f1os causados por fuego, agua u otras situaciones fuera de nuestro control.<\/li>\n<li>Sillas fuera del periodo de garant\u00eda de 2 a\u00f1os.<\/li>\n<\/ul>\n\n                                            <\/div>\n                                    <div class=\"double-p__block\">\n                        <h3 class=\"generic-typography__sub-title bottom--15 top--0\"><\/h3>\n                                                    <p class=\"generic-typography__paragraph\">\n                                \n                            <\/p>\n                                            <\/div>\n                            <\/div>\n            <\/div>\n<\/div>\n\n\n<div class=\"section--dealers wf-section\" id=\"dealers\">\n    <div class=\"container w-container\">\n        <div class=\"dealers__description-grid\">\n            <div class=\"dealers__desc-column\">\n                <h2 class=\"generic-typography__section-title\">\n                                                                                COMPRA <span class=\"collection__title__orange\">AHORA<\/span>\n                <\/h2>\n                <h3 class=\"generic-typography__sub-title bottom--15\">\n                    \n                <\/h3>\n                <p class=\"generic-typography__paragraph\">\n                    Gran comodidad y gran dise\u00f1o. \u00a1Y\u00e1 est\u00e1n disponibles todas las sillas de juego Ranqer!\n                <\/p>\n            <\/div>\n        <\/div>\n                    <div class=\"dealers__grid\">\n                                    <div class=\"dealers__single-dealer\">\n                        <a href=\"https:\/\/www.sbsupply.es\/ranqer\" class=\"dealers__single__a w-inline-block\" target=\"_blank\" rel=\"noopener\">\n                            <img decoding=\"async\" src=\"https:\/\/www.ranqer.com\/wp-content\/uploads\/2021\/09\/sbsupply-logo-500x1000-1.png\" loading=\"lazy\" alt=\"\" class=\"dealers__single__logo-img\">\n                            <div class=\"dealers__single__details\">\n                                                            <div class=\"dealers__single__countries\">\n                                                                                                          <div class=\"dealers__single__countries__single\">Espa\u00f1a\r\n<\/div>\n                                                                <\/div>\n                              <img decoding=\"async\" src=\"https:\/\/www.ranqer.com\/wp-content\/themes\/vallonic-ranqer\/dist\/images\/vallonic__ranqer-com__icons__arrow-right__orange_143c2b49.svg\" loading=\"lazy\" alt=\"\" class=\"dealers__single__arrow-right\">\n                            <\/div>\n                        <\/a>\n                    <\/div>\n                                    <div class=\"dealers__single-dealer\">\n                        <a href=\"https:\/\/www.amazon.es\/stores\/RanqerGaming\/page\/2CDDE83C-16B0-437B-9F09-EF14C5ECF525?ref_=ast_bln\" class=\"dealers__single__a w-inline-block\" target=\"_blank\" rel=\"noopener\">\n                            <img decoding=\"async\" src=\"https:\/\/www.ranqer.com\/wp-content\/uploads\/2021\/09\/vallonic__ranqer-com__dealers__amazon2x.png\" loading=\"lazy\" alt=\"\" class=\"dealers__single__logo-img\">\n                            <div class=\"dealers__single__details\">\n                                                            <div class=\"dealers__single__countries\">\n                                                                                                          <div class=\"dealers__single__countries__single\">Espa\u00f1a\r\n<\/div>\n                                                                <\/div>\n                              <img decoding=\"async\" src=\"https:\/\/www.ranqer.com\/wp-content\/themes\/vallonic-ranqer\/dist\/images\/vallonic__ranqer-com__icons__arrow-right__orange_143c2b49.svg\" loading=\"lazy\" alt=\"\" class=\"dealers__single__arrow-right\">\n                            <\/div>\n                        <\/a>\n                    <\/div>\n                            <\/div>\n                            <\/div>\n<\/div>\n","protected":false},"excerpt":{"rendered":"","protected":false},"author":7,"featured_media":0,"parent":0,"menu_order":0,"comment_status":"closed","ping_status":"closed","template":"","meta":{"footnotes":""},"categories":[],"tags":[],"class_list":["post-7309","page","type-page","status-publish","hentry"],"_links":{"self":[{"href":"https:\/\/www.ranqer.com\/es\/wp-json\/wp\/v2\/pages\/7309","targetHints":{"allow":["GET"]}}],"collection":[{"href":"https:\/\/www.ranqer.com\/es\/wp-json\/wp\/v2\/pages"}],"about":[{"href":"https:\/\/www.ranqer.com\/es\/wp-json\/wp\/v2\/types\/page"}],"author":[{"embeddable":true,"href":"https:\/\/www.ranqer.com\/es\/wp-json\/wp\/v2\/users\/7"}],"replies":[{"embeddable":true,"href":"https:\/\/www.ranqer.com\/es\/wp-json\/wp\/v2\/comments?post=7309"}],"version-history":[{"count":16,"href":"https:\/\/www.ranqer.com\/es\/wp-json\/wp\/v2\/pages\/7309\/revisions"}],"predecessor-version":[{"id":18275,"href":"https:\/\/www.ranqer.com\/es\/wp-json\/wp\/v2\/pages\/7309\/revisions\/18275"}],"wp:attachment":[{"href":"https:\/\/www.ranqer.com\/es\/wp-json\/wp\/v2\/media?parent=7309"}],"wp:term":[{"taxonomy":"category","embeddable":true,"href":"https:\/\/www.ranqer.com\/es\/wp-json\/wp\/v2\/categories?post=7309"},{"taxonomy":"post_tag","embeddable":true,"href":"https:\/\/www.ranqer.com\/es\/wp-json\/wp\/v2\/tags?post=7309"}],"curies":[{"name":"wp","href":"https:\/\/api.w.org\/{rel}","templated":true}]}}