{"id":7173,"date":"2023-05-31T11:55:16","date_gmt":"2023-05-31T09:55:16","guid":{"rendered":"https:\/\/ranqer.com\/?page_id=7173"},"modified":"2024-04-26T15:23:53","modified_gmt":"2024-04-26T13:23:53","slug":"ranqer-felix-tela-silla-de-gaming","status":"publish","type":"page","link":"https:\/\/www.ranqer.com\/es\/ranqer-felix-tela-silla-de-gaming\/","title":{"rendered":"Ranqer Felix Fabric gaming chair"},"content":{"rendered":"<div class=\"section--product-highlight wf-section\">\n    <div class=\"container w-container\">\n      <div class=\"product-highlight__grid\">\n        <div class=\"product-highlight__column\">\n          <div class=\"product-highlight__image-wrapper\">\n              <img decoding=\"async\" src=\"https:\/\/www.ranqer.com\/wp-content\/uploads\/2023\/05\/Ranqer-Felix-Fabric-gamestoel-grijs_.png\" loading=\"lazy\" sizes=\"100vw\" alt=\"RANQER Felix Tela\" class=\"product-highlight__img\">\n                                <img decoding=\"async\" src=\"https:\/\/www.ranqer.com\/wp-content\/themes\/vallonic-ranqer\/dist\/images\/vallonic__ranqer-com__product-highlight__backdrop-single-color2x_fceffc2a.png\" loading=\"lazy\" sizes=\"100vw\" alt=\"\" class=\"product-highlight__background\">\n                        <\/div>\n        <\/div>\n        <div class=\"product-highlight__column\">\n          <div class=\"product-highlight__details\">\n            <h2 class=\"product-highlight__h2\">\n                                                                 SILLA DE GAMING<span class=\"product-highlight__h2__orange\"> ERGON\u00d3MICA<\/span> \n            <\/h2>\n            <h1 class=\"product-highlight__h1\">\n                RANQER Felix Tela\n            <\/h1>\n            <p class=\"product-highlight__desc\">\n                Una buena silla de juego es muy importante para poder estar sentado detr\u00e1s de una pantalla durante largas horas. Adem\u00e1s de prevenir el dolor de espalda, naturalmente quieres mantenerte concentrado en el juego. Con esta revolucionaria silla gaming Ranqer Felix, rendir\u00e1s m\u00e1s y dominar\u00e1s cada sesi\u00f3n de juego.\n            <\/p>\n            <a href=\"#\" data-scroll=\"section--dealers\" class=\"product-highlight__button\">\n                Shop Online\n            <\/a>\n            <div class=\"product-highlight__actions\">\n                                <a\n                      class=\"product-highlight__single-action\"\n                      href=\"#\"\n                      data-scroll=\"detail-shots__section\"\n                  >\n                      Descubre m\u00e1s \u2192\n                  <\/a>\n                            \n            <\/div>\n          <\/div>\n        <\/div>\n      <\/div>\n    <\/div>\n            <div class=\"product-highlight__bottom-border\"><\/div>\n        \n    <img decoding=\"async\" src=\"https:\/\/www.ranqer.com\/wp-content\/themes\/vallonic-ranqer\/dist\/images\/vallonic__ranqer-com__product-highlight__decorative-elements_7b623bd8.svg\" loading=\"lazy\" alt=\"\" class=\"product-highlight__decoration\">\n<\/div>\n\n\n<div class=\"section--detail-shots wf-section\">\n    <div class=\"container w-container\">\n        <h2 class=\"generic-typography__section-title\">\n                                                LA CALIDAD <span class=\"collection__title__orange\">PROMETIDA POR RANQER<\/span>\n        <\/h2>\n    <\/div>\n                                    \n\n              <div class=\"detail-shots__section is--first\">\n                  <div class=\"detail-shots__image-column\">\n                      <img decoding=\"async\" src=\"https:\/\/www.ranqer.com\/wp-content\/uploads\/2024\/02\/Ranqer-fabric-detail1.png\" loading=\"lazy\" alt=\"\" class=\"detail-shots__single-image\">\n                  <\/div>\n                  <div class=\"detail-shots__desc-column is--right\">\n                      <div class=\"detail-shots__desc-column__inner is--right\">\n                          <h3 class=\"detail-shots__desc-title\">\n                              CALIDAD\n                          <\/h3>\n                          <h4 class=\"generic-typography__sub-title bottom--15 top--0\">\n                              La colecci\u00f3n Ranqer\n                          <\/h4>\n                          <p class=\"generic-typography__paragraph\">\n                              Gracias a la estructura especial de las fibras de lino, el tejido dura mucho m\u00e1s que el algod\u00f3n. Adem\u00e1s, el lino es conocido por ser transpirable, por lo que es menos probable que sudes durante las sesiones intensas de gaming. El lino tambi\u00e9n absorbe la humedad y se seca m\u00e1s r\u00e1pido que el algod\u00f3n. Como resultado, no retiene las bacterias y el tejido es hipoalerg\u00e9nico y antibacteriano.\n                          <\/p>\n                      <\/div>\n                  <\/div>\n              <\/div>\n                                                            <div class=\"detail-shots__section \">\n                    <div class=\"detail-shots__desc-column is--left\">\n                        <div class=\"detail-shots__desc-column__inner is--left\">\n                            <h3 class=\"detail-shots__desc-title\">\n                                ALTURA DEL ASIENTO, RESPALDO Y REPOSABRAZOS AJUSTABLES\n                            <\/h3>\n                            <h4 class=\"generic-typography__sub-title bottom--15 top--0\">\n                                Para todos los tama\u00f1os\n                            <\/h4>\n                            <p class=\"generic-typography__paragraph\">\n                                El modelo Felix tiene un mecanismo de inclinaci\u00f3n que permite colocarlo en posici\u00f3n vertical o hacia abajo, as\u00ed como un ajuste de altura. Los reposabrazos son desplazables horizontal y verticalmente, para que pueda relajar los brazos sin forzar la espalda. El respaldo extendido y las almohadas reorganizables permiten sentarse c\u00f3modamente a personas de m\u00e1s de 1,70 m. La altura recomendada para las sillas Ranqer est\u00e1 entre 1,65 m y 1,85 m. La base de alta calidad de la silla est\u00e1 dise\u00f1ada para soportar un peso de hasta 150 kg.\n                            <\/p>\n                        <\/div>\n                    <\/div>\n                    <div class=\"detail-shots__image-column\">\n                        <img decoding=\"async\" src=\"https:\/\/www.ranqer.com\/wp-content\/uploads\/2024\/02\/Ranqer-fabric-detail.png\" loading=\"lazy\" alt=\"\" class=\"detail-shots__single-image\">\n                    <\/div>\n                <\/div>\n                        <\/div>\n\n\n<div class=\"section--full-width-image wf-section\">\n            <img decoding=\"async\" src=\"https:\/\/www.ranqer.com\/wp-content\/themes\/vallonic-ranqer\/dist\/images\/vallonic__ranqer-com__decoration__divider-01_7e1152f2.svg\" loading=\"lazy\" alt=\"\" class=\"full-width-image__top-divider\">\n    \n    <div class=\"full-width-image__image-wrapper\">\n        <img decoding=\"async\" src=\"https:\/\/www.ranqer.com\/wp-content\/uploads\/2022\/02\/Ranqer-Felix-Banner-1920x450px.jpg\" loading=\"lazy\" sizes=\"100vw\" alt=\"\" class=\"full-width-image__img\">\n    <\/div>\n\n    <\/div>\n\n\n<div class=\"section--double-p wf-section\">\n    <div class=\"container w-container\">\n        <div class=\"double-p__title-wrapper\">\n                            <h2 class=\"double-p__main-title is--large\">\n                                        NUESTRO TRONO, <strong class=\"double-p__main-title__orange\">TU VICTORIA<\/strong>\n                <\/h2>\n\n                <h3 class=\"double-p__main-title is--sub\">\n                                        RANQER FELIX FABRIC <strong class=\"double-p__main-title__orange\">SILLA DE GAMING<\/strong>\n                <\/h3>\n                    <\/div>\n                    <div class=\"double-p__grid\">\n                                    <div class=\"double-p__block\">\n                        <h3 class=\"generic-typography__sub-title bottom--15 top--0\">Para el jugador persistente<\/h3>\n                                                    <p class=\"generic-typography__paragraph\">\n                                <p class=\"p1\">Tanto si trabajas en una oficina abierta, desde casa o en un despacho privado, las sillas Ranqer est\u00e1n dise\u00f1adas para tener un aspecto profesional y ofrecer comodidad. Modernas, elegantes y asequibles: tres palabras que describen a la perfecci\u00f3n las sillas de juego Ranqer. Tanto si quieres parecer un jugador profesional como embellecer tu oficina, encontrar\u00e1s una silla (de juego) a tu medida. Adem\u00e1s del incre\u00edble apoyo que ofrecen, las sillas Ranqer tienen un aspecto moderno y atemporal.<\/p>\n\n                            <\/p>\n                                            <\/div>\n                                    <div class=\"double-p__block\">\n                        <h3 class=\"generic-typography__sub-title bottom--15 top--0\"><\/h3>\n                                                    <p class=\"generic-typography__paragraph\">\n                                <p class=\"p1\">Que tu silla de oficina \u00f3ptima sea negra o de color es una preferencia personal. Elige el modelo Felix, Felix Office, Carbon o Performance para un aspecto sencillo pero elegante. Los que disfrutan con un poco de color en la oficina o algunos efectos especiales pueden optar por una de las sillas con iluminaci\u00f3n RGB \/ LED, como los modelos Aura y Halo. La piel de poliuretano aporta a la silla un aspecto elegante y lujoso y requiere poco mantenimiento. Sin embargo, te aconsejamos que cuides bien de tu silla para garantizar su longevidad.<\/p>\n\n                            <\/p>\n                                            <\/div>\n                            <\/div>\n            <\/div>\n<\/div>\n\n\n<div class=\"section--selling-points  wf-section\">\n    <div class=\"container w-container\">\n                                <div class=\"selling-points__title\">\n                            <h2 class=\"generic-typography__section-title\">\n                    NUESTROS <span class=\"collection__title__orange\">PUNTOS FUERTES<\/span>\n                <\/h2>\n                    <\/div>\n        <div class=\"selling-points__grid\">\n                                                <div class=\"selling-points__single\">\n                        <div class=\"selling-points__single__inner\">\n                            <div class=\"selling-points__single__text\">\n                                Gran ergonom\u00eda\n                            <\/div>\n                            <div class=\"selling-points__single__icon-wrapper\">\n                                <img decoding=\"async\" src=\"https:\/\/www.ranqer.com\/wp-content\/themes\/vallonic-ranqer\/dist\/images\/vallonic__ranqer-com__icons__ergonomic__orange_46a0c9d8.svg\" loading=\"lazy\" width=\"21\" alt=\"\" class=\"selling-points__single__icon\">\n                            <\/div>\n                        <\/div>\n                    <\/div>\n                                    <div class=\"selling-points__single\">\n                        <div class=\"selling-points__single__inner\">\n                            <div class=\"selling-points__single__text\">\n                                Inspirado por las carreras\n                            <\/div>\n                            <div class=\"selling-points__single__icon-wrapper\">\n                                <img decoding=\"async\" src=\"https:\/\/www.ranqer.com\/wp-content\/themes\/vallonic-ranqer\/dist\/images\/vallonic__ranqer-com__icons__racing__orange_7c54f02f.svg\" loading=\"lazy\" width=\"21\" alt=\"\" class=\"selling-points__single__icon\">\n                            <\/div>\n                        <\/div>\n                    <\/div>\n                                    <div class=\"selling-points__single\">\n                        <div class=\"selling-points__single__inner\">\n                            <div class=\"selling-points__single__text\">\n                                Dise\u00f1o holand\u00e9s\n                            <\/div>\n                            <div class=\"selling-points__single__icon-wrapper\">\n                                <img decoding=\"async\" src=\"https:\/\/www.ranqer.com\/wp-content\/themes\/vallonic-ranqer\/dist\/images\/vallonic__ranqer-com__icons__design__orange_5cb9e4bc.svg\" loading=\"lazy\" width=\"21\" alt=\"\" class=\"selling-points__single__icon\">\n                            <\/div>\n                        <\/div>\n                    <\/div>\n                                    <\/div>\n                            <div class=\"selling-points__cta-wrapper\">\n                <a\n                    href=\"#\"\n                    data-scroll=\"section--dealers\"\n                    class=\"selling-points__cta\"\n                >\n                    Compra Ahora\n                <\/a>\n            <\/div>\n            <\/div>\n<\/div>\n\n\n<div class=\"section--dealers wf-section\" id=\"dealers\">\n    <div class=\"container w-container\">\n        <div class=\"dealers__description-grid\">\n            <div class=\"dealers__desc-column\">\n                <h2 class=\"generic-typography__section-title\">\n                                                                                nuestros <span class=\"collection__title__orange\">socios<\/span>\n                <\/h2>\n                <h3 class=\"generic-typography__sub-title bottom--15\">\n                    Compra Ahora\n                <\/h3>\n                <p class=\"generic-typography__paragraph\">\n                    Gran comodidad y gran dise\u00f1o. Ya est\u00e1n disponibles las sillas de gaming Ranqer. Eleva tu configuraci\u00f3n de videojuego eligiendo una de nuestras lujosas sillas de gaming.\n                <\/p>\n            <\/div>\n        <\/div>\n                    <div class=\"dealers__grid\">\n                                    <div class=\"dealers__single-dealer\">\n                        <a href=\"https:\/\/www.sbsupply.es\/ranqer-felix-tela-silla-gaming-gris\" class=\"dealers__single__a w-inline-block\" target=\"_blank\" rel=\"noopener\">\n                            <img decoding=\"async\" src=\"https:\/\/www.ranqer.com\/wp-content\/uploads\/2021\/09\/sbsupply-logo-500x1000-1.png\" loading=\"lazy\" alt=\"\" class=\"dealers__single__logo-img\">\n                            <div class=\"dealers__single__details\">\n                                                            <div class=\"dealers__single__countries\">\n                                                                                                          <div class=\"dealers__single__countries__single\">Espa\u00f1a<\/div>\n                                                                <\/div>\n                              <img decoding=\"async\" src=\"https:\/\/www.ranqer.com\/wp-content\/themes\/vallonic-ranqer\/dist\/images\/vallonic__ranqer-com__icons__arrow-right__orange_143c2b49.svg\" loading=\"lazy\" alt=\"\" class=\"dealers__single__arrow-right\">\n                            <\/div>\n                        <\/a>\n                    <\/div>\n                                    <div class=\"dealers__single-dealer\">\n                        <a href=\"https:\/\/www.amazon.es\/Ranqer-Felix-Tela-silla-gaming\/dp\/B0B4NYK5T8\/ref=sr_1_6?__mk_es_ES=%C3%85M%C3%85%C5%BD%C3%95%C3%91&amp;crid=L7QUIBMFA04B&amp;dib=eyJ2IjoiMSJ9.yKSKKSh6SU1gLVmoS1SE3CPNO02G4plb9eLNG4_kcHNw2sQRNDP24KQDtcCi4kbn6GaubWseS2GDTBFNt2NdRUhQC8qJzIknPUn-zeAIzMM.KSqegpPM3OQt6J8rkXVcl4eqtkaKYRe7BMSmiIZbVvc&amp;dib_tag=se&amp;keywords=%22Ranqer+Felix%22&amp;qid=1712673569&amp;sprefix=ranqer+felix+%2Caps%2C49&amp;sr=8-6\" class=\"dealers__single__a w-inline-block\" target=\"_blank\" rel=\"noopener\">\n                            <img decoding=\"async\" src=\"https:\/\/www.ranqer.com\/wp-content\/uploads\/2021\/09\/vallonic__ranqer-com__dealers__amazon2x.png\" loading=\"lazy\" alt=\"\" class=\"dealers__single__logo-img\">\n                            <div class=\"dealers__single__details\">\n                                                            <div class=\"dealers__single__countries\">\n                                                                                                          <div class=\"dealers__single__countries__single\">Espa\u00f1a<\/div>\n                                                                <\/div>\n                              <img decoding=\"async\" src=\"https:\/\/www.ranqer.com\/wp-content\/themes\/vallonic-ranqer\/dist\/images\/vallonic__ranqer-com__icons__arrow-right__orange_143c2b49.svg\" loading=\"lazy\" alt=\"\" class=\"dealers__single__arrow-right\">\n                            <\/div>\n                        <\/a>\n                    <\/div>\n                            <\/div>\n                            <\/div>\n<\/div>\n\n\n<div class=\"section--dealers wf-section\" id=\"dealers\">\n    <div class=\"container w-container\">\n        <div class=\"dealers__description-grid\">\n            <div class=\"dealers__desc-column\">\n                <h2 class=\"generic-typography__section-title\">\n                                                                                <span class=\"collection__title__orange\"> ACCESORIOS<\/span>\n                <\/h2>\n                <h3 class=\"generic-typography__sub-title bottom--15\">\n                    para la silla de juego\n                <\/h3>\n                <p class=\"generic-typography__paragraph\">\n                    Descubre nuestra colecci\u00f3n de accesorios especialmente dise\u00f1ados para las sillas de juego Ranqer. Saca el m\u00e1ximo partido a tu experiencia de gaming.\r\n\r\n\n                <\/p>\n            <\/div>\n        <\/div>\n                    <div class=\"dealers__grid\">\n                                    <div class=\"dealers__single-dealer\">\n                        <a href=\"https:\/\/www.sbsupply.es\/silla-gaming-ruedas-negro\" class=\"dealers__single__a w-inline-block\" target=\"_blank\" rel=\"noopener\">\n                            <img decoding=\"async\" src=\"https:\/\/www.ranqer.com\/wp-content\/uploads\/2024\/02\/ranqer_gaming_chair_wheels_castors_for_hard_floors_1.png\" loading=\"lazy\" alt=\"\" class=\"dealers__single__logo-img\">\n                            <div class=\"dealers__single__details\">\n                                                            <div class=\"dealers__single__countries\">\n                                                                                                          <div class=\"dealers__single__countries__single\">GAMING<\/div>\n                                                                        <div class=\"dealers__single__countries__single\">SILLA<\/div>\n                                                                        <div class=\"dealers__single__countries__single\">RUEDAS<\/div>\n                                                                <\/div>\n                              <img decoding=\"async\" src=\"https:\/\/www.ranqer.com\/wp-content\/themes\/vallonic-ranqer\/dist\/images\/vallonic__ranqer-com__icons__arrow-right__orange_143c2b49.svg\" loading=\"lazy\" alt=\"\" class=\"dealers__single__arrow-right\">\n                            <\/div>\n                        <\/a>\n                    <\/div>\n                                    <div class=\"dealers__single-dealer\">\n                        <a href=\"https:\/\/www.sbsupply.es\/ranqer-gaming-chair-mat-black\" class=\"dealers__single__a w-inline-block\" target=\"_blank\" rel=\"noopener\">\n                            <img decoding=\"async\" src=\"https:\/\/www.ranqer.com\/wp-content\/uploads\/2024\/02\/Ranqer-chair-mat.png\" loading=\"lazy\" alt=\"\" class=\"dealers__single__logo-img\">\n                            <div class=\"dealers__single__details\">\n                                                            <div class=\"dealers__single__countries\">\n                                                                                                          <div class=\"dealers__single__countries__single\">GAMING<\/div>\n                                                                        <div class=\"dealers__single__countries__single\">SILLA<\/div>\n                                                                        <div class=\"dealers__single__countries__single\">ALFOMBRILLA<\/div>\n                                                                <\/div>\n                              <img decoding=\"async\" src=\"https:\/\/www.ranqer.com\/wp-content\/themes\/vallonic-ranqer\/dist\/images\/vallonic__ranqer-com__icons__arrow-right__orange_143c2b49.svg\" loading=\"lazy\" alt=\"\" class=\"dealers__single__arrow-right\">\n                            <\/div>\n                        <\/a>\n                    <\/div>\n                                    <div class=\"dealers__single-dealer\">\n                        <a href=\"https:\/\/www.sbsupply.es\/ranqer-gaming-chair-mat-rgb\" class=\"dealers__single__a w-inline-block\" target=\"_blank\" rel=\"noopener\">\n                            <img decoding=\"async\" src=\"https:\/\/www.ranqer.com\/wp-content\/uploads\/2024\/02\/Ranqer-chair-mat-RGB.png\" loading=\"lazy\" alt=\"\" class=\"dealers__single__logo-img\">\n                            <div class=\"dealers__single__details\">\n                                                            <div class=\"dealers__single__countries\">\n                                                                                                          <div class=\"dealers__single__countries__single\">GAMING<\/div>\n                                                                        <div class=\"dealers__single__countries__single\">SILLA<\/div>\n                                                                        <div class=\"dealers__single__countries__single\">ALFOMBRILLA<\/div>\n                                                                        <div class=\"dealers__single__countries__single\">RGB<\/div>\n                                                                <\/div>\n                              <img decoding=\"async\" src=\"https:\/\/www.ranqer.com\/wp-content\/themes\/vallonic-ranqer\/dist\/images\/vallonic__ranqer-com__icons__arrow-right__orange_143c2b49.svg\" loading=\"lazy\" alt=\"\" class=\"dealers__single__arrow-right\">\n                            <\/div>\n                        <\/a>\n                    <\/div>\n                            <\/div>\n                            <\/div>\n<\/div>\n\n\n<div class=\"section--product-downloads bottom--0 wf-section\">\n    <div class=\"container w-container\">\n        <div class=\"product-downloads__grid\">\n            <div class=\"product-downloads__column\">\n                <h2 class=\"generic-typography__section-title\">\n                                        HOJA DE PRODUCTO\n                <\/h2>\n                <h3 class=\"generic-typography__sub-title bottom--15\">\n                    Especificaciones\n                <\/h3>\n                <p class=\"generic-typography__paragraph\">\n                    <p>Almohada para el cuello: (ancho) 32 x (alto) 20 x (fondo) 9 cm | 12 x 8 x 4 pulgadas<br \/>\nAlmohada lumbar: (A) 34 x (A) 20 x (F) 9 cm | 13 x 8 x 4 pulg<\/p>\n<p>Respaldo ajustable: 90-180\u00b0<br \/>\nAncho del respaldo: 54 cm | 21 pulg<br \/>\nLongitud del respaldo: 82 cm | 32 pulg<\/p>\n<p>Apoyabrazos ajustables 2D: 8 cm | 3 pulg<br \/>\nApoyabrazos a apoyabrazos 68 cm | 27 pulg<br \/>\nApoyabrazos m\u00e1s bajo a m\u00e1s alto: 60 \u2013 78 cm | 24 \u2013 31 pulg<\/p>\n<p>Altura m\u00ednima del asiento: 45 cm | 18 pulg<br \/>\nAltura m\u00e1xima del asiento: 55 cm | 22 pulg<\/p>\n<p>Anchura de la superficie del asiento con lateral: 54 cm | 21 pulg<br \/>\nAnchura de la superficie del asiento sin lateral: 38 cm | 15 pulg<br \/>\nProfundidad de la superficie del asiento: 50 cm | 20 pulg<\/p>\n<p>Di\u00e1metro de la distancia entre ejes: 73 cm | 29 pulg<\/p>\n<p>Peso m\u00e1ximo: 150 kg | 330 lb<br \/>\nPeso de la silla: 20 kg | 44 lb<\/p>\n<p>Dimensiones de la silla: (A) 68 x (A) 128 -138 x (F) 72 cm | 27 x 50 \u2013 54 x 28 pulg<br \/>\nEntregado en caja, dimensiones caja: (A) 85 x (A) 28 x (F) 65 cm | 33 x 11 x 26 pulg<\/p>\n\n                <\/p>\n                <div class=\"product-downloads__actions-grid\">\n                                                                                                        <a href=\"https:\/\/www.ranqer.com\/wp-content\/uploads\/2021\/09\/Specification-Ranqer-Felix.pdf\" download=\"Specification Ranqer Felix\" class=\"product-highlight__single-action\">\n                                    Especificaciones Ranqer Felix \u2192\n                                <\/a>\n                                                                                                                <a href=\"https:\/\/www.ranqer.com\/wp-content\/uploads\/2022\/08\/ranqer-felix-gaming-chair-instructions.pdf\" download=\"ranqer-felix-gaming-chair-instructions\" class=\"product-highlight__single-action\">\n                                    Manual Ranqer Felix \u2192\n                                <\/a>\n                                                                                        <\/div>\n            <\/div>\n            <div class=\"product-downloads__column\">\n                <div class=\"product-downloads__decoration-wrapper\">\n                    <img decoding=\"async\" src=\"https:\/\/www.ranqer.com\/wp-content\/uploads\/2021\/09\/Ranqer-gaming-chair-footer.png\" loading=\"lazy\" alt=\"\" class=\"product-downloads__decoration-img\">\n                <\/div>\n            <\/div>\n        <\/div>\n    <\/div>\n<\/div>\n","protected":false},"excerpt":{"rendered":"","protected":false},"author":7,"featured_media":0,"parent":0,"menu_order":0,"comment_status":"closed","ping_status":"closed","template":"","meta":{"footnotes":""},"categories":[],"tags":[],"class_list":["post-7173","page","type-page","status-publish","hentry"],"_links":{"self":[{"href":"https:\/\/www.ranqer.com\/es\/wp-json\/wp\/v2\/pages\/7173","targetHints":{"allow":["GET"]}}],"collection":[{"href":"https:\/\/www.ranqer.com\/es\/wp-json\/wp\/v2\/pages"}],"about":[{"href":"https:\/\/www.ranqer.com\/es\/wp-json\/wp\/v2\/types\/page"}],"author":[{"embeddable":true,"href":"https:\/\/www.ranqer.com\/es\/wp-json\/wp\/v2\/users\/7"}],"replies":[{"embeddable":true,"href":"https:\/\/www.ranqer.com\/es\/wp-json\/wp\/v2\/comments?post=7173"}],"version-history":[{"count":20,"href":"https:\/\/www.ranqer.com\/es\/wp-json\/wp\/v2\/pages\/7173\/revisions"}],"predecessor-version":[{"id":16598,"href":"https:\/\/www.ranqer.com\/es\/wp-json\/wp\/v2\/pages\/7173\/revisions\/16598"}],"wp:attachment":[{"href":"https:\/\/www.ranqer.com\/es\/wp-json\/wp\/v2\/media?parent=7173"}],"wp:term":[{"taxonomy":"category","embeddable":true,"href":"https:\/\/www.ranqer.com\/es\/wp-json\/wp\/v2\/categories?post=7173"},{"taxonomy":"post_tag","embeddable":true,"href":"https:\/\/www.ranqer.com\/es\/wp-json\/wp\/v2\/tags?post=7173"}],"curies":[{"name":"wp","href":"https:\/\/api.w.org\/{rel}","templated":true}]}}