{"id":16195,"date":"2024-04-25T16:54:10","date_gmt":"2024-04-25T14:54:10","guid":{"rendered":"https:\/\/www.ranqer.com\/?page_id=16195"},"modified":"2024-08-01T16:31:00","modified_gmt":"2024-08-01T14:31:00","slug":"ranqer-soporte-para-volantes-de-carreras","status":"publish","type":"page","link":"https:\/\/www.ranqer.com\/es\/ranqer-soporte-para-volantes-de-carreras\/","title":{"rendered":"Ranqer racing steering wheel stand"},"content":{"rendered":"<div class=\"section--product-highlight wf-section\">\n    <div class=\"container w-container\">\n      <div class=\"product-highlight__grid\">\n        <div class=\"product-highlight__column\">\n          <div class=\"product-highlight__image-wrapper\">\n              <img decoding=\"async\" src=\"https:\/\/www.ranqer.com\/wp-content\/uploads\/2024\/08\/ranqer_racing_wheel_stand.png\" loading=\"lazy\" sizes=\"100vw\" alt=\"Ranqer Soporte para volante de carreras\" class=\"product-highlight__img\">\n                                <img decoding=\"async\" src=\"https:\/\/www.ranqer.com\/wp-content\/themes\/vallonic-ranqer\/dist\/images\/vallonic__ranqer-com__product-highlight__backdrop-single-color2x_fceffc2a.png\" loading=\"lazy\" sizes=\"100vw\" alt=\"\" class=\"product-highlight__background\">\n                        <\/div>\n        <\/div>\n        <div class=\"product-highlight__column\">\n          <div class=\"product-highlight__details\">\n            <h2 class=\"product-highlight__h2\">\n                                                                SOPORTE<span class=\"product-highlight__h2__orange\"> ERGON\u00d3MICO<\/span> PARA RUEDAS DE CARRERAS\n            <\/h2>\n            <h1 class=\"product-highlight__h1\">\n                Ranqer Soporte para volante de carreras\n            <\/h1>\n            <p class=\"product-highlight__desc\">\n                Acelera tu experiencia de carreras con el soporte para volante de carreras Ranqer en el elegante color negro. Dise\u00f1ado para la estabilidad y optimizado para la comodidad, este soporte lleva tu simulaci\u00f3n de carreras al siguiente nivel. Fabricado en acero resistente, con altura y \u00e1ngulo ajustables, y compatible con una amplia gama de volantes, pedales y palancas de cambio, es el compa\u00f1ero perfecto para los entusiastas de las carreras virtuales.\n            <\/p>\n            <a href=\"#\" data-scroll=\"section--dealers\" class=\"product-highlight__button\">\n                Shop Online\n            <\/a>\n            <div class=\"product-highlight__actions\">\n                                <a\n                      class=\"product-highlight__single-action\"\n                      href=\"#\"\n                      data-scroll=\"section--detail-shots\"\n                  >\n                      Descubre m\u00e1s \u2192\n                  <\/a>\n                            \n            <\/div>\n          <\/div>\n        <\/div>\n      <\/div>\n    <\/div>\n            <div class=\"product-highlight__bottom-border\"><\/div>\n        \n    <img decoding=\"async\" src=\"https:\/\/www.ranqer.com\/wp-content\/themes\/vallonic-ranqer\/dist\/images\/vallonic__ranqer-com__product-highlight__decorative-elements_7b623bd8.svg\" loading=\"lazy\" alt=\"\" class=\"product-highlight__decoration\">\n<\/div>\n\n\n<div class=\"section--detail-shots wf-section\">\n    <div class=\"container w-container\">\n        <h2 class=\"generic-typography__section-title\">\n                                                LA CALIDAD\u00a0<span class=\"collection__title__orange\">PROMETIDA POR RANQER<\/span>\n        <\/h2>\n    <\/div>\n                                    \n\n              <div class=\"detail-shots__section is--first\">\n                  <div class=\"detail-shots__image-column\">\n                      <img decoding=\"async\" src=\"https:\/\/www.ranqer.com\/wp-content\/uploads\/2024\/04\/ranqer_racing_wheel_stand_8-1.png\" loading=\"lazy\" alt=\"\" class=\"detail-shots__single-image\">\n                  <\/div>\n                  <div class=\"detail-shots__desc-column is--right\">\n                      <div class=\"detail-shots__desc-column__inner is--right\">\n                          <h3 class=\"detail-shots__desc-title\">\n                              CALIDAD SUPERIOR\n                          <\/h3>\n                          <h4 class=\"generic-typography__sub-title bottom--15 top--0\">\n                              Ingenier\u00eda de precisi\u00f3n\n                          <\/h4>\n                          <p class=\"generic-typography__paragraph\">\n                              Dise\u00f1ado con precisi\u00f3n, el soporte de volante de carreras Ranqer proporciona una base s\u00f3lida y fiable para tu equipo de juego. Fabricado en acero resistente, este soporte est\u00e1 dise\u00f1ado para soportar intensas sesiones de gaming al tiempo que minimiza el tambaleo y las vibraciones, garantizando una experiencia de carreras fluida y envolvente. La altura y el \u00e1ngulo ajustables te permiten personalizar tu configuraci\u00f3n para una comodidad y un control \u00f3ptimos, para que puedas sumergirte en la acci\u00f3n con confianza y para que est\u00e9s listo para rendir al m\u00e1ximo.\n                          <\/p>\n                      <\/div>\n                  <\/div>\n              <\/div>\n                                                            <div class=\"detail-shots__section \">\n                    <div class=\"detail-shots__desc-column is--left\">\n                        <div class=\"detail-shots__desc-column__inner is--left\">\n                            <h3 class=\"detail-shots__desc-title\">\n                                AJUSTABLE\n                            <\/h3>\n                            <h4 class=\"generic-typography__sub-title bottom--15 top--0\">\n                                Personalizaci\u00f3n sin igual\n                            <\/h4>\n                            <p class=\"generic-typography__paragraph\">\n                                Experimenta una personalizaci\u00f3n sin precedentes con el soporte de volante de carreras Ranqer, que cuenta con impresionantes ajustes de altura e inclinaci\u00f3n para un control y comodidad definitivo. La columna del volante se extiende hasta 81,5 cm, lo que permite una amplia personalizaci\u00f3n de la inclinaci\u00f3n que va de +30 a -30 grados, asegurando \u00e1ngulos de visi\u00f3n \u00f3ptimos para todos los corredores. Adem\u00e1s, la columna del volante ofrece una mayor personalizaci\u00f3n con \u00e1ngulos ajustables de 0 a +20 grados, atendiendo a las preferencias individuales.\r\n\r\nPara aumentar la flexibilidad, la placa de pedales ofrece varias opciones de posicionamiento con una longitud m\u00e1xima de 77,1 cm y \u00e1ngulos ajustables de 0 a +27 grados, lo que te permite crear una configuraci\u00f3n ergon\u00f3mica adaptada a tu estilo de juego \u00fanico. Disfruta de la libertad de ajustar todos los aspectos de tu experiencia de carreras con el vers\u00e1til soporte para volante de carreras Ranqer.\n                            <\/p>\n                        <\/div>\n                    <\/div>\n                    <div class=\"detail-shots__image-column\">\n                        <img decoding=\"async\" src=\"https:\/\/www.ranqer.com\/wp-content\/uploads\/2024\/04\/ranqer_racing_wheel_stand_12.png\" loading=\"lazy\" alt=\"\" class=\"detail-shots__single-image\">\n                    <\/div>\n                <\/div>\n                                            \n\n              <div class=\"detail-shots__section \">\n                  <div class=\"detail-shots__image-column\">\n                      <img decoding=\"async\" src=\"https:\/\/www.ranqer.com\/wp-content\/uploads\/2024\/04\/ranqer_racing_wheel_stand_11.png\" loading=\"lazy\" alt=\"\" class=\"detail-shots__single-image\">\n                  <\/div>\n                  <div class=\"detail-shots__desc-column is--right\">\n                      <div class=\"detail-shots__desc-column__inner is--right\">\n                          <h3 class=\"detail-shots__desc-title\">\n                              PLEGABLE\n                          <\/h3>\n                          <h4 class=\"generic-typography__sub-title bottom--15 top--0\">\n                              Dise\u00f1o compacto para una gran flexibilidad\n                          <\/h4>\n                          <p class=\"generic-typography__paragraph\">\n                              Descubre una comodidad sin igual con el innovador dise\u00f1o plegable del soporte para volante de carreras Ranqer. Transforma sin esfuerzo tu espacio de juego con su tama\u00f1o compacto, recuperando un valioso espacio cuando no est\u00e9 en uso. Tanto si tienes una instalaci\u00f3n dedicada al gaming como si prefieres jugar fuera de casa, este soporte ofrece una portabilidad excepcional sin sacrificar la estabilidad ni el rendimiento. S\u00f3lo tienes que doblarlo para guardarlo o transportarlo, y llevarte tus aventuras de carreras dondequiera que vayas. Disfruta de la libertad de correr en cualquier momento y en cualquier lugar con el soporte para volante de carreras Ranqer, tu puerta de entrada a la emoci\u00f3n de los juegos sin fin.\n                          <\/p>\n                      <\/div>\n                  <\/div>\n              <\/div>\n                                                            <div class=\"detail-shots__section \">\n                    <div class=\"detail-shots__desc-column is--left\">\n                        <div class=\"detail-shots__desc-column__inner is--left\">\n                            <h3 class=\"detail-shots__desc-title\">\n                                SUPER VERS\u00c1TIL\n                            <\/h3>\n                            <h4 class=\"generic-typography__sub-title bottom--15 top--0\">\n                                Con\u00e9ctate como quieras\n                            <\/h4>\n                            <p class=\"generic-typography__paragraph\">\n                                Sum\u00e9rgete en una versatilidad sin igual con el soporte para volante de carreras Ranqer, dise\u00f1ado para ser compatible con una amplia gama de volantes, pedales y palancas de cambio de carreras. Tanto si prefieres marcas populares como modelos especializados, este soporte se adapta a la mayor\u00eda de configuraciones, ofreciendo una experiencia personalizable adaptada a tus preferencias. La placa de montaje ajustable garantiza un ajuste seguro para varios perif\u00e9ricos, proporcionando una integraci\u00f3n perfecta que mejora la inmersi\u00f3n en el juego. Desp\u00eddete de los problemas de compatibilidad y da la bienvenida a un sinf\u00edn de posibilidades de carreras con el soporte para volante de carreras Ranqer.\n                            <\/p>\n                        <\/div>\n                    <\/div>\n                    <div class=\"detail-shots__image-column\">\n                        <img decoding=\"async\" src=\"https:\/\/www.ranqer.com\/wp-content\/uploads\/2024\/04\/ranqer_racing_wheel_stand_2.png\" loading=\"lazy\" alt=\"\" class=\"detail-shots__single-image\">\n                    <\/div>\n                <\/div>\n                        <\/div>\n\n\n<div class=\"section--double-p wf-section\">\n    <div class=\"container w-container\">\n        <div class=\"double-p__title-wrapper\">\n                            <h2 class=\"double-p__main-title is--large\">\n                                        NUESTRO TRONO, <strong class=\"double-p__main-title__orange\">TU VICTORIA<\/strong>\n                <\/h2>\n\n                <h3 class=\"double-p__main-title is--sub\">\n                                        RANQER RACING <strong class=\"double-p__main-title__orange\">SOPORTE DE RUEDA<\/strong>\n                <\/h3>\n                    <\/div>\n                    <div class=\"double-p__grid\">\n                                    <div class=\"double-p__block\">\n                        <h3 class=\"generic-typography__sub-title bottom--15 top--0\">Para el jugador persistente <\/h3>\n                                                    <p class=\"generic-typography__paragraph\">Descubre la m\u00e1xima comodidad con el innovador dise\u00f1o desplegable del soporte para volante de carreras Ranqer. Transforma sin esfuerzo tu espacio de juego con su tama\u00f1o compacto, recuperando un valioso espacio cuando no est\u00e9 en uso. Tanto si tienes una instalaci\u00f3n dedicada al gaming como si prefieres jugar sobre la marcha, el soporte de Ranqer ofrece una portabilidad excepcional sin sacrificar la estabilidad ni el rendimiento.<\/p>\n\n                                            <\/div>\n                                    <div class=\"double-p__block\">\n                        <h3 class=\"generic-typography__sub-title bottom--15 top--0\"><\/h3>\n                                                    <p class=\"generic-typography__paragraph\">Dondequiera que corras, los productos Ranqer est\u00e1n dise\u00f1ados para tener un aspecto profesional y proporcionar comodidad. Moderno, elegante y asequible: tres palabras que describen a la perfecci\u00f3n el Ranqer. Tanto si eres un Pro Gamer como si eres nuevo en el mundo del gaming, encontrar\u00e1s un producto adecuado para ti. Adem\u00e1s del incre\u00edble soporte que proporcionan, los productos Ranqer tienen un aspecto moderno y atemporal.<\/p>\n\n                                            <\/div>\n                            <\/div>\n            <\/div>\n<\/div>\n\n\n<div class=\"section--selling-points  wf-section\">\n    <div class=\"container w-container\">\n                                <div class=\"selling-points__title\">\n                            <h2 class=\"generic-typography__section-title\">\n                    NUESTROS <span class=\"collection__title__orange\">PUNTOS FUERTES<\/span>\n                <\/h2>\n                    <\/div>\n        <div class=\"selling-points__grid\">\n                                                <div class=\"selling-points__single\">\n                        <div class=\"selling-points__single__inner\">\n                            <div class=\"selling-points__single__text\">\n                                Gran ergonom\u00eda\n                            <\/div>\n                            <div class=\"selling-points__single__icon-wrapper\">\n                                <img decoding=\"async\" src=\"https:\/\/www.ranqer.com\/wp-content\/themes\/vallonic-ranqer\/dist\/images\/vallonic__ranqer-com__icons__ergonomic__orange_46a0c9d8.svg\" loading=\"lazy\" width=\"21\" alt=\"\" class=\"selling-points__single__icon\">\n                            <\/div>\n                        <\/div>\n                    <\/div>\n                                    <div class=\"selling-points__single\">\n                        <div class=\"selling-points__single__inner\">\n                            <div class=\"selling-points__single__text\">\n                                Inspirado por las carreras\n                            <\/div>\n                            <div class=\"selling-points__single__icon-wrapper\">\n                                <img decoding=\"async\" src=\"https:\/\/www.ranqer.com\/wp-content\/themes\/vallonic-ranqer\/dist\/images\/vallonic__ranqer-com__icons__racing__orange_7c54f02f.svg\" loading=\"lazy\" width=\"21\" alt=\"\" class=\"selling-points__single__icon\">\n                            <\/div>\n                        <\/div>\n                    <\/div>\n                                    <div class=\"selling-points__single\">\n                        <div class=\"selling-points__single__inner\">\n                            <div class=\"selling-points__single__text\">\n                                Dise\u00f1o holand\u00e9s\n                            <\/div>\n                            <div class=\"selling-points__single__icon-wrapper\">\n                                <img decoding=\"async\" src=\"https:\/\/www.ranqer.com\/wp-content\/themes\/vallonic-ranqer\/dist\/images\/vallonic__ranqer-com__icons__design__orange_5cb9e4bc.svg\" loading=\"lazy\" width=\"21\" alt=\"\" class=\"selling-points__single__icon\">\n                            <\/div>\n                        <\/div>\n                    <\/div>\n                                    <\/div>\n                            <div class=\"selling-points__cta-wrapper\">\n                <a\n                    href=\"#\"\n                    data-scroll=\"section--dealers\"\n                    class=\"selling-points__cta\"\n                >\n                    Compra Ahora\n                <\/a>\n            <\/div>\n            <\/div>\n<\/div>\n\n\n<div class=\"section--dealers wf-section\" id=\"dealers\">\n    <div class=\"container w-container\">\n        <div class=\"dealers__description-grid\">\n            <div class=\"dealers__desc-column\">\n                <h2 class=\"generic-typography__section-title\">\n                                                                                nuestros <span class=\"collection__title__orange\">socios<\/span>\n                <\/h2>\n                <h3 class=\"generic-typography__sub-title bottom--15\">\n                    Compra Ahora\n                <\/h3>\n                <p class=\"generic-typography__paragraph\">\n                    Gran comodidad y gran dise\u00f1o. Productos Ranqer disponibles ahora. Mejora tu configuraci\u00f3n de gaming comprando nuestro soporte para volante de carreras.\n                <\/p>\n            <\/div>\n        <\/div>\n                    <div class=\"dealers__grid\">\n                                    <div class=\"dealers__single-dealer\">\n                        <a href=\"https:\/\/www.sbsupply.es\/ranqer-racing-wheel-stand-black\" class=\"dealers__single__a w-inline-block\" target=\"_blank\" rel=\"noopener\">\n                            <img decoding=\"async\" src=\"https:\/\/www.ranqer.com\/wp-content\/uploads\/2021\/09\/sbsupply-logo-500x1000-1.png\" loading=\"lazy\" alt=\"\" class=\"dealers__single__logo-img\">\n                            <div class=\"dealers__single__details\">\n                                                            <div class=\"dealers__single__countries\">\n                                                                                                          <div class=\"dealers__single__countries__single\">Espa\u00f1a<\/div>\n                                                                <\/div>\n                              <img decoding=\"async\" src=\"https:\/\/www.ranqer.com\/wp-content\/themes\/vallonic-ranqer\/dist\/images\/vallonic__ranqer-com__icons__arrow-right__orange_143c2b49.svg\" loading=\"lazy\" alt=\"\" class=\"dealers__single__arrow-right\">\n                            <\/div>\n                        <\/a>\n                    <\/div>\n                                    <div class=\"dealers__single-dealer\">\n                        <a href=\"https:\/\/www.amazon.es\/stores\/RanqerGaming\/page\/2CDDE83C-16B0-437B-9F09-EF14C5ECF525?ref_=ast_bln\" class=\"dealers__single__a w-inline-block\" target=\"_blank\" rel=\"noopener\">\n                            <img decoding=\"async\" src=\"https:\/\/www.ranqer.com\/wp-content\/uploads\/2021\/09\/vallonic__ranqer-com__dealers__amazon2x.png\" loading=\"lazy\" alt=\"\" class=\"dealers__single__logo-img\">\n                            <div class=\"dealers__single__details\">\n                                                            <div class=\"dealers__single__countries\">\n                                                                                                          <div class=\"dealers__single__countries__single\">Espa\u00f1a<\/div>\n                                                                <\/div>\n                              <img decoding=\"async\" src=\"https:\/\/www.ranqer.com\/wp-content\/themes\/vallonic-ranqer\/dist\/images\/vallonic__ranqer-com__icons__arrow-right__orange_143c2b49.svg\" loading=\"lazy\" alt=\"\" class=\"dealers__single__arrow-right\">\n                            <\/div>\n                        <\/a>\n                    <\/div>\n                            <\/div>\n                            <\/div>\n<\/div>\n\n\n<div class=\"section--product-downloads bottom--0 wf-section\">\n    <div class=\"container w-container\">\n        <div class=\"product-downloads__grid\">\n            <div class=\"product-downloads__column\">\n                <h2 class=\"generic-typography__section-title\">\n                                        HOJA DE PRODUCTO\n                <\/h2>\n                <h3 class=\"generic-typography__sub-title bottom--15\">\n                    Especificaciones\n                <\/h3>\n                <p class=\"generic-typography__paragraph\">\n                    <div class=\"short-description\">\n<p>&#8211; Robusta construcci\u00f3n de acero<br \/>\n&#8211; Altura y \u00e1ngulo ajustables<br \/>\n&#8211; Compatible con la mayor\u00eda de ruedas, pedales y palancas de cambio de competici\u00f3n<br \/>\n&#8211; Elegante acabado en negro<\/p>\n<p>Tama\u00f1o del producto: 45 x 77 x 81 cm<\/p>\n<\/div>\n\n                <\/p>\n                <div class=\"product-downloads__actions-grid\">\n                                    <\/div>\n            <\/div>\n            <div class=\"product-downloads__column\">\n                <div class=\"product-downloads__decoration-wrapper\">\n                    <img decoding=\"async\" src=\"https:\/\/www.ranqer.com\/wp-content\/uploads\/2024\/04\/ranqer_racing_wheel_stand_4-copy-2.png\" loading=\"lazy\" alt=\"\" class=\"product-downloads__decoration-img\">\n                <\/div>\n            <\/div>\n        <\/div>\n    <\/div>\n<\/div>\n","protected":false},"excerpt":{"rendered":"","protected":false},"author":7,"featured_media":0,"parent":0,"menu_order":0,"comment_status":"closed","ping_status":"closed","template":"","meta":{"footnotes":""},"categories":[],"tags":[],"class_list":["post-16195","page","type-page","status-publish","hentry"],"_links":{"self":[{"href":"https:\/\/www.ranqer.com\/es\/wp-json\/wp\/v2\/pages\/16195","targetHints":{"allow":["GET"]}}],"collection":[{"href":"https:\/\/www.ranqer.com\/es\/wp-json\/wp\/v2\/pages"}],"about":[{"href":"https:\/\/www.ranqer.com\/es\/wp-json\/wp\/v2\/types\/page"}],"author":[{"embeddable":true,"href":"https:\/\/www.ranqer.com\/es\/wp-json\/wp\/v2\/users\/7"}],"replies":[{"embeddable":true,"href":"https:\/\/www.ranqer.com\/es\/wp-json\/wp\/v2\/comments?post=16195"}],"version-history":[{"count":7,"href":"https:\/\/www.ranqer.com\/es\/wp-json\/wp\/v2\/pages\/16195\/revisions"}],"predecessor-version":[{"id":18119,"href":"https:\/\/www.ranqer.com\/es\/wp-json\/wp\/v2\/pages\/16195\/revisions\/18119"}],"wp:attachment":[{"href":"https:\/\/www.ranqer.com\/es\/wp-json\/wp\/v2\/media?parent=16195"}],"wp:term":[{"taxonomy":"category","embeddable":true,"href":"https:\/\/www.ranqer.com\/es\/wp-json\/wp\/v2\/categories?post=16195"},{"taxonomy":"post_tag","embeddable":true,"href":"https:\/\/www.ranqer.com\/es\/wp-json\/wp\/v2\/tags?post=16195"}],"curies":[{"name":"wp","href":"https:\/\/api.w.org\/{rel}","templated":true}]}}