{"id":16165,"date":"2024-04-25T16:06:52","date_gmt":"2024-04-25T14:06:52","guid":{"rendered":"https:\/\/www.ranqer.com\/?page_id=16165"},"modified":"2024-04-25T16:11:33","modified_gmt":"2024-04-25T14:11:33","slug":"brazos-monitor-ergonomicos-gaming-oficina","status":"publish","type":"page","link":"https:\/\/www.ranqer.com\/es\/brazos-monitor-ergonomicos-gaming-oficina\/","title":{"rendered":"All monitor arms"},"content":{"rendered":"\n<p>.<\/p>\n\n\n<div class=\"section--home-header wf-section\">\n    <div class=\"container w-container\">\n        <div class=\"home-header__content\">\n                        <a href=\"https:\/\/instagram.com\/ranqer_gaming\" class=\"home-header__instagram-link w-inline-block\" target=\"_blank\" rel=\"noopener\">\n                <img decoding=\"async\" src=\"https:\/\/www.ranqer.com\/wp-content\/themes\/vallonic-ranqer\/dist\/images\/vallonic__ranqer-com__icons__instagram__white_eeb055bd.png\" loading=\"lazy\" alt=\"\" class=\"home-header__instagram-icon\">\n                <div class=\"home-header__instagram-handle\">RANQER_GAMING<\/div>\n            <\/a>\n            <h1 data-w-id=\"75a8e527-dba9-e9aa-7faf-cb688714d279\"\n                style=\"\n                    -webkit-transform:translate3d(-200%, 100%, 0) scale3d(1.05, 1.05, 1) rotateX(0) rotateY(0) rotateZ(-10deg) skew(0, 0);\n                    -moz-transform:translate3d(-200%, 100%, 0) scale3d(1.05, 1.05, 1) rotateX(0) rotateY(0) rotateZ(-10deg) skew(0, 0);\n                    -ms-transform:translate3d(-200%, 100%, 0) scale3d(1.05, 1.05, 1) rotateX(0) rotateY(0) rotateZ(-10deg) skew(0, 0);\n                    transform:translate3d(-200%, 100%, 0) scale3d(1.05, 1.05, 1) rotateX(0) rotateY(0) rotateZ(-10deg) skew(0, 0);\n                    opacity:0\n                \"\n                class=\"home-header__title\"\n            >\n                                <span class=\"home-header__title__small\">Te presentamos los  <strong class=\"home-header__title-orange\">Ranqer<\/strong><\/span>   brazos de monitor\n            <\/h1>\n            <img decoding=\"async\" src=\"https:\/\/www.ranqer.com\/wp-content\/themes\/vallonic-ranqer\/dist\/images\/vallonic__ranqer-com__decoration__home-header__neon_1dc74146.png\" loading=\"lazy\" alt=\"\" class=\"home-header__neon-bar\">\n                                        <a\n                    href=\"#\"\n                    class=\"home-header__shop-now\"\n                    data-scroll=\"section--collection\"\n                >\n                    Consulta las colecciones\n                <\/a>\n            \n            <img decoding=\"async\" src=\"https:\/\/www.ranqer.com\/wp-content\/themes\/vallonic-ranqer\/dist\/images\/vallonic__ranqer-com__decoration__home-header__bottom-arrow_154c3002.svg\" loading=\"lazy\" alt=\"\" class=\"home-header__bottom-arrow\">\n        <\/div>\n        <div class=\"home-header__background\">\n            <div class=\"home-header__background__bottom-bar\">\n            <\/div>\n            <img decoding=\"async\" src=\"https:\/\/www.ranqer.com\/wp-content\/themes\/vallonic-ranqer\/dist\/images\/vallonic__ranqer-com__decoration__home-header__blur-background_48735fb4.png\" sizes=\"100vw\" alt=\"\" class=\"home-header__background__blur-img\">\n            <img decoding=\"async\"\n                src=\"https:\/\/www.ranqer.com\/wp-content\/themes\/vallonic-ranqer\/dist\/images\/vallonic__ranqer-com__decoration__home-header__branding_b92c59f2.svg\"\n                loading=\"lazy\"\n                style=\"-webkit-transform:translate3d(0px, 0px, 0) scale3d(1, 1, 1) rotateX(0) rotateY(0) rotateZ(0) skew(0, 0);-moz-transform:translate3d(0px, 0px, 0) scale3d(1, 1, 1) rotateX(0) rotateY(0) rotateZ(0) skew(0, 0);-ms-transform:translate3d(0px, 0px, 0) scale3d(1, 1, 1) rotateX(0) rotateY(0) rotateZ(0) skew(0, 0);transform:translate3d(0px, 0px, 0) scale3d(1, 1, 1) rotateX(0) rotateY(0) rotateZ(0) skew(0, 0)\"\n                alt=\"\"\n                class=\"home-header__background__shapes-img\"\n                data-w-id=\"0d274e3f-98bd-e52e-e5f9-cbd575fa237c\"\n            >\n            <div class=\"home-header__background__center-constraint\">\n                <img decoding=\"async\" src=\"https:\/\/www.ranqer.com\/wp-content\/uploads\/2024\/02\/LDT45-C012H-04.png\" loading=\"lazy\" data-w-id=\"0d274e3f-98bd-e52e-e5f9-cbd575fa237c\" alt=\"\" class=\"home-header__background__chairs-img\">\n            <\/div>\n        <\/div>\n    <\/div>\n<\/div>\n\n\n<div class=\"section--detail-shots wf-section\">\n    <div class=\"container w-container\">\n        <h2 class=\"generic-typography__section-title\">\n                                                \n        <\/h2>\n    <\/div>\n                                    \n\n              <div class=\"detail-shots__section is--first\">\n                  <div class=\"detail-shots__image-column\">\n                      <img decoding=\"async\" src=\"https:\/\/www.ranqer.com\/wp-content\/uploads\/2024\/02\/Ranqer-monitor-arms-banner.png\" loading=\"lazy\" alt=\"\" class=\"detail-shots__single-image\">\n                  <\/div>\n                  <div class=\"detail-shots__desc-column is--right\">\n                      <div class=\"detail-shots__desc-column__inner is--right\">\n                          <h3 class=\"detail-shots__desc-title\">\n                              BRAZOS DE MONITOR PARA JUEGOS Y ESPACIOS DE TRABAJO\n                          <\/h3>\n                          <h4 class=\"generic-typography__sub-title bottom--15 top--0\">\n                              COLOCA TUS MONITORES DE M\u00daLTIPLES MANERAS\n                          <\/h4>\n                          <p class=\"generic-typography__paragraph\">\n                              Te presentamos nuestros innovadores brazos para monitores dise\u00f1ados para revolucionar los entornos de juego y de trabajo. Con una flexibilidad inigualable, puedes colocar sin esfuerzo tus monitores de muchas maneras, mejorando la comodidad y la productividad. Mejora tu experiencia de juego u optimiza la configuraci\u00f3n de tu espacio de trabajo con facilidad y precisi\u00f3n. Toma el control de la posici\u00f3n de tu monitor y maximiza tu potencial de visualizaci\u00f3n hoy mismo.\n                          <\/p>\n                      <\/div>\n                  <\/div>\n              <\/div>\n                        <\/div>\n\n\n<div class=\"section--collection wf-section\">\n    <div class=\"container w-container\">\n        <h2 class=\"generic-typography__section-title\">\n                                                colecci\u00f3n <span class=\"collection__title__orange\">Single<\/span> \n        <\/h2>\n        <h3 class=\"generic-typography__sub-title\">\n            Para jugar y trabajar con un solo monitor\n        <\/h3>\n        <div class=\"collection__grid\">\n                                                <div class=\"collection__single\">\n                      <a href=\"https:\/\/www.ranqer.com\/es\/ranqer-brazo-monitor-single\/\" class=\"collection__single__top-part w-inline-block\">\n                          <img decoding=\"async\" src=\"https:\/\/www.ranqer.com\/wp-content\/uploads\/2024\/02\/Ranqer-Monitor-Single-Arm-zwart_.png\" loading=\"lazy\" alt=\"\" class=\"collection__image\">\n                          <div class=\"collection__collection-name\">\n                              Brazo Single\n                          <\/div>\n                          <div class=\"collection__action-wrapper\">\n                            <div class=\"collection__action\">\n                                Especificaciones y colores\n                            <\/div>\n                            <img decoding=\"async\" src=\"https:\/\/www.ranqer.com\/wp-content\/themes\/vallonic-ranqer\/dist\/images\/vallonic__ranqer-com__icons__arrow-right__d8dbe2_e85d2551.svg\" loading=\"lazy\" alt=\"\" class=\"collection__arrow\">\n                          <\/div>\n                                                <\/a>\n                      <a href=\"https:\/\/www.ranqer.com\/es\/ranqer-brazo-monitor-single\/#dealers\" class=\"collection__single__bottom-part w-inline-block\">\n                        <div class=\"collection__action-wrapper\">\n                            <div class=\"collection__action\">\n                                Encuentra un distribuidor\n                            <\/div>\n                            <img decoding=\"async\" src=\"https:\/\/www.ranqer.com\/wp-content\/themes\/vallonic-ranqer\/dist\/images\/vallonic__ranqer-com__icons__arrow-right__d8dbe2_e85d2551.svg\" loading=\"lazy\" alt=\"\" class=\"collection__arrow\">\n                        <\/div>\n                      <\/a>\n                    <\/div>\n                                    <div class=\"collection__single\">\n                      <a href=\"https:\/\/www.ranqer.com\/es\/ranqer-brazo-monitor-single-pro\/\" class=\"collection__single__top-part w-inline-block\">\n                          <img decoding=\"async\" src=\"https:\/\/www.ranqer.com\/wp-content\/uploads\/2024\/02\/Ranqer-Monitor-Single-Arm-Pro-wit-1.png\" loading=\"lazy\" alt=\"\" class=\"collection__image\">\n                          <div class=\"collection__collection-name\">\n                              Brazo Single Pro\n                          <\/div>\n                          <div class=\"collection__action-wrapper\">\n                            <div class=\"collection__action\">\n                                Especificaciones y colores\n                            <\/div>\n                            <img decoding=\"async\" src=\"https:\/\/www.ranqer.com\/wp-content\/themes\/vallonic-ranqer\/dist\/images\/vallonic__ranqer-com__icons__arrow-right__d8dbe2_e85d2551.svg\" loading=\"lazy\" alt=\"\" class=\"collection__arrow\">\n                          <\/div>\n                                                <\/a>\n                      <a href=\"https:\/\/www.ranqer.com\/es\/ranqer-brazo-monitor-single-pro\/#dealers\" class=\"collection__single__bottom-part w-inline-block\">\n                        <div class=\"collection__action-wrapper\">\n                            <div class=\"collection__action\">\n                                Encuentra un distribuidor\n                            <\/div>\n                            <img decoding=\"async\" src=\"https:\/\/www.ranqer.com\/wp-content\/themes\/vallonic-ranqer\/dist\/images\/vallonic__ranqer-com__icons__arrow-right__d8dbe2_e85d2551.svg\" loading=\"lazy\" alt=\"\" class=\"collection__arrow\">\n                        <\/div>\n                      <\/a>\n                    <\/div>\n                                    <div class=\"collection__single\">\n                      <a href=\"https:\/\/www.ranqer.com\/es\/ranqer-brazo-monitor-single-pro-rgb-led\/\" class=\"collection__single__top-part w-inline-block\">\n                          <img decoding=\"async\" src=\"https:\/\/www.ranqer.com\/wp-content\/uploads\/2024\/02\/Ranqer-Monitor-Single-Arm-Pro-RGB-wit-1.png\" loading=\"lazy\" alt=\"\" class=\"collection__image\">\n                          <div class=\"collection__collection-name\">\n                              Brazo Single Pro RGB\n                          <\/div>\n                          <div class=\"collection__action-wrapper\">\n                            <div class=\"collection__action\">\n                                Especificaciones y colores\n                            <\/div>\n                            <img decoding=\"async\" src=\"https:\/\/www.ranqer.com\/wp-content\/themes\/vallonic-ranqer\/dist\/images\/vallonic__ranqer-com__icons__arrow-right__d8dbe2_e85d2551.svg\" loading=\"lazy\" alt=\"\" class=\"collection__arrow\">\n                          <\/div>\n                                                        <img decoding=\"async\" src=\"https:\/\/www.ranqer.com\/wp-content\/themes\/vallonic-ranqer\/dist\/images\/vallonic__ranqer-com__collection__rainbow-background2x_46f325b1.png\" loading=\"lazy\" alt=\"\" class=\"collection__background\">\n                                                <\/a>\n                      <a href=\"https:\/\/www.ranqer.com\/es\/ranqer-brazo-monitor-single-pro-rgb-led\/#dealers\" class=\"collection__single__bottom-part w-inline-block\">\n                        <div class=\"collection__action-wrapper\">\n                            <div class=\"collection__action\">\n                                Encuentra un distribuidor\n                            <\/div>\n                            <img decoding=\"async\" src=\"https:\/\/www.ranqer.com\/wp-content\/themes\/vallonic-ranqer\/dist\/images\/vallonic__ranqer-com__icons__arrow-right__d8dbe2_e85d2551.svg\" loading=\"lazy\" alt=\"\" class=\"collection__arrow\">\n                        <\/div>\n                      <\/a>\n                    <\/div>\n                                    <\/div>\n    <\/div>\n<\/div>\n\n\n<div class=\"section--collection wf-section\">\n    <div class=\"container w-container\">\n        <h2 class=\"generic-typography__section-title\">\n                                                colecci\u00f3n <span class=\"collection__title__orange\">Dual<\/span> \n        <\/h2>\n        <h3 class=\"generic-typography__sub-title\">\n            Para jugar y trabajar con dos monitores\n        <\/h3>\n        <div class=\"collection__grid\">\n                                                <div class=\"collection__single\">\n                      <a href=\"https:\/\/www.ranqer.com\/es\/ranqer-brazo-monitor-dual\/\" class=\"collection__single__top-part w-inline-block\">\n                          <img decoding=\"async\" src=\"https:\/\/www.ranqer.com\/wp-content\/uploads\/2024\/04\/Ranqer-dual-monitor-arm-category-overview.png\" loading=\"lazy\" alt=\"\" class=\"collection__image\">\n                          <div class=\"collection__collection-name\">\n                              Brazo Dual\n                          <\/div>\n                          <div class=\"collection__action-wrapper\">\n                            <div class=\"collection__action\">\n                                Especificaciones y colores\n                            <\/div>\n                            <img decoding=\"async\" src=\"https:\/\/www.ranqer.com\/wp-content\/themes\/vallonic-ranqer\/dist\/images\/vallonic__ranqer-com__icons__arrow-right__d8dbe2_e85d2551.svg\" loading=\"lazy\" alt=\"\" class=\"collection__arrow\">\n                          <\/div>\n                                                <\/a>\n                      <a href=\"https:\/\/www.ranqer.com\/es\/ranqer-brazo-monitor-dual\/#dealers\" class=\"collection__single__bottom-part w-inline-block\">\n                        <div class=\"collection__action-wrapper\">\n                            <div class=\"collection__action\">\n                                Encuentra un distribuidor\n                            <\/div>\n                            <img decoding=\"async\" src=\"https:\/\/www.ranqer.com\/wp-content\/themes\/vallonic-ranqer\/dist\/images\/vallonic__ranqer-com__icons__arrow-right__d8dbe2_e85d2551.svg\" loading=\"lazy\" alt=\"\" class=\"collection__arrow\">\n                        <\/div>\n                      <\/a>\n                    <\/div>\n                                    <div class=\"collection__single\">\n                      <a href=\"https:\/\/www.ranqer.com\/es\/ranqer-brazo-monitor-dual-pro\/\" class=\"collection__single__top-part w-inline-block\">\n                          <img decoding=\"async\" src=\"https:\/\/www.ranqer.com\/wp-content\/uploads\/2024\/02\/Ranqer-Monitor-Dual-Arm-Pro-wit-1.png\" loading=\"lazy\" alt=\"\" class=\"collection__image\">\n                          <div class=\"collection__collection-name\">\n                              Brazo Dual Pro\n                          <\/div>\n                          <div class=\"collection__action-wrapper\">\n                            <div class=\"collection__action\">\n                                Especificaciones y colores\n                            <\/div>\n                            <img decoding=\"async\" src=\"https:\/\/www.ranqer.com\/wp-content\/themes\/vallonic-ranqer\/dist\/images\/vallonic__ranqer-com__icons__arrow-right__d8dbe2_e85d2551.svg\" loading=\"lazy\" alt=\"\" class=\"collection__arrow\">\n                          <\/div>\n                                                <\/a>\n                      <a href=\"https:\/\/www.ranqer.com\/es\/ranqer-brazo-monitor-dual-pro\/#dealers\" class=\"collection__single__bottom-part w-inline-block\">\n                        <div class=\"collection__action-wrapper\">\n                            <div class=\"collection__action\">\n                                Encuentra un distribuidor\n                            <\/div>\n                            <img decoding=\"async\" src=\"https:\/\/www.ranqer.com\/wp-content\/themes\/vallonic-ranqer\/dist\/images\/vallonic__ranqer-com__icons__arrow-right__d8dbe2_e85d2551.svg\" loading=\"lazy\" alt=\"\" class=\"collection__arrow\">\n                        <\/div>\n                      <\/a>\n                    <\/div>\n                                    <div class=\"collection__single\">\n                      <a href=\"https:\/\/www.ranqer.com\/es\/ranqer-brazo-monitor-dual-pro-rgb\/\" class=\"collection__single__top-part w-inline-block\">\n                          <img decoding=\"async\" src=\"https:\/\/www.ranqer.com\/wp-content\/uploads\/2024\/02\/Ranqer-Monitor-Dual-Arm-RGB-wit-1-e1707398338855.png\" loading=\"lazy\" alt=\"\" class=\"collection__image\">\n                          <div class=\"collection__collection-name\">\n                              Brazo Dual Pro RGB\n                          <\/div>\n                          <div class=\"collection__action-wrapper\">\n                            <div class=\"collection__action\">\n                                Especificaciones y colores\n                            <\/div>\n                            <img decoding=\"async\" src=\"https:\/\/www.ranqer.com\/wp-content\/themes\/vallonic-ranqer\/dist\/images\/vallonic__ranqer-com__icons__arrow-right__d8dbe2_e85d2551.svg\" loading=\"lazy\" alt=\"\" class=\"collection__arrow\">\n                          <\/div>\n                                                        <img decoding=\"async\" src=\"https:\/\/www.ranqer.com\/wp-content\/themes\/vallonic-ranqer\/dist\/images\/vallonic__ranqer-com__collection__rainbow-background2x_46f325b1.png\" loading=\"lazy\" alt=\"\" class=\"collection__background\">\n                                                <\/a>\n                      <a href=\"https:\/\/www.ranqer.com\/es\/ranqer-brazo-monitor-dual-pro-rgb\/#dealers\" class=\"collection__single__bottom-part w-inline-block\">\n                        <div class=\"collection__action-wrapper\">\n                            <div class=\"collection__action\">\n                                Encuentra un distribuidor\n                            <\/div>\n                            <img decoding=\"async\" src=\"https:\/\/www.ranqer.com\/wp-content\/themes\/vallonic-ranqer\/dist\/images\/vallonic__ranqer-com__icons__arrow-right__d8dbe2_e85d2551.svg\" loading=\"lazy\" alt=\"\" class=\"collection__arrow\">\n                        <\/div>\n                      <\/a>\n                    <\/div>\n                                    <\/div>\n    <\/div>\n<\/div>\n\n\n<div class=\"section--dealers wf-section\" id=\"dealers\">\n    <div class=\"container w-container\">\n        <div class=\"dealers__description-grid\">\n            <div class=\"dealers__desc-column\">\n                <h2 class=\"generic-typography__section-title\">\n                                                                                nuestros <span class=\"collection__title__orange\">socios<\/span>\n                <\/h2>\n                <h3 class=\"generic-typography__sub-title bottom--15\">\n                    Compra Ahora\n                <\/h3>\n                <p class=\"generic-typography__paragraph\">\n                    Gran comodidad y gran dise\u00f1o. Brazos para monitor Ranqer ya disponibles. Eleva tu configuraci\u00f3n de gaming eligiendo uno de los lujosos brazos para monitor.\n                <\/p>\n            <\/div>\n        <\/div>\n                    <div class=\"dealers__grid\">\n                                    <div class=\"dealers__single-dealer\">\n                        <a href=\"https:\/\/www.sbsupply.es\/ranqer\" class=\"dealers__single__a w-inline-block\" target=\"_blank\" rel=\"noopener\">\n                            <img decoding=\"async\" src=\"https:\/\/www.ranqer.com\/wp-content\/uploads\/2021\/09\/sbsupply-logo-500x1000-1.png\" loading=\"lazy\" alt=\"\" class=\"dealers__single__logo-img\">\n                            <div class=\"dealers__single__details\">\n                                                            <div class=\"dealers__single__countries\">\n                                                                                                          <div class=\"dealers__single__countries__single\">Europe<\/div>\n                                                                <\/div>\n                              <img decoding=\"async\" src=\"https:\/\/www.ranqer.com\/wp-content\/themes\/vallonic-ranqer\/dist\/images\/vallonic__ranqer-com__icons__arrow-right__orange_143c2b49.svg\" loading=\"lazy\" alt=\"\" class=\"dealers__single__arrow-right\">\n                            <\/div>\n                        <\/a>\n                    <\/div>\n                                    <div class=\"dealers__single-dealer\">\n                        <a href=\"https:\/\/www.amazon.es\/stores\/RanqerGaming\/page\/2CDDE83C-16B0-437B-9F09-EF14C5ECF525?&amp;linkCode=ll2&amp;tag=ranqeres-21&amp;linkId=987a4377f471f125d22ed887a3235c37&amp;language=es_ES&amp;ref_=as_li_ss_tl\" class=\"dealers__single__a w-inline-block\" target=\"_blank\" rel=\"noopener\">\n                            <img decoding=\"async\" src=\"https:\/\/www.ranqer.com\/wp-content\/uploads\/2021\/09\/vallonic__ranqer-com__dealers__amazon2x.png\" loading=\"lazy\" alt=\"\" class=\"dealers__single__logo-img\">\n                            <div class=\"dealers__single__details\">\n                                                            <div class=\"dealers__single__countries\">\n                                                                                                          <div class=\"dealers__single__countries__single\">Spain<\/div>\n                                                                <\/div>\n                              <img decoding=\"async\" src=\"https:\/\/www.ranqer.com\/wp-content\/themes\/vallonic-ranqer\/dist\/images\/vallonic__ranqer-com__icons__arrow-right__orange_143c2b49.svg\" loading=\"lazy\" alt=\"\" class=\"dealers__single__arrow-right\">\n                            <\/div>\n                        <\/a>\n                    <\/div>\n                            <\/div>\n                                    <div class=\"dealers__cta-grid\">\n                <div class=\"dealers__cta-column\">\n                    <h3 class=\"generic-typography__sub-title bottom--15 top--0\">\n                        Participa en nuestra red de distribuidores\n                    <\/h3>\n                    <p class=\"generic-typography__paragraph\">\n                        Si est\u00e1s interesado en convertirte en uno de nuestros distribuidores, rellena el Formulario de oportunidad de negocio\n                    <\/p>\n                                            <a href=\"\/es\/participa-en-nuestra-red-de-distribuidores\/\" class=\"dealers__button\">\n                            Convi\u00e9rtete en vendedor de Ranqer\n                        <\/a>\n                                    <\/div>\n            <\/div>\n            <\/div>\n<\/div>\n","protected":false},"excerpt":{"rendered":"<p>.<\/p>\n","protected":false},"author":7,"featured_media":0,"parent":0,"menu_order":0,"comment_status":"closed","ping_status":"closed","template":"","meta":{"footnotes":""},"categories":[],"tags":[],"class_list":["post-16165","page","type-page","status-publish","hentry"],"_links":{"self":[{"href":"https:\/\/www.ranqer.com\/es\/wp-json\/wp\/v2\/pages\/16165","targetHints":{"allow":["GET"]}}],"collection":[{"href":"https:\/\/www.ranqer.com\/es\/wp-json\/wp\/v2\/pages"}],"about":[{"href":"https:\/\/www.ranqer.com\/es\/wp-json\/wp\/v2\/types\/page"}],"author":[{"embeddable":true,"href":"https:\/\/www.ranqer.com\/es\/wp-json\/wp\/v2\/users\/7"}],"replies":[{"embeddable":true,"href":"https:\/\/www.ranqer.com\/es\/wp-json\/wp\/v2\/comments?post=16165"}],"version-history":[{"count":10,"href":"https:\/\/www.ranqer.com\/es\/wp-json\/wp\/v2\/pages\/16165\/revisions"}],"predecessor-version":[{"id":16178,"href":"https:\/\/www.ranqer.com\/es\/wp-json\/wp\/v2\/pages\/16165\/revisions\/16178"}],"wp:attachment":[{"href":"https:\/\/www.ranqer.com\/es\/wp-json\/wp\/v2\/media?parent=16165"}],"wp:term":[{"taxonomy":"category","embeddable":true,"href":"https:\/\/www.ranqer.com\/es\/wp-json\/wp\/v2\/categories?post=16165"},{"taxonomy":"post_tag","embeddable":true,"href":"https:\/\/www.ranqer.com\/es\/wp-json\/wp\/v2\/tags?post=16165"}],"curies":[{"name":"wp","href":"https:\/\/api.w.org\/{rel}","templated":true}]}}