{"id":16118,"date":"2024-04-25T12:33:21","date_gmt":"2024-04-25T10:33:21","guid":{"rendered":"https:\/\/www.ranqer.com\/?page_id=16118"},"modified":"2024-04-30T10:51:20","modified_gmt":"2024-04-30T08:51:20","slug":"ranqer-brazo-monitor-single-pro-rgb-led","status":"publish","type":"page","link":"https:\/\/www.ranqer.com\/es\/ranqer-brazo-monitor-single-pro-rgb-led\/","title":{"rendered":"Ranqer Single Monitor Arm Pro RGB"},"content":{"rendered":"<div class=\"section--product-highlight wf-section\">\n    <div class=\"container w-container\">\n      <div class=\"product-highlight__grid\">\n        <div class=\"product-highlight__column\">\n          <div class=\"product-highlight__image-wrapper\">\n              <img decoding=\"async\" src=\"https:\/\/www.ranqer.com\/wp-content\/uploads\/2024\/02\/RANQER-SINGLE-ARM-RGB-White.png\" loading=\"lazy\" sizes=\"100vw\" alt=\"Ranqer Brazo Monitor Single Pro RGB \" class=\"product-highlight__img\">\n                                <img decoding=\"async\" src=\"https:\/\/www.ranqer.com\/wp-content\/themes\/vallonic-ranqer\/dist\/images\/vallonic__ranqer-com__product-highlight__backdrop-single-color2x_fceffc2a.png\" loading=\"lazy\" sizes=\"100vw\" alt=\"\" class=\"product-highlight__background\">\n                        <\/div>\n        <\/div>\n        <div class=\"product-highlight__column\">\n          <div class=\"product-highlight__details\">\n            <h2 class=\"product-highlight__h2\">\n                                                                BRAZO DE MONITOR <span class=\"product-highlight__h2__orange\">RGB<\/span> LLAMATIVO\n            <\/h2>\n            <h1 class=\"product-highlight__h1\">\n                Ranqer Brazo Monitor Single Pro RGB \n            <\/h1>\n            <p class=\"product-highlight__desc\">\n                Te presentamos el Ranqer Single Arm Pro RGB, un complemento de vanguardia para tu configuraci\u00f3n con su dise\u00f1o futurista y sus luces RGB personalizables. Este innovador brazo para monitor no s\u00f3lo ofrece una capacidad de ajuste sin igual, sino que tambi\u00e9n a\u00f1ade un toque de estilo moderno a tu espacio de trabajo. Con el Ranqer Single Arm Pro RGB, puedes personalizar sin esfuerzo la colocaci\u00f3n de tu monitor a tu posici\u00f3n ergon\u00f3mica preferida, gracias a su dise\u00f1o intuitivo y a sus instrucciones f\u00e1ciles de seguir. Tanto si est\u00e1s inmerso en intensas batallas de gaming como si te enfrentas a las tareas diarias, experimenta la comodidad ergon\u00f3mica como nunca antes. Desp\u00eddete de la tensi\u00f3n en el cuello y da la bienvenida a una mayor productividad con el Ranqer Single Arm Pro RGB.\n            <\/p>\n            <a href=\"#\" data-scroll=\"section--dealers\" class=\"product-highlight__button\">\n                Shop Online\n            <\/a>\n            <div class=\"product-highlight__actions\">\n                                <a\n                      class=\"product-highlight__single-action\"\n                      href=\"#\"\n                      data-scroll=\"detail-shots__section\"\n                  >\n                      Descubre m\u00e1s \u2192\n                  <\/a>\n                            \n            <\/div>\n          <\/div>\n        <\/div>\n      <\/div>\n    <\/div>\n                        <div class=\"product-highlight__variations-wrapper\">\n            <div class=\"product-highlight__variations-inner\">\n                <h2 class=\"product-highlight__h2\">\n                                                                                Variaciones de color\n                <\/h2>\n                                    <div class=\"product-highlight__variations\">\n                        \n                        <div class=\"product-highlight__variations__single\">\n                            <img decoding=\"async\" src=\"https:\/\/www.ranqer.com\/wp-content\/uploads\/2024\/02\/RANQER-SINGLE-ARM-RGB-White.png\" loading=\"lazy\" alt=\"\" class=\"product-highlight__variations__img\">\n                        <\/div>\n\n                        \n                                                  <div class=\"product-highlight__variations__single\">\n                              <img decoding=\"async\" src=\"https:\/\/www.ranqer.com\/wp-content\/uploads\/2024\/02\/RANQER-SINGLE-ARM-RGB-Space-Grey-1.png\" loading=\"lazy\" alt=\"\" class=\"product-highlight__variations__img\">\n                          <\/div>\n                                            <\/div>\n                                <div class=\"product-highlight__variations__hint-wrapper\">\n                    <img decoding=\"async\" src=\"https:\/\/www.ranqer.com\/wp-content\/themes\/vallonic-ranqer\/dist\/images\/vallonic__ranqer-com__icons__cursor-pointer__88bec8_d23ff121.svg\" loading=\"lazy\" alt=\"\" class=\"product-highlight__variations__hint-icon\">\n                    <div class=\"product-highlight__variations__hint\">\n                        Haga clic para ampliar\n                    <\/div>\n                <\/div>\n            <\/div>\n        <\/div>\n    \n    <img decoding=\"async\" src=\"https:\/\/www.ranqer.com\/wp-content\/themes\/vallonic-ranqer\/dist\/images\/vallonic__ranqer-com__product-highlight__decorative-elements_7b623bd8.svg\" loading=\"lazy\" alt=\"\" class=\"product-highlight__decoration\">\n<\/div>\n\n\n<div class=\"section--detail-shots wf-section\">\n    <div class=\"container w-container\">\n        <h2 class=\"generic-typography__section-title\">\n                                                LA CALIDAD\u00a0<span class=\"collection__title__orange\">PROMETIDA POR RANQER<\/span>\n        <\/h2>\n    <\/div>\n                                    \n\n              <div class=\"detail-shots__section is--first\">\n                  <div class=\"detail-shots__image-column\">\n                      <img decoding=\"async\" src=\"https:\/\/www.ranqer.com\/wp-content\/uploads\/2024\/04\/ranqer_monitor_arm_pro_rgb_single_white_6.jpg\" loading=\"lazy\" alt=\"\" class=\"detail-shots__single-image\">\n                  <\/div>\n                  <div class=\"detail-shots__desc-column is--right\">\n                      <div class=\"detail-shots__desc-column__inner is--right\">\n                          <h3 class=\"detail-shots__desc-title\">\n                              DISE\u00d1O EST\u00c9TICO\n                          <\/h3>\n                          <h4 class=\"generic-typography__sub-title bottom--15 top--0\">\n                              Mejora tu espacio de trabajo\n                          <\/h4>\n                          <p class=\"generic-typography__paragraph\">\n                              El Ranqer Brazo Monitor Single Pro RGB encarna la durabilidad en su m\u00e1xima expresi\u00f3n, con un dise\u00f1o robusto meticulosamente elaborado para soportar los rigores del uso diario. Fabricado con materiales de primera calidad y construcci\u00f3n de precisi\u00f3n.\n                          <\/p>\n                      <\/div>\n                  <\/div>\n              <\/div>\n                                                            <div class=\"detail-shots__section \">\n                    <div class=\"detail-shots__desc-column is--left\">\n                        <div class=\"detail-shots__desc-column__inner is--left\">\n                            <h3 class=\"detail-shots__desc-title\">\n                                AJUSTABLE\n                            <\/h3>\n                            <h4 class=\"generic-typography__sub-title bottom--15 top--0\">\n                                Coloca tu monitor en diferentes \u00e1ngulos de visi\u00f3n\n                            <\/h4>\n                            <p class=\"generic-typography__paragraph\">\n                                Explore la inigualable adaptabilidad del brazo para monitor Ranqer Pro RGB para revolucionar tu espacio de trabajo. Meticulosamente dise\u00f1ado, este brazo para monitor ofrece opciones de ajuste de altura a medida, lo que le permitir\u00e1 subir o bajar la pantalla sin esfuerzo para satisfacer tus preferencias precisas de nivel de los ojos. Su avanzada funcionalidad de inclinaci\u00f3n proporciona un control sin precedentes, lo que te permitir\u00e1 inclinar el monitor con delicadeza para una comodidad de visualizaci\u00f3n suprema, mitigando la tensi\u00f3n del cuello y aumentando la productividad.\n                            <\/p>\n                        <\/div>\n                    <\/div>\n                    <div class=\"detail-shots__image-column\">\n                        <img decoding=\"async\" src=\"https:\/\/www.ranqer.com\/wp-content\/uploads\/2024\/04\/ranqer_monitor_arm_pro_rgb_single_white_7.jpg\" loading=\"lazy\" alt=\"\" class=\"detail-shots__single-image\">\n                    <\/div>\n                <\/div>\n                                            \n\n              <div class=\"detail-shots__section \">\n                  <div class=\"detail-shots__image-column\">\n                      <img decoding=\"async\" src=\"https:\/\/www.ranqer.com\/wp-content\/uploads\/2024\/04\/ranqer_monitor_arm_pro_rgb_single_white_5.jpg\" loading=\"lazy\" alt=\"\" class=\"detail-shots__single-image\">\n                  <\/div>\n                  <div class=\"detail-shots__desc-column is--right\">\n                      <div class=\"detail-shots__desc-column__inner is--right\">\n                          <h3 class=\"detail-shots__desc-title\">\n                              Iluminaci\u00f3n RGB integrada\n                          <\/h3>\n                          <h4 class=\"generic-typography__sub-title bottom--15 top--0\">\n                              Ilumina tu escritorio\n                          <\/h4>\n                          <p class=\"generic-typography__paragraph\">\n                              Con opciones de iluminaci\u00f3n RGB personalizables, puedes adaptar el ambiente a tu estado de \u00e1nimo o preferencias est\u00e9ticas. Tanto si trabajas hasta altas horas de la noche, como si juegas o simplemente quieres mejorar el ambiente de tu espacio de trabajo, la iluminaci\u00f3n RGB del brazo para monitor Ranqer es la soluci\u00f3n perfecta.\n                          <\/p>\n                      <\/div>\n                  <\/div>\n              <\/div>\n                        <\/div>\n\n\n<div class=\"section--double-p wf-section\">\n    <div class=\"container w-container\">\n        <div class=\"double-p__title-wrapper\">\n                            <h2 class=\"double-p__main-title is--large\">\n                                        REDEFINIR EL CONFORT Y <strong class=\"double-p__main-title__orange\">LA PRODUCTIVIDAD<\/strong>\n                <\/h2>\n\n                <h3 class=\"double-p__main-title is--sub\">\n                                        BRAZO MONITOR SINGLE PRO <strong class=\"double-p__main-title__orange\">ERGON\u00d3MICO<\/strong>\n                <\/h3>\n                    <\/div>\n                    <div class=\"double-p__grid\">\n                                    <div class=\"double-p__block\">\n                        <h3 class=\"generic-typography__sub-title bottom--15 top--0\">Para el jugador persistente <\/h3>\n                                                    <p class=\"generic-typography__paragraph\">\n                                <p class=\"p1\">Tanto si trabajas en una oficina abierta, desde tu casa o en un despacho privado, los brazos para monitor Ranqer est\u00e1n dise\u00f1ados para tener un aspecto profesional y proporcionar comodidad. Moderno, elegante y asequible: tres palabras que describen a la perfecci\u00f3n el brazo para un monitor Ranqer. Si quieres parecer un jugador profesional o decorar tu oficina, encontrar\u00e1s un brazo de monitor adecuado para ti. Adem\u00e1s del incre\u00edble soporte que proporcionan, los brazos para monitor Ranqer tienen un aspecto moderno y atemporal.<\/p>\n\n                            <\/p>\n                                            <\/div>\n                                    <div class=\"double-p__block\">\n                        <h3 class=\"generic-typography__sub-title bottom--15 top--0\"><\/h3>\n                                                    <p class=\"generic-typography__paragraph\">\n                                <p class=\"p1\">El brazo para monitor Ranqer es un aut\u00e9ntico multitarea en tu espacio de trabajo. Gracias a su versatilidad, se adapta sin esfuerzo a tus necesidades. Tanto si prefieres una sola pantalla para una configuraci\u00f3n racionalizada como si prefieres varias pantallas para obtener la m\u00e1xima productividad, el brazo para monitor Ranqer te ofrece la flexibilidad que necesitas. Ajustable en altura, inclinaci\u00f3n y rotaci\u00f3n, ofrece infinitas posibilidades para colocar tus pantallas exactamente como deseas. Experimenta la libertad de personalizar tu espacio de trabajo con el brazo para monitor Ranqer.<\/p>\n\n                            <\/p>\n                                            <\/div>\n                            <\/div>\n            <\/div>\n<\/div>\n\n\n<div class=\"section--selling-points  wf-section\">\n    <div class=\"container w-container\">\n                                <div class=\"selling-points__title\">\n                            <h2 class=\"generic-typography__section-title\">\n                    NUESTROS <span class=\"collection__title__orange\">PUNTOS FUERTES<\/span>\n                <\/h2>\n                    <\/div>\n        <div class=\"selling-points__grid\">\n                                                <div class=\"selling-points__single\">\n                        <div class=\"selling-points__single__inner\">\n                            <div class=\"selling-points__single__text\">\n                                Gran ergonom\u00eda\n                            <\/div>\n                            <div class=\"selling-points__single__icon-wrapper\">\n                                <img decoding=\"async\" src=\"https:\/\/www.ranqer.com\/wp-content\/themes\/vallonic-ranqer\/dist\/images\/vallonic__ranqer-com__icons__ergonomic__orange_46a0c9d8.svg\" loading=\"lazy\" width=\"21\" alt=\"\" class=\"selling-points__single__icon\">\n                            <\/div>\n                        <\/div>\n                    <\/div>\n                                    <div class=\"selling-points__single\">\n                        <div class=\"selling-points__single__inner\">\n                            <div class=\"selling-points__single__text\">\n                                Inspirado por las carreras\n                            <\/div>\n                            <div class=\"selling-points__single__icon-wrapper\">\n                                <img decoding=\"async\" src=\"https:\/\/www.ranqer.com\/wp-content\/themes\/vallonic-ranqer\/dist\/images\/vallonic__ranqer-com__icons__racing__orange_7c54f02f.svg\" loading=\"lazy\" width=\"21\" alt=\"\" class=\"selling-points__single__icon\">\n                            <\/div>\n                        <\/div>\n                    <\/div>\n                                    <div class=\"selling-points__single\">\n                        <div class=\"selling-points__single__inner\">\n                            <div class=\"selling-points__single__text\">\n                                Dise\u00f1o holand\u00e9s\n                            <\/div>\n                            <div class=\"selling-points__single__icon-wrapper\">\n                                <img decoding=\"async\" src=\"https:\/\/www.ranqer.com\/wp-content\/themes\/vallonic-ranqer\/dist\/images\/vallonic__ranqer-com__icons__design__orange_5cb9e4bc.svg\" loading=\"lazy\" width=\"21\" alt=\"\" class=\"selling-points__single__icon\">\n                            <\/div>\n                        <\/div>\n                    <\/div>\n                                    <\/div>\n                            <div class=\"selling-points__cta-wrapper\">\n                <a\n                    href=\"#\"\n                    data-scroll=\"section--dealers\"\n                    class=\"selling-points__cta\"\n                >\n                    Compra Ahora\n                <\/a>\n            <\/div>\n            <\/div>\n<\/div>\n\n\n<div class=\"section--dealers wf-section\" id=\"dealers\">\n    <div class=\"container w-container\">\n        <div class=\"dealers__description-grid\">\n            <div class=\"dealers__desc-column\">\n                <h2 class=\"generic-typography__section-title\">\n                                                                                nuestros <span class=\"collection__title__orange\">socios<\/span>\n                <\/h2>\n                <h3 class=\"generic-typography__sub-title bottom--15\">\n                    Compra Ahora\n                <\/h3>\n                <p class=\"generic-typography__paragraph\">\n                    Gran comodidad y gran dise\u00f1o. Brazos para monitor Ranqer ya disponibles. Eleva tu configuraci\u00f3n de gaming eligiendo uno de los lujosos brazos para monitor.\n                <\/p>\n            <\/div>\n        <\/div>\n                    <div class=\"dealers__grid\">\n                                    <div class=\"dealers__single-dealer\">\n                        <a href=\"https:\/\/www.sbsupply.es\/ranqer-soporte-de-monitor-rgb-single-blanco\" class=\"dealers__single__a w-inline-block\" target=\"_blank\" rel=\"noopener\">\n                            <img decoding=\"async\" src=\"https:\/\/www.ranqer.com\/wp-content\/uploads\/2021\/09\/sbsupply-logo-500x1000-1.png\" loading=\"lazy\" alt=\"\" class=\"dealers__single__logo-img\">\n                            <div class=\"dealers__single__details\">\n                                                            <div class=\"dealers__single__countries\">\n                                                                                                          <div class=\"dealers__single__countries__single\">Espa\u00f1a<\/div>\n                                                                <\/div>\n                              <img decoding=\"async\" src=\"https:\/\/www.ranqer.com\/wp-content\/themes\/vallonic-ranqer\/dist\/images\/vallonic__ranqer-com__icons__arrow-right__orange_143c2b49.svg\" loading=\"lazy\" alt=\"\" class=\"dealers__single__arrow-right\">\n                            <\/div>\n                        <\/a>\n                    <\/div>\n                                    <div class=\"dealers__single-dealer\">\n                        <a href=\"https:\/\/www.amazon.es\/Ranqer-Soporte-Monitor-Single-blanco\/dp\/B0CSG5XGZT\/ref=sr_1_1?__mk_es_ES=%C3%85M%C3%85%C5%BD%C3%95%C3%91&amp;crid=3H8YSJ4NGLB3C&amp;dib=eyJ2IjoiMSJ9._Ch7HMrJlLG0qK9nLzBmnA.xEVxUjREu5RPAc8HiD7HuNQWhEbWktIcEdTCrz0xgEs&amp;dib_tag=se&amp;keywords=8720598690804&amp;qid=1714041148&amp;sprefix=8720598690804%2Caps%2C137&amp;sr=8-1\" class=\"dealers__single__a w-inline-block\" target=\"_blank\" rel=\"noopener\">\n                            <img decoding=\"async\" src=\"https:\/\/www.ranqer.com\/wp-content\/uploads\/2021\/09\/vallonic__ranqer-com__dealers__amazon2x.png\" loading=\"lazy\" alt=\"\" class=\"dealers__single__logo-img\">\n                            <div class=\"dealers__single__details\">\n                                                            <div class=\"dealers__single__countries\">\n                                                                                                          <div class=\"dealers__single__countries__single\">Espa\u00f1a<\/div>\n                                                                <\/div>\n                              <img decoding=\"async\" src=\"https:\/\/www.ranqer.com\/wp-content\/themes\/vallonic-ranqer\/dist\/images\/vallonic__ranqer-com__icons__arrow-right__orange_143c2b49.svg\" loading=\"lazy\" alt=\"\" class=\"dealers__single__arrow-right\">\n                            <\/div>\n                        <\/a>\n                    <\/div>\n                            <\/div>\n                            <\/div>\n<\/div>\n\n\n<div class=\"section--product-downloads bottom--0 wf-section\">\n    <div class=\"container w-container\">\n        <div class=\"product-downloads__grid\">\n            <div class=\"product-downloads__column\">\n                <h2 class=\"generic-typography__section-title\">\n                                        HOJA DE PRODUCTO\n                <\/h2>\n                <h3 class=\"generic-typography__sub-title bottom--15\">\n                    Especificaciones\n                <\/h3>\n                <p class=\"generic-typography__paragraph\">\n                    <p>Adecuado para pantallas de: 27\u00ab-45\u00bb.<\/p>\n<p>Apto para pantalla curva: S\u00ed<\/p>\n<p>Peso m\u00e1ximo (por pantalla): 2~14kg (12kg pantalla curva)<\/p>\n<p>Compatible con VESA: 75&#215;75, 100&#215;100<\/p>\n<p>Rango de inclinaci\u00f3n: +40\u00b0~-40\u00b0<\/p>\n<p>Rango de rotaci\u00f3n: +90\u00b0~-90\u00b0<\/p>\n<p>Rotaci\u00f3n de la pantalla: +180\u00b0~-180\u00b0<\/p>\n<p>Brazo totalmente extendido 477 mm<\/p>\n\n                <\/p>\n                <div class=\"product-downloads__actions-grid\">\n                                    <\/div>\n            <\/div>\n            <div class=\"product-downloads__column\">\n                <div class=\"product-downloads__decoration-wrapper\">\n                    <img decoding=\"async\" src=\"https:\/\/www.ranqer.com\/wp-content\/uploads\/2024\/04\/vallonic__ranqer-com__logo__full-orange_b536aaf5-1.png\" loading=\"lazy\" alt=\"\" class=\"product-downloads__decoration-img\">\n                <\/div>\n            <\/div>\n        <\/div>\n    <\/div>\n<\/div>\n","protected":false},"excerpt":{"rendered":"","protected":false},"author":7,"featured_media":0,"parent":0,"menu_order":0,"comment_status":"closed","ping_status":"closed","template":"","meta":{"footnotes":""},"categories":[],"tags":[],"class_list":["post-16118","page","type-page","status-publish","hentry"],"_links":{"self":[{"href":"https:\/\/www.ranqer.com\/es\/wp-json\/wp\/v2\/pages\/16118","targetHints":{"allow":["GET"]}}],"collection":[{"href":"https:\/\/www.ranqer.com\/es\/wp-json\/wp\/v2\/pages"}],"about":[{"href":"https:\/\/www.ranqer.com\/es\/wp-json\/wp\/v2\/types\/page"}],"author":[{"embeddable":true,"href":"https:\/\/www.ranqer.com\/es\/wp-json\/wp\/v2\/users\/7"}],"replies":[{"embeddable":true,"href":"https:\/\/www.ranqer.com\/es\/wp-json\/wp\/v2\/comments?post=16118"}],"version-history":[{"count":11,"href":"https:\/\/www.ranqer.com\/es\/wp-json\/wp\/v2\/pages\/16118\/revisions"}],"predecessor-version":[{"id":16921,"href":"https:\/\/www.ranqer.com\/es\/wp-json\/wp\/v2\/pages\/16118\/revisions\/16921"}],"wp:attachment":[{"href":"https:\/\/www.ranqer.com\/es\/wp-json\/wp\/v2\/media?parent=16118"}],"wp:term":[{"taxonomy":"category","embeddable":true,"href":"https:\/\/www.ranqer.com\/es\/wp-json\/wp\/v2\/categories?post=16118"},{"taxonomy":"post_tag","embeddable":true,"href":"https:\/\/www.ranqer.com\/es\/wp-json\/wp\/v2\/tags?post=16118"}],"curies":[{"name":"wp","href":"https:\/\/api.w.org\/{rel}","templated":true}]}}